{"id":14802,"date":"2023-01-25T10:44:48","date_gmt":"2023-01-25T09:44:48","guid":{"rendered":"https:\/\/bolting.eu\/?post_type=product&#038;p=14802"},"modified":"2025-05-21T18:38:08","modified_gmt":"2025-05-21T16:38:08","slug":"edelrid-axiom-karabiner-mit-umlenkrolle","status":"publish","type":"product","link":"https:\/\/bolting.eu\/en\/shop\/edelrid-axiom-karabiner-mit-umlenkrolle\/","title":{"rendered":"Edelrid Axiom Karabiner mit Umlenkrolle"},"content":{"rendered":"<p>Der Edelrid Axiom ist ein Karabiner mit Umlenkrolle. D.h. er ist ideal f\u00fcr alle T\u00e4tigkeiten, wo man ein Seil ohne gro\u00dfe Reibungsverluste umlenken m\u00f6chte.<\/p>\n<p>Wie z.B. beim Jumaren mit einer Steigklemme &#8211; <a href=\"https:\/\/bolting.eu\/shop\/petzl-grigri-2\/\">GriGri<\/a> Kombo. Oder bei der Spaltenbergung bzw. Flaschenz\u00fcgen.<\/p>\n<p>Dieses Modell ist mit einem Schnapper ausgestattet. Somit passt es auch durch sehr kleine \u00d6sen.<\/p>\n<p>Wer viel mit Steigklemmen arbeitet oder <a href=\"https:\/\/bolting.eu\/produkt-kategorie\/bergsteiger-ausruestung\/spaltenbergung\/\">Spaltenbergung<\/a> macht, ist folglich bei diesem Karabinermodell ganz richtig!<\/p>\n<h2>Eigenschaften Edelrid Axiom<\/h2>\n<ul>\n<li>Hersteller: <a href=\"https:\/\/bolting.eu\/produkt-kategorie\/edelrid\/\">Edelrid<\/a><\/li>\n<li>Material: Aluminium eloxiert \u2013 Edelstahl<\/li>\n<li>Farbe: icemint<\/li>\n<li>EN Norm <a href=\"https:\/\/bolting.eu\/en-12275-norm\/\">12275<\/a> bzw. UIAA 121<\/li>\n<li>Verschluss: gerader Schnapper<\/li>\n<li>Bruchlasten 22kN l\u00e4ngs \/ 8kN offen \/ 7 kN Querachse<\/li>\n<li>Gr\u00f6\u00dfe 114 x 58mm<\/li>\n<li>Schnapper\u00f6ffnung: 15mm<\/li>\n<li>Gewicht: 66 Gramm<\/li>\n<li>Seilrolle aus Alu im Scheitel<\/li>\n<li>Wirkungsgrad 86%<\/li>\n<li>Made in Taiwan<\/li>\n<li><a href=\"https:\/\/edelrid.com\/eu-de\/professional\/verbindungselemente\/axiom#:~:text=Gebrauchsanleitung%20Axiom\" target=\"_blank\" rel=\"noopener\">Gebrauchsanleitung<\/a><\/li>\n<\/ul>\n<h3>Ideal zum Jumaren<\/h3>\n<p>Der Karabiner mit Umlenkrolle ist perfekt, um mit einer Steigklemme &#8211; GriGri Kombo\u00a0 am Kletterseil aufzusteigen. Denn man kann ihn durch die gro\u00dfe \u00d6se der Klemme f\u00e4deln, weil er einen normalen Schnappverschluss hat.<\/p>\n<p>Dort legt man das Seil dann vom GriGri kommend ein. So kann man sich an der Steigklemme (ggf. mit Fu\u00dfschlaufe) hochziehen und mit der anderen Hand das Seil via dem Edelrid Axiom einziehen.<\/p>\n<h3>F\u00fcr Spaltenbergung<\/h3>\n<p>Wer mit der &#8220;losen Rolle&#8221; bei der Spaltenbergung arbeitet, wird eine Freude mit diesem Karabiner haben.<\/p>\n<p>Deshalb haben viele Bergsteiger einen solchen Karabiner wie den Axiom dabei. Er hilft in der Spalte die Umlenkung f\u00fcr die anderen Bergsteiger, oberhalb der Spalte zu errichten.<\/p>\n<h3>Edelrid Axiom im alpinen Gel\u00e4nde<\/h3>\n<p>Der Karabiner mit Umlenkrolle ist auch im alpinen Gel\u00e4nde enorm hilfreich.<\/p>\n<p>Denn zum einen kann man mit ihm und einem <a href=\"https:\/\/bolting.eu\/kurzprusik\/\">Prusik<\/a> umgehend einen Flaschenzug bauen. Und zu anderen kann man beim Klettern mit Einfachseil die Seilreibung verringern.<\/p>\n<p>Hierzu haben findige Kletterer meist 1-2 Stk. spezielle, <a href=\"https:\/\/bolting.eu\/verlaengerbare-expressschlinge\/\">verl\u00e4ngerbare Expressen<\/a> mit. Diese haben dann n\u00e4mlich einen solchen Karabiner f\u00fcr das seilseitige Ende. Gibt es in der Linienf\u00fchrung ein &#8220;Eck&#8221;, dann sind genau dort diese Schlingen perfekt eingesetzt. Denn dann verringern sie eben ganz enorm die Seilreibung.<\/p>\n","protected":false},"excerpt":{"rendered":"<p>Karabiner mit integrierter Umlenkrolle. Sehr klein und leicht mit nur 66 Gramm.<\/p>\n<p>Durch den geraden Schnapper kann er in sehr kleine \u00d6sen, wie z.B. Steigklemmen eingeh\u00e4ngt werden.<\/p>\n<div class=\"product-short-description\">\n<p>Versandkostenfrei bis 2kg n <img decoding=\"async\" class=\"emoji\" role=\"img\" draggable=\"false\" src=\"https:\/\/s.w.org\/images\/core\/emoji\/13.1.0\/svg\/1f1e6-1f1f9.svg\" alt=\"\ud83c\udde6\ud83c\uddf9\" \/> ab \u20ac 100,- und <img decoding=\"async\" class=\"emoji\" role=\"img\" draggable=\"false\" src=\"https:\/\/s.w.org\/images\/core\/emoji\/13.1.0\/svg\/1f1e9-1f1ea.svg\" alt=\"\ud83c\udde9\ud83c\uddea\" \/> ab \u20ac 200,-!<\/p>\n<\/div>\n","protected":false},"featured_media":14808,"comment_status":"closed","ping_status":"closed","template":"","meta":[],"product_brand":[],"product_cat":[29,44,3004,4655,11051,13938],"product_tag":[],"class_list":{"0":"post-14802","1":"product","2":"type-product","3":"status-publish","4":"has-post-thumbnail","6":"product_cat-kletterausruestung","7":"product_cat-kletterkarabiner","8":"product_cat-schnappkarabiner","9":"product_cat-edelrid","10":"product_cat-spaltenbergung","11":"product_cat-bergsteiger-ausruestung","13":"first","14":"instock","15":"taxable","16":"shipping-taxable","17":"purchasable","18":"product-type-simple"},"yoast_head":"<!-- This site is optimized with the Yoast SEO Premium plugin v26.9 (Yoast SEO v26.9) - https:\/\/yoast.com\/product\/yoast-seo-premium-wordpress\/ -->\n<title>Edelrid Axiom Karabiner mit Umlenkrolle | bolting.eu<\/title>\n<meta name=\"description\" content=\"Edelrid Axiom - Karabiner mit Umlenkrolle beim Kletterprofi kaufen \u2705 kostenloser Versand* \u2705 14 Tage R\u00fcckgaberecht \u2705 Co2 neutraler Versand\" \/>\n<meta name=\"robots\" content=\"index, follow, max-snippet:-1, max-image-preview:large, max-video-preview:-1\" \/>\n<link rel=\"canonical\" href=\"https:\/\/bolting.eu\/en\/shop\/edelrid-axiom-karabiner-mit-umlenkrolle\/\" \/>\n<meta property=\"og:locale\" content=\"en_US\" \/>\n<meta property=\"og:type\" content=\"article\" \/>\n<meta property=\"og:title\" content=\"Edelrid Axiom Karabiner mit Umlenkrolle\" \/>\n<meta property=\"og:description\" content=\"Edelrid Axiom - Karabiner mit Umlenkrolle beim Kletterprofi kaufen \u2705 kostenloser Versand* \u2705 14 Tage R\u00fcckgaberecht \u2705 Co2 neutraler Versand\" \/>\n<meta property=\"og:url\" content=\"https:\/\/bolting.eu\/en\/shop\/edelrid-axiom-karabiner-mit-umlenkrolle\/\" \/>\n<meta property=\"og:site_name\" content=\"bolting.eu\" \/>\n<meta property=\"article:publisher\" content=\"https:\/\/www.facebook.com\/bolting.eu\" \/>\n<meta property=\"article:modified_time\" content=\"2025-05-21T16:38:08+00:00\" \/>\n<meta property=\"og:image\" content=\"https:\/\/bolting.eu\/wp-content\/uploads\/2023\/01\/Edelrid-Axiom-1.jpg\" \/>\n\t<meta property=\"og:image:width\" content=\"700\" \/>\n\t<meta property=\"og:image:height\" content=\"700\" \/>\n\t<meta property=\"og:image:type\" content=\"image\/jpeg\" \/>\n<meta name=\"twitter:card\" content=\"summary_large_image\" \/>\n<meta name=\"twitter:label1\" content=\"Price\" \/>\n\t<meta name=\"twitter:data1\" content=\"&euro;&nbsp;33,00\" \/>\n\t<meta name=\"twitter:label2\" content=\"Availability\" \/>\n\t<meta name=\"twitter:data2\" content=\"In stock\" \/>\n<script type=\"application\/ld+json\" class=\"yoast-schema-graph\">{\"@context\":\"https:\/\/schema.org\",\"@graph\":[{\"@type\":[\"WebPage\",\"ItemPage\"],\"@id\":\"https:\/\/bolting.eu\/en\/shop\/edelrid-axiom-karabiner-mit-umlenkrolle\/\",\"url\":\"https:\/\/bolting.eu\/en\/shop\/edelrid-axiom-karabiner-mit-umlenkrolle\/\",\"name\":\"Edelrid Axiom Karabiner mit Umlenkrolle | bolting.eu\",\"isPartOf\":{\"@id\":\"https:\/\/bolting.eu\/en\/#website\"},\"primaryImageOfPage\":{\"@id\":\"https:\/\/bolting.eu\/en\/shop\/edelrid-axiom-karabiner-mit-umlenkrolle\/#primaryimage\"},\"image\":{\"@id\":\"https:\/\/bolting.eu\/en\/shop\/edelrid-axiom-karabiner-mit-umlenkrolle\/#primaryimage\"},\"thumbnailUrl\":\"https:\/\/bolting.eu\/wp-content\/uploads\/2023\/01\/Edelrid-Axiom-1.jpg\",\"datePublished\":\"2023-01-25T09:44:48+00:00\",\"dateModified\":\"2025-05-21T16:38:08+00:00\",\"description\":\"Edelrid Axiom - Karabiner mit Umlenkrolle beim Kletterprofi kaufen \u2705 kostenloser Versand* \u2705 14 Tage R\u00fcckgaberecht \u2705 Co2 neutraler Versand\",\"breadcrumb\":{\"@id\":\"https:\/\/bolting.eu\/en\/shop\/edelrid-axiom-karabiner-mit-umlenkrolle\/#breadcrumb\"},\"inLanguage\":\"en-US\",\"potentialAction\":[{\"@type\":\"ReadAction\",\"target\":[\"https:\/\/bolting.eu\/en\/shop\/edelrid-axiom-karabiner-mit-umlenkrolle\/\"]}]},{\"@type\":\"ImageObject\",\"inLanguage\":\"en-US\",\"@id\":\"https:\/\/bolting.eu\/en\/shop\/edelrid-axiom-karabiner-mit-umlenkrolle\/#primaryimage\",\"url\":\"https:\/\/bolting.eu\/wp-content\/uploads\/2023\/01\/Edelrid-Axiom-1.jpg\",\"contentUrl\":\"https:\/\/bolting.eu\/wp-content\/uploads\/2023\/01\/Edelrid-Axiom-1.jpg\",\"width\":700,\"height\":700,\"caption\":\"Mintfarbener Edelrid Axiom Karabiner mit Umlenkrolle.\"},{\"@type\":\"BreadcrumbList\",\"@id\":\"https:\/\/bolting.eu\/en\/shop\/edelrid-axiom-karabiner-mit-umlenkrolle\/#breadcrumb\",\"itemListElement\":[{\"@type\":\"ListItem\",\"position\":1,\"name\":\"Shop\",\"item\":\"https:\/\/bolting.eu\/en\/shop\/\"},{\"@type\":\"ListItem\",\"position\":2,\"name\":\"climbing equipment\",\"item\":\"https:\/\/bolting.eu\/en\/produkt-kategorie\/climbing-equipment\/\"},{\"@type\":\"ListItem\",\"position\":3,\"name\":\"Climbing carabiner\",\"item\":\"https:\/\/bolting.eu\/en\/produkt-kategorie\/climbing-carabiner\/\"},{\"@type\":\"ListItem\",\"position\":4,\"name\":\"snapgate carabiner\",\"item\":\"https:\/\/bolting.eu\/en\/produkt-kategorie\/snapgate-carabiner\/\"},{\"@type\":\"ListItem\",\"position\":5,\"name\":\"Edelrid Axiom Karabiner mit Umlenkrolle\"}]},{\"@type\":\"WebSite\",\"@id\":\"https:\/\/bolting.eu\/en\/#website\",\"url\":\"https:\/\/bolting.eu\/en\/\",\"name\":\"bolting.eu\",\"description\":\"we make climbs happen\",\"publisher\":{\"@id\":\"https:\/\/bolting.eu\/en\/#organization\"},\"potentialAction\":[{\"@type\":\"SearchAction\",\"target\":{\"@type\":\"EntryPoint\",\"urlTemplate\":\"https:\/\/bolting.eu\/en\/?s={search_term_string}\"},\"query-input\":{\"@type\":\"PropertyValueSpecification\",\"valueRequired\":true,\"valueName\":\"search_term_string\"}}],\"inLanguage\":\"en-US\"},{\"@type\":[\"Organization\",\"Place\",\"SportingGoodsStore\"],\"@id\":\"https:\/\/bolting.eu\/en\/#organization\",\"name\":\"bolting.eu\",\"url\":\"https:\/\/bolting.eu\/en\/\",\"logo\":{\"@id\":\"https:\/\/bolting.eu\/en\/shop\/edelrid-axiom-karabiner-mit-umlenkrolle\/#local-main-organization-logo\"},\"image\":{\"@id\":\"https:\/\/bolting.eu\/en\/shop\/edelrid-axiom-karabiner-mit-umlenkrolle\/#local-main-organization-logo\"},\"sameAs\":[\"https:\/\/www.facebook.com\/bolting.eu\",\"https:\/\/www.instagram.com\/bolting.eu\/\"],\"address\":{\"@id\":\"https:\/\/bolting.eu\/en\/shop\/edelrid-axiom-karabiner-mit-umlenkrolle\/#local-main-place-address\"},\"geo\":{\"@type\":\"GeoCoordinates\",\"latitude\":\"47.264176340396226\",\"longitude\":\"11.380109057672346\"},\"telephone\":[\"+43 699 19083372\"],\"openingHoursSpecification\":[{\"@type\":\"OpeningHoursSpecification\",\"dayOfWeek\":[\"Monday\",\"Wednesday\",\"Friday\"],\"opens\":\"14:00\",\"closes\":\"18:00\"},{\"@type\":\"OpeningHoursSpecification\",\"dayOfWeek\":[\"Tuesday\",\"Thursday\",\"Saturday\",\"Sunday\"],\"opens\":\"00:00\",\"closes\":\"00:00\"}],\"email\":\"office@bolting.eu\",\"vatID\":\"ATU59999728\",\"priceRange\":\"$$\",\"currenciesAccepted\":\"Euro\"},{\"@type\":\"PostalAddress\",\"@id\":\"https:\/\/bolting.eu\/en\/shop\/edelrid-axiom-karabiner-mit-umlenkrolle\/#local-main-place-address\",\"streetAddress\":\"Fischnalerstra\u00dfe 4\",\"addressLocality\":\"Innsbruck\",\"postalCode\":\"6020\",\"addressRegion\":\"Tirol\",\"addressCountry\":\"AT\"},{\"@type\":\"ImageObject\",\"inLanguage\":\"en-US\",\"@id\":\"https:\/\/bolting.eu\/en\/shop\/edelrid-axiom-karabiner-mit-umlenkrolle\/#local-main-organization-logo\",\"url\":\"https:\/\/bolting.eu\/wp-content\/uploads\/2019\/09\/bolting-logo.png\",\"contentUrl\":\"https:\/\/bolting.eu\/wp-content\/uploads\/2019\/09\/bolting-logo.png\",\"width\":400,\"height\":211,\"caption\":\"bolting.eu\"}]}<\/script>\n<meta property=\"product:price:amount\" content=\"33.00\" \/>\n<meta property=\"product:price:currency\" content=\"EUR\" \/>\n<meta property=\"og:availability\" content=\"instock\" \/>\n<meta property=\"product:availability\" content=\"instock\" \/>\n<meta property=\"product:retailer_item_id\" content=\"882710003290\" \/>\n<meta property=\"product:condition\" content=\"new\" \/>\n<meta name=\"geo.placename\" content=\"Innsbruck\" \/>\n<meta name=\"geo.position\" content=\"47.264176340396226;11.380109057672346\" \/>\n<meta name=\"geo.region\" content=\"Austria\" \/>\n<!-- \/ Yoast SEO Premium plugin. -->","yoast_head_json":{"title":"Edelrid Axiom Karabiner mit Umlenkrolle | bolting.eu","description":"Edelrid Axiom - Karabiner mit Umlenkrolle beim Kletterprofi kaufen \u2705 kostenloser Versand* \u2705 14 Tage R\u00fcckgaberecht \u2705 Co2 neutraler Versand","robots":{"index":"index","follow":"follow","max-snippet":"max-snippet:-1","max-image-preview":"max-image-preview:large","max-video-preview":"max-video-preview:-1"},"canonical":"https:\/\/bolting.eu\/en\/shop\/edelrid-axiom-karabiner-mit-umlenkrolle\/","og_locale":"en_US","og_type":"article","og_title":"Edelrid Axiom Karabiner mit Umlenkrolle","og_description":"Edelrid Axiom - Karabiner mit Umlenkrolle beim Kletterprofi kaufen \u2705 kostenloser Versand* \u2705 14 Tage R\u00fcckgaberecht \u2705 Co2 neutraler Versand","og_url":"https:\/\/bolting.eu\/en\/shop\/edelrid-axiom-karabiner-mit-umlenkrolle\/","og_site_name":"bolting.eu","article_publisher":"https:\/\/www.facebook.com\/bolting.eu","article_modified_time":"2025-05-21T16:38:08+00:00","og_image":[{"width":700,"height":700,"url":"https:\/\/bolting.eu\/wp-content\/uploads\/2023\/01\/Edelrid-Axiom-1.jpg","type":"image\/jpeg"}],"twitter_card":"summary_large_image","twitter_misc":{"Price":"&euro;&nbsp;33,00","Availability":"In stock"},"schema":{"@context":"https:\/\/schema.org","@graph":[{"@type":["WebPage","ItemPage"],"@id":"https:\/\/bolting.eu\/en\/shop\/edelrid-axiom-karabiner-mit-umlenkrolle\/","url":"https:\/\/bolting.eu\/en\/shop\/edelrid-axiom-karabiner-mit-umlenkrolle\/","name":"Edelrid Axiom Karabiner mit Umlenkrolle | bolting.eu","isPartOf":{"@id":"https:\/\/bolting.eu\/en\/#website"},"primaryImageOfPage":{"@id":"https:\/\/bolting.eu\/en\/shop\/edelrid-axiom-karabiner-mit-umlenkrolle\/#primaryimage"},"image":{"@id":"https:\/\/bolting.eu\/en\/shop\/edelrid-axiom-karabiner-mit-umlenkrolle\/#primaryimage"},"thumbnailUrl":"https:\/\/bolting.eu\/wp-content\/uploads\/2023\/01\/Edelrid-Axiom-1.jpg","datePublished":"2023-01-25T09:44:48+00:00","dateModified":"2025-05-21T16:38:08+00:00","description":"Edelrid Axiom - Karabiner mit Umlenkrolle beim Kletterprofi kaufen \u2705 kostenloser Versand* \u2705 14 Tage R\u00fcckgaberecht \u2705 Co2 neutraler Versand","breadcrumb":{"@id":"https:\/\/bolting.eu\/en\/shop\/edelrid-axiom-karabiner-mit-umlenkrolle\/#breadcrumb"},"inLanguage":"en-US","potentialAction":[{"@type":"ReadAction","target":["https:\/\/bolting.eu\/en\/shop\/edelrid-axiom-karabiner-mit-umlenkrolle\/"]}]},{"@type":"ImageObject","inLanguage":"en-US","@id":"https:\/\/bolting.eu\/en\/shop\/edelrid-axiom-karabiner-mit-umlenkrolle\/#primaryimage","url":"https:\/\/bolting.eu\/wp-content\/uploads\/2023\/01\/Edelrid-Axiom-1.jpg","contentUrl":"https:\/\/bolting.eu\/wp-content\/uploads\/2023\/01\/Edelrid-Axiom-1.jpg","width":700,"height":700,"caption":"Mintfarbener Edelrid Axiom Karabiner mit Umlenkrolle."},{"@type":"BreadcrumbList","@id":"https:\/\/bolting.eu\/en\/shop\/edelrid-axiom-karabiner-mit-umlenkrolle\/#breadcrumb","itemListElement":[{"@type":"ListItem","position":1,"name":"Shop","item":"https:\/\/bolting.eu\/en\/shop\/"},{"@type":"ListItem","position":2,"name":"climbing equipment","item":"https:\/\/bolting.eu\/en\/produkt-kategorie\/climbing-equipment\/"},{"@type":"ListItem","position":3,"name":"Climbing carabiner","item":"https:\/\/bolting.eu\/en\/produkt-kategorie\/climbing-carabiner\/"},{"@type":"ListItem","position":4,"name":"snapgate carabiner","item":"https:\/\/bolting.eu\/en\/produkt-kategorie\/snapgate-carabiner\/"},{"@type":"ListItem","position":5,"name":"Edelrid Axiom Karabiner mit Umlenkrolle"}]},{"@type":"WebSite","@id":"https:\/\/bolting.eu\/en\/#website","url":"https:\/\/bolting.eu\/en\/","name":"bolting.eu","description":"we make climbs happen","publisher":{"@id":"https:\/\/bolting.eu\/en\/#organization"},"potentialAction":[{"@type":"SearchAction","target":{"@type":"EntryPoint","urlTemplate":"https:\/\/bolting.eu\/en\/?s={search_term_string}"},"query-input":{"@type":"PropertyValueSpecification","valueRequired":true,"valueName":"search_term_string"}}],"inLanguage":"en-US"},{"@type":["Organization","Place","SportingGoodsStore"],"@id":"https:\/\/bolting.eu\/en\/#organization","name":"bolting.eu","url":"https:\/\/bolting.eu\/en\/","logo":{"@id":"https:\/\/bolting.eu\/en\/shop\/edelrid-axiom-karabiner-mit-umlenkrolle\/#local-main-organization-logo"},"image":{"@id":"https:\/\/bolting.eu\/en\/shop\/edelrid-axiom-karabiner-mit-umlenkrolle\/#local-main-organization-logo"},"sameAs":["https:\/\/www.facebook.com\/bolting.eu","https:\/\/www.instagram.com\/bolting.eu\/"],"address":{"@id":"https:\/\/bolting.eu\/en\/shop\/edelrid-axiom-karabiner-mit-umlenkrolle\/#local-main-place-address"},"geo":{"@type":"GeoCoordinates","latitude":"47.264176340396226","longitude":"11.380109057672346"},"telephone":["+43 699 19083372"],"openingHoursSpecification":[{"@type":"OpeningHoursSpecification","dayOfWeek":["Monday","Wednesday","Friday"],"opens":"14:00","closes":"18:00"},{"@type":"OpeningHoursSpecification","dayOfWeek":["Tuesday","Thursday","Saturday","Sunday"],"opens":"00:00","closes":"00:00"}],"email":"office@bolting.eu","vatID":"ATU59999728","priceRange":"$$","currenciesAccepted":"Euro"},{"@type":"PostalAddress","@id":"https:\/\/bolting.eu\/en\/shop\/edelrid-axiom-karabiner-mit-umlenkrolle\/#local-main-place-address","streetAddress":"Fischnalerstra\u00dfe 4","addressLocality":"Innsbruck","postalCode":"6020","addressRegion":"Tirol","addressCountry":"AT"},{"@type":"ImageObject","inLanguage":"en-US","@id":"https:\/\/bolting.eu\/en\/shop\/edelrid-axiom-karabiner-mit-umlenkrolle\/#local-main-organization-logo","url":"https:\/\/bolting.eu\/wp-content\/uploads\/2019\/09\/bolting-logo.png","contentUrl":"https:\/\/bolting.eu\/wp-content\/uploads\/2019\/09\/bolting-logo.png","width":400,"height":211,"caption":"bolting.eu"}]},"product_price_amount":"33.00","product_price_currency":"EUR","og_availability":"instock","product_availability":"instock","product_retailer_item_id":"882710003290","product_condition":"new","geo.placename":"Innsbruck","geo.position":{"lat":"47.264176340396226","long":"11.380109057672346"},"geo.region":"Austria"},"_links":{"self":[{"href":"https:\/\/bolting.eu\/en\/wp-json\/wp\/v2\/product\/14802","targetHints":{"allow":["GET"]}}],"collection":[{"href":"https:\/\/bolting.eu\/en\/wp-json\/wp\/v2\/product"}],"about":[{"href":"https:\/\/bolting.eu\/en\/wp-json\/wp\/v2\/types\/product"}],"replies":[{"embeddable":true,"href":"https:\/\/bolting.eu\/en\/wp-json\/wp\/v2\/comments?post=14802"}],"wp:featuredmedia":[{"embeddable":true,"href":"https:\/\/bolting.eu\/en\/wp-json\/wp\/v2\/media\/14808"}],"wp:attachment":[{"href":"https:\/\/bolting.eu\/en\/wp-json\/wp\/v2\/media?parent=14802"}],"wp:term":[{"taxonomy":"product_brand","embeddable":true,"href":"https:\/\/bolting.eu\/en\/wp-json\/wp\/v2\/product_brand?post=14802"},{"taxonomy":"product_cat","embeddable":true,"href":"https:\/\/bolting.eu\/en\/wp-json\/wp\/v2\/product_cat?post=14802"},{"taxonomy":"product_tag","embeddable":true,"href":"https:\/\/bolting.eu\/en\/wp-json\/wp\/v2\/product_tag?post=14802"}],"curies":[{"name":"wp","href":"https:\/\/api.w.org\/{rel}","templated":true}]}}