{"id":14636,"date":"2023-01-03T12:26:22","date_gmt":"2023-01-03T11:26:22","guid":{"rendered":"https:\/\/bolting.eu\/?post_type=product&#038;p=14636"},"modified":"2026-03-20T16:23:36","modified_gmt":"2026-03-20T15:23:36","slug":"petzl-irvis-hybrid-steigeisen","status":"publish","type":"product","link":"https:\/\/bolting.eu\/en\/shop\/petzl-irvis-hybrid-steigeisen\/","title":{"rendered":"Petzl Irvis Hybrid Steigeisen"},"content":{"rendered":"<p>Das Petzl Irvis Hybrid ist ein Steigeisen f\u00fcr Skitouren und leichte Gletscherwanderungen.<\/p>\n<p>Denn zum einen hat es <strong>wahlweise eine reine Kipphebel Bindung oder Kombi Bindung (K\u00f6rbchen vorne)<\/strong>. Und zum anderen hat es ein <strong>Front Teil aus Stahl<\/strong>, welches durch die <strong>flexiblen <a href=\"https:\/\/bolting.eu\/shop\/petzl-cord-tec-ersatzreepschnur\/\">Cord-Tec Reepschn\u00fcre<\/a><\/strong> mit dem <strong>Alu Fersenteil<\/strong> verbunden ist.<\/p>\n<p>Aus dieser smarten Technologie ergeben sich drei coole Features.<\/p>\n<p>Erstens das geringe Gewicht des Hybrid Steigeisens von nur 570 Gramm (inkl. Antisnow!). Zweitens das extrem kleine Packma\u00df von ca. 10cm x 12cm x 12cm. Und drittens die idealen Materialeigenschaften f\u00fcr das entsprechend leichtere Gel\u00e4nde. Harte Stahlzacken vorne und leichte Alu Zacken an der Ferse.<\/p>\n<p>Kurzum. Das ideale Steigeisen f\u00fcr Skitouren und Gletscherwanderungen im moderaten Gel\u00e4nde.<\/p>\n<h2>Eigenschaften Petzl Irvis Hybrid<\/h2>\n<ul>\n<li>Hersteller: <a href=\"https:\/\/bolting.eu\/produkt-kategorie\/petzl\/\">Petzl<\/a><\/li>\n<li>Material: Stahl, Alu, Dyneema, Kunststoff, Polyamid<\/li>\n<li>Gewicht: nur 570 Gramm<\/li>\n<li>Packma\u00df: nur ca. 10cm x 12cm x 12cm<\/li>\n<li>perfekte Anordnung der 10 Zacken f\u00fcr stabilen Halt<\/li>\n<li>2 stabile Frontzacken sorgen f\u00fcr hohe Tragf\u00e4higkeit auf Schnee<\/li>\n<li>flexibles &#8220;Cord-Tec&#8221; Verbindungssystem von Front- und Fersenteil aus Dyneema<\/li>\n<li>Bindungssystem Ferse ist <a href=\"https:\/\/bolting.eu\/shop\/petzl-back-lever-ersatz-kipphebel\/\">&#8220;Leverlock&#8221;<\/a> (Kipphebel&#8221;)<\/li>\n<li>Bindungssystem vorne ist wahlweise <a href=\"https:\/\/bolting.eu\/shop\/petzl-fil-steigeisen-zehenbuegel\/\">&#8220;Fil&#8221; (&#8220;Zehenb\u00fchel&#8221;)<\/a> oder <a href=\"https:\/\/bolting.eu\/shop\/petzl-fil-flex-vorderes-steigeisen-koerbchen\/\">&#8220;Fil-Flex (&#8220;K\u00f6rbchen&#8221;)<\/a><\/li>\n<li>inkl. vormontierter Antisnow Antistollplatte<\/li>\n<li><a href=\"https:\/\/bolting.eu\/shop\/petzl-transportbeutel-cord-tec\/\">Transportbeutel <\/a><a href=\"https:\/\/bolting.eu\/shop\/petzl-transportbeutel-cord-tec\/\">Cord-Tec <\/a> im Lieferumfang<\/li>\n<li>&#8220;Alpen Adapt&#8221; System f\u00fcr Modularit\u00e4t mit Petzl Ersatzteilen<\/li>\n<li><a href=\"https:\/\/www.petzl.com\/sfc\/servlet.shepherd\/version\/download\/0686800000GwLlDAAV\" target=\"_blank\" rel=\"noopener\">Bedienungsanleitung<\/a><\/li>\n<\/ul>\n<h3>Kombi aus Stahl und Alu<\/h3>\n<p>Das Irvis Hybrid ist aus zwei Metallen gemacht ist. Vorne ultra kompakter, geh\u00e4rteter Stahl. Hinten leichtes Alu.<\/p>\n<p>Somit ergeben sich diese w\u00fcnschenswerten Eigenschaften. Zum einen stabiler Halt in kurzen, steilen Passagen durch die harten Frontzacken. Und zum anderen ein geringes Gewicht durch die Verwendung des leichten Alu beim Fersenteil. Denn hier m\u00fcssen sich die Zacken nicht so stark ins Eis bohren wie vorne.<\/p>\n<p><strong>Ein ideales Modell also f\u00fcr alle Unternehmungen mit geringen Geh Anteil auf Fels.<\/strong><\/p>\n<h3>Geringstes Packma\u00df<\/h3>\n<p>Das Petzl Hybrid Steigeisen \u00fcberzeugt aber auch mit dem kleinen Packma\u00df. Wenn man es erstmal etwas ge\u00fcbt hat, kann man das Steigeisen in den gerade mal 11cm x 14cm x 14cm gro\u00dfen Packsack stecken.<\/p>\n<p>Das wird durch das flexible Cord-Tec System erm\u00f6glicht. Denn es gibt hier eben eine Reepschnur anstatt eines fixen Stegs.<\/p>\n<p>Somit kann man die beiden Teile der Steighilfe jeweils zusammenklappen. Super smart und extrem platzsparend.<\/p>\n<div class=\"mceTemp\"><\/div>\n<h3>1 Steigeisen = 2 Bindungssysteme<\/h3>\n<p>Das hybride Irvis Modell wird mit zwei Bindungssystemen f\u00fcr das Frontteil geliefert. Standardm\u00e4\u00dfig ist das &#8220;Fil&#8221; System installiert. D.h. bei Petzl der &#8220;Kipphebel&#8221; oder auch &#8220;Zehenb\u00fcgel&#8221; genannt. Das ist ein System f\u00fcr alle Bergschuhe mit Zehenrand, auch Steigeisen Rille genannt.<\/p>\n<p>Er kann optional gegen &#8220;Fil Flex&#8221; getauscht werden. Also gegen ein &#8220;K\u00f6rbchen&#8221;. Das ist das passende System f\u00fcr Bergschuhe, die vorne keinen Zehenrand haben.<\/p>\n<p>An der Ferse ist fix die &#8220;Leverlock&#8221; Bindung installiert, also ein &#8220;Kipphebel&#8221;. D.h. eure Bergschuhe brauchen in jedem Fall an der Ferse den Zehenrand.<\/p>\n<div class=\"mceTemp\"><\/div>\n<p>&nbsp;<\/p>\n","protected":false},"excerpt":{"rendered":"<p>Sehr leichtes, hybrides Stahl &#8211; Alu Steigeisen und extrem kleinen Packma\u00df.<\/p>\n<p>Bindungssystem <strong>Ferse: Kipphebel<\/strong> (&#8220;Leverlock&#8221;). Bindungssystem <strong>vorne wahlweise<\/strong> &#8220;Fil&#8221; (&#8220;Zehenb\u00fcgel&#8221;) oder Fil-Flex (&#8220;K\u00f6rbchen&#8221;).<\/p>\n<p>Versandkostenfrei bis 2kg in <img decoding=\"async\" class=\"emoji\" role=\"img\" draggable=\"false\" src=\"https:\/\/s.w.org\/images\/core\/emoji\/13.1.0\/svg\/1f1e6-1f1f9.svg\" alt=\"\ud83c\udde6\ud83c\uddf9\" \/> ab \u20ac 100,- und <img decoding=\"async\" class=\"emoji\" role=\"img\" draggable=\"false\" src=\"https:\/\/s.w.org\/images\/core\/emoji\/13.1.0\/svg\/1f1e9-1f1ea.svg\" alt=\"\ud83c\udde9\ud83c\uddea\" \/> ab \u20ac 200,-!<\/p>\n","protected":false},"featured_media":14643,"comment_status":"closed","ping_status":"closed","template":"","meta":[],"product_brand":[],"product_cat":[14288,13938,14093],"product_tag":[],"class_list":{"0":"post-14636","1":"product","2":"type-product","3":"status-publish","4":"has-post-thumbnail","6":"product_cat-steigeisen","7":"product_cat-bergsteiger-ausruestung","8":"product_cat-petzl","10":"first","11":"outofstock","12":"sale","13":"taxable","14":"shipping-taxable","15":"purchasable","16":"product-type-simple"},"yoast_head":"<!-- This site is optimized with the Yoast SEO Premium plugin v26.9 (Yoast SEO v26.9) - https:\/\/yoast.com\/product\/yoast-seo-premium-wordpress\/ -->\n<title>Petzl Irvis Hybrid Steigeisen g\u00fcnstig online kaufen | bolting.eu<\/title>\n<meta name=\"description\" content=\"Petzl Irvis Hybrid Steigeisen beim Innsbrucker Kletterprofi kaufen \u2705 Trusted Shop \u2705 kostenloser Versand* \u2705 14 Tage R\u00fcckgaberecht \u2705 Co2 neutraler Versand\" \/>\n<meta name=\"robots\" content=\"index, follow, max-snippet:-1, max-image-preview:large, max-video-preview:-1\" \/>\n<link rel=\"canonical\" href=\"https:\/\/bolting.eu\/en\/shop\/petzl-irvis-hybrid-steigeisen\/\" \/>\n<meta property=\"og:locale\" content=\"en_US\" \/>\n<meta property=\"og:type\" content=\"article\" \/>\n<meta property=\"og:title\" content=\"Petzl Irvis Hybrid Steigeisen\" \/>\n<meta property=\"og:description\" content=\"Petzl Irvis Hybrid Steigeisen beim Innsbrucker Kletterprofi kaufen \u2705 Trusted Shop \u2705 kostenloser Versand* \u2705 14 Tage R\u00fcckgaberecht \u2705 Co2 neutraler Versand\" \/>\n<meta property=\"og:url\" content=\"https:\/\/bolting.eu\/en\/shop\/petzl-irvis-hybrid-steigeisen\/\" \/>\n<meta property=\"og:site_name\" content=\"bolting.eu\" \/>\n<meta property=\"article:publisher\" content=\"https:\/\/www.facebook.com\/bolting.eu\" \/>\n<meta property=\"article:modified_time\" content=\"2026-03-20T15:23:36+00:00\" \/>\n<meta property=\"og:image\" content=\"https:\/\/bolting.eu\/wp-content\/uploads\/2023\/01\/Petzl-Irvis-Hybrid-2.jpg\" \/>\n\t<meta property=\"og:image:width\" content=\"700\" \/>\n\t<meta property=\"og:image:height\" content=\"700\" \/>\n\t<meta property=\"og:image:type\" content=\"image\/jpeg\" \/>\n<meta name=\"twitter:card\" content=\"summary_large_image\" \/>\n<meta name=\"twitter:label1\" content=\"Price\" \/>\n\t<meta name=\"twitter:data1\" content=\"&euro;&nbsp;155,00\" \/>\n\t<meta name=\"twitter:label2\" content=\"Availability\" \/>\n\t<meta name=\"twitter:data2\" content=\"Out of stock\" \/>\n<script type=\"application\/ld+json\" class=\"yoast-schema-graph\">{\"@context\":\"https:\/\/schema.org\",\"@graph\":[{\"@type\":[\"WebPage\",\"ItemPage\"],\"@id\":\"https:\/\/bolting.eu\/en\/shop\/petzl-irvis-hybrid-steigeisen\/\",\"url\":\"https:\/\/bolting.eu\/en\/shop\/petzl-irvis-hybrid-steigeisen\/\",\"name\":\"Petzl Irvis Hybrid Steigeisen g\u00fcnstig online kaufen | bolting.eu\",\"isPartOf\":{\"@id\":\"https:\/\/bolting.eu\/en\/#website\"},\"primaryImageOfPage\":{\"@id\":\"https:\/\/bolting.eu\/en\/shop\/petzl-irvis-hybrid-steigeisen\/#primaryimage\"},\"image\":{\"@id\":\"https:\/\/bolting.eu\/en\/shop\/petzl-irvis-hybrid-steigeisen\/#primaryimage\"},\"thumbnailUrl\":\"https:\/\/bolting.eu\/wp-content\/uploads\/2023\/01\/Petzl-Irvis-Hybrid-2.jpg\",\"datePublished\":\"2023-01-03T11:26:22+00:00\",\"dateModified\":\"2026-03-20T15:23:36+00:00\",\"description\":\"Petzl Irvis Hybrid Steigeisen beim Innsbrucker Kletterprofi kaufen \u2705 Trusted Shop \u2705 kostenloser Versand* \u2705 14 Tage R\u00fcckgaberecht \u2705 Co2 neutraler Versand\",\"breadcrumb\":{\"@id\":\"https:\/\/bolting.eu\/en\/shop\/petzl-irvis-hybrid-steigeisen\/#breadcrumb\"},\"inLanguage\":\"en-US\",\"potentialAction\":[{\"@type\":\"ReadAction\",\"target\":[\"https:\/\/bolting.eu\/en\/shop\/petzl-irvis-hybrid-steigeisen\/\"]}]},{\"@type\":\"ImageObject\",\"inLanguage\":\"en-US\",\"@id\":\"https:\/\/bolting.eu\/en\/shop\/petzl-irvis-hybrid-steigeisen\/#primaryimage\",\"url\":\"https:\/\/bolting.eu\/wp-content\/uploads\/2023\/01\/Petzl-Irvis-Hybrid-2.jpg\",\"contentUrl\":\"https:\/\/bolting.eu\/wp-content\/uploads\/2023\/01\/Petzl-Irvis-Hybrid-2.jpg\",\"width\":700,\"height\":700,\"caption\":\"Petzl Irvis Hybrid Steigeisen mit Kipphebel Bindung.\"},{\"@type\":\"BreadcrumbList\",\"@id\":\"https:\/\/bolting.eu\/en\/shop\/petzl-irvis-hybrid-steigeisen\/#breadcrumb\",\"itemListElement\":[{\"@type\":\"ListItem\",\"position\":1,\"name\":\"Shop\",\"item\":\"https:\/\/bolting.eu\/en\/shop\/\"},{\"@type\":\"ListItem\",\"position\":2,\"name\":\"Bergsteiger Ausr\u00fcstung\",\"item\":\"https:\/\/bolting.eu\/produkt-kategorie\/bergsteiger-ausruestung\/\"},{\"@type\":\"ListItem\",\"position\":3,\"name\":\"Steigeisen\",\"item\":\"https:\/\/bolting.eu\/produkt-kategorie\/bergsteiger-ausruestung\/steigeisen\/\"},{\"@type\":\"ListItem\",\"position\":4,\"name\":\"Petzl Irvis Hybrid Steigeisen\"}]},{\"@type\":\"WebSite\",\"@id\":\"https:\/\/bolting.eu\/en\/#website\",\"url\":\"https:\/\/bolting.eu\/en\/\",\"name\":\"bolting.eu\",\"description\":\"we make climbs happen\",\"publisher\":{\"@id\":\"https:\/\/bolting.eu\/en\/#organization\"},\"potentialAction\":[{\"@type\":\"SearchAction\",\"target\":{\"@type\":\"EntryPoint\",\"urlTemplate\":\"https:\/\/bolting.eu\/en\/?s={search_term_string}\"},\"query-input\":{\"@type\":\"PropertyValueSpecification\",\"valueRequired\":true,\"valueName\":\"search_term_string\"}}],\"inLanguage\":\"en-US\"},{\"@type\":[\"Organization\",\"Place\",\"SportingGoodsStore\"],\"@id\":\"https:\/\/bolting.eu\/en\/#organization\",\"name\":\"bolting.eu\",\"url\":\"https:\/\/bolting.eu\/en\/\",\"logo\":{\"@id\":\"https:\/\/bolting.eu\/en\/shop\/petzl-irvis-hybrid-steigeisen\/#local-main-organization-logo\"},\"image\":{\"@id\":\"https:\/\/bolting.eu\/en\/shop\/petzl-irvis-hybrid-steigeisen\/#local-main-organization-logo\"},\"sameAs\":[\"https:\/\/www.facebook.com\/bolting.eu\",\"https:\/\/www.instagram.com\/bolting.eu\/\"],\"address\":{\"@id\":\"https:\/\/bolting.eu\/en\/shop\/petzl-irvis-hybrid-steigeisen\/#local-main-place-address\"},\"geo\":{\"@type\":\"GeoCoordinates\",\"latitude\":\"47.264176340396226\",\"longitude\":\"11.380109057672346\"},\"telephone\":[\"+43 699 19083372\"],\"openingHoursSpecification\":[{\"@type\":\"OpeningHoursSpecification\",\"dayOfWeek\":[\"Monday\",\"Wednesday\",\"Friday\"],\"opens\":\"14:00\",\"closes\":\"18:00\"},{\"@type\":\"OpeningHoursSpecification\",\"dayOfWeek\":[\"Tuesday\",\"Thursday\",\"Saturday\",\"Sunday\"],\"opens\":\"00:00\",\"closes\":\"00:00\"}],\"email\":\"office@bolting.eu\",\"vatID\":\"ATU59999728\",\"priceRange\":\"$$\",\"currenciesAccepted\":\"Euro\"},{\"@type\":\"PostalAddress\",\"@id\":\"https:\/\/bolting.eu\/en\/shop\/petzl-irvis-hybrid-steigeisen\/#local-main-place-address\",\"streetAddress\":\"Fischnalerstra\u00dfe 4\",\"addressLocality\":\"Innsbruck\",\"postalCode\":\"6020\",\"addressRegion\":\"Tirol\",\"addressCountry\":\"AT\"},{\"@type\":\"ImageObject\",\"inLanguage\":\"en-US\",\"@id\":\"https:\/\/bolting.eu\/en\/shop\/petzl-irvis-hybrid-steigeisen\/#local-main-organization-logo\",\"url\":\"https:\/\/bolting.eu\/wp-content\/uploads\/2019\/09\/bolting-logo.png\",\"contentUrl\":\"https:\/\/bolting.eu\/wp-content\/uploads\/2019\/09\/bolting-logo.png\",\"width\":400,\"height\":211,\"caption\":\"bolting.eu\"}]}<\/script>\n<meta property=\"product:price:amount\" content=\"155.00\" \/>\n<meta property=\"product:price:currency\" content=\"EUR\" \/>\n<meta property=\"og:availability\" content=\"out of stock\" \/>\n<meta property=\"product:availability\" content=\"out of stock\" \/>\n<meta property=\"product:retailer_item_id\" content=\"U031AA00\" \/>\n<meta property=\"product:condition\" content=\"new\" \/>\n<meta name=\"geo.placename\" content=\"Innsbruck\" \/>\n<meta name=\"geo.position\" content=\"47.264176340396226;11.380109057672346\" \/>\n<meta name=\"geo.region\" content=\"Austria\" \/>\n<!-- \/ Yoast SEO Premium plugin. -->","yoast_head_json":{"title":"Petzl Irvis Hybrid Steigeisen g\u00fcnstig online kaufen | bolting.eu","description":"Petzl Irvis Hybrid Steigeisen beim Innsbrucker Kletterprofi kaufen \u2705 Trusted Shop \u2705 kostenloser Versand* \u2705 14 Tage R\u00fcckgaberecht \u2705 Co2 neutraler Versand","robots":{"index":"index","follow":"follow","max-snippet":"max-snippet:-1","max-image-preview":"max-image-preview:large","max-video-preview":"max-video-preview:-1"},"canonical":"https:\/\/bolting.eu\/en\/shop\/petzl-irvis-hybrid-steigeisen\/","og_locale":"en_US","og_type":"article","og_title":"Petzl Irvis Hybrid Steigeisen","og_description":"Petzl Irvis Hybrid Steigeisen beim Innsbrucker Kletterprofi kaufen \u2705 Trusted Shop \u2705 kostenloser Versand* \u2705 14 Tage R\u00fcckgaberecht \u2705 Co2 neutraler Versand","og_url":"https:\/\/bolting.eu\/en\/shop\/petzl-irvis-hybrid-steigeisen\/","og_site_name":"bolting.eu","article_publisher":"https:\/\/www.facebook.com\/bolting.eu","article_modified_time":"2026-03-20T15:23:36+00:00","og_image":[{"width":700,"height":700,"url":"https:\/\/bolting.eu\/wp-content\/uploads\/2023\/01\/Petzl-Irvis-Hybrid-2.jpg","type":"image\/jpeg"}],"twitter_card":"summary_large_image","twitter_misc":{"Price":"&euro;&nbsp;155,00","Availability":"Out of stock"},"schema":{"@context":"https:\/\/schema.org","@graph":[{"@type":["WebPage","ItemPage"],"@id":"https:\/\/bolting.eu\/en\/shop\/petzl-irvis-hybrid-steigeisen\/","url":"https:\/\/bolting.eu\/en\/shop\/petzl-irvis-hybrid-steigeisen\/","name":"Petzl Irvis Hybrid Steigeisen g\u00fcnstig online kaufen | bolting.eu","isPartOf":{"@id":"https:\/\/bolting.eu\/en\/#website"},"primaryImageOfPage":{"@id":"https:\/\/bolting.eu\/en\/shop\/petzl-irvis-hybrid-steigeisen\/#primaryimage"},"image":{"@id":"https:\/\/bolting.eu\/en\/shop\/petzl-irvis-hybrid-steigeisen\/#primaryimage"},"thumbnailUrl":"https:\/\/bolting.eu\/wp-content\/uploads\/2023\/01\/Petzl-Irvis-Hybrid-2.jpg","datePublished":"2023-01-03T11:26:22+00:00","dateModified":"2026-03-20T15:23:36+00:00","description":"Petzl Irvis Hybrid Steigeisen beim Innsbrucker Kletterprofi kaufen \u2705 Trusted Shop \u2705 kostenloser Versand* \u2705 14 Tage R\u00fcckgaberecht \u2705 Co2 neutraler Versand","breadcrumb":{"@id":"https:\/\/bolting.eu\/en\/shop\/petzl-irvis-hybrid-steigeisen\/#breadcrumb"},"inLanguage":"en-US","potentialAction":[{"@type":"ReadAction","target":["https:\/\/bolting.eu\/en\/shop\/petzl-irvis-hybrid-steigeisen\/"]}]},{"@type":"ImageObject","inLanguage":"en-US","@id":"https:\/\/bolting.eu\/en\/shop\/petzl-irvis-hybrid-steigeisen\/#primaryimage","url":"https:\/\/bolting.eu\/wp-content\/uploads\/2023\/01\/Petzl-Irvis-Hybrid-2.jpg","contentUrl":"https:\/\/bolting.eu\/wp-content\/uploads\/2023\/01\/Petzl-Irvis-Hybrid-2.jpg","width":700,"height":700,"caption":"Petzl Irvis Hybrid Steigeisen mit Kipphebel Bindung."},{"@type":"BreadcrumbList","@id":"https:\/\/bolting.eu\/en\/shop\/petzl-irvis-hybrid-steigeisen\/#breadcrumb","itemListElement":[{"@type":"ListItem","position":1,"name":"Shop","item":"https:\/\/bolting.eu\/en\/shop\/"},{"@type":"ListItem","position":2,"name":"Bergsteiger Ausr\u00fcstung","item":"https:\/\/bolting.eu\/produkt-kategorie\/bergsteiger-ausruestung\/"},{"@type":"ListItem","position":3,"name":"Steigeisen","item":"https:\/\/bolting.eu\/produkt-kategorie\/bergsteiger-ausruestung\/steigeisen\/"},{"@type":"ListItem","position":4,"name":"Petzl Irvis Hybrid Steigeisen"}]},{"@type":"WebSite","@id":"https:\/\/bolting.eu\/en\/#website","url":"https:\/\/bolting.eu\/en\/","name":"bolting.eu","description":"we make climbs happen","publisher":{"@id":"https:\/\/bolting.eu\/en\/#organization"},"potentialAction":[{"@type":"SearchAction","target":{"@type":"EntryPoint","urlTemplate":"https:\/\/bolting.eu\/en\/?s={search_term_string}"},"query-input":{"@type":"PropertyValueSpecification","valueRequired":true,"valueName":"search_term_string"}}],"inLanguage":"en-US"},{"@type":["Organization","Place","SportingGoodsStore"],"@id":"https:\/\/bolting.eu\/en\/#organization","name":"bolting.eu","url":"https:\/\/bolting.eu\/en\/","logo":{"@id":"https:\/\/bolting.eu\/en\/shop\/petzl-irvis-hybrid-steigeisen\/#local-main-organization-logo"},"image":{"@id":"https:\/\/bolting.eu\/en\/shop\/petzl-irvis-hybrid-steigeisen\/#local-main-organization-logo"},"sameAs":["https:\/\/www.facebook.com\/bolting.eu","https:\/\/www.instagram.com\/bolting.eu\/"],"address":{"@id":"https:\/\/bolting.eu\/en\/shop\/petzl-irvis-hybrid-steigeisen\/#local-main-place-address"},"geo":{"@type":"GeoCoordinates","latitude":"47.264176340396226","longitude":"11.380109057672346"},"telephone":["+43 699 19083372"],"openingHoursSpecification":[{"@type":"OpeningHoursSpecification","dayOfWeek":["Monday","Wednesday","Friday"],"opens":"14:00","closes":"18:00"},{"@type":"OpeningHoursSpecification","dayOfWeek":["Tuesday","Thursday","Saturday","Sunday"],"opens":"00:00","closes":"00:00"}],"email":"office@bolting.eu","vatID":"ATU59999728","priceRange":"$$","currenciesAccepted":"Euro"},{"@type":"PostalAddress","@id":"https:\/\/bolting.eu\/en\/shop\/petzl-irvis-hybrid-steigeisen\/#local-main-place-address","streetAddress":"Fischnalerstra\u00dfe 4","addressLocality":"Innsbruck","postalCode":"6020","addressRegion":"Tirol","addressCountry":"AT"},{"@type":"ImageObject","inLanguage":"en-US","@id":"https:\/\/bolting.eu\/en\/shop\/petzl-irvis-hybrid-steigeisen\/#local-main-organization-logo","url":"https:\/\/bolting.eu\/wp-content\/uploads\/2019\/09\/bolting-logo.png","contentUrl":"https:\/\/bolting.eu\/wp-content\/uploads\/2019\/09\/bolting-logo.png","width":400,"height":211,"caption":"bolting.eu"}]},"product_price_amount":"155.00","product_price_currency":"EUR","og_availability":"out of stock","product_availability":"out of stock","product_retailer_item_id":"U031AA00","product_condition":"new","geo.placename":"Innsbruck","geo.position":{"lat":"47.264176340396226","long":"11.380109057672346"},"geo.region":"Austria"},"_links":{"self":[{"href":"https:\/\/bolting.eu\/en\/wp-json\/wp\/v2\/product\/14636","targetHints":{"allow":["GET"]}}],"collection":[{"href":"https:\/\/bolting.eu\/en\/wp-json\/wp\/v2\/product"}],"about":[{"href":"https:\/\/bolting.eu\/en\/wp-json\/wp\/v2\/types\/product"}],"replies":[{"embeddable":true,"href":"https:\/\/bolting.eu\/en\/wp-json\/wp\/v2\/comments?post=14636"}],"wp:featuredmedia":[{"embeddable":true,"href":"https:\/\/bolting.eu\/en\/wp-json\/wp\/v2\/media\/14643"}],"wp:attachment":[{"href":"https:\/\/bolting.eu\/en\/wp-json\/wp\/v2\/media?parent=14636"}],"wp:term":[{"taxonomy":"product_brand","embeddable":true,"href":"https:\/\/bolting.eu\/en\/wp-json\/wp\/v2\/product_brand?post=14636"},{"taxonomy":"product_cat","embeddable":true,"href":"https:\/\/bolting.eu\/en\/wp-json\/wp\/v2\/product_cat?post=14636"},{"taxonomy":"product_tag","embeddable":true,"href":"https:\/\/bolting.eu\/en\/wp-json\/wp\/v2\/product_tag?post=14636"}],"curies":[{"name":"wp","href":"https:\/\/api.w.org\/{rel}","templated":true}]}}