{"id":14625,"date":"2023-01-03T10:25:31","date_gmt":"2023-01-03T09:25:31","guid":{"rendered":"https:\/\/bolting.eu\/?post_type=product&#038;p=14625"},"modified":"2024-07-30T14:41:32","modified_gmt":"2024-07-30T12:41:32","slug":"petzl-cord-tec-ersatzreepschnur","status":"publish","type":"product","link":"https:\/\/bolting.eu\/en\/shop\/petzl-cord-tec-ersatzreepschnur\/","title":{"rendered":"Petzl Cord-Tec Ersatzreepschnur"},"content":{"rendered":"<p>Die Petzl Cord-Tec Ersatzreepschnur ist f\u00fcr alle Petzl <a href=\"https:\/\/bolting.eu\/produkt-kategorie\/bergsteiger-ausruestung\/steigeisen\/\">Steigeisen<\/a> mit diesem flexiblen &#8220;Steg System&#8221;. D.h. das Irvis-Hybrid, Leopard FL und Leopard LLF. Es handelt sich dabei um ein Paar (=2 St\u00fcck) spezielle Reepschn\u00fcre mit 70cm L\u00e4nge. Damit kann man kaputte Schn\u00fcre selber leicht austauschen. Beachtet daf\u00fcr die Anleitung unten!<\/p>\r\n<h2>Eigenschaften Petzl Cord-Tec<\/h2>\r\n<ul>\r\n<li>Hersteller: <a href=\"https:\/\/bolting.eu\/produkt-kategorie\/petzl\/\">Petzl<\/a><\/li>\r\n<li>Material: reines Dyneema<\/li>\r\n<li>Gewicht: 10 Gramm<\/li>\r\n<li>L\u00e4nge: 70cm<\/li>\r\n<li>Lieferumfang: 2 St\u00fcck = 1 Paar Ersatzreepschn\u00fcre<\/li>\r\n<li>nur f\u00fcr Petzl Modelle mit dem flexiblen Verbindungssystem<\/li>\r\n<li>Irvis Hybrid, Leopard FL, Leopard LLF, Kit Cord-Tec<\/li>\r\n<li>leicht selber zu montieren<\/li>\r\n<li><a href=\"https:\/\/www.petzl.com\/sfc\/servlet.shepherd\/version\/download\/068w0000003xYiuAAE\" target=\"_blank\" rel=\"noopener\">Bedienungsanleitung<\/a> beachten!<\/li>\r\n<\/ul>\r\n<h3>So funktioniert die Montage!<\/h3>\r\n\r\n<div class=\"schema-how-to wp-block-yoast-how-to-block\">\r\n<p class=\"schema-how-to-total-time\"><span class=\"schema-how-to-duration-time-text\">Time needed:&nbsp;<\/span>10 minutes<\/p>\r\n<p class=\"schema-how-to-description\">Montage Petzl Cord-Tec Ersatzreepschnur<\/p>\r\n<ol class=\"schema-how-to-steps\">\r\n<li id=\"how-to-step-1672738225467\" class=\"schema-how-to-step\"><strong class=\"schema-how-to-step-name\">F\u00e4dle die Reepschnur entsprechend der Grafik in das Frontteil der Steigeisen. Vergiss nicht am kurzen Ende den Knoten zu machen. Es ist ein einfacher Sackstich der in der Folge zu einem Spierenstich wird.<\/strong>\r\n<p class=\"schema-how-to-step-text\"><img loading=\"lazy\" decoding=\"async\" width=\"800\" height=\"400\" src=\"https:\/\/bolting.eu\/wp-content\/uploads\/2023\/01\/Montage-Petzl-Cord-Tec-1.jpg\" class=\"attachment-full size-full\" alt=\"Grafik zur Montage der Petzl Cord-Tec Ersatzreepschnur.\" style=\"max-width: 100%; height: auto;\" srcset=\"https:\/\/bolting.eu\/wp-content\/uploads\/2023\/01\/Montage-Petzl-Cord-Tec-1.jpg 800w, https:\/\/bolting.eu\/wp-content\/uploads\/2023\/01\/Montage-Petzl-Cord-Tec-1-510x255.jpg 510w, https:\/\/bolting.eu\/wp-content\/uploads\/2023\/01\/Montage-Petzl-Cord-Tec-1-768x384.jpg 768w, https:\/\/bolting.eu\/wp-content\/uploads\/2023\/01\/Montage-Petzl-Cord-Tec-1-600x300.jpg 600w\" sizes=\"auto, (max-width: 800px) 100vw, 800px\" \/><\/p>\r\n<\/li>\r\n<li id=\"how-to-step-1672738738688\" class=\"schema-how-to-step\"><strong class=\"schema-how-to-step-name\">F\u00e4dle nun das lange Ende von oben durch das \u00e4u\u00dfere Loch. Dann fahre fersenseitig um den Metallsteg herum und f\u00e4dle erneut von oben in das n\u00e4chste Loch.<\/strong>\r\n<p class=\"schema-how-to-step-text\"><img loading=\"lazy\" decoding=\"async\" width=\"800\" height=\"400\" src=\"https:\/\/bolting.eu\/wp-content\/uploads\/2023\/01\/Montage-Petzl-Cord-Tec-2.jpg\" class=\"attachment-full size-full\" alt=\"Einsetzen Petzl Cord-Tec in die Steigeisen Teile.\" style=\"max-width: 100%; height: auto;\" srcset=\"https:\/\/bolting.eu\/wp-content\/uploads\/2023\/01\/Montage-Petzl-Cord-Tec-2.jpg 800w, https:\/\/bolting.eu\/wp-content\/uploads\/2023\/01\/Montage-Petzl-Cord-Tec-2-510x255.jpg 510w, https:\/\/bolting.eu\/wp-content\/uploads\/2023\/01\/Montage-Petzl-Cord-Tec-2-768x384.jpg 768w, https:\/\/bolting.eu\/wp-content\/uploads\/2023\/01\/Montage-Petzl-Cord-Tec-2-600x300.jpg 600w\" sizes=\"auto, (max-width: 800px) 100vw, 800px\" \/><\/p>\r\n<\/li>\r\n<li id=\"how-to-step-1672738853473\" class=\"schema-how-to-step\"><strong class=\"schema-how-to-step-name\">F\u00e4dle das n\u00e4chste Loch zur Mitte hin von unten nach oben durch. Dann lege die Schnur fersenseitig unter den Metallsteg.<\/strong>\r\n<p class=\"schema-how-to-step-text\"><img loading=\"lazy\" decoding=\"async\" width=\"800\" height=\"400\" src=\"https:\/\/bolting.eu\/wp-content\/uploads\/2023\/01\/Montage-Petzl-Cord-Tec-3.jpg\" class=\"attachment-full size-full\" alt=\"Einsetzen Petzl Cord-Tec in die Steigeisen Teile.\" style=\"max-width: 100%; height: auto;\" srcset=\"https:\/\/bolting.eu\/wp-content\/uploads\/2023\/01\/Montage-Petzl-Cord-Tec-3.jpg 800w, https:\/\/bolting.eu\/wp-content\/uploads\/2023\/01\/Montage-Petzl-Cord-Tec-3-510x255.jpg 510w, https:\/\/bolting.eu\/wp-content\/uploads\/2023\/01\/Montage-Petzl-Cord-Tec-3-768x384.jpg 768w, https:\/\/bolting.eu\/wp-content\/uploads\/2023\/01\/Montage-Petzl-Cord-Tec-3-600x300.jpg 600w\" sizes=\"auto, (max-width: 800px) 100vw, 800px\" \/><\/p>\r\n<\/li>\r\n<li id=\"how-to-step-1672738903052\" class=\"schema-how-to-step\"><strong class=\"schema-how-to-step-name\">F\u00fcr das letzte, \u00e4u\u00dfere Loch des Fersenteils f\u00e4dle die Reepschnur von unten kommend nach oben durch. Achte auf die richtige Wicklung lt. Schritt 3.!<\/strong>\r\n<p class=\"schema-how-to-step-text\"><img loading=\"lazy\" decoding=\"async\" width=\"800\" height=\"400\" src=\"https:\/\/bolting.eu\/wp-content\/uploads\/2023\/01\/Montage-Petzl-Cord-Tec-4.jpg\" class=\"attachment-full size-full\" alt=\"Grafik zur Montage der Petzl Cord-Tec Ersatzreepschnur.\" style=\"max-width: 100%; height: auto;\" \/><\/p>\r\n<\/li>\r\n<li id=\"how-to-step-1672739022168\" class=\"schema-how-to-step\"><strong class=\"schema-how-to-step-name\">Verbinde die beiden Enden nun mit einem einfachen Spierenstich. Achte dabei auf gen\u00fcgend &#8220;\u00dcberstand&#8221; von mindestens 2cm!<\/strong>\r\n<p class=\"schema-how-to-step-text\"><img loading=\"lazy\" decoding=\"async\" width=\"800\" height=\"400\" src=\"https:\/\/bolting.eu\/wp-content\/uploads\/2023\/01\/Montage-Petzl-Cord-Tec-5.jpg\" class=\"attachment-full size-full\" alt=\"Grafik zur Montage der Petzl Cord-Tec Ersatzreepschnur.\" style=\"max-width: 100%; height: auto;\" srcset=\"https:\/\/bolting.eu\/wp-content\/uploads\/2023\/01\/Montage-Petzl-Cord-Tec-5.jpg 800w, https:\/\/bolting.eu\/wp-content\/uploads\/2023\/01\/Montage-Petzl-Cord-Tec-5-510x255.jpg 510w, https:\/\/bolting.eu\/wp-content\/uploads\/2023\/01\/Montage-Petzl-Cord-Tec-5-768x384.jpg 768w, https:\/\/bolting.eu\/wp-content\/uploads\/2023\/01\/Montage-Petzl-Cord-Tec-5-600x300.jpg 600w\" sizes=\"auto, (max-width: 800px) 100vw, 800px\" \/><\/p>\r\n<\/li>\r\n<li id=\"how-to-step-1672739301689\" class=\"schema-how-to-step\"><strong class=\"schema-how-to-step-name\">Legt die Reepschn\u00fcre am Fersenteil jeweils in die entsprechenden H\u00e4kchen, um die passende Gr\u00f6\u00dfe f\u00fcr eure Schuhe einzustellen. Durch Auseinanderziehen der Steigeisenteile die Reepschn\u00fcre dann auch gleich ordentlich spannen!<\/strong>\r\n<p class=\"schema-how-to-step-text\"><img loading=\"lazy\" decoding=\"async\" width=\"800\" height=\"400\" src=\"https:\/\/bolting.eu\/wp-content\/uploads\/2023\/01\/Montage-Petzl-Cord-Tec-6.jpg\" class=\"attachment-full size-full\" alt=\"Grafik zur Montage der Petzl Cord-Tec Ersatzreepschnur.\" style=\"max-width: 100%; height: auto;\" \/><\/p>\r\n<\/li>\r\n<\/ol>\r\n<\/div>\r\n","protected":false},"excerpt":{"rendered":"<p>Ersatzreepschnur f\u00fcr Petzl Steigeisen mit dem flexiblen Verbindungssystem Cord-Tec. 1 Paar = 2 St\u00fcck Dyneema Reepschn\u00fcre mit je 70cm. Versandkostenfrei bis 2kg in <img decoding=\"async\" class=\"emoji\" role=\"img\" draggable=\"false\" src=\"https:\/\/s.w.org\/images\/core\/emoji\/13.1.0\/svg\/1f1e6-1f1f9.svg\" alt=\"\ud83c\udde6\ud83c\uddf9\" \/> ab \u20ac 100,- und <img decoding=\"async\" class=\"emoji\" role=\"img\" draggable=\"false\" src=\"https:\/\/s.w.org\/images\/core\/emoji\/13.1.0\/svg\/1f1e9-1f1ea.svg\" alt=\"\ud83c\udde9\ud83c\uddea\" \/> ab \u20ac 200,-!<\/p>\n","protected":false},"featured_media":14627,"comment_status":"closed","ping_status":"closed","template":"","meta":[],"product_brand":[],"product_cat":[13938,14093,14356],"product_tag":[],"class_list":{"0":"post-14625","1":"product","2":"type-product","3":"status-publish","4":"has-post-thumbnail","6":"product_cat-bergsteiger-ausruestung","7":"product_cat-petzl","8":"product_cat-steigeisen-ersatzteile-zubehoer","10":"first","11":"instock","12":"taxable","13":"shipping-taxable","14":"purchasable","15":"product-type-simple"},"yoast_head":"<!-- This site is optimized with the Yoast SEO Premium plugin v26.9 (Yoast SEO v26.9) - https:\/\/yoast.com\/product\/yoast-seo-premium-wordpress\/ -->\n<title>Petzl Cord-Tec Ersatzreepschnur | bolting.eu<\/title>\n<meta name=\"description\" content=\"Petzl Cord-Tec Ersatzreepschnur beim Kletter Hardwareprofi kaufen \u2705 kostenloser Versand* \u2705 14 Tage R\u00fcckgaberecht \u2705 Co2 neutraler Versand\" \/>\n<meta name=\"robots\" content=\"index, follow, max-snippet:-1, max-image-preview:large, max-video-preview:-1\" \/>\n<link rel=\"canonical\" href=\"https:\/\/bolting.eu\/en\/shop\/petzl-cord-tec-ersatzreepschnur\/\" \/>\n<meta property=\"og:locale\" content=\"en_US\" \/>\n<meta property=\"og:type\" content=\"article\" \/>\n<meta property=\"og:title\" content=\"Petzl Cord-Tec Ersatzreepschnur\" \/>\n<meta property=\"og:description\" content=\"Petzl Cord-Tec Ersatzreepschnur beim Kletter Hardwareprofi kaufen \u2705 kostenloser Versand* \u2705 14 Tage R\u00fcckgaberecht \u2705 Co2 neutraler Versand\" \/>\n<meta property=\"og:url\" content=\"https:\/\/bolting.eu\/en\/shop\/petzl-cord-tec-ersatzreepschnur\/\" \/>\n<meta property=\"og:site_name\" content=\"bolting.eu\" \/>\n<meta property=\"article:publisher\" content=\"https:\/\/www.facebook.com\/bolting.eu\" \/>\n<meta property=\"article:modified_time\" content=\"2024-07-30T12:41:32+00:00\" \/>\n<meta property=\"og:image\" content=\"https:\/\/bolting.eu\/wp-content\/uploads\/2023\/01\/Petzl-Cord-Tec-Ersatzreepschnur-1.jpg\" \/>\n\t<meta property=\"og:image:width\" content=\"700\" \/>\n\t<meta property=\"og:image:height\" content=\"700\" \/>\n\t<meta property=\"og:image:type\" content=\"image\/jpeg\" \/>\n<meta name=\"twitter:card\" content=\"summary_large_image\" \/>\n<meta name=\"twitter:label1\" content=\"Price\" \/>\n\t<meta name=\"twitter:data1\" content=\"&euro;&nbsp;16,00\" \/>\n\t<meta name=\"twitter:label2\" content=\"Availability\" \/>\n\t<meta name=\"twitter:data2\" content=\"In stock\" \/>\n<script type=\"application\/ld+json\" class=\"yoast-schema-graph\">{\"@context\":\"https:\/\/schema.org\",\"@graph\":[{\"@type\":[\"WebPage\",\"ItemPage\"],\"@id\":\"https:\/\/bolting.eu\/en\/shop\/petzl-cord-tec-ersatzreepschnur\/\",\"url\":\"https:\/\/bolting.eu\/en\/shop\/petzl-cord-tec-ersatzreepschnur\/\",\"name\":\"Petzl Cord-Tec Ersatzreepschnur | bolting.eu\",\"isPartOf\":{\"@id\":\"https:\/\/bolting.eu\/en\/#website\"},\"primaryImageOfPage\":{\"@id\":\"https:\/\/bolting.eu\/en\/shop\/petzl-cord-tec-ersatzreepschnur\/#primaryimage\"},\"image\":{\"@id\":\"https:\/\/bolting.eu\/en\/shop\/petzl-cord-tec-ersatzreepschnur\/#primaryimage\"},\"thumbnailUrl\":\"https:\/\/bolting.eu\/wp-content\/uploads\/2023\/01\/Petzl-Cord-Tec-Ersatzreepschnur-1.jpg\",\"datePublished\":\"2023-01-03T09:25:31+00:00\",\"dateModified\":\"2024-07-30T12:41:32+00:00\",\"description\":\"Petzl Cord-Tec Ersatzreepschnur beim Kletter Hardwareprofi kaufen \u2705 kostenloser Versand* \u2705 14 Tage R\u00fcckgaberecht \u2705 Co2 neutraler Versand\",\"breadcrumb\":{\"@id\":\"https:\/\/bolting.eu\/en\/shop\/petzl-cord-tec-ersatzreepschnur\/#breadcrumb\"},\"inLanguage\":\"en-US\",\"potentialAction\":[{\"@type\":\"ReadAction\",\"target\":[\"https:\/\/bolting.eu\/en\/shop\/petzl-cord-tec-ersatzreepschnur\/\"]}]},{\"@type\":\"ImageObject\",\"inLanguage\":\"en-US\",\"@id\":\"https:\/\/bolting.eu\/en\/shop\/petzl-cord-tec-ersatzreepschnur\/#primaryimage\",\"url\":\"https:\/\/bolting.eu\/wp-content\/uploads\/2023\/01\/Petzl-Cord-Tec-Ersatzreepschnur-1.jpg\",\"contentUrl\":\"https:\/\/bolting.eu\/wp-content\/uploads\/2023\/01\/Petzl-Cord-Tec-Ersatzreepschnur-1.jpg\",\"width\":700,\"height\":700,\"caption\":\"Petzl Cord-Tec Ersatzreepschnur in Ring geflochten mit Knoten.\"},{\"@type\":\"BreadcrumbList\",\"@id\":\"https:\/\/bolting.eu\/en\/shop\/petzl-cord-tec-ersatzreepschnur\/#breadcrumb\",\"itemListElement\":[{\"@type\":\"ListItem\",\"position\":1,\"name\":\"Shop\",\"item\":\"https:\/\/bolting.eu\/en\/shop\/\"},{\"@type\":\"ListItem\",\"position\":2,\"name\":\"Bergsteiger Ausr\u00fcstung\",\"item\":\"https:\/\/bolting.eu\/produkt-kategorie\/bergsteiger-ausruestung\/\"},{\"@type\":\"ListItem\",\"position\":3,\"name\":\"Steigeisen Ersatzteile - Zubeh\u00f6r\",\"item\":\"https:\/\/bolting.eu\/produkt-kategorie\/bergsteiger-ausruestung\/steigeisen-ersatzteile-zubehoer\/\"},{\"@type\":\"ListItem\",\"position\":4,\"name\":\"Petzl Cord-Tec Ersatzreepschnur\"}]},{\"@type\":\"WebSite\",\"@id\":\"https:\/\/bolting.eu\/en\/#website\",\"url\":\"https:\/\/bolting.eu\/en\/\",\"name\":\"bolting.eu\",\"description\":\"we make climbs happen\",\"publisher\":{\"@id\":\"https:\/\/bolting.eu\/en\/#organization\"},\"potentialAction\":[{\"@type\":\"SearchAction\",\"target\":{\"@type\":\"EntryPoint\",\"urlTemplate\":\"https:\/\/bolting.eu\/en\/?s={search_term_string}\"},\"query-input\":{\"@type\":\"PropertyValueSpecification\",\"valueRequired\":true,\"valueName\":\"search_term_string\"}}],\"inLanguage\":\"en-US\"},{\"@type\":[\"Organization\",\"Place\",\"SportingGoodsStore\"],\"@id\":\"https:\/\/bolting.eu\/en\/#organization\",\"name\":\"bolting.eu\",\"url\":\"https:\/\/bolting.eu\/en\/\",\"logo\":{\"@id\":\"https:\/\/bolting.eu\/en\/shop\/petzl-cord-tec-ersatzreepschnur\/#local-main-organization-logo\"},\"image\":{\"@id\":\"https:\/\/bolting.eu\/en\/shop\/petzl-cord-tec-ersatzreepschnur\/#local-main-organization-logo\"},\"sameAs\":[\"https:\/\/www.facebook.com\/bolting.eu\",\"https:\/\/www.instagram.com\/bolting.eu\/\"],\"address\":{\"@id\":\"https:\/\/bolting.eu\/en\/shop\/petzl-cord-tec-ersatzreepschnur\/#local-main-place-address\"},\"geo\":{\"@type\":\"GeoCoordinates\",\"latitude\":\"47.264176340396226\",\"longitude\":\"11.380109057672346\"},\"telephone\":[\"+43 699 19083372\"],\"openingHoursSpecification\":[{\"@type\":\"OpeningHoursSpecification\",\"dayOfWeek\":[\"Monday\",\"Wednesday\",\"Friday\"],\"opens\":\"14:00\",\"closes\":\"18:00\"},{\"@type\":\"OpeningHoursSpecification\",\"dayOfWeek\":[\"Tuesday\",\"Thursday\",\"Saturday\",\"Sunday\"],\"opens\":\"00:00\",\"closes\":\"00:00\"}],\"email\":\"office@bolting.eu\",\"vatID\":\"ATU59999728\",\"priceRange\":\"$$\",\"currenciesAccepted\":\"Euro\"},{\"@type\":\"HowTo\",\"@id\":\"https:\/\/bolting.eu\/en\/shop\/petzl-cord-tec-ersatzreepschnur\/#howto-1\",\"name\":\"Petzl Cord-Tec Ersatzreepschnur\",\"mainEntityOfPage\":{\"@id\":\"https:\/\/bolting.eu\/en\/shop\/petzl-cord-tec-ersatzreepschnur\/\"},\"description\":\"Montage Petzl Cord-Tec Ersatzreepschnur\",\"totalTime\":\"P0DT0H10M\",\"step\":[{\"@type\":\"HowToStep\",\"url\":\"https:\/\/bolting.eu\/en\/shop\/petzl-cord-tec-ersatzreepschnur\/#how-to-step-1672738225467\",\"text\":\"F\u00e4dle die Reepschnur entsprechend der Grafik in das Frontteil der Steigeisen. Vergiss nicht am kurzen Ende den Knoten zu machen. Es ist ein einfacher Sackstich der in der Folge zu einem Spierenstich wird.\"},{\"@type\":\"HowToStep\",\"url\":\"https:\/\/bolting.eu\/en\/shop\/petzl-cord-tec-ersatzreepschnur\/#how-to-step-1672738738688\",\"text\":\"F\u00e4dle nun das lange Ende von oben durch das \u00e4u\u00dfere Loch. Dann fahre fersenseitig um den Metallsteg herum und f\u00e4dle erneut von oben in das n\u00e4chste Loch.\"},{\"@type\":\"HowToStep\",\"url\":\"https:\/\/bolting.eu\/en\/shop\/petzl-cord-tec-ersatzreepschnur\/#how-to-step-1672738853473\",\"text\":\"F\u00e4dle das n\u00e4chste Loch zur Mitte hin von unten nach oben durch. Dann lege die Schnur fersenseitig unter den Metallsteg.\"},{\"@type\":\"HowToStep\",\"url\":\"https:\/\/bolting.eu\/en\/shop\/petzl-cord-tec-ersatzreepschnur\/#how-to-step-1672738903052\",\"text\":\"F\u00fcr das letzte, \u00e4u\u00dfere Loch des Fersenteils f\u00e4dle die Reepschnur von unten kommend nach oben durch. Achte auf die richtige Wicklung lt. Schritt 3.!\"},{\"@type\":\"HowToStep\",\"url\":\"https:\/\/bolting.eu\/en\/shop\/petzl-cord-tec-ersatzreepschnur\/#how-to-step-1672739022168\",\"text\":\"Verbinde die beiden Enden nun mit einem einfachen Spierenstich. Achte dabei auf gen\u00fcgend \\\"\u00dcberstand\\\" von mindestens 2cm!\"},{\"@type\":\"HowToStep\",\"url\":\"https:\/\/bolting.eu\/en\/shop\/petzl-cord-tec-ersatzreepschnur\/#how-to-step-1672739301689\",\"text\":\"Legt die Reepschn\u00fcre am Fersenteil jeweils in die entsprechenden H\u00e4kchen, um die passende Gr\u00f6\u00dfe f\u00fcr eure Schuhe einzustellen. Durch Auseinanderziehen der Steigeisenteile die Reepschn\u00fcre dann auch gleich ordentlich spannen!\"}],\"inLanguage\":\"en-US\"},{\"@type\":\"PostalAddress\",\"@id\":\"https:\/\/bolting.eu\/en\/shop\/petzl-cord-tec-ersatzreepschnur\/#local-main-place-address\",\"streetAddress\":\"Fischnalerstra\u00dfe 4\",\"addressLocality\":\"Innsbruck\",\"postalCode\":\"6020\",\"addressRegion\":\"Tirol\",\"addressCountry\":\"AT\"},{\"@type\":\"ImageObject\",\"inLanguage\":\"en-US\",\"@id\":\"https:\/\/bolting.eu\/en\/shop\/petzl-cord-tec-ersatzreepschnur\/#local-main-organization-logo\",\"url\":\"https:\/\/bolting.eu\/wp-content\/uploads\/2019\/09\/bolting-logo.png\",\"contentUrl\":\"https:\/\/bolting.eu\/wp-content\/uploads\/2019\/09\/bolting-logo.png\",\"width\":400,\"height\":211,\"caption\":\"bolting.eu\"}]}<\/script>\n<meta property=\"product:price:amount\" content=\"16.00\" \/>\n<meta property=\"product:price:currency\" content=\"EUR\" \/>\n<meta property=\"og:availability\" content=\"instock\" \/>\n<meta property=\"product:availability\" content=\"instock\" \/>\n<meta property=\"product:retailer_item_id\" content=\"T01ACOR\" \/>\n<meta property=\"product:condition\" content=\"new\" \/>\n<meta name=\"geo.placename\" content=\"Innsbruck\" \/>\n<meta name=\"geo.position\" content=\"47.264176340396226;11.380109057672346\" \/>\n<meta name=\"geo.region\" content=\"Austria\" \/>\n<!-- \/ Yoast SEO Premium plugin. -->","yoast_head_json":{"title":"Petzl Cord-Tec Ersatzreepschnur | bolting.eu","description":"Petzl Cord-Tec Ersatzreepschnur beim Kletter Hardwareprofi kaufen \u2705 kostenloser Versand* \u2705 14 Tage R\u00fcckgaberecht \u2705 Co2 neutraler Versand","robots":{"index":"index","follow":"follow","max-snippet":"max-snippet:-1","max-image-preview":"max-image-preview:large","max-video-preview":"max-video-preview:-1"},"canonical":"https:\/\/bolting.eu\/en\/shop\/petzl-cord-tec-ersatzreepschnur\/","og_locale":"en_US","og_type":"article","og_title":"Petzl Cord-Tec Ersatzreepschnur","og_description":"Petzl Cord-Tec Ersatzreepschnur beim Kletter Hardwareprofi kaufen \u2705 kostenloser Versand* \u2705 14 Tage R\u00fcckgaberecht \u2705 Co2 neutraler Versand","og_url":"https:\/\/bolting.eu\/en\/shop\/petzl-cord-tec-ersatzreepschnur\/","og_site_name":"bolting.eu","article_publisher":"https:\/\/www.facebook.com\/bolting.eu","article_modified_time":"2024-07-30T12:41:32+00:00","og_image":[{"width":700,"height":700,"url":"https:\/\/bolting.eu\/wp-content\/uploads\/2023\/01\/Petzl-Cord-Tec-Ersatzreepschnur-1.jpg","type":"image\/jpeg"}],"twitter_card":"summary_large_image","twitter_misc":{"Price":"&euro;&nbsp;16,00","Availability":"In stock"},"schema":{"@context":"https:\/\/schema.org","@graph":[{"@type":["WebPage","ItemPage"],"@id":"https:\/\/bolting.eu\/en\/shop\/petzl-cord-tec-ersatzreepschnur\/","url":"https:\/\/bolting.eu\/en\/shop\/petzl-cord-tec-ersatzreepschnur\/","name":"Petzl Cord-Tec Ersatzreepschnur | bolting.eu","isPartOf":{"@id":"https:\/\/bolting.eu\/en\/#website"},"primaryImageOfPage":{"@id":"https:\/\/bolting.eu\/en\/shop\/petzl-cord-tec-ersatzreepschnur\/#primaryimage"},"image":{"@id":"https:\/\/bolting.eu\/en\/shop\/petzl-cord-tec-ersatzreepschnur\/#primaryimage"},"thumbnailUrl":"https:\/\/bolting.eu\/wp-content\/uploads\/2023\/01\/Petzl-Cord-Tec-Ersatzreepschnur-1.jpg","datePublished":"2023-01-03T09:25:31+00:00","dateModified":"2024-07-30T12:41:32+00:00","description":"Petzl Cord-Tec Ersatzreepschnur beim Kletter Hardwareprofi kaufen \u2705 kostenloser Versand* \u2705 14 Tage R\u00fcckgaberecht \u2705 Co2 neutraler Versand","breadcrumb":{"@id":"https:\/\/bolting.eu\/en\/shop\/petzl-cord-tec-ersatzreepschnur\/#breadcrumb"},"inLanguage":"en-US","potentialAction":[{"@type":"ReadAction","target":["https:\/\/bolting.eu\/en\/shop\/petzl-cord-tec-ersatzreepschnur\/"]}]},{"@type":"ImageObject","inLanguage":"en-US","@id":"https:\/\/bolting.eu\/en\/shop\/petzl-cord-tec-ersatzreepschnur\/#primaryimage","url":"https:\/\/bolting.eu\/wp-content\/uploads\/2023\/01\/Petzl-Cord-Tec-Ersatzreepschnur-1.jpg","contentUrl":"https:\/\/bolting.eu\/wp-content\/uploads\/2023\/01\/Petzl-Cord-Tec-Ersatzreepschnur-1.jpg","width":700,"height":700,"caption":"Petzl Cord-Tec Ersatzreepschnur in Ring geflochten mit Knoten."},{"@type":"BreadcrumbList","@id":"https:\/\/bolting.eu\/en\/shop\/petzl-cord-tec-ersatzreepschnur\/#breadcrumb","itemListElement":[{"@type":"ListItem","position":1,"name":"Shop","item":"https:\/\/bolting.eu\/en\/shop\/"},{"@type":"ListItem","position":2,"name":"Bergsteiger Ausr\u00fcstung","item":"https:\/\/bolting.eu\/produkt-kategorie\/bergsteiger-ausruestung\/"},{"@type":"ListItem","position":3,"name":"Steigeisen Ersatzteile - Zubeh\u00f6r","item":"https:\/\/bolting.eu\/produkt-kategorie\/bergsteiger-ausruestung\/steigeisen-ersatzteile-zubehoer\/"},{"@type":"ListItem","position":4,"name":"Petzl Cord-Tec Ersatzreepschnur"}]},{"@type":"WebSite","@id":"https:\/\/bolting.eu\/en\/#website","url":"https:\/\/bolting.eu\/en\/","name":"bolting.eu","description":"we make climbs happen","publisher":{"@id":"https:\/\/bolting.eu\/en\/#organization"},"potentialAction":[{"@type":"SearchAction","target":{"@type":"EntryPoint","urlTemplate":"https:\/\/bolting.eu\/en\/?s={search_term_string}"},"query-input":{"@type":"PropertyValueSpecification","valueRequired":true,"valueName":"search_term_string"}}],"inLanguage":"en-US"},{"@type":["Organization","Place","SportingGoodsStore"],"@id":"https:\/\/bolting.eu\/en\/#organization","name":"bolting.eu","url":"https:\/\/bolting.eu\/en\/","logo":{"@id":"https:\/\/bolting.eu\/en\/shop\/petzl-cord-tec-ersatzreepschnur\/#local-main-organization-logo"},"image":{"@id":"https:\/\/bolting.eu\/en\/shop\/petzl-cord-tec-ersatzreepschnur\/#local-main-organization-logo"},"sameAs":["https:\/\/www.facebook.com\/bolting.eu","https:\/\/www.instagram.com\/bolting.eu\/"],"address":{"@id":"https:\/\/bolting.eu\/en\/shop\/petzl-cord-tec-ersatzreepschnur\/#local-main-place-address"},"geo":{"@type":"GeoCoordinates","latitude":"47.264176340396226","longitude":"11.380109057672346"},"telephone":["+43 699 19083372"],"openingHoursSpecification":[{"@type":"OpeningHoursSpecification","dayOfWeek":["Monday","Wednesday","Friday"],"opens":"14:00","closes":"18:00"},{"@type":"OpeningHoursSpecification","dayOfWeek":["Tuesday","Thursday","Saturday","Sunday"],"opens":"00:00","closes":"00:00"}],"email":"office@bolting.eu","vatID":"ATU59999728","priceRange":"$$","currenciesAccepted":"Euro"},{"@type":"HowTo","@id":"https:\/\/bolting.eu\/en\/shop\/petzl-cord-tec-ersatzreepschnur\/#howto-1","name":"Petzl Cord-Tec Ersatzreepschnur","mainEntityOfPage":{"@id":"https:\/\/bolting.eu\/en\/shop\/petzl-cord-tec-ersatzreepschnur\/"},"description":"Montage Petzl Cord-Tec Ersatzreepschnur","totalTime":"P0DT0H10M","step":[{"@type":"HowToStep","url":"https:\/\/bolting.eu\/en\/shop\/petzl-cord-tec-ersatzreepschnur\/#how-to-step-1672738225467","text":"F\u00e4dle die Reepschnur entsprechend der Grafik in das Frontteil der Steigeisen. Vergiss nicht am kurzen Ende den Knoten zu machen. Es ist ein einfacher Sackstich der in der Folge zu einem Spierenstich wird."},{"@type":"HowToStep","url":"https:\/\/bolting.eu\/en\/shop\/petzl-cord-tec-ersatzreepschnur\/#how-to-step-1672738738688","text":"F\u00e4dle nun das lange Ende von oben durch das \u00e4u\u00dfere Loch. Dann fahre fersenseitig um den Metallsteg herum und f\u00e4dle erneut von oben in das n\u00e4chste Loch."},{"@type":"HowToStep","url":"https:\/\/bolting.eu\/en\/shop\/petzl-cord-tec-ersatzreepschnur\/#how-to-step-1672738853473","text":"F\u00e4dle das n\u00e4chste Loch zur Mitte hin von unten nach oben durch. Dann lege die Schnur fersenseitig unter den Metallsteg."},{"@type":"HowToStep","url":"https:\/\/bolting.eu\/en\/shop\/petzl-cord-tec-ersatzreepschnur\/#how-to-step-1672738903052","text":"F\u00fcr das letzte, \u00e4u\u00dfere Loch des Fersenteils f\u00e4dle die Reepschnur von unten kommend nach oben durch. Achte auf die richtige Wicklung lt. Schritt 3.!"},{"@type":"HowToStep","url":"https:\/\/bolting.eu\/en\/shop\/petzl-cord-tec-ersatzreepschnur\/#how-to-step-1672739022168","text":"Verbinde die beiden Enden nun mit einem einfachen Spierenstich. Achte dabei auf gen\u00fcgend \"\u00dcberstand\" von mindestens 2cm!"},{"@type":"HowToStep","url":"https:\/\/bolting.eu\/en\/shop\/petzl-cord-tec-ersatzreepschnur\/#how-to-step-1672739301689","text":"Legt die Reepschn\u00fcre am Fersenteil jeweils in die entsprechenden H\u00e4kchen, um die passende Gr\u00f6\u00dfe f\u00fcr eure Schuhe einzustellen. Durch Auseinanderziehen der Steigeisenteile die Reepschn\u00fcre dann auch gleich ordentlich spannen!"}],"inLanguage":"en-US"},{"@type":"PostalAddress","@id":"https:\/\/bolting.eu\/en\/shop\/petzl-cord-tec-ersatzreepschnur\/#local-main-place-address","streetAddress":"Fischnalerstra\u00dfe 4","addressLocality":"Innsbruck","postalCode":"6020","addressRegion":"Tirol","addressCountry":"AT"},{"@type":"ImageObject","inLanguage":"en-US","@id":"https:\/\/bolting.eu\/en\/shop\/petzl-cord-tec-ersatzreepschnur\/#local-main-organization-logo","url":"https:\/\/bolting.eu\/wp-content\/uploads\/2019\/09\/bolting-logo.png","contentUrl":"https:\/\/bolting.eu\/wp-content\/uploads\/2019\/09\/bolting-logo.png","width":400,"height":211,"caption":"bolting.eu"}]},"product_price_amount":"16.00","product_price_currency":"EUR","og_availability":"instock","product_availability":"instock","product_retailer_item_id":"T01ACOR","product_condition":"new","geo.placename":"Innsbruck","geo.position":{"lat":"47.264176340396226","long":"11.380109057672346"},"geo.region":"Austria"},"_links":{"self":[{"href":"https:\/\/bolting.eu\/en\/wp-json\/wp\/v2\/product\/14625","targetHints":{"allow":["GET"]}}],"collection":[{"href":"https:\/\/bolting.eu\/en\/wp-json\/wp\/v2\/product"}],"about":[{"href":"https:\/\/bolting.eu\/en\/wp-json\/wp\/v2\/types\/product"}],"replies":[{"embeddable":true,"href":"https:\/\/bolting.eu\/en\/wp-json\/wp\/v2\/comments?post=14625"}],"wp:featuredmedia":[{"embeddable":true,"href":"https:\/\/bolting.eu\/en\/wp-json\/wp\/v2\/media\/14627"}],"wp:attachment":[{"href":"https:\/\/bolting.eu\/en\/wp-json\/wp\/v2\/media?parent=14625"}],"wp:term":[{"taxonomy":"product_brand","embeddable":true,"href":"https:\/\/bolting.eu\/en\/wp-json\/wp\/v2\/product_brand?post=14625"},{"taxonomy":"product_cat","embeddable":true,"href":"https:\/\/bolting.eu\/en\/wp-json\/wp\/v2\/product_cat?post=14625"},{"taxonomy":"product_tag","embeddable":true,"href":"https:\/\/bolting.eu\/en\/wp-json\/wp\/v2\/product_tag?post=14625"}],"curies":[{"name":"wp","href":"https:\/\/api.w.org\/{rel}","templated":true}]}}