{"id":14570,"date":"2022-12-23T15:43:10","date_gmt":"2022-12-23T14:43:10","guid":{"rendered":"https:\/\/bolting.eu\/?post_type=product&#038;p=14570"},"modified":"2022-12-23T15:51:18","modified_gmt":"2022-12-23T14:51:18","slug":"edelrid-anti-beast-antistollplatte","status":"publish","type":"product","link":"https:\/\/bolting.eu\/en\/shop\/edelrid-anti-beast-antistollplatte\/","title":{"rendered":"Edelrid Anti Beast Antistollplatte"},"content":{"rendered":"<p>Die Edelrid Anti Beast\u00a0ist eine Antistollplatte f\u00fcr das gleichnamige <a href=\"https:\/\/bolting.eu\/produkt-kategorie\/bergsteiger-ausruestung\/steigeisen\/\">Steigeisen<\/a>. Damit kann man kaputte Schneeabweiser leicht selber ersetzen.<\/p>\n<p>Der Lieferumfang umfasst die Komponenten f\u00fcr ein Paar Steighilfen. D.h. 2 St\u00fcck Platten f\u00fcr die Frontteile und 2 St\u00fcck Platten f\u00fcr die Fersenteile. Weiters sind 8 St\u00fcck kleine Schrauben dabei.<\/p>\n<p>Der sofortige Ersatz kaputter Schneeabweiser ist wichtig. Nur so verhindert ihr das Anstollen von Schnee und seid weiterhin sicher unterwegs.<\/p>\n<h2>Eigenschaften Edelrid Anti Beast<\/h2>\n<ul>\n<li>Hersteller: <a href=\"https:\/\/bolting.eu\/produkt-kategorie\/edelrid\/\">Edelrid<\/a><\/li>\n<li>Material: Kunststoff in Zweikomponenten Bauweise<\/li>\n<li>harter Rahmen<\/li>\n<li>weicher Innenbereich f\u00fcr aktiven Schneeauswurf<\/li>\n<li>Gewicht: 96 Gramm<\/li>\n<li><strong>Antistollplatte nur f\u00fcr <a href=\"https:\/\/bolting.eu\/shop\/edelrid-beast-steigeisen\/\">Beast Steigeisen<\/a><\/strong><\/li>\n<li>fester, 3-dimensionaler Formschluss<\/li>\n<li><strong>Inhalt: 2 Platten f\u00fcr Frontteil, 2 Platten f\u00fcr Fersenteil = 1 Paar Steigeisen<\/strong><\/li>\n<li>Lieferumfang inkl. den kleinen Schrauben \u2013 <strong>Obacht beim \u00d6ffnen!<\/strong><\/li>\n<\/ul>\n<h3>Zweikomponenten Kunststoff<\/h3>\n<p>Das tolle bei der Beast Antistollplatte ist das Hybrid Material. Genauer gesagt der Zweikomponenten Kunststoff.<\/p>\n<p>Dieser verleiht zum einen den Rahmen eines jeden Plattenst\u00fccks die n\u00f6tiger H\u00e4rte. Und zum anderen dem gew\u00f6lbten Innenteil die gewollte Weichheit. So k\u00f6nnen die W\u00f6lbungen den Schnee aktiv absto\u00dfen. Er hat keine Chance \u201epicken\u201c zu bleiben.<\/p>\n<h3>Obacht beim Auspacken<\/h3>\n<p>Gebt Acht wenn ihr die Packung \u00f6ffnet. Denn befinden sich viele kleine Schrauben darin!<\/p>\n<p>Wir empfehlen euch, den Kunststoffbeutel \u00fcber einer gro\u00dfen Sch\u00fcssel aufzuschneiden. So kann nichts verloren gehen. Und die Anti Beast ganz entspannt montiert werden.<\/p>\n<h3>Edelrid Anti Beast mit der Hand montieren!<\/h3>\n<p>Das Festziehen der kleinen Schrauben m\u00fcsst ihr unbedingt mit der Hand machen. Denn mit einem Akku \u2013 Schrauber ist der Drehmoment gleich mal viel zu gro\u00df. D.h. ihr k\u00f6nnt euch da die Schrauben abdrehen.<\/p>\n<p>Also besser mit Gef\u00fchl per Hand anschrauben und fr\u00fch genug aufh\u00f6ren. Ideal ist, wenn man den Kunststoff neben den L\u00f6chern nur leicht zusammendr\u00fcckt.<\/p>\n","protected":false},"excerpt":{"rendered":"<p>Antistollplatten f\u00fcr das ein Paar Edelrid Beast Steigeisen zum selber austauschen. 4 Platten f\u00fcr 1 ganzes Paar Steigeisen!<\/p>\n<p>Kann leicht selber mit Kreuzschraubenzieher gemacht werden.<\/p>\n<p>Versandkostenfrei <img decoding=\"async\" class=\"emoji\" role=\"img\" draggable=\"false\" src=\"https:\/\/s.w.org\/images\/core\/emoji\/13.1.0\/svg\/2705.svg\" alt=\"\u2705\" \/> bis 2kg in <img decoding=\"async\" class=\"emoji\" role=\"img\" draggable=\"false\" src=\"https:\/\/s.w.org\/images\/core\/emoji\/13.1.0\/svg\/1f1e6-1f1f9.svg\" alt=\"\ud83c\udde6\ud83c\uddf9\" \/> ab \u20ac 100,- und <img decoding=\"async\" class=\"emoji\" role=\"img\" draggable=\"false\" src=\"https:\/\/s.w.org\/images\/core\/emoji\/13.1.0\/svg\/1f1e9-1f1ea.svg\" alt=\"\ud83c\udde9\ud83c\uddea\" \/> ab \u20ac 200,-!<\/p>\n","protected":false},"featured_media":14572,"comment_status":"closed","ping_status":"closed","template":"","meta":[],"product_brand":[],"product_cat":[4655,13938,14356],"product_tag":[],"class_list":{"0":"post-14570","1":"product","2":"type-product","3":"status-publish","4":"has-post-thumbnail","6":"product_cat-edelrid","7":"product_cat-bergsteiger-ausruestung","8":"product_cat-steigeisen-ersatzteile-zubehoer","10":"first","11":"instock","12":"taxable","13":"shipping-taxable","14":"purchasable","15":"product-type-simple"},"yoast_head":"<!-- This site is optimized with the Yoast SEO Premium plugin v26.9 (Yoast SEO v26.9) - https:\/\/yoast.com\/product\/yoast-seo-premium-wordpress\/ -->\n<title>Edelrid Anti Beast Antistollplatte | bolting.eu<\/title>\n<meta name=\"description\" content=\"Edelrid Anti Beast Antistollplatte beim Kletter Hardwareprofi kaufen \u2705 kostenloser Versand* \u2705 14 Tage R\u00fcckgaberecht \u2705 Co2 neutraler Versand\" \/>\n<meta name=\"robots\" content=\"index, follow, max-snippet:-1, max-image-preview:large, max-video-preview:-1\" \/>\n<link rel=\"canonical\" href=\"https:\/\/bolting.eu\/en\/shop\/edelrid-anti-beast-antistollplatte\/\" \/>\n<meta property=\"og:locale\" content=\"en_US\" \/>\n<meta property=\"og:type\" content=\"article\" \/>\n<meta property=\"og:title\" content=\"Edelrid Anti Beast Antistollplatte\" \/>\n<meta property=\"og:description\" content=\"Edelrid Anti Beast Antistollplatte beim Kletter Hardwareprofi kaufen \u2705 kostenloser Versand* \u2705 14 Tage R\u00fcckgaberecht \u2705 Co2 neutraler Versand\" \/>\n<meta property=\"og:url\" content=\"https:\/\/bolting.eu\/en\/shop\/edelrid-anti-beast-antistollplatte\/\" \/>\n<meta property=\"og:site_name\" content=\"bolting.eu\" \/>\n<meta property=\"article:publisher\" content=\"https:\/\/www.facebook.com\/bolting.eu\" \/>\n<meta property=\"article:modified_time\" content=\"2022-12-23T14:51:18+00:00\" \/>\n<meta property=\"og:image\" content=\"https:\/\/bolting.eu\/wp-content\/uploads\/2022\/12\/Edelrid-Anti-Beast-1.jpg\" \/>\n\t<meta property=\"og:image:width\" content=\"700\" \/>\n\t<meta property=\"og:image:height\" content=\"700\" \/>\n\t<meta property=\"og:image:type\" content=\"image\/jpeg\" \/>\n<meta name=\"twitter:card\" content=\"summary_large_image\" \/>\n<meta name=\"twitter:label1\" content=\"Price\" \/>\n\t<meta name=\"twitter:data1\" content=\"&euro;&nbsp;20,00\" \/>\n\t<meta name=\"twitter:label2\" content=\"Availability\" \/>\n\t<meta name=\"twitter:data2\" content=\"In stock\" \/>\n<script type=\"application\/ld+json\" class=\"yoast-schema-graph\">{\"@context\":\"https:\/\/schema.org\",\"@graph\":[{\"@type\":[\"WebPage\",\"ItemPage\"],\"@id\":\"https:\/\/bolting.eu\/en\/shop\/edelrid-anti-beast-antistollplatte\/\",\"url\":\"https:\/\/bolting.eu\/en\/shop\/edelrid-anti-beast-antistollplatte\/\",\"name\":\"Edelrid Anti Beast Antistollplatte | bolting.eu\",\"isPartOf\":{\"@id\":\"https:\/\/bolting.eu\/en\/#website\"},\"primaryImageOfPage\":{\"@id\":\"https:\/\/bolting.eu\/en\/shop\/edelrid-anti-beast-antistollplatte\/#primaryimage\"},\"image\":{\"@id\":\"https:\/\/bolting.eu\/en\/shop\/edelrid-anti-beast-antistollplatte\/#primaryimage\"},\"thumbnailUrl\":\"https:\/\/bolting.eu\/wp-content\/uploads\/2022\/12\/Edelrid-Anti-Beast-1.jpg\",\"datePublished\":\"2022-12-23T14:43:10+00:00\",\"dateModified\":\"2022-12-23T14:51:18+00:00\",\"description\":\"Edelrid Anti Beast Antistollplatte beim Kletter Hardwareprofi kaufen \u2705 kostenloser Versand* \u2705 14 Tage R\u00fcckgaberecht \u2705 Co2 neutraler Versand\",\"breadcrumb\":{\"@id\":\"https:\/\/bolting.eu\/en\/shop\/edelrid-anti-beast-antistollplatte\/#breadcrumb\"},\"inLanguage\":\"en-US\",\"potentialAction\":[{\"@type\":\"ReadAction\",\"target\":[\"https:\/\/bolting.eu\/en\/shop\/edelrid-anti-beast-antistollplatte\/\"]}]},{\"@type\":\"ImageObject\",\"inLanguage\":\"en-US\",\"@id\":\"https:\/\/bolting.eu\/en\/shop\/edelrid-anti-beast-antistollplatte\/#primaryimage\",\"url\":\"https:\/\/bolting.eu\/wp-content\/uploads\/2022\/12\/Edelrid-Anti-Beast-1.jpg\",\"contentUrl\":\"https:\/\/bolting.eu\/wp-content\/uploads\/2022\/12\/Edelrid-Anti-Beast-1.jpg\",\"width\":700,\"height\":700,\"caption\":\"Zwei grell gr\u00fcne Platten der Edelrid Anti Beast Antistollplatte.\"},{\"@type\":\"BreadcrumbList\",\"@id\":\"https:\/\/bolting.eu\/en\/shop\/edelrid-anti-beast-antistollplatte\/#breadcrumb\",\"itemListElement\":[{\"@type\":\"ListItem\",\"position\":1,\"name\":\"Shop\",\"item\":\"https:\/\/bolting.eu\/en\/shop\/\"},{\"@type\":\"ListItem\",\"position\":2,\"name\":\"Bergsteiger Ausr\u00fcstung\",\"item\":\"https:\/\/bolting.eu\/produkt-kategorie\/bergsteiger-ausruestung\/\"},{\"@type\":\"ListItem\",\"position\":3,\"name\":\"Steigeisen Ersatzteile - Zubeh\u00f6r\",\"item\":\"https:\/\/bolting.eu\/produkt-kategorie\/bergsteiger-ausruestung\/steigeisen-ersatzteile-zubehoer\/\"},{\"@type\":\"ListItem\",\"position\":4,\"name\":\"Edelrid Anti Beast Antistollplatte\"}]},{\"@type\":\"WebSite\",\"@id\":\"https:\/\/bolting.eu\/en\/#website\",\"url\":\"https:\/\/bolting.eu\/en\/\",\"name\":\"bolting.eu\",\"description\":\"we make climbs happen\",\"publisher\":{\"@id\":\"https:\/\/bolting.eu\/en\/#organization\"},\"potentialAction\":[{\"@type\":\"SearchAction\",\"target\":{\"@type\":\"EntryPoint\",\"urlTemplate\":\"https:\/\/bolting.eu\/en\/?s={search_term_string}\"},\"query-input\":{\"@type\":\"PropertyValueSpecification\",\"valueRequired\":true,\"valueName\":\"search_term_string\"}}],\"inLanguage\":\"en-US\"},{\"@type\":[\"Organization\",\"Place\",\"SportingGoodsStore\"],\"@id\":\"https:\/\/bolting.eu\/en\/#organization\",\"name\":\"bolting.eu\",\"url\":\"https:\/\/bolting.eu\/en\/\",\"logo\":{\"@id\":\"https:\/\/bolting.eu\/en\/shop\/edelrid-anti-beast-antistollplatte\/#local-main-organization-logo\"},\"image\":{\"@id\":\"https:\/\/bolting.eu\/en\/shop\/edelrid-anti-beast-antistollplatte\/#local-main-organization-logo\"},\"sameAs\":[\"https:\/\/www.facebook.com\/bolting.eu\",\"https:\/\/www.instagram.com\/bolting.eu\/\"],\"address\":{\"@id\":\"https:\/\/bolting.eu\/en\/shop\/edelrid-anti-beast-antistollplatte\/#local-main-place-address\"},\"geo\":{\"@type\":\"GeoCoordinates\",\"latitude\":\"47.264176340396226\",\"longitude\":\"11.380109057672346\"},\"telephone\":[\"+43 699 19083372\"],\"openingHoursSpecification\":[{\"@type\":\"OpeningHoursSpecification\",\"dayOfWeek\":[\"Monday\",\"Wednesday\",\"Friday\"],\"opens\":\"14:00\",\"closes\":\"18:00\"},{\"@type\":\"OpeningHoursSpecification\",\"dayOfWeek\":[\"Tuesday\",\"Thursday\",\"Saturday\",\"Sunday\"],\"opens\":\"00:00\",\"closes\":\"00:00\"}],\"email\":\"office@bolting.eu\",\"vatID\":\"ATU59999728\",\"priceRange\":\"$$\",\"currenciesAccepted\":\"Euro\"},{\"@type\":\"PostalAddress\",\"@id\":\"https:\/\/bolting.eu\/en\/shop\/edelrid-anti-beast-antistollplatte\/#local-main-place-address\",\"streetAddress\":\"Fischnalerstra\u00dfe 4\",\"addressLocality\":\"Innsbruck\",\"postalCode\":\"6020\",\"addressRegion\":\"Tirol\",\"addressCountry\":\"AT\"},{\"@type\":\"ImageObject\",\"inLanguage\":\"en-US\",\"@id\":\"https:\/\/bolting.eu\/en\/shop\/edelrid-anti-beast-antistollplatte\/#local-main-organization-logo\",\"url\":\"https:\/\/bolting.eu\/wp-content\/uploads\/2019\/09\/bolting-logo.png\",\"contentUrl\":\"https:\/\/bolting.eu\/wp-content\/uploads\/2019\/09\/bolting-logo.png\",\"width\":400,\"height\":211,\"caption\":\"bolting.eu\"}]}<\/script>\n<meta property=\"product:price:amount\" content=\"20.00\" \/>\n<meta property=\"product:price:currency\" content=\"EUR\" \/>\n<meta property=\"og:availability\" content=\"instock\" \/>\n<meta property=\"product:availability\" content=\"instock\" \/>\n<meta property=\"product:retailer_item_id\" content=\"744090001380\" \/>\n<meta property=\"product:condition\" content=\"new\" \/>\n<meta name=\"geo.placename\" content=\"Innsbruck\" \/>\n<meta name=\"geo.position\" content=\"47.264176340396226;11.380109057672346\" \/>\n<meta name=\"geo.region\" content=\"Austria\" \/>\n<!-- \/ Yoast SEO Premium plugin. -->","yoast_head_json":{"title":"Edelrid Anti Beast Antistollplatte | bolting.eu","description":"Edelrid Anti Beast Antistollplatte beim Kletter Hardwareprofi kaufen \u2705 kostenloser Versand* \u2705 14 Tage R\u00fcckgaberecht \u2705 Co2 neutraler Versand","robots":{"index":"index","follow":"follow","max-snippet":"max-snippet:-1","max-image-preview":"max-image-preview:large","max-video-preview":"max-video-preview:-1"},"canonical":"https:\/\/bolting.eu\/en\/shop\/edelrid-anti-beast-antistollplatte\/","og_locale":"en_US","og_type":"article","og_title":"Edelrid Anti Beast Antistollplatte","og_description":"Edelrid Anti Beast Antistollplatte beim Kletter Hardwareprofi kaufen \u2705 kostenloser Versand* \u2705 14 Tage R\u00fcckgaberecht \u2705 Co2 neutraler Versand","og_url":"https:\/\/bolting.eu\/en\/shop\/edelrid-anti-beast-antistollplatte\/","og_site_name":"bolting.eu","article_publisher":"https:\/\/www.facebook.com\/bolting.eu","article_modified_time":"2022-12-23T14:51:18+00:00","og_image":[{"width":700,"height":700,"url":"https:\/\/bolting.eu\/wp-content\/uploads\/2022\/12\/Edelrid-Anti-Beast-1.jpg","type":"image\/jpeg"}],"twitter_card":"summary_large_image","twitter_misc":{"Price":"&euro;&nbsp;20,00","Availability":"In stock"},"schema":{"@context":"https:\/\/schema.org","@graph":[{"@type":["WebPage","ItemPage"],"@id":"https:\/\/bolting.eu\/en\/shop\/edelrid-anti-beast-antistollplatte\/","url":"https:\/\/bolting.eu\/en\/shop\/edelrid-anti-beast-antistollplatte\/","name":"Edelrid Anti Beast Antistollplatte | bolting.eu","isPartOf":{"@id":"https:\/\/bolting.eu\/en\/#website"},"primaryImageOfPage":{"@id":"https:\/\/bolting.eu\/en\/shop\/edelrid-anti-beast-antistollplatte\/#primaryimage"},"image":{"@id":"https:\/\/bolting.eu\/en\/shop\/edelrid-anti-beast-antistollplatte\/#primaryimage"},"thumbnailUrl":"https:\/\/bolting.eu\/wp-content\/uploads\/2022\/12\/Edelrid-Anti-Beast-1.jpg","datePublished":"2022-12-23T14:43:10+00:00","dateModified":"2022-12-23T14:51:18+00:00","description":"Edelrid Anti Beast Antistollplatte beim Kletter Hardwareprofi kaufen \u2705 kostenloser Versand* \u2705 14 Tage R\u00fcckgaberecht \u2705 Co2 neutraler Versand","breadcrumb":{"@id":"https:\/\/bolting.eu\/en\/shop\/edelrid-anti-beast-antistollplatte\/#breadcrumb"},"inLanguage":"en-US","potentialAction":[{"@type":"ReadAction","target":["https:\/\/bolting.eu\/en\/shop\/edelrid-anti-beast-antistollplatte\/"]}]},{"@type":"ImageObject","inLanguage":"en-US","@id":"https:\/\/bolting.eu\/en\/shop\/edelrid-anti-beast-antistollplatte\/#primaryimage","url":"https:\/\/bolting.eu\/wp-content\/uploads\/2022\/12\/Edelrid-Anti-Beast-1.jpg","contentUrl":"https:\/\/bolting.eu\/wp-content\/uploads\/2022\/12\/Edelrid-Anti-Beast-1.jpg","width":700,"height":700,"caption":"Zwei grell gr\u00fcne Platten der Edelrid Anti Beast Antistollplatte."},{"@type":"BreadcrumbList","@id":"https:\/\/bolting.eu\/en\/shop\/edelrid-anti-beast-antistollplatte\/#breadcrumb","itemListElement":[{"@type":"ListItem","position":1,"name":"Shop","item":"https:\/\/bolting.eu\/en\/shop\/"},{"@type":"ListItem","position":2,"name":"Bergsteiger Ausr\u00fcstung","item":"https:\/\/bolting.eu\/produkt-kategorie\/bergsteiger-ausruestung\/"},{"@type":"ListItem","position":3,"name":"Steigeisen Ersatzteile - Zubeh\u00f6r","item":"https:\/\/bolting.eu\/produkt-kategorie\/bergsteiger-ausruestung\/steigeisen-ersatzteile-zubehoer\/"},{"@type":"ListItem","position":4,"name":"Edelrid Anti Beast Antistollplatte"}]},{"@type":"WebSite","@id":"https:\/\/bolting.eu\/en\/#website","url":"https:\/\/bolting.eu\/en\/","name":"bolting.eu","description":"we make climbs happen","publisher":{"@id":"https:\/\/bolting.eu\/en\/#organization"},"potentialAction":[{"@type":"SearchAction","target":{"@type":"EntryPoint","urlTemplate":"https:\/\/bolting.eu\/en\/?s={search_term_string}"},"query-input":{"@type":"PropertyValueSpecification","valueRequired":true,"valueName":"search_term_string"}}],"inLanguage":"en-US"},{"@type":["Organization","Place","SportingGoodsStore"],"@id":"https:\/\/bolting.eu\/en\/#organization","name":"bolting.eu","url":"https:\/\/bolting.eu\/en\/","logo":{"@id":"https:\/\/bolting.eu\/en\/shop\/edelrid-anti-beast-antistollplatte\/#local-main-organization-logo"},"image":{"@id":"https:\/\/bolting.eu\/en\/shop\/edelrid-anti-beast-antistollplatte\/#local-main-organization-logo"},"sameAs":["https:\/\/www.facebook.com\/bolting.eu","https:\/\/www.instagram.com\/bolting.eu\/"],"address":{"@id":"https:\/\/bolting.eu\/en\/shop\/edelrid-anti-beast-antistollplatte\/#local-main-place-address"},"geo":{"@type":"GeoCoordinates","latitude":"47.264176340396226","longitude":"11.380109057672346"},"telephone":["+43 699 19083372"],"openingHoursSpecification":[{"@type":"OpeningHoursSpecification","dayOfWeek":["Monday","Wednesday","Friday"],"opens":"14:00","closes":"18:00"},{"@type":"OpeningHoursSpecification","dayOfWeek":["Tuesday","Thursday","Saturday","Sunday"],"opens":"00:00","closes":"00:00"}],"email":"office@bolting.eu","vatID":"ATU59999728","priceRange":"$$","currenciesAccepted":"Euro"},{"@type":"PostalAddress","@id":"https:\/\/bolting.eu\/en\/shop\/edelrid-anti-beast-antistollplatte\/#local-main-place-address","streetAddress":"Fischnalerstra\u00dfe 4","addressLocality":"Innsbruck","postalCode":"6020","addressRegion":"Tirol","addressCountry":"AT"},{"@type":"ImageObject","inLanguage":"en-US","@id":"https:\/\/bolting.eu\/en\/shop\/edelrid-anti-beast-antistollplatte\/#local-main-organization-logo","url":"https:\/\/bolting.eu\/wp-content\/uploads\/2019\/09\/bolting-logo.png","contentUrl":"https:\/\/bolting.eu\/wp-content\/uploads\/2019\/09\/bolting-logo.png","width":400,"height":211,"caption":"bolting.eu"}]},"product_price_amount":"20.00","product_price_currency":"EUR","og_availability":"instock","product_availability":"instock","product_retailer_item_id":"744090001380","product_condition":"new","geo.placename":"Innsbruck","geo.position":{"lat":"47.264176340396226","long":"11.380109057672346"},"geo.region":"Austria"},"_links":{"self":[{"href":"https:\/\/bolting.eu\/en\/wp-json\/wp\/v2\/product\/14570","targetHints":{"allow":["GET"]}}],"collection":[{"href":"https:\/\/bolting.eu\/en\/wp-json\/wp\/v2\/product"}],"about":[{"href":"https:\/\/bolting.eu\/en\/wp-json\/wp\/v2\/types\/product"}],"replies":[{"embeddable":true,"href":"https:\/\/bolting.eu\/en\/wp-json\/wp\/v2\/comments?post=14570"}],"wp:featuredmedia":[{"embeddable":true,"href":"https:\/\/bolting.eu\/en\/wp-json\/wp\/v2\/media\/14572"}],"wp:attachment":[{"href":"https:\/\/bolting.eu\/en\/wp-json\/wp\/v2\/media?parent=14570"}],"wp:term":[{"taxonomy":"product_brand","embeddable":true,"href":"https:\/\/bolting.eu\/en\/wp-json\/wp\/v2\/product_brand?post=14570"},{"taxonomy":"product_cat","embeddable":true,"href":"https:\/\/bolting.eu\/en\/wp-json\/wp\/v2\/product_cat?post=14570"},{"taxonomy":"product_tag","embeddable":true,"href":"https:\/\/bolting.eu\/en\/wp-json\/wp\/v2\/product_tag?post=14570"}],"curies":[{"name":"wp","href":"https:\/\/api.w.org\/{rel}","templated":true}]}}