{"id":14542,"date":"2022-12-23T08:27:40","date_gmt":"2022-12-23T07:27:40","guid":{"rendered":"https:\/\/bolting.eu\/?post_type=product&#038;p=14542"},"modified":"2025-07-04T17:58:24","modified_gmt":"2025-07-04T15:58:24","slug":"petzl-evolv-adjust","status":"publish","type":"product","link":"https:\/\/bolting.eu\/en\/shop\/petzl-evolv-adjust\/","title":{"rendered":"Petzl Evolv Adjust"},"content":{"rendered":"<p>Die <a href=\"https:\/\/bolting.eu\/produkt-kategorie\/petzl\/\">Petzl<\/a> Evolv Adjust ist eine Selbstsicherungsschlinge mit zwei Armen. Diese k\u00f6nnen jeweils individuell eingestellt werden.<\/p>\n<p>Folglich kommt dieses Produkt bei zwei Szenarien zum Einsatz.<\/p>\n<p>Erstens dort, wo man sich sehr genau zwischen zwei Fixpunkten hin und her positionieren will. Wie z.B. bei H\u00f6henarbeiten oder Kletterrouten einbohren.<\/p>\n<p>Zweitens wird die Schlinge auch ganz oft beim Techno-Klettern verwendet. Hier kann man sich durch das &#8220;Anziehen&#8221; an den individuellen Str\u00e4ngen perfekt von Placement zu Placement &#8220;hangeln&#8221;.<\/p>\n<p>Damit vervollst\u00e4ndigt der Hersteller sein Sortiment an Positionierungshilfen perfekt. Denn es warten ja auch noch die &#8220;normale&#8221; <a href=\"https:\/\/bolting.eu\/shop\/petzl-connect-adjust-selbstsicherungsschlinge\/\">Connect Adjust Selbstsicherungsschlinge<\/a>, die <a href=\"https:\/\/bolting.eu\/shop\/petzl-dual-connect-vario-standplatzschlinge\/\">Dual Connect Vario Standplatzschlinge<\/a> und <a href=\"https:\/\/bolting.eu\/shop\/petzl-dual-connect-adjust-abseilschlinge\/\">Dual Connect Adjust Abseilschlinge<\/a> auf euch.<\/p>\n<h2>Eigenschaften Petzl Evolv Adjust<\/h2>\n<ul>\n<li>Hersteller: Petzl<\/li>\n<li>Material: Polyamid, Alu, TPE (thermoplastisches Elastomer)<\/li>\n<li>L\u00e4nge: 15 &#8211; 150cm<\/li>\n<li>Gewicht: 220 Gramm<\/li>\n<li>Selbstsicherungsschlinge mit zwei individuell einstellbaren Armen<\/li>\n<li>Befestigung am Gurt mit Ankerstich<\/li>\n<li>erm\u00f6glicht schnelle und genaue Positionierung<\/li>\n<li>dynamisches Seil verringert Fangsto\u00df* bei Sturz aus geringer H\u00f6he<\/li>\n<li>empfohlener Karabiner: <a href=\"https:\/\/bolting.eu\/shop\/petzl-spirit-screw-lock\/\">Spirit Screw Lock<\/a><\/li>\n<li>keine PSA!!!<\/li>\n<li><a href=\"https:\/\/www.petzl.com\/sfc\/servlet.shepherd\/version\/download\/068w0000003HdQBAA0\" target=\"_blank\" rel=\"noopener\">Bedienungsanleitung<\/a><\/li>\n<\/ul>\n<p>* Achtung. Diese Schlinge darf niemals \u00fcberhalb der Sicherungspunkte und auch niemals alleine ohne Seilsicherung verwendet werden. Denn es hat \/ ist kein Falld\u00e4mpfer! Nur geeignet f\u00fcr St\u00fcrze unter dem Sturzfaktor 1!<br \/>\nFolglich niemals als Ersatz f\u00fcr ein Klettersteigset verwenden!!!<\/p>\n<h3>Produkt Review<\/h3>\n<p>Im Folgenden findet ihr eine interessante Review zu dem Produkt. Uns gefallen die \u00dcberlegungen zur Verbesserung des Handlings mit den Modifikationen.<\/p>\n<p>Sie k\u00f6nnen bei Techno Klettern tats\u00e4chlich sinnvoll sein. F\u00fcr H\u00f6henarbeiten sind individuelle Modifikationen an der Evolv Adjust nat\u00fcrlich ausgeschlossen, wenn ihr nach zertifiziert en Standards arbeiten m\u00f6chtet.<\/p>\n<p><iframe loading=\"lazy\" title=\"Petzl Evolv Adjust - Review and modifications\" width=\"1020\" height=\"574\" src=\"https:\/\/www.youtube.com\/embed\/MIn8Wy29u6c?feature=oembed\" frameborder=\"0\" allow=\"accelerometer; autoplay; clipboard-write; encrypted-media; gyroscope; picture-in-picture; web-share\" referrerpolicy=\"strict-origin-when-cross-origin\" allowfullscreen><\/iframe><\/p>\n<h3>\u00a0Passender Karabiner wichtig!<\/h3>\n<p>Beachtet! Die Grundlage der Funktionalit\u00e4t der Selbstsicherungsschlinge ist die Adjust &#8220;Klemme&#8221;. Sie funktioniert durch das Zusammenspiels der Geometrien a) des dynamischen Seilst\u00fccks b) des verwendeten Karabiners und c) der Klemme.<\/p>\n<p>Deswegen ist es nicht egal, welchen Karabiner ihr verwendet. Empfohlen wird er Petzl Spirit. Wer andere Modelle verwendet, muss pr\u00fcfen, ob die Geometrie zum gew\u00fcnschten Abklemmen f\u00fchrt oder nicht!<\/p>\n<figure id=\"attachment_14543\" aria-describedby=\"caption-attachment-14543\" style=\"width: 400px\" class=\"wp-caption alignnone\"><a href=\"https:\/\/bolting.eu\/wp-content\/uploads\/2022\/12\/Petzl-Evolv-Adjust-4.jpg\"><img loading=\"lazy\" decoding=\"async\" class=\"wp-image-14543 size-medium\" src=\"https:\/\/bolting.eu\/wp-content\/uploads\/2022\/12\/Petzl-Evolv-Adjust-4-400x400.jpg\" alt=\"Eine Hand h\u00e4lt die Petzl Evolv Adjust Selbstsicherungsschlinge und Karabiner ein.\" width=\"400\" height=\"400\" srcset=\"https:\/\/bolting.eu\/wp-content\/uploads\/2022\/12\/Petzl-Evolv-Adjust-4-400x400.jpg 400w, https:\/\/bolting.eu\/wp-content\/uploads\/2022\/12\/Petzl-Evolv-Adjust-4-100x100.jpg 100w, https:\/\/bolting.eu\/wp-content\/uploads\/2022\/12\/Petzl-Evolv-Adjust-4-510x510.jpg 510w, https:\/\/bolting.eu\/wp-content\/uploads\/2022\/12\/Petzl-Evolv-Adjust-4-280x280.jpg 280w, https:\/\/bolting.eu\/wp-content\/uploads\/2022\/12\/Petzl-Evolv-Adjust-4-300x300.jpg 300w, https:\/\/bolting.eu\/wp-content\/uploads\/2022\/12\/Petzl-Evolv-Adjust-4-600x600.jpg 600w, https:\/\/bolting.eu\/wp-content\/uploads\/2022\/12\/Petzl-Evolv-Adjust-4.jpg 700w\" sizes=\"auto, (max-width: 400px) 100vw, 400px\" \/><\/a><figcaption id=\"caption-attachment-14543\" class=\"wp-caption-text\">F\u00fcr eine reibungslose Funktion sollte der empfohlene KArabiner verwendet werden. Ansonsten muss man pr\u00fcfen, ob die Geometrie des Karabiners ein sicheres Abklemmen des Seilst\u00fccks gew\u00e4hrleistet.<\/figcaption><\/figure>\n","protected":false},"excerpt":{"rendered":"<p>Positionierungsmittel mit zwei individuell einstellbaren Armen. L\u00e4nge jeweils 15 &#8211; 150cm. Ideal f\u00fcr H\u00f6henarbeiten und Techno Klettern.<\/p>\n<p>Das dynamische Seil reduziert den Fangsto\u00df bei St\u00fcrzen aus geringer H\u00f6he. Lieferumfang ohne Petzl Spirit Karabiner.<\/p>\n<p>Versandkostenfrei bis 2kg in <img decoding=\"async\" class=\"emoji\" role=\"img\" draggable=\"false\" src=\"https:\/\/s.w.org\/images\/core\/emoji\/13.1.0\/svg\/1f1e6-1f1f9.svg\" alt=\"\ud83c\udde6\ud83c\uddf9\" \/> ab \u20ac 100,- und <img decoding=\"async\" class=\"emoji\" role=\"img\" draggable=\"false\" src=\"https:\/\/s.w.org\/images\/core\/emoji\/13.1.0\/svg\/1f1e9-1f1ea.svg\" alt=\"\ud83c\udde9\ud83c\uddea\" \/> ab \u20ac 200,-!<\/p>\n","protected":false},"featured_media":14546,"comment_status":"closed","ping_status":"closed","template":"","meta":[],"product_brand":[],"product_cat":[31,14093],"product_tag":[],"class_list":{"0":"post-14542","1":"product","2":"type-product","3":"status-publish","4":"has-post-thumbnail","6":"product_cat-big-wall-ausruestung","7":"product_cat-petzl","9":"first","10":"instock","11":"taxable","12":"shipping-taxable","13":"purchasable","14":"product-type-simple"},"yoast_head":"<!-- This site is optimized with the Yoast SEO Premium plugin v26.9 (Yoast SEO v26.9) - https:\/\/yoast.com\/product\/yoast-seo-premium-wordpress\/ -->\n<title>Petzl Evolv Adjust - Positionierungsmittel | bolting.eu<\/title>\n<meta name=\"description\" content=\"Petzl Evolv Adjust Positionierungsmittel beim Kletterprofi kaufen \u2705 kostenloser Versand* \u2705 14 Tage R\u00fcckgaberecht \u2705 Co2 neutraler Versand\" \/>\n<meta name=\"robots\" content=\"index, follow, max-snippet:-1, max-image-preview:large, max-video-preview:-1\" \/>\n<link rel=\"canonical\" href=\"https:\/\/bolting.eu\/en\/shop\/petzl-evolv-adjust\/\" \/>\n<meta property=\"og:locale\" content=\"en_US\" \/>\n<meta property=\"og:type\" content=\"article\" \/>\n<meta property=\"og:title\" content=\"Petzl Evolv Adjust\" \/>\n<meta property=\"og:description\" content=\"Petzl Evolv Adjust Positionierungsmittel beim Kletterprofi kaufen \u2705 kostenloser Versand* \u2705 14 Tage R\u00fcckgaberecht \u2705 Co2 neutraler Versand\" \/>\n<meta property=\"og:url\" content=\"https:\/\/bolting.eu\/en\/shop\/petzl-evolv-adjust\/\" \/>\n<meta property=\"og:site_name\" content=\"bolting.eu\" \/>\n<meta property=\"article:publisher\" content=\"https:\/\/www.facebook.com\/bolting.eu\" \/>\n<meta property=\"article:modified_time\" content=\"2025-07-04T15:58:24+00:00\" \/>\n<meta property=\"og:image\" content=\"https:\/\/bolting.eu\/wp-content\/uploads\/2022\/12\/Petzl-Evolv-Adjust-1.jpg\" \/>\n\t<meta property=\"og:image:width\" content=\"700\" \/>\n\t<meta property=\"og:image:height\" content=\"700\" \/>\n\t<meta property=\"og:image:type\" content=\"image\/jpeg\" \/>\n<meta name=\"twitter:card\" content=\"summary_large_image\" \/>\n<meta name=\"twitter:label1\" content=\"Price\" \/>\n\t<meta name=\"twitter:data1\" content=\"&euro;&nbsp;70,00\" \/>\n\t<meta name=\"twitter:label2\" content=\"Availability\" \/>\n\t<meta name=\"twitter:data2\" content=\"In stock\" \/>\n<script type=\"application\/ld+json\" class=\"yoast-schema-graph\">{\"@context\":\"https:\/\/schema.org\",\"@graph\":[{\"@type\":[\"WebPage\",\"ItemPage\"],\"@id\":\"https:\/\/bolting.eu\/en\/shop\/petzl-evolv-adjust\/\",\"url\":\"https:\/\/bolting.eu\/en\/shop\/petzl-evolv-adjust\/\",\"name\":\"Petzl Evolv Adjust - Positionierungsmittel | bolting.eu\",\"isPartOf\":{\"@id\":\"https:\/\/bolting.eu\/en\/#website\"},\"primaryImageOfPage\":{\"@id\":\"https:\/\/bolting.eu\/en\/shop\/petzl-evolv-adjust\/#primaryimage\"},\"image\":{\"@id\":\"https:\/\/bolting.eu\/en\/shop\/petzl-evolv-adjust\/#primaryimage\"},\"thumbnailUrl\":\"https:\/\/bolting.eu\/wp-content\/uploads\/2022\/12\/Petzl-Evolv-Adjust-1.jpg\",\"datePublished\":\"2022-12-23T07:27:40+00:00\",\"dateModified\":\"2025-07-04T15:58:24+00:00\",\"description\":\"Petzl Evolv Adjust Positionierungsmittel beim Kletterprofi kaufen \u2705 kostenloser Versand* \u2705 14 Tage R\u00fcckgaberecht \u2705 Co2 neutraler Versand\",\"breadcrumb\":{\"@id\":\"https:\/\/bolting.eu\/en\/shop\/petzl-evolv-adjust\/#breadcrumb\"},\"inLanguage\":\"en-US\",\"potentialAction\":[{\"@type\":\"ReadAction\",\"target\":[\"https:\/\/bolting.eu\/en\/shop\/petzl-evolv-adjust\/\"]}]},{\"@type\":\"ImageObject\",\"inLanguage\":\"en-US\",\"@id\":\"https:\/\/bolting.eu\/en\/shop\/petzl-evolv-adjust\/#primaryimage\",\"url\":\"https:\/\/bolting.eu\/wp-content\/uploads\/2022\/12\/Petzl-Evolv-Adjust-1.jpg\",\"contentUrl\":\"https:\/\/bolting.eu\/wp-content\/uploads\/2022\/12\/Petzl-Evolv-Adjust-1.jpg\",\"width\":700,\"height\":700,\"caption\":\"Petzl Evolv Adjust mit zwei orangen Klemmen und grauem Seilst\u00fcck.\"},{\"@type\":\"BreadcrumbList\",\"@id\":\"https:\/\/bolting.eu\/en\/shop\/petzl-evolv-adjust\/#breadcrumb\",\"itemListElement\":[{\"@type\":\"ListItem\",\"position\":1,\"name\":\"Shop\",\"item\":\"https:\/\/bolting.eu\/en\/shop\/\"},{\"@type\":\"ListItem\",\"position\":2,\"name\":\"Big Wall gear\",\"item\":\"https:\/\/bolting.eu\/en\/produkt-kategorie\/big-wall-gear\/\"},{\"@type\":\"ListItem\",\"position\":3,\"name\":\"Petzl Evolv Adjust\"}]},{\"@type\":\"WebSite\",\"@id\":\"https:\/\/bolting.eu\/en\/#website\",\"url\":\"https:\/\/bolting.eu\/en\/\",\"name\":\"bolting.eu\",\"description\":\"we make climbs happen\",\"publisher\":{\"@id\":\"https:\/\/bolting.eu\/en\/#organization\"},\"potentialAction\":[{\"@type\":\"SearchAction\",\"target\":{\"@type\":\"EntryPoint\",\"urlTemplate\":\"https:\/\/bolting.eu\/en\/?s={search_term_string}\"},\"query-input\":{\"@type\":\"PropertyValueSpecification\",\"valueRequired\":true,\"valueName\":\"search_term_string\"}}],\"inLanguage\":\"en-US\"},{\"@type\":[\"Organization\",\"Place\",\"SportingGoodsStore\"],\"@id\":\"https:\/\/bolting.eu\/en\/#organization\",\"name\":\"bolting.eu\",\"url\":\"https:\/\/bolting.eu\/en\/\",\"logo\":{\"@id\":\"https:\/\/bolting.eu\/en\/shop\/petzl-evolv-adjust\/#local-main-organization-logo\"},\"image\":{\"@id\":\"https:\/\/bolting.eu\/en\/shop\/petzl-evolv-adjust\/#local-main-organization-logo\"},\"sameAs\":[\"https:\/\/www.facebook.com\/bolting.eu\",\"https:\/\/www.instagram.com\/bolting.eu\/\"],\"address\":{\"@id\":\"https:\/\/bolting.eu\/en\/shop\/petzl-evolv-adjust\/#local-main-place-address\"},\"geo\":{\"@type\":\"GeoCoordinates\",\"latitude\":\"47.264176340396226\",\"longitude\":\"11.380109057672346\"},\"telephone\":[\"+43 699 19083372\"],\"openingHoursSpecification\":[{\"@type\":\"OpeningHoursSpecification\",\"dayOfWeek\":[\"Monday\",\"Wednesday\",\"Friday\"],\"opens\":\"14:00\",\"closes\":\"18:00\"},{\"@type\":\"OpeningHoursSpecification\",\"dayOfWeek\":[\"Tuesday\",\"Thursday\",\"Saturday\",\"Sunday\"],\"opens\":\"00:00\",\"closes\":\"00:00\"}],\"email\":\"office@bolting.eu\",\"vatID\":\"ATU59999728\",\"priceRange\":\"$$\",\"currenciesAccepted\":\"Euro\"},{\"@type\":\"PostalAddress\",\"@id\":\"https:\/\/bolting.eu\/en\/shop\/petzl-evolv-adjust\/#local-main-place-address\",\"streetAddress\":\"Fischnalerstra\u00dfe 4\",\"addressLocality\":\"Innsbruck\",\"postalCode\":\"6020\",\"addressRegion\":\"Tirol\",\"addressCountry\":\"AT\"},{\"@type\":\"ImageObject\",\"inLanguage\":\"en-US\",\"@id\":\"https:\/\/bolting.eu\/en\/shop\/petzl-evolv-adjust\/#local-main-organization-logo\",\"url\":\"https:\/\/bolting.eu\/wp-content\/uploads\/2019\/09\/bolting-logo.png\",\"contentUrl\":\"https:\/\/bolting.eu\/wp-content\/uploads\/2019\/09\/bolting-logo.png\",\"width\":400,\"height\":211,\"caption\":\"bolting.eu\"}]}<\/script>\n<meta property=\"og:video\" content=\"https:\/\/www.youtube.com\/embed\/MIn8Wy29u6c\" \/>\n<meta property=\"og:video:type\" content=\"text\/html\" \/>\n<meta property=\"og:video:duration\" content=\"640\" \/>\n<meta property=\"og:video:width\" content=\"480\" \/>\n<meta property=\"og:video:height\" content=\"270\" \/>\n<meta property=\"ya:ovs:adult\" content=\"false\" \/>\n<meta property=\"ya:ovs:upload_date\" content=\"2022-12-23T07:27:40+00:00\" \/>\n<meta property=\"ya:ovs:allow_embed\" content=\"true\" \/>\n<meta property=\"product:price:amount\" content=\"70.00\" \/>\n<meta property=\"product:price:currency\" content=\"EUR\" \/>\n<meta property=\"og:availability\" content=\"instock\" \/>\n<meta property=\"product:availability\" content=\"instock\" \/>\n<meta property=\"product:retailer_item_id\" content=\"L35ARD\" \/>\n<meta property=\"product:condition\" content=\"new\" \/>\n<meta name=\"geo.placename\" content=\"Innsbruck\" \/>\n<meta name=\"geo.position\" content=\"47.264176340396226;11.380109057672346\" \/>\n<meta name=\"geo.region\" content=\"Austria\" \/>\n<!-- \/ Yoast SEO Premium plugin. -->","yoast_head_json":{"title":"Petzl Evolv Adjust - Positionierungsmittel | bolting.eu","description":"Petzl Evolv Adjust Positionierungsmittel beim Kletterprofi kaufen \u2705 kostenloser Versand* \u2705 14 Tage R\u00fcckgaberecht \u2705 Co2 neutraler Versand","robots":{"index":"index","follow":"follow","max-snippet":"max-snippet:-1","max-image-preview":"max-image-preview:large","max-video-preview":"max-video-preview:-1"},"canonical":"https:\/\/bolting.eu\/en\/shop\/petzl-evolv-adjust\/","og_locale":"en_US","og_type":"article","og_title":"Petzl Evolv Adjust","og_description":"Petzl Evolv Adjust Positionierungsmittel beim Kletterprofi kaufen \u2705 kostenloser Versand* \u2705 14 Tage R\u00fcckgaberecht \u2705 Co2 neutraler Versand","og_url":"https:\/\/bolting.eu\/en\/shop\/petzl-evolv-adjust\/","og_site_name":"bolting.eu","article_publisher":"https:\/\/www.facebook.com\/bolting.eu","article_modified_time":"2025-07-04T15:58:24+00:00","og_image":[{"width":700,"height":700,"url":"https:\/\/bolting.eu\/wp-content\/uploads\/2022\/12\/Petzl-Evolv-Adjust-1.jpg","type":"image\/jpeg"}],"twitter_card":"summary_large_image","twitter_misc":{"Price":"&euro;&nbsp;70,00","Availability":"In stock"},"schema":{"@context":"https:\/\/schema.org","@graph":[{"@type":["WebPage","ItemPage"],"@id":"https:\/\/bolting.eu\/en\/shop\/petzl-evolv-adjust\/","url":"https:\/\/bolting.eu\/en\/shop\/petzl-evolv-adjust\/","name":"Petzl Evolv Adjust - Positionierungsmittel | bolting.eu","isPartOf":{"@id":"https:\/\/bolting.eu\/en\/#website"},"primaryImageOfPage":{"@id":"https:\/\/bolting.eu\/en\/shop\/petzl-evolv-adjust\/#primaryimage"},"image":{"@id":"https:\/\/bolting.eu\/en\/shop\/petzl-evolv-adjust\/#primaryimage"},"thumbnailUrl":"https:\/\/bolting.eu\/wp-content\/uploads\/2022\/12\/Petzl-Evolv-Adjust-1.jpg","datePublished":"2022-12-23T07:27:40+00:00","dateModified":"2025-07-04T15:58:24+00:00","description":"Petzl Evolv Adjust Positionierungsmittel beim Kletterprofi kaufen \u2705 kostenloser Versand* \u2705 14 Tage R\u00fcckgaberecht \u2705 Co2 neutraler Versand","breadcrumb":{"@id":"https:\/\/bolting.eu\/en\/shop\/petzl-evolv-adjust\/#breadcrumb"},"inLanguage":"en-US","potentialAction":[{"@type":"ReadAction","target":["https:\/\/bolting.eu\/en\/shop\/petzl-evolv-adjust\/"]}]},{"@type":"ImageObject","inLanguage":"en-US","@id":"https:\/\/bolting.eu\/en\/shop\/petzl-evolv-adjust\/#primaryimage","url":"https:\/\/bolting.eu\/wp-content\/uploads\/2022\/12\/Petzl-Evolv-Adjust-1.jpg","contentUrl":"https:\/\/bolting.eu\/wp-content\/uploads\/2022\/12\/Petzl-Evolv-Adjust-1.jpg","width":700,"height":700,"caption":"Petzl Evolv Adjust mit zwei orangen Klemmen und grauem Seilst\u00fcck."},{"@type":"BreadcrumbList","@id":"https:\/\/bolting.eu\/en\/shop\/petzl-evolv-adjust\/#breadcrumb","itemListElement":[{"@type":"ListItem","position":1,"name":"Shop","item":"https:\/\/bolting.eu\/en\/shop\/"},{"@type":"ListItem","position":2,"name":"Big Wall gear","item":"https:\/\/bolting.eu\/en\/produkt-kategorie\/big-wall-gear\/"},{"@type":"ListItem","position":3,"name":"Petzl Evolv Adjust"}]},{"@type":"WebSite","@id":"https:\/\/bolting.eu\/en\/#website","url":"https:\/\/bolting.eu\/en\/","name":"bolting.eu","description":"we make climbs happen","publisher":{"@id":"https:\/\/bolting.eu\/en\/#organization"},"potentialAction":[{"@type":"SearchAction","target":{"@type":"EntryPoint","urlTemplate":"https:\/\/bolting.eu\/en\/?s={search_term_string}"},"query-input":{"@type":"PropertyValueSpecification","valueRequired":true,"valueName":"search_term_string"}}],"inLanguage":"en-US"},{"@type":["Organization","Place","SportingGoodsStore"],"@id":"https:\/\/bolting.eu\/en\/#organization","name":"bolting.eu","url":"https:\/\/bolting.eu\/en\/","logo":{"@id":"https:\/\/bolting.eu\/en\/shop\/petzl-evolv-adjust\/#local-main-organization-logo"},"image":{"@id":"https:\/\/bolting.eu\/en\/shop\/petzl-evolv-adjust\/#local-main-organization-logo"},"sameAs":["https:\/\/www.facebook.com\/bolting.eu","https:\/\/www.instagram.com\/bolting.eu\/"],"address":{"@id":"https:\/\/bolting.eu\/en\/shop\/petzl-evolv-adjust\/#local-main-place-address"},"geo":{"@type":"GeoCoordinates","latitude":"47.264176340396226","longitude":"11.380109057672346"},"telephone":["+43 699 19083372"],"openingHoursSpecification":[{"@type":"OpeningHoursSpecification","dayOfWeek":["Monday","Wednesday","Friday"],"opens":"14:00","closes":"18:00"},{"@type":"OpeningHoursSpecification","dayOfWeek":["Tuesday","Thursday","Saturday","Sunday"],"opens":"00:00","closes":"00:00"}],"email":"office@bolting.eu","vatID":"ATU59999728","priceRange":"$$","currenciesAccepted":"Euro"},{"@type":"PostalAddress","@id":"https:\/\/bolting.eu\/en\/shop\/petzl-evolv-adjust\/#local-main-place-address","streetAddress":"Fischnalerstra\u00dfe 4","addressLocality":"Innsbruck","postalCode":"6020","addressRegion":"Tirol","addressCountry":"AT"},{"@type":"ImageObject","inLanguage":"en-US","@id":"https:\/\/bolting.eu\/en\/shop\/petzl-evolv-adjust\/#local-main-organization-logo","url":"https:\/\/bolting.eu\/wp-content\/uploads\/2019\/09\/bolting-logo.png","contentUrl":"https:\/\/bolting.eu\/wp-content\/uploads\/2019\/09\/bolting-logo.png","width":400,"height":211,"caption":"bolting.eu"}]},"og_video":"https:\/\/www.youtube.com\/embed\/MIn8Wy29u6c","og_video_type":"text\/html","og_video_duration":"640","og_video_width":"480","og_video_height":"270","ya_ovs_adult":"false","ya_ovs_upload_date":"2022-12-23T07:27:40+00:00","ya_ovs_allow_embed":"true","product_price_amount":"70.00","product_price_currency":"EUR","og_availability":"instock","product_availability":"instock","product_retailer_item_id":"L35ARD","product_condition":"new","geo.placename":"Innsbruck","geo.position":{"lat":"47.264176340396226","long":"11.380109057672346"},"geo.region":"Austria"},"_links":{"self":[{"href":"https:\/\/bolting.eu\/en\/wp-json\/wp\/v2\/product\/14542","targetHints":{"allow":["GET"]}}],"collection":[{"href":"https:\/\/bolting.eu\/en\/wp-json\/wp\/v2\/product"}],"about":[{"href":"https:\/\/bolting.eu\/en\/wp-json\/wp\/v2\/types\/product"}],"replies":[{"embeddable":true,"href":"https:\/\/bolting.eu\/en\/wp-json\/wp\/v2\/comments?post=14542"}],"wp:featuredmedia":[{"embeddable":true,"href":"https:\/\/bolting.eu\/en\/wp-json\/wp\/v2\/media\/14546"}],"wp:attachment":[{"href":"https:\/\/bolting.eu\/en\/wp-json\/wp\/v2\/media?parent=14542"}],"wp:term":[{"taxonomy":"product_brand","embeddable":true,"href":"https:\/\/bolting.eu\/en\/wp-json\/wp\/v2\/product_brand?post=14542"},{"taxonomy":"product_cat","embeddable":true,"href":"https:\/\/bolting.eu\/en\/wp-json\/wp\/v2\/product_cat?post=14542"},{"taxonomy":"product_tag","embeddable":true,"href":"https:\/\/bolting.eu\/en\/wp-json\/wp\/v2\/product_tag?post=14542"}],"curies":[{"name":"wp","href":"https:\/\/api.w.org\/{rel}","templated":true}]}}