{"id":1453,"date":"2020-02-25T16:58:46","date_gmt":"2020-02-25T15:58:46","guid":{"rendered":"https:\/\/bolting.eu\/?post_type=product&#038;p=1453"},"modified":"2026-05-01T17:46:46","modified_gmt":"2026-05-01T15:46:46","slug":"fischer-schwerlastanker-fbn-ii","status":"publish","type":"product","link":"https:\/\/bolting.eu\/en\/shop\/fischer-schwerlastanker-fbn-ii\/","title":{"rendered":"Fischer Schwerlastanker FBN II A4 Stahl"},"content":{"rendered":"<p>Wir empfehlen den Fischer Schwerlastanker FBN II in A4 Stahl als kurzen Standard Bohrhaken. Wer eine <a href=\"https:\/\/bolting.eu\/kletterroute-einbohren\/\">Kletterroute einbohren<\/a> m\u00f6chte, ist mit dem Produkt von <a href=\"https:\/\/bolting.eu\/fischer-befestigungstechnik\/\">Fischer Befestigungstechnik<\/a> perfekt aufgestellt.<\/p>\n<p>Denn erstens gibt es den Anker auch in kurzen L\u00e4ngen. Das ist vorteilhaft wenn der Felsuntergrund super solide ist. Beispielsweise im Granit sowie im Gneis. Denn dann braucht man viel weniger Bohrtiefe und spart wertvolle Akku Energie. Zweitens besteht er aus hoch korrosionsbest\u00e4ndigem A4 Stahl. Drittens gibt es die Durchmesser von 8mm \u00fcber 10mm bis hin zu 12mm. Folglich gibt es die passenden Modelle f\u00fcr alle Bohrhakenlaschen Typen.<\/p>\n<h3>Unterschied zum <a href=\"https:\/\/bolting.eu\/shop\/fischer-faz-ii-bolzenanker\/\">Fischer FAZ II<\/a><\/h3>\n<p>Der Fischer Schwerlastanker FBN II weist folgende kleinen Unterschiede auf.<\/p>\n<ul>\n<li>erh\u00e4ltlich in k\u00fcrzeren L\u00e4ngen<\/li>\n<li>etwas preisg\u00fcnstiger<\/li>\n<li>Zulassung nur f\u00fcr ungerissenen Beton (was beim Klettern egal ist)<\/li>\n<\/ul>\n<h3>Eigenschaften Fischer Schwerlastanker FBN II<\/h3>\n<ul>\n<li>Hersteller: Fischer Befestigungstechnik<\/li>\n<li>Durchmesser: 8mm, 10mm, 12mmL\u00e4ngen<\/li>\n<li>D\u00fcbell\u00e4ngen: 56-105mm<\/li>\n<li>Material: A4 Stahl &#8211; hohe Korrosionsbest\u00e4ndigkeit<\/li>\n<li>ben\u00f6tigte Schraubenschl\u00fcssel: 8mm =13er; 10mm = 17er; 12mm = 19er<\/li>\n<li>ben\u00f6tigter Drehmoment: 8mm = 10 Nm, 10mm = 20 Nm, 12mm = 35 Nm<\/li>\n<li>Stahl Bruchlasten*: 8mm = 16,5 kN, 10mm = 27,2kN, 12mm = 41,6kN<br \/>\n*f\u00fcr Standard Setztiefe<\/li>\n<li>Gewicht: 30-110 Gramm<\/li>\n<\/ul>\n<h3>Richtige Bohrlochreinigung<\/h3>\n<p>Beim <a href=\"https:\/\/bolting.eu\/bohrhaken-setzen\/\">Bohrhaken setzen<\/a> empfehlen wir allen eine einfache Reinigung des Bohrmehls. So auch beim Fischer Schwerlastanker FBN II. Zum einen kann diese mit einem <a href=\"https:\/\/bolting.eu\/shop\/bohrloch-ausblaeser\/\">Bohrloch Ausbl\u00e4ser<\/a> erfolgen. Zum anderen mit einer Lochb\u00fcrste. Beispielsweise mit dem <a href=\"https:\/\/bolting.eu\/shop\/fischer-buerste\/\">Fischer B\u00fcrsten Set<\/a> oder der <a href=\"https:\/\/bolting.eu\/shop\/fischer-lochbuerste\/\">Fischer Lochb\u00fcrste<\/a>. Wer sauber arbeiten m\u00f6chte verwendet beide Werkzeuge je ein Mal.<\/p>\n<h3>Fischer Schwerlastanker FBN II und galvanische Korrosion<\/h3>\n<p>Vermeidet das Verbauen von verzinkten Bauteilen mit diesem Bohrhaken. Denn wenn man edle und unedle Bauteile zusammenbringt, ergibt dies <a href=\"https:\/\/bolting.eu\/galvanische-korrosion-bei-bohrhaken\/\">galvanische Korrosion<\/a>.<\/p>\n<p>Stellt folglich sicher, dass die Bolts nicht mit <a href=\"https:\/\/bolting.eu\/produkt-kategorie\/bohrhakenlasche\/\">Bohrhakenlaschen<\/a>, Muttern oder Beilagscheiben aus verzinktem Stahl zusammengemischt werden. \u00dcberdies sollten auch niemals verzinkte <a href=\"https:\/\/bolting.eu\/produkt-kategorie\/schraubglied-rapidglied\/\">Schraubglieder-Rapidglieder<\/a> dazu geh\u00e4ngt werden.<\/p>\n<h3>Nicht geeignet f\u00fcr Meeresn\u00e4he<\/h3>\n<p>Der Fischer Schwerlastanker FBN II besteht aus A4 Stahl. Folglich ist er nicht geeignet zum <a href=\"https:\/\/bolting.eu\/einbohren-in-meeresnaehe\/\">Einbohren in Meeresn\u00e4he<\/a>. Denn die Stahlqualit\u00e4t A4 besitzt nicht die ben\u00f6tigte Korrosionsbest\u00e4ndigkeit. \u00dcberdies ist A4 Stahl zu anf\u00e4llig f\u00fcr die Spannungsrisskorrosion.<\/p>\n<p>F\u00fcr den Einsatz in Meeresn\u00e4he empfehlen wir die Bolts und Laschen von <a href=\"https:\/\/bolting.eu\/fixe-climbing\/\">Fixe Climbing<\/a>. Der <a href=\"https:\/\/bolting.eu\/fixe-plx-duplex-stahl\/\">Fixe PLX &#8211; Duplex Stahl<\/a> hat die entsprechenden Features wie ein zweiphasiges Gef\u00fcge bzw. Widerstandsf\u00e4higkeit gegen Lochfra\u00df als auch gegen Spannungsrisskorrosion.<\/p>\n<p>Eine noch h\u00f6here Korrosionsbest\u00e4ndigkeit weisen die HCR Stahl Teile von <a href=\"https:\/\/bolting.eu\/climbing-technology\/\">Climbing Technology<\/a> auf. In unserem Shop findet ihr <a href=\"https:\/\/bolting.eu\/shop\/hcr-bohrhaken\/\">HCR Bohrhaken<\/a> bzw. <a href=\"https:\/\/bolting.eu\/shop\/hcr-bohrhakenlasche\/\">HCR Bohrhakenlaschen<\/a>.<\/p>\n<h3>Fischer Schwerlastanker FBN II &#8211; Hinweis f\u00fcr Klettergarten Halter<\/h3>\n<p>Wer in der Rolle eines Klettergartenhalters sollte beachten. Dieser Bohrhaken ist in seiner 10mm bzw. 12mm Variante f\u00fcr folgende Einsatzbereiche perfekt geeignet.<\/p>\n<ul>\n<li><a href=\"https:\/\/bolting.eu\/consulting-errichtung\/klettergarten-errichtung\/\">Klettergarten Errichtung<\/a><\/li>\n<li><a href=\"https:\/\/bolting.eu\/consulting-errichtung\/klettergarten-sanierung\/\">Sanierung Klettergarten<\/a><\/li>\n<li><a href=\"https:\/\/bolting.eu\/klettergarten-wartung\/\">Klettergarten Wartung<\/a><\/li>\n<\/ul>\n<p>Denn in Kombination mit den entsprechenden Bohrhakenlaschen bzw. <a href=\"https:\/\/bolting.eu\/produkt-kategorie\/umlenker-kettenstand\/\">Umlenkern-Kettenst\u00e4nden<\/a> wird die <strong>EN Norm 959<\/strong> erf\u00fcllt. Zur Erf\u00fcllung der rechtlichen Pflichten von Klettergartenhaltern geh\u00f6rt die Anwendung des Durchschnittsma\u00dfes. Die Verwendung von <strong>10mm bzw. 12mm<\/strong> Bohrhaken aus A4 Stahl ist derzeit dieses Ma\u00df und sollte unbedingt beachtet werden.<\/p>\n<p>Kurzum. Erstens unbedingt die passenden Bohrhaken in Originalpackung mit allen Spezifikationen kaufen. Zweitens die Montage in der Baudokumentation bzw. im Wartungsbuch entsprechend dokumentieren. Drittens beim strikt empfohlenen j\u00e4hrlichen Klettergarten Check nur die gleichen Bohrhaken nach best\u00fccken.<\/p>\n<h3>Weiterf\u00fchrende Infos zu Bohrhaken<\/h3>\n<p>Wenn du dich tiefergehend informieren m\u00f6chtest, dann lies dir unsere Fachbeitr\u00e4ge durch.<\/p>\n<ul>\n<li><a href=\"https:\/\/bolting.eu\/was-halten-bohrhaken\/\">Was halten Bohrhaken?<\/a><\/li>\n<li><a href=\"https:\/\/bolting.eu\/stahlqualitaeten-bei-bohrhaken-und-klebehaken\/\">Stahlqualit\u00e4ten bei Bohrhaken und Klebehaken<\/a><\/li>\n<\/ul>\n<p>Link Tipp: <a href=\"https:\/\/content.fischer.de\/cbfiles\/fischer\/zulassungen\/eta\/zd_etab_f_07-0211_%23sde_%23aip_%23v1.pdf\" target=\"_blank\" rel=\"noopener noreferrer\">ETA Technische Bewertung<\/a><\/p>\n<p>&nbsp;<\/p>\n","protected":false},"excerpt":{"rendered":"<p>Hochwertiger A4 Stahl Schwerlastanker a.k.a. Bolzenanker oder Bohrhaken f\u00fcr alle erdenklichen Anwendungen.<\/p>\n<p>Unser Top Seller f\u00fcr den Bergsportbereich mit 8mm, 10mm, 12mm Durchmesser.<\/p>\n<p>Versandkostenfrei bis 2kg in <img decoding=\"async\" class=\"emoji\" role=\"img\" draggable=\"false\" src=\"https:\/\/s.w.org\/images\/core\/emoji\/14.0.0\/svg\/1f1e6-1f1f9.svg\" alt=\"\ud83c\udde6\ud83c\uddf9\" \/> ab \u20ac 100,- und <img decoding=\"async\" class=\"emoji\" role=\"img\" draggable=\"false\" src=\"https:\/\/s.w.org\/images\/core\/emoji\/14.0.0\/svg\/1f1e9-1f1ea.svg\" alt=\"\ud83c\udde9\ud83c\uddea\" \/> ab \u20ac 200,-!<\/p>\n","protected":false},"featured_media":1466,"comment_status":"closed","ping_status":"closed","template":"","meta":[],"product_brand":[],"product_cat":[32,1210,4652],"product_tag":[15412,15411],"class_list":{"0":"post-1453","1":"product","2":"type-product","3":"status-publish","4":"has-post-thumbnail","6":"product_cat-bohrhaken","7":"product_cat-einbohrartikel","8":"product_cat-fischer","9":"product_tag-a4-steel","10":"product_tag-alpine-climbing","12":"first","13":"instock","14":"taxable","15":"shipping-taxable","16":"purchasable","17":"product-type-variable"},"yoast_head":"<!-- This site is optimized with the Yoast SEO Premium plugin v26.9 (Yoast SEO v26.9) - https:\/\/yoast.com\/product\/yoast-seo-premium-wordpress\/ -->\n<title>Fischer Schwerlastanker FBN II A4 Stahl online kaufen | bolting.eu<\/title>\n<meta name=\"description\" content=\"FISCHER Schwerlastanker FBN II beim Einbohrprofi aus Innsbruck kaufen \u2705 kostenloser Versand* \u2705 14 Tage R\u00fcckgaberecht \u2705 Co2 neutraler Versand\" \/>\n<meta name=\"robots\" content=\"index, follow, max-snippet:-1, max-image-preview:large, max-video-preview:-1\" \/>\n<link rel=\"canonical\" href=\"https:\/\/bolting.eu\/en\/shop\/fischer-schwerlastanker-fbn-ii\/\" \/>\n<meta property=\"og:locale\" content=\"en_US\" \/>\n<meta property=\"og:type\" content=\"article\" \/>\n<meta property=\"og:title\" content=\"Fischer Schwerlastanker FBN II A4 Stahl\" \/>\n<meta property=\"og:description\" content=\"FISCHER Schwerlastanker FBN II beim Einbohrprofi aus Innsbruck kaufen \u2705 kostenloser Versand* \u2705 14 Tage R\u00fcckgaberecht \u2705 Co2 neutraler Versand\" \/>\n<meta property=\"og:url\" content=\"https:\/\/bolting.eu\/en\/shop\/fischer-schwerlastanker-fbn-ii\/\" \/>\n<meta property=\"og:site_name\" content=\"bolting.eu\" \/>\n<meta property=\"article:publisher\" content=\"https:\/\/www.facebook.com\/bolting.eu\" \/>\n<meta property=\"article:modified_time\" content=\"2026-05-01T15:46:46+00:00\" \/>\n<meta property=\"og:image\" content=\"https:\/\/bolting.eu\/wp-content\/uploads\/2020\/02\/Fischer-Schwerlastanker-FBN-II-1.jpg\" \/>\n\t<meta property=\"og:image:width\" content=\"700\" \/>\n\t<meta property=\"og:image:height\" content=\"700\" \/>\n\t<meta property=\"og:image:type\" content=\"image\/jpeg\" \/>\n<meta name=\"twitter:card\" content=\"summary_large_image\" \/>\n<meta name=\"twitter:label1\" content=\"Availability\" \/>\n\t<meta name=\"twitter:data1\" content=\"In stock\" \/>\n<script type=\"application\/ld+json\" class=\"yoast-schema-graph\">{\"@context\":\"https:\/\/schema.org\",\"@graph\":[{\"@type\":[\"WebPage\",\"ItemPage\"],\"@id\":\"https:\/\/bolting.eu\/en\/shop\/fischer-schwerlastanker-fbn-ii\/\",\"url\":\"https:\/\/bolting.eu\/en\/shop\/fischer-schwerlastanker-fbn-ii\/\",\"name\":\"Fischer Schwerlastanker FBN II A4 Stahl online kaufen | bolting.eu\",\"isPartOf\":{\"@id\":\"https:\/\/bolting.eu\/en\/#website\"},\"primaryImageOfPage\":{\"@id\":\"https:\/\/bolting.eu\/en\/shop\/fischer-schwerlastanker-fbn-ii\/#primaryimage\"},\"image\":{\"@id\":\"https:\/\/bolting.eu\/en\/shop\/fischer-schwerlastanker-fbn-ii\/#primaryimage\"},\"thumbnailUrl\":\"https:\/\/bolting.eu\/wp-content\/uploads\/2020\/02\/Fischer-Schwerlastanker-FBN-II-1.jpg\",\"datePublished\":\"2020-02-25T15:58:46+00:00\",\"dateModified\":\"2026-05-01T15:46:46+00:00\",\"description\":\"FISCHER Schwerlastanker FBN II beim Einbohrprofi aus Innsbruck kaufen \u2705 kostenloser Versand* \u2705 14 Tage R\u00fcckgaberecht \u2705 Co2 neutraler Versand\",\"breadcrumb\":{\"@id\":\"https:\/\/bolting.eu\/en\/shop\/fischer-schwerlastanker-fbn-ii\/#breadcrumb\"},\"inLanguage\":\"en-US\",\"potentialAction\":[{\"@type\":\"ReadAction\",\"target\":[\"https:\/\/bolting.eu\/en\/shop\/fischer-schwerlastanker-fbn-ii\/\"]}]},{\"@type\":\"ImageObject\",\"inLanguage\":\"en-US\",\"@id\":\"https:\/\/bolting.eu\/en\/shop\/fischer-schwerlastanker-fbn-ii\/#primaryimage\",\"url\":\"https:\/\/bolting.eu\/wp-content\/uploads\/2020\/02\/Fischer-Schwerlastanker-FBN-II-1.jpg\",\"contentUrl\":\"https:\/\/bolting.eu\/wp-content\/uploads\/2020\/02\/Fischer-Schwerlastanker-FBN-II-1.jpg\",\"width\":700,\"height\":700,\"caption\":\"Das Bild zeigt einen silbern gl\u00e4nzenden Bohrhaken Fischer Schwerlastanker FBN II auf einem wei\u00dfen Quadrat. Links die Mutter und Beilagscheibe. Rechts der Bolzenanker Schaft mit den Expansionsgliedern und Konus.\"},{\"@type\":\"BreadcrumbList\",\"@id\":\"https:\/\/bolting.eu\/en\/shop\/fischer-schwerlastanker-fbn-ii\/#breadcrumb\",\"itemListElement\":[{\"@type\":\"ListItem\",\"position\":1,\"name\":\"Shop\",\"item\":\"https:\/\/bolting.eu\/en\/shop\/\"},{\"@type\":\"ListItem\",\"position\":2,\"name\":\"bolting products\",\"item\":\"https:\/\/bolting.eu\/en\/produkt-kategorie\/bolting-products\/\"},{\"@type\":\"ListItem\",\"position\":3,\"name\":\"expansion bolt\",\"item\":\"https:\/\/bolting.eu\/en\/produkt-kategorie\/expansion-bolt\/\"},{\"@type\":\"ListItem\",\"position\":4,\"name\":\"Fischer Schwerlastanker FBN II A4 Stahl\"}]},{\"@type\":\"WebSite\",\"@id\":\"https:\/\/bolting.eu\/en\/#website\",\"url\":\"https:\/\/bolting.eu\/en\/\",\"name\":\"bolting.eu\",\"description\":\"we make climbs happen\",\"publisher\":{\"@id\":\"https:\/\/bolting.eu\/en\/#organization\"},\"potentialAction\":[{\"@type\":\"SearchAction\",\"target\":{\"@type\":\"EntryPoint\",\"urlTemplate\":\"https:\/\/bolting.eu\/en\/?s={search_term_string}\"},\"query-input\":{\"@type\":\"PropertyValueSpecification\",\"valueRequired\":true,\"valueName\":\"search_term_string\"}}],\"inLanguage\":\"en-US\"},{\"@type\":[\"Organization\",\"Place\",\"SportingGoodsStore\"],\"@id\":\"https:\/\/bolting.eu\/en\/#organization\",\"name\":\"bolting.eu\",\"url\":\"https:\/\/bolting.eu\/en\/\",\"logo\":{\"@id\":\"https:\/\/bolting.eu\/en\/shop\/fischer-schwerlastanker-fbn-ii\/#local-main-organization-logo\"},\"image\":{\"@id\":\"https:\/\/bolting.eu\/en\/shop\/fischer-schwerlastanker-fbn-ii\/#local-main-organization-logo\"},\"sameAs\":[\"https:\/\/www.facebook.com\/bolting.eu\",\"https:\/\/www.instagram.com\/bolting.eu\/\"],\"address\":{\"@id\":\"https:\/\/bolting.eu\/en\/shop\/fischer-schwerlastanker-fbn-ii\/#local-main-place-address\"},\"geo\":{\"@type\":\"GeoCoordinates\",\"latitude\":\"47.264176340396226\",\"longitude\":\"11.380109057672346\"},\"telephone\":[\"+43 699 19083372\"],\"openingHoursSpecification\":[{\"@type\":\"OpeningHoursSpecification\",\"dayOfWeek\":[\"Monday\",\"Wednesday\",\"Friday\"],\"opens\":\"14:00\",\"closes\":\"18:00\"},{\"@type\":\"OpeningHoursSpecification\",\"dayOfWeek\":[\"Tuesday\",\"Thursday\",\"Saturday\",\"Sunday\"],\"opens\":\"00:00\",\"closes\":\"00:00\"}],\"email\":\"office@bolting.eu\",\"vatID\":\"ATU59999728\",\"priceRange\":\"$$\",\"currenciesAccepted\":\"Euro\"},{\"@type\":\"PostalAddress\",\"@id\":\"https:\/\/bolting.eu\/en\/shop\/fischer-schwerlastanker-fbn-ii\/#local-main-place-address\",\"streetAddress\":\"Fischnalerstra\u00dfe 4\",\"addressLocality\":\"Innsbruck\",\"postalCode\":\"6020\",\"addressRegion\":\"Tirol\",\"addressCountry\":\"AT\"},{\"@type\":\"ImageObject\",\"inLanguage\":\"en-US\",\"@id\":\"https:\/\/bolting.eu\/en\/shop\/fischer-schwerlastanker-fbn-ii\/#local-main-organization-logo\",\"url\":\"https:\/\/bolting.eu\/wp-content\/uploads\/2019\/09\/bolting-logo.png\",\"contentUrl\":\"https:\/\/bolting.eu\/wp-content\/uploads\/2019\/09\/bolting-logo.png\",\"width\":400,\"height\":211,\"caption\":\"bolting.eu\"}]}<\/script>\n<meta property=\"og:availability\" content=\"instock\" \/>\n<meta property=\"product:availability\" content=\"instock\" \/>\n<meta property=\"product:retailer_item_id\" content=\"Fischer FBN II A4\" \/>\n<meta property=\"product:condition\" content=\"new\" \/>\n<meta name=\"geo.placename\" content=\"Innsbruck\" \/>\n<meta name=\"geo.position\" content=\"47.264176340396226;11.380109057672346\" \/>\n<meta name=\"geo.region\" content=\"Austria\" \/>\n<!-- \/ Yoast SEO Premium plugin. -->","yoast_head_json":{"title":"Fischer Schwerlastanker FBN II A4 Stahl online kaufen | bolting.eu","description":"FISCHER Schwerlastanker FBN II beim Einbohrprofi aus Innsbruck kaufen \u2705 kostenloser Versand* \u2705 14 Tage R\u00fcckgaberecht \u2705 Co2 neutraler Versand","robots":{"index":"index","follow":"follow","max-snippet":"max-snippet:-1","max-image-preview":"max-image-preview:large","max-video-preview":"max-video-preview:-1"},"canonical":"https:\/\/bolting.eu\/en\/shop\/fischer-schwerlastanker-fbn-ii\/","og_locale":"en_US","og_type":"article","og_title":"Fischer Schwerlastanker FBN II A4 Stahl","og_description":"FISCHER Schwerlastanker FBN II beim Einbohrprofi aus Innsbruck kaufen \u2705 kostenloser Versand* \u2705 14 Tage R\u00fcckgaberecht \u2705 Co2 neutraler Versand","og_url":"https:\/\/bolting.eu\/en\/shop\/fischer-schwerlastanker-fbn-ii\/","og_site_name":"bolting.eu","article_publisher":"https:\/\/www.facebook.com\/bolting.eu","article_modified_time":"2026-05-01T15:46:46+00:00","og_image":[{"width":700,"height":700,"url":"https:\/\/bolting.eu\/wp-content\/uploads\/2020\/02\/Fischer-Schwerlastanker-FBN-II-1.jpg","type":"image\/jpeg"}],"twitter_card":"summary_large_image","twitter_misc":{"Availability":"In stock"},"schema":{"@context":"https:\/\/schema.org","@graph":[{"@type":["WebPage","ItemPage"],"@id":"https:\/\/bolting.eu\/en\/shop\/fischer-schwerlastanker-fbn-ii\/","url":"https:\/\/bolting.eu\/en\/shop\/fischer-schwerlastanker-fbn-ii\/","name":"Fischer Schwerlastanker FBN II A4 Stahl online kaufen | bolting.eu","isPartOf":{"@id":"https:\/\/bolting.eu\/en\/#website"},"primaryImageOfPage":{"@id":"https:\/\/bolting.eu\/en\/shop\/fischer-schwerlastanker-fbn-ii\/#primaryimage"},"image":{"@id":"https:\/\/bolting.eu\/en\/shop\/fischer-schwerlastanker-fbn-ii\/#primaryimage"},"thumbnailUrl":"https:\/\/bolting.eu\/wp-content\/uploads\/2020\/02\/Fischer-Schwerlastanker-FBN-II-1.jpg","datePublished":"2020-02-25T15:58:46+00:00","dateModified":"2026-05-01T15:46:46+00:00","description":"FISCHER Schwerlastanker FBN II beim Einbohrprofi aus Innsbruck kaufen \u2705 kostenloser Versand* \u2705 14 Tage R\u00fcckgaberecht \u2705 Co2 neutraler Versand","breadcrumb":{"@id":"https:\/\/bolting.eu\/en\/shop\/fischer-schwerlastanker-fbn-ii\/#breadcrumb"},"inLanguage":"en-US","potentialAction":[{"@type":"ReadAction","target":["https:\/\/bolting.eu\/en\/shop\/fischer-schwerlastanker-fbn-ii\/"]}]},{"@type":"ImageObject","inLanguage":"en-US","@id":"https:\/\/bolting.eu\/en\/shop\/fischer-schwerlastanker-fbn-ii\/#primaryimage","url":"https:\/\/bolting.eu\/wp-content\/uploads\/2020\/02\/Fischer-Schwerlastanker-FBN-II-1.jpg","contentUrl":"https:\/\/bolting.eu\/wp-content\/uploads\/2020\/02\/Fischer-Schwerlastanker-FBN-II-1.jpg","width":700,"height":700,"caption":"Das Bild zeigt einen silbern gl\u00e4nzenden Bohrhaken Fischer Schwerlastanker FBN II auf einem wei\u00dfen Quadrat. Links die Mutter und Beilagscheibe. Rechts der Bolzenanker Schaft mit den Expansionsgliedern und Konus."},{"@type":"BreadcrumbList","@id":"https:\/\/bolting.eu\/en\/shop\/fischer-schwerlastanker-fbn-ii\/#breadcrumb","itemListElement":[{"@type":"ListItem","position":1,"name":"Shop","item":"https:\/\/bolting.eu\/en\/shop\/"},{"@type":"ListItem","position":2,"name":"bolting products","item":"https:\/\/bolting.eu\/en\/produkt-kategorie\/bolting-products\/"},{"@type":"ListItem","position":3,"name":"expansion bolt","item":"https:\/\/bolting.eu\/en\/produkt-kategorie\/expansion-bolt\/"},{"@type":"ListItem","position":4,"name":"Fischer Schwerlastanker FBN II A4 Stahl"}]},{"@type":"WebSite","@id":"https:\/\/bolting.eu\/en\/#website","url":"https:\/\/bolting.eu\/en\/","name":"bolting.eu","description":"we make climbs happen","publisher":{"@id":"https:\/\/bolting.eu\/en\/#organization"},"potentialAction":[{"@type":"SearchAction","target":{"@type":"EntryPoint","urlTemplate":"https:\/\/bolting.eu\/en\/?s={search_term_string}"},"query-input":{"@type":"PropertyValueSpecification","valueRequired":true,"valueName":"search_term_string"}}],"inLanguage":"en-US"},{"@type":["Organization","Place","SportingGoodsStore"],"@id":"https:\/\/bolting.eu\/en\/#organization","name":"bolting.eu","url":"https:\/\/bolting.eu\/en\/","logo":{"@id":"https:\/\/bolting.eu\/en\/shop\/fischer-schwerlastanker-fbn-ii\/#local-main-organization-logo"},"image":{"@id":"https:\/\/bolting.eu\/en\/shop\/fischer-schwerlastanker-fbn-ii\/#local-main-organization-logo"},"sameAs":["https:\/\/www.facebook.com\/bolting.eu","https:\/\/www.instagram.com\/bolting.eu\/"],"address":{"@id":"https:\/\/bolting.eu\/en\/shop\/fischer-schwerlastanker-fbn-ii\/#local-main-place-address"},"geo":{"@type":"GeoCoordinates","latitude":"47.264176340396226","longitude":"11.380109057672346"},"telephone":["+43 699 19083372"],"openingHoursSpecification":[{"@type":"OpeningHoursSpecification","dayOfWeek":["Monday","Wednesday","Friday"],"opens":"14:00","closes":"18:00"},{"@type":"OpeningHoursSpecification","dayOfWeek":["Tuesday","Thursday","Saturday","Sunday"],"opens":"00:00","closes":"00:00"}],"email":"office@bolting.eu","vatID":"ATU59999728","priceRange":"$$","currenciesAccepted":"Euro"},{"@type":"PostalAddress","@id":"https:\/\/bolting.eu\/en\/shop\/fischer-schwerlastanker-fbn-ii\/#local-main-place-address","streetAddress":"Fischnalerstra\u00dfe 4","addressLocality":"Innsbruck","postalCode":"6020","addressRegion":"Tirol","addressCountry":"AT"},{"@type":"ImageObject","inLanguage":"en-US","@id":"https:\/\/bolting.eu\/en\/shop\/fischer-schwerlastanker-fbn-ii\/#local-main-organization-logo","url":"https:\/\/bolting.eu\/wp-content\/uploads\/2019\/09\/bolting-logo.png","contentUrl":"https:\/\/bolting.eu\/wp-content\/uploads\/2019\/09\/bolting-logo.png","width":400,"height":211,"caption":"bolting.eu"}]},"og_availability":"instock","product_availability":"instock","product_retailer_item_id":"Fischer FBN II A4","product_condition":"new","geo.placename":"Innsbruck","geo.position":{"lat":"47.264176340396226","long":"11.380109057672346"},"geo.region":"Austria"},"_links":{"self":[{"href":"https:\/\/bolting.eu\/en\/wp-json\/wp\/v2\/product\/1453","targetHints":{"allow":["GET"]}}],"collection":[{"href":"https:\/\/bolting.eu\/en\/wp-json\/wp\/v2\/product"}],"about":[{"href":"https:\/\/bolting.eu\/en\/wp-json\/wp\/v2\/types\/product"}],"replies":[{"embeddable":true,"href":"https:\/\/bolting.eu\/en\/wp-json\/wp\/v2\/comments?post=1453"}],"wp:featuredmedia":[{"embeddable":true,"href":"https:\/\/bolting.eu\/en\/wp-json\/wp\/v2\/media\/1466"}],"wp:attachment":[{"href":"https:\/\/bolting.eu\/en\/wp-json\/wp\/v2\/media?parent=1453"}],"wp:term":[{"taxonomy":"product_brand","embeddable":true,"href":"https:\/\/bolting.eu\/en\/wp-json\/wp\/v2\/product_brand?post=1453"},{"taxonomy":"product_cat","embeddable":true,"href":"https:\/\/bolting.eu\/en\/wp-json\/wp\/v2\/product_cat?post=1453"},{"taxonomy":"product_tag","embeddable":true,"href":"https:\/\/bolting.eu\/en\/wp-json\/wp\/v2\/product_tag?post=1453"}],"curies":[{"name":"wp","href":"https:\/\/api.w.org\/{rel}","templated":true}]}}