{"id":14525,"date":"2022-12-22T15:52:30","date_gmt":"2022-12-22T14:52:30","guid":{"rendered":"https:\/\/bolting.eu\/?post_type=product&#038;p=14525"},"modified":"2026-03-20T16:04:17","modified_gmt":"2026-03-20T15:04:17","slug":"petzl-rumba","status":"publish","type":"product","link":"https:\/\/bolting.eu\/en\/shop\/petzl-rumba\/","title":{"rendered":"Petzl Rumba"},"content":{"rendered":"<p>Das Petzl Rumba ist ein vielseitiges, 8mm Halbseil. Es wird zum Klettern im alpinen Gel\u00e4nde, Eisklettern und zum Bergsteigen verwendet.<\/p>\n<p>Das hochwertige Seil hat eine Duratec Dry Impr\u00e4gnierung. D.h. es nimmt so gut wie kein Wasser auf. Somit ist dieses Modell ideal f\u00fcr den Alpinismus.<\/p>\n<p>Das UltraSonic Finishing erh\u00f6ht die Lebensdauer der Seilenden. Denn durch die Ultraschallbehandlung verbindet sich hier der Kern fest mit dem Mantel. Somit ist das Einbinden in den <a href=\"https:\/\/bolting.eu\/produkt-kategorie\/kletterausruestung\/klettergurte\/\">Klettergurt<\/a> extrem lange und leicht m\u00f6glich, ohne die Enden abschneiden zu m\u00fcssen.<\/p>\n<p>Die weiteren standardm\u00e4\u00dfigen Features der Petzl Seile sind noch die Mittelmarkierung, EverFlex Veredelung und die ClimbReady Verpackung.<\/p>\n<p>Kurzum. Wieder einmal ein tolles Seil der franz\u00f6sischen Edelschmiede.<\/p>\n<h2>Eigenschaften Petzl Rumba<\/h2>\n<ul>\n<li>Hersteller: <a href=\"https:\/\/bolting.eu\/produkt-kategorie\/petzl\/\">Petzl<\/a><\/li>\n<li>Durchmesser: 8 mm<\/li>\n<li>Gewicht \/ Meter: 44 Gramm<\/li>\n<li>Material: Polyamid<\/li>\n<li>Seilart: Halbseil, Zwillingsseil<\/li>\n<li>Impr\u00e4gnierung: Duratec Dry<\/li>\n<li>Ultra Sonic Finish bei Seilenden f\u00fcr l\u00e4ngere Lebensdauer<\/li>\n<li>EverFlex Veredelung f\u00fcr Vereinheitlichung der Fasern<\/li>\n<li>Normst\u00fcrze: 7 Halbseil, 22 Zwillingsseil<\/li>\n<li>Fangstoss: 5,9kN Halbseil &#8211; 9,6 kN Zwillingsseil<\/li>\n<li>stat. \/ dyn. Dehnung: 11% \/ 34% bei Halbseil<\/li>\n<li>Mantelanteil 41%<\/li>\n<li>Mittelmarkierung: ja<\/li>\n<li>EN Norm: EN 892<\/li>\n<li>UIAA 101 bzw. CE 123<\/li>\n<li>Mantelverschiebung: keine<\/li>\n<li>f\u00fcr alle g\u00e4ngigen Sicherungsger\u00e4te (Tuber) geeignet<\/li>\n<li>ClimbReady Verpackung \u2013 \u00f6ffnen und losklettern<\/li>\n<li><a href=\"https:\/\/www.petzl.com\/sfc\/servlet.shepherd\/version\/download\/0686800000FKLQiAAP\" target=\"_blank\" rel=\"noopener\">Bedienungsanleitung<\/a><\/li>\n<\/ul>\n<h3>Tolles Handling &amp; Langlebigkeit<\/h3>\n<p>Die Features des Seils sind auf zwei Dinge ausgerichtet.<\/p>\n<p>Erstens ideales Handling. Und tats\u00e4chlich kommt das Halbseil erstaunlich weich und biegsam daher. Das macht sich beim Petzl Rumba im Laufe der Zeit sehr bezahlt. Wie z.B. bei langen Seill\u00e4ngen mit viel Seilreibung.<\/p>\n<p>Und sorgen sind die Duratec Dry Impr\u00e4gnierung sowie die EverFlex Veredelung f\u00fcr lange Lebensdauer. An den Seilenden sorgt das Ultra Sonic Finishing daf\u00fcr, dass der Mantel nicht aufraut und fest am Kern haften bleibt.<\/p>\n<h3>Halbseil und Zwillingsseil<\/h3>\n<p>Das Petzl Rumba hat eine zweifache Zertifizierung. Denn es ist sowohl ein Halb- als auch Zwillingsseil.<\/p>\n<p>Das gibt seinem Besitzer viel Spielraum beim Wahl der Absicherung. Sehr safe mit beiden Seilen in den Fixpunkten. Oder schon dynamisch und mit geringster Seilreibung mit der Halbseiltechnik.<\/p>\n<p>Wie auch immer. Hier kann man sich auf extrem hohe Qualit\u00e4t verlassen!<\/p>\n","protected":false},"excerpt":{"rendered":"<p>Hochwertiges Halb- und Zwillingsseil f\u00fcr alpine Unternehmungen.<\/p>\n<p>Mit Impr\u00e4gnierung, Veredelung, Mittelmarkierung und Seilenden Behandlung. Leicht mit 50m, oder 60m auch f\u00fcr l\u00e4ngste Seill\u00e4ngen und Abseiler!<\/p>\n<p>Versandkostenfrei bis 2kg in <img decoding=\"async\" class=\"emoji\" role=\"img\" draggable=\"false\" src=\"https:\/\/s.w.org\/images\/core\/emoji\/13.1.0\/svg\/1f1e6-1f1f9.svg\" alt=\"\ud83c\udde6\ud83c\uddf9\" \/> ab \u20ac 100,- und <img decoding=\"async\" class=\"emoji\" role=\"img\" draggable=\"false\" src=\"https:\/\/s.w.org\/images\/core\/emoji\/13.1.0\/svg\/1f1e9-1f1ea.svg\" alt=\"\ud83c\udde9\ud83c\uddea\" \/> ab \u20ac 200,-!<\/p>\n","protected":false},"featured_media":14536,"comment_status":"closed","ping_status":"closed","template":"","meta":[],"product_brand":[],"product_cat":[14093,29,6727],"product_tag":[],"class_list":{"0":"post-14525","1":"product","2":"type-product","3":"status-publish","4":"has-post-thumbnail","6":"product_cat-petzl","7":"product_cat-kletterausruestung","8":"product_cat-kletterseil","10":"first","11":"instock","12":"taxable","13":"shipping-taxable","14":"purchasable","15":"product-type-variable"},"yoast_head":"<!-- This site is optimized with the Yoast SEO Premium plugin v26.9 (Yoast SEO v26.9) - https:\/\/yoast.com\/product\/yoast-seo-premium-wordpress\/ -->\n<title>Petzl Rumba 8mm - Halb- &amp; Zwillingsseil | bolting.eu<\/title>\n<meta name=\"description\" content=\"Petzl Rumba 8mm Halb- &amp; Zwillingsseil beim Kletterprofi kaufen \u2705 kostenloser Versand* \u2705 14 Tage R\u00fcckgaberecht \u2705 Co2 neutraler Versand\" \/>\n<meta name=\"robots\" content=\"index, follow, max-snippet:-1, max-image-preview:large, max-video-preview:-1\" \/>\n<link rel=\"canonical\" href=\"https:\/\/bolting.eu\/en\/shop\/petzl-rumba\/\" \/>\n<meta property=\"og:locale\" content=\"en_US\" \/>\n<meta property=\"og:type\" content=\"article\" \/>\n<meta property=\"og:title\" content=\"Petzl Rumba\" \/>\n<meta property=\"og:description\" content=\"Petzl Rumba 8mm Halb- &amp; Zwillingsseil beim Kletterprofi kaufen \u2705 kostenloser Versand* \u2705 14 Tage R\u00fcckgaberecht \u2705 Co2 neutraler Versand\" \/>\n<meta property=\"og:url\" content=\"https:\/\/bolting.eu\/en\/shop\/petzl-rumba\/\" \/>\n<meta property=\"og:site_name\" content=\"bolting.eu\" \/>\n<meta property=\"article:publisher\" content=\"https:\/\/www.facebook.com\/bolting.eu\" \/>\n<meta property=\"article:modified_time\" content=\"2026-03-20T15:04:17+00:00\" \/>\n<meta property=\"og:image\" content=\"https:\/\/bolting.eu\/wp-content\/uploads\/2022\/12\/Petzl-Rumba-8mm-1-1.jpg\" \/>\n\t<meta property=\"og:image:width\" content=\"700\" \/>\n\t<meta property=\"og:image:height\" content=\"700\" \/>\n\t<meta property=\"og:image:type\" content=\"image\/jpeg\" \/>\n<meta name=\"twitter:card\" content=\"summary_large_image\" \/>\n<meta name=\"twitter:label1\" content=\"Availability\" \/>\n\t<meta name=\"twitter:data1\" content=\"In stock\" \/>\n<script type=\"application\/ld+json\" class=\"yoast-schema-graph\">{\"@context\":\"https:\/\/schema.org\",\"@graph\":[{\"@type\":[\"WebPage\",\"ItemPage\"],\"@id\":\"https:\/\/bolting.eu\/en\/shop\/petzl-rumba\/\",\"url\":\"https:\/\/bolting.eu\/en\/shop\/petzl-rumba\/\",\"name\":\"Petzl Rumba 8mm - Halb- & Zwillingsseil | bolting.eu\",\"isPartOf\":{\"@id\":\"https:\/\/bolting.eu\/en\/#website\"},\"primaryImageOfPage\":{\"@id\":\"https:\/\/bolting.eu\/en\/shop\/petzl-rumba\/#primaryimage\"},\"image\":{\"@id\":\"https:\/\/bolting.eu\/en\/shop\/petzl-rumba\/#primaryimage\"},\"thumbnailUrl\":\"https:\/\/bolting.eu\/wp-content\/uploads\/2022\/12\/Petzl-Rumba-8mm-1-1.jpg\",\"datePublished\":\"2022-12-22T14:52:30+00:00\",\"dateModified\":\"2026-03-20T15:04:17+00:00\",\"description\":\"Petzl Rumba 8mm Halb- & Zwillingsseil beim Kletterprofi kaufen \u2705 kostenloser Versand* \u2705 14 Tage R\u00fcckgaberecht \u2705 Co2 neutraler Versand\",\"breadcrumb\":{\"@id\":\"https:\/\/bolting.eu\/en\/shop\/petzl-rumba\/#breadcrumb\"},\"inLanguage\":\"en-US\",\"potentialAction\":[{\"@type\":\"ReadAction\",\"target\":[\"https:\/\/bolting.eu\/en\/shop\/petzl-rumba\/\"]}]},{\"@type\":\"ImageObject\",\"inLanguage\":\"en-US\",\"@id\":\"https:\/\/bolting.eu\/en\/shop\/petzl-rumba\/#primaryimage\",\"url\":\"https:\/\/bolting.eu\/wp-content\/uploads\/2022\/12\/Petzl-Rumba-8mm-1-1.jpg\",\"contentUrl\":\"https:\/\/bolting.eu\/wp-content\/uploads\/2022\/12\/Petzl-Rumba-8mm-1-1.jpg\",\"width\":700,\"height\":700},{\"@type\":\"BreadcrumbList\",\"@id\":\"https:\/\/bolting.eu\/en\/shop\/petzl-rumba\/#breadcrumb\",\"itemListElement\":[{\"@type\":\"ListItem\",\"position\":1,\"name\":\"Shop\",\"item\":\"https:\/\/bolting.eu\/en\/shop\/\"},{\"@type\":\"ListItem\",\"position\":2,\"name\":\"climbing equipment\",\"item\":\"https:\/\/bolting.eu\/en\/produkt-kategorie\/climbing-equipment\/\"},{\"@type\":\"ListItem\",\"position\":3,\"name\":\"Kletterseil\",\"item\":\"https:\/\/bolting.eu\/produkt-kategorie\/kletterausruestung\/kletterseil\/\"},{\"@type\":\"ListItem\",\"position\":4,\"name\":\"Petzl Rumba\"}]},{\"@type\":\"WebSite\",\"@id\":\"https:\/\/bolting.eu\/en\/#website\",\"url\":\"https:\/\/bolting.eu\/en\/\",\"name\":\"bolting.eu\",\"description\":\"we make climbs happen\",\"publisher\":{\"@id\":\"https:\/\/bolting.eu\/en\/#organization\"},\"potentialAction\":[{\"@type\":\"SearchAction\",\"target\":{\"@type\":\"EntryPoint\",\"urlTemplate\":\"https:\/\/bolting.eu\/en\/?s={search_term_string}\"},\"query-input\":{\"@type\":\"PropertyValueSpecification\",\"valueRequired\":true,\"valueName\":\"search_term_string\"}}],\"inLanguage\":\"en-US\"},{\"@type\":[\"Organization\",\"Place\",\"SportingGoodsStore\"],\"@id\":\"https:\/\/bolting.eu\/en\/#organization\",\"name\":\"bolting.eu\",\"url\":\"https:\/\/bolting.eu\/en\/\",\"logo\":{\"@id\":\"https:\/\/bolting.eu\/en\/shop\/petzl-rumba\/#local-main-organization-logo\"},\"image\":{\"@id\":\"https:\/\/bolting.eu\/en\/shop\/petzl-rumba\/#local-main-organization-logo\"},\"sameAs\":[\"https:\/\/www.facebook.com\/bolting.eu\",\"https:\/\/www.instagram.com\/bolting.eu\/\"],\"address\":{\"@id\":\"https:\/\/bolting.eu\/en\/shop\/petzl-rumba\/#local-main-place-address\"},\"geo\":{\"@type\":\"GeoCoordinates\",\"latitude\":\"47.264176340396226\",\"longitude\":\"11.380109057672346\"},\"telephone\":[\"+43 699 19083372\"],\"openingHoursSpecification\":[{\"@type\":\"OpeningHoursSpecification\",\"dayOfWeek\":[\"Monday\",\"Wednesday\",\"Friday\"],\"opens\":\"14:00\",\"closes\":\"18:00\"},{\"@type\":\"OpeningHoursSpecification\",\"dayOfWeek\":[\"Tuesday\",\"Thursday\",\"Saturday\",\"Sunday\"],\"opens\":\"00:00\",\"closes\":\"00:00\"}],\"email\":\"office@bolting.eu\",\"vatID\":\"ATU59999728\",\"priceRange\":\"$$\",\"currenciesAccepted\":\"Euro\"},{\"@type\":\"PostalAddress\",\"@id\":\"https:\/\/bolting.eu\/en\/shop\/petzl-rumba\/#local-main-place-address\",\"streetAddress\":\"Fischnalerstra\u00dfe 4\",\"addressLocality\":\"Innsbruck\",\"postalCode\":\"6020\",\"addressRegion\":\"Tirol\",\"addressCountry\":\"AT\"},{\"@type\":\"ImageObject\",\"inLanguage\":\"en-US\",\"@id\":\"https:\/\/bolting.eu\/en\/shop\/petzl-rumba\/#local-main-organization-logo\",\"url\":\"https:\/\/bolting.eu\/wp-content\/uploads\/2019\/09\/bolting-logo.png\",\"contentUrl\":\"https:\/\/bolting.eu\/wp-content\/uploads\/2019\/09\/bolting-logo.png\",\"width\":400,\"height\":211,\"caption\":\"bolting.eu\"}]}<\/script>\n<meta property=\"og:availability\" content=\"instock\" \/>\n<meta property=\"product:availability\" content=\"instock\" \/>\n<meta property=\"product:condition\" content=\"new\" \/>\n<meta name=\"geo.placename\" content=\"Innsbruck\" \/>\n<meta name=\"geo.position\" content=\"47.264176340396226;11.380109057672346\" \/>\n<meta name=\"geo.region\" content=\"Austria\" \/>\n<!-- \/ Yoast SEO Premium plugin. -->","yoast_head_json":{"title":"Petzl Rumba 8mm - Halb- & Zwillingsseil | bolting.eu","description":"Petzl Rumba 8mm Halb- & Zwillingsseil beim Kletterprofi kaufen \u2705 kostenloser Versand* \u2705 14 Tage R\u00fcckgaberecht \u2705 Co2 neutraler Versand","robots":{"index":"index","follow":"follow","max-snippet":"max-snippet:-1","max-image-preview":"max-image-preview:large","max-video-preview":"max-video-preview:-1"},"canonical":"https:\/\/bolting.eu\/en\/shop\/petzl-rumba\/","og_locale":"en_US","og_type":"article","og_title":"Petzl Rumba","og_description":"Petzl Rumba 8mm Halb- & Zwillingsseil beim Kletterprofi kaufen \u2705 kostenloser Versand* \u2705 14 Tage R\u00fcckgaberecht \u2705 Co2 neutraler Versand","og_url":"https:\/\/bolting.eu\/en\/shop\/petzl-rumba\/","og_site_name":"bolting.eu","article_publisher":"https:\/\/www.facebook.com\/bolting.eu","article_modified_time":"2026-03-20T15:04:17+00:00","og_image":[{"width":700,"height":700,"url":"https:\/\/bolting.eu\/wp-content\/uploads\/2022\/12\/Petzl-Rumba-8mm-1-1.jpg","type":"image\/jpeg"}],"twitter_card":"summary_large_image","twitter_misc":{"Availability":"In stock"},"schema":{"@context":"https:\/\/schema.org","@graph":[{"@type":["WebPage","ItemPage"],"@id":"https:\/\/bolting.eu\/en\/shop\/petzl-rumba\/","url":"https:\/\/bolting.eu\/en\/shop\/petzl-rumba\/","name":"Petzl Rumba 8mm - Halb- & Zwillingsseil | bolting.eu","isPartOf":{"@id":"https:\/\/bolting.eu\/en\/#website"},"primaryImageOfPage":{"@id":"https:\/\/bolting.eu\/en\/shop\/petzl-rumba\/#primaryimage"},"image":{"@id":"https:\/\/bolting.eu\/en\/shop\/petzl-rumba\/#primaryimage"},"thumbnailUrl":"https:\/\/bolting.eu\/wp-content\/uploads\/2022\/12\/Petzl-Rumba-8mm-1-1.jpg","datePublished":"2022-12-22T14:52:30+00:00","dateModified":"2026-03-20T15:04:17+00:00","description":"Petzl Rumba 8mm Halb- & Zwillingsseil beim Kletterprofi kaufen \u2705 kostenloser Versand* \u2705 14 Tage R\u00fcckgaberecht \u2705 Co2 neutraler Versand","breadcrumb":{"@id":"https:\/\/bolting.eu\/en\/shop\/petzl-rumba\/#breadcrumb"},"inLanguage":"en-US","potentialAction":[{"@type":"ReadAction","target":["https:\/\/bolting.eu\/en\/shop\/petzl-rumba\/"]}]},{"@type":"ImageObject","inLanguage":"en-US","@id":"https:\/\/bolting.eu\/en\/shop\/petzl-rumba\/#primaryimage","url":"https:\/\/bolting.eu\/wp-content\/uploads\/2022\/12\/Petzl-Rumba-8mm-1-1.jpg","contentUrl":"https:\/\/bolting.eu\/wp-content\/uploads\/2022\/12\/Petzl-Rumba-8mm-1-1.jpg","width":700,"height":700},{"@type":"BreadcrumbList","@id":"https:\/\/bolting.eu\/en\/shop\/petzl-rumba\/#breadcrumb","itemListElement":[{"@type":"ListItem","position":1,"name":"Shop","item":"https:\/\/bolting.eu\/en\/shop\/"},{"@type":"ListItem","position":2,"name":"climbing equipment","item":"https:\/\/bolting.eu\/en\/produkt-kategorie\/climbing-equipment\/"},{"@type":"ListItem","position":3,"name":"Kletterseil","item":"https:\/\/bolting.eu\/produkt-kategorie\/kletterausruestung\/kletterseil\/"},{"@type":"ListItem","position":4,"name":"Petzl Rumba"}]},{"@type":"WebSite","@id":"https:\/\/bolting.eu\/en\/#website","url":"https:\/\/bolting.eu\/en\/","name":"bolting.eu","description":"we make climbs happen","publisher":{"@id":"https:\/\/bolting.eu\/en\/#organization"},"potentialAction":[{"@type":"SearchAction","target":{"@type":"EntryPoint","urlTemplate":"https:\/\/bolting.eu\/en\/?s={search_term_string}"},"query-input":{"@type":"PropertyValueSpecification","valueRequired":true,"valueName":"search_term_string"}}],"inLanguage":"en-US"},{"@type":["Organization","Place","SportingGoodsStore"],"@id":"https:\/\/bolting.eu\/en\/#organization","name":"bolting.eu","url":"https:\/\/bolting.eu\/en\/","logo":{"@id":"https:\/\/bolting.eu\/en\/shop\/petzl-rumba\/#local-main-organization-logo"},"image":{"@id":"https:\/\/bolting.eu\/en\/shop\/petzl-rumba\/#local-main-organization-logo"},"sameAs":["https:\/\/www.facebook.com\/bolting.eu","https:\/\/www.instagram.com\/bolting.eu\/"],"address":{"@id":"https:\/\/bolting.eu\/en\/shop\/petzl-rumba\/#local-main-place-address"},"geo":{"@type":"GeoCoordinates","latitude":"47.264176340396226","longitude":"11.380109057672346"},"telephone":["+43 699 19083372"],"openingHoursSpecification":[{"@type":"OpeningHoursSpecification","dayOfWeek":["Monday","Wednesday","Friday"],"opens":"14:00","closes":"18:00"},{"@type":"OpeningHoursSpecification","dayOfWeek":["Tuesday","Thursday","Saturday","Sunday"],"opens":"00:00","closes":"00:00"}],"email":"office@bolting.eu","vatID":"ATU59999728","priceRange":"$$","currenciesAccepted":"Euro"},{"@type":"PostalAddress","@id":"https:\/\/bolting.eu\/en\/shop\/petzl-rumba\/#local-main-place-address","streetAddress":"Fischnalerstra\u00dfe 4","addressLocality":"Innsbruck","postalCode":"6020","addressRegion":"Tirol","addressCountry":"AT"},{"@type":"ImageObject","inLanguage":"en-US","@id":"https:\/\/bolting.eu\/en\/shop\/petzl-rumba\/#local-main-organization-logo","url":"https:\/\/bolting.eu\/wp-content\/uploads\/2019\/09\/bolting-logo.png","contentUrl":"https:\/\/bolting.eu\/wp-content\/uploads\/2019\/09\/bolting-logo.png","width":400,"height":211,"caption":"bolting.eu"}]},"og_availability":"instock","product_availability":"instock","product_condition":"new","geo.placename":"Innsbruck","geo.position":{"lat":"47.264176340396226","long":"11.380109057672346"},"geo.region":"Austria"},"_links":{"self":[{"href":"https:\/\/bolting.eu\/en\/wp-json\/wp\/v2\/product\/14525","targetHints":{"allow":["GET"]}}],"collection":[{"href":"https:\/\/bolting.eu\/en\/wp-json\/wp\/v2\/product"}],"about":[{"href":"https:\/\/bolting.eu\/en\/wp-json\/wp\/v2\/types\/product"}],"replies":[{"embeddable":true,"href":"https:\/\/bolting.eu\/en\/wp-json\/wp\/v2\/comments?post=14525"}],"wp:featuredmedia":[{"embeddable":true,"href":"https:\/\/bolting.eu\/en\/wp-json\/wp\/v2\/media\/14536"}],"wp:attachment":[{"href":"https:\/\/bolting.eu\/en\/wp-json\/wp\/v2\/media?parent=14525"}],"wp:term":[{"taxonomy":"product_brand","embeddable":true,"href":"https:\/\/bolting.eu\/en\/wp-json\/wp\/v2\/product_brand?post=14525"},{"taxonomy":"product_cat","embeddable":true,"href":"https:\/\/bolting.eu\/en\/wp-json\/wp\/v2\/product_cat?post=14525"},{"taxonomy":"product_tag","embeddable":true,"href":"https:\/\/bolting.eu\/en\/wp-json\/wp\/v2\/product_tag?post=14525"}],"curies":[{"name":"wp","href":"https:\/\/api.w.org\/{rel}","templated":true}]}}