{"id":14518,"date":"2022-12-22T14:47:58","date_gmt":"2022-12-22T13:47:58","guid":{"rendered":"https:\/\/bolting.eu\/?post_type=product&#038;p=14518"},"modified":"2026-03-20T16:56:36","modified_gmt":"2026-03-20T15:56:36","slug":"petzl-volta-92mm","status":"publish","type":"product","link":"https:\/\/bolting.eu\/en\/shop\/petzl-volta-92mm\/","title":{"rendered":"Petzl Volta 9,2mm"},"content":{"rendered":"<p>Das Petzl Volta ist ein sehr leichtes Seil zum leistungsorientierten <strong>Klettern und Bergsteigen<\/strong>. Hierf\u00fcr hat es einen kleinen Durchmesser von gerade einmal 9,2 mm mit nur 55 Gramm pro Meter.<\/p>\n<p>Dieses Seil geh\u00f6rt in das hochpreisige und hochwertige Segment. Denn hat einige aufwendige technologische Features und Impr\u00e4gnierungen.<\/p>\n<p>Erstens die <strong>Duratec Dry Impr\u00e4gnierung gegen Wasseraufnahme<\/strong>. zweitens das <strong>Ultra Sonic Finish<\/strong>. Eine Ultraschallbehandlung der Enden f\u00fcr lange Haltbarkeit.<\/p>\n<p>Weiters wird bei diesem Modell die <strong>EverFlex Veredelung<\/strong> durchgef\u00fchrt. Das ist eine thermische Behandlung, welche die Fasern stabilisiert und das Seil einheitlicher macht. Ideal f\u00fcr alle modernen <a href=\"https:\/\/bolting.eu\/produkt-kategorie\/kletterausruestung\/sicherungsgeraete-klettern\/\">Sicherungsger\u00e4te<\/a> wie z.B. das <a href=\"https:\/\/bolting.eu\/shop\/petzl-grigri-2\/\">GriGri<\/a>.<\/p>\n<p>Kurzum. Ein extrem hochwertiges Seil f\u00fcr Spezialisten die keine Kompromisse w\u00fcnschen!<\/p>\n<h2>Eigenschaften Volta 9.2<\/h2>\n<ul>\n<li>Hersteller: <a href=\"https:\/\/bolting.eu\/produkt-kategorie\/petzl\/\">Petzl<\/a><\/li>\n<li>Durchmesser: 9.2mm<\/li>\n<li>Gewicht \/ Meter: 55 Gramm<\/li>\n<li>Material: Polyamid<\/li>\n<li>Seilart: Einfachseil, Halbseil, Zwillingsseil<\/li>\n<li>Impr\u00e4gnierung: Duratec Dry<\/li>\n<li>Ultra Sonic Finish bei Seilenden f\u00fcr l\u00e4ngere Lebensdauer<\/li>\n<li>EverFlex Veredelung f\u00fcr Vereinheitlichung der Fasern<\/li>\n<li>Normst\u00fcrze: 6 Einfachseil, &gt; 20 Halbseil, &gt; 30 Zwillingsseil<\/li>\n<li>Fangstoss: 8,6kN bei Einfachseil<\/li>\n<li>stat. \/ dyn. Dehnung: 7,5% \/ 33% bei Einfachseil<\/li>\n<li>Mantelanteil 42%<\/li>\n<li>Mittelmarkierung: ja<\/li>\n<li>EN Norm: EN 892<\/li>\n<li>UIAA 101 bzw. CE 123<\/li>\n<li>Mantelverschiebung: keine<\/li>\n<li>f\u00fcr alle g\u00e4ngigen Sicherungsger\u00e4te geeignet<\/li>\n<li>ClimbReady Verpackung &#8211; \u00f6ffnen und losklettern<\/li>\n<li><a href=\"https:\/\/www.petzl.com\/sfc\/servlet.shepherd\/version\/download\/0686800000FKLQiAAP\" target=\"_blank\" rel=\"noopener\">Bedienungsanleitung<\/a><\/li>\n<\/ul>\n<h3>Seil f\u00fcr leistungsorientiertes Klettern!<\/h3>\n<p>Das Volta 9.2 von Petzl ist zum Klettern am pers\u00f6nlichen Limit konzipiert. D.h. es soll durch das hervorragende Handling und geringe Gewicht alle bei harten Klettereien unterst\u00fctzen.<\/p>\n<p>Mit nur 55 Gramm pro Meter ist es daf\u00fcr auch ein absolutes Leichtgewicht. Weiters ist das Seil angenehm weich gehalten. Trotz der hochwertigen Behandlungen bzw. Impr\u00e4gnierungen ist es angenehm zu greifen und zu klippen.<\/p>\n<p>Vor allem bei langen Routen hat man einen deutlichen Gewichtsvorteil gegen\u00fcber Standard Durchmessern von 9,6 bis 9,8mm.<\/p>\n<h3>Volta 9.2 = Bergsteiger Seil<\/h3>\n<p>Mit kurzen L\u00e4ngen ist dieses Petzl Seil ein idealer Begleiter am Berg. Deshalb haben wir die 30m und 50m Variante bei uns im Sortiment.<\/p>\n<p>Denn es hat alle Features, welche man sich bei Hochtouren, schwierigen Bergen und Eisflanken w\u00fcnscht. Wie die hochwertigen Impr\u00e4gnierungen, das geringe Gewicht und die 3-fach Zertifizierung.<\/p>\n<p>Somit ergibt sich ein top Seil f\u00fcr den Berg mit kleinem Packma\u00df.<\/p>\n<h3>Ultra Sonic Finish<\/h3>\n<p>Von all den Features beim Petzl Volta 9,2mm wollen wir das Ultra Sonic Finish heraus greifen. Denn gerade diese Behandlung mit Ultraschall, l\u00f6st ein altes Problem an den Seilenden.<\/p>\n<p>N\u00e4mlich zum einen die Kurzlebigkeit durch das st\u00e4ndige Einbinden in den <a href=\"https:\/\/bolting.eu\/produkt-kategorie\/kletterausruestung\/klettergurte\/\">Klettergurt<\/a>. Durch die vielen Knoten-Zyklen mit st\u00e4ndiger Komprimierung der Seilenden werden diese gerne besonders schnell aufgeraut und kaputt.<\/p>\n<p>Und zum anderen die vielen kleinen und harten St\u00fcrze am Seilende. In Kombination mit dem st\u00e4ndigen Chalk Belag werden auch diese Abschnitte meist viel fr\u00fcher kaputt als die Seilmitte.<\/p>\n<h3>Pflege Tipp Petzl Volta 9,2mm<\/h3>\n<p>Wascht euer Kletterseil von Zeit zu Zeit mit lauwarmen Wasser. Und alle paar Monate mal mit einem Seilwaschmittel. Das l\u00f6st den Staub und sch\u00e4digende, kleine Sandpartikel heraus. Zudem erh\u00e4lt es die Impr\u00e4gnierungen.<\/p>\n<p>Euer Sicherungsger\u00e4t und Seil werden es mit einer l\u00e4ngeren Lebensdauer sowie keinen grauen H\u00e4nden mehr belohnen!<\/p>\n","protected":false},"excerpt":{"rendered":"<p>Extrem hochwertiges Seil zum leistungsorientierten Klettern und Bergsteigen. Als Einfach-, Halb- und Zwillingsseil zertifiziert.<\/p>\n<p>Mit 9,2mm bzw. nur 55 Gramm pro Meter ein Leichtgewicht f\u00fcr alle g\u00e4ngigen Sicherungsger\u00e4te. Aufwendige Impr\u00e4gnierung, thermische Behandlung und Ultra Sonic Finish f\u00fcr die Seilenden.<\/p>\n<p>Versandkostenfrei bis 2kg in <img decoding=\"async\" class=\"emoji\" role=\"img\" draggable=\"false\" src=\"https:\/\/s.w.org\/images\/core\/emoji\/13.1.0\/svg\/1f1e6-1f1f9.svg\" alt=\"\ud83c\udde6\ud83c\uddf9\" \/> ab \u20ac 100,- und <img decoding=\"async\" class=\"emoji\" role=\"img\" draggable=\"false\" src=\"https:\/\/s.w.org\/images\/core\/emoji\/13.1.0\/svg\/1f1e9-1f1ea.svg\" alt=\"\ud83c\udde9\ud83c\uddea\" \/> ab \u20ac 200,-!<\/p>\n","protected":false},"featured_media":14521,"comment_status":"closed","ping_status":"closed","template":"","meta":[],"product_brand":[],"product_cat":[29,6727,14093],"product_tag":[],"class_list":{"0":"post-14518","1":"product","2":"type-product","3":"status-publish","4":"has-post-thumbnail","6":"product_cat-kletterausruestung","7":"product_cat-kletterseil","8":"product_cat-petzl","10":"first","11":"instock","12":"sale","13":"taxable","14":"shipping-taxable","15":"purchasable","16":"product-type-variable"},"yoast_head":"<!-- This site is optimized with the Yoast SEO Premium plugin v26.9 (Yoast SEO v26.9) - https:\/\/yoast.com\/product\/yoast-seo-premium-wordpress\/ -->\n<title>Petzl Volta 9,2mm - Einfach-, Halb- und Zwillingsseil | bolting.eu<\/title>\n<meta name=\"description\" content=\"Petzl Volta 9,2mm beim Kletter Hardwareprofi kaufen \u2705 kostenloser Versand* \u2705 14 Tage R\u00fcckgaberecht \u2705 Co2 neutraler Versand\" \/>\n<meta name=\"robots\" content=\"index, follow, max-snippet:-1, max-image-preview:large, max-video-preview:-1\" \/>\n<link rel=\"canonical\" href=\"https:\/\/bolting.eu\/en\/shop\/petzl-volta-92mm\/\" \/>\n<meta property=\"og:locale\" content=\"en_US\" \/>\n<meta property=\"og:type\" content=\"article\" \/>\n<meta property=\"og:title\" content=\"Petzl Volta 9,2mm\" \/>\n<meta property=\"og:description\" content=\"Petzl Volta 9,2mm beim Kletter Hardwareprofi kaufen \u2705 kostenloser Versand* \u2705 14 Tage R\u00fcckgaberecht \u2705 Co2 neutraler Versand\" \/>\n<meta property=\"og:url\" content=\"https:\/\/bolting.eu\/en\/shop\/petzl-volta-92mm\/\" \/>\n<meta property=\"og:site_name\" content=\"bolting.eu\" \/>\n<meta property=\"article:publisher\" content=\"https:\/\/www.facebook.com\/bolting.eu\" \/>\n<meta property=\"article:modified_time\" content=\"2026-03-20T15:56:36+00:00\" \/>\n<meta property=\"og:image\" content=\"https:\/\/bolting.eu\/wp-content\/uploads\/2022\/12\/Petzl-Volta-92mm-1.jpg\" \/>\n\t<meta property=\"og:image:width\" content=\"700\" \/>\n\t<meta property=\"og:image:height\" content=\"700\" \/>\n\t<meta property=\"og:image:type\" content=\"image\/jpeg\" \/>\n<meta name=\"twitter:card\" content=\"summary_large_image\" \/>\n<meta name=\"twitter:label1\" content=\"Availability\" \/>\n\t<meta name=\"twitter:data1\" content=\"In stock\" \/>\n<script type=\"application\/ld+json\" class=\"yoast-schema-graph\">{\"@context\":\"https:\/\/schema.org\",\"@graph\":[{\"@type\":[\"WebPage\",\"ItemPage\"],\"@id\":\"https:\/\/bolting.eu\/en\/shop\/petzl-volta-92mm\/\",\"url\":\"https:\/\/bolting.eu\/en\/shop\/petzl-volta-92mm\/\",\"name\":\"Petzl Volta 9,2mm - Einfach-, Halb- und Zwillingsseil | bolting.eu\",\"isPartOf\":{\"@id\":\"https:\/\/bolting.eu\/en\/#website\"},\"primaryImageOfPage\":{\"@id\":\"https:\/\/bolting.eu\/en\/shop\/petzl-volta-92mm\/#primaryimage\"},\"image\":{\"@id\":\"https:\/\/bolting.eu\/en\/shop\/petzl-volta-92mm\/#primaryimage\"},\"thumbnailUrl\":\"https:\/\/bolting.eu\/wp-content\/uploads\/2022\/12\/Petzl-Volta-92mm-1.jpg\",\"datePublished\":\"2022-12-22T13:47:58+00:00\",\"dateModified\":\"2026-03-20T15:56:36+00:00\",\"description\":\"Petzl Volta 9,2mm beim Kletter Hardwareprofi kaufen \u2705 kostenloser Versand* \u2705 14 Tage R\u00fcckgaberecht \u2705 Co2 neutraler Versand\",\"breadcrumb\":{\"@id\":\"https:\/\/bolting.eu\/en\/shop\/petzl-volta-92mm\/#breadcrumb\"},\"inLanguage\":\"en-US\",\"potentialAction\":[{\"@type\":\"ReadAction\",\"target\":[\"https:\/\/bolting.eu\/en\/shop\/petzl-volta-92mm\/\"]}]},{\"@type\":\"ImageObject\",\"inLanguage\":\"en-US\",\"@id\":\"https:\/\/bolting.eu\/en\/shop\/petzl-volta-92mm\/#primaryimage\",\"url\":\"https:\/\/bolting.eu\/wp-content\/uploads\/2022\/12\/Petzl-Volta-92mm-1.jpg\",\"contentUrl\":\"https:\/\/bolting.eu\/wp-content\/uploads\/2022\/12\/Petzl-Volta-92mm-1.jpg\",\"width\":700,\"height\":700,\"caption\":\"Verpackter Strang Petzl Volta 9,2mm aufrecht im Bild.\"},{\"@type\":\"BreadcrumbList\",\"@id\":\"https:\/\/bolting.eu\/en\/shop\/petzl-volta-92mm\/#breadcrumb\",\"itemListElement\":[{\"@type\":\"ListItem\",\"position\":1,\"name\":\"Shop\",\"item\":\"https:\/\/bolting.eu\/en\/shop\/\"},{\"@type\":\"ListItem\",\"position\":2,\"name\":\"climbing equipment\",\"item\":\"https:\/\/bolting.eu\/en\/produkt-kategorie\/climbing-equipment\/\"},{\"@type\":\"ListItem\",\"position\":3,\"name\":\"Kletterseil\",\"item\":\"https:\/\/bolting.eu\/produkt-kategorie\/kletterausruestung\/kletterseil\/\"},{\"@type\":\"ListItem\",\"position\":4,\"name\":\"Petzl Volta 9,2mm\"}]},{\"@type\":\"WebSite\",\"@id\":\"https:\/\/bolting.eu\/en\/#website\",\"url\":\"https:\/\/bolting.eu\/en\/\",\"name\":\"bolting.eu\",\"description\":\"we make climbs happen\",\"publisher\":{\"@id\":\"https:\/\/bolting.eu\/en\/#organization\"},\"potentialAction\":[{\"@type\":\"SearchAction\",\"target\":{\"@type\":\"EntryPoint\",\"urlTemplate\":\"https:\/\/bolting.eu\/en\/?s={search_term_string}\"},\"query-input\":{\"@type\":\"PropertyValueSpecification\",\"valueRequired\":true,\"valueName\":\"search_term_string\"}}],\"inLanguage\":\"en-US\"},{\"@type\":[\"Organization\",\"Place\",\"SportingGoodsStore\"],\"@id\":\"https:\/\/bolting.eu\/en\/#organization\",\"name\":\"bolting.eu\",\"url\":\"https:\/\/bolting.eu\/en\/\",\"logo\":{\"@id\":\"https:\/\/bolting.eu\/en\/shop\/petzl-volta-92mm\/#local-main-organization-logo\"},\"image\":{\"@id\":\"https:\/\/bolting.eu\/en\/shop\/petzl-volta-92mm\/#local-main-organization-logo\"},\"sameAs\":[\"https:\/\/www.facebook.com\/bolting.eu\",\"https:\/\/www.instagram.com\/bolting.eu\/\"],\"address\":{\"@id\":\"https:\/\/bolting.eu\/en\/shop\/petzl-volta-92mm\/#local-main-place-address\"},\"geo\":{\"@type\":\"GeoCoordinates\",\"latitude\":\"47.264176340396226\",\"longitude\":\"11.380109057672346\"},\"telephone\":[\"+43 699 19083372\"],\"openingHoursSpecification\":[{\"@type\":\"OpeningHoursSpecification\",\"dayOfWeek\":[\"Monday\",\"Wednesday\",\"Friday\"],\"opens\":\"14:00\",\"closes\":\"18:00\"},{\"@type\":\"OpeningHoursSpecification\",\"dayOfWeek\":[\"Tuesday\",\"Thursday\",\"Saturday\",\"Sunday\"],\"opens\":\"00:00\",\"closes\":\"00:00\"}],\"email\":\"office@bolting.eu\",\"vatID\":\"ATU59999728\",\"priceRange\":\"$$\",\"currenciesAccepted\":\"Euro\"},{\"@type\":\"PostalAddress\",\"@id\":\"https:\/\/bolting.eu\/en\/shop\/petzl-volta-92mm\/#local-main-place-address\",\"streetAddress\":\"Fischnalerstra\u00dfe 4\",\"addressLocality\":\"Innsbruck\",\"postalCode\":\"6020\",\"addressRegion\":\"Tirol\",\"addressCountry\":\"AT\"},{\"@type\":\"ImageObject\",\"inLanguage\":\"en-US\",\"@id\":\"https:\/\/bolting.eu\/en\/shop\/petzl-volta-92mm\/#local-main-organization-logo\",\"url\":\"https:\/\/bolting.eu\/wp-content\/uploads\/2019\/09\/bolting-logo.png\",\"contentUrl\":\"https:\/\/bolting.eu\/wp-content\/uploads\/2019\/09\/bolting-logo.png\",\"width\":400,\"height\":211,\"caption\":\"bolting.eu\"}]}<\/script>\n<meta property=\"og:availability\" content=\"instock\" \/>\n<meta property=\"product:availability\" content=\"instock\" \/>\n<meta property=\"product:condition\" content=\"new\" \/>\n<meta name=\"geo.placename\" content=\"Innsbruck\" \/>\n<meta name=\"geo.position\" content=\"47.264176340396226;11.380109057672346\" \/>\n<meta name=\"geo.region\" content=\"Austria\" \/>\n<!-- \/ Yoast SEO Premium plugin. -->","yoast_head_json":{"title":"Petzl Volta 9,2mm - Einfach-, Halb- und Zwillingsseil | bolting.eu","description":"Petzl Volta 9,2mm beim Kletter Hardwareprofi kaufen \u2705 kostenloser Versand* \u2705 14 Tage R\u00fcckgaberecht \u2705 Co2 neutraler Versand","robots":{"index":"index","follow":"follow","max-snippet":"max-snippet:-1","max-image-preview":"max-image-preview:large","max-video-preview":"max-video-preview:-1"},"canonical":"https:\/\/bolting.eu\/en\/shop\/petzl-volta-92mm\/","og_locale":"en_US","og_type":"article","og_title":"Petzl Volta 9,2mm","og_description":"Petzl Volta 9,2mm beim Kletter Hardwareprofi kaufen \u2705 kostenloser Versand* \u2705 14 Tage R\u00fcckgaberecht \u2705 Co2 neutraler Versand","og_url":"https:\/\/bolting.eu\/en\/shop\/petzl-volta-92mm\/","og_site_name":"bolting.eu","article_publisher":"https:\/\/www.facebook.com\/bolting.eu","article_modified_time":"2026-03-20T15:56:36+00:00","og_image":[{"width":700,"height":700,"url":"https:\/\/bolting.eu\/wp-content\/uploads\/2022\/12\/Petzl-Volta-92mm-1.jpg","type":"image\/jpeg"}],"twitter_card":"summary_large_image","twitter_misc":{"Availability":"In stock"},"schema":{"@context":"https:\/\/schema.org","@graph":[{"@type":["WebPage","ItemPage"],"@id":"https:\/\/bolting.eu\/en\/shop\/petzl-volta-92mm\/","url":"https:\/\/bolting.eu\/en\/shop\/petzl-volta-92mm\/","name":"Petzl Volta 9,2mm - Einfach-, Halb- und Zwillingsseil | bolting.eu","isPartOf":{"@id":"https:\/\/bolting.eu\/en\/#website"},"primaryImageOfPage":{"@id":"https:\/\/bolting.eu\/en\/shop\/petzl-volta-92mm\/#primaryimage"},"image":{"@id":"https:\/\/bolting.eu\/en\/shop\/petzl-volta-92mm\/#primaryimage"},"thumbnailUrl":"https:\/\/bolting.eu\/wp-content\/uploads\/2022\/12\/Petzl-Volta-92mm-1.jpg","datePublished":"2022-12-22T13:47:58+00:00","dateModified":"2026-03-20T15:56:36+00:00","description":"Petzl Volta 9,2mm beim Kletter Hardwareprofi kaufen \u2705 kostenloser Versand* \u2705 14 Tage R\u00fcckgaberecht \u2705 Co2 neutraler Versand","breadcrumb":{"@id":"https:\/\/bolting.eu\/en\/shop\/petzl-volta-92mm\/#breadcrumb"},"inLanguage":"en-US","potentialAction":[{"@type":"ReadAction","target":["https:\/\/bolting.eu\/en\/shop\/petzl-volta-92mm\/"]}]},{"@type":"ImageObject","inLanguage":"en-US","@id":"https:\/\/bolting.eu\/en\/shop\/petzl-volta-92mm\/#primaryimage","url":"https:\/\/bolting.eu\/wp-content\/uploads\/2022\/12\/Petzl-Volta-92mm-1.jpg","contentUrl":"https:\/\/bolting.eu\/wp-content\/uploads\/2022\/12\/Petzl-Volta-92mm-1.jpg","width":700,"height":700,"caption":"Verpackter Strang Petzl Volta 9,2mm aufrecht im Bild."},{"@type":"BreadcrumbList","@id":"https:\/\/bolting.eu\/en\/shop\/petzl-volta-92mm\/#breadcrumb","itemListElement":[{"@type":"ListItem","position":1,"name":"Shop","item":"https:\/\/bolting.eu\/en\/shop\/"},{"@type":"ListItem","position":2,"name":"climbing equipment","item":"https:\/\/bolting.eu\/en\/produkt-kategorie\/climbing-equipment\/"},{"@type":"ListItem","position":3,"name":"Kletterseil","item":"https:\/\/bolting.eu\/produkt-kategorie\/kletterausruestung\/kletterseil\/"},{"@type":"ListItem","position":4,"name":"Petzl Volta 9,2mm"}]},{"@type":"WebSite","@id":"https:\/\/bolting.eu\/en\/#website","url":"https:\/\/bolting.eu\/en\/","name":"bolting.eu","description":"we make climbs happen","publisher":{"@id":"https:\/\/bolting.eu\/en\/#organization"},"potentialAction":[{"@type":"SearchAction","target":{"@type":"EntryPoint","urlTemplate":"https:\/\/bolting.eu\/en\/?s={search_term_string}"},"query-input":{"@type":"PropertyValueSpecification","valueRequired":true,"valueName":"search_term_string"}}],"inLanguage":"en-US"},{"@type":["Organization","Place","SportingGoodsStore"],"@id":"https:\/\/bolting.eu\/en\/#organization","name":"bolting.eu","url":"https:\/\/bolting.eu\/en\/","logo":{"@id":"https:\/\/bolting.eu\/en\/shop\/petzl-volta-92mm\/#local-main-organization-logo"},"image":{"@id":"https:\/\/bolting.eu\/en\/shop\/petzl-volta-92mm\/#local-main-organization-logo"},"sameAs":["https:\/\/www.facebook.com\/bolting.eu","https:\/\/www.instagram.com\/bolting.eu\/"],"address":{"@id":"https:\/\/bolting.eu\/en\/shop\/petzl-volta-92mm\/#local-main-place-address"},"geo":{"@type":"GeoCoordinates","latitude":"47.264176340396226","longitude":"11.380109057672346"},"telephone":["+43 699 19083372"],"openingHoursSpecification":[{"@type":"OpeningHoursSpecification","dayOfWeek":["Monday","Wednesday","Friday"],"opens":"14:00","closes":"18:00"},{"@type":"OpeningHoursSpecification","dayOfWeek":["Tuesday","Thursday","Saturday","Sunday"],"opens":"00:00","closes":"00:00"}],"email":"office@bolting.eu","vatID":"ATU59999728","priceRange":"$$","currenciesAccepted":"Euro"},{"@type":"PostalAddress","@id":"https:\/\/bolting.eu\/en\/shop\/petzl-volta-92mm\/#local-main-place-address","streetAddress":"Fischnalerstra\u00dfe 4","addressLocality":"Innsbruck","postalCode":"6020","addressRegion":"Tirol","addressCountry":"AT"},{"@type":"ImageObject","inLanguage":"en-US","@id":"https:\/\/bolting.eu\/en\/shop\/petzl-volta-92mm\/#local-main-organization-logo","url":"https:\/\/bolting.eu\/wp-content\/uploads\/2019\/09\/bolting-logo.png","contentUrl":"https:\/\/bolting.eu\/wp-content\/uploads\/2019\/09\/bolting-logo.png","width":400,"height":211,"caption":"bolting.eu"}]},"og_availability":"instock","product_availability":"instock","product_condition":"new","geo.placename":"Innsbruck","geo.position":{"lat":"47.264176340396226","long":"11.380109057672346"},"geo.region":"Austria"},"_links":{"self":[{"href":"https:\/\/bolting.eu\/en\/wp-json\/wp\/v2\/product\/14518","targetHints":{"allow":["GET"]}}],"collection":[{"href":"https:\/\/bolting.eu\/en\/wp-json\/wp\/v2\/product"}],"about":[{"href":"https:\/\/bolting.eu\/en\/wp-json\/wp\/v2\/types\/product"}],"replies":[{"embeddable":true,"href":"https:\/\/bolting.eu\/en\/wp-json\/wp\/v2\/comments?post=14518"}],"wp:featuredmedia":[{"embeddable":true,"href":"https:\/\/bolting.eu\/en\/wp-json\/wp\/v2\/media\/14521"}],"wp:attachment":[{"href":"https:\/\/bolting.eu\/en\/wp-json\/wp\/v2\/media?parent=14518"}],"wp:term":[{"taxonomy":"product_brand","embeddable":true,"href":"https:\/\/bolting.eu\/en\/wp-json\/wp\/v2\/product_brand?post=14518"},{"taxonomy":"product_cat","embeddable":true,"href":"https:\/\/bolting.eu\/en\/wp-json\/wp\/v2\/product_cat?post=14518"},{"taxonomy":"product_tag","embeddable":true,"href":"https:\/\/bolting.eu\/en\/wp-json\/wp\/v2\/product_tag?post=14518"}],"curies":[{"name":"wp","href":"https:\/\/api.w.org\/{rel}","templated":true}]}}