{"id":14499,"date":"2022-12-21T13:42:51","date_gmt":"2022-12-21T12:42:51","guid":{"rendered":"https:\/\/bolting.eu\/?post_type=product&#038;p=14499"},"modified":"2025-10-03T19:21:03","modified_gmt":"2025-10-03T17:21:03","slug":"edelrid-spare-auto-front-ski","status":"publish","type":"product","link":"https:\/\/bolting.eu\/en\/shop\/edelrid-spare-auto-front-ski\/","title":{"rendered":"Edelrid Spare Auto Front Ski"},"content":{"rendered":"<p>Der Edelrid Spare Auto Front Ski ist ein gro\u00dfer Zehenb\u00fcgel f\u00fcr Skitourenschuhe. Er kann auf alle Steigeisen dieses Herstellers montiert werden. Wie z.B. dem Shark, dem Beast, usw&#8230;<\/p>\n<p>Das ist notwendig, weil die Zehenb\u00fcgel f\u00fcr Bergschuhe runder sind bzw. der Sohlenrand nicht so weit \u00fcbersteht. Deshalb sind diese B\u00fcgel auch runder mit 5 Kr\u00fcmmungen.<\/p>\n<p>Somit brauchen die Tourenschuhe etwas flachere B\u00fcgel bzw. nur drei Biegungen und eben dieses <a href=\"https:\/\/bolting.eu\/produkt-kategorie\/bergsteiger-ausruestung\/steigeisen-ersatzteile-zubehoer\/\">Ersatzteil f\u00fcr Steigeisen<\/a>.<\/p>\n<p>Die Montage ist sehr einfach. Man kann sie locker selber durchf\u00fchren.<\/p>\n<h2>Eigenschaften Edelrid Spare Auto Front Ski<\/h2>\n<ul>\n<li>Hersteller: Edelrid<\/li>\n<li>Material: Stahl<\/li>\n<li>Gewicht: 20 Gramm<\/li>\n<li>gro\u00dfer Zehenb\u00fcgel f\u00fcr Skitourenschuhe<\/li>\n<li>leicht selber montierbar<\/li>\n<li>Verkaufseinheit = 1 St\u00fcck<\/li>\n<li>f\u00fcr alle Edelrid Steigeisen mit &#8220;Auto &#8211; Bindung&#8221; 0 Kipphebel wie <a href=\"https:\/\/bolting.eu\/shop\/edelrid-shark-steigeisen\/\">Shark<\/a>, <a href=\"https:\/\/bolting.eu\/shop\/edelrid-beast-steigeisen\/\">Beast<\/a>, &#8230;<\/li>\n<\/ul>\n<figure id=\"attachment_14504\" aria-describedby=\"caption-attachment-14504\" style=\"width: 533px\" class=\"wp-caption alignnone\"><a href=\"https:\/\/bolting.eu\/wp-content\/uploads\/2022\/12\/Edelrid-Spare-Auto-Front-Ski-3.jpg\"><img loading=\"lazy\" decoding=\"async\" class=\"wp-image-14504 size-medium\" src=\"https:\/\/bolting.eu\/wp-content\/uploads\/2022\/12\/Edelrid-Spare-Auto-Front-Ski-3-533x400.jpg\" alt=\"Unterschied Form Edelrid Spare Auto Front Ski zu normalem B\u00fcgel.\" width=\"533\" height=\"400\" srcset=\"https:\/\/bolting.eu\/wp-content\/uploads\/2022\/12\/Edelrid-Spare-Auto-Front-Ski-3-533x400.jpg 533w, https:\/\/bolting.eu\/wp-content\/uploads\/2022\/12\/Edelrid-Spare-Auto-Front-Ski-3-510x383.jpg 510w, https:\/\/bolting.eu\/wp-content\/uploads\/2022\/12\/Edelrid-Spare-Auto-Front-Ski-3-768x576.jpg 768w, https:\/\/bolting.eu\/wp-content\/uploads\/2022\/12\/Edelrid-Spare-Auto-Front-Ski-3-600x450.jpg 600w, https:\/\/bolting.eu\/wp-content\/uploads\/2022\/12\/Edelrid-Spare-Auto-Front-Ski-3.jpg 800w\" sizes=\"auto, (max-width: 533px) 100vw, 533px\" \/><\/a><figcaption id=\"caption-attachment-14504\" class=\"wp-caption-text\">Die Ski Zehenb\u00fcgel (Vordergrund) haben drei Biegungen und sind flacher, die &#8220;normalen&#8221; B\u00fcgel sind &#8220;runder&#8221; mit 4 Biegungen!<\/figcaption><\/figure>\n<h3>Zehenb\u00fcgel f\u00fcr Skitourenschuhe leicht zu montieren!<\/h3>\n<p>Die Spare Auto Front Ski kann man ganz leicht selber tauschen. Man muss nur zuerst den anderen B\u00fcgel abnehmen.<\/p>\n<p>Dreht ihn hierf\u00fcr auf der passenden Seite nach &#8220;hinten&#8221; Richtung <a href=\"https:\/\/bolting.eu\/shop\/edelrid-steigeisen-steg-spare-rigid-bridge\/\">Steigeisensteg<\/a>. Dann k\u00f6nnt ihr den B\u00fcgel auf einer Seite herausziehen. Erstdann auf der Gegenseite.<\/p>\n<p>Genau umgekehrt sind die Schritte f\u00fcr das Einsetzen des neuen B\u00fcgels.<\/p>\n<figure id=\"attachment_14503\" aria-describedby=\"caption-attachment-14503\" style=\"width: 533px\" class=\"wp-caption alignnone\"><a href=\"https:\/\/bolting.eu\/wp-content\/uploads\/2022\/12\/Edelrid-Spare-Auto-Front-Ski-4.jpg\"><img loading=\"lazy\" decoding=\"async\" class=\"wp-image-14503 size-medium\" src=\"https:\/\/bolting.eu\/wp-content\/uploads\/2022\/12\/Edelrid-Spare-Auto-Front-Ski-4-533x400.jpg\" alt=\"Tausch Edelrid Spare Auto Front Ski Zehenb\u00fcgel per Hand.\" width=\"533\" height=\"400\" srcset=\"https:\/\/bolting.eu\/wp-content\/uploads\/2022\/12\/Edelrid-Spare-Auto-Front-Ski-4-533x400.jpg 533w, https:\/\/bolting.eu\/wp-content\/uploads\/2022\/12\/Edelrid-Spare-Auto-Front-Ski-4-510x383.jpg 510w, https:\/\/bolting.eu\/wp-content\/uploads\/2022\/12\/Edelrid-Spare-Auto-Front-Ski-4-768x576.jpg 768w, https:\/\/bolting.eu\/wp-content\/uploads\/2022\/12\/Edelrid-Spare-Auto-Front-Ski-4-600x450.jpg 600w, https:\/\/bolting.eu\/wp-content\/uploads\/2022\/12\/Edelrid-Spare-Auto-Front-Ski-4.jpg 800w\" sizes=\"auto, (max-width: 533px) 100vw, 533px\" \/><\/a><figcaption id=\"caption-attachment-14503\" class=\"wp-caption-text\">B\u00fcgel weit nach hinten, dann auf der passenden Seite herausziehen. Erst dann auf der Gegenseite herausf\u00e4deln. So geht\u00b4s!<\/figcaption><\/figure>\n","protected":false},"excerpt":{"rendered":"<p>Gro\u00dfer Zehenb\u00fcgel f\u00fcr alle Kipphebel Steigeisen (&#8220;Auto &#8211; Bindung&#8221;) von Edelrid.<\/p>\n<p>Kann eicht selber montiert werden.<\/p>\n<p>Versandkostenfrei bis 2kg in <img decoding=\"async\" class=\"emoji\" role=\"img\" draggable=\"false\" src=\"https:\/\/s.w.org\/images\/core\/emoji\/13.1.0\/svg\/1f1e6-1f1f9.svg\" alt=\"\ud83c\udde6\ud83c\uddf9\" \/> ab \u20ac 100,- und <img decoding=\"async\" class=\"emoji\" role=\"img\" draggable=\"false\" src=\"https:\/\/s.w.org\/images\/core\/emoji\/13.1.0\/svg\/1f1e9-1f1ea.svg\" alt=\"\ud83c\udde9\ud83c\uddea\" \/> ab \u20ac 200,-!<\/p>\n","protected":false},"featured_media":14502,"comment_status":"closed","ping_status":"closed","template":"","meta":[],"product_brand":[],"product_cat":[4655,13938,14356],"product_tag":[],"class_list":{"0":"post-14499","1":"product","2":"type-product","3":"status-publish","4":"has-post-thumbnail","6":"product_cat-edelrid","7":"product_cat-bergsteiger-ausruestung","8":"product_cat-steigeisen-ersatzteile-zubehoer","10":"first","11":"instock","12":"taxable","13":"shipping-taxable","14":"purchasable","15":"product-type-simple"},"yoast_head":"<!-- This site is optimized with the Yoast SEO Premium plugin v26.9 (Yoast SEO v26.9) - https:\/\/yoast.com\/product\/yoast-seo-premium-wordpress\/ -->\n<title>Edelrid Spare Auto Front Ski Zehenb\u00fcgel f\u00fcr Skitourenski | bolting.eu<\/title>\n<meta name=\"description\" content=\"Edelrid Spare Auto Front Ski - Zehenb\u00fcgel f\u00fcr Skitourenski \u2705 kostenloser Versand* \u2705 14 Tage R\u00fcckgaberecht \u2705 Co2 neutraler Versand\" \/>\n<meta name=\"robots\" content=\"index, follow, max-snippet:-1, max-image-preview:large, max-video-preview:-1\" \/>\n<link rel=\"canonical\" href=\"https:\/\/bolting.eu\/en\/shop\/edelrid-spare-auto-front-ski\/\" \/>\n<meta property=\"og:locale\" content=\"en_US\" \/>\n<meta property=\"og:type\" content=\"article\" \/>\n<meta property=\"og:title\" content=\"Edelrid Spare Auto Front Ski\" \/>\n<meta property=\"og:description\" content=\"Edelrid Spare Auto Front Ski - Zehenb\u00fcgel f\u00fcr Skitourenski \u2705 kostenloser Versand* \u2705 14 Tage R\u00fcckgaberecht \u2705 Co2 neutraler Versand\" \/>\n<meta property=\"og:url\" content=\"https:\/\/bolting.eu\/en\/shop\/edelrid-spare-auto-front-ski\/\" \/>\n<meta property=\"og:site_name\" content=\"bolting.eu\" \/>\n<meta property=\"article:publisher\" content=\"https:\/\/www.facebook.com\/bolting.eu\" \/>\n<meta property=\"article:modified_time\" content=\"2025-10-03T17:21:03+00:00\" \/>\n<meta property=\"og:image\" content=\"https:\/\/bolting.eu\/wp-content\/uploads\/2022\/12\/Edelrid-Spare-Auto-Front-Ski-1.jpg\" \/>\n\t<meta property=\"og:image:width\" content=\"700\" \/>\n\t<meta property=\"og:image:height\" content=\"700\" \/>\n\t<meta property=\"og:image:type\" content=\"image\/jpeg\" \/>\n<meta name=\"twitter:card\" content=\"summary_large_image\" \/>\n<meta name=\"twitter:label1\" content=\"Price\" \/>\n\t<meta name=\"twitter:data1\" content=\"&euro;&nbsp;10,00\" \/>\n\t<meta name=\"twitter:label2\" content=\"Availability\" \/>\n\t<meta name=\"twitter:data2\" content=\"In stock\" \/>\n<script type=\"application\/ld+json\" class=\"yoast-schema-graph\">{\"@context\":\"https:\/\/schema.org\",\"@graph\":[{\"@type\":[\"WebPage\",\"ItemPage\"],\"@id\":\"https:\/\/bolting.eu\/en\/shop\/edelrid-spare-auto-front-ski\/\",\"url\":\"https:\/\/bolting.eu\/en\/shop\/edelrid-spare-auto-front-ski\/\",\"name\":\"Edelrid Spare Auto Front Ski Zehenb\u00fcgel f\u00fcr Skitourenski | bolting.eu\",\"isPartOf\":{\"@id\":\"https:\/\/bolting.eu\/en\/#website\"},\"primaryImageOfPage\":{\"@id\":\"https:\/\/bolting.eu\/en\/shop\/edelrid-spare-auto-front-ski\/#primaryimage\"},\"image\":{\"@id\":\"https:\/\/bolting.eu\/en\/shop\/edelrid-spare-auto-front-ski\/#primaryimage\"},\"thumbnailUrl\":\"https:\/\/bolting.eu\/wp-content\/uploads\/2022\/12\/Edelrid-Spare-Auto-Front-Ski-1.jpg\",\"datePublished\":\"2022-12-21T12:42:51+00:00\",\"dateModified\":\"2025-10-03T17:21:03+00:00\",\"description\":\"Edelrid Spare Auto Front Ski - Zehenb\u00fcgel f\u00fcr Skitourenski \u2705 kostenloser Versand* \u2705 14 Tage R\u00fcckgaberecht \u2705 Co2 neutraler Versand\",\"breadcrumb\":{\"@id\":\"https:\/\/bolting.eu\/en\/shop\/edelrid-spare-auto-front-ski\/#breadcrumb\"},\"inLanguage\":\"en-US\",\"potentialAction\":[{\"@type\":\"ReadAction\",\"target\":[\"https:\/\/bolting.eu\/en\/shop\/edelrid-spare-auto-front-ski\/\"]}]},{\"@type\":\"ImageObject\",\"inLanguage\":\"en-US\",\"@id\":\"https:\/\/bolting.eu\/en\/shop\/edelrid-spare-auto-front-ski\/#primaryimage\",\"url\":\"https:\/\/bolting.eu\/wp-content\/uploads\/2022\/12\/Edelrid-Spare-Auto-Front-Ski-1.jpg\",\"contentUrl\":\"https:\/\/bolting.eu\/wp-content\/uploads\/2022\/12\/Edelrid-Spare-Auto-Front-Ski-1.jpg\",\"width\":700,\"height\":700,\"caption\":\"Edelrid Spare Auto Front Ski Zehenb\u00fcgel auf wei\u00dfem Quadrat.\"},{\"@type\":\"BreadcrumbList\",\"@id\":\"https:\/\/bolting.eu\/en\/shop\/edelrid-spare-auto-front-ski\/#breadcrumb\",\"itemListElement\":[{\"@type\":\"ListItem\",\"position\":1,\"name\":\"Shop\",\"item\":\"https:\/\/bolting.eu\/en\/shop\/\"},{\"@type\":\"ListItem\",\"position\":2,\"name\":\"Bergsteiger Ausr\u00fcstung\",\"item\":\"https:\/\/bolting.eu\/produkt-kategorie\/bergsteiger-ausruestung\/\"},{\"@type\":\"ListItem\",\"position\":3,\"name\":\"Edelrid Spare Auto Front Ski\"}]},{\"@type\":\"WebSite\",\"@id\":\"https:\/\/bolting.eu\/en\/#website\",\"url\":\"https:\/\/bolting.eu\/en\/\",\"name\":\"bolting.eu\",\"description\":\"we make climbs happen\",\"publisher\":{\"@id\":\"https:\/\/bolting.eu\/en\/#organization\"},\"potentialAction\":[{\"@type\":\"SearchAction\",\"target\":{\"@type\":\"EntryPoint\",\"urlTemplate\":\"https:\/\/bolting.eu\/en\/?s={search_term_string}\"},\"query-input\":{\"@type\":\"PropertyValueSpecification\",\"valueRequired\":true,\"valueName\":\"search_term_string\"}}],\"inLanguage\":\"en-US\"},{\"@type\":[\"Organization\",\"Place\",\"SportingGoodsStore\"],\"@id\":\"https:\/\/bolting.eu\/en\/#organization\",\"name\":\"bolting.eu\",\"url\":\"https:\/\/bolting.eu\/en\/\",\"logo\":{\"@id\":\"https:\/\/bolting.eu\/en\/shop\/edelrid-spare-auto-front-ski\/#local-main-organization-logo\"},\"image\":{\"@id\":\"https:\/\/bolting.eu\/en\/shop\/edelrid-spare-auto-front-ski\/#local-main-organization-logo\"},\"sameAs\":[\"https:\/\/www.facebook.com\/bolting.eu\",\"https:\/\/www.instagram.com\/bolting.eu\/\"],\"address\":{\"@id\":\"https:\/\/bolting.eu\/en\/shop\/edelrid-spare-auto-front-ski\/#local-main-place-address\"},\"geo\":{\"@type\":\"GeoCoordinates\",\"latitude\":\"47.264176340396226\",\"longitude\":\"11.380109057672346\"},\"telephone\":[\"+43 699 19083372\"],\"openingHoursSpecification\":[{\"@type\":\"OpeningHoursSpecification\",\"dayOfWeek\":[\"Monday\",\"Wednesday\",\"Friday\"],\"opens\":\"14:00\",\"closes\":\"18:00\"},{\"@type\":\"OpeningHoursSpecification\",\"dayOfWeek\":[\"Tuesday\",\"Thursday\",\"Saturday\",\"Sunday\"],\"opens\":\"00:00\",\"closes\":\"00:00\"}],\"email\":\"office@bolting.eu\",\"vatID\":\"ATU59999728\",\"priceRange\":\"$$\",\"currenciesAccepted\":\"Euro\"},{\"@type\":\"PostalAddress\",\"@id\":\"https:\/\/bolting.eu\/en\/shop\/edelrid-spare-auto-front-ski\/#local-main-place-address\",\"streetAddress\":\"Fischnalerstra\u00dfe 4\",\"addressLocality\":\"Innsbruck\",\"postalCode\":\"6020\",\"addressRegion\":\"Tirol\",\"addressCountry\":\"AT\"},{\"@type\":\"ImageObject\",\"inLanguage\":\"en-US\",\"@id\":\"https:\/\/bolting.eu\/en\/shop\/edelrid-spare-auto-front-ski\/#local-main-organization-logo\",\"url\":\"https:\/\/bolting.eu\/wp-content\/uploads\/2019\/09\/bolting-logo.png\",\"contentUrl\":\"https:\/\/bolting.eu\/wp-content\/uploads\/2019\/09\/bolting-logo.png\",\"width\":400,\"height\":211,\"caption\":\"bolting.eu\"}]}<\/script>\n<meta property=\"product:price:amount\" content=\"10.00\" \/>\n<meta property=\"product:price:currency\" content=\"EUR\" \/>\n<meta property=\"og:availability\" content=\"instock\" \/>\n<meta property=\"product:availability\" content=\"instock\" \/>\n<meta property=\"product:retailer_item_id\" content=\"744290000060\" \/>\n<meta property=\"product:condition\" content=\"new\" \/>\n<meta name=\"geo.placename\" content=\"Innsbruck\" \/>\n<meta name=\"geo.position\" content=\"47.264176340396226;11.380109057672346\" \/>\n<meta name=\"geo.region\" content=\"Austria\" \/>\n<!-- \/ Yoast SEO Premium plugin. -->","yoast_head_json":{"title":"Edelrid Spare Auto Front Ski Zehenb\u00fcgel f\u00fcr Skitourenski | bolting.eu","description":"Edelrid Spare Auto Front Ski - Zehenb\u00fcgel f\u00fcr Skitourenski \u2705 kostenloser Versand* \u2705 14 Tage R\u00fcckgaberecht \u2705 Co2 neutraler Versand","robots":{"index":"index","follow":"follow","max-snippet":"max-snippet:-1","max-image-preview":"max-image-preview:large","max-video-preview":"max-video-preview:-1"},"canonical":"https:\/\/bolting.eu\/en\/shop\/edelrid-spare-auto-front-ski\/","og_locale":"en_US","og_type":"article","og_title":"Edelrid Spare Auto Front Ski","og_description":"Edelrid Spare Auto Front Ski - Zehenb\u00fcgel f\u00fcr Skitourenski \u2705 kostenloser Versand* \u2705 14 Tage R\u00fcckgaberecht \u2705 Co2 neutraler Versand","og_url":"https:\/\/bolting.eu\/en\/shop\/edelrid-spare-auto-front-ski\/","og_site_name":"bolting.eu","article_publisher":"https:\/\/www.facebook.com\/bolting.eu","article_modified_time":"2025-10-03T17:21:03+00:00","og_image":[{"width":700,"height":700,"url":"https:\/\/bolting.eu\/wp-content\/uploads\/2022\/12\/Edelrid-Spare-Auto-Front-Ski-1.jpg","type":"image\/jpeg"}],"twitter_card":"summary_large_image","twitter_misc":{"Price":"&euro;&nbsp;10,00","Availability":"In stock"},"schema":{"@context":"https:\/\/schema.org","@graph":[{"@type":["WebPage","ItemPage"],"@id":"https:\/\/bolting.eu\/en\/shop\/edelrid-spare-auto-front-ski\/","url":"https:\/\/bolting.eu\/en\/shop\/edelrid-spare-auto-front-ski\/","name":"Edelrid Spare Auto Front Ski Zehenb\u00fcgel f\u00fcr Skitourenski | bolting.eu","isPartOf":{"@id":"https:\/\/bolting.eu\/en\/#website"},"primaryImageOfPage":{"@id":"https:\/\/bolting.eu\/en\/shop\/edelrid-spare-auto-front-ski\/#primaryimage"},"image":{"@id":"https:\/\/bolting.eu\/en\/shop\/edelrid-spare-auto-front-ski\/#primaryimage"},"thumbnailUrl":"https:\/\/bolting.eu\/wp-content\/uploads\/2022\/12\/Edelrid-Spare-Auto-Front-Ski-1.jpg","datePublished":"2022-12-21T12:42:51+00:00","dateModified":"2025-10-03T17:21:03+00:00","description":"Edelrid Spare Auto Front Ski - Zehenb\u00fcgel f\u00fcr Skitourenski \u2705 kostenloser Versand* \u2705 14 Tage R\u00fcckgaberecht \u2705 Co2 neutraler Versand","breadcrumb":{"@id":"https:\/\/bolting.eu\/en\/shop\/edelrid-spare-auto-front-ski\/#breadcrumb"},"inLanguage":"en-US","potentialAction":[{"@type":"ReadAction","target":["https:\/\/bolting.eu\/en\/shop\/edelrid-spare-auto-front-ski\/"]}]},{"@type":"ImageObject","inLanguage":"en-US","@id":"https:\/\/bolting.eu\/en\/shop\/edelrid-spare-auto-front-ski\/#primaryimage","url":"https:\/\/bolting.eu\/wp-content\/uploads\/2022\/12\/Edelrid-Spare-Auto-Front-Ski-1.jpg","contentUrl":"https:\/\/bolting.eu\/wp-content\/uploads\/2022\/12\/Edelrid-Spare-Auto-Front-Ski-1.jpg","width":700,"height":700,"caption":"Edelrid Spare Auto Front Ski Zehenb\u00fcgel auf wei\u00dfem Quadrat."},{"@type":"BreadcrumbList","@id":"https:\/\/bolting.eu\/en\/shop\/edelrid-spare-auto-front-ski\/#breadcrumb","itemListElement":[{"@type":"ListItem","position":1,"name":"Shop","item":"https:\/\/bolting.eu\/en\/shop\/"},{"@type":"ListItem","position":2,"name":"Bergsteiger Ausr\u00fcstung","item":"https:\/\/bolting.eu\/produkt-kategorie\/bergsteiger-ausruestung\/"},{"@type":"ListItem","position":3,"name":"Edelrid Spare Auto Front Ski"}]},{"@type":"WebSite","@id":"https:\/\/bolting.eu\/en\/#website","url":"https:\/\/bolting.eu\/en\/","name":"bolting.eu","description":"we make climbs happen","publisher":{"@id":"https:\/\/bolting.eu\/en\/#organization"},"potentialAction":[{"@type":"SearchAction","target":{"@type":"EntryPoint","urlTemplate":"https:\/\/bolting.eu\/en\/?s={search_term_string}"},"query-input":{"@type":"PropertyValueSpecification","valueRequired":true,"valueName":"search_term_string"}}],"inLanguage":"en-US"},{"@type":["Organization","Place","SportingGoodsStore"],"@id":"https:\/\/bolting.eu\/en\/#organization","name":"bolting.eu","url":"https:\/\/bolting.eu\/en\/","logo":{"@id":"https:\/\/bolting.eu\/en\/shop\/edelrid-spare-auto-front-ski\/#local-main-organization-logo"},"image":{"@id":"https:\/\/bolting.eu\/en\/shop\/edelrid-spare-auto-front-ski\/#local-main-organization-logo"},"sameAs":["https:\/\/www.facebook.com\/bolting.eu","https:\/\/www.instagram.com\/bolting.eu\/"],"address":{"@id":"https:\/\/bolting.eu\/en\/shop\/edelrid-spare-auto-front-ski\/#local-main-place-address"},"geo":{"@type":"GeoCoordinates","latitude":"47.264176340396226","longitude":"11.380109057672346"},"telephone":["+43 699 19083372"],"openingHoursSpecification":[{"@type":"OpeningHoursSpecification","dayOfWeek":["Monday","Wednesday","Friday"],"opens":"14:00","closes":"18:00"},{"@type":"OpeningHoursSpecification","dayOfWeek":["Tuesday","Thursday","Saturday","Sunday"],"opens":"00:00","closes":"00:00"}],"email":"office@bolting.eu","vatID":"ATU59999728","priceRange":"$$","currenciesAccepted":"Euro"},{"@type":"PostalAddress","@id":"https:\/\/bolting.eu\/en\/shop\/edelrid-spare-auto-front-ski\/#local-main-place-address","streetAddress":"Fischnalerstra\u00dfe 4","addressLocality":"Innsbruck","postalCode":"6020","addressRegion":"Tirol","addressCountry":"AT"},{"@type":"ImageObject","inLanguage":"en-US","@id":"https:\/\/bolting.eu\/en\/shop\/edelrid-spare-auto-front-ski\/#local-main-organization-logo","url":"https:\/\/bolting.eu\/wp-content\/uploads\/2019\/09\/bolting-logo.png","contentUrl":"https:\/\/bolting.eu\/wp-content\/uploads\/2019\/09\/bolting-logo.png","width":400,"height":211,"caption":"bolting.eu"}]},"product_price_amount":"10.00","product_price_currency":"EUR","og_availability":"instock","product_availability":"instock","product_retailer_item_id":"744290000060","product_condition":"new","geo.placename":"Innsbruck","geo.position":{"lat":"47.264176340396226","long":"11.380109057672346"},"geo.region":"Austria"},"_links":{"self":[{"href":"https:\/\/bolting.eu\/en\/wp-json\/wp\/v2\/product\/14499","targetHints":{"allow":["GET"]}}],"collection":[{"href":"https:\/\/bolting.eu\/en\/wp-json\/wp\/v2\/product"}],"about":[{"href":"https:\/\/bolting.eu\/en\/wp-json\/wp\/v2\/types\/product"}],"replies":[{"embeddable":true,"href":"https:\/\/bolting.eu\/en\/wp-json\/wp\/v2\/comments?post=14499"}],"wp:featuredmedia":[{"embeddable":true,"href":"https:\/\/bolting.eu\/en\/wp-json\/wp\/v2\/media\/14502"}],"wp:attachment":[{"href":"https:\/\/bolting.eu\/en\/wp-json\/wp\/v2\/media?parent=14499"}],"wp:term":[{"taxonomy":"product_brand","embeddable":true,"href":"https:\/\/bolting.eu\/en\/wp-json\/wp\/v2\/product_brand?post=14499"},{"taxonomy":"product_cat","embeddable":true,"href":"https:\/\/bolting.eu\/en\/wp-json\/wp\/v2\/product_cat?post=14499"},{"taxonomy":"product_tag","embeddable":true,"href":"https:\/\/bolting.eu\/en\/wp-json\/wp\/v2\/product_tag?post=14499"}],"curies":[{"name":"wp","href":"https:\/\/api.w.org\/{rel}","templated":true}]}}