{"id":14471,"date":"2022-12-20T12:30:31","date_gmt":"2022-12-20T11:30:31","guid":{"rendered":"https:\/\/bolting.eu\/?post_type=product&#038;p=14471"},"modified":"2026-01-30T18:37:43","modified_gmt":"2026-01-30T17:37:43","slug":"edelrid-steigeisen-steg-spare-crampon-bridge","status":"publish","type":"product","link":"https:\/\/bolting.eu\/en\/shop\/edelrid-steigeisen-steg-spare-crampon-bridge\/","title":{"rendered":"Edelrid Steigeisen Steg Spare Crampon Bridge"},"content":{"rendered":"<p>Der Edelrid Steigeisen Steg hat den unaussprechlichen Namen Spare Crampon Bridge. Er wird manchmal auch als &#8220;Mittelsteg&#8221; oder &#8220;Steigeisenbr\u00fccke&#8221; bezeichnet.<\/p>\n<p>Hier k\u00f6nnt ihr den Steg in einer kurzen bzw. langen Version kaufen. Je nachdem wie man ihn dreht, ist die &#8220;Br\u00fccke sowohl f\u00fcr Rechts bzw. Links geeignet.<\/p>\n<p>Wie der Name es schon sagt, sind sie &#8220;steif&#8221;. Folglich k\u00f6nnen sie f\u00fcr alle Steigeisen mit dieser Art von Verbindung verwendet werden. Wie z.B. <a href=\"https:\/\/bolting.eu\/shop\/edelrid-beast-steigeisen\/\">Beast<\/a>, <a href=\"https:\/\/bolting.eu\/shop\/edelrid-beast-lite-steigeisen\/\">Beast Lite<\/a>, <a href=\"https:\/\/bolting.eu\/shop\/edelrid-beast-alpine-steigeisen\/\">Beast Alpine<\/a> oder auch dem <a href=\"https:\/\/bolting.eu\/shop\/edelrid-shark-steigeisen\/\">Shark<\/a>.<\/p>\n<p>Man kann dieses Ersatzteil selber ganz leicht tauschen. Man braucht nicht einmal ein Werkzeug dazu!<\/p>\n<h2>Eigenschaften Edelrid Steigeisen Steg<\/h2>\n<ul>\n<li>Hersteller: <a href=\"https:\/\/bolting.eu\/produkt-kategorie\/edelrid\/\">Edelrid<\/a><\/li>\n<li>Material: Federstahl<\/li>\n<li>kurze Variante: 12 L\u00f6cher \u00e1 1\/2 EU Gr\u00f6\u00dfe (ca. EU 34 &#8211; 40)<\/li>\n<li>lange Variante: 21 L\u00f6cher (ca. EU 38 &#8211; 50)<\/li>\n<li>Gewicht: 38 Gramm bzw. 58 Gramm<\/li>\n<li>f\u00fcr alle Edelrid Steigeisen mit &#8220;steifem&#8221; Steg<\/li>\n<li>ohne Werkzeug leicht selbst zu tauschen<\/li>\n<li><strong>jede &#8220;Br\u00fccke sowohl f\u00fcr rechts als auch links geeignet<\/strong><\/li>\n<li>beachtet: Angabe der Schuhgr\u00f6\u00dfen abh\u00e4ngig von Hersteller \/ Modell<\/li>\n<li><strong>Lieferumfang: 1 St\u00fcck<\/strong><\/li>\n<\/ul>\n<h3>Steigeisenbr\u00fccke leicht zu tauschen<\/h3>\n<p>Den steifen Mittelsteg bei den Edelrid Steigeisen k\u00f6nnt ihr ganz einfach selber tauschen.<\/p>\n<p>Im Folgenden findet ihr unsere vereinfachte Anleitung.<\/p>\n<p>1.) \u00d6ffnet die Feder des Fixiermechanismus und holt den alten Steg heraus.<\/p>\n<p>2.) Nehmt den Steigeisen Steg und dreht ihn auf die gew\u00fcnschte Seite, sodass er passen zum rechten oder linken Steigeisen ist.<\/p>\n<p>3.) Steckt den Steg zuerst durch die \u00d6ffnung des Zehenteils des Steigeisens. Einf\u00e4deln bei der Antistollen Platte nicht vergessen!<\/p>\n<p>4.) Zieht den Dorn der Feder beim Fixiermechanismus heraus. Schiebt den Steg hinein.\u00a0 Fertig!<\/p>\n<h3>So schont ihr den Edelrid Steigeisensteg<\/h3>\n<p>Wenn ihr eure Steigeisen benutzt, k\u00f6nnt ihr einfach ein paar Dinge vermeiden. Somit verl\u00e4ngert ihr eure Lebensdauer der Steighilfen bzw. der Verbindungsbr\u00fccke.<\/p>\n<p>Zu allererst solltet ihr niemals direkt mit der Mitte der Sohle auf harten den Untergrund treten. Wie z.B Steine oder Blankeis. Verwendet die ganze Fu\u00dffl\u00e4che oder das Frontteil.<\/p>\n<p>Nach der Verwendung die Ausr\u00fcstung gut trocknen. Denn Produkte aus Stahl, wie auch Eispickel oder Eisschrauben, rosten umso schneller je feuchter sie sind. Nicht vergessen. Auch trocken bei Zimmertemperatur einlagern!<\/p>\n","protected":false},"excerpt":{"rendered":"<p>Steifer Steg a.k.a. &#8220;Br\u00fccke&#8221; oder &#8220;Mittelsteg&#8221; f\u00fcr Edelrid Steigeisenmodelle. Wie z.B. Shark oder Beast.<\/p>\n<p>Erh\u00e4ltlich in kurzer (12 L\u00f6cher) und langer Variante (21 L\u00f6cher)<\/p>\n<p>Lieferumfang ist 1 St\u00fcck. Die &#8220;Br\u00fccke&#8221; kann sowohl f\u00fcr Rechts als auch Links verwendet werden.<\/p>\n<p>Versandkostenfrei <img decoding=\"async\" class=\"emoji\" role=\"img\" draggable=\"false\" src=\"https:\/\/s.w.org\/images\/core\/emoji\/13.1.0\/svg\/2705.svg\" alt=\"\u2705\" \/> bis 2kg in <img decoding=\"async\" class=\"emoji\" role=\"img\" draggable=\"false\" src=\"https:\/\/s.w.org\/images\/core\/emoji\/13.1.0\/svg\/1f1e6-1f1f9.svg\" alt=\"\ud83c\udde6\ud83c\uddf9\" \/> ab \u20ac 100,- und <img decoding=\"async\" class=\"emoji\" role=\"img\" draggable=\"false\" src=\"https:\/\/s.w.org\/images\/core\/emoji\/13.1.0\/svg\/1f1e9-1f1ea.svg\" alt=\"\ud83c\udde9\ud83c\uddea\" \/> ab \u20ac 200,-!<\/p>\n","protected":false},"featured_media":30795,"comment_status":"closed","ping_status":"closed","template":"","meta":[],"product_brand":[],"product_cat":[4655,13938,14356],"product_tag":[],"class_list":{"0":"post-14471","1":"product","2":"type-product","3":"status-publish","4":"has-post-thumbnail","6":"product_cat-edelrid","7":"product_cat-bergsteiger-ausruestung","8":"product_cat-steigeisen-ersatzteile-zubehoer","10":"first","11":"instock","12":"sale","13":"taxable","14":"shipping-taxable","15":"purchasable","16":"product-type-variable"},"yoast_head":"<!-- This site is optimized with the Yoast SEO Premium plugin v26.9 (Yoast SEO v26.9) - https:\/\/yoast.com\/product\/yoast-seo-premium-wordpress\/ -->\n<title>Edelrid Steigeisen Steg Spare Crampon Bridge - short &amp; long | bolting.eu<\/title>\n<meta name=\"description\" content=\"Edelrid Steigeisen Steg Spare Crampon Bride beim Kletterprofi kaufen \u2705 kostenloser Versand* \u2705 14 Tage R\u00fcckgaberecht \u2705 Co2 neutraler Versand\" \/>\n<meta name=\"robots\" content=\"index, follow, max-snippet:-1, max-image-preview:large, max-video-preview:-1\" \/>\n<link rel=\"canonical\" href=\"https:\/\/bolting.eu\/en\/shop\/edelrid-steigeisen-steg-spare-crampon-bridge\/\" \/>\n<meta property=\"og:locale\" content=\"en_US\" \/>\n<meta property=\"og:type\" content=\"article\" \/>\n<meta property=\"og:title\" content=\"Edelrid Steigeisen Steg Spare Crampon Bridge\" \/>\n<meta property=\"og:description\" content=\"Edelrid Steigeisen Steg Spare Crampon Bride beim Kletterprofi kaufen \u2705 kostenloser Versand* \u2705 14 Tage R\u00fcckgaberecht \u2705 Co2 neutraler Versand\" \/>\n<meta property=\"og:url\" content=\"https:\/\/bolting.eu\/en\/shop\/edelrid-steigeisen-steg-spare-crampon-bridge\/\" \/>\n<meta property=\"og:site_name\" content=\"bolting.eu\" \/>\n<meta property=\"article:publisher\" content=\"https:\/\/www.facebook.com\/bolting.eu\" \/>\n<meta property=\"article:modified_time\" content=\"2026-01-30T17:37:43+00:00\" \/>\n<meta property=\"og:image\" content=\"https:\/\/bolting.eu\/wp-content\/uploads\/2022\/12\/Edelrid-Steigeisensteg-Spare-Crampon-Bridge.jpg\" \/>\n\t<meta property=\"og:image:width\" content=\"700\" \/>\n\t<meta property=\"og:image:height\" content=\"700\" \/>\n\t<meta property=\"og:image:type\" content=\"image\/jpeg\" \/>\n<meta name=\"twitter:card\" content=\"summary_large_image\" \/>\n<meta name=\"twitter:label1\" content=\"Availability\" \/>\n\t<meta name=\"twitter:data1\" content=\"In stock\" \/>\n<script type=\"application\/ld+json\" class=\"yoast-schema-graph\">{\"@context\":\"https:\/\/schema.org\",\"@graph\":[{\"@type\":[\"WebPage\",\"ItemPage\"],\"@id\":\"https:\/\/bolting.eu\/en\/shop\/edelrid-steigeisen-steg-spare-crampon-bridge\/\",\"url\":\"https:\/\/bolting.eu\/en\/shop\/edelrid-steigeisen-steg-spare-crampon-bridge\/\",\"name\":\"Edelrid Steigeisen Steg Spare Crampon Bridge - short & long | bolting.eu\",\"isPartOf\":{\"@id\":\"https:\/\/bolting.eu\/en\/#website\"},\"primaryImageOfPage\":{\"@id\":\"https:\/\/bolting.eu\/en\/shop\/edelrid-steigeisen-steg-spare-crampon-bridge\/#primaryimage\"},\"image\":{\"@id\":\"https:\/\/bolting.eu\/en\/shop\/edelrid-steigeisen-steg-spare-crampon-bridge\/#primaryimage\"},\"thumbnailUrl\":\"https:\/\/bolting.eu\/wp-content\/uploads\/2022\/12\/Edelrid-Steigeisensteg-Spare-Crampon-Bridge.jpg\",\"datePublished\":\"2022-12-20T11:30:31+00:00\",\"dateModified\":\"2026-01-30T17:37:43+00:00\",\"description\":\"Edelrid Steigeisen Steg Spare Crampon Bride beim Kletterprofi kaufen \u2705 kostenloser Versand* \u2705 14 Tage R\u00fcckgaberecht \u2705 Co2 neutraler Versand\",\"breadcrumb\":{\"@id\":\"https:\/\/bolting.eu\/en\/shop\/edelrid-steigeisen-steg-spare-crampon-bridge\/#breadcrumb\"},\"inLanguage\":\"en-US\",\"potentialAction\":[{\"@type\":\"ReadAction\",\"target\":[\"https:\/\/bolting.eu\/en\/shop\/edelrid-steigeisen-steg-spare-crampon-bridge\/\"]}]},{\"@type\":\"ImageObject\",\"inLanguage\":\"en-US\",\"@id\":\"https:\/\/bolting.eu\/en\/shop\/edelrid-steigeisen-steg-spare-crampon-bridge\/#primaryimage\",\"url\":\"https:\/\/bolting.eu\/wp-content\/uploads\/2022\/12\/Edelrid-Steigeisensteg-Spare-Crampon-Bridge.jpg\",\"contentUrl\":\"https:\/\/bolting.eu\/wp-content\/uploads\/2022\/12\/Edelrid-Steigeisensteg-Spare-Crampon-Bridge.jpg\",\"width\":700,\"height\":700,\"caption\":\"Zwei silberne Edelrid Steigeisenstege \u00fcbereinander in kurzer und langer Version.\"},{\"@type\":\"BreadcrumbList\",\"@id\":\"https:\/\/bolting.eu\/en\/shop\/edelrid-steigeisen-steg-spare-crampon-bridge\/#breadcrumb\",\"itemListElement\":[{\"@type\":\"ListItem\",\"position\":1,\"name\":\"Shop\",\"item\":\"https:\/\/bolting.eu\/en\/shop\/\"},{\"@type\":\"ListItem\",\"position\":2,\"name\":\"Bergsteiger Ausr\u00fcstung\",\"item\":\"https:\/\/bolting.eu\/produkt-kategorie\/bergsteiger-ausruestung\/\"},{\"@type\":\"ListItem\",\"position\":3,\"name\":\"Steigeisen Ersatzteile - Zubeh\u00f6r\",\"item\":\"https:\/\/bolting.eu\/produkt-kategorie\/bergsteiger-ausruestung\/steigeisen-ersatzteile-zubehoer\/\"},{\"@type\":\"ListItem\",\"position\":4,\"name\":\"Edelrid Steigeisen Steg Spare Crampon Bridge\"}]},{\"@type\":\"WebSite\",\"@id\":\"https:\/\/bolting.eu\/en\/#website\",\"url\":\"https:\/\/bolting.eu\/en\/\",\"name\":\"bolting.eu\",\"description\":\"we make climbs happen\",\"publisher\":{\"@id\":\"https:\/\/bolting.eu\/en\/#organization\"},\"potentialAction\":[{\"@type\":\"SearchAction\",\"target\":{\"@type\":\"EntryPoint\",\"urlTemplate\":\"https:\/\/bolting.eu\/en\/?s={search_term_string}\"},\"query-input\":{\"@type\":\"PropertyValueSpecification\",\"valueRequired\":true,\"valueName\":\"search_term_string\"}}],\"inLanguage\":\"en-US\"},{\"@type\":[\"Organization\",\"Place\",\"SportingGoodsStore\"],\"@id\":\"https:\/\/bolting.eu\/en\/#organization\",\"name\":\"bolting.eu\",\"url\":\"https:\/\/bolting.eu\/en\/\",\"logo\":{\"@id\":\"https:\/\/bolting.eu\/en\/shop\/edelrid-steigeisen-steg-spare-crampon-bridge\/#local-main-organization-logo\"},\"image\":{\"@id\":\"https:\/\/bolting.eu\/en\/shop\/edelrid-steigeisen-steg-spare-crampon-bridge\/#local-main-organization-logo\"},\"sameAs\":[\"https:\/\/www.facebook.com\/bolting.eu\",\"https:\/\/www.instagram.com\/bolting.eu\/\"],\"address\":{\"@id\":\"https:\/\/bolting.eu\/en\/shop\/edelrid-steigeisen-steg-spare-crampon-bridge\/#local-main-place-address\"},\"geo\":{\"@type\":\"GeoCoordinates\",\"latitude\":\"47.264176340396226\",\"longitude\":\"11.380109057672346\"},\"telephone\":[\"+43 699 19083372\"],\"openingHoursSpecification\":[{\"@type\":\"OpeningHoursSpecification\",\"dayOfWeek\":[\"Monday\",\"Wednesday\",\"Friday\"],\"opens\":\"14:00\",\"closes\":\"18:00\"},{\"@type\":\"OpeningHoursSpecification\",\"dayOfWeek\":[\"Tuesday\",\"Thursday\",\"Saturday\",\"Sunday\"],\"opens\":\"00:00\",\"closes\":\"00:00\"}],\"email\":\"office@bolting.eu\",\"vatID\":\"ATU59999728\",\"priceRange\":\"$$\",\"currenciesAccepted\":\"Euro\"},{\"@type\":\"PostalAddress\",\"@id\":\"https:\/\/bolting.eu\/en\/shop\/edelrid-steigeisen-steg-spare-crampon-bridge\/#local-main-place-address\",\"streetAddress\":\"Fischnalerstra\u00dfe 4\",\"addressLocality\":\"Innsbruck\",\"postalCode\":\"6020\",\"addressRegion\":\"Tirol\",\"addressCountry\":\"AT\"},{\"@type\":\"ImageObject\",\"inLanguage\":\"en-US\",\"@id\":\"https:\/\/bolting.eu\/en\/shop\/edelrid-steigeisen-steg-spare-crampon-bridge\/#local-main-organization-logo\",\"url\":\"https:\/\/bolting.eu\/wp-content\/uploads\/2019\/09\/bolting-logo.png\",\"contentUrl\":\"https:\/\/bolting.eu\/wp-content\/uploads\/2019\/09\/bolting-logo.png\",\"width\":400,\"height\":211,\"caption\":\"bolting.eu\"}]}<\/script>\n<meta property=\"og:availability\" content=\"instock\" \/>\n<meta property=\"product:availability\" content=\"instock\" \/>\n<meta property=\"product:condition\" content=\"new\" \/>\n<meta name=\"geo.placename\" content=\"Innsbruck\" \/>\n<meta name=\"geo.position\" content=\"47.264176340396226;11.380109057672346\" \/>\n<meta name=\"geo.region\" content=\"Austria\" \/>\n<!-- \/ Yoast SEO Premium plugin. -->","yoast_head_json":{"title":"Edelrid Steigeisen Steg Spare Crampon Bridge - short & long | bolting.eu","description":"Edelrid Steigeisen Steg Spare Crampon Bride beim Kletterprofi kaufen \u2705 kostenloser Versand* \u2705 14 Tage R\u00fcckgaberecht \u2705 Co2 neutraler Versand","robots":{"index":"index","follow":"follow","max-snippet":"max-snippet:-1","max-image-preview":"max-image-preview:large","max-video-preview":"max-video-preview:-1"},"canonical":"https:\/\/bolting.eu\/en\/shop\/edelrid-steigeisen-steg-spare-crampon-bridge\/","og_locale":"en_US","og_type":"article","og_title":"Edelrid Steigeisen Steg Spare Crampon Bridge","og_description":"Edelrid Steigeisen Steg Spare Crampon Bride beim Kletterprofi kaufen \u2705 kostenloser Versand* \u2705 14 Tage R\u00fcckgaberecht \u2705 Co2 neutraler Versand","og_url":"https:\/\/bolting.eu\/en\/shop\/edelrid-steigeisen-steg-spare-crampon-bridge\/","og_site_name":"bolting.eu","article_publisher":"https:\/\/www.facebook.com\/bolting.eu","article_modified_time":"2026-01-30T17:37:43+00:00","og_image":[{"width":700,"height":700,"url":"https:\/\/bolting.eu\/wp-content\/uploads\/2022\/12\/Edelrid-Steigeisensteg-Spare-Crampon-Bridge.jpg","type":"image\/jpeg"}],"twitter_card":"summary_large_image","twitter_misc":{"Availability":"In stock"},"schema":{"@context":"https:\/\/schema.org","@graph":[{"@type":["WebPage","ItemPage"],"@id":"https:\/\/bolting.eu\/en\/shop\/edelrid-steigeisen-steg-spare-crampon-bridge\/","url":"https:\/\/bolting.eu\/en\/shop\/edelrid-steigeisen-steg-spare-crampon-bridge\/","name":"Edelrid Steigeisen Steg Spare Crampon Bridge - short & long | bolting.eu","isPartOf":{"@id":"https:\/\/bolting.eu\/en\/#website"},"primaryImageOfPage":{"@id":"https:\/\/bolting.eu\/en\/shop\/edelrid-steigeisen-steg-spare-crampon-bridge\/#primaryimage"},"image":{"@id":"https:\/\/bolting.eu\/en\/shop\/edelrid-steigeisen-steg-spare-crampon-bridge\/#primaryimage"},"thumbnailUrl":"https:\/\/bolting.eu\/wp-content\/uploads\/2022\/12\/Edelrid-Steigeisensteg-Spare-Crampon-Bridge.jpg","datePublished":"2022-12-20T11:30:31+00:00","dateModified":"2026-01-30T17:37:43+00:00","description":"Edelrid Steigeisen Steg Spare Crampon Bride beim Kletterprofi kaufen \u2705 kostenloser Versand* \u2705 14 Tage R\u00fcckgaberecht \u2705 Co2 neutraler Versand","breadcrumb":{"@id":"https:\/\/bolting.eu\/en\/shop\/edelrid-steigeisen-steg-spare-crampon-bridge\/#breadcrumb"},"inLanguage":"en-US","potentialAction":[{"@type":"ReadAction","target":["https:\/\/bolting.eu\/en\/shop\/edelrid-steigeisen-steg-spare-crampon-bridge\/"]}]},{"@type":"ImageObject","inLanguage":"en-US","@id":"https:\/\/bolting.eu\/en\/shop\/edelrid-steigeisen-steg-spare-crampon-bridge\/#primaryimage","url":"https:\/\/bolting.eu\/wp-content\/uploads\/2022\/12\/Edelrid-Steigeisensteg-Spare-Crampon-Bridge.jpg","contentUrl":"https:\/\/bolting.eu\/wp-content\/uploads\/2022\/12\/Edelrid-Steigeisensteg-Spare-Crampon-Bridge.jpg","width":700,"height":700,"caption":"Zwei silberne Edelrid Steigeisenstege \u00fcbereinander in kurzer und langer Version."},{"@type":"BreadcrumbList","@id":"https:\/\/bolting.eu\/en\/shop\/edelrid-steigeisen-steg-spare-crampon-bridge\/#breadcrumb","itemListElement":[{"@type":"ListItem","position":1,"name":"Shop","item":"https:\/\/bolting.eu\/en\/shop\/"},{"@type":"ListItem","position":2,"name":"Bergsteiger Ausr\u00fcstung","item":"https:\/\/bolting.eu\/produkt-kategorie\/bergsteiger-ausruestung\/"},{"@type":"ListItem","position":3,"name":"Steigeisen Ersatzteile - Zubeh\u00f6r","item":"https:\/\/bolting.eu\/produkt-kategorie\/bergsteiger-ausruestung\/steigeisen-ersatzteile-zubehoer\/"},{"@type":"ListItem","position":4,"name":"Edelrid Steigeisen Steg Spare Crampon Bridge"}]},{"@type":"WebSite","@id":"https:\/\/bolting.eu\/en\/#website","url":"https:\/\/bolting.eu\/en\/","name":"bolting.eu","description":"we make climbs happen","publisher":{"@id":"https:\/\/bolting.eu\/en\/#organization"},"potentialAction":[{"@type":"SearchAction","target":{"@type":"EntryPoint","urlTemplate":"https:\/\/bolting.eu\/en\/?s={search_term_string}"},"query-input":{"@type":"PropertyValueSpecification","valueRequired":true,"valueName":"search_term_string"}}],"inLanguage":"en-US"},{"@type":["Organization","Place","SportingGoodsStore"],"@id":"https:\/\/bolting.eu\/en\/#organization","name":"bolting.eu","url":"https:\/\/bolting.eu\/en\/","logo":{"@id":"https:\/\/bolting.eu\/en\/shop\/edelrid-steigeisen-steg-spare-crampon-bridge\/#local-main-organization-logo"},"image":{"@id":"https:\/\/bolting.eu\/en\/shop\/edelrid-steigeisen-steg-spare-crampon-bridge\/#local-main-organization-logo"},"sameAs":["https:\/\/www.facebook.com\/bolting.eu","https:\/\/www.instagram.com\/bolting.eu\/"],"address":{"@id":"https:\/\/bolting.eu\/en\/shop\/edelrid-steigeisen-steg-spare-crampon-bridge\/#local-main-place-address"},"geo":{"@type":"GeoCoordinates","latitude":"47.264176340396226","longitude":"11.380109057672346"},"telephone":["+43 699 19083372"],"openingHoursSpecification":[{"@type":"OpeningHoursSpecification","dayOfWeek":["Monday","Wednesday","Friday"],"opens":"14:00","closes":"18:00"},{"@type":"OpeningHoursSpecification","dayOfWeek":["Tuesday","Thursday","Saturday","Sunday"],"opens":"00:00","closes":"00:00"}],"email":"office@bolting.eu","vatID":"ATU59999728","priceRange":"$$","currenciesAccepted":"Euro"},{"@type":"PostalAddress","@id":"https:\/\/bolting.eu\/en\/shop\/edelrid-steigeisen-steg-spare-crampon-bridge\/#local-main-place-address","streetAddress":"Fischnalerstra\u00dfe 4","addressLocality":"Innsbruck","postalCode":"6020","addressRegion":"Tirol","addressCountry":"AT"},{"@type":"ImageObject","inLanguage":"en-US","@id":"https:\/\/bolting.eu\/en\/shop\/edelrid-steigeisen-steg-spare-crampon-bridge\/#local-main-organization-logo","url":"https:\/\/bolting.eu\/wp-content\/uploads\/2019\/09\/bolting-logo.png","contentUrl":"https:\/\/bolting.eu\/wp-content\/uploads\/2019\/09\/bolting-logo.png","width":400,"height":211,"caption":"bolting.eu"}]},"og_availability":"instock","product_availability":"instock","product_condition":"new","geo.placename":"Innsbruck","geo.position":{"lat":"47.264176340396226","long":"11.380109057672346"},"geo.region":"Austria"},"_links":{"self":[{"href":"https:\/\/bolting.eu\/en\/wp-json\/wp\/v2\/product\/14471","targetHints":{"allow":["GET"]}}],"collection":[{"href":"https:\/\/bolting.eu\/en\/wp-json\/wp\/v2\/product"}],"about":[{"href":"https:\/\/bolting.eu\/en\/wp-json\/wp\/v2\/types\/product"}],"replies":[{"embeddable":true,"href":"https:\/\/bolting.eu\/en\/wp-json\/wp\/v2\/comments?post=14471"}],"wp:featuredmedia":[{"embeddable":true,"href":"https:\/\/bolting.eu\/en\/wp-json\/wp\/v2\/media\/30795"}],"wp:attachment":[{"href":"https:\/\/bolting.eu\/en\/wp-json\/wp\/v2\/media?parent=14471"}],"wp:term":[{"taxonomy":"product_brand","embeddable":true,"href":"https:\/\/bolting.eu\/en\/wp-json\/wp\/v2\/product_brand?post=14471"},{"taxonomy":"product_cat","embeddable":true,"href":"https:\/\/bolting.eu\/en\/wp-json\/wp\/v2\/product_cat?post=14471"},{"taxonomy":"product_tag","embeddable":true,"href":"https:\/\/bolting.eu\/en\/wp-json\/wp\/v2\/product_tag?post=14471"}],"curies":[{"name":"wp","href":"https:\/\/api.w.org\/{rel}","templated":true}]}}