{"id":14429,"date":"2022-12-18T12:12:03","date_gmt":"2022-12-18T11:12:03","guid":{"rendered":"https:\/\/bolting.eu\/?post_type=product&#038;p=14429"},"modified":"2025-09-19T11:48:40","modified_gmt":"2025-09-19T09:48:40","slug":"austrialpin-steigeisensteg-skywalk","status":"publish","type":"product","link":"https:\/\/bolting.eu\/en\/shop\/austrialpin-steigeisensteg-skywalk\/","title":{"rendered":"Austrialpin Steigeisensteg Skyclimb &#8211; Skywalk"},"content":{"rendered":"<p>Der Austrialpin Steigeisensteg Skyclimb &#8211; Skywalk ist zum Nachr\u00fcsten auf diesen beiden Modellen.<\/p>\n<p>Wir bieten zum einen die <strong>Standard L\u00e4nge<\/strong>. Diese ist 20cm bzw. f\u00fcr Schuhgr\u00f6\u00dfen von EU 36 1\/2 bis 47. Und zum anderen die &#8220;<strong>lange Version<\/strong>&#8221; mit 25cm bzw. bis Schuhgr\u00f6\u00dfe EU 52.<\/p>\n<p>Der &#8220;Mittelsteg&#8221; kann ganz leicht selber getauscht werden. Achtet jedoch darauf, auch die Schlitze der Antistollplatten einzuf\u00e4deln.<\/p>\n<p>Wer sehr kleine Bergschuhe unter EU 36 1\/2 hat, muss sich den Steg abschneiden. Er kann bis zu Gr\u00f6\u00dfe EU 34 gek\u00fcrzt werden.<\/p>\n<h2>Eigenschaften Austrialpin Steigeisensteg Skyclimb &#8211; Skywalk<\/h2>\n<ul>\n<li>Hersteller: <a href=\"https:\/\/bolting.eu\/produkt-kategorie\/austrialpin\/\">Austrialpin<\/a><\/li>\n<li>Material: geh\u00e4rteter Stahl<\/li>\n<li>Gewicht: 67 Gramm<\/li>\n<li><strong>Standard Steg:<\/strong> f\u00fcr EU 36 1\/2 &#8211; 47<\/li>\n<li><strong>Langer Steg:<\/strong> f\u00fcr EU 36 1\/2 &#8211; EU 52<\/li>\n<li>Oberfl\u00e4che: pulverbeschichtet<\/li>\n<li>passt sowohl auf linkes wie rechtes Steigeisen<\/li>\n<li><strong>nur f\u00fcr Austrialpin Skyclimb bzw. Skywalk<\/strong><\/li>\n<li>ohne Werkzeug tauschbar<\/li>\n<li><strong>Verkaufseinheit: 1 St\u00fcck<\/strong><\/li>\n<\/ul>\n<h3>Standard und \u00dcberl\u00e4nge!<\/h3>\n<p>Beachtet. Der Steigeisensteg Skyclimb &#8211; Skywalk ist in zwei L\u00e4ngen verf\u00fcgbar.<\/p>\n<p>Die Standardl\u00e4nge ist am Originalprodukt montiert und reicht von Eu 36 1\/2 bis EU 47. Wer also sehr gro\u00dfe Schuhe hat, der muss sich den Steg in \u00dcberl\u00e4nge hier besorgen. Er ist f\u00fcr EU 36 1\/2 bis EU 52 Schuhe geeignet.<\/p>\n<h3>Abschneiden f\u00fcr Schuhe &lt; EU 36 1\/2<\/h3>\n<p>Die maximale Schuhgr\u00f6\u00dfe f\u00fcr den Austrialpin Steigeisensteg Skyclimb &#8211; Skywalk ist 47. Die kleinste Gr\u00f6\u00dfe ist 36 1\/2.<\/p>\n<p>Wer noch kleinere Bergschuhe hat, der muss sich den Steg abschneiden.<\/p>\n<p>Das geht mit einer &#8220;Flex&#8221; oder einer Eisens\u00e4ge. Man kann den Steg dabei bis f\u00fcr eine Schuhgr\u00f6\u00dfe von EU 34 k\u00fcrzen.<\/p>\n<h3>Austrialpin Steg Skyclimb &#8211; Skywalk tauschen<\/h3>\n<p>Im Folgenden findet ihr eine einfache Anleitung, wie man den Steg tauschen kann.<\/p>\n<p>So geht`s!<\/p>\n<p>1.) Dreht das Steigeisen auf den R\u00fccken<\/p>\n<p>2.) \u00d6ffnet den Fixiermechanismus (Flansch mit dem Dorn einfach herausziehen!) und zieht das Fersenteil herunter<\/p>\n<p>3.) Den Steg aus dem Frontteil nehmen<\/p>\n<p>4.) Neuen Steg einsetzen &#8211; nicht vergessen in den Schlitzen der Antistollplatten einzuf\u00e4deln!<\/p>\n<p>5.) Entsprechend er L\u00e4nge der Schuhe den Steg mit Fixiermechanismus einstellen.<\/p>\n<p>&nbsp;<\/p>\n","protected":false},"excerpt":{"rendered":"<p>Ersatzsteg f\u00fcr das Austrialpin Skyclimb Steigeisen. Kann leicht selber getauscht werden. Der selbe Steg kann sowohl f\u00fcr linkes als auch rechtes Steigeisen verwendet werden.<\/p>\n<p>Verkaufseinheit = 1 St\u00fcck.<\/p>\n<div class=\"product-short-description\">\n<p>Versandkostenfrei bis 2kg in <img decoding=\"async\" class=\"emoji\" role=\"img\" draggable=\"false\" src=\"https:\/\/s.w.org\/images\/core\/emoji\/13.1.0\/svg\/1f1e6-1f1f9.svg\" alt=\"\ud83c\udde6\ud83c\uddf9\" \/> ab \u20ac 100,- und <img decoding=\"async\" class=\"emoji\" role=\"img\" draggable=\"false\" src=\"https:\/\/s.w.org\/images\/core\/emoji\/13.1.0\/svg\/1f1e9-1f1ea.svg\" alt=\"\ud83c\udde9\ud83c\uddea\" \/> ab \u20ac 200,-!<\/p>\n<\/div>\n<div class=\"wc-gzd-additional-info defect-description wc-gzd-additional-info-placeholder\"><\/div>\n","protected":false},"featured_media":14435,"comment_status":"closed","ping_status":"closed","template":"","meta":[],"product_brand":[],"product_cat":[4649,13938,14356],"product_tag":[],"class_list":{"0":"post-14429","1":"product","2":"type-product","3":"status-publish","4":"has-post-thumbnail","6":"product_cat-austrialpin","7":"product_cat-bergsteiger-ausruestung","8":"product_cat-steigeisen-ersatzteile-zubehoer","10":"first","11":"instock","12":"taxable","13":"shipping-taxable","14":"purchasable","15":"product-type-variable"},"yoast_head":"<!-- This site is optimized with the Yoast SEO Premium plugin v26.9 (Yoast SEO v26.9) - https:\/\/yoast.com\/product\/yoast-seo-premium-wordpress\/ -->\n<title>Austrialpin Steigeisensteg Skyclimb - Skywalk - EU 47 &amp; EU 52 | bolting.eu<\/title>\n<meta name=\"description\" content=\"Austrialpin Steigeisensteg Skyclimb - Skywalk - Standard &amp; \u00dcberl\u00e4nge bis EU 52 \u2713 kostenloser Versand \u2713 14 Tage R\u00fcckgaberecht\" \/>\n<meta name=\"robots\" content=\"index, follow, max-snippet:-1, max-image-preview:large, max-video-preview:-1\" \/>\n<link rel=\"canonical\" href=\"https:\/\/bolting.eu\/en\/shop\/austrialpin-steigeisensteg-skywalk\/\" \/>\n<meta property=\"og:locale\" content=\"en_US\" \/>\n<meta property=\"og:type\" content=\"article\" \/>\n<meta property=\"og:title\" content=\"Austrialpin Steigeisensteg Skyclimb - Skywalk\" \/>\n<meta property=\"og:description\" content=\"Austrialpin Steigeisensteg Skyclimb - Skywalk - Standard &amp; \u00dcberl\u00e4nge bis EU 52 \u2713 kostenloser Versand \u2713 14 Tage R\u00fcckgaberecht\" \/>\n<meta property=\"og:url\" content=\"https:\/\/bolting.eu\/en\/shop\/austrialpin-steigeisensteg-skywalk\/\" \/>\n<meta property=\"og:site_name\" content=\"bolting.eu\" \/>\n<meta property=\"article:publisher\" content=\"https:\/\/www.facebook.com\/bolting.eu\" \/>\n<meta property=\"article:modified_time\" content=\"2025-09-19T09:48:40+00:00\" \/>\n<meta property=\"og:image\" content=\"https:\/\/bolting.eu\/wp-content\/uploads\/2022\/12\/Austrialpin-Steigeisensteg-Skyclimb-1.jpg\" \/>\n\t<meta property=\"og:image:width\" content=\"700\" \/>\n\t<meta property=\"og:image:height\" content=\"700\" \/>\n\t<meta property=\"og:image:type\" content=\"image\/jpeg\" \/>\n<meta name=\"twitter:card\" content=\"summary_large_image\" \/>\n<meta name=\"twitter:label1\" content=\"Availability\" \/>\n\t<meta name=\"twitter:data1\" content=\"In stock\" \/>\n<script type=\"application\/ld+json\" class=\"yoast-schema-graph\">{\"@context\":\"https:\/\/schema.org\",\"@graph\":[{\"@type\":[\"WebPage\",\"ItemPage\"],\"@id\":\"https:\/\/bolting.eu\/en\/shop\/austrialpin-steigeisensteg-skywalk\/\",\"url\":\"https:\/\/bolting.eu\/en\/shop\/austrialpin-steigeisensteg-skywalk\/\",\"name\":\"Austrialpin Steigeisensteg Skyclimb - Skywalk - EU 47 & EU 52 | bolting.eu\",\"isPartOf\":{\"@id\":\"https:\/\/bolting.eu\/en\/#website\"},\"primaryImageOfPage\":{\"@id\":\"https:\/\/bolting.eu\/en\/shop\/austrialpin-steigeisensteg-skywalk\/#primaryimage\"},\"image\":{\"@id\":\"https:\/\/bolting.eu\/en\/shop\/austrialpin-steigeisensteg-skywalk\/#primaryimage\"},\"thumbnailUrl\":\"https:\/\/bolting.eu\/wp-content\/uploads\/2022\/12\/Austrialpin-Steigeisensteg-Skyclimb-1.jpg\",\"datePublished\":\"2022-12-18T11:12:03+00:00\",\"dateModified\":\"2025-09-19T09:48:40+00:00\",\"description\":\"Austrialpin Steigeisensteg Skyclimb - Skywalk - Standard & \u00dcberl\u00e4nge bis EU 52 \u2713 kostenloser Versand \u2713 14 Tage R\u00fcckgaberecht\",\"breadcrumb\":{\"@id\":\"https:\/\/bolting.eu\/en\/shop\/austrialpin-steigeisensteg-skywalk\/#breadcrumb\"},\"inLanguage\":\"en-US\",\"potentialAction\":[{\"@type\":\"ReadAction\",\"target\":[\"https:\/\/bolting.eu\/en\/shop\/austrialpin-steigeisensteg-skywalk\/\"]}]},{\"@type\":\"ImageObject\",\"inLanguage\":\"en-US\",\"@id\":\"https:\/\/bolting.eu\/en\/shop\/austrialpin-steigeisensteg-skywalk\/#primaryimage\",\"url\":\"https:\/\/bolting.eu\/wp-content\/uploads\/2022\/12\/Austrialpin-Steigeisensteg-Skyclimb-1.jpg\",\"contentUrl\":\"https:\/\/bolting.eu\/wp-content\/uploads\/2022\/12\/Austrialpin-Steigeisensteg-Skyclimb-1.jpg\",\"width\":700,\"height\":700,\"caption\":\"Schwarzer Austrialpin Steigeisensteg Skyclimb Skywalk aufrecht in wei\u00dfem Quadrat.\"},{\"@type\":\"BreadcrumbList\",\"@id\":\"https:\/\/bolting.eu\/en\/shop\/austrialpin-steigeisensteg-skywalk\/#breadcrumb\",\"itemListElement\":[{\"@type\":\"ListItem\",\"position\":1,\"name\":\"Shop\",\"item\":\"https:\/\/bolting.eu\/en\/shop\/\"},{\"@type\":\"ListItem\",\"position\":2,\"name\":\"Bergsteiger Ausr\u00fcstung\",\"item\":\"https:\/\/bolting.eu\/produkt-kategorie\/bergsteiger-ausruestung\/\"},{\"@type\":\"ListItem\",\"position\":3,\"name\":\"Steigeisen Ersatzteile - Zubeh\u00f6r\",\"item\":\"https:\/\/bolting.eu\/produkt-kategorie\/bergsteiger-ausruestung\/steigeisen-ersatzteile-zubehoer\/\"},{\"@type\":\"ListItem\",\"position\":4,\"name\":\"Austrialpin Steigeisensteg Skyclimb &#8211; Skywalk\"}]},{\"@type\":\"WebSite\",\"@id\":\"https:\/\/bolting.eu\/en\/#website\",\"url\":\"https:\/\/bolting.eu\/en\/\",\"name\":\"bolting.eu\",\"description\":\"we make climbs happen\",\"publisher\":{\"@id\":\"https:\/\/bolting.eu\/en\/#organization\"},\"potentialAction\":[{\"@type\":\"SearchAction\",\"target\":{\"@type\":\"EntryPoint\",\"urlTemplate\":\"https:\/\/bolting.eu\/en\/?s={search_term_string}\"},\"query-input\":{\"@type\":\"PropertyValueSpecification\",\"valueRequired\":true,\"valueName\":\"search_term_string\"}}],\"inLanguage\":\"en-US\"},{\"@type\":[\"Organization\",\"Place\",\"SportingGoodsStore\"],\"@id\":\"https:\/\/bolting.eu\/en\/#organization\",\"name\":\"bolting.eu\",\"url\":\"https:\/\/bolting.eu\/en\/\",\"logo\":{\"@id\":\"https:\/\/bolting.eu\/en\/shop\/austrialpin-steigeisensteg-skywalk\/#local-main-organization-logo\"},\"image\":{\"@id\":\"https:\/\/bolting.eu\/en\/shop\/austrialpin-steigeisensteg-skywalk\/#local-main-organization-logo\"},\"sameAs\":[\"https:\/\/www.facebook.com\/bolting.eu\",\"https:\/\/www.instagram.com\/bolting.eu\/\"],\"address\":{\"@id\":\"https:\/\/bolting.eu\/en\/shop\/austrialpin-steigeisensteg-skywalk\/#local-main-place-address\"},\"geo\":{\"@type\":\"GeoCoordinates\",\"latitude\":\"47.264176340396226\",\"longitude\":\"11.380109057672346\"},\"telephone\":[\"+43 699 19083372\"],\"openingHoursSpecification\":[{\"@type\":\"OpeningHoursSpecification\",\"dayOfWeek\":[\"Monday\",\"Wednesday\",\"Friday\"],\"opens\":\"14:00\",\"closes\":\"18:00\"},{\"@type\":\"OpeningHoursSpecification\",\"dayOfWeek\":[\"Tuesday\",\"Thursday\",\"Saturday\",\"Sunday\"],\"opens\":\"00:00\",\"closes\":\"00:00\"}],\"email\":\"office@bolting.eu\",\"vatID\":\"ATU59999728\",\"priceRange\":\"$$\",\"currenciesAccepted\":\"Euro\"},{\"@type\":\"PostalAddress\",\"@id\":\"https:\/\/bolting.eu\/en\/shop\/austrialpin-steigeisensteg-skywalk\/#local-main-place-address\",\"streetAddress\":\"Fischnalerstra\u00dfe 4\",\"addressLocality\":\"Innsbruck\",\"postalCode\":\"6020\",\"addressRegion\":\"Tirol\",\"addressCountry\":\"AT\"},{\"@type\":\"ImageObject\",\"inLanguage\":\"en-US\",\"@id\":\"https:\/\/bolting.eu\/en\/shop\/austrialpin-steigeisensteg-skywalk\/#local-main-organization-logo\",\"url\":\"https:\/\/bolting.eu\/wp-content\/uploads\/2019\/09\/bolting-logo.png\",\"contentUrl\":\"https:\/\/bolting.eu\/wp-content\/uploads\/2019\/09\/bolting-logo.png\",\"width\":400,\"height\":211,\"caption\":\"bolting.eu\"}]}<\/script>\n<meta property=\"og:availability\" content=\"instock\" \/>\n<meta property=\"product:availability\" content=\"instock\" \/>\n<meta property=\"product:condition\" content=\"new\" \/>\n<meta name=\"geo.placename\" content=\"Innsbruck\" \/>\n<meta name=\"geo.position\" content=\"47.264176340396226;11.380109057672346\" \/>\n<meta name=\"geo.region\" content=\"Austria\" \/>\n<!-- \/ Yoast SEO Premium plugin. -->","yoast_head_json":{"title":"Austrialpin Steigeisensteg Skyclimb - Skywalk - EU 47 & EU 52 | bolting.eu","description":"Austrialpin Steigeisensteg Skyclimb - Skywalk - Standard & \u00dcberl\u00e4nge bis EU 52 \u2713 kostenloser Versand \u2713 14 Tage R\u00fcckgaberecht","robots":{"index":"index","follow":"follow","max-snippet":"max-snippet:-1","max-image-preview":"max-image-preview:large","max-video-preview":"max-video-preview:-1"},"canonical":"https:\/\/bolting.eu\/en\/shop\/austrialpin-steigeisensteg-skywalk\/","og_locale":"en_US","og_type":"article","og_title":"Austrialpin Steigeisensteg Skyclimb - Skywalk","og_description":"Austrialpin Steigeisensteg Skyclimb - Skywalk - Standard & \u00dcberl\u00e4nge bis EU 52 \u2713 kostenloser Versand \u2713 14 Tage R\u00fcckgaberecht","og_url":"https:\/\/bolting.eu\/en\/shop\/austrialpin-steigeisensteg-skywalk\/","og_site_name":"bolting.eu","article_publisher":"https:\/\/www.facebook.com\/bolting.eu","article_modified_time":"2025-09-19T09:48:40+00:00","og_image":[{"width":700,"height":700,"url":"https:\/\/bolting.eu\/wp-content\/uploads\/2022\/12\/Austrialpin-Steigeisensteg-Skyclimb-1.jpg","type":"image\/jpeg"}],"twitter_card":"summary_large_image","twitter_misc":{"Availability":"In stock"},"schema":{"@context":"https:\/\/schema.org","@graph":[{"@type":["WebPage","ItemPage"],"@id":"https:\/\/bolting.eu\/en\/shop\/austrialpin-steigeisensteg-skywalk\/","url":"https:\/\/bolting.eu\/en\/shop\/austrialpin-steigeisensteg-skywalk\/","name":"Austrialpin Steigeisensteg Skyclimb - Skywalk - EU 47 & EU 52 | bolting.eu","isPartOf":{"@id":"https:\/\/bolting.eu\/en\/#website"},"primaryImageOfPage":{"@id":"https:\/\/bolting.eu\/en\/shop\/austrialpin-steigeisensteg-skywalk\/#primaryimage"},"image":{"@id":"https:\/\/bolting.eu\/en\/shop\/austrialpin-steigeisensteg-skywalk\/#primaryimage"},"thumbnailUrl":"https:\/\/bolting.eu\/wp-content\/uploads\/2022\/12\/Austrialpin-Steigeisensteg-Skyclimb-1.jpg","datePublished":"2022-12-18T11:12:03+00:00","dateModified":"2025-09-19T09:48:40+00:00","description":"Austrialpin Steigeisensteg Skyclimb - Skywalk - Standard & \u00dcberl\u00e4nge bis EU 52 \u2713 kostenloser Versand \u2713 14 Tage R\u00fcckgaberecht","breadcrumb":{"@id":"https:\/\/bolting.eu\/en\/shop\/austrialpin-steigeisensteg-skywalk\/#breadcrumb"},"inLanguage":"en-US","potentialAction":[{"@type":"ReadAction","target":["https:\/\/bolting.eu\/en\/shop\/austrialpin-steigeisensteg-skywalk\/"]}]},{"@type":"ImageObject","inLanguage":"en-US","@id":"https:\/\/bolting.eu\/en\/shop\/austrialpin-steigeisensteg-skywalk\/#primaryimage","url":"https:\/\/bolting.eu\/wp-content\/uploads\/2022\/12\/Austrialpin-Steigeisensteg-Skyclimb-1.jpg","contentUrl":"https:\/\/bolting.eu\/wp-content\/uploads\/2022\/12\/Austrialpin-Steigeisensteg-Skyclimb-1.jpg","width":700,"height":700,"caption":"Schwarzer Austrialpin Steigeisensteg Skyclimb Skywalk aufrecht in wei\u00dfem Quadrat."},{"@type":"BreadcrumbList","@id":"https:\/\/bolting.eu\/en\/shop\/austrialpin-steigeisensteg-skywalk\/#breadcrumb","itemListElement":[{"@type":"ListItem","position":1,"name":"Shop","item":"https:\/\/bolting.eu\/en\/shop\/"},{"@type":"ListItem","position":2,"name":"Bergsteiger Ausr\u00fcstung","item":"https:\/\/bolting.eu\/produkt-kategorie\/bergsteiger-ausruestung\/"},{"@type":"ListItem","position":3,"name":"Steigeisen Ersatzteile - Zubeh\u00f6r","item":"https:\/\/bolting.eu\/produkt-kategorie\/bergsteiger-ausruestung\/steigeisen-ersatzteile-zubehoer\/"},{"@type":"ListItem","position":4,"name":"Austrialpin Steigeisensteg Skyclimb &#8211; Skywalk"}]},{"@type":"WebSite","@id":"https:\/\/bolting.eu\/en\/#website","url":"https:\/\/bolting.eu\/en\/","name":"bolting.eu","description":"we make climbs happen","publisher":{"@id":"https:\/\/bolting.eu\/en\/#organization"},"potentialAction":[{"@type":"SearchAction","target":{"@type":"EntryPoint","urlTemplate":"https:\/\/bolting.eu\/en\/?s={search_term_string}"},"query-input":{"@type":"PropertyValueSpecification","valueRequired":true,"valueName":"search_term_string"}}],"inLanguage":"en-US"},{"@type":["Organization","Place","SportingGoodsStore"],"@id":"https:\/\/bolting.eu\/en\/#organization","name":"bolting.eu","url":"https:\/\/bolting.eu\/en\/","logo":{"@id":"https:\/\/bolting.eu\/en\/shop\/austrialpin-steigeisensteg-skywalk\/#local-main-organization-logo"},"image":{"@id":"https:\/\/bolting.eu\/en\/shop\/austrialpin-steigeisensteg-skywalk\/#local-main-organization-logo"},"sameAs":["https:\/\/www.facebook.com\/bolting.eu","https:\/\/www.instagram.com\/bolting.eu\/"],"address":{"@id":"https:\/\/bolting.eu\/en\/shop\/austrialpin-steigeisensteg-skywalk\/#local-main-place-address"},"geo":{"@type":"GeoCoordinates","latitude":"47.264176340396226","longitude":"11.380109057672346"},"telephone":["+43 699 19083372"],"openingHoursSpecification":[{"@type":"OpeningHoursSpecification","dayOfWeek":["Monday","Wednesday","Friday"],"opens":"14:00","closes":"18:00"},{"@type":"OpeningHoursSpecification","dayOfWeek":["Tuesday","Thursday","Saturday","Sunday"],"opens":"00:00","closes":"00:00"}],"email":"office@bolting.eu","vatID":"ATU59999728","priceRange":"$$","currenciesAccepted":"Euro"},{"@type":"PostalAddress","@id":"https:\/\/bolting.eu\/en\/shop\/austrialpin-steigeisensteg-skywalk\/#local-main-place-address","streetAddress":"Fischnalerstra\u00dfe 4","addressLocality":"Innsbruck","postalCode":"6020","addressRegion":"Tirol","addressCountry":"AT"},{"@type":"ImageObject","inLanguage":"en-US","@id":"https:\/\/bolting.eu\/en\/shop\/austrialpin-steigeisensteg-skywalk\/#local-main-organization-logo","url":"https:\/\/bolting.eu\/wp-content\/uploads\/2019\/09\/bolting-logo.png","contentUrl":"https:\/\/bolting.eu\/wp-content\/uploads\/2019\/09\/bolting-logo.png","width":400,"height":211,"caption":"bolting.eu"}]},"og_availability":"instock","product_availability":"instock","product_condition":"new","geo.placename":"Innsbruck","geo.position":{"lat":"47.264176340396226","long":"11.380109057672346"},"geo.region":"Austria"},"_links":{"self":[{"href":"https:\/\/bolting.eu\/en\/wp-json\/wp\/v2\/product\/14429","targetHints":{"allow":["GET"]}}],"collection":[{"href":"https:\/\/bolting.eu\/en\/wp-json\/wp\/v2\/product"}],"about":[{"href":"https:\/\/bolting.eu\/en\/wp-json\/wp\/v2\/types\/product"}],"replies":[{"embeddable":true,"href":"https:\/\/bolting.eu\/en\/wp-json\/wp\/v2\/comments?post=14429"}],"wp:featuredmedia":[{"embeddable":true,"href":"https:\/\/bolting.eu\/en\/wp-json\/wp\/v2\/media\/14435"}],"wp:attachment":[{"href":"https:\/\/bolting.eu\/en\/wp-json\/wp\/v2\/media?parent=14429"}],"wp:term":[{"taxonomy":"product_brand","embeddable":true,"href":"https:\/\/bolting.eu\/en\/wp-json\/wp\/v2\/product_brand?post=14429"},{"taxonomy":"product_cat","embeddable":true,"href":"https:\/\/bolting.eu\/en\/wp-json\/wp\/v2\/product_cat?post=14429"},{"taxonomy":"product_tag","embeddable":true,"href":"https:\/\/bolting.eu\/en\/wp-json\/wp\/v2\/product_tag?post=14429"}],"curies":[{"name":"wp","href":"https:\/\/api.w.org\/{rel}","templated":true}]}}