{"id":14418,"date":"2022-12-18T10:58:45","date_gmt":"2022-12-18T09:58:45","guid":{"rendered":"https:\/\/bolting.eu\/?post_type=product&#038;p=14418"},"modified":"2026-03-27T10:17:08","modified_gmt":"2026-03-27T09:17:08","slug":"austrialpin-antistollplatte-skyclimb-skywalk","status":"publish","type":"product","link":"https:\/\/bolting.eu\/en\/shop\/austrialpin-antistollplatte-skyclimb-skywalk\/","title":{"rendered":"Austrialpin Antistollplatte Skyclimb &#8211; Skywalk"},"content":{"rendered":"<p>Die Austrialpin Antistollplatte Skyclimb &#8211; Skywalk ist ein wichtiges <a href=\"https:\/\/bolting.eu\/produkt-kategorie\/bergsteiger-ausruestung\/steigeisen-ersatzteile-zubehoer\/\">Steigeisen Zubeh\u00f6r<\/a> Teil. Denn die Kunststoffplatten verhindern ein Anhaften von Neuschnee auf der Unterseite. Somit tragen sie wesentlich zur Sicherheit bei.<\/p>\n<p>Folglich sollte man kaputte Platten immer umgehend Ersetzen.<\/p>\n<p><strong>Wir verkaufen die Platten einzeln.<\/strong> Denn die Fassungen beim Skyclimb am Frontteil und Fersenteil sind ident. D.h. es gibt nur eine Platte, diese passt sowohl &#8220;vorne&#8221; als auch &#8220;hinten&#8221; auf den Steigeisen.<\/p>\n<p><strong>Wer beide Platten an einem Eisen tauschen will, muss also 2 Stk. bestellen!<\/strong><\/p>\n<h3>Eigenschaften Austrialpin Antistollplatte Skyclimb<\/h3>\n<ul>\n<li>Hersteller: <a href=\"https:\/\/bolting.eu\/produkt-kategorie\/austrialpin\/\">Austrialpin<\/a><\/li>\n<li>Material: Polyurethane<\/li>\n<li>Gewicht: 25 Gramm<\/li>\n<li><strong>Farbe: lime gr\u00fcn (Farbe wurde 2022 von rot ge\u00e4ndert!)<\/strong><\/li>\n<li>passt sowohl auf Frontteil und Fersenteil<\/li>\n<li>nur f\u00fcr Austrialpin Skyclimb und Skywalk<\/li>\n<li>ohne Werkzeug tauschbar<\/li>\n<li><strong>Verkaufseinheit: 1 St\u00fcck<\/strong><\/li>\n<\/ul>\n<h3>Leicht selber tauschbar<\/h3>\n<p>Den Austausch der Austrialpin Antistollplatte Skyclimb &#8211; Skywalk sollte man am besten zuhause machen. Dabei ist es von Vorteil, wenn die Komponenten alle trocken und warm sind.<\/p>\n<p><strong>So geht\u00b4s:<\/strong><\/p>\n<p>1.) Ihr m\u00fcsst den &#8220;Steigeisen Steg&#8221; heraus nehmen. \u00d6ffnet daf\u00fcr den Mechanismus, man sieht gleich wie das funktioniert.<\/p>\n<p>2.) Dr\u00fcckt die kaputte Platte von oben heraus. Eine Kombi-Zange kann helfen.<\/p>\n<p>3.) Dr\u00fcckt die neue Ersatzplatte fest hinein. Eventuell muss man hier etwas Herumprobieren, schaut euch nicht wirklich fest zu zu dr\u00fccken.<\/p>\n<p>4.) Ihr m\u00fcsst den Steg wieder passend durch die Schlitze der Platten f\u00e4deln. Nur so k\u00f6nnen sie ggf. nicht verloren gehen.<\/p>\n<h3>Eine Form f\u00fcr Front- und Fersenteil<\/h3>\n<p>Die Fassungen f\u00fcr die Antistollplatte Skyclimb &#8211; Skywalk sind ident! D.h. sowohl beim Front- als auch Fersenteil des Steigeisens wird die selbe Ersatzplatte verwendet.<\/p>\n<p>Deshalb kann man auch kosteng\u00fcnstig ein St\u00fcck nachbestellen.<\/p>\n","protected":false},"excerpt":{"rendered":"<p>Antisollplatte f\u00fcr die Austrialpin Steigeisen Skyclimb und Skywalk.<\/p>\n<p>Verkaufseinheit = 1 St\u00fcck, denn die Platte kann sowohl am Front- als auch Fersenteil montiert werden. Die Fassungen hierf\u00fcr sind ident!<\/p>\n<p>Versandkostenfrei bis 2kg in <img decoding=\"async\" class=\"emoji\" role=\"img\" draggable=\"false\" src=\"https:\/\/s.w.org\/images\/core\/emoji\/13.1.0\/svg\/1f1e6-1f1f9.svg\" alt=\"\ud83c\udde6\ud83c\uddf9\" \/> ab \u20ac 100,- und <img decoding=\"async\" class=\"emoji\" role=\"img\" draggable=\"false\" src=\"https:\/\/s.w.org\/images\/core\/emoji\/13.1.0\/svg\/1f1e9-1f1ea.svg\" alt=\"\ud83c\udde9\ud83c\uddea\" \/> ab \u20ac 200,-!<\/p>\n","protected":false},"featured_media":14419,"comment_status":"closed","ping_status":"closed","template":"","meta":[],"product_brand":[],"product_cat":[4649,13938,14356],"product_tag":[],"class_list":{"0":"post-14418","1":"product","2":"type-product","3":"status-publish","4":"has-post-thumbnail","6":"product_cat-austrialpin","7":"product_cat-bergsteiger-ausruestung","8":"product_cat-steigeisen-ersatzteile-zubehoer","10":"first","11":"instock","12":"taxable","13":"shipping-taxable","14":"purchasable","15":"product-type-simple"},"yoast_head":"<!-- This site is optimized with the Yoast SEO Premium plugin v26.9 (Yoast SEO v26.9) - https:\/\/yoast.com\/product\/yoast-seo-premium-wordpress\/ -->\n<title>Austrialpin Antistollplatte Skyclimb - Skywalk | bolting.eu<\/title>\n<meta name=\"description\" content=\"Austrialpin Antistollplatte Skyclimb - Skywalk online kaufen \u2713 kostenloser Versand \u2713 14 Tage R\u00fcckgaberecht \u2713 Co2 neutraler Versand\" \/>\n<meta name=\"robots\" content=\"index, follow, max-snippet:-1, max-image-preview:large, max-video-preview:-1\" \/>\n<link rel=\"canonical\" href=\"https:\/\/bolting.eu\/en\/shop\/austrialpin-antistollplatte-skyclimb-skywalk\/\" \/>\n<meta property=\"og:locale\" content=\"en_US\" \/>\n<meta property=\"og:type\" content=\"article\" \/>\n<meta property=\"og:title\" content=\"Austrialpin Antistollplatte Skyclimb - Skywalk\" \/>\n<meta property=\"og:description\" content=\"Austrialpin Antistollplatte Skyclimb - Skywalk online kaufen \u2713 kostenloser Versand \u2713 14 Tage R\u00fcckgaberecht \u2713 Co2 neutraler Versand\" \/>\n<meta property=\"og:url\" content=\"https:\/\/bolting.eu\/en\/shop\/austrialpin-antistollplatte-skyclimb-skywalk\/\" \/>\n<meta property=\"og:site_name\" content=\"bolting.eu\" \/>\n<meta property=\"article:publisher\" content=\"https:\/\/www.facebook.com\/bolting.eu\" \/>\n<meta property=\"article:modified_time\" content=\"2026-03-27T09:17:08+00:00\" \/>\n<meta property=\"og:image\" content=\"https:\/\/bolting.eu\/wp-content\/uploads\/2022\/12\/Antistollplatte-Skyclimb-Skywalk.jpg\" \/>\n\t<meta property=\"og:image:width\" content=\"700\" \/>\n\t<meta property=\"og:image:height\" content=\"700\" \/>\n\t<meta property=\"og:image:type\" content=\"image\/jpeg\" \/>\n<meta name=\"twitter:card\" content=\"summary_large_image\" \/>\n<meta name=\"twitter:label1\" content=\"Price\" \/>\n\t<meta name=\"twitter:data1\" content=\"&euro;&nbsp;7,00\" \/>\n\t<meta name=\"twitter:label2\" content=\"Availability\" \/>\n\t<meta name=\"twitter:data2\" content=\"In stock\" \/>\n<script type=\"application\/ld+json\" class=\"yoast-schema-graph\">{\"@context\":\"https:\/\/schema.org\",\"@graph\":[{\"@type\":[\"WebPage\",\"ItemPage\"],\"@id\":\"https:\/\/bolting.eu\/en\/shop\/austrialpin-antistollplatte-skyclimb-skywalk\/\",\"url\":\"https:\/\/bolting.eu\/en\/shop\/austrialpin-antistollplatte-skyclimb-skywalk\/\",\"name\":\"Austrialpin Antistollplatte Skyclimb - Skywalk | bolting.eu\",\"isPartOf\":{\"@id\":\"https:\/\/bolting.eu\/en\/#website\"},\"primaryImageOfPage\":{\"@id\":\"https:\/\/bolting.eu\/en\/shop\/austrialpin-antistollplatte-skyclimb-skywalk\/#primaryimage\"},\"image\":{\"@id\":\"https:\/\/bolting.eu\/en\/shop\/austrialpin-antistollplatte-skyclimb-skywalk\/#primaryimage\"},\"thumbnailUrl\":\"https:\/\/bolting.eu\/wp-content\/uploads\/2022\/12\/Antistollplatte-Skyclimb-Skywalk.jpg\",\"datePublished\":\"2022-12-18T09:58:45+00:00\",\"dateModified\":\"2026-03-27T09:17:08+00:00\",\"description\":\"Austrialpin Antistollplatte Skyclimb - Skywalk online kaufen \u2713 kostenloser Versand \u2713 14 Tage R\u00fcckgaberecht \u2713 Co2 neutraler Versand\",\"breadcrumb\":{\"@id\":\"https:\/\/bolting.eu\/en\/shop\/austrialpin-antistollplatte-skyclimb-skywalk\/#breadcrumb\"},\"inLanguage\":\"en-US\",\"potentialAction\":[{\"@type\":\"ReadAction\",\"target\":[\"https:\/\/bolting.eu\/en\/shop\/austrialpin-antistollplatte-skyclimb-skywalk\/\"]}]},{\"@type\":\"ImageObject\",\"inLanguage\":\"en-US\",\"@id\":\"https:\/\/bolting.eu\/en\/shop\/austrialpin-antistollplatte-skyclimb-skywalk\/#primaryimage\",\"url\":\"https:\/\/bolting.eu\/wp-content\/uploads\/2022\/12\/Antistollplatte-Skyclimb-Skywalk.jpg\",\"contentUrl\":\"https:\/\/bolting.eu\/wp-content\/uploads\/2022\/12\/Antistollplatte-Skyclimb-Skywalk.jpg\",\"width\":700,\"height\":700,\"caption\":\"Ein Paar rote Austrialpin Antistollplatte Skyclimb - Skywalk.\"},{\"@type\":\"BreadcrumbList\",\"@id\":\"https:\/\/bolting.eu\/en\/shop\/austrialpin-antistollplatte-skyclimb-skywalk\/#breadcrumb\",\"itemListElement\":[{\"@type\":\"ListItem\",\"position\":1,\"name\":\"Shop\",\"item\":\"https:\/\/bolting.eu\/en\/shop\/\"},{\"@type\":\"ListItem\",\"position\":2,\"name\":\"Bergsteiger Ausr\u00fcstung\",\"item\":\"https:\/\/bolting.eu\/produkt-kategorie\/bergsteiger-ausruestung\/\"},{\"@type\":\"ListItem\",\"position\":3,\"name\":\"Steigeisen Ersatzteile - Zubeh\u00f6r\",\"item\":\"https:\/\/bolting.eu\/produkt-kategorie\/bergsteiger-ausruestung\/steigeisen-ersatzteile-zubehoer\/\"},{\"@type\":\"ListItem\",\"position\":4,\"name\":\"Austrialpin Antistollplatte Skyclimb &#8211; Skywalk\"}]},{\"@type\":\"WebSite\",\"@id\":\"https:\/\/bolting.eu\/en\/#website\",\"url\":\"https:\/\/bolting.eu\/en\/\",\"name\":\"bolting.eu\",\"description\":\"we make climbs happen\",\"publisher\":{\"@id\":\"https:\/\/bolting.eu\/en\/#organization\"},\"potentialAction\":[{\"@type\":\"SearchAction\",\"target\":{\"@type\":\"EntryPoint\",\"urlTemplate\":\"https:\/\/bolting.eu\/en\/?s={search_term_string}\"},\"query-input\":{\"@type\":\"PropertyValueSpecification\",\"valueRequired\":true,\"valueName\":\"search_term_string\"}}],\"inLanguage\":\"en-US\"},{\"@type\":[\"Organization\",\"Place\",\"SportingGoodsStore\"],\"@id\":\"https:\/\/bolting.eu\/en\/#organization\",\"name\":\"bolting.eu\",\"url\":\"https:\/\/bolting.eu\/en\/\",\"logo\":{\"@id\":\"https:\/\/bolting.eu\/en\/shop\/austrialpin-antistollplatte-skyclimb-skywalk\/#local-main-organization-logo\"},\"image\":{\"@id\":\"https:\/\/bolting.eu\/en\/shop\/austrialpin-antistollplatte-skyclimb-skywalk\/#local-main-organization-logo\"},\"sameAs\":[\"https:\/\/www.facebook.com\/bolting.eu\",\"https:\/\/www.instagram.com\/bolting.eu\/\"],\"address\":{\"@id\":\"https:\/\/bolting.eu\/en\/shop\/austrialpin-antistollplatte-skyclimb-skywalk\/#local-main-place-address\"},\"geo\":{\"@type\":\"GeoCoordinates\",\"latitude\":\"47.264176340396226\",\"longitude\":\"11.380109057672346\"},\"telephone\":[\"+43 699 19083372\"],\"openingHoursSpecification\":[{\"@type\":\"OpeningHoursSpecification\",\"dayOfWeek\":[\"Monday\",\"Wednesday\",\"Friday\"],\"opens\":\"14:00\",\"closes\":\"18:00\"},{\"@type\":\"OpeningHoursSpecification\",\"dayOfWeek\":[\"Tuesday\",\"Thursday\",\"Saturday\",\"Sunday\"],\"opens\":\"00:00\",\"closes\":\"00:00\"}],\"email\":\"office@bolting.eu\",\"vatID\":\"ATU59999728\",\"priceRange\":\"$$\",\"currenciesAccepted\":\"Euro\"},{\"@type\":\"PostalAddress\",\"@id\":\"https:\/\/bolting.eu\/en\/shop\/austrialpin-antistollplatte-skyclimb-skywalk\/#local-main-place-address\",\"streetAddress\":\"Fischnalerstra\u00dfe 4\",\"addressLocality\":\"Innsbruck\",\"postalCode\":\"6020\",\"addressRegion\":\"Tirol\",\"addressCountry\":\"AT\"},{\"@type\":\"ImageObject\",\"inLanguage\":\"en-US\",\"@id\":\"https:\/\/bolting.eu\/en\/shop\/austrialpin-antistollplatte-skyclimb-skywalk\/#local-main-organization-logo\",\"url\":\"https:\/\/bolting.eu\/wp-content\/uploads\/2019\/09\/bolting-logo.png\",\"contentUrl\":\"https:\/\/bolting.eu\/wp-content\/uploads\/2019\/09\/bolting-logo.png\",\"width\":400,\"height\":211,\"caption\":\"bolting.eu\"}]}<\/script>\n<meta property=\"product:price:amount\" content=\"7.00\" \/>\n<meta property=\"product:price:currency\" content=\"EUR\" \/>\n<meta property=\"og:availability\" content=\"instock\" \/>\n<meta property=\"product:availability\" content=\"instock\" \/>\n<meta property=\"product:retailer_item_id\" content=\"SZ95R\" \/>\n<meta property=\"product:condition\" content=\"new\" \/>\n<meta name=\"geo.placename\" content=\"Innsbruck\" \/>\n<meta name=\"geo.position\" content=\"47.264176340396226;11.380109057672346\" \/>\n<meta name=\"geo.region\" content=\"Austria\" \/>\n<!-- \/ Yoast SEO Premium plugin. -->","yoast_head_json":{"title":"Austrialpin Antistollplatte Skyclimb - Skywalk | bolting.eu","description":"Austrialpin Antistollplatte Skyclimb - Skywalk online kaufen \u2713 kostenloser Versand \u2713 14 Tage R\u00fcckgaberecht \u2713 Co2 neutraler Versand","robots":{"index":"index","follow":"follow","max-snippet":"max-snippet:-1","max-image-preview":"max-image-preview:large","max-video-preview":"max-video-preview:-1"},"canonical":"https:\/\/bolting.eu\/en\/shop\/austrialpin-antistollplatte-skyclimb-skywalk\/","og_locale":"en_US","og_type":"article","og_title":"Austrialpin Antistollplatte Skyclimb - Skywalk","og_description":"Austrialpin Antistollplatte Skyclimb - Skywalk online kaufen \u2713 kostenloser Versand \u2713 14 Tage R\u00fcckgaberecht \u2713 Co2 neutraler Versand","og_url":"https:\/\/bolting.eu\/en\/shop\/austrialpin-antistollplatte-skyclimb-skywalk\/","og_site_name":"bolting.eu","article_publisher":"https:\/\/www.facebook.com\/bolting.eu","article_modified_time":"2026-03-27T09:17:08+00:00","og_image":[{"width":700,"height":700,"url":"https:\/\/bolting.eu\/wp-content\/uploads\/2022\/12\/Antistollplatte-Skyclimb-Skywalk.jpg","type":"image\/jpeg"}],"twitter_card":"summary_large_image","twitter_misc":{"Price":"&euro;&nbsp;7,00","Availability":"In stock"},"schema":{"@context":"https:\/\/schema.org","@graph":[{"@type":["WebPage","ItemPage"],"@id":"https:\/\/bolting.eu\/en\/shop\/austrialpin-antistollplatte-skyclimb-skywalk\/","url":"https:\/\/bolting.eu\/en\/shop\/austrialpin-antistollplatte-skyclimb-skywalk\/","name":"Austrialpin Antistollplatte Skyclimb - Skywalk | bolting.eu","isPartOf":{"@id":"https:\/\/bolting.eu\/en\/#website"},"primaryImageOfPage":{"@id":"https:\/\/bolting.eu\/en\/shop\/austrialpin-antistollplatte-skyclimb-skywalk\/#primaryimage"},"image":{"@id":"https:\/\/bolting.eu\/en\/shop\/austrialpin-antistollplatte-skyclimb-skywalk\/#primaryimage"},"thumbnailUrl":"https:\/\/bolting.eu\/wp-content\/uploads\/2022\/12\/Antistollplatte-Skyclimb-Skywalk.jpg","datePublished":"2022-12-18T09:58:45+00:00","dateModified":"2026-03-27T09:17:08+00:00","description":"Austrialpin Antistollplatte Skyclimb - Skywalk online kaufen \u2713 kostenloser Versand \u2713 14 Tage R\u00fcckgaberecht \u2713 Co2 neutraler Versand","breadcrumb":{"@id":"https:\/\/bolting.eu\/en\/shop\/austrialpin-antistollplatte-skyclimb-skywalk\/#breadcrumb"},"inLanguage":"en-US","potentialAction":[{"@type":"ReadAction","target":["https:\/\/bolting.eu\/en\/shop\/austrialpin-antistollplatte-skyclimb-skywalk\/"]}]},{"@type":"ImageObject","inLanguage":"en-US","@id":"https:\/\/bolting.eu\/en\/shop\/austrialpin-antistollplatte-skyclimb-skywalk\/#primaryimage","url":"https:\/\/bolting.eu\/wp-content\/uploads\/2022\/12\/Antistollplatte-Skyclimb-Skywalk.jpg","contentUrl":"https:\/\/bolting.eu\/wp-content\/uploads\/2022\/12\/Antistollplatte-Skyclimb-Skywalk.jpg","width":700,"height":700,"caption":"Ein Paar rote Austrialpin Antistollplatte Skyclimb - Skywalk."},{"@type":"BreadcrumbList","@id":"https:\/\/bolting.eu\/en\/shop\/austrialpin-antistollplatte-skyclimb-skywalk\/#breadcrumb","itemListElement":[{"@type":"ListItem","position":1,"name":"Shop","item":"https:\/\/bolting.eu\/en\/shop\/"},{"@type":"ListItem","position":2,"name":"Bergsteiger Ausr\u00fcstung","item":"https:\/\/bolting.eu\/produkt-kategorie\/bergsteiger-ausruestung\/"},{"@type":"ListItem","position":3,"name":"Steigeisen Ersatzteile - Zubeh\u00f6r","item":"https:\/\/bolting.eu\/produkt-kategorie\/bergsteiger-ausruestung\/steigeisen-ersatzteile-zubehoer\/"},{"@type":"ListItem","position":4,"name":"Austrialpin Antistollplatte Skyclimb &#8211; Skywalk"}]},{"@type":"WebSite","@id":"https:\/\/bolting.eu\/en\/#website","url":"https:\/\/bolting.eu\/en\/","name":"bolting.eu","description":"we make climbs happen","publisher":{"@id":"https:\/\/bolting.eu\/en\/#organization"},"potentialAction":[{"@type":"SearchAction","target":{"@type":"EntryPoint","urlTemplate":"https:\/\/bolting.eu\/en\/?s={search_term_string}"},"query-input":{"@type":"PropertyValueSpecification","valueRequired":true,"valueName":"search_term_string"}}],"inLanguage":"en-US"},{"@type":["Organization","Place","SportingGoodsStore"],"@id":"https:\/\/bolting.eu\/en\/#organization","name":"bolting.eu","url":"https:\/\/bolting.eu\/en\/","logo":{"@id":"https:\/\/bolting.eu\/en\/shop\/austrialpin-antistollplatte-skyclimb-skywalk\/#local-main-organization-logo"},"image":{"@id":"https:\/\/bolting.eu\/en\/shop\/austrialpin-antistollplatte-skyclimb-skywalk\/#local-main-organization-logo"},"sameAs":["https:\/\/www.facebook.com\/bolting.eu","https:\/\/www.instagram.com\/bolting.eu\/"],"address":{"@id":"https:\/\/bolting.eu\/en\/shop\/austrialpin-antistollplatte-skyclimb-skywalk\/#local-main-place-address"},"geo":{"@type":"GeoCoordinates","latitude":"47.264176340396226","longitude":"11.380109057672346"},"telephone":["+43 699 19083372"],"openingHoursSpecification":[{"@type":"OpeningHoursSpecification","dayOfWeek":["Monday","Wednesday","Friday"],"opens":"14:00","closes":"18:00"},{"@type":"OpeningHoursSpecification","dayOfWeek":["Tuesday","Thursday","Saturday","Sunday"],"opens":"00:00","closes":"00:00"}],"email":"office@bolting.eu","vatID":"ATU59999728","priceRange":"$$","currenciesAccepted":"Euro"},{"@type":"PostalAddress","@id":"https:\/\/bolting.eu\/en\/shop\/austrialpin-antistollplatte-skyclimb-skywalk\/#local-main-place-address","streetAddress":"Fischnalerstra\u00dfe 4","addressLocality":"Innsbruck","postalCode":"6020","addressRegion":"Tirol","addressCountry":"AT"},{"@type":"ImageObject","inLanguage":"en-US","@id":"https:\/\/bolting.eu\/en\/shop\/austrialpin-antistollplatte-skyclimb-skywalk\/#local-main-organization-logo","url":"https:\/\/bolting.eu\/wp-content\/uploads\/2019\/09\/bolting-logo.png","contentUrl":"https:\/\/bolting.eu\/wp-content\/uploads\/2019\/09\/bolting-logo.png","width":400,"height":211,"caption":"bolting.eu"}]},"product_price_amount":"7.00","product_price_currency":"EUR","og_availability":"instock","product_availability":"instock","product_retailer_item_id":"SZ95R","product_condition":"new","geo.placename":"Innsbruck","geo.position":{"lat":"47.264176340396226","long":"11.380109057672346"},"geo.region":"Austria"},"_links":{"self":[{"href":"https:\/\/bolting.eu\/en\/wp-json\/wp\/v2\/product\/14418","targetHints":{"allow":["GET"]}}],"collection":[{"href":"https:\/\/bolting.eu\/en\/wp-json\/wp\/v2\/product"}],"about":[{"href":"https:\/\/bolting.eu\/en\/wp-json\/wp\/v2\/types\/product"}],"replies":[{"embeddable":true,"href":"https:\/\/bolting.eu\/en\/wp-json\/wp\/v2\/comments?post=14418"}],"wp:featuredmedia":[{"embeddable":true,"href":"https:\/\/bolting.eu\/en\/wp-json\/wp\/v2\/media\/14419"}],"wp:attachment":[{"href":"https:\/\/bolting.eu\/en\/wp-json\/wp\/v2\/media?parent=14418"}],"wp:term":[{"taxonomy":"product_brand","embeddable":true,"href":"https:\/\/bolting.eu\/en\/wp-json\/wp\/v2\/product_brand?post=14418"},{"taxonomy":"product_cat","embeddable":true,"href":"https:\/\/bolting.eu\/en\/wp-json\/wp\/v2\/product_cat?post=14418"},{"taxonomy":"product_tag","embeddable":true,"href":"https:\/\/bolting.eu\/en\/wp-json\/wp\/v2\/product_tag?post=14418"}],"curies":[{"name":"wp","href":"https:\/\/api.w.org\/{rel}","templated":true}]}}