{"id":14354,"date":"2022-12-16T14:23:47","date_gmt":"2022-12-16T13:23:47","guid":{"rendered":"https:\/\/bolting.eu\/?post_type=product&#038;p=14354"},"modified":"2024-12-31T12:40:11","modified_gmt":"2024-12-31T11:40:11","slug":"austrialpin-skysteep-steigeisen","status":"publish","type":"product","link":"https:\/\/bolting.eu\/en\/shop\/austrialpin-skysteep-steigeisen\/","title":{"rendered":"Austrialpin Skysteep Steigeisen"},"content":{"rendered":"<p>Das Austrialpin Skysteep ist ein Steigeisen f\u00fcr den universellen Einsatz. Es kann sowohl beim <a href=\"https:\/\/bolting.eu\/eisklettern\/\">Eisklettern<\/a>, Mixed Klettern als auch f\u00fcr technisches Bergsteigen verwendet werden.<\/p>\n<p>Hierzu hat der Hersteller auf diese wichtigen Features geachtet. Erstens kann man den standardm\u00e4\u00dfig montierten Monopoint Frontzacken auf doppelte Frontzacken umbauen. Zweitens kann man den Zehenb\u00fcgel ganz leicht von Kipphebel auf K\u00f6rbchen Bindung umbauen. D.h. von &#8220;automatic&#8221; auf &#8220;semi-automatic&#8221; wechseln.<\/p>\n<p>Und drittens kommt das Skyteep mit vormontierten Antistollen Platten daher. D.h. kein gef\u00e4hrliches &#8220;Anhaften&#8221; von Neuschnee an der Unterseite.<\/p>\n<p>Kurzum. Ein solides Eisen f\u00fcr eher steiles Gel\u00e4nde. Wie die Eisger\u00e4te <a href=\"https:\/\/bolting.eu\/shop\/austrialpin-k-ice-r-eisgeraet\/\">K.ice.R<\/a> und <a href=\"https:\/\/bolting.eu\/shop\/austrialpin-wall-ice-eisgeraet\/\">Wall.Ice<\/a> 100% made in AUSTRIA \ud83c\udde6\ud83c\uddf9!<\/p>\n<h2>Eigenschaften Austrialpin Skysteep<\/h2>\n<ul>\n<li>Hersteller: <a href=\"https:\/\/bolting.eu\/produkt-kategorie\/austrialpin\/\">Austrialpin<\/a><\/li>\n<li>Material: geh\u00e4rteter Stahl, Polyamid, Kunststoff, PU;<\/li>\n<li>Gewicht: 1.100 Gramm<\/li>\n<li>11 bzw. 12 Zack Steigeisen<\/li>\n<li>Monozacken vormontiert<\/li>\n<li>Kipphebel Bindung<\/li>\n<li>Normen: EN 893<\/li>\n<li>Steigeisen f\u00fcr Eiskletterm Dry Tooling, Mixed Klettern, technisches Bergsteigen<\/li>\n<li>sehr leicht gr\u00f6\u00dfenverstellbar (1\/2 EU Gr\u00f6\u00dfen)<\/li>\n<li>Semi-Automatic Bindung optional erh\u00e4ltlich<\/li>\n<li>inkl. Anti Stollen Platten<\/li>\n<li>inkl. 2 extra Frontzacken (ohne Inbusschl\u00fcssel!)<\/li>\n<li>100% Made in Austria \ud83c\udde6\ud83c\uddf9<\/li>\n<li><a href=\"https:\/\/www.austrialpin.at\/fileadmin\/anleitungen\/AA_instruction-manual_crampons.pdf\" target=\"_blank\" rel=\"noopener\">Bedienungsanleitung<\/a><\/li>\n<\/ul>\n<h3>Produktvideo<\/h3>\n<p>Im folgenden Video stellt euch AA Produktmanager Peter Manhartsberger das Skysteep nochmals ausf\u00fchrlich vor.<\/p>\n<p>Uns gef\u00e4llt im Video, dass man viele Features gut erkl\u00e4rt bekommt. Wie z.B. die Funktion aller Zacken bzw. Reihen an Zackenpaaren.<\/p>\n<p><iframe loading=\"lazy\" title=\"Ein Steigeisen auf das man sich verlassen kann: das SKYSTEEP von AUSTRIALPIN\" width=\"1020\" height=\"574\" src=\"https:\/\/www.youtube.com\/embed\/vGMHiQJWUSI?feature=oembed\" frameborder=\"0\" allow=\"accelerometer; autoplay; clipboard-write; encrypted-media; gyroscope; picture-in-picture; web-share\" referrerpolicy=\"strict-origin-when-cross-origin\" allowfullscreen><\/iframe><\/p>\n<p>&nbsp;<\/p>\n<p>&nbsp;<\/p>\n<h3>Mono Zacken f\u00fcr Dry Tooling<\/h3>\n<p>Habt ihr euch schon gefragt, weshalb es Monozacken gibt?<\/p>\n<p>Die Antwort ist &#8211; wenn man es mal wei\u00df &#8211; recht klar. Beim Dry Tooling mit dem Austrialpin Skysteep erm\u00f6glicht n\u00e4mlich ein einzelner Zacken mehr Bewegungsfreiheit f\u00fcr den Fu\u00df.<\/p>\n<p>D.h. man kann ihn viel besser hin und her bewegen als mit Doppelzacken Denn bei zwei Zacken m\u00fcsste man ja immer darauf achten, das Gewicht von einem zum anderen Dorn zu verschieben.<\/p>\n<p>Deshalb hat sich beim Dry Tooling ganz klar der Monozacken durchgesetzt. Zumal man mit einem Dorn ja auch viel besser in kleine Ritzen und L\u00f6cher kommt.<\/p>\n<p>Der Monozacken ist bei diesem Modell asymmetrisch angeordnet. D.h. eher unter dem gro\u00dfen Zeh, weil man hier die beste Kraft\u00fcbertragung hat.<\/p>\n<h3>Doppelzacken beim Skysteep Steigeisen<\/h3>\n<p>Beim Eisklettern, sowie bei steilen Nordw\u00e4nden, m\u00f6chte man einen stabilen Stand haben. Da sind dann wieder die doppelten Frontzacken von Vorteil.<\/p>\n<p>Deswegen kann man bei diesem Modell diese auch selber anbringen. Das geht ganz einfach mit einem Inbusschl\u00fcssel (nicht im Lieferumfang).<\/p>\n<p>Die Zacken werden einfach symmetrisch angeordnet aufgesteckt und angeschraubt.<\/p>\n<h3>2. und 3. Zackenpaar<\/h3>\n<p>Beim Skysteep Steigeisen ist das 2. Zackenpaar auf die Geometrie der Frontzacken angepasst. D.h. bei leichtem Senken der Ferse, steht es am Eis bzw. Firn an. Somit hat man eine wesentlich kraftsparende Position f\u00fcr die Wadenmuskulatur.<\/p>\n<p>Stellt man sich im flachem Gel\u00e4nde ordentlich hin, so greift auch das 3. Zackenpaar im Untergrund. Das sorgt f\u00fcr stabile Haltung sowohl im Auf- als auch Abstieg.<\/p>\n<h4><strong>Pflegetipp Austrialpin Skysteep Steigeisen<\/strong><\/h4>\n<p>Alle Produkte aus Stahl, wie z.B. auch <a href=\"https:\/\/bolting.eu\/produkt-kategorie\/bergsteiger-ausruestung\/eispickel\/\">Eispickel<\/a> oder <a href=\"https:\/\/bolting.eu\/produkt-kategorie\/bergsteiger-ausruestung\/eisschrauben\/\">Eisschrauben<\/a>, sind nat\u00fcrlicher Korrosion ausgesetzt. Deshalb sollte man zwei Dinge vermeiden.<\/p>\n<p>Erstens seine Ausr\u00fcstung feucht einzulagern. Und zweitens einen kalten oder feuchten Ort f\u00fcr die Lagerung zu w\u00e4hlen.<\/p>\n<p>Deshalb immer sch\u00f6n trocknen nach der Verwendung. Und dann im Keller oder Materialkammerl bei Zimmertemperatur einlagern. Bewegliche Teile kann man mit einem <a href=\"https:\/\/bolting.eu\/shop\/kong-kletterausruestung-pflegeoel\/\">Karabiner Pflege\u00f6l<\/a> leicht schmieren.<\/p>\n<p>&nbsp;<\/p>\n","protected":false},"excerpt":{"rendered":"<p>Steigeisen f\u00fcr Dry Tooling, Eisklettern und technisches Bergsteigen. Als Monozacken (Standard Konfiguration) und Doppelzacken (2. Zacken im Lieferumfang) verwendbar.<\/p>\n<p>Kann vorne auf K\u00f6rbchen (Semi-Automatic) umgebaut und in L\u00e4nge leicht verstellt werden. Die Antistollen Platten sind vormontiert.<\/p>\n<p>Versandkostenfrei bis 2kg in\u00a0<img decoding=\"async\" class=\"emoji\" role=\"img\" draggable=\"false\" src=\"https:\/\/s.w.org\/images\/core\/emoji\/14.0.0\/svg\/1f1e6-1f1f9.svg\" alt=\"\ud83c\udde6\ud83c\uddf9\" \/>\u00a0ab \u20ac 100,- und\u00a0<img decoding=\"async\" class=\"emoji\" role=\"img\" draggable=\"false\" src=\"https:\/\/s.w.org\/images\/core\/emoji\/14.0.0\/svg\/1f1e9-1f1ea.svg\" alt=\"\ud83c\udde9\ud83c\uddea\" \/>\u00a0ab \u20ac 200,-!<\/p>\n","protected":false},"featured_media":14359,"comment_status":"closed","ping_status":"closed","template":"","meta":[],"product_brand":[],"product_cat":[13938,14288,4649],"product_tag":[],"class_list":{"0":"post-14354","1":"product","2":"type-product","3":"status-publish","4":"has-post-thumbnail","6":"product_cat-bergsteiger-ausruestung","7":"product_cat-steigeisen","8":"product_cat-austrialpin","10":"first","11":"instock","12":"sale","13":"taxable","14":"shipping-taxable","15":"purchasable","16":"product-type-simple"},"yoast_head":"<!-- This site is optimized with the Yoast SEO Premium plugin v26.9 (Yoast SEO v26.9) - https:\/\/yoast.com\/product\/yoast-seo-premium-wordpress\/ -->\n<title>Austrialpin Skysteep Steigeisen - Eis - Mixed - Dry Tooling | bolting.eu<\/title>\n<meta name=\"description\" content=\"AUSTRIALPIN Skysteep Steigeisen beim Kletter Hardware Profi kaufen \u2705 Trusted Shop \u2705 kostenloser Versand* \u2705 14 Tage R\u00fcckgaberecht \u2705 Co2 neutraler Versand\" \/>\n<meta name=\"robots\" content=\"index, follow, max-snippet:-1, max-image-preview:large, max-video-preview:-1\" \/>\n<link rel=\"canonical\" href=\"https:\/\/bolting.eu\/en\/shop\/austrialpin-skysteep-steigeisen\/\" \/>\n<meta property=\"og:locale\" content=\"en_US\" \/>\n<meta property=\"og:type\" content=\"article\" \/>\n<meta property=\"og:title\" content=\"Austrialpin Skysteep Steigeisen\" \/>\n<meta property=\"og:description\" content=\"AUSTRIALPIN Skysteep Steigeisen beim Kletter Hardware Profi kaufen \u2705 Trusted Shop \u2705 kostenloser Versand* \u2705 14 Tage R\u00fcckgaberecht \u2705 Co2 neutraler Versand\" \/>\n<meta property=\"og:url\" content=\"https:\/\/bolting.eu\/en\/shop\/austrialpin-skysteep-steigeisen\/\" \/>\n<meta property=\"og:site_name\" content=\"bolting.eu\" \/>\n<meta property=\"article:publisher\" content=\"https:\/\/www.facebook.com\/bolting.eu\" \/>\n<meta property=\"article:modified_time\" content=\"2024-12-31T11:40:11+00:00\" \/>\n<meta property=\"og:image\" content=\"https:\/\/bolting.eu\/wp-content\/uploads\/2022\/12\/Austrialpin-Skysteep-Steigeisen-1.jpg\" \/>\n\t<meta property=\"og:image:width\" content=\"700\" \/>\n\t<meta property=\"og:image:height\" content=\"700\" \/>\n\t<meta property=\"og:image:type\" content=\"image\/jpeg\" \/>\n<meta name=\"twitter:card\" content=\"summary_large_image\" \/>\n<meta name=\"twitter:label1\" content=\"Price\" \/>\n\t<meta name=\"twitter:data1\" content=\"&euro;&nbsp;199,00\" \/>\n\t<meta name=\"twitter:label2\" content=\"Availability\" \/>\n\t<meta name=\"twitter:data2\" content=\"In stock\" \/>\n<script type=\"application\/ld+json\" class=\"yoast-schema-graph\">{\"@context\":\"https:\/\/schema.org\",\"@graph\":[{\"@type\":[\"WebPage\",\"ItemPage\"],\"@id\":\"https:\/\/bolting.eu\/en\/shop\/austrialpin-skysteep-steigeisen\/\",\"url\":\"https:\/\/bolting.eu\/en\/shop\/austrialpin-skysteep-steigeisen\/\",\"name\":\"Austrialpin Skysteep Steigeisen - Eis - Mixed - Dry Tooling | bolting.eu\",\"isPartOf\":{\"@id\":\"https:\/\/bolting.eu\/en\/#website\"},\"primaryImageOfPage\":{\"@id\":\"https:\/\/bolting.eu\/en\/shop\/austrialpin-skysteep-steigeisen\/#primaryimage\"},\"image\":{\"@id\":\"https:\/\/bolting.eu\/en\/shop\/austrialpin-skysteep-steigeisen\/#primaryimage\"},\"thumbnailUrl\":\"https:\/\/bolting.eu\/wp-content\/uploads\/2022\/12\/Austrialpin-Skysteep-Steigeisen-1.jpg\",\"datePublished\":\"2022-12-16T13:23:47+00:00\",\"dateModified\":\"2024-12-31T11:40:11+00:00\",\"description\":\"AUSTRIALPIN Skysteep Steigeisen beim Kletter Hardware Profi kaufen \u2705 Trusted Shop \u2705 kostenloser Versand* \u2705 14 Tage R\u00fcckgaberecht \u2705 Co2 neutraler Versand\",\"breadcrumb\":{\"@id\":\"https:\/\/bolting.eu\/en\/shop\/austrialpin-skysteep-steigeisen\/#breadcrumb\"},\"inLanguage\":\"en-US\",\"potentialAction\":[{\"@type\":\"ReadAction\",\"target\":[\"https:\/\/bolting.eu\/en\/shop\/austrialpin-skysteep-steigeisen\/\"]}]},{\"@type\":\"ImageObject\",\"inLanguage\":\"en-US\",\"@id\":\"https:\/\/bolting.eu\/en\/shop\/austrialpin-skysteep-steigeisen\/#primaryimage\",\"url\":\"https:\/\/bolting.eu\/wp-content\/uploads\/2022\/12\/Austrialpin-Skysteep-Steigeisen-1.jpg\",\"contentUrl\":\"https:\/\/bolting.eu\/wp-content\/uploads\/2022\/12\/Austrialpin-Skysteep-Steigeisen-1.jpg\",\"width\":700,\"height\":700,\"caption\":\"Ein schwarzes Austrialpin Skysteep Steigeisen mit Kipphebel Bindung und gr\u00fcner Antistollen Platte.\"},{\"@type\":\"BreadcrumbList\",\"@id\":\"https:\/\/bolting.eu\/en\/shop\/austrialpin-skysteep-steigeisen\/#breadcrumb\",\"itemListElement\":[{\"@type\":\"ListItem\",\"position\":1,\"name\":\"Shop\",\"item\":\"https:\/\/bolting.eu\/en\/shop\/\"},{\"@type\":\"ListItem\",\"position\":2,\"name\":\"Bergsteiger Ausr\u00fcstung\",\"item\":\"https:\/\/bolting.eu\/produkt-kategorie\/bergsteiger-ausruestung\/\"},{\"@type\":\"ListItem\",\"position\":3,\"name\":\"Steigeisen\",\"item\":\"https:\/\/bolting.eu\/produkt-kategorie\/bergsteiger-ausruestung\/steigeisen\/\"},{\"@type\":\"ListItem\",\"position\":4,\"name\":\"Austrialpin Skysteep Steigeisen\"}]},{\"@type\":\"WebSite\",\"@id\":\"https:\/\/bolting.eu\/en\/#website\",\"url\":\"https:\/\/bolting.eu\/en\/\",\"name\":\"bolting.eu\",\"description\":\"we make climbs happen\",\"publisher\":{\"@id\":\"https:\/\/bolting.eu\/en\/#organization\"},\"potentialAction\":[{\"@type\":\"SearchAction\",\"target\":{\"@type\":\"EntryPoint\",\"urlTemplate\":\"https:\/\/bolting.eu\/en\/?s={search_term_string}\"},\"query-input\":{\"@type\":\"PropertyValueSpecification\",\"valueRequired\":true,\"valueName\":\"search_term_string\"}}],\"inLanguage\":\"en-US\"},{\"@type\":[\"Organization\",\"Place\",\"SportingGoodsStore\"],\"@id\":\"https:\/\/bolting.eu\/en\/#organization\",\"name\":\"bolting.eu\",\"url\":\"https:\/\/bolting.eu\/en\/\",\"logo\":{\"@id\":\"https:\/\/bolting.eu\/en\/shop\/austrialpin-skysteep-steigeisen\/#local-main-organization-logo\"},\"image\":{\"@id\":\"https:\/\/bolting.eu\/en\/shop\/austrialpin-skysteep-steigeisen\/#local-main-organization-logo\"},\"sameAs\":[\"https:\/\/www.facebook.com\/bolting.eu\",\"https:\/\/www.instagram.com\/bolting.eu\/\"],\"address\":{\"@id\":\"https:\/\/bolting.eu\/en\/shop\/austrialpin-skysteep-steigeisen\/#local-main-place-address\"},\"geo\":{\"@type\":\"GeoCoordinates\",\"latitude\":\"47.264176340396226\",\"longitude\":\"11.380109057672346\"},\"telephone\":[\"+43 699 19083372\"],\"openingHoursSpecification\":[{\"@type\":\"OpeningHoursSpecification\",\"dayOfWeek\":[\"Monday\",\"Wednesday\",\"Friday\"],\"opens\":\"14:00\",\"closes\":\"18:00\"},{\"@type\":\"OpeningHoursSpecification\",\"dayOfWeek\":[\"Tuesday\",\"Thursday\",\"Saturday\",\"Sunday\"],\"opens\":\"00:00\",\"closes\":\"00:00\"}],\"email\":\"office@bolting.eu\",\"vatID\":\"ATU59999728\",\"priceRange\":\"$$\",\"currenciesAccepted\":\"Euro\"},{\"@type\":\"PostalAddress\",\"@id\":\"https:\/\/bolting.eu\/en\/shop\/austrialpin-skysteep-steigeisen\/#local-main-place-address\",\"streetAddress\":\"Fischnalerstra\u00dfe 4\",\"addressLocality\":\"Innsbruck\",\"postalCode\":\"6020\",\"addressRegion\":\"Tirol\",\"addressCountry\":\"AT\"},{\"@type\":\"ImageObject\",\"inLanguage\":\"en-US\",\"@id\":\"https:\/\/bolting.eu\/en\/shop\/austrialpin-skysteep-steigeisen\/#local-main-organization-logo\",\"url\":\"https:\/\/bolting.eu\/wp-content\/uploads\/2019\/09\/bolting-logo.png\",\"contentUrl\":\"https:\/\/bolting.eu\/wp-content\/uploads\/2019\/09\/bolting-logo.png\",\"width\":400,\"height\":211,\"caption\":\"bolting.eu\"}]}<\/script>\n<meta property=\"og:video\" content=\"https:\/\/www.youtube.com\/embed\/vGMHiQJWUSI\" \/>\n<meta property=\"og:video:type\" content=\"text\/html\" \/>\n<meta property=\"og:video:duration\" content=\"208\" \/>\n<meta property=\"og:video:width\" content=\"480\" \/>\n<meta property=\"og:video:height\" content=\"270\" \/>\n<meta property=\"ya:ovs:adult\" content=\"false\" \/>\n<meta property=\"ya:ovs:upload_date\" content=\"2022-12-16T13:23:47+00:00\" \/>\n<meta property=\"ya:ovs:allow_embed\" content=\"true\" \/>\n<meta property=\"product:price:amount\" content=\"199.00\" \/>\n<meta property=\"product:price:currency\" content=\"EUR\" \/>\n<meta property=\"og:availability\" content=\"instock\" \/>\n<meta property=\"product:availability\" content=\"instock\" \/>\n<meta property=\"product:retailer_item_id\" content=\"ST11B\" \/>\n<meta property=\"product:condition\" content=\"new\" \/>\n<meta name=\"geo.placename\" content=\"Innsbruck\" \/>\n<meta name=\"geo.position\" content=\"47.264176340396226;11.380109057672346\" \/>\n<meta name=\"geo.region\" content=\"Austria\" \/>\n<!-- \/ Yoast SEO Premium plugin. -->","yoast_head_json":{"title":"Austrialpin Skysteep Steigeisen - Eis - Mixed - Dry Tooling | bolting.eu","description":"AUSTRIALPIN Skysteep Steigeisen beim Kletter Hardware Profi kaufen \u2705 Trusted Shop \u2705 kostenloser Versand* \u2705 14 Tage R\u00fcckgaberecht \u2705 Co2 neutraler Versand","robots":{"index":"index","follow":"follow","max-snippet":"max-snippet:-1","max-image-preview":"max-image-preview:large","max-video-preview":"max-video-preview:-1"},"canonical":"https:\/\/bolting.eu\/en\/shop\/austrialpin-skysteep-steigeisen\/","og_locale":"en_US","og_type":"article","og_title":"Austrialpin Skysteep Steigeisen","og_description":"AUSTRIALPIN Skysteep Steigeisen beim Kletter Hardware Profi kaufen \u2705 Trusted Shop \u2705 kostenloser Versand* \u2705 14 Tage R\u00fcckgaberecht \u2705 Co2 neutraler Versand","og_url":"https:\/\/bolting.eu\/en\/shop\/austrialpin-skysteep-steigeisen\/","og_site_name":"bolting.eu","article_publisher":"https:\/\/www.facebook.com\/bolting.eu","article_modified_time":"2024-12-31T11:40:11+00:00","og_image":[{"width":700,"height":700,"url":"https:\/\/bolting.eu\/wp-content\/uploads\/2022\/12\/Austrialpin-Skysteep-Steigeisen-1.jpg","type":"image\/jpeg"}],"twitter_card":"summary_large_image","twitter_misc":{"Price":"&euro;&nbsp;199,00","Availability":"In stock"},"schema":{"@context":"https:\/\/schema.org","@graph":[{"@type":["WebPage","ItemPage"],"@id":"https:\/\/bolting.eu\/en\/shop\/austrialpin-skysteep-steigeisen\/","url":"https:\/\/bolting.eu\/en\/shop\/austrialpin-skysteep-steigeisen\/","name":"Austrialpin Skysteep Steigeisen - Eis - Mixed - Dry Tooling | bolting.eu","isPartOf":{"@id":"https:\/\/bolting.eu\/en\/#website"},"primaryImageOfPage":{"@id":"https:\/\/bolting.eu\/en\/shop\/austrialpin-skysteep-steigeisen\/#primaryimage"},"image":{"@id":"https:\/\/bolting.eu\/en\/shop\/austrialpin-skysteep-steigeisen\/#primaryimage"},"thumbnailUrl":"https:\/\/bolting.eu\/wp-content\/uploads\/2022\/12\/Austrialpin-Skysteep-Steigeisen-1.jpg","datePublished":"2022-12-16T13:23:47+00:00","dateModified":"2024-12-31T11:40:11+00:00","description":"AUSTRIALPIN Skysteep Steigeisen beim Kletter Hardware Profi kaufen \u2705 Trusted Shop \u2705 kostenloser Versand* \u2705 14 Tage R\u00fcckgaberecht \u2705 Co2 neutraler Versand","breadcrumb":{"@id":"https:\/\/bolting.eu\/en\/shop\/austrialpin-skysteep-steigeisen\/#breadcrumb"},"inLanguage":"en-US","potentialAction":[{"@type":"ReadAction","target":["https:\/\/bolting.eu\/en\/shop\/austrialpin-skysteep-steigeisen\/"]}]},{"@type":"ImageObject","inLanguage":"en-US","@id":"https:\/\/bolting.eu\/en\/shop\/austrialpin-skysteep-steigeisen\/#primaryimage","url":"https:\/\/bolting.eu\/wp-content\/uploads\/2022\/12\/Austrialpin-Skysteep-Steigeisen-1.jpg","contentUrl":"https:\/\/bolting.eu\/wp-content\/uploads\/2022\/12\/Austrialpin-Skysteep-Steigeisen-1.jpg","width":700,"height":700,"caption":"Ein schwarzes Austrialpin Skysteep Steigeisen mit Kipphebel Bindung und gr\u00fcner Antistollen Platte."},{"@type":"BreadcrumbList","@id":"https:\/\/bolting.eu\/en\/shop\/austrialpin-skysteep-steigeisen\/#breadcrumb","itemListElement":[{"@type":"ListItem","position":1,"name":"Shop","item":"https:\/\/bolting.eu\/en\/shop\/"},{"@type":"ListItem","position":2,"name":"Bergsteiger Ausr\u00fcstung","item":"https:\/\/bolting.eu\/produkt-kategorie\/bergsteiger-ausruestung\/"},{"@type":"ListItem","position":3,"name":"Steigeisen","item":"https:\/\/bolting.eu\/produkt-kategorie\/bergsteiger-ausruestung\/steigeisen\/"},{"@type":"ListItem","position":4,"name":"Austrialpin Skysteep Steigeisen"}]},{"@type":"WebSite","@id":"https:\/\/bolting.eu\/en\/#website","url":"https:\/\/bolting.eu\/en\/","name":"bolting.eu","description":"we make climbs happen","publisher":{"@id":"https:\/\/bolting.eu\/en\/#organization"},"potentialAction":[{"@type":"SearchAction","target":{"@type":"EntryPoint","urlTemplate":"https:\/\/bolting.eu\/en\/?s={search_term_string}"},"query-input":{"@type":"PropertyValueSpecification","valueRequired":true,"valueName":"search_term_string"}}],"inLanguage":"en-US"},{"@type":["Organization","Place","SportingGoodsStore"],"@id":"https:\/\/bolting.eu\/en\/#organization","name":"bolting.eu","url":"https:\/\/bolting.eu\/en\/","logo":{"@id":"https:\/\/bolting.eu\/en\/shop\/austrialpin-skysteep-steigeisen\/#local-main-organization-logo"},"image":{"@id":"https:\/\/bolting.eu\/en\/shop\/austrialpin-skysteep-steigeisen\/#local-main-organization-logo"},"sameAs":["https:\/\/www.facebook.com\/bolting.eu","https:\/\/www.instagram.com\/bolting.eu\/"],"address":{"@id":"https:\/\/bolting.eu\/en\/shop\/austrialpin-skysteep-steigeisen\/#local-main-place-address"},"geo":{"@type":"GeoCoordinates","latitude":"47.264176340396226","longitude":"11.380109057672346"},"telephone":["+43 699 19083372"],"openingHoursSpecification":[{"@type":"OpeningHoursSpecification","dayOfWeek":["Monday","Wednesday","Friday"],"opens":"14:00","closes":"18:00"},{"@type":"OpeningHoursSpecification","dayOfWeek":["Tuesday","Thursday","Saturday","Sunday"],"opens":"00:00","closes":"00:00"}],"email":"office@bolting.eu","vatID":"ATU59999728","priceRange":"$$","currenciesAccepted":"Euro"},{"@type":"PostalAddress","@id":"https:\/\/bolting.eu\/en\/shop\/austrialpin-skysteep-steigeisen\/#local-main-place-address","streetAddress":"Fischnalerstra\u00dfe 4","addressLocality":"Innsbruck","postalCode":"6020","addressRegion":"Tirol","addressCountry":"AT"},{"@type":"ImageObject","inLanguage":"en-US","@id":"https:\/\/bolting.eu\/en\/shop\/austrialpin-skysteep-steigeisen\/#local-main-organization-logo","url":"https:\/\/bolting.eu\/wp-content\/uploads\/2019\/09\/bolting-logo.png","contentUrl":"https:\/\/bolting.eu\/wp-content\/uploads\/2019\/09\/bolting-logo.png","width":400,"height":211,"caption":"bolting.eu"}]},"og_video":"https:\/\/www.youtube.com\/embed\/vGMHiQJWUSI","og_video_type":"text\/html","og_video_duration":"208","og_video_width":"480","og_video_height":"270","ya_ovs_adult":"false","ya_ovs_upload_date":"2022-12-16T13:23:47+00:00","ya_ovs_allow_embed":"true","product_price_amount":"199.00","product_price_currency":"EUR","og_availability":"instock","product_availability":"instock","product_retailer_item_id":"ST11B","product_condition":"new","geo.placename":"Innsbruck","geo.position":{"lat":"47.264176340396226","long":"11.380109057672346"},"geo.region":"Austria"},"_links":{"self":[{"href":"https:\/\/bolting.eu\/en\/wp-json\/wp\/v2\/product\/14354","targetHints":{"allow":["GET"]}}],"collection":[{"href":"https:\/\/bolting.eu\/en\/wp-json\/wp\/v2\/product"}],"about":[{"href":"https:\/\/bolting.eu\/en\/wp-json\/wp\/v2\/types\/product"}],"replies":[{"embeddable":true,"href":"https:\/\/bolting.eu\/en\/wp-json\/wp\/v2\/comments?post=14354"}],"wp:featuredmedia":[{"embeddable":true,"href":"https:\/\/bolting.eu\/en\/wp-json\/wp\/v2\/media\/14359"}],"wp:attachment":[{"href":"https:\/\/bolting.eu\/en\/wp-json\/wp\/v2\/media?parent=14354"}],"wp:term":[{"taxonomy":"product_brand","embeddable":true,"href":"https:\/\/bolting.eu\/en\/wp-json\/wp\/v2\/product_brand?post=14354"},{"taxonomy":"product_cat","embeddable":true,"href":"https:\/\/bolting.eu\/en\/wp-json\/wp\/v2\/product_cat?post=14354"},{"taxonomy":"product_tag","embeddable":true,"href":"https:\/\/bolting.eu\/en\/wp-json\/wp\/v2\/product_tag?post=14354"}],"curies":[{"name":"wp","href":"https:\/\/api.w.org\/{rel}","templated":true}]}}