{"id":14342,"date":"2022-12-16T12:33:23","date_gmt":"2022-12-16T11:33:23","guid":{"rendered":"https:\/\/bolting.eu\/?post_type=product&#038;p=14342"},"modified":"2024-11-18T17:23:06","modified_gmt":"2024-11-18T16:23:06","slug":"petzl-hirundos","status":"publish","type":"product","link":"https:\/\/bolting.eu\/en\/shop\/petzl-hirundos\/","title":{"rendered":"Petzl Hirundos"},"content":{"rendered":"<p>Der Petzl Hirundos ist ein sehr leichter Klettergurt zum Sportklettern bzw. die Kletterhalle. Einerseits bietet das schmal geschnittene Modell eine exzellente Bewegungsfreiheit. Andererseits aber auch erstaunlich viel Komfort beim H\u00e4ngen im Gurt.<\/p>\n<p>Wie der <a href=\"https:\/\/bolting.eu\/shop\/petzl-adjama-allround-klettergurt\/\">Adjama<\/a> und <a href=\"https:\/\/bolting.eu\/shop\/petzl-luna-damen-klettergurt\/\">Luna<\/a>, hat auch dieses Produkt die zwei charakteritischen Merkmale. Erstens die stark verst\u00e4rkten Anseilschlaufen bzw. Sicherungsschlaufe. Und zweitens die vier ger\u00e4umigen Materialschlaufen. Hierbei ist die vordere, gro\u00dfe Schlaufe halbstarr. Die hintere Schlaufe ist flexibel.<\/p>\n<p>Somit kann man sowohl f\u00fcr Einseil- als auch Mehrseill\u00e4ngen Routen alles mitnehmen. Gen\u00fcgend Expressen bzw. in langen Routen auch Karabiner, <a href=\"https:\/\/bolting.eu\/produkt-kategorie\/kletterausruestung\/sicherungsgeraete-klettern\/\">Sicherungsger\u00e4t<\/a> und Bandschlingen bzw. Reepschn\u00fcre.<\/p>\n<p>Kurzum. Wieder ein Top Gurt von Petzl. Zurecht ist er einer der am meisten verkauften am Markt!<\/p>\n<h2>Eigenschaften Petzl Hirundos<\/h2>\n<ul>\n<li>Hersteller: <a href=\"https:\/\/bolting.eu\/produkt-kategorie\/petzl\/\">Petzl<\/a><\/li>\n<li>Material: Polyester, Polyamid, EVA, Polyurethan, Alu, HPE;<\/li>\n<li>Gr\u00f6\u00dfen: XS &#8211; S \u2013 M \u2013 L<\/li>\n<li>Gewicht: 270 \u2013 330 Gramm<\/li>\n<li><strong>Gurt zum leistungsorientierten Klettern<\/strong><\/li>\n<li>Norm: EN 12277<\/li>\n<li>Beinschlaufen verstellbar mit Double Back Schnallen<\/li>\n<li>2 gro\u00dfe, steife, seitliche Materialschlaufen<\/li>\n<li>2 flexible Materialschlaufen hinten<\/li>\n<li>1 kleine, mittlere Materialschlaufe hinten (z.B. Reepschn\u00fcre, Bandschlingen, Chalkbag\u2026)<\/li>\n<li>verst\u00e4rkte B\u00e4nder an den Anseilschlaufen f\u00fcr lange Lebensdauer<\/li>\n<li>einfach bedienbare Double-Back HD Schnalle<\/li>\n<li>komfortable FUSERFRAME Technology Konstruktion<\/li>\n<li>kompatibel mit dem neuen Petzl Caritool Evo Karabiner<\/li>\n<li><a href=\"https:\/\/www.petzl.com\/sfc\/servlet.shepherd\/version\/download\/0686800000FKQGuAAP\" target=\"_blank\" rel=\"noopener\">Gebrauchsanleitung<\/a><\/li>\n<\/ul>\n<h3>Gr\u00f6\u00dfentabelle<\/h3>\n<p>Im Folgenden geben wir euch eine \u00dcbersicht zu dem Ma\u00dfen f\u00fcr H\u00fcft- und Beinschlaufen in den jeweiligen Gr\u00f6\u00dfen.<\/p>\n<p>Beachtet bitte f\u00fcr eure Bestellung. Ihr solltet sowohl bei den Bein- als auch H\u00fcftschlaufen jeweils noch eine flache Hand hineinstecken k\u00f6nnen. Somit solltet ihr ca. 3cm Umfang zus\u00e4tzlich einkalkulieren \ud83d\ude42<\/p>\n<table style=\"border-collapse: collapse; width: 260pt;\" border=\"0\" width=\"348\" cellspacing=\"0\" cellpadding=\"0\">\n<tbody>\n<tr style=\"height: 16.0pt;\">\n<td class=\"xl63\" style=\"height: 16pt; width: 260pt; text-align: center;\" colspan=\"4\" width=\"348\" height=\"21\"><strong>Gr\u00f6\u00dfentabelle<\/strong><\/td>\n<\/tr>\n<tr style=\"height: 16.0pt;\">\n<td style=\"height: 16pt; text-align: center;\" height=\"21\"><strong>Gr\u00f6\u00dfe<\/strong><\/td>\n<td style=\"text-align: center;\"><strong>H\u00fcftumfang<\/strong><\/td>\n<td style=\"text-align: center;\"><strong>Beinumfang<\/strong><\/td>\n<td style=\"text-align: center;\"><strong>Gewicht<\/strong><\/td>\n<\/tr>\n<tr style=\"height: 16.0pt;\">\n<td style=\"height: 16pt; text-align: center;\" height=\"21\"><strong>XS<\/strong><\/td>\n<td style=\"text-align: center;\">65 &#8211; 71 cm<\/td>\n<td style=\"text-align: center;\">48 &#8211; 53 cm<\/td>\n<td style=\"text-align: center;\">270 Gramm<\/td>\n<\/tr>\n<tr style=\"height: 16.0pt;\">\n<td style=\"height: 16pt; text-align: center;\" height=\"21\"><strong>S<\/strong><\/td>\n<td style=\"text-align: center;\">71 &#8211; 77 cm<\/td>\n<td style=\"text-align: center;\">48 &#8211; 53 cm<\/td>\n<td style=\"text-align: center;\">290 Gramm<\/td>\n<\/tr>\n<tr style=\"height: 16.0pt;\">\n<td style=\"height: 16pt; text-align: center;\" height=\"21\"><strong>M<\/strong><\/td>\n<td style=\"text-align: center;\">77 &#8211; 84 cm<\/td>\n<td style=\"text-align: center;\">52 &#8211; 57 cm<\/td>\n<td style=\"text-align: center;\">310 Gramm<\/td>\n<\/tr>\n<tr style=\"height: 16.0pt;\">\n<td style=\"height: 16pt; text-align: center;\" height=\"21\"><strong>L<\/strong><\/td>\n<td style=\"text-align: center;\">84 &#8211; 92 cm<\/td>\n<td style=\"text-align: center;\">55 &#8211; 60 cm<\/td>\n<td style=\"text-align: center;\">330 Gramm<\/td>\n<\/tr>\n<\/tbody>\n<\/table>\n<h3>Produktvideo Hirundos Klettergurt<\/h3>\n<p>Das folgende Video stellt euch dieses Modell noch weiter vor. Was dabei besonders gut heraus kommt ist die FUSERFRAME Technologie.<\/p>\n<p>Man versteht, was der thermogeformte, geschlossenzellige Schaumstoff tut. Er erlaubt n\u00e4mlich eine Konstruktion ohne Schr\u00e4gband. Das erh\u00f6ht enorm den Komfort f\u00fcr so ein schmal geschnittenes Modell.<\/p>\n<p><iframe loading=\"lazy\" title=\"HIRUNDOS Leichter, komfortabler Gurt zum leistungsorientierten Klettern\" src=\"https:\/\/player.vimeo.com\/video\/647253404?dnt=1&amp;app_id=122963\" width=\"1020\" height=\"574\" frameborder=\"0\" allow=\"autoplay; fullscreen; picture-in-picture; clipboard-write\"><\/iframe><\/p>\n<p>&nbsp;<\/p>\n<h3>&#8220;Schl\u00fcsselstelle&#8221; Anseilschlaufen<\/h3>\n<p>Wie bei allen seinen Modellen, hat auch der Petzl Hirundos speziell verst\u00e4rkte Anseilschlaufen. D.h. es wurden an diesen Teilen extra zus\u00e4tzliche B\u00e4nder aus HDPE vern\u00e4ht.<\/p>\n<p>Das hochdichte Polyethylen l\u00f6st endlich ein alt bekanntes Problem. Das Durchscheuern der B\u00e4nder an diesen neuralgischen Punkten.<\/p>\n<ul>\n<li>Anseilpunkt Beinschlaufe<\/li>\n<li>Anseilpunkt H\u00fcftband<\/li>\n<li>Sicherungsschlaufe<\/li>\n<\/ul>\n<figure id=\"attachment_14349\" aria-describedby=\"caption-attachment-14349\" style=\"width: 400px\" class=\"wp-caption alignnone\"><a href=\"https:\/\/bolting.eu\/wp-content\/uploads\/2022\/12\/Petzl-Hirundos-Klettergurt-7.jpg\"><img loading=\"lazy\" decoding=\"async\" class=\"wp-image-14349 size-medium\" src=\"https:\/\/bolting.eu\/wp-content\/uploads\/2022\/12\/Petzl-Hirundos-Klettergurt-7-400x400.jpg\" alt=\"Das Bild zeigt die verst\u00e4rkten Anseilschlaufen des Petzl Hirundos aus wei\u00dfem HDPE Material.\" width=\"400\" height=\"400\" srcset=\"https:\/\/bolting.eu\/wp-content\/uploads\/2022\/12\/Petzl-Hirundos-Klettergurt-7-400x400.jpg 400w, https:\/\/bolting.eu\/wp-content\/uploads\/2022\/12\/Petzl-Hirundos-Klettergurt-7-100x100.jpg 100w, https:\/\/bolting.eu\/wp-content\/uploads\/2022\/12\/Petzl-Hirundos-Klettergurt-7-510x510.jpg 510w, https:\/\/bolting.eu\/wp-content\/uploads\/2022\/12\/Petzl-Hirundos-Klettergurt-7-280x280.jpg 280w, https:\/\/bolting.eu\/wp-content\/uploads\/2022\/12\/Petzl-Hirundos-Klettergurt-7-300x300.jpg 300w, https:\/\/bolting.eu\/wp-content\/uploads\/2022\/12\/Petzl-Hirundos-Klettergurt-7-600x600.jpg 600w, https:\/\/bolting.eu\/wp-content\/uploads\/2022\/12\/Petzl-Hirundos-Klettergurt-7.jpg 700w\" sizes=\"auto, (max-width: 400px) 100vw, 400px\" \/><\/a><figcaption id=\"caption-attachment-14349\" class=\"wp-caption-text\">Die Anseilschlaufen sind extra mit HDPE Material verst\u00e4rkt!<\/figcaption><\/figure>\n<h3>Massig Platz<\/h3>\n<p>Mit seinen vier Materialschlaufen bietet der Hirundos sehr viel Platz. Dabei werden klassischer Weise die <a href=\"https:\/\/bolting.eu\/produkt-kategorie\/kletterausruestung\/expressschlingen\/\">Expressen<\/a> in die halbsteife Schlaufe vorne geh\u00e4ngt. Die flexiblen Schlaufen hinten ist meist f\u00fcr zus\u00e4tzliche Ausr\u00fcstung gedacht. Wie z.B. <a href=\"https:\/\/bolting.eu\/produkt-kategorie\/kletterausruestung\/bandschlinge\/\">Bandschlingen<\/a>, <a href=\"https:\/\/bolting.eu\/produkt-kategorie\/kletterausruestung\/reepschnur\/\">Reepschn\u00fcre<\/a>, usw.<\/p>\n<p>Die kleine Zusatzsschlaufe am R\u00fccken bietet Platz f\u00fcr ein Chalkbag oder eine Tag Line.<\/p>\n<h3>Petzl Hirundos mit Caritool Evo kompatibel!<\/h3>\n<p>Auf diesem Klettergurt kann man den neuen Caritool Evo Materialkarabiner montieren. Dieser wird einfach auf H\u00f6he der hinteren Materialschlaufe montiert.<\/p>\n<p>Dieser Materialkarabiner ist extrem ger\u00e4umig und bietet Platz f\u00fcr Eisschrauben, Felshammer, Felshaken usw.<\/p>\n<figure id=\"attachment_14346\" aria-describedby=\"caption-attachment-14346\" style=\"width: 400px\" class=\"wp-caption alignnone\"><a href=\"https:\/\/bolting.eu\/wp-content\/uploads\/2022\/12\/Petzl-Hirundos-Klettergurt-3.jpg\"><img loading=\"lazy\" decoding=\"async\" class=\"wp-image-14346 size-medium\" src=\"https:\/\/bolting.eu\/wp-content\/uploads\/2022\/12\/Petzl-Hirundos-Klettergurt-3-400x400.jpg\" alt=\"Das Bild zeigt den Petzl Caritool Evo Materialkarabiner auf einem Hirundos Gurt montiert.\" width=\"400\" height=\"400\" srcset=\"https:\/\/bolting.eu\/wp-content\/uploads\/2022\/12\/Petzl-Hirundos-Klettergurt-3-400x400.jpg 400w, https:\/\/bolting.eu\/wp-content\/uploads\/2022\/12\/Petzl-Hirundos-Klettergurt-3-100x100.jpg 100w, https:\/\/bolting.eu\/wp-content\/uploads\/2022\/12\/Petzl-Hirundos-Klettergurt-3-510x510.jpg 510w, https:\/\/bolting.eu\/wp-content\/uploads\/2022\/12\/Petzl-Hirundos-Klettergurt-3-280x280.jpg 280w, https:\/\/bolting.eu\/wp-content\/uploads\/2022\/12\/Petzl-Hirundos-Klettergurt-3-300x300.jpg 300w, https:\/\/bolting.eu\/wp-content\/uploads\/2022\/12\/Petzl-Hirundos-Klettergurt-3-600x600.jpg 600w, https:\/\/bolting.eu\/wp-content\/uploads\/2022\/12\/Petzl-Hirundos-Klettergurt-3.jpg 700w\" sizes=\"auto, (max-width: 400px) 100vw, 400px\" \/><\/a><figcaption id=\"caption-attachment-14346\" class=\"wp-caption-text\">Der neue Caritool Evo kann leicht am Gurt montiert werden.<\/figcaption><\/figure>\n","protected":false},"excerpt":{"rendered":"<p>Sehr leichter Klettergurt zum leistungsorientierten Klettern mit 4 Materialschlaufen. F\u00fcr Klettergarten, der Halle oder Mehrseill\u00e4ngen.<\/p>\n<p>Schmal geschnittenes Modell mit Petz FUSERFRAME Technologie aus thermogeformtem Schaumstoff. Sehr gutes Gewicht -Komfort Verh\u00e4ltnis.<\/p>\n<p>Versandkostenfrei bis 2kg in <img decoding=\"async\" class=\"emoji\" role=\"img\" draggable=\"false\" src=\"https:\/\/s.w.org\/images\/core\/emoji\/13.1.0\/svg\/1f1e6-1f1f9.svg\" alt=\"\ud83c\udde6\ud83c\uddf9\" \/> ab \u20ac 100,- und <img decoding=\"async\" class=\"emoji\" role=\"img\" draggable=\"false\" src=\"https:\/\/s.w.org\/images\/core\/emoji\/13.1.0\/svg\/1f1e9-1f1ea.svg\" alt=\"\ud83c\udde9\ud83c\uddea\" \/> ab \u20ac 200,-!<\/p>\n","protected":false},"featured_media":14345,"comment_status":"closed","ping_status":"closed","template":"","meta":[],"product_brand":[],"product_cat":[14093,29,6359],"product_tag":[],"class_list":{"0":"post-14342","1":"product","2":"type-product","3":"status-publish","4":"has-post-thumbnail","6":"product_cat-petzl","7":"product_cat-kletterausruestung","8":"product_cat-klettergurte","10":"first","11":"instock","12":"sale","13":"taxable","14":"shipping-taxable","15":"purchasable","16":"product-type-variable"},"yoast_head":"<!-- This site is optimized with the Yoast SEO Premium plugin v26.9 (Yoast SEO v26.9) - https:\/\/yoast.com\/product\/yoast-seo-premium-wordpress\/ -->\n<title>Petzl Hirundos - leichter Klettergurt f\u00fcr schwere Routen | bolting.eu<\/title>\n<meta name=\"description\" content=\"PETZL HIRUNDOS Klettergurt beim Kletter Hardware Profi kaufen \u2705 kostenloser Versand* \u2705 14 Tage R\u00fcckgaberecht \u2705 Co2 neutrale Zustellung\" \/>\n<meta name=\"robots\" content=\"index, follow, max-snippet:-1, max-image-preview:large, max-video-preview:-1\" \/>\n<link rel=\"canonical\" href=\"https:\/\/bolting.eu\/en\/shop\/petzl-hirundos\/\" \/>\n<meta property=\"og:locale\" content=\"en_US\" \/>\n<meta property=\"og:type\" content=\"article\" \/>\n<meta property=\"og:title\" content=\"Petzl Hirundos\" \/>\n<meta property=\"og:description\" content=\"PETZL HIRUNDOS Klettergurt beim Kletter Hardware Profi kaufen \u2705 kostenloser Versand* \u2705 14 Tage R\u00fcckgaberecht \u2705 Co2 neutrale Zustellung\" \/>\n<meta property=\"og:url\" content=\"https:\/\/bolting.eu\/en\/shop\/petzl-hirundos\/\" \/>\n<meta property=\"og:site_name\" content=\"bolting.eu\" \/>\n<meta property=\"article:publisher\" content=\"https:\/\/www.facebook.com\/bolting.eu\" \/>\n<meta property=\"article:modified_time\" content=\"2024-11-18T16:23:06+00:00\" \/>\n<meta property=\"og:image\" content=\"https:\/\/bolting.eu\/wp-content\/uploads\/2022\/12\/Petzl-Hirundos-Klettergurt-4.jpg\" \/>\n\t<meta property=\"og:image:width\" content=\"700\" \/>\n\t<meta property=\"og:image:height\" content=\"700\" \/>\n\t<meta property=\"og:image:type\" content=\"image\/jpeg\" \/>\n<meta name=\"twitter:card\" content=\"summary_large_image\" \/>\n<meta name=\"twitter:label1\" content=\"Availability\" \/>\n\t<meta name=\"twitter:data1\" content=\"In stock\" \/>\n<script type=\"application\/ld+json\" class=\"yoast-schema-graph\">{\"@context\":\"https:\/\/schema.org\",\"@graph\":[{\"@type\":[\"WebPage\",\"ItemPage\"],\"@id\":\"https:\/\/bolting.eu\/en\/shop\/petzl-hirundos\/\",\"url\":\"https:\/\/bolting.eu\/en\/shop\/petzl-hirundos\/\",\"name\":\"Petzl Hirundos - leichter Klettergurt f\u00fcr schwere Routen | bolting.eu\",\"isPartOf\":{\"@id\":\"https:\/\/bolting.eu\/en\/#website\"},\"primaryImageOfPage\":{\"@id\":\"https:\/\/bolting.eu\/en\/shop\/petzl-hirundos\/#primaryimage\"},\"image\":{\"@id\":\"https:\/\/bolting.eu\/en\/shop\/petzl-hirundos\/#primaryimage\"},\"thumbnailUrl\":\"https:\/\/bolting.eu\/wp-content\/uploads\/2022\/12\/Petzl-Hirundos-Klettergurt-4.jpg\",\"datePublished\":\"2022-12-16T11:33:23+00:00\",\"dateModified\":\"2024-11-18T16:23:06+00:00\",\"description\":\"PETZL HIRUNDOS Klettergurt beim Kletter Hardware Profi kaufen \u2705 kostenloser Versand* \u2705 14 Tage R\u00fcckgaberecht \u2705 Co2 neutrale Zustellung\",\"breadcrumb\":{\"@id\":\"https:\/\/bolting.eu\/en\/shop\/petzl-hirundos\/#breadcrumb\"},\"inLanguage\":\"en-US\",\"potentialAction\":[{\"@type\":\"ReadAction\",\"target\":[\"https:\/\/bolting.eu\/en\/shop\/petzl-hirundos\/\"]}]},{\"@type\":\"ImageObject\",\"inLanguage\":\"en-US\",\"@id\":\"https:\/\/bolting.eu\/en\/shop\/petzl-hirundos\/#primaryimage\",\"url\":\"https:\/\/bolting.eu\/wp-content\/uploads\/2022\/12\/Petzl-Hirundos-Klettergurt-4.jpg\",\"contentUrl\":\"https:\/\/bolting.eu\/wp-content\/uploads\/2022\/12\/Petzl-Hirundos-Klettergurt-4.jpg\",\"width\":700,\"height\":700,\"caption\":\"Das Bild zeigt den orange - schwarzen Petzl Hirundos Klettergurt von vorne, aufgespannt vor wei\u00dfem Hintergrund.\"},{\"@type\":\"BreadcrumbList\",\"@id\":\"https:\/\/bolting.eu\/en\/shop\/petzl-hirundos\/#breadcrumb\",\"itemListElement\":[{\"@type\":\"ListItem\",\"position\":1,\"name\":\"Shop\",\"item\":\"https:\/\/bolting.eu\/en\/shop\/\"},{\"@type\":\"ListItem\",\"position\":2,\"name\":\"climbing equipment\",\"item\":\"https:\/\/bolting.eu\/en\/produkt-kategorie\/climbing-equipment\/\"},{\"@type\":\"ListItem\",\"position\":3,\"name\":\"Klettergurte\",\"item\":\"https:\/\/bolting.eu\/produkt-kategorie\/kletterausruestung\/klettergurte\/\"},{\"@type\":\"ListItem\",\"position\":4,\"name\":\"Petzl Hirundos\"}]},{\"@type\":\"WebSite\",\"@id\":\"https:\/\/bolting.eu\/en\/#website\",\"url\":\"https:\/\/bolting.eu\/en\/\",\"name\":\"bolting.eu\",\"description\":\"we make climbs happen\",\"publisher\":{\"@id\":\"https:\/\/bolting.eu\/en\/#organization\"},\"potentialAction\":[{\"@type\":\"SearchAction\",\"target\":{\"@type\":\"EntryPoint\",\"urlTemplate\":\"https:\/\/bolting.eu\/en\/?s={search_term_string}\"},\"query-input\":{\"@type\":\"PropertyValueSpecification\",\"valueRequired\":true,\"valueName\":\"search_term_string\"}}],\"inLanguage\":\"en-US\"},{\"@type\":[\"Organization\",\"Place\",\"SportingGoodsStore\"],\"@id\":\"https:\/\/bolting.eu\/en\/#organization\",\"name\":\"bolting.eu\",\"url\":\"https:\/\/bolting.eu\/en\/\",\"logo\":{\"@id\":\"https:\/\/bolting.eu\/en\/shop\/petzl-hirundos\/#local-main-organization-logo\"},\"image\":{\"@id\":\"https:\/\/bolting.eu\/en\/shop\/petzl-hirundos\/#local-main-organization-logo\"},\"sameAs\":[\"https:\/\/www.facebook.com\/bolting.eu\",\"https:\/\/www.instagram.com\/bolting.eu\/\"],\"address\":{\"@id\":\"https:\/\/bolting.eu\/en\/shop\/petzl-hirundos\/#local-main-place-address\"},\"geo\":{\"@type\":\"GeoCoordinates\",\"latitude\":\"47.264176340396226\",\"longitude\":\"11.380109057672346\"},\"telephone\":[\"+43 699 19083372\"],\"openingHoursSpecification\":[{\"@type\":\"OpeningHoursSpecification\",\"dayOfWeek\":[\"Monday\",\"Wednesday\",\"Friday\"],\"opens\":\"14:00\",\"closes\":\"18:00\"},{\"@type\":\"OpeningHoursSpecification\",\"dayOfWeek\":[\"Tuesday\",\"Thursday\",\"Saturday\",\"Sunday\"],\"opens\":\"00:00\",\"closes\":\"00:00\"}],\"email\":\"office@bolting.eu\",\"vatID\":\"ATU59999728\",\"priceRange\":\"$$\",\"currenciesAccepted\":\"Euro\"},{\"@type\":\"PostalAddress\",\"@id\":\"https:\/\/bolting.eu\/en\/shop\/petzl-hirundos\/#local-main-place-address\",\"streetAddress\":\"Fischnalerstra\u00dfe 4\",\"addressLocality\":\"Innsbruck\",\"postalCode\":\"6020\",\"addressRegion\":\"Tirol\",\"addressCountry\":\"AT\"},{\"@type\":\"ImageObject\",\"inLanguage\":\"en-US\",\"@id\":\"https:\/\/bolting.eu\/en\/shop\/petzl-hirundos\/#local-main-organization-logo\",\"url\":\"https:\/\/bolting.eu\/wp-content\/uploads\/2019\/09\/bolting-logo.png\",\"contentUrl\":\"https:\/\/bolting.eu\/wp-content\/uploads\/2019\/09\/bolting-logo.png\",\"width\":400,\"height\":211,\"caption\":\"bolting.eu\"}]}<\/script>\n<meta property=\"og:video\" content=\"https:\/\/player.vimeo.com\/video\/647253404\" \/>\n<meta property=\"og:video:type\" content=\"text\/html\" \/>\n<meta property=\"og:video:duration\" content=\"96\" \/>\n<meta property=\"og:video:width\" content=\"1920\" \/>\n<meta property=\"og:video:height\" content=\"1080\" \/>\n<meta property=\"ya:ovs:adult\" content=\"false\" \/>\n<meta property=\"ya:ovs:upload_date\" content=\"2022-12-16T11:33:23+00:00\" \/>\n<meta property=\"ya:ovs:allow_embed\" content=\"true\" \/>\n<meta property=\"og:availability\" content=\"instock\" \/>\n<meta property=\"product:availability\" content=\"instock\" \/>\n<meta property=\"product:condition\" content=\"new\" \/>\n<meta name=\"geo.placename\" content=\"Innsbruck\" \/>\n<meta name=\"geo.position\" content=\"47.264176340396226;11.380109057672346\" \/>\n<meta name=\"geo.region\" content=\"Austria\" \/>\n<!-- \/ Yoast SEO Premium plugin. -->","yoast_head_json":{"title":"Petzl Hirundos - leichter Klettergurt f\u00fcr schwere Routen | bolting.eu","description":"PETZL HIRUNDOS Klettergurt beim Kletter Hardware Profi kaufen \u2705 kostenloser Versand* \u2705 14 Tage R\u00fcckgaberecht \u2705 Co2 neutrale Zustellung","robots":{"index":"index","follow":"follow","max-snippet":"max-snippet:-1","max-image-preview":"max-image-preview:large","max-video-preview":"max-video-preview:-1"},"canonical":"https:\/\/bolting.eu\/en\/shop\/petzl-hirundos\/","og_locale":"en_US","og_type":"article","og_title":"Petzl Hirundos","og_description":"PETZL HIRUNDOS Klettergurt beim Kletter Hardware Profi kaufen \u2705 kostenloser Versand* \u2705 14 Tage R\u00fcckgaberecht \u2705 Co2 neutrale Zustellung","og_url":"https:\/\/bolting.eu\/en\/shop\/petzl-hirundos\/","og_site_name":"bolting.eu","article_publisher":"https:\/\/www.facebook.com\/bolting.eu","article_modified_time":"2024-11-18T16:23:06+00:00","og_image":[{"width":700,"height":700,"url":"https:\/\/bolting.eu\/wp-content\/uploads\/2022\/12\/Petzl-Hirundos-Klettergurt-4.jpg","type":"image\/jpeg"}],"twitter_card":"summary_large_image","twitter_misc":{"Availability":"In stock"},"schema":{"@context":"https:\/\/schema.org","@graph":[{"@type":["WebPage","ItemPage"],"@id":"https:\/\/bolting.eu\/en\/shop\/petzl-hirundos\/","url":"https:\/\/bolting.eu\/en\/shop\/petzl-hirundos\/","name":"Petzl Hirundos - leichter Klettergurt f\u00fcr schwere Routen | bolting.eu","isPartOf":{"@id":"https:\/\/bolting.eu\/en\/#website"},"primaryImageOfPage":{"@id":"https:\/\/bolting.eu\/en\/shop\/petzl-hirundos\/#primaryimage"},"image":{"@id":"https:\/\/bolting.eu\/en\/shop\/petzl-hirundos\/#primaryimage"},"thumbnailUrl":"https:\/\/bolting.eu\/wp-content\/uploads\/2022\/12\/Petzl-Hirundos-Klettergurt-4.jpg","datePublished":"2022-12-16T11:33:23+00:00","dateModified":"2024-11-18T16:23:06+00:00","description":"PETZL HIRUNDOS Klettergurt beim Kletter Hardware Profi kaufen \u2705 kostenloser Versand* \u2705 14 Tage R\u00fcckgaberecht \u2705 Co2 neutrale Zustellung","breadcrumb":{"@id":"https:\/\/bolting.eu\/en\/shop\/petzl-hirundos\/#breadcrumb"},"inLanguage":"en-US","potentialAction":[{"@type":"ReadAction","target":["https:\/\/bolting.eu\/en\/shop\/petzl-hirundos\/"]}]},{"@type":"ImageObject","inLanguage":"en-US","@id":"https:\/\/bolting.eu\/en\/shop\/petzl-hirundos\/#primaryimage","url":"https:\/\/bolting.eu\/wp-content\/uploads\/2022\/12\/Petzl-Hirundos-Klettergurt-4.jpg","contentUrl":"https:\/\/bolting.eu\/wp-content\/uploads\/2022\/12\/Petzl-Hirundos-Klettergurt-4.jpg","width":700,"height":700,"caption":"Das Bild zeigt den orange - schwarzen Petzl Hirundos Klettergurt von vorne, aufgespannt vor wei\u00dfem Hintergrund."},{"@type":"BreadcrumbList","@id":"https:\/\/bolting.eu\/en\/shop\/petzl-hirundos\/#breadcrumb","itemListElement":[{"@type":"ListItem","position":1,"name":"Shop","item":"https:\/\/bolting.eu\/en\/shop\/"},{"@type":"ListItem","position":2,"name":"climbing equipment","item":"https:\/\/bolting.eu\/en\/produkt-kategorie\/climbing-equipment\/"},{"@type":"ListItem","position":3,"name":"Klettergurte","item":"https:\/\/bolting.eu\/produkt-kategorie\/kletterausruestung\/klettergurte\/"},{"@type":"ListItem","position":4,"name":"Petzl Hirundos"}]},{"@type":"WebSite","@id":"https:\/\/bolting.eu\/en\/#website","url":"https:\/\/bolting.eu\/en\/","name":"bolting.eu","description":"we make climbs happen","publisher":{"@id":"https:\/\/bolting.eu\/en\/#organization"},"potentialAction":[{"@type":"SearchAction","target":{"@type":"EntryPoint","urlTemplate":"https:\/\/bolting.eu\/en\/?s={search_term_string}"},"query-input":{"@type":"PropertyValueSpecification","valueRequired":true,"valueName":"search_term_string"}}],"inLanguage":"en-US"},{"@type":["Organization","Place","SportingGoodsStore"],"@id":"https:\/\/bolting.eu\/en\/#organization","name":"bolting.eu","url":"https:\/\/bolting.eu\/en\/","logo":{"@id":"https:\/\/bolting.eu\/en\/shop\/petzl-hirundos\/#local-main-organization-logo"},"image":{"@id":"https:\/\/bolting.eu\/en\/shop\/petzl-hirundos\/#local-main-organization-logo"},"sameAs":["https:\/\/www.facebook.com\/bolting.eu","https:\/\/www.instagram.com\/bolting.eu\/"],"address":{"@id":"https:\/\/bolting.eu\/en\/shop\/petzl-hirundos\/#local-main-place-address"},"geo":{"@type":"GeoCoordinates","latitude":"47.264176340396226","longitude":"11.380109057672346"},"telephone":["+43 699 19083372"],"openingHoursSpecification":[{"@type":"OpeningHoursSpecification","dayOfWeek":["Monday","Wednesday","Friday"],"opens":"14:00","closes":"18:00"},{"@type":"OpeningHoursSpecification","dayOfWeek":["Tuesday","Thursday","Saturday","Sunday"],"opens":"00:00","closes":"00:00"}],"email":"office@bolting.eu","vatID":"ATU59999728","priceRange":"$$","currenciesAccepted":"Euro"},{"@type":"PostalAddress","@id":"https:\/\/bolting.eu\/en\/shop\/petzl-hirundos\/#local-main-place-address","streetAddress":"Fischnalerstra\u00dfe 4","addressLocality":"Innsbruck","postalCode":"6020","addressRegion":"Tirol","addressCountry":"AT"},{"@type":"ImageObject","inLanguage":"en-US","@id":"https:\/\/bolting.eu\/en\/shop\/petzl-hirundos\/#local-main-organization-logo","url":"https:\/\/bolting.eu\/wp-content\/uploads\/2019\/09\/bolting-logo.png","contentUrl":"https:\/\/bolting.eu\/wp-content\/uploads\/2019\/09\/bolting-logo.png","width":400,"height":211,"caption":"bolting.eu"}]},"og_video":"https:\/\/player.vimeo.com\/video\/647253404","og_video_type":"text\/html","og_video_duration":"96","og_video_width":"1920","og_video_height":"1080","ya_ovs_adult":"false","ya_ovs_upload_date":"2022-12-16T11:33:23+00:00","ya_ovs_allow_embed":"true","og_availability":"instock","product_availability":"instock","product_condition":"new","geo.placename":"Innsbruck","geo.position":{"lat":"47.264176340396226","long":"11.380109057672346"},"geo.region":"Austria"},"_links":{"self":[{"href":"https:\/\/bolting.eu\/en\/wp-json\/wp\/v2\/product\/14342","targetHints":{"allow":["GET"]}}],"collection":[{"href":"https:\/\/bolting.eu\/en\/wp-json\/wp\/v2\/product"}],"about":[{"href":"https:\/\/bolting.eu\/en\/wp-json\/wp\/v2\/types\/product"}],"replies":[{"embeddable":true,"href":"https:\/\/bolting.eu\/en\/wp-json\/wp\/v2\/comments?post=14342"}],"wp:featuredmedia":[{"embeddable":true,"href":"https:\/\/bolting.eu\/en\/wp-json\/wp\/v2\/media\/14345"}],"wp:attachment":[{"href":"https:\/\/bolting.eu\/en\/wp-json\/wp\/v2\/media?parent=14342"}],"wp:term":[{"taxonomy":"product_brand","embeddable":true,"href":"https:\/\/bolting.eu\/en\/wp-json\/wp\/v2\/product_brand?post=14342"},{"taxonomy":"product_cat","embeddable":true,"href":"https:\/\/bolting.eu\/en\/wp-json\/wp\/v2\/product_cat?post=14342"},{"taxonomy":"product_tag","embeddable":true,"href":"https:\/\/bolting.eu\/en\/wp-json\/wp\/v2\/product_tag?post=14342"}],"curies":[{"name":"wp","href":"https:\/\/api.w.org\/{rel}","templated":true}]}}