{"id":14329,"date":"2022-12-16T11:10:29","date_gmt":"2022-12-16T10:10:29","guid":{"rendered":"https:\/\/bolting.eu\/?post_type=product&#038;p=14329"},"modified":"2026-01-21T10:55:56","modified_gmt":"2026-01-21T09:55:56","slug":"camp-x-dream-eisgeraet","status":"publish","type":"product","link":"https:\/\/bolting.eu\/en\/shop\/camp-x-dream-eisgeraet\/","title":{"rendered":"Camp X-Dream Eisger\u00e4t"},"content":{"rendered":"<p>Das Camp X-Dream ist ein vielseitiges Eisger\u00e4t f\u00fcr steiles Eis und Dry Dooling. Es zeichnet sich vor allen durch die verstellbaren Winkel im Griff aus, sowie den verf\u00fcgbaren Hauen und Griff Aufs\u00e4tzen.<\/p>\n<p>Spitzen Eiskletterer Martin Riegler bringt es auf den Punkt. &#8220;Dieses Modell hat so viele, perfekte Kleinigkeiten, es ist schwer etwas hervor zu heben. F\u00fcr mich ist es die Vielseitigkeit und Overall Performance, die das X-Dream zur 1. Wahl im steilen Gel\u00e4nde macht!&#8221;<\/p>\n<p>Wir finden, dass auch der Preis extrem attraktiv ist. Zudem bietet das verf\u00fcgbare Zubeh\u00f6r bzw. optionalen <a href=\"https:\/\/bolting.eu\/produkt-kategorie\/bergsteiger-ausruestung\/hauen-fuer-eisgeraete\/\">Hauen f\u00fcr Eisger\u00e4te<\/a> tolle Anpassung- und Tuning M\u00f6glichkeiten.<\/p>\n<h2>Eigenschaften Camp X-Dream Eisger\u00e4t.<\/h2>\n<ul>\n<li>Hersteller: <a href=\"https:\/\/bolting.eu\/produkt-kategorie\/camp-cassin\/\">CAMP<\/a><\/li>\n<li>Material: Schaft \u2013 Alu, Kopfteil Stahl, Haue Edelstahl<\/li>\n<li>L\u00e4nge: 50cm<\/li>\n<li>Gewicht: 595 Gramm<\/li>\n<li>Normen: EN 13089<\/li>\n<li><a href=\"https:\/\/bolting.eu\/shop\/camp-x-dream-mixte-pick-mixed-klettern-haue\/\">Mixte Pick Haue<\/a> aus Edelstahl<\/li>\n<li>modularer Kopf mit Hammer- oder Schaufelkopf<\/li>\n<li>f\u00fcr steiles Eis bzw. Dry Tooling<\/li>\n<li>geknickter Schaft<\/li>\n<li>verstellbarer Griff f\u00fcr 48\u00b0 (Eis) oder 60\u00b0 Winkel (Dry Tooling)<\/li>\n<li>Anti-Rutsch Auflage am Schaft<\/li>\n<li>verstellbare Fingerauflage am oberen Schaft<\/li>\n<li>Fingerauflage am unteren Griff austauschbar<\/li>\n<li><a href=\"https:\/\/bolting.eu\/shop\/camp-x-dream-race-pick\/\">Race Pick<\/a> oder <a href=\"https:\/\/bolting.eu\/shop\/camp-x-dream-ice-pick-eis-ersatzhaue\/\">Ice Pick<\/a>\u00a0optional verf\u00fcgbar<\/li>\n<li><a href=\"https:\/\/bolting.eu\/shop\/hammeraufsatz-camp-eisgeraet-x-dream-x-all-mountain\/\">Hammer<\/a> oder <a href=\"https:\/\/bolting.eu\/shop\/schaufelaufsatz-camp-eisgeraete-x-dream-x-all-mountain\/\">Schaufelaufsatz<\/a> optional verf\u00fcgbar<\/li>\n<li>\u00d6se am Schaftende f\u00fcr <a href=\"https:\/\/bolting.eu\/shop\/camp-x-gyro-leash\/\">Camp X-Gyro Leash<\/a><\/li>\n<li>Lieferumfang inkl. 2 Inbusschl\u00fcssel<\/li>\n<li>wird gerne gekauft mit Steigeisen <a href=\"https:\/\/bolting.eu\/shop\/camp-blade-runner-steigeisen\/\">Blade Runner<\/a> oder <a href=\"https:\/\/bolting.eu\/shop\/camp-alpinist-pro-steigeisen\/\">Alpinist Pro<\/a><\/li>\n<li>zum <a href=\"https:\/\/camp.it\/\" target=\"_blank\" rel=\"noopener\">Hersteller<\/a><\/li>\n<\/ul>\n<h3>Produktvideo<\/h3>\n<p>Das folgende Video \u00fcber das Camp X-Dream zeigt viele der smarten Details gut auf. Wie z.B. die Einstellwinkel des Griffes, die verschiedenen Hauen und die Qualit\u00e4t der Fertigung.<\/p>\n<p>Uns gef\u00e4llt auch, dass dieses Modell in Italien gefertigt wird. Denn das hei\u00dft Wertsch\u00f6pfung ins der EU und kurze Transportwege.<\/p>\n<p><iframe loading=\"lazy\" title=\"X-DREAM\" width=\"1020\" height=\"574\" src=\"https:\/\/www.youtube.com\/embed\/js1jHkI3bvY?feature=oembed\" frameborder=\"0\" allow=\"accelerometer; autoplay; clipboard-write; encrypted-media; gyroscope; picture-in-picture; web-share\" referrerpolicy=\"strict-origin-when-cross-origin\" allowfullscreen><\/iframe><\/p>\n<p>&nbsp;<\/p>\n<p>&nbsp;<\/p>\n<h3>Griff Winkel<\/h3>\n<p>Was macht eigentlich der verstellbare Griff Winkel?<\/p>\n<p>Zum einen verleiht er bei 48\u00b0 (Eis) dem X-Dream Eisger\u00e4t eine bessere Aushol &#8211; Schlag Balance. Und zum anderen hat man bei 65\u00b0 (Dry Tooling) eine bessere Kraft Verteilung von Hand-Unterarm f\u00fcr das h\u00e4ufige Hooken und Anblocken.<\/p>\n<figure id=\"attachment_14334\" aria-describedby=\"caption-attachment-14334\" style=\"width: 400px\" class=\"wp-caption alignnone\"><a href=\"https:\/\/bolting.eu\/wp-content\/uploads\/2022\/12\/Camp-X-Dream-Eisgeraet-7.jpg\"><img loading=\"lazy\" decoding=\"async\" class=\"wp-image-14334 size-medium\" src=\"https:\/\/bolting.eu\/wp-content\/uploads\/2022\/12\/Camp-X-Dream-Eisgeraet-7-400x400.jpg\" alt=\"Das Bild zeigt eine Grafik zum Camp Eisger\u00e4t und den Winkeln je nach verstelltem Griff.\" width=\"400\" height=\"400\" srcset=\"https:\/\/bolting.eu\/wp-content\/uploads\/2022\/12\/Camp-X-Dream-Eisgeraet-7-400x400.jpg 400w, https:\/\/bolting.eu\/wp-content\/uploads\/2022\/12\/Camp-X-Dream-Eisgeraet-7-247x247.jpg 247w, https:\/\/bolting.eu\/wp-content\/uploads\/2022\/12\/Camp-X-Dream-Eisgeraet-7-100x100.jpg 100w, https:\/\/bolting.eu\/wp-content\/uploads\/2022\/12\/Camp-X-Dream-Eisgeraet-7-280x280.jpg 280w, https:\/\/bolting.eu\/wp-content\/uploads\/2022\/12\/Camp-X-Dream-Eisgeraet-7-300x300.jpg 300w, https:\/\/bolting.eu\/wp-content\/uploads\/2022\/12\/Camp-X-Dream-Eisgeraet-7.jpg 500w\" sizes=\"auto, (max-width: 400px) 100vw, 400px\" \/><\/a><figcaption id=\"caption-attachment-14334\" class=\"wp-caption-text\">Der verstellbare Griff sorgt f\u00fcr unterschiedliche Winkel bei der Haue bzw. im Handgelenk. So passt sich das Eisger\u00e4t ideal der Kletterdisziplin an.<\/figcaption><\/figure>\n<h3>Griff Tuning M\u00f6glichkeiten<\/h3>\n<p>Beim Camp X-Dream hat man die M\u00f6glichkeit, am unteren Griff spezielle Aufs\u00e4tze einzustecken. Diese erm\u00f6glichen Kletterern, je nach Handgr\u00f6\u00dfe bzw. Vorliebe, eine &#8220;Unterteilung&#8221; des Griffes.<\/p>\n<p>Denn oberhalb kann man den Zeigefinger drauf legen, was f\u00fcr einen besseren Halt sorgen kann. Den Einsatz f\u00fcr diese &#8220;Unterteilung&#8221; gibt es in zwei Gr\u00f6\u00dfen. Somit wird Camp unterschiedlichen Handgr\u00f6\u00dfen gerecht.<\/p>\n<p>Abschlie\u00dfend ist die obere Fingerauflage entlang des Schafts verstellbar. Das bringt beim Wechseln der H\u00e4nde ebenfalls Vorteile.<\/p>\n<figure id=\"attachment_14337\" aria-describedby=\"caption-attachment-14337\" style=\"width: 400px\" class=\"wp-caption alignnone\"><a href=\"https:\/\/bolting.eu\/wp-content\/uploads\/2022\/12\/Camp-X-Dream-Eisgeraet-4.jpg\"><img loading=\"lazy\" decoding=\"async\" class=\"wp-image-14337 size-medium\" src=\"https:\/\/bolting.eu\/wp-content\/uploads\/2022\/12\/Camp-X-Dream-Eisgeraet-4-400x400.jpg\" alt=\"Das Bild zeigt das Camp X-Dream Eisger\u00e4t mit allen verf\u00fcgbaren Hauen f\u00fcr das Eisger\u00e4t und Aufs\u00e4tzen.\" width=\"400\" height=\"400\" srcset=\"https:\/\/bolting.eu\/wp-content\/uploads\/2022\/12\/Camp-X-Dream-Eisgeraet-4-400x400.jpg 400w, https:\/\/bolting.eu\/wp-content\/uploads\/2022\/12\/Camp-X-Dream-Eisgeraet-4-247x247.jpg 247w, https:\/\/bolting.eu\/wp-content\/uploads\/2022\/12\/Camp-X-Dream-Eisgeraet-4-100x100.jpg 100w, https:\/\/bolting.eu\/wp-content\/uploads\/2022\/12\/Camp-X-Dream-Eisgeraet-4-510x510.jpg 510w, https:\/\/bolting.eu\/wp-content\/uploads\/2022\/12\/Camp-X-Dream-Eisgeraet-4-280x280.jpg 280w, https:\/\/bolting.eu\/wp-content\/uploads\/2022\/12\/Camp-X-Dream-Eisgeraet-4-300x300.jpg 300w, https:\/\/bolting.eu\/wp-content\/uploads\/2022\/12\/Camp-X-Dream-Eisgeraet-4-600x600.jpg 600w, https:\/\/bolting.eu\/wp-content\/uploads\/2022\/12\/Camp-X-Dream-Eisgeraet-4.jpg 700w\" sizes=\"auto, (max-width: 400px) 100vw, 400px\" \/><\/a><figcaption id=\"caption-attachment-14337\" class=\"wp-caption-text\">Bei diesem Modell stehen euch viele Tuning M\u00f6glichkeiten bzw. optionales Zubeh\u00f6r zur Verf\u00fcgung.<\/figcaption><\/figure>\n<h4><strong>Pflege Tipp Camp X-Dream<\/strong><\/h4>\n<p>Dieses Produkt besteht aus Metall. Somit ist es &#8211; wie <a href=\"https:\/\/bolting.eu\/produkt-kategorie\/bergsteiger-ausruestung\/steigeisen\/\">Steigeisen<\/a> oder <a href=\"https:\/\/bolting.eu\/produkt-kategorie\/bergsteiger-ausruestung\/eisschrauben\/\">Eisschrauben<\/a> &#8211; nat\u00fcrlicher Korrosion ausgesetzt.<\/p>\n<p>Diese setzt umso schneller ein, je feuchter und k\u00e4lter die Ausr\u00fcstung gelagert wird. Daher beachtet.<\/p>\n<p>Eiskletterausr\u00fcstung nach der Verwendung immer gut trocknen. Zudem m\u00fcsst ihr sie dann an einem trockenen Ort, an besten bei Zimmertemperatur lagern.<\/p>\n","protected":false},"excerpt":{"rendered":"<p>Universelles Eisger\u00e4t f\u00fcr steiles Eis und Dry Tooling mit vielen optionalen Ausstattungsm\u00f6glichkeiten.<\/p>\n<p>Ein geknickter Schaft mit verstellbaren Griff und viele smarte Features zeichnen dieses Model aus. Mehrere Hauen und Aufs\u00e4tze optional verf\u00fcgbar.<\/p>\n<p>Versandkostenfrei bis 2kg in <img decoding=\"async\" class=\"emoji\" role=\"img\" draggable=\"false\" src=\"https:\/\/s.w.org\/images\/core\/emoji\/13.1.0\/svg\/1f1e6-1f1f9.svg\" alt=\"\ud83c\udde6\ud83c\uddf9\" \/> ab \u20ac 100,- und <img decoding=\"async\" class=\"emoji\" role=\"img\" draggable=\"false\" src=\"https:\/\/s.w.org\/images\/core\/emoji\/13.1.0\/svg\/1f1e9-1f1ea.svg\" alt=\"\ud83c\udde9\ud83c\uddea\" \/> ab \u20ac 200,-!<\/p>\n","protected":false},"featured_media":14340,"comment_status":"closed","ping_status":"closed","template":"","meta":[],"product_brand":[],"product_cat":[4653,13938,14282,14319],"product_tag":[],"class_list":{"0":"post-14329","1":"product","2":"type-product","3":"status-publish","4":"has-post-thumbnail","6":"product_cat-camp-cassin","7":"product_cat-bergsteiger-ausruestung","8":"product_cat-eisgeraete","9":"product_cat-sale-klettern","11":"first","12":"outofstock","13":"sale","14":"taxable","15":"shipping-taxable","16":"purchasable","17":"product-type-simple"},"yoast_head":"<!-- This site is optimized with the Yoast SEO Premium plugin v26.9 (Yoast SEO v26.9) - https:\/\/yoast.com\/product\/yoast-seo-premium-wordpress\/ -->\n<title>Camp X-Dream Eisger\u00e4t f\u00fcr steiles Eisklettern und Dry Tooling | bolting.eu<\/title>\n<meta name=\"description\" content=\"Camp X-Dream Eisger\u00e4t beim Kletter Hardwareprofi kaufen! \u2705 kostenloser Versand \u2705 14 Tage R\u00fcckgaberecht \u2705 Co2 neutraler Versand\" \/>\n<meta name=\"robots\" content=\"index, follow, max-snippet:-1, max-image-preview:large, max-video-preview:-1\" \/>\n<link rel=\"canonical\" href=\"https:\/\/bolting.eu\/en\/shop\/camp-x-dream-eisgeraet\/\" \/>\n<meta property=\"og:locale\" content=\"en_US\" \/>\n<meta property=\"og:type\" content=\"article\" \/>\n<meta property=\"og:title\" content=\"Camp X-Dream Eisger\u00e4t\" \/>\n<meta property=\"og:description\" content=\"Camp X-Dream Eisger\u00e4t beim Kletter Hardwareprofi kaufen! \u2705 kostenloser Versand \u2705 14 Tage R\u00fcckgaberecht \u2705 Co2 neutraler Versand\" \/>\n<meta property=\"og:url\" content=\"https:\/\/bolting.eu\/en\/shop\/camp-x-dream-eisgeraet\/\" \/>\n<meta property=\"og:site_name\" content=\"bolting.eu\" \/>\n<meta property=\"article:publisher\" content=\"https:\/\/www.facebook.com\/bolting.eu\" \/>\n<meta property=\"article:modified_time\" content=\"2026-01-21T09:55:56+00:00\" \/>\n<meta property=\"og:image\" content=\"https:\/\/bolting.eu\/wp-content\/uploads\/2022\/12\/Camp-X-Dream-Eisgeraet-1.jpg\" \/>\n\t<meta property=\"og:image:width\" content=\"700\" \/>\n\t<meta property=\"og:image:height\" content=\"700\" \/>\n\t<meta property=\"og:image:type\" content=\"image\/jpeg\" \/>\n<meta name=\"twitter:card\" content=\"summary_large_image\" \/>\n<meta name=\"twitter:label1\" content=\"Price\" \/>\n\t<meta name=\"twitter:data1\" content=\"&euro;&nbsp;160,00\" \/>\n\t<meta name=\"twitter:label2\" content=\"Availability\" \/>\n\t<meta name=\"twitter:data2\" content=\"Out of stock\" \/>\n<script type=\"application\/ld+json\" class=\"yoast-schema-graph\">{\"@context\":\"https:\/\/schema.org\",\"@graph\":[{\"@type\":[\"WebPage\",\"ItemPage\"],\"@id\":\"https:\/\/bolting.eu\/en\/shop\/camp-x-dream-eisgeraet\/\",\"url\":\"https:\/\/bolting.eu\/en\/shop\/camp-x-dream-eisgeraet\/\",\"name\":\"Camp X-Dream Eisger\u00e4t f\u00fcr steiles Eisklettern und Dry Tooling | bolting.eu\",\"isPartOf\":{\"@id\":\"https:\/\/bolting.eu\/en\/#website\"},\"primaryImageOfPage\":{\"@id\":\"https:\/\/bolting.eu\/en\/shop\/camp-x-dream-eisgeraet\/#primaryimage\"},\"image\":{\"@id\":\"https:\/\/bolting.eu\/en\/shop\/camp-x-dream-eisgeraet\/#primaryimage\"},\"thumbnailUrl\":\"https:\/\/bolting.eu\/wp-content\/uploads\/2022\/12\/Camp-X-Dream-Eisgeraet-1.jpg\",\"datePublished\":\"2022-12-16T10:10:29+00:00\",\"dateModified\":\"2026-01-21T09:55:56+00:00\",\"description\":\"Camp X-Dream Eisger\u00e4t beim Kletter Hardwareprofi kaufen! \u2705 kostenloser Versand \u2705 14 Tage R\u00fcckgaberecht \u2705 Co2 neutraler Versand\",\"breadcrumb\":{\"@id\":\"https:\/\/bolting.eu\/en\/shop\/camp-x-dream-eisgeraet\/#breadcrumb\"},\"inLanguage\":\"en-US\",\"potentialAction\":[{\"@type\":\"ReadAction\",\"target\":[\"https:\/\/bolting.eu\/en\/shop\/camp-x-dream-eisgeraet\/\"]}]},{\"@type\":\"ImageObject\",\"inLanguage\":\"en-US\",\"@id\":\"https:\/\/bolting.eu\/en\/shop\/camp-x-dream-eisgeraet\/#primaryimage\",\"url\":\"https:\/\/bolting.eu\/wp-content\/uploads\/2022\/12\/Camp-X-Dream-Eisgeraet-1.jpg\",\"contentUrl\":\"https:\/\/bolting.eu\/wp-content\/uploads\/2022\/12\/Camp-X-Dream-Eisgeraet-1.jpg\",\"width\":700,\"height\":700,\"caption\":\"Das Bild zeigt das orange schwarze Camp X-Dream Eisger\u00e4t aufrecht stehend mit der Haue nach rechts.\"},{\"@type\":\"BreadcrumbList\",\"@id\":\"https:\/\/bolting.eu\/en\/shop\/camp-x-dream-eisgeraet\/#breadcrumb\",\"itemListElement\":[{\"@type\":\"ListItem\",\"position\":1,\"name\":\"Shop\",\"item\":\"https:\/\/bolting.eu\/en\/shop\/\"},{\"@type\":\"ListItem\",\"position\":2,\"name\":\"Bergsteiger Ausr\u00fcstung\",\"item\":\"https:\/\/bolting.eu\/produkt-kategorie\/bergsteiger-ausruestung\/\"},{\"@type\":\"ListItem\",\"position\":3,\"name\":\"Eisger\u00e4te\",\"item\":\"https:\/\/bolting.eu\/produkt-kategorie\/bergsteiger-ausruestung\/eisgeraete\/\"},{\"@type\":\"ListItem\",\"position\":4,\"name\":\"Camp X-Dream Eisger\u00e4t\"}]},{\"@type\":\"WebSite\",\"@id\":\"https:\/\/bolting.eu\/en\/#website\",\"url\":\"https:\/\/bolting.eu\/en\/\",\"name\":\"bolting.eu\",\"description\":\"we make climbs happen\",\"publisher\":{\"@id\":\"https:\/\/bolting.eu\/en\/#organization\"},\"potentialAction\":[{\"@type\":\"SearchAction\",\"target\":{\"@type\":\"EntryPoint\",\"urlTemplate\":\"https:\/\/bolting.eu\/en\/?s={search_term_string}\"},\"query-input\":{\"@type\":\"PropertyValueSpecification\",\"valueRequired\":true,\"valueName\":\"search_term_string\"}}],\"inLanguage\":\"en-US\"},{\"@type\":[\"Organization\",\"Place\",\"SportingGoodsStore\"],\"@id\":\"https:\/\/bolting.eu\/en\/#organization\",\"name\":\"bolting.eu\",\"url\":\"https:\/\/bolting.eu\/en\/\",\"logo\":{\"@id\":\"https:\/\/bolting.eu\/en\/shop\/camp-x-dream-eisgeraet\/#local-main-organization-logo\"},\"image\":{\"@id\":\"https:\/\/bolting.eu\/en\/shop\/camp-x-dream-eisgeraet\/#local-main-organization-logo\"},\"sameAs\":[\"https:\/\/www.facebook.com\/bolting.eu\",\"https:\/\/www.instagram.com\/bolting.eu\/\"],\"address\":{\"@id\":\"https:\/\/bolting.eu\/en\/shop\/camp-x-dream-eisgeraet\/#local-main-place-address\"},\"geo\":{\"@type\":\"GeoCoordinates\",\"latitude\":\"47.264176340396226\",\"longitude\":\"11.380109057672346\"},\"telephone\":[\"+43 699 19083372\"],\"openingHoursSpecification\":[{\"@type\":\"OpeningHoursSpecification\",\"dayOfWeek\":[\"Monday\",\"Wednesday\",\"Friday\"],\"opens\":\"14:00\",\"closes\":\"18:00\"},{\"@type\":\"OpeningHoursSpecification\",\"dayOfWeek\":[\"Tuesday\",\"Thursday\",\"Saturday\",\"Sunday\"],\"opens\":\"00:00\",\"closes\":\"00:00\"}],\"email\":\"office@bolting.eu\",\"vatID\":\"ATU59999728\",\"priceRange\":\"$$\",\"currenciesAccepted\":\"Euro\"},{\"@type\":\"PostalAddress\",\"@id\":\"https:\/\/bolting.eu\/en\/shop\/camp-x-dream-eisgeraet\/#local-main-place-address\",\"streetAddress\":\"Fischnalerstra\u00dfe 4\",\"addressLocality\":\"Innsbruck\",\"postalCode\":\"6020\",\"addressRegion\":\"Tirol\",\"addressCountry\":\"AT\"},{\"@type\":\"ImageObject\",\"inLanguage\":\"en-US\",\"@id\":\"https:\/\/bolting.eu\/en\/shop\/camp-x-dream-eisgeraet\/#local-main-organization-logo\",\"url\":\"https:\/\/bolting.eu\/wp-content\/uploads\/2019\/09\/bolting-logo.png\",\"contentUrl\":\"https:\/\/bolting.eu\/wp-content\/uploads\/2019\/09\/bolting-logo.png\",\"width\":400,\"height\":211,\"caption\":\"bolting.eu\"}]}<\/script>\n<meta property=\"og:video\" content=\"https:\/\/www.youtube.com\/embed\/js1jHkI3bvY\" \/>\n<meta property=\"og:video:type\" content=\"text\/html\" \/>\n<meta property=\"og:video:duration\" content=\"180\" \/>\n<meta property=\"og:video:width\" content=\"480\" \/>\n<meta property=\"og:video:height\" content=\"270\" \/>\n<meta property=\"ya:ovs:adult\" content=\"false\" \/>\n<meta property=\"ya:ovs:upload_date\" content=\"2022-12-16T10:10:29+00:00\" \/>\n<meta property=\"ya:ovs:allow_embed\" content=\"true\" \/>\n<meta property=\"product:price:amount\" content=\"160.00\" \/>\n<meta property=\"product:price:currency\" content=\"EUR\" \/>\n<meta property=\"og:availability\" content=\"out of stock\" \/>\n<meta property=\"product:availability\" content=\"out of stock\" \/>\n<meta property=\"product:retailer_item_id\" content=\"2864C\" \/>\n<meta property=\"product:condition\" content=\"new\" \/>\n<meta name=\"geo.placename\" content=\"Innsbruck\" \/>\n<meta name=\"geo.position\" content=\"47.264176340396226;11.380109057672346\" \/>\n<meta name=\"geo.region\" content=\"Austria\" \/>\n<!-- \/ Yoast SEO Premium plugin. -->","yoast_head_json":{"title":"Camp X-Dream Eisger\u00e4t f\u00fcr steiles Eisklettern und Dry Tooling | bolting.eu","description":"Camp X-Dream Eisger\u00e4t beim Kletter Hardwareprofi kaufen! \u2705 kostenloser Versand \u2705 14 Tage R\u00fcckgaberecht \u2705 Co2 neutraler Versand","robots":{"index":"index","follow":"follow","max-snippet":"max-snippet:-1","max-image-preview":"max-image-preview:large","max-video-preview":"max-video-preview:-1"},"canonical":"https:\/\/bolting.eu\/en\/shop\/camp-x-dream-eisgeraet\/","og_locale":"en_US","og_type":"article","og_title":"Camp X-Dream Eisger\u00e4t","og_description":"Camp X-Dream Eisger\u00e4t beim Kletter Hardwareprofi kaufen! \u2705 kostenloser Versand \u2705 14 Tage R\u00fcckgaberecht \u2705 Co2 neutraler Versand","og_url":"https:\/\/bolting.eu\/en\/shop\/camp-x-dream-eisgeraet\/","og_site_name":"bolting.eu","article_publisher":"https:\/\/www.facebook.com\/bolting.eu","article_modified_time":"2026-01-21T09:55:56+00:00","og_image":[{"width":700,"height":700,"url":"https:\/\/bolting.eu\/wp-content\/uploads\/2022\/12\/Camp-X-Dream-Eisgeraet-1.jpg","type":"image\/jpeg"}],"twitter_card":"summary_large_image","twitter_misc":{"Price":"&euro;&nbsp;160,00","Availability":"Out of stock"},"schema":{"@context":"https:\/\/schema.org","@graph":[{"@type":["WebPage","ItemPage"],"@id":"https:\/\/bolting.eu\/en\/shop\/camp-x-dream-eisgeraet\/","url":"https:\/\/bolting.eu\/en\/shop\/camp-x-dream-eisgeraet\/","name":"Camp X-Dream Eisger\u00e4t f\u00fcr steiles Eisklettern und Dry Tooling | bolting.eu","isPartOf":{"@id":"https:\/\/bolting.eu\/en\/#website"},"primaryImageOfPage":{"@id":"https:\/\/bolting.eu\/en\/shop\/camp-x-dream-eisgeraet\/#primaryimage"},"image":{"@id":"https:\/\/bolting.eu\/en\/shop\/camp-x-dream-eisgeraet\/#primaryimage"},"thumbnailUrl":"https:\/\/bolting.eu\/wp-content\/uploads\/2022\/12\/Camp-X-Dream-Eisgeraet-1.jpg","datePublished":"2022-12-16T10:10:29+00:00","dateModified":"2026-01-21T09:55:56+00:00","description":"Camp X-Dream Eisger\u00e4t beim Kletter Hardwareprofi kaufen! \u2705 kostenloser Versand \u2705 14 Tage R\u00fcckgaberecht \u2705 Co2 neutraler Versand","breadcrumb":{"@id":"https:\/\/bolting.eu\/en\/shop\/camp-x-dream-eisgeraet\/#breadcrumb"},"inLanguage":"en-US","potentialAction":[{"@type":"ReadAction","target":["https:\/\/bolting.eu\/en\/shop\/camp-x-dream-eisgeraet\/"]}]},{"@type":"ImageObject","inLanguage":"en-US","@id":"https:\/\/bolting.eu\/en\/shop\/camp-x-dream-eisgeraet\/#primaryimage","url":"https:\/\/bolting.eu\/wp-content\/uploads\/2022\/12\/Camp-X-Dream-Eisgeraet-1.jpg","contentUrl":"https:\/\/bolting.eu\/wp-content\/uploads\/2022\/12\/Camp-X-Dream-Eisgeraet-1.jpg","width":700,"height":700,"caption":"Das Bild zeigt das orange schwarze Camp X-Dream Eisger\u00e4t aufrecht stehend mit der Haue nach rechts."},{"@type":"BreadcrumbList","@id":"https:\/\/bolting.eu\/en\/shop\/camp-x-dream-eisgeraet\/#breadcrumb","itemListElement":[{"@type":"ListItem","position":1,"name":"Shop","item":"https:\/\/bolting.eu\/en\/shop\/"},{"@type":"ListItem","position":2,"name":"Bergsteiger Ausr\u00fcstung","item":"https:\/\/bolting.eu\/produkt-kategorie\/bergsteiger-ausruestung\/"},{"@type":"ListItem","position":3,"name":"Eisger\u00e4te","item":"https:\/\/bolting.eu\/produkt-kategorie\/bergsteiger-ausruestung\/eisgeraete\/"},{"@type":"ListItem","position":4,"name":"Camp X-Dream Eisger\u00e4t"}]},{"@type":"WebSite","@id":"https:\/\/bolting.eu\/en\/#website","url":"https:\/\/bolting.eu\/en\/","name":"bolting.eu","description":"we make climbs happen","publisher":{"@id":"https:\/\/bolting.eu\/en\/#organization"},"potentialAction":[{"@type":"SearchAction","target":{"@type":"EntryPoint","urlTemplate":"https:\/\/bolting.eu\/en\/?s={search_term_string}"},"query-input":{"@type":"PropertyValueSpecification","valueRequired":true,"valueName":"search_term_string"}}],"inLanguage":"en-US"},{"@type":["Organization","Place","SportingGoodsStore"],"@id":"https:\/\/bolting.eu\/en\/#organization","name":"bolting.eu","url":"https:\/\/bolting.eu\/en\/","logo":{"@id":"https:\/\/bolting.eu\/en\/shop\/camp-x-dream-eisgeraet\/#local-main-organization-logo"},"image":{"@id":"https:\/\/bolting.eu\/en\/shop\/camp-x-dream-eisgeraet\/#local-main-organization-logo"},"sameAs":["https:\/\/www.facebook.com\/bolting.eu","https:\/\/www.instagram.com\/bolting.eu\/"],"address":{"@id":"https:\/\/bolting.eu\/en\/shop\/camp-x-dream-eisgeraet\/#local-main-place-address"},"geo":{"@type":"GeoCoordinates","latitude":"47.264176340396226","longitude":"11.380109057672346"},"telephone":["+43 699 19083372"],"openingHoursSpecification":[{"@type":"OpeningHoursSpecification","dayOfWeek":["Monday","Wednesday","Friday"],"opens":"14:00","closes":"18:00"},{"@type":"OpeningHoursSpecification","dayOfWeek":["Tuesday","Thursday","Saturday","Sunday"],"opens":"00:00","closes":"00:00"}],"email":"office@bolting.eu","vatID":"ATU59999728","priceRange":"$$","currenciesAccepted":"Euro"},{"@type":"PostalAddress","@id":"https:\/\/bolting.eu\/en\/shop\/camp-x-dream-eisgeraet\/#local-main-place-address","streetAddress":"Fischnalerstra\u00dfe 4","addressLocality":"Innsbruck","postalCode":"6020","addressRegion":"Tirol","addressCountry":"AT"},{"@type":"ImageObject","inLanguage":"en-US","@id":"https:\/\/bolting.eu\/en\/shop\/camp-x-dream-eisgeraet\/#local-main-organization-logo","url":"https:\/\/bolting.eu\/wp-content\/uploads\/2019\/09\/bolting-logo.png","contentUrl":"https:\/\/bolting.eu\/wp-content\/uploads\/2019\/09\/bolting-logo.png","width":400,"height":211,"caption":"bolting.eu"}]},"og_video":"https:\/\/www.youtube.com\/embed\/js1jHkI3bvY","og_video_type":"text\/html","og_video_duration":"180","og_video_width":"480","og_video_height":"270","ya_ovs_adult":"false","ya_ovs_upload_date":"2022-12-16T10:10:29+00:00","ya_ovs_allow_embed":"true","product_price_amount":"160.00","product_price_currency":"EUR","og_availability":"out of stock","product_availability":"out of stock","product_retailer_item_id":"2864C","product_condition":"new","geo.placename":"Innsbruck","geo.position":{"lat":"47.264176340396226","long":"11.380109057672346"},"geo.region":"Austria"},"_links":{"self":[{"href":"https:\/\/bolting.eu\/en\/wp-json\/wp\/v2\/product\/14329","targetHints":{"allow":["GET"]}}],"collection":[{"href":"https:\/\/bolting.eu\/en\/wp-json\/wp\/v2\/product"}],"about":[{"href":"https:\/\/bolting.eu\/en\/wp-json\/wp\/v2\/types\/product"}],"replies":[{"embeddable":true,"href":"https:\/\/bolting.eu\/en\/wp-json\/wp\/v2\/comments?post=14329"}],"wp:featuredmedia":[{"embeddable":true,"href":"https:\/\/bolting.eu\/en\/wp-json\/wp\/v2\/media\/14340"}],"wp:attachment":[{"href":"https:\/\/bolting.eu\/en\/wp-json\/wp\/v2\/media?parent=14329"}],"wp:term":[{"taxonomy":"product_brand","embeddable":true,"href":"https:\/\/bolting.eu\/en\/wp-json\/wp\/v2\/product_brand?post=14329"},{"taxonomy":"product_cat","embeddable":true,"href":"https:\/\/bolting.eu\/en\/wp-json\/wp\/v2\/product_cat?post=14329"},{"taxonomy":"product_tag","embeddable":true,"href":"https:\/\/bolting.eu\/en\/wp-json\/wp\/v2\/product_tag?post=14329"}],"curies":[{"name":"wp","href":"https:\/\/api.w.org\/{rel}","templated":true}]}}