{"id":14322,"date":"2022-12-15T14:32:21","date_gmt":"2022-12-15T13:32:21","guid":{"rendered":"https:\/\/bolting.eu\/?post_type=product&#038;p=14322"},"modified":"2025-03-05T17:43:06","modified_gmt":"2025-03-05T16:43:06","slug":"camp-alpinist-pro-steigeisen","status":"publish","type":"product","link":"https:\/\/bolting.eu\/en\/shop\/camp-alpinist-pro-steigeisen\/","title":{"rendered":"Camp Alpinist Pro Steigeisen"},"content":{"rendered":"<p>Das Camp Alpinist Pro Steigeisen ist ein Universal Modell mit vertikalen Fronthauen. D.h. es kann sowohl beim <a href=\"https:\/\/bolting.eu\/eisklettern\/\">Eisklettern<\/a> und Mixed Routen, als auch bei Expeditionen oder Nordw\u00e4nden verwendet werden.<\/p>\n<p>Wie das weitere Top Modell &#8220;<a href=\"https:\/\/bolting.eu\/shop\/camp-blade-runner-steigeisen\/\">Blade Runner<\/a>&#8221; zeichnet sich dieses Modell durch den idealen Fit auf modernen Bergschuhen aus. Oder besser ausgedr\u00fcckt. Die leicht asymmetrische Form ist ideal f\u00fcr die modernen, &#8220;gebogenen&#8221; Schuhe. Zudem hat das Alpinist Pro ebenso den &#8220;Knick&#8221; im Fersenteil f\u00fcr eine perfekte Passform am hinteren Absatz.<\/p>\n<p>Ein verstellbarer Steg mit kleinsten Unterteilungen (1\/2 EU Gr\u00f6\u00dfen) und fix montierte Antistollen Platten runden das Produkt hochwertig ab. Im Lieferumfang sind sowohl die Automatic Bindung (vorinstalliert) bzw. Semi-Automatic Bindung (liegt dem Karton bei) inkludiert.<\/p>\n<p>Kurzum. Wieder einmal ein Top Steigeisen von Camp!<\/p>\n<h2>Eigenschaften Camp Alpinist Pro<\/h2>\n<ul>\n<li>Hersteller: <a href=\"https:\/\/bolting.eu\/produkt-kategorie\/camp-cassin\/\">CAMP<\/a><\/li>\n<li>Modellgeneration: 20\/21er Modell<\/li>\n<li>Material: Chrom Stahl, Polyurethane, Polyamid;<\/li>\n<li>Gewicht: 960 Gramm (inkl. Anti-Stollenplatte)<\/li>\n<li><strong>Gr\u00f6\u00dfe: EU 36-48;\u00a0<\/strong><\/li>\n<li>ideal f\u00fcr moderne Bergschuhe<\/li>\n<li>Zacken: 12<\/li>\n<li>2 fixe, vertikale Front Zacken<\/li>\n<li><strong>Kipphebel Bindung (Automatic) vormontiert<\/strong><\/li>\n<li>Semi-Automatic Bindung (K\u00f6rbchen Zehenb\u00fcgel 2453C) im Lieferumfang<\/li>\n<li>Kipphebel hat drei Gr\u00f6\u00dfen-Einstellungen!<\/li>\n<li>sehr leicht l\u00e4ngenverstellbar (halbe EU Gr\u00f6\u00dfen!)<\/li>\n<li>Kipphebel sehr leicht einzustellen<\/li>\n<li>inkl. Antistollen Platte vormontiert<\/li>\n<li><a href=\"https:\/\/bolting.eu\/shop\/camp-steigeisentasche\/\">Camp Steigeisentasche<\/a> im Lieferumfang<\/li>\n<\/ul>\n<h3>Frontzacken in T-Form<\/h3>\n<p>Schaut euch mal die Frontzacken des Alpinist Pro Steigeisen genauer an. F\u00e4llt euch was auf?<\/p>\n<p>Genau, sie haben oben ein kleines &#8220;Dach&#8221;, sind also &#8220;T-f\u00f6rmig&#8221;. Das ist mit Absicht so gemacht. Denn dies erm\u00f6glicht bei schneeigen bzw. Firn Verh\u00e4ltnissen ein stabileres Stehen, ohne dabei den perfekten Halt beim Eisklettern zu kompromittieren.<\/p>\n<p>Nur eines der vielen kleinen Details, die hier einfach stimmen!<\/p>\n<figure id=\"attachment_14327\" aria-describedby=\"caption-attachment-14327\" style=\"width: 400px\" class=\"wp-caption alignnone\"><a href=\"https:\/\/bolting.eu\/wp-content\/uploads\/2022\/12\/Camp-Alpinist-Pro-Steigeisen-2.jpg\"><img loading=\"lazy\" decoding=\"async\" class=\"wp-image-14327 size-medium\" src=\"https:\/\/bolting.eu\/wp-content\/uploads\/2022\/12\/Camp-Alpinist-Pro-Steigeisen-2-400x400.jpg\" alt=\"Das Bild zeigt die orangen Frontzacken eines Steigeisens von Camp.\" width=\"400\" height=\"400\" srcset=\"https:\/\/bolting.eu\/wp-content\/uploads\/2022\/12\/Camp-Alpinist-Pro-Steigeisen-2-400x400.jpg 400w, https:\/\/bolting.eu\/wp-content\/uploads\/2022\/12\/Camp-Alpinist-Pro-Steigeisen-2-247x247.jpg 247w, https:\/\/bolting.eu\/wp-content\/uploads\/2022\/12\/Camp-Alpinist-Pro-Steigeisen-2-100x100.jpg 100w, https:\/\/bolting.eu\/wp-content\/uploads\/2022\/12\/Camp-Alpinist-Pro-Steigeisen-2-510x510.jpg 510w, https:\/\/bolting.eu\/wp-content\/uploads\/2022\/12\/Camp-Alpinist-Pro-Steigeisen-2-280x280.jpg 280w, https:\/\/bolting.eu\/wp-content\/uploads\/2022\/12\/Camp-Alpinist-Pro-Steigeisen-2-300x300.jpg 300w, https:\/\/bolting.eu\/wp-content\/uploads\/2022\/12\/Camp-Alpinist-Pro-Steigeisen-2-600x600.jpg 600w, https:\/\/bolting.eu\/wp-content\/uploads\/2022\/12\/Camp-Alpinist-Pro-Steigeisen-2.jpg 700w\" sizes=\"auto, (max-width: 400px) 100vw, 400px\" \/><\/a><figcaption id=\"caption-attachment-14327\" class=\"wp-caption-text\">Die T-f\u00f6rmigen Frontzacken sind ideal f\u00fcr schneeige bzw. Firn Verh\u00e4ltnisse. Sie sorgen f\u00fcr stabile Auflage und sichere Balance.<\/figcaption><\/figure>\n<h3>Knick im Fersenteil<\/h3>\n<p>Das Camp Alpinist Pro Steigeisen hat gegen\u00fcber anderen Marken eine weitere Besonderheit. Einen <strong>\u201eKnick\u201c im Fersenteil<\/strong>.<\/p>\n<p>Somit passt sich die Form ideal dem Absatz eines jeden Bergschuhes an. Alpinisten beschreiben die \u201eFestigkeit\u201c dieser \u201eCramponi\u201c daher oft als \u201eanhaftend\u201c oder als \u201ewie angegossen\u201c.<\/p>\n<p>Denkt euch selber einfach mal das Prinzip durch. Es macht einfach Sinn, wenn das Fersenteil sich durch den Knick dem Schuhabsatz anpasst. Der bessere Halt ist somit voll nachvollziehbar.<\/p>\n<figure id=\"attachment_14326\" aria-describedby=\"caption-attachment-14326\" style=\"width: 400px\" class=\"wp-caption alignnone\"><a href=\"https:\/\/bolting.eu\/wp-content\/uploads\/2022\/12\/Camp-Alpinist-Pro-Steigeisen-3.jpg\"><img loading=\"lazy\" decoding=\"async\" class=\"wp-image-14326 size-medium\" src=\"https:\/\/bolting.eu\/wp-content\/uploads\/2022\/12\/Camp-Alpinist-Pro-Steigeisen-3-400x400.jpg\" alt=\"Das Bild zeigt ein Fersenteil eines Steigeisens mit Knick.\" width=\"400\" height=\"400\" srcset=\"https:\/\/bolting.eu\/wp-content\/uploads\/2022\/12\/Camp-Alpinist-Pro-Steigeisen-3-400x400.jpg 400w, https:\/\/bolting.eu\/wp-content\/uploads\/2022\/12\/Camp-Alpinist-Pro-Steigeisen-3-247x247.jpg 247w, https:\/\/bolting.eu\/wp-content\/uploads\/2022\/12\/Camp-Alpinist-Pro-Steigeisen-3-100x100.jpg 100w, https:\/\/bolting.eu\/wp-content\/uploads\/2022\/12\/Camp-Alpinist-Pro-Steigeisen-3-510x510.jpg 510w, https:\/\/bolting.eu\/wp-content\/uploads\/2022\/12\/Camp-Alpinist-Pro-Steigeisen-3-280x280.jpg 280w, https:\/\/bolting.eu\/wp-content\/uploads\/2022\/12\/Camp-Alpinist-Pro-Steigeisen-3-300x300.jpg 300w, https:\/\/bolting.eu\/wp-content\/uploads\/2022\/12\/Camp-Alpinist-Pro-Steigeisen-3-600x600.jpg 600w, https:\/\/bolting.eu\/wp-content\/uploads\/2022\/12\/Camp-Alpinist-Pro-Steigeisen-3.jpg 700w\" sizes=\"auto, (max-width: 400px) 100vw, 400px\" \/><\/a><figcaption id=\"caption-attachment-14326\" class=\"wp-caption-text\">Der Knick im Fersenteil sorgt f\u00fcr enges Anliegen und perfekten Halt!<\/figcaption><\/figure>\n<h4><strong>Pflege Tipp<\/strong><\/h4>\n<p>Wie alle Produkte aus Stahl kann auch euer Alpinist Pro rosten. Ihr solltet es daher, ebenso wie <a href=\"https:\/\/bolting.eu\/produkt-kategorie\/bergsteiger-ausruestung\/eisgeraete\/\">Eisger\u00e4te<\/a> und <a href=\"https:\/\/bolting.eu\/produkt-kategorie\/bergsteiger-ausruestung\/eisschrauben\/\">Eisschrauben<\/a>, immer gut trocknen und bei Zimmertemperatur lagern.<\/p>\n<p>Niemals feuchter und im Steigeisenbeutel verpackt ablegen.<\/p>\n<p>Ein guter Ort nach ausgiebigem Trocknen ist der Keller oder eine Materialkammer. Schlecht sind Garage oder Gartenschuppen.<\/p>\n","protected":false},"excerpt":{"rendered":"<p>Top Allround Steigeisen von Camp zum technischen Bergsteigen und Eisklettern.<\/p>\n<p>Ideal f\u00fcr moderne, asymmetrische Schuhe. Leicht verstellbar mit fixen Antistollen Platten. Automatic Bindung vormontiert, Semi-Automatic Bindung und Steigeisenbeutel im Lieferumfang!<\/p>\n<p>Versandkostenfrei bis 2kg in <img decoding=\"async\" class=\"emoji\" role=\"img\" draggable=\"false\" src=\"https:\/\/s.w.org\/images\/core\/emoji\/13.1.0\/svg\/1f1e6-1f1f9.svg\" alt=\"\ud83c\udde6\ud83c\uddf9\" \/> ab \u20ac 100,- und <img decoding=\"async\" class=\"emoji\" role=\"img\" draggable=\"false\" src=\"https:\/\/s.w.org\/images\/core\/emoji\/13.1.0\/svg\/1f1e9-1f1ea.svg\" alt=\"\ud83c\udde9\ud83c\uddea\" \/> ab \u20ac 200,-!<\/p>\n","protected":false},"featured_media":14325,"comment_status":"closed","ping_status":"closed","template":"","meta":[],"product_brand":[],"product_cat":[13938,14288,4653],"product_tag":[],"class_list":{"0":"post-14322","1":"product","2":"type-product","3":"status-publish","4":"has-post-thumbnail","6":"product_cat-bergsteiger-ausruestung","7":"product_cat-steigeisen","8":"product_cat-camp-cassin","10":"first","11":"instock","12":"sale","13":"taxable","14":"shipping-taxable","15":"purchasable","16":"product-type-simple"},"yoast_head":"<!-- This site is optimized with the Yoast SEO Premium plugin v26.9 (Yoast SEO v26.9) - https:\/\/yoast.com\/product\/yoast-seo-premium-wordpress\/ -->\n<title>Camp Alpinist Pro Steigeisen - Automatic &amp; Semi-Automatic | bolting.eu<\/title>\n<meta name=\"description\" content=\"Camp Alpinist Pro Steigeisen beim Kletter Hardware Profi kaufen \u2705 kostenloser Versand* \u2705 14 Tage R\u00fcckgaberecht \u2705 Co2 neutraler Versand\" \/>\n<meta name=\"robots\" content=\"index, follow, max-snippet:-1, max-image-preview:large, max-video-preview:-1\" \/>\n<link rel=\"canonical\" href=\"https:\/\/bolting.eu\/en\/shop\/camp-alpinist-pro-steigeisen\/\" \/>\n<meta property=\"og:locale\" content=\"en_US\" \/>\n<meta property=\"og:type\" content=\"article\" \/>\n<meta property=\"og:title\" content=\"Camp Alpinist Pro Steigeisen\" \/>\n<meta property=\"og:description\" content=\"Camp Alpinist Pro Steigeisen beim Kletter Hardware Profi kaufen \u2705 kostenloser Versand* \u2705 14 Tage R\u00fcckgaberecht \u2705 Co2 neutraler Versand\" \/>\n<meta property=\"og:url\" content=\"https:\/\/bolting.eu\/en\/shop\/camp-alpinist-pro-steigeisen\/\" \/>\n<meta property=\"og:site_name\" content=\"bolting.eu\" \/>\n<meta property=\"article:publisher\" content=\"https:\/\/www.facebook.com\/bolting.eu\" \/>\n<meta property=\"article:modified_time\" content=\"2025-03-05T16:43:06+00:00\" \/>\n<meta property=\"og:image\" content=\"https:\/\/bolting.eu\/wp-content\/uploads\/2022\/12\/Camp-Alpinist-Pro-Steigeisen-4.jpg\" \/>\n\t<meta property=\"og:image:width\" content=\"700\" \/>\n\t<meta property=\"og:image:height\" content=\"700\" \/>\n\t<meta property=\"og:image:type\" content=\"image\/jpeg\" \/>\n<meta name=\"twitter:card\" content=\"summary_large_image\" \/>\n<meta name=\"twitter:label1\" content=\"Price\" \/>\n\t<meta name=\"twitter:data1\" content=\"&euro;&nbsp;193,50\" \/>\n\t<meta name=\"twitter:label2\" content=\"Availability\" \/>\n\t<meta name=\"twitter:data2\" content=\"In stock\" \/>\n<script type=\"application\/ld+json\" class=\"yoast-schema-graph\">{\"@context\":\"https:\/\/schema.org\",\"@graph\":[{\"@type\":[\"WebPage\",\"ItemPage\"],\"@id\":\"https:\/\/bolting.eu\/en\/shop\/camp-alpinist-pro-steigeisen\/\",\"url\":\"https:\/\/bolting.eu\/en\/shop\/camp-alpinist-pro-steigeisen\/\",\"name\":\"Camp Alpinist Pro Steigeisen - Automatic & Semi-Automatic | bolting.eu\",\"isPartOf\":{\"@id\":\"https:\/\/bolting.eu\/en\/#website\"},\"primaryImageOfPage\":{\"@id\":\"https:\/\/bolting.eu\/en\/shop\/camp-alpinist-pro-steigeisen\/#primaryimage\"},\"image\":{\"@id\":\"https:\/\/bolting.eu\/en\/shop\/camp-alpinist-pro-steigeisen\/#primaryimage\"},\"thumbnailUrl\":\"https:\/\/bolting.eu\/wp-content\/uploads\/2022\/12\/Camp-Alpinist-Pro-Steigeisen-4.jpg\",\"datePublished\":\"2022-12-15T13:32:21+00:00\",\"dateModified\":\"2025-03-05T16:43:06+00:00\",\"description\":\"Camp Alpinist Pro Steigeisen beim Kletter Hardware Profi kaufen \u2705 kostenloser Versand* \u2705 14 Tage R\u00fcckgaberecht \u2705 Co2 neutraler Versand\",\"breadcrumb\":{\"@id\":\"https:\/\/bolting.eu\/en\/shop\/camp-alpinist-pro-steigeisen\/#breadcrumb\"},\"inLanguage\":\"en-US\",\"potentialAction\":[{\"@type\":\"ReadAction\",\"target\":[\"https:\/\/bolting.eu\/en\/shop\/camp-alpinist-pro-steigeisen\/\"]}]},{\"@type\":\"ImageObject\",\"inLanguage\":\"en-US\",\"@id\":\"https:\/\/bolting.eu\/en\/shop\/camp-alpinist-pro-steigeisen\/#primaryimage\",\"url\":\"https:\/\/bolting.eu\/wp-content\/uploads\/2022\/12\/Camp-Alpinist-Pro-Steigeisen-4.jpg\",\"contentUrl\":\"https:\/\/bolting.eu\/wp-content\/uploads\/2022\/12\/Camp-Alpinist-Pro-Steigeisen-4.jpg\",\"width\":700,\"height\":700,\"caption\":\"Das Bild zeigt das Camp Alpinist Pro Steigeisen mit Automatic Bindung von der Seite.\"},{\"@type\":\"BreadcrumbList\",\"@id\":\"https:\/\/bolting.eu\/en\/shop\/camp-alpinist-pro-steigeisen\/#breadcrumb\",\"itemListElement\":[{\"@type\":\"ListItem\",\"position\":1,\"name\":\"Shop\",\"item\":\"https:\/\/bolting.eu\/en\/shop\/\"},{\"@type\":\"ListItem\",\"position\":2,\"name\":\"Bergsteiger Ausr\u00fcstung\",\"item\":\"https:\/\/bolting.eu\/produkt-kategorie\/bergsteiger-ausruestung\/\"},{\"@type\":\"ListItem\",\"position\":3,\"name\":\"Steigeisen\",\"item\":\"https:\/\/bolting.eu\/produkt-kategorie\/bergsteiger-ausruestung\/steigeisen\/\"},{\"@type\":\"ListItem\",\"position\":4,\"name\":\"Camp Alpinist Pro Steigeisen\"}]},{\"@type\":\"WebSite\",\"@id\":\"https:\/\/bolting.eu\/en\/#website\",\"url\":\"https:\/\/bolting.eu\/en\/\",\"name\":\"bolting.eu\",\"description\":\"we make climbs happen\",\"publisher\":{\"@id\":\"https:\/\/bolting.eu\/en\/#organization\"},\"potentialAction\":[{\"@type\":\"SearchAction\",\"target\":{\"@type\":\"EntryPoint\",\"urlTemplate\":\"https:\/\/bolting.eu\/en\/?s={search_term_string}\"},\"query-input\":{\"@type\":\"PropertyValueSpecification\",\"valueRequired\":true,\"valueName\":\"search_term_string\"}}],\"inLanguage\":\"en-US\"},{\"@type\":[\"Organization\",\"Place\",\"SportingGoodsStore\"],\"@id\":\"https:\/\/bolting.eu\/en\/#organization\",\"name\":\"bolting.eu\",\"url\":\"https:\/\/bolting.eu\/en\/\",\"logo\":{\"@id\":\"https:\/\/bolting.eu\/en\/shop\/camp-alpinist-pro-steigeisen\/#local-main-organization-logo\"},\"image\":{\"@id\":\"https:\/\/bolting.eu\/en\/shop\/camp-alpinist-pro-steigeisen\/#local-main-organization-logo\"},\"sameAs\":[\"https:\/\/www.facebook.com\/bolting.eu\",\"https:\/\/www.instagram.com\/bolting.eu\/\"],\"address\":{\"@id\":\"https:\/\/bolting.eu\/en\/shop\/camp-alpinist-pro-steigeisen\/#local-main-place-address\"},\"geo\":{\"@type\":\"GeoCoordinates\",\"latitude\":\"47.264176340396226\",\"longitude\":\"11.380109057672346\"},\"telephone\":[\"+43 699 19083372\"],\"openingHoursSpecification\":[{\"@type\":\"OpeningHoursSpecification\",\"dayOfWeek\":[\"Monday\",\"Wednesday\",\"Friday\"],\"opens\":\"14:00\",\"closes\":\"18:00\"},{\"@type\":\"OpeningHoursSpecification\",\"dayOfWeek\":[\"Tuesday\",\"Thursday\",\"Saturday\",\"Sunday\"],\"opens\":\"00:00\",\"closes\":\"00:00\"}],\"email\":\"office@bolting.eu\",\"vatID\":\"ATU59999728\",\"priceRange\":\"$$\",\"currenciesAccepted\":\"Euro\"},{\"@type\":\"PostalAddress\",\"@id\":\"https:\/\/bolting.eu\/en\/shop\/camp-alpinist-pro-steigeisen\/#local-main-place-address\",\"streetAddress\":\"Fischnalerstra\u00dfe 4\",\"addressLocality\":\"Innsbruck\",\"postalCode\":\"6020\",\"addressRegion\":\"Tirol\",\"addressCountry\":\"AT\"},{\"@type\":\"ImageObject\",\"inLanguage\":\"en-US\",\"@id\":\"https:\/\/bolting.eu\/en\/shop\/camp-alpinist-pro-steigeisen\/#local-main-organization-logo\",\"url\":\"https:\/\/bolting.eu\/wp-content\/uploads\/2019\/09\/bolting-logo.png\",\"contentUrl\":\"https:\/\/bolting.eu\/wp-content\/uploads\/2019\/09\/bolting-logo.png\",\"width\":400,\"height\":211,\"caption\":\"bolting.eu\"}]}<\/script>\n<meta property=\"product:price:amount\" content=\"193.50\" \/>\n<meta property=\"product:price:currency\" content=\"EUR\" \/>\n<meta property=\"og:availability\" content=\"instock\" \/>\n<meta property=\"product:availability\" content=\"instock\" \/>\n<meta property=\"product:retailer_item_id\" content=\"2449C\" \/>\n<meta property=\"product:condition\" content=\"new\" \/>\n<meta name=\"geo.placename\" content=\"Innsbruck\" \/>\n<meta name=\"geo.position\" content=\"47.264176340396226;11.380109057672346\" \/>\n<meta name=\"geo.region\" content=\"Austria\" \/>\n<!-- \/ Yoast SEO Premium plugin. -->","yoast_head_json":{"title":"Camp Alpinist Pro Steigeisen - Automatic & Semi-Automatic | bolting.eu","description":"Camp Alpinist Pro Steigeisen beim Kletter Hardware Profi kaufen \u2705 kostenloser Versand* \u2705 14 Tage R\u00fcckgaberecht \u2705 Co2 neutraler Versand","robots":{"index":"index","follow":"follow","max-snippet":"max-snippet:-1","max-image-preview":"max-image-preview:large","max-video-preview":"max-video-preview:-1"},"canonical":"https:\/\/bolting.eu\/en\/shop\/camp-alpinist-pro-steigeisen\/","og_locale":"en_US","og_type":"article","og_title":"Camp Alpinist Pro Steigeisen","og_description":"Camp Alpinist Pro Steigeisen beim Kletter Hardware Profi kaufen \u2705 kostenloser Versand* \u2705 14 Tage R\u00fcckgaberecht \u2705 Co2 neutraler Versand","og_url":"https:\/\/bolting.eu\/en\/shop\/camp-alpinist-pro-steigeisen\/","og_site_name":"bolting.eu","article_publisher":"https:\/\/www.facebook.com\/bolting.eu","article_modified_time":"2025-03-05T16:43:06+00:00","og_image":[{"width":700,"height":700,"url":"https:\/\/bolting.eu\/wp-content\/uploads\/2022\/12\/Camp-Alpinist-Pro-Steigeisen-4.jpg","type":"image\/jpeg"}],"twitter_card":"summary_large_image","twitter_misc":{"Price":"&euro;&nbsp;193,50","Availability":"In stock"},"schema":{"@context":"https:\/\/schema.org","@graph":[{"@type":["WebPage","ItemPage"],"@id":"https:\/\/bolting.eu\/en\/shop\/camp-alpinist-pro-steigeisen\/","url":"https:\/\/bolting.eu\/en\/shop\/camp-alpinist-pro-steigeisen\/","name":"Camp Alpinist Pro Steigeisen - Automatic & Semi-Automatic | bolting.eu","isPartOf":{"@id":"https:\/\/bolting.eu\/en\/#website"},"primaryImageOfPage":{"@id":"https:\/\/bolting.eu\/en\/shop\/camp-alpinist-pro-steigeisen\/#primaryimage"},"image":{"@id":"https:\/\/bolting.eu\/en\/shop\/camp-alpinist-pro-steigeisen\/#primaryimage"},"thumbnailUrl":"https:\/\/bolting.eu\/wp-content\/uploads\/2022\/12\/Camp-Alpinist-Pro-Steigeisen-4.jpg","datePublished":"2022-12-15T13:32:21+00:00","dateModified":"2025-03-05T16:43:06+00:00","description":"Camp Alpinist Pro Steigeisen beim Kletter Hardware Profi kaufen \u2705 kostenloser Versand* \u2705 14 Tage R\u00fcckgaberecht \u2705 Co2 neutraler Versand","breadcrumb":{"@id":"https:\/\/bolting.eu\/en\/shop\/camp-alpinist-pro-steigeisen\/#breadcrumb"},"inLanguage":"en-US","potentialAction":[{"@type":"ReadAction","target":["https:\/\/bolting.eu\/en\/shop\/camp-alpinist-pro-steigeisen\/"]}]},{"@type":"ImageObject","inLanguage":"en-US","@id":"https:\/\/bolting.eu\/en\/shop\/camp-alpinist-pro-steigeisen\/#primaryimage","url":"https:\/\/bolting.eu\/wp-content\/uploads\/2022\/12\/Camp-Alpinist-Pro-Steigeisen-4.jpg","contentUrl":"https:\/\/bolting.eu\/wp-content\/uploads\/2022\/12\/Camp-Alpinist-Pro-Steigeisen-4.jpg","width":700,"height":700,"caption":"Das Bild zeigt das Camp Alpinist Pro Steigeisen mit Automatic Bindung von der Seite."},{"@type":"BreadcrumbList","@id":"https:\/\/bolting.eu\/en\/shop\/camp-alpinist-pro-steigeisen\/#breadcrumb","itemListElement":[{"@type":"ListItem","position":1,"name":"Shop","item":"https:\/\/bolting.eu\/en\/shop\/"},{"@type":"ListItem","position":2,"name":"Bergsteiger Ausr\u00fcstung","item":"https:\/\/bolting.eu\/produkt-kategorie\/bergsteiger-ausruestung\/"},{"@type":"ListItem","position":3,"name":"Steigeisen","item":"https:\/\/bolting.eu\/produkt-kategorie\/bergsteiger-ausruestung\/steigeisen\/"},{"@type":"ListItem","position":4,"name":"Camp Alpinist Pro Steigeisen"}]},{"@type":"WebSite","@id":"https:\/\/bolting.eu\/en\/#website","url":"https:\/\/bolting.eu\/en\/","name":"bolting.eu","description":"we make climbs happen","publisher":{"@id":"https:\/\/bolting.eu\/en\/#organization"},"potentialAction":[{"@type":"SearchAction","target":{"@type":"EntryPoint","urlTemplate":"https:\/\/bolting.eu\/en\/?s={search_term_string}"},"query-input":{"@type":"PropertyValueSpecification","valueRequired":true,"valueName":"search_term_string"}}],"inLanguage":"en-US"},{"@type":["Organization","Place","SportingGoodsStore"],"@id":"https:\/\/bolting.eu\/en\/#organization","name":"bolting.eu","url":"https:\/\/bolting.eu\/en\/","logo":{"@id":"https:\/\/bolting.eu\/en\/shop\/camp-alpinist-pro-steigeisen\/#local-main-organization-logo"},"image":{"@id":"https:\/\/bolting.eu\/en\/shop\/camp-alpinist-pro-steigeisen\/#local-main-organization-logo"},"sameAs":["https:\/\/www.facebook.com\/bolting.eu","https:\/\/www.instagram.com\/bolting.eu\/"],"address":{"@id":"https:\/\/bolting.eu\/en\/shop\/camp-alpinist-pro-steigeisen\/#local-main-place-address"},"geo":{"@type":"GeoCoordinates","latitude":"47.264176340396226","longitude":"11.380109057672346"},"telephone":["+43 699 19083372"],"openingHoursSpecification":[{"@type":"OpeningHoursSpecification","dayOfWeek":["Monday","Wednesday","Friday"],"opens":"14:00","closes":"18:00"},{"@type":"OpeningHoursSpecification","dayOfWeek":["Tuesday","Thursday","Saturday","Sunday"],"opens":"00:00","closes":"00:00"}],"email":"office@bolting.eu","vatID":"ATU59999728","priceRange":"$$","currenciesAccepted":"Euro"},{"@type":"PostalAddress","@id":"https:\/\/bolting.eu\/en\/shop\/camp-alpinist-pro-steigeisen\/#local-main-place-address","streetAddress":"Fischnalerstra\u00dfe 4","addressLocality":"Innsbruck","postalCode":"6020","addressRegion":"Tirol","addressCountry":"AT"},{"@type":"ImageObject","inLanguage":"en-US","@id":"https:\/\/bolting.eu\/en\/shop\/camp-alpinist-pro-steigeisen\/#local-main-organization-logo","url":"https:\/\/bolting.eu\/wp-content\/uploads\/2019\/09\/bolting-logo.png","contentUrl":"https:\/\/bolting.eu\/wp-content\/uploads\/2019\/09\/bolting-logo.png","width":400,"height":211,"caption":"bolting.eu"}]},"product_price_amount":"193.50","product_price_currency":"EUR","og_availability":"instock","product_availability":"instock","product_retailer_item_id":"2449C","product_condition":"new","geo.placename":"Innsbruck","geo.position":{"lat":"47.264176340396226","long":"11.380109057672346"},"geo.region":"Austria"},"_links":{"self":[{"href":"https:\/\/bolting.eu\/en\/wp-json\/wp\/v2\/product\/14322","targetHints":{"allow":["GET"]}}],"collection":[{"href":"https:\/\/bolting.eu\/en\/wp-json\/wp\/v2\/product"}],"about":[{"href":"https:\/\/bolting.eu\/en\/wp-json\/wp\/v2\/types\/product"}],"replies":[{"embeddable":true,"href":"https:\/\/bolting.eu\/en\/wp-json\/wp\/v2\/comments?post=14322"}],"wp:featuredmedia":[{"embeddable":true,"href":"https:\/\/bolting.eu\/en\/wp-json\/wp\/v2\/media\/14325"}],"wp:attachment":[{"href":"https:\/\/bolting.eu\/en\/wp-json\/wp\/v2\/media?parent=14322"}],"wp:term":[{"taxonomy":"product_brand","embeddable":true,"href":"https:\/\/bolting.eu\/en\/wp-json\/wp\/v2\/product_brand?post=14322"},{"taxonomy":"product_cat","embeddable":true,"href":"https:\/\/bolting.eu\/en\/wp-json\/wp\/v2\/product_cat?post=14322"},{"taxonomy":"product_tag","embeddable":true,"href":"https:\/\/bolting.eu\/en\/wp-json\/wp\/v2\/product_tag?post=14322"}],"curies":[{"name":"wp","href":"https:\/\/api.w.org\/{rel}","templated":true}]}}