{"id":14305,"date":"2022-12-12T16:09:49","date_gmt":"2022-12-12T15:09:49","guid":{"rendered":"https:\/\/bolting.eu\/?post_type=product&#038;p=14305"},"modified":"2025-01-31T19:03:44","modified_gmt":"2025-01-31T18:03:44","slug":"lacd-bivy-bag-wpb-ii","status":"publish","type":"product","link":"https:\/\/bolting.eu\/en\/shop\/lacd-bivy-bag-wpb-ii\/","title":{"rendered":"LACD Bivy Bag WPB II"},"content":{"rendered":"<p>Der LACD Bivy Bag WPB II ist ein hochwertiger Biwaksack. Mit 230 x 125cm ist er f\u00fcr 2 Personen gedacht, bzw. f\u00fcr Alpinisten und Vielbiwakierer. WPB steht dabei f\u00fcr Water Proof &amp; Breathable.<\/p>\n<p>Denn die Unterseite ist aus winddichtem und wasserundurchl\u00e4ssigem Ripstop Nylon mit Alu Beschichtung. Die Oberseite besteht aus einem atmungsaktiven Material, das f\u00fcr die n\u00f6tige Bel\u00fcftung sorgt.<\/p>\n<p>Dar\u00fcber hinaus erleichtert ein seitlicher Rei\u00dfverschluss den Einstieg. Die Schlafsackkapuze kann bequem mit einer Kordel verstellt werden.<\/p>\n<p>Kurzum. Dieser 566 Gramm schwere Sack ist eine hochwertige L\u00f6sung f\u00fcr anspruchsvolle Alpinisten. Hat Platz in jedem <a href=\"https:\/\/bolting.eu\/produkt-kategorie\/kletterausruestung\/kletterrucksack\/\">Kletterrucksack<\/a>!<\/p>\n<h2>Eigenschaften LACD Bivy Bag WPB II<\/h2>\n<ul>\n<li>Hersteller:\u00a0<a href=\"https:\/\/bolting.eu\/produkt-kategorie\/lacd\/\">LACD<\/a><\/li>\n<li>Material: alubeschichteter Ripstop Nylon an Unterseite, atmungsaktives Material an Oberseite, N\u00e4hte getaped;<\/li>\n<li>Packbeutel: Polyamid<\/li>\n<li>Gewicht: 566 Gramm<\/li>\n<li>Ma\u00dfe: 230 x 125 cm<\/li>\n<li>Packma\u00df: nur ca. 25 x 10 cm<\/li>\n<li>Biwacksack f\u00fcr 2 Personen<\/li>\n<li>N\u00e4hte getaped<\/li>\n<li>seitlicher RV bis zum Oberschenkel<\/li>\n<li>Weite Kopf\u00f6ffnung mit Kordelzug einstellbar<\/li>\n<li>windundurchl\u00e4ssig und wasserdicht<\/li>\n<li>spitze Steine und \u00c4ste vermeiden!<\/li>\n<li>hochwertiges Modell f\u00fcr Alpinisten<\/li>\n<\/ul>\n<h3>WPB = waterproof &amp; breathable<\/h3>\n<p>Die Produktbezeichnung beim LACD Bivy Bag WPB II bezieht sich zum einen auf die Materialeigenschaften. N\u00e4mlich <strong>w<\/strong>ater<strong>p<\/strong>roof &amp; <strong>b<\/strong>reathable. Und zum anderen auf Platz f\u00fcr II = 2 Personen.<\/p>\n<p>Denn sowohl der alubeschichtete Ripstop Nylon an der Unterseite, als auch die Oberseite sind wasser- und winddicht. Die Oberseite ist durch das atmungsaktive Material zus\u00e4tzlich f\u00fcr die Bel\u00fcftung zust\u00e4ndig.<\/p>\n<p>Das verhindert l\u00e4stige Kondensfeuchte innen im Schlafsack. Und die Gr\u00f6\u00dfe mit 230 x 125cm bietet Raum f\u00fcr eben 2 Personen.<\/p>\n<h3>Weitere Optionen<\/h3>\n<p>Wer keinen derart hochwertigen Biwacksack braucht, kann anstatt des Bivy Bag WPB II auch die etwas niedrigere Qualit\u00e4t und den <a href=\"https:\/\/bolting.eu\/shop\/lacd-biwaksack-light-i\/\">Light I<\/a> w\u00e4hlen. Eine einfache Biwakfolie ist der <a href=\"https:\/\/bolting.eu\/shop\/lacd-biwaksack-superlight-i\/\">Superlight I<\/a>.<\/p>\n<h3>LACD Bivy Bag WPB II gleich ausprobieren!<\/h3>\n<p>An der Nordweste Seite der 3.360m hohen Hochalmspitze in den Hohen Tauern, gibt es eine tolles Alpinkletter Gebiet. Wer in dieser 400m hohen Wand eine der Linien wiederholen m\u00f6chte, ist gut mit diesem Produkt f\u00fcr ein Biwak am Wandfu\u00df beraten.<\/p>\n<p>Hier findet ihr alle Infos: <a href=\"https:\/\/maltatal.rocks\/alpinklettern-im-maltatal-hohe-tauern\/\" target=\"_blank\" rel=\"noopener\">Alpinklettern Maltatal<\/a><\/p>\n","protected":false},"excerpt":{"rendered":"<p><strong>Hochwertiger Biwaksack<\/strong> mit alubeschichtetem Ripstop Nylon f\u00fcr W\u00e4rmereflexion, winddicht und wasserundurchl\u00e4ssig. Die Oberseite aus atmungsaktivem Material sorgt f\u00fcr die n\u00f6tige Bel\u00fcftung.<\/p>\n<p>Das Modell hat nur 566 Gramm, ein Packma\u00df von 25 x 10 cm und ist mit 230 cm 125 cm <strong>f\u00fcr 2 Personen<\/strong>\u00a0gedacht!<\/p>\n<p>Versandkostenfrei bis 2kg in\u00a0<img decoding=\"async\" class=\"emoji\" role=\"img\" draggable=\"false\" src=\"https:\/\/s.w.org\/images\/core\/emoji\/13.1.0\/svg\/1f1e6-1f1f9.svg\" alt=\"\ud83c\udde6\ud83c\uddf9\" \/>\u00a0ab \u20ac 100,- und\u00a0<img decoding=\"async\" class=\"emoji\" role=\"img\" draggable=\"false\" src=\"https:\/\/s.w.org\/images\/core\/emoji\/13.1.0\/svg\/1f1e9-1f1ea.svg\" alt=\"\ud83c\udde9\ud83c\uddea\" \/>\u00a0ab \u20ac 200,-!<\/p>\n","protected":false},"featured_media":14306,"comment_status":"closed","ping_status":"closed","template":"","meta":[],"product_brand":[],"product_cat":[14357,4669,13938],"product_tag":[],"class_list":{"0":"post-14305","1":"product","2":"type-product","3":"status-publish","4":"has-post-thumbnail","6":"product_cat-lacd-biwaksack","7":"product_cat-lacd","8":"product_cat-bergsteiger-ausruestung","10":"first","11":"outofstock","12":"taxable","13":"shipping-taxable","14":"purchasable","15":"product-type-simple"},"yoast_head":"<!-- This site is optimized with the Yoast SEO Premium plugin v26.9 (Yoast SEO v26.9) - https:\/\/yoast.com\/product\/yoast-seo-premium-wordpress\/ -->\n<title>LACD Bivy Bag WPB II - atmungsaktiver Biwaksack f\u00fcr 2 | bolting.eu<\/title>\n<meta name=\"description\" content=\"LACD Bivy Bag WPB II - atmungsaktiver Biwaksack beim Kletterprofi kaufen \u2705 gratis Versand* \u2705 14 Tage R\u00fcckgaberecht \u2705 Co2 neutrale Zustellung\" \/>\n<meta name=\"robots\" content=\"index, follow, max-snippet:-1, max-image-preview:large, max-video-preview:-1\" \/>\n<link rel=\"canonical\" href=\"https:\/\/bolting.eu\/en\/shop\/lacd-bivy-bag-wpb-ii\/\" \/>\n<meta property=\"og:locale\" content=\"en_US\" \/>\n<meta property=\"og:type\" content=\"article\" \/>\n<meta property=\"og:title\" content=\"LACD Bivy Bag WPB II\" \/>\n<meta property=\"og:description\" content=\"LACD Bivy Bag WPB II - atmungsaktiver Biwaksack beim Kletterprofi kaufen \u2705 gratis Versand* \u2705 14 Tage R\u00fcckgaberecht \u2705 Co2 neutrale Zustellung\" \/>\n<meta property=\"og:url\" content=\"https:\/\/bolting.eu\/en\/shop\/lacd-bivy-bag-wpb-ii\/\" \/>\n<meta property=\"og:site_name\" content=\"bolting.eu\" \/>\n<meta property=\"article:publisher\" content=\"https:\/\/www.facebook.com\/bolting.eu\" \/>\n<meta property=\"article:modified_time\" content=\"2025-01-31T18:03:44+00:00\" \/>\n<meta property=\"og:image\" content=\"https:\/\/bolting.eu\/wp-content\/uploads\/2022\/12\/LACD-Bivy-Bag-WPB-II-1.jpg\" \/>\n\t<meta property=\"og:image:width\" content=\"700\" \/>\n\t<meta property=\"og:image:height\" content=\"700\" \/>\n\t<meta property=\"og:image:type\" content=\"image\/jpeg\" \/>\n<meta name=\"twitter:card\" content=\"summary_large_image\" \/>\n<meta name=\"twitter:label1\" content=\"Price\" \/>\n\t<meta name=\"twitter:data1\" content=\"&euro;&nbsp;99,90\" \/>\n\t<meta name=\"twitter:label2\" content=\"Availability\" \/>\n\t<meta name=\"twitter:data2\" content=\"Out of stock\" \/>\n<script type=\"application\/ld+json\" class=\"yoast-schema-graph\">{\"@context\":\"https:\/\/schema.org\",\"@graph\":[{\"@type\":[\"WebPage\",\"ItemPage\"],\"@id\":\"https:\/\/bolting.eu\/en\/shop\/lacd-bivy-bag-wpb-ii\/\",\"url\":\"https:\/\/bolting.eu\/en\/shop\/lacd-bivy-bag-wpb-ii\/\",\"name\":\"LACD Bivy Bag WPB II - atmungsaktiver Biwaksack f\u00fcr 2 | bolting.eu\",\"isPartOf\":{\"@id\":\"https:\/\/bolting.eu\/en\/#website\"},\"primaryImageOfPage\":{\"@id\":\"https:\/\/bolting.eu\/en\/shop\/lacd-bivy-bag-wpb-ii\/#primaryimage\"},\"image\":{\"@id\":\"https:\/\/bolting.eu\/en\/shop\/lacd-bivy-bag-wpb-ii\/#primaryimage\"},\"thumbnailUrl\":\"https:\/\/bolting.eu\/wp-content\/uploads\/2022\/12\/LACD-Bivy-Bag-WPB-II-1.jpg\",\"datePublished\":\"2022-12-12T15:09:49+00:00\",\"dateModified\":\"2025-01-31T18:03:44+00:00\",\"description\":\"LACD Bivy Bag WPB II - atmungsaktiver Biwaksack beim Kletterprofi kaufen \u2705 gratis Versand* \u2705 14 Tage R\u00fcckgaberecht \u2705 Co2 neutrale Zustellung\",\"breadcrumb\":{\"@id\":\"https:\/\/bolting.eu\/en\/shop\/lacd-bivy-bag-wpb-ii\/#breadcrumb\"},\"inLanguage\":\"en-US\",\"potentialAction\":[{\"@type\":\"ReadAction\",\"target\":[\"https:\/\/bolting.eu\/en\/shop\/lacd-bivy-bag-wpb-ii\/\"]}]},{\"@type\":\"ImageObject\",\"inLanguage\":\"en-US\",\"@id\":\"https:\/\/bolting.eu\/en\/shop\/lacd-bivy-bag-wpb-ii\/#primaryimage\",\"url\":\"https:\/\/bolting.eu\/wp-content\/uploads\/2022\/12\/LACD-Bivy-Bag-WPB-II-1.jpg\",\"contentUrl\":\"https:\/\/bolting.eu\/wp-content\/uploads\/2022\/12\/LACD-Bivy-Bag-WPB-II-1.jpg\",\"width\":700,\"height\":700,\"caption\":\"Das Bild zeigt den orangen LACD Bivy Bag WPB II ausgebreitet.\"},{\"@type\":\"BreadcrumbList\",\"@id\":\"https:\/\/bolting.eu\/en\/shop\/lacd-bivy-bag-wpb-ii\/#breadcrumb\",\"itemListElement\":[{\"@type\":\"ListItem\",\"position\":1,\"name\":\"Shop\",\"item\":\"https:\/\/bolting.eu\/en\/shop\/\"},{\"@type\":\"ListItem\",\"position\":2,\"name\":\"Bergsteiger Ausr\u00fcstung\",\"item\":\"https:\/\/bolting.eu\/produkt-kategorie\/bergsteiger-ausruestung\/\"},{\"@type\":\"ListItem\",\"position\":3,\"name\":\"LACD Biwaksack\",\"item\":\"https:\/\/bolting.eu\/produkt-kategorie\/bergsteiger-ausruestung\/lacd-biwaksack\/\"},{\"@type\":\"ListItem\",\"position\":4,\"name\":\"LACD Bivy Bag WPB II\"}]},{\"@type\":\"WebSite\",\"@id\":\"https:\/\/bolting.eu\/en\/#website\",\"url\":\"https:\/\/bolting.eu\/en\/\",\"name\":\"bolting.eu\",\"description\":\"we make climbs happen\",\"publisher\":{\"@id\":\"https:\/\/bolting.eu\/en\/#organization\"},\"potentialAction\":[{\"@type\":\"SearchAction\",\"target\":{\"@type\":\"EntryPoint\",\"urlTemplate\":\"https:\/\/bolting.eu\/en\/?s={search_term_string}\"},\"query-input\":{\"@type\":\"PropertyValueSpecification\",\"valueRequired\":true,\"valueName\":\"search_term_string\"}}],\"inLanguage\":\"en-US\"},{\"@type\":[\"Organization\",\"Place\",\"SportingGoodsStore\"],\"@id\":\"https:\/\/bolting.eu\/en\/#organization\",\"name\":\"bolting.eu\",\"url\":\"https:\/\/bolting.eu\/en\/\",\"logo\":{\"@id\":\"https:\/\/bolting.eu\/en\/shop\/lacd-bivy-bag-wpb-ii\/#local-main-organization-logo\"},\"image\":{\"@id\":\"https:\/\/bolting.eu\/en\/shop\/lacd-bivy-bag-wpb-ii\/#local-main-organization-logo\"},\"sameAs\":[\"https:\/\/www.facebook.com\/bolting.eu\",\"https:\/\/www.instagram.com\/bolting.eu\/\"],\"address\":{\"@id\":\"https:\/\/bolting.eu\/en\/shop\/lacd-bivy-bag-wpb-ii\/#local-main-place-address\"},\"geo\":{\"@type\":\"GeoCoordinates\",\"latitude\":\"47.264176340396226\",\"longitude\":\"11.380109057672346\"},\"telephone\":[\"+43 699 19083372\"],\"openingHoursSpecification\":[{\"@type\":\"OpeningHoursSpecification\",\"dayOfWeek\":[\"Monday\",\"Wednesday\",\"Friday\"],\"opens\":\"14:00\",\"closes\":\"18:00\"},{\"@type\":\"OpeningHoursSpecification\",\"dayOfWeek\":[\"Tuesday\",\"Thursday\",\"Saturday\",\"Sunday\"],\"opens\":\"00:00\",\"closes\":\"00:00\"}],\"email\":\"office@bolting.eu\",\"vatID\":\"ATU59999728\",\"priceRange\":\"$$\",\"currenciesAccepted\":\"Euro\"},{\"@type\":\"PostalAddress\",\"@id\":\"https:\/\/bolting.eu\/en\/shop\/lacd-bivy-bag-wpb-ii\/#local-main-place-address\",\"streetAddress\":\"Fischnalerstra\u00dfe 4\",\"addressLocality\":\"Innsbruck\",\"postalCode\":\"6020\",\"addressRegion\":\"Tirol\",\"addressCountry\":\"AT\"},{\"@type\":\"ImageObject\",\"inLanguage\":\"en-US\",\"@id\":\"https:\/\/bolting.eu\/en\/shop\/lacd-bivy-bag-wpb-ii\/#local-main-organization-logo\",\"url\":\"https:\/\/bolting.eu\/wp-content\/uploads\/2019\/09\/bolting-logo.png\",\"contentUrl\":\"https:\/\/bolting.eu\/wp-content\/uploads\/2019\/09\/bolting-logo.png\",\"width\":400,\"height\":211,\"caption\":\"bolting.eu\"}]}<\/script>\n<meta property=\"product:price:amount\" content=\"99.90\" \/>\n<meta property=\"product:price:currency\" content=\"EUR\" \/>\n<meta property=\"og:availability\" content=\"out of stock\" \/>\n<meta property=\"product:availability\" content=\"out of stock\" \/>\n<meta property=\"product:retailer_item_id\" content=\"9412\" \/>\n<meta property=\"product:condition\" content=\"new\" \/>\n<meta name=\"geo.placename\" content=\"Innsbruck\" \/>\n<meta name=\"geo.position\" content=\"47.264176340396226;11.380109057672346\" \/>\n<meta name=\"geo.region\" content=\"Austria\" \/>\n<!-- \/ Yoast SEO Premium plugin. -->","yoast_head_json":{"title":"LACD Bivy Bag WPB II - atmungsaktiver Biwaksack f\u00fcr 2 | bolting.eu","description":"LACD Bivy Bag WPB II - atmungsaktiver Biwaksack beim Kletterprofi kaufen \u2705 gratis Versand* \u2705 14 Tage R\u00fcckgaberecht \u2705 Co2 neutrale Zustellung","robots":{"index":"index","follow":"follow","max-snippet":"max-snippet:-1","max-image-preview":"max-image-preview:large","max-video-preview":"max-video-preview:-1"},"canonical":"https:\/\/bolting.eu\/en\/shop\/lacd-bivy-bag-wpb-ii\/","og_locale":"en_US","og_type":"article","og_title":"LACD Bivy Bag WPB II","og_description":"LACD Bivy Bag WPB II - atmungsaktiver Biwaksack beim Kletterprofi kaufen \u2705 gratis Versand* \u2705 14 Tage R\u00fcckgaberecht \u2705 Co2 neutrale Zustellung","og_url":"https:\/\/bolting.eu\/en\/shop\/lacd-bivy-bag-wpb-ii\/","og_site_name":"bolting.eu","article_publisher":"https:\/\/www.facebook.com\/bolting.eu","article_modified_time":"2025-01-31T18:03:44+00:00","og_image":[{"width":700,"height":700,"url":"https:\/\/bolting.eu\/wp-content\/uploads\/2022\/12\/LACD-Bivy-Bag-WPB-II-1.jpg","type":"image\/jpeg"}],"twitter_card":"summary_large_image","twitter_misc":{"Price":"&euro;&nbsp;99,90","Availability":"Out of stock"},"schema":{"@context":"https:\/\/schema.org","@graph":[{"@type":["WebPage","ItemPage"],"@id":"https:\/\/bolting.eu\/en\/shop\/lacd-bivy-bag-wpb-ii\/","url":"https:\/\/bolting.eu\/en\/shop\/lacd-bivy-bag-wpb-ii\/","name":"LACD Bivy Bag WPB II - atmungsaktiver Biwaksack f\u00fcr 2 | bolting.eu","isPartOf":{"@id":"https:\/\/bolting.eu\/en\/#website"},"primaryImageOfPage":{"@id":"https:\/\/bolting.eu\/en\/shop\/lacd-bivy-bag-wpb-ii\/#primaryimage"},"image":{"@id":"https:\/\/bolting.eu\/en\/shop\/lacd-bivy-bag-wpb-ii\/#primaryimage"},"thumbnailUrl":"https:\/\/bolting.eu\/wp-content\/uploads\/2022\/12\/LACD-Bivy-Bag-WPB-II-1.jpg","datePublished":"2022-12-12T15:09:49+00:00","dateModified":"2025-01-31T18:03:44+00:00","description":"LACD Bivy Bag WPB II - atmungsaktiver Biwaksack beim Kletterprofi kaufen \u2705 gratis Versand* \u2705 14 Tage R\u00fcckgaberecht \u2705 Co2 neutrale Zustellung","breadcrumb":{"@id":"https:\/\/bolting.eu\/en\/shop\/lacd-bivy-bag-wpb-ii\/#breadcrumb"},"inLanguage":"en-US","potentialAction":[{"@type":"ReadAction","target":["https:\/\/bolting.eu\/en\/shop\/lacd-bivy-bag-wpb-ii\/"]}]},{"@type":"ImageObject","inLanguage":"en-US","@id":"https:\/\/bolting.eu\/en\/shop\/lacd-bivy-bag-wpb-ii\/#primaryimage","url":"https:\/\/bolting.eu\/wp-content\/uploads\/2022\/12\/LACD-Bivy-Bag-WPB-II-1.jpg","contentUrl":"https:\/\/bolting.eu\/wp-content\/uploads\/2022\/12\/LACD-Bivy-Bag-WPB-II-1.jpg","width":700,"height":700,"caption":"Das Bild zeigt den orangen LACD Bivy Bag WPB II ausgebreitet."},{"@type":"BreadcrumbList","@id":"https:\/\/bolting.eu\/en\/shop\/lacd-bivy-bag-wpb-ii\/#breadcrumb","itemListElement":[{"@type":"ListItem","position":1,"name":"Shop","item":"https:\/\/bolting.eu\/en\/shop\/"},{"@type":"ListItem","position":2,"name":"Bergsteiger Ausr\u00fcstung","item":"https:\/\/bolting.eu\/produkt-kategorie\/bergsteiger-ausruestung\/"},{"@type":"ListItem","position":3,"name":"LACD Biwaksack","item":"https:\/\/bolting.eu\/produkt-kategorie\/bergsteiger-ausruestung\/lacd-biwaksack\/"},{"@type":"ListItem","position":4,"name":"LACD Bivy Bag WPB II"}]},{"@type":"WebSite","@id":"https:\/\/bolting.eu\/en\/#website","url":"https:\/\/bolting.eu\/en\/","name":"bolting.eu","description":"we make climbs happen","publisher":{"@id":"https:\/\/bolting.eu\/en\/#organization"},"potentialAction":[{"@type":"SearchAction","target":{"@type":"EntryPoint","urlTemplate":"https:\/\/bolting.eu\/en\/?s={search_term_string}"},"query-input":{"@type":"PropertyValueSpecification","valueRequired":true,"valueName":"search_term_string"}}],"inLanguage":"en-US"},{"@type":["Organization","Place","SportingGoodsStore"],"@id":"https:\/\/bolting.eu\/en\/#organization","name":"bolting.eu","url":"https:\/\/bolting.eu\/en\/","logo":{"@id":"https:\/\/bolting.eu\/en\/shop\/lacd-bivy-bag-wpb-ii\/#local-main-organization-logo"},"image":{"@id":"https:\/\/bolting.eu\/en\/shop\/lacd-bivy-bag-wpb-ii\/#local-main-organization-logo"},"sameAs":["https:\/\/www.facebook.com\/bolting.eu","https:\/\/www.instagram.com\/bolting.eu\/"],"address":{"@id":"https:\/\/bolting.eu\/en\/shop\/lacd-bivy-bag-wpb-ii\/#local-main-place-address"},"geo":{"@type":"GeoCoordinates","latitude":"47.264176340396226","longitude":"11.380109057672346"},"telephone":["+43 699 19083372"],"openingHoursSpecification":[{"@type":"OpeningHoursSpecification","dayOfWeek":["Monday","Wednesday","Friday"],"opens":"14:00","closes":"18:00"},{"@type":"OpeningHoursSpecification","dayOfWeek":["Tuesday","Thursday","Saturday","Sunday"],"opens":"00:00","closes":"00:00"}],"email":"office@bolting.eu","vatID":"ATU59999728","priceRange":"$$","currenciesAccepted":"Euro"},{"@type":"PostalAddress","@id":"https:\/\/bolting.eu\/en\/shop\/lacd-bivy-bag-wpb-ii\/#local-main-place-address","streetAddress":"Fischnalerstra\u00dfe 4","addressLocality":"Innsbruck","postalCode":"6020","addressRegion":"Tirol","addressCountry":"AT"},{"@type":"ImageObject","inLanguage":"en-US","@id":"https:\/\/bolting.eu\/en\/shop\/lacd-bivy-bag-wpb-ii\/#local-main-organization-logo","url":"https:\/\/bolting.eu\/wp-content\/uploads\/2019\/09\/bolting-logo.png","contentUrl":"https:\/\/bolting.eu\/wp-content\/uploads\/2019\/09\/bolting-logo.png","width":400,"height":211,"caption":"bolting.eu"}]},"product_price_amount":"99.90","product_price_currency":"EUR","og_availability":"out of stock","product_availability":"out of stock","product_retailer_item_id":"9412","product_condition":"new","geo.placename":"Innsbruck","geo.position":{"lat":"47.264176340396226","long":"11.380109057672346"},"geo.region":"Austria"},"_links":{"self":[{"href":"https:\/\/bolting.eu\/en\/wp-json\/wp\/v2\/product\/14305","targetHints":{"allow":["GET"]}}],"collection":[{"href":"https:\/\/bolting.eu\/en\/wp-json\/wp\/v2\/product"}],"about":[{"href":"https:\/\/bolting.eu\/en\/wp-json\/wp\/v2\/types\/product"}],"replies":[{"embeddable":true,"href":"https:\/\/bolting.eu\/en\/wp-json\/wp\/v2\/comments?post=14305"}],"wp:featuredmedia":[{"embeddable":true,"href":"https:\/\/bolting.eu\/en\/wp-json\/wp\/v2\/media\/14306"}],"wp:attachment":[{"href":"https:\/\/bolting.eu\/en\/wp-json\/wp\/v2\/media?parent=14305"}],"wp:term":[{"taxonomy":"product_brand","embeddable":true,"href":"https:\/\/bolting.eu\/en\/wp-json\/wp\/v2\/product_brand?post=14305"},{"taxonomy":"product_cat","embeddable":true,"href":"https:\/\/bolting.eu\/en\/wp-json\/wp\/v2\/product_cat?post=14305"},{"taxonomy":"product_tag","embeddable":true,"href":"https:\/\/bolting.eu\/en\/wp-json\/wp\/v2\/product_tag?post=14305"}],"curies":[{"name":"wp","href":"https:\/\/api.w.org\/{rel}","templated":true}]}}