{"id":1430,"date":"2020-02-25T13:42:08","date_gmt":"2020-02-25T12:42:08","guid":{"rendered":"https:\/\/bolting.eu\/?post_type=product&#038;p=1430"},"modified":"2026-05-01T17:47:34","modified_gmt":"2026-05-01T15:47:34","slug":"fischer-faz-ii-bolzenanker","status":"publish","type":"product","link":"https:\/\/bolting.eu\/en\/shop\/fischer-faz-ii-bolzenanker\/","title":{"rendered":"Fischer FAZ II Bolzenanker A4 Stahl"},"content":{"rendered":"<p>Wir empfehlen den Fischer FAZ II Bolzenanker in A4 Stahl als Standard Bohrhaken. Wer eine <a href=\"https:\/\/bolting.eu\/kletterroute-einbohren\/\">Kletterroute einbohren<\/a> m\u00f6chte, ist mit dem Produkt von <a href=\"https:\/\/bolting.eu\/fischer-befestigungstechnik\/\">Fischer Befestigungstechnik<\/a> perfekt beraten.<\/p>\n<p>Denn erstens hat der Bolt eine Zulassung f\u00fcr gerissenen Beton. Das ist vorteilhaft wenn der Felsuntergrund leichte Risse hat wie im Kalkgestein. Zweitens besteht er aus hoch korrosionsbest\u00e4ndigem A4 Stahl. Drittens gibt es die Durchmesser von 8mm \u00fcber 10mm bis hin zu 12mm. Folglich gibt es die passenden Modelle f\u00fcr alle Bohrhakenlaschen Typen.<\/p>\n<h3>Unterschied zum\u00a0<a href=\"https:\/\/bolting.eu\/shop\/fischer-schwerlastanker-fbn-ii\/\">Fischer Schwerlastanker FBN II<\/a><\/h3>\n<p>Der Fischer FAZ II Bolzenanker weist folgende kleine Unterschiede auf.<\/p>\n<ul>\n<li>erh\u00e4ltlich nur in gr\u00f6\u00dferen L\u00e4ngen<\/li>\n<li>etwas teurer<\/li>\n<li>Zulassung auch f\u00fcr gerissenen Beton<br \/>\n(was bei Felsarten mit kleinen Rissen vorteilhaft ist!)<\/li>\n<\/ul>\n<h3>Eigenschaften\u00a0Fischer FAZ II Bolzenanker<\/h3>\n<ul>\n<li>Hersteller: Fischer Befestigungstechnik<\/li>\n<li>Durchmesser: 8mm, 10mm, 12mmL\u00e4ngen<\/li>\n<li>D\u00fcbell\u00e4ngen: 75-115mm<\/li>\n<li>Material: A4 Stahl &#8211; hohe Korrosionsbest\u00e4ndigkeit<\/li>\n<li>ben\u00f6tigte Schraubenschl\u00fcssel: 8mm =13er; 10mm = 17er; 12mm = 19er<\/li>\n<li>ben\u00f6tigter Drehmoment: 8mm = 20 Nm, 10mm = 45 Nm, 12mm = 60 Nm<\/li>\n<li>Stahl Bruchlasten*: 8mm = 17 kN, 10mm = 27,2kN, 12mm = 44,3kN<br \/>\n*f\u00fcr Standard Setztiefe<\/li>\n<li>Gewicht: 50-110 Gramm<\/li>\n<\/ul>\n<h3>Richtige Bohrlochreinigung<\/h3>\n<p>Beim <a href=\"https:\/\/bolting.eu\/bohrhaken-setzen\/\">Bohrhaken setzen<\/a> empfehlen wir allen eine einfache Reinigung des Bohrmehls. So auch beim Fischer FAZ II Bolzenanker. Zum einen kann diese mit einem <a href=\"https:\/\/bolting.eu\/shop\/bohrloch-ausblaeser\/\">Bohrloch Ausbl\u00e4ser<\/a> erfolgen. Zum anderen mit einer Lochb\u00fcrste. Beispielsweise mit dem <a href=\"https:\/\/bolting.eu\/shop\/fischer-buerste\/\">Fischer B\u00fcrsten Set<\/a> oder der <a href=\"https:\/\/bolting.eu\/shop\/fischer-lochbuerste\/\">Fischer Lochb\u00fcrste<\/a>. Wer sauber arbeiten m\u00f6chte verwendet beide Werkzeuge je ein Mal.<\/p>\n<h3>Fischer FAZ II Bolzenanker und galvanische Korrosion<\/h3>\n<p>Vermeidet das Verbauen von verzinkten Bauteilen mit diesem Bohrhaken. Denn wenn man edle und unedle Bauteile zusammenbringt, ergibt dies <a href=\"https:\/\/bolting.eu\/galvanische-korrosion-bei-bohrhaken\/\">galvanische Korrosion<\/a>.<\/p>\n<p>Stellt folglich sicher, dass die Bolts nicht mit <a href=\"https:\/\/bolting.eu\/produkt-kategorie\/bohrhakenlasche\/\">Bohrhakenlaschen<\/a>, Muttern oder Beilagscheiben aus verzinktem Stahl zusammengemischt werden. \u00dcberdies sollten auch niemals verzinkte\u00a0<a href=\"https:\/\/bolting.eu\/produkt-kategorie\/schraubglied-rapidglied\/\">Schraubglieder-Rapidglieder<\/a>\u00a0dazu geh\u00e4ngt werden.<\/p>\n<h3>Nicht geeignet f\u00fcr Meeresn\u00e4he<\/h3>\n<p>Der Fischer FAZ II besteht aus A4 Stahl. Somit ist er nicht geeignet zum Einbohren in Meeresn\u00e4he. Denn diese Stahlqualit\u00e4t besitzt nicht die n\u00f6tige Korrosionsbest\u00e4ndigkeit. Zudem ist A4 Stahl zu anf\u00e4llig f\u00fcr Spannungsrisskorrosion.<\/p>\n<p>F\u00fcr en Einsatz am Meer empfehlen wir die Produkte von <a href=\"https:\/\/bolting.eu\/fixe-climbing\/\">Fixe Climbing<\/a>. Der <a href=\"https:\/\/bolting.eu\/fixe-plx-duplex-stahl\/\">Fixe PLX &#8211; Duplex Stahl<\/a> besitzt die n\u00f6tigen Eigenschaften wie ein zweiphasiges Gef\u00fcge bzw. Widerstandsf\u00e4higkeit gegen Lochfra\u00df und Spannungsrisskorrosion.<\/p>\n<p>Eine noch h\u00f6here Korrosionsbest\u00e4ndigkeit weisen die HCR Stahl Produkte von <a href=\"https:\/\/bolting.eu\/climbing-technology\/\">Climbing Technology<\/a> auf. Wir f\u00fchren <a href=\"https:\/\/bolting.eu\/shop\/hcr-bohrhaken\/\">HCR Bohrhaken<\/a> bzw. <a href=\"https:\/\/bolting.eu\/shop\/hcr-bohrhakenlasche\/\">HCR Bohrhakenlaschen<\/a> in unserem Shop.<\/p>\n<h3>Produkt Video Fischer FAZ II<\/h3>\n<p><iframe loading=\"lazy\" src=\"https:\/\/www.youtube.com\/embed\/AQyJBtjUOzM\" width=\"100%\" height=\"400\" frameborder=\"0\" allowfullscreen=\"allowfullscreen\"><\/iframe><\/p>\n<h3>Fischer FAZ II Bolzenanker \u2013 Hinweis f\u00fcr Klettergarten Halter<\/h3>\n<p>Wer in der Rolle eines Klettergartenhalters sollte beachten. Dieser Bohrhaken ist in seiner 10mm bzw. 12mm Variante f\u00fcr folgende Einsatzbereiche perfekt geeignet.<\/p>\n<ul>\n<li><a href=\"https:\/\/bolting.eu\/consulting-errichtung\/klettergarten-errichtung\/\">Klettergarten Errichtung<\/a><\/li>\n<li><a href=\"https:\/\/bolting.eu\/consulting-errichtung\/klettergarten-sanierung\/\">Sanierung Klettergarten<\/a><\/li>\n<li><a href=\"https:\/\/bolting.eu\/klettergarten-wartung\/\">Klettergarten Wartung<\/a><\/li>\n<\/ul>\n<p>Denn in Kombination mit den entsprechenden Bohrhakenlaschen bzw.\u00a0<a href=\"https:\/\/bolting.eu\/produkt-kategorie\/umlenker-kettenstand\/\">Umlenkern-Kettenst\u00e4nden<\/a>\u00a0wird die\u00a0<strong>EN Norm 959<\/strong>\u00a0erf\u00fcllt. Zur Erf\u00fcllung der rechtlichen Pflichten von Klettergartenhaltern geh\u00f6rt die Anwendung des Durchschnittsma\u00dfes. Die Verwendung von\u00a0<strong>10mm bzw. 12mm<\/strong>\u00a0Bohrhaken aus A4 Stahl ist derzeit dieses Ma\u00df und sollte unbedingt beachtet werden.<\/p>\n<p>Kurzum. Erstens unbedingt die passenden Bohrhaken in Originalpackung mit allen Spezifikationen kaufen. Zweitens die Montage in der Baudokumentation bzw. im Wartungsbuch entsprechend dokumentieren. Drittens beim strikt empfohlenen j\u00e4hrlichen Klettergarten Check nur die gleichen Bohrhaken nach best\u00fccken.<\/p>\n<h3>Weiterf\u00fchrende Infos zu Bohrhaken<\/h3>\n<p>Wenn du dich tiefergehend informieren m\u00f6chtest, dann lies dir unsere Fachbeitr\u00e4ge durch.<\/p>\n<ul>\n<li><a href=\"https:\/\/bolting.eu\/was-halten-bohrhaken\/\">Was halten Bohrhaken?<\/a><\/li>\n<li><a href=\"https:\/\/bolting.eu\/stahlqualitaeten-bei-bohrhaken-und-klebehaken\/\">Stahlqualit\u00e4ten bei Bohrhaken und Klebehaken<\/a><\/li>\n<\/ul>\n<p>Link Tipp: <a href=\"https:\/\/www.fischer.de\/de-de\/produkte\/stahlanker\/bolzenanker\/bolzenanker-faz-ii\/bolzenanker-faz-ii\">zum Hersteller<\/a><\/p>\n<p>Download: <a href=\"https:\/\/bolting.eu\/wp-content\/uploads\/2020\/02\/Fischer-FAZ-II-A4-Stahl-DOP.pdf\">Declaration of Performance<\/a><\/p>\n<p><a href=\"https:\/\/bolting.eu\/wp-content\/uploads\/2020\/02\/Fischer-FAZ-ii-Datenblatt.pdf\">Fischer FAZ II Datenblatt<\/a><\/p>\n","protected":false},"excerpt":{"rendered":"<p>Unser Standard A4 Stahl Bolzenanker a.k.a. Bohrhaken f\u00fcr die \u00dcberkopfmontage, sprich f\u00fcr &#8220;D\u00e4cher&#8221;.<\/p>\n<p>Weiters ideal f\u00fcr etwas weichere Gesteine wie Kalk und Felsarten mit kleinen Hohlr\u00e4umen.<\/p>\n<p>Versandkostenfrei bis 2kg in <img decoding=\"async\" class=\"emoji\" role=\"img\" draggable=\"false\" src=\"https:\/\/s.w.org\/images\/core\/emoji\/14.0.0\/svg\/1f1e6-1f1f9.svg\" alt=\"\ud83c\udde6\ud83c\uddf9\" \/> ab \u20ac 100,- und <img decoding=\"async\" class=\"emoji\" role=\"img\" draggable=\"false\" src=\"https:\/\/s.w.org\/images\/core\/emoji\/14.0.0\/svg\/1f1e9-1f1ea.svg\" alt=\"\ud83c\udde9\ud83c\uddea\" \/> ab \u20ac 200,-!<\/p>\n<p>&nbsp;<\/p>\n","protected":false},"featured_media":1434,"comment_status":"closed","ping_status":"closed","template":"","meta":[],"product_brand":[],"product_cat":[32,4652,1210],"product_tag":[262,1984],"class_list":{"0":"post-1430","1":"product","2":"type-product","3":"status-publish","4":"has-post-thumbnail","6":"product_cat-bohrhaken","7":"product_cat-fischer","8":"product_cat-einbohrartikel","9":"product_tag-alpinklettern","10":"product_tag-a4-stahl","12":"first","13":"instock","14":"taxable","15":"shipping-taxable","16":"purchasable","17":"product-type-variable"},"yoast_head":"<!-- This site is optimized with the Yoast SEO Premium plugin v26.9 (Yoast SEO v26.9) - https:\/\/yoast.com\/product\/yoast-seo-premium-wordpress\/ -->\n<title>Fischer FAZ II Bolzenanker A4 Stahl online kaufen | bolting.eu<\/title>\n<meta name=\"description\" content=\"FISCHER FAZ II Bolzenanker beim Kletter Hardwareprofi aus Innsbruck kaufen \u2705 kostenloser Versand* \u2705 14 Tage R\u00fcckgaberecht \u2705 Co2 neutraler Versand\" \/>\n<meta name=\"robots\" content=\"index, follow, max-snippet:-1, max-image-preview:large, max-video-preview:-1\" \/>\n<link rel=\"canonical\" href=\"https:\/\/bolting.eu\/en\/shop\/fischer-faz-ii-bolzenanker\/\" \/>\n<meta property=\"og:locale\" content=\"en_US\" \/>\n<meta property=\"og:type\" content=\"article\" \/>\n<meta property=\"og:title\" content=\"Fischer FAZ II Bolzenanker A4 Stahl\" \/>\n<meta property=\"og:description\" content=\"FISCHER FAZ II Bolzenanker beim Kletter Hardwareprofi aus Innsbruck kaufen \u2705 kostenloser Versand* \u2705 14 Tage R\u00fcckgaberecht \u2705 Co2 neutraler Versand\" \/>\n<meta property=\"og:url\" content=\"https:\/\/bolting.eu\/en\/shop\/fischer-faz-ii-bolzenanker\/\" \/>\n<meta property=\"og:site_name\" content=\"bolting.eu\" \/>\n<meta property=\"article:publisher\" content=\"https:\/\/www.facebook.com\/bolting.eu\" \/>\n<meta property=\"article:modified_time\" content=\"2026-05-01T15:47:34+00:00\" \/>\n<meta property=\"og:image\" content=\"https:\/\/bolting.eu\/wp-content\/uploads\/2020\/02\/Fischer-FAZ-II-Bolzenanker.jpg\" \/>\n\t<meta property=\"og:image:width\" content=\"700\" \/>\n\t<meta property=\"og:image:height\" content=\"700\" \/>\n\t<meta property=\"og:image:type\" content=\"image\/jpeg\" \/>\n<meta name=\"twitter:card\" content=\"summary_large_image\" \/>\n<meta name=\"twitter:label1\" content=\"Availability\" \/>\n\t<meta name=\"twitter:data1\" content=\"In stock\" \/>\n<script type=\"application\/ld+json\" class=\"yoast-schema-graph\">{\"@context\":\"https:\/\/schema.org\",\"@graph\":[{\"@type\":[\"WebPage\",\"ItemPage\"],\"@id\":\"https:\/\/bolting.eu\/en\/shop\/fischer-faz-ii-bolzenanker\/\",\"url\":\"https:\/\/bolting.eu\/en\/shop\/fischer-faz-ii-bolzenanker\/\",\"name\":\"Fischer FAZ II Bolzenanker A4 Stahl online kaufen | bolting.eu\",\"isPartOf\":{\"@id\":\"https:\/\/bolting.eu\/en\/#website\"},\"primaryImageOfPage\":{\"@id\":\"https:\/\/bolting.eu\/en\/shop\/fischer-faz-ii-bolzenanker\/#primaryimage\"},\"image\":{\"@id\":\"https:\/\/bolting.eu\/en\/shop\/fischer-faz-ii-bolzenanker\/#primaryimage\"},\"thumbnailUrl\":\"https:\/\/bolting.eu\/wp-content\/uploads\/2020\/02\/Fischer-FAZ-II-Bolzenanker.jpg\",\"datePublished\":\"2020-02-25T12:42:08+00:00\",\"dateModified\":\"2026-05-01T15:47:34+00:00\",\"description\":\"FISCHER FAZ II Bolzenanker beim Kletter Hardwareprofi aus Innsbruck kaufen \u2705 kostenloser Versand* \u2705 14 Tage R\u00fcckgaberecht \u2705 Co2 neutraler Versand\",\"breadcrumb\":{\"@id\":\"https:\/\/bolting.eu\/en\/shop\/fischer-faz-ii-bolzenanker\/#breadcrumb\"},\"inLanguage\":\"en-US\",\"potentialAction\":[{\"@type\":\"ReadAction\",\"target\":[\"https:\/\/bolting.eu\/en\/shop\/fischer-faz-ii-bolzenanker\/\"]}]},{\"@type\":\"ImageObject\",\"inLanguage\":\"en-US\",\"@id\":\"https:\/\/bolting.eu\/en\/shop\/fischer-faz-ii-bolzenanker\/#primaryimage\",\"url\":\"https:\/\/bolting.eu\/wp-content\/uploads\/2020\/02\/Fischer-FAZ-II-Bolzenanker.jpg\",\"contentUrl\":\"https:\/\/bolting.eu\/wp-content\/uploads\/2020\/02\/Fischer-FAZ-II-Bolzenanker.jpg\",\"width\":700,\"height\":700,\"caption\":\"Das Bild zeigt einen silbern gl\u00e4nzenden Bohrhaken Fischer FAZ II Bolzenanker auf einem wei\u00dfen Quadrat. Links die Mutter und Beilagscheibe. Rechts der Bolzenanker Schaft mit den Expansionsgliedern und Konus.\"},{\"@type\":\"BreadcrumbList\",\"@id\":\"https:\/\/bolting.eu\/en\/shop\/fischer-faz-ii-bolzenanker\/#breadcrumb\",\"itemListElement\":[{\"@type\":\"ListItem\",\"position\":1,\"name\":\"Shop\",\"item\":\"https:\/\/bolting.eu\/en\/shop\/\"},{\"@type\":\"ListItem\",\"position\":2,\"name\":\"bolting products\",\"item\":\"https:\/\/bolting.eu\/en\/produkt-kategorie\/bolting-products\/\"},{\"@type\":\"ListItem\",\"position\":3,\"name\":\"expansion bolt\",\"item\":\"https:\/\/bolting.eu\/en\/produkt-kategorie\/expansion-bolt\/\"},{\"@type\":\"ListItem\",\"position\":4,\"name\":\"Fischer FAZ II Bolzenanker A4 Stahl\"}]},{\"@type\":\"WebSite\",\"@id\":\"https:\/\/bolting.eu\/en\/#website\",\"url\":\"https:\/\/bolting.eu\/en\/\",\"name\":\"bolting.eu\",\"description\":\"we make climbs happen\",\"publisher\":{\"@id\":\"https:\/\/bolting.eu\/en\/#organization\"},\"potentialAction\":[{\"@type\":\"SearchAction\",\"target\":{\"@type\":\"EntryPoint\",\"urlTemplate\":\"https:\/\/bolting.eu\/en\/?s={search_term_string}\"},\"query-input\":{\"@type\":\"PropertyValueSpecification\",\"valueRequired\":true,\"valueName\":\"search_term_string\"}}],\"inLanguage\":\"en-US\"},{\"@type\":[\"Organization\",\"Place\",\"SportingGoodsStore\"],\"@id\":\"https:\/\/bolting.eu\/en\/#organization\",\"name\":\"bolting.eu\",\"url\":\"https:\/\/bolting.eu\/en\/\",\"logo\":{\"@id\":\"https:\/\/bolting.eu\/en\/shop\/fischer-faz-ii-bolzenanker\/#local-main-organization-logo\"},\"image\":{\"@id\":\"https:\/\/bolting.eu\/en\/shop\/fischer-faz-ii-bolzenanker\/#local-main-organization-logo\"},\"sameAs\":[\"https:\/\/www.facebook.com\/bolting.eu\",\"https:\/\/www.instagram.com\/bolting.eu\/\"],\"address\":{\"@id\":\"https:\/\/bolting.eu\/en\/shop\/fischer-faz-ii-bolzenanker\/#local-main-place-address\"},\"geo\":{\"@type\":\"GeoCoordinates\",\"latitude\":\"47.264176340396226\",\"longitude\":\"11.380109057672346\"},\"telephone\":[\"+43 699 19083372\"],\"openingHoursSpecification\":[{\"@type\":\"OpeningHoursSpecification\",\"dayOfWeek\":[\"Monday\",\"Wednesday\",\"Friday\"],\"opens\":\"14:00\",\"closes\":\"18:00\"},{\"@type\":\"OpeningHoursSpecification\",\"dayOfWeek\":[\"Tuesday\",\"Thursday\",\"Saturday\",\"Sunday\"],\"opens\":\"00:00\",\"closes\":\"00:00\"}],\"email\":\"office@bolting.eu\",\"vatID\":\"ATU59999728\",\"priceRange\":\"$$\",\"currenciesAccepted\":\"Euro\"},{\"@type\":\"PostalAddress\",\"@id\":\"https:\/\/bolting.eu\/en\/shop\/fischer-faz-ii-bolzenanker\/#local-main-place-address\",\"streetAddress\":\"Fischnalerstra\u00dfe 4\",\"addressLocality\":\"Innsbruck\",\"postalCode\":\"6020\",\"addressRegion\":\"Tirol\",\"addressCountry\":\"AT\"},{\"@type\":\"ImageObject\",\"inLanguage\":\"en-US\",\"@id\":\"https:\/\/bolting.eu\/en\/shop\/fischer-faz-ii-bolzenanker\/#local-main-organization-logo\",\"url\":\"https:\/\/bolting.eu\/wp-content\/uploads\/2019\/09\/bolting-logo.png\",\"contentUrl\":\"https:\/\/bolting.eu\/wp-content\/uploads\/2019\/09\/bolting-logo.png\",\"width\":400,\"height\":211,\"caption\":\"bolting.eu\"}]}<\/script>\n<meta property=\"og:video\" content=\"https:\/\/www.youtube.com\/embed\/AQyJBtjUOzM\" \/>\n<meta property=\"og:video:type\" content=\"text\/html\" \/>\n<meta property=\"og:video:duration\" content=\"109\" \/>\n<meta property=\"og:video:width\" content=\"480\" \/>\n<meta property=\"og:video:height\" content=\"270\" \/>\n<meta property=\"ya:ovs:adult\" content=\"false\" \/>\n<meta property=\"ya:ovs:upload_date\" content=\"2020-02-25T12:42:08+00:00\" \/>\n<meta property=\"ya:ovs:allow_embed\" content=\"true\" \/>\n<meta property=\"og:availability\" content=\"instock\" \/>\n<meta property=\"product:availability\" content=\"instock\" \/>\n<meta property=\"product:condition\" content=\"new\" \/>\n<meta name=\"geo.placename\" content=\"Innsbruck\" \/>\n<meta name=\"geo.position\" content=\"47.264176340396226;11.380109057672346\" \/>\n<meta name=\"geo.region\" content=\"Austria\" \/>\n<!-- \/ Yoast SEO Premium plugin. -->","yoast_head_json":{"title":"Fischer FAZ II Bolzenanker A4 Stahl online kaufen | bolting.eu","description":"FISCHER FAZ II Bolzenanker beim Kletter Hardwareprofi aus Innsbruck kaufen \u2705 kostenloser Versand* \u2705 14 Tage R\u00fcckgaberecht \u2705 Co2 neutraler Versand","robots":{"index":"index","follow":"follow","max-snippet":"max-snippet:-1","max-image-preview":"max-image-preview:large","max-video-preview":"max-video-preview:-1"},"canonical":"https:\/\/bolting.eu\/en\/shop\/fischer-faz-ii-bolzenanker\/","og_locale":"en_US","og_type":"article","og_title":"Fischer FAZ II Bolzenanker A4 Stahl","og_description":"FISCHER FAZ II Bolzenanker beim Kletter Hardwareprofi aus Innsbruck kaufen \u2705 kostenloser Versand* \u2705 14 Tage R\u00fcckgaberecht \u2705 Co2 neutraler Versand","og_url":"https:\/\/bolting.eu\/en\/shop\/fischer-faz-ii-bolzenanker\/","og_site_name":"bolting.eu","article_publisher":"https:\/\/www.facebook.com\/bolting.eu","article_modified_time":"2026-05-01T15:47:34+00:00","og_image":[{"width":700,"height":700,"url":"https:\/\/bolting.eu\/wp-content\/uploads\/2020\/02\/Fischer-FAZ-II-Bolzenanker.jpg","type":"image\/jpeg"}],"twitter_card":"summary_large_image","twitter_misc":{"Availability":"In stock"},"schema":{"@context":"https:\/\/schema.org","@graph":[{"@type":["WebPage","ItemPage"],"@id":"https:\/\/bolting.eu\/en\/shop\/fischer-faz-ii-bolzenanker\/","url":"https:\/\/bolting.eu\/en\/shop\/fischer-faz-ii-bolzenanker\/","name":"Fischer FAZ II Bolzenanker A4 Stahl online kaufen | bolting.eu","isPartOf":{"@id":"https:\/\/bolting.eu\/en\/#website"},"primaryImageOfPage":{"@id":"https:\/\/bolting.eu\/en\/shop\/fischer-faz-ii-bolzenanker\/#primaryimage"},"image":{"@id":"https:\/\/bolting.eu\/en\/shop\/fischer-faz-ii-bolzenanker\/#primaryimage"},"thumbnailUrl":"https:\/\/bolting.eu\/wp-content\/uploads\/2020\/02\/Fischer-FAZ-II-Bolzenanker.jpg","datePublished":"2020-02-25T12:42:08+00:00","dateModified":"2026-05-01T15:47:34+00:00","description":"FISCHER FAZ II Bolzenanker beim Kletter Hardwareprofi aus Innsbruck kaufen \u2705 kostenloser Versand* \u2705 14 Tage R\u00fcckgaberecht \u2705 Co2 neutraler Versand","breadcrumb":{"@id":"https:\/\/bolting.eu\/en\/shop\/fischer-faz-ii-bolzenanker\/#breadcrumb"},"inLanguage":"en-US","potentialAction":[{"@type":"ReadAction","target":["https:\/\/bolting.eu\/en\/shop\/fischer-faz-ii-bolzenanker\/"]}]},{"@type":"ImageObject","inLanguage":"en-US","@id":"https:\/\/bolting.eu\/en\/shop\/fischer-faz-ii-bolzenanker\/#primaryimage","url":"https:\/\/bolting.eu\/wp-content\/uploads\/2020\/02\/Fischer-FAZ-II-Bolzenanker.jpg","contentUrl":"https:\/\/bolting.eu\/wp-content\/uploads\/2020\/02\/Fischer-FAZ-II-Bolzenanker.jpg","width":700,"height":700,"caption":"Das Bild zeigt einen silbern gl\u00e4nzenden Bohrhaken Fischer FAZ II Bolzenanker auf einem wei\u00dfen Quadrat. Links die Mutter und Beilagscheibe. Rechts der Bolzenanker Schaft mit den Expansionsgliedern und Konus."},{"@type":"BreadcrumbList","@id":"https:\/\/bolting.eu\/en\/shop\/fischer-faz-ii-bolzenanker\/#breadcrumb","itemListElement":[{"@type":"ListItem","position":1,"name":"Shop","item":"https:\/\/bolting.eu\/en\/shop\/"},{"@type":"ListItem","position":2,"name":"bolting products","item":"https:\/\/bolting.eu\/en\/produkt-kategorie\/bolting-products\/"},{"@type":"ListItem","position":3,"name":"expansion bolt","item":"https:\/\/bolting.eu\/en\/produkt-kategorie\/expansion-bolt\/"},{"@type":"ListItem","position":4,"name":"Fischer FAZ II Bolzenanker A4 Stahl"}]},{"@type":"WebSite","@id":"https:\/\/bolting.eu\/en\/#website","url":"https:\/\/bolting.eu\/en\/","name":"bolting.eu","description":"we make climbs happen","publisher":{"@id":"https:\/\/bolting.eu\/en\/#organization"},"potentialAction":[{"@type":"SearchAction","target":{"@type":"EntryPoint","urlTemplate":"https:\/\/bolting.eu\/en\/?s={search_term_string}"},"query-input":{"@type":"PropertyValueSpecification","valueRequired":true,"valueName":"search_term_string"}}],"inLanguage":"en-US"},{"@type":["Organization","Place","SportingGoodsStore"],"@id":"https:\/\/bolting.eu\/en\/#organization","name":"bolting.eu","url":"https:\/\/bolting.eu\/en\/","logo":{"@id":"https:\/\/bolting.eu\/en\/shop\/fischer-faz-ii-bolzenanker\/#local-main-organization-logo"},"image":{"@id":"https:\/\/bolting.eu\/en\/shop\/fischer-faz-ii-bolzenanker\/#local-main-organization-logo"},"sameAs":["https:\/\/www.facebook.com\/bolting.eu","https:\/\/www.instagram.com\/bolting.eu\/"],"address":{"@id":"https:\/\/bolting.eu\/en\/shop\/fischer-faz-ii-bolzenanker\/#local-main-place-address"},"geo":{"@type":"GeoCoordinates","latitude":"47.264176340396226","longitude":"11.380109057672346"},"telephone":["+43 699 19083372"],"openingHoursSpecification":[{"@type":"OpeningHoursSpecification","dayOfWeek":["Monday","Wednesday","Friday"],"opens":"14:00","closes":"18:00"},{"@type":"OpeningHoursSpecification","dayOfWeek":["Tuesday","Thursday","Saturday","Sunday"],"opens":"00:00","closes":"00:00"}],"email":"office@bolting.eu","vatID":"ATU59999728","priceRange":"$$","currenciesAccepted":"Euro"},{"@type":"PostalAddress","@id":"https:\/\/bolting.eu\/en\/shop\/fischer-faz-ii-bolzenanker\/#local-main-place-address","streetAddress":"Fischnalerstra\u00dfe 4","addressLocality":"Innsbruck","postalCode":"6020","addressRegion":"Tirol","addressCountry":"AT"},{"@type":"ImageObject","inLanguage":"en-US","@id":"https:\/\/bolting.eu\/en\/shop\/fischer-faz-ii-bolzenanker\/#local-main-organization-logo","url":"https:\/\/bolting.eu\/wp-content\/uploads\/2019\/09\/bolting-logo.png","contentUrl":"https:\/\/bolting.eu\/wp-content\/uploads\/2019\/09\/bolting-logo.png","width":400,"height":211,"caption":"bolting.eu"}]},"og_video":"https:\/\/www.youtube.com\/embed\/AQyJBtjUOzM","og_video_type":"text\/html","og_video_duration":"109","og_video_width":"480","og_video_height":"270","ya_ovs_adult":"false","ya_ovs_upload_date":"2020-02-25T12:42:08+00:00","ya_ovs_allow_embed":"true","og_availability":"instock","product_availability":"instock","product_condition":"new","geo.placename":"Innsbruck","geo.position":{"lat":"47.264176340396226","long":"11.380109057672346"},"geo.region":"Austria"},"_links":{"self":[{"href":"https:\/\/bolting.eu\/en\/wp-json\/wp\/v2\/product\/1430","targetHints":{"allow":["GET"]}}],"collection":[{"href":"https:\/\/bolting.eu\/en\/wp-json\/wp\/v2\/product"}],"about":[{"href":"https:\/\/bolting.eu\/en\/wp-json\/wp\/v2\/types\/product"}],"replies":[{"embeddable":true,"href":"https:\/\/bolting.eu\/en\/wp-json\/wp\/v2\/comments?post=1430"}],"wp:featuredmedia":[{"embeddable":true,"href":"https:\/\/bolting.eu\/en\/wp-json\/wp\/v2\/media\/1434"}],"wp:attachment":[{"href":"https:\/\/bolting.eu\/en\/wp-json\/wp\/v2\/media?parent=1430"}],"wp:term":[{"taxonomy":"product_brand","embeddable":true,"href":"https:\/\/bolting.eu\/en\/wp-json\/wp\/v2\/product_brand?post=1430"},{"taxonomy":"product_cat","embeddable":true,"href":"https:\/\/bolting.eu\/en\/wp-json\/wp\/v2\/product_cat?post=1430"},{"taxonomy":"product_tag","embeddable":true,"href":"https:\/\/bolting.eu\/en\/wp-json\/wp\/v2\/product_tag?post=1430"}],"curies":[{"name":"wp","href":"https:\/\/api.w.org\/{rel}","templated":true}]}}