{"id":14295,"date":"2022-12-12T14:50:27","date_gmt":"2022-12-12T13:50:27","guid":{"rendered":"https:\/\/bolting.eu\/?post_type=product&#038;p=14295"},"modified":"2024-08-12T11:39:01","modified_gmt":"2024-08-12T09:39:01","slug":"lacd-biwaksack-light-i","status":"publish","type":"product","link":"https:\/\/bolting.eu\/en\/shop\/lacd-biwaksack-light-i\/","title":{"rendered":"LACD Biwaksack Light I"},"content":{"rendered":"<p>Der LACD Biwaksack Light I ist ein Modell f\u00fcr geplante und ungeplante \u00dcbernachtungen. Denn er besteht aus solidem Ripstop Nylon und ist innen f\u00fcr die W\u00e4rmereflexion alubeschichtet.<\/p>\n<p>Das gibt diesem Bivy Bag eine ordentliche Qualit\u00e4t bei gleichzeitig geringem Packma\u00df bzw. Gewicht. Somit f\u00e4llt er z.B. im <a href=\"https:\/\/bolting.eu\/produkt-kategorie\/kletterausruestung\/kletterrucksack\/\">Kletterrucksack<\/a> nicht so enorm in die Waagschale. Die Gr\u00f6\u00dfe I ist f\u00fcr eine Person ausgelegt.<\/p>\n<p>Das Fu\u00dfende l\u00e4sst sich mit Klettverschluss \u00f6ffnen\/ schlie\u00dfen und sorgt so f\u00fcr ausreichend Bel\u00fcftung. Mit den beiden seitlichen B\u00e4ndern kann man den Sack fu\u00dfseitig gut abspannen.<\/p>\n<p>Dieses Modell ist f\u00fcr alle gedacht, die einen Kompromiss aus geringem Gewicht und guter Qualit\u00e4t suchen.<\/p>\n<h2>Eigenschaften LACD Biwaksack Light I<\/h2>\n<ul>\n<li>Hersteller: <a href=\"https:\/\/bolting.eu\/produkt-kategorie\/lacd\/\">LACD<\/a><\/li>\n<li>Material: alubeschichteter Ripstop Nylon, N\u00e4hte nicht getaped;<\/li>\n<li>Packbeutel: Polyamid<\/li>\n<li>Gewicht: 220 Gramm<\/li>\n<li>Ma\u00dfe: 220 x 85 cm (Schultern) bzw. 54cm (F\u00fc\u00dfe)<\/li>\n<li>Packma\u00df: nur ca. 20 x 9cm<\/li>\n<li>Biwacksack f\u00fcr 1 Person<\/li>\n<li>Weite Kopf\u00f6ffnung mit Kordelzug einstellbar<\/li>\n<li>windundurchl\u00e4ssig und wasserdicht<\/li>\n<li>spitze Steine und \u00c4ste vermeiden!<\/li>\n<li>robust und wiederverwendbar<\/li>\n<\/ul>\n<h3>2. von drei Qualit\u00e4tsstufen<\/h3>\n<p>Der Biwaksack Light I ist ein sehr guter Kompromiss aus Gewicht \/ Packma\u00df und Qualit\u00e4t. Denn er ist in der 2. Qualit\u00e4tsstufe von drei einzuordnen.<\/p>\n<p>Ein wesentlich leichteres &#8220;Notfall&#8221; Modell ist der <a href=\"https:\/\/bolting.eu\/shop\/lacd-biwaksack-superlight-i\/\">Superlight<\/a>. Ein wesentlich besseres Modell das aber auch schwerer ist, w\u00e4re der Bivy Bag WPB.<\/p>\n<p>Mit 220 Gramm bzw. 20 x 9 cm ordnet sich dieser Sack ebenso im Mittelfeld ein. D.h. er braucht schon etwas Platz im Kletterrucksack, bietet daf\u00fcr aber auch ordentlich Schutz.<\/p>\n<h3>Unten offen<\/h3>\n<p>Am Fu\u00dfende befindet sich ein Klettverschluss am LACD Bivy Bag I. Das hat den Vorteil, das man gut bel\u00fcftet ist. Denn bei den einfachen Notfallmodellen aus PE kann der Sack innen mit Kondenswasser beschlagen.<\/p>\n<p>Die \u00d6ffnung an den Beinen kann dies verhindern. Voraussetzung ist nat\u00fcrlich, dass es nicht regnet. In diesem Fall kann man den Fu\u00dfteil jedoch &#8220;zusammen kletten&#8221; und &#8220;umschlagen&#8221;.<\/p>\n","protected":false},"excerpt":{"rendered":"<p><strong>Leichter Biwaksack<\/strong> mit alubeschichtetem Ripstop Nylon sorgt f\u00fcr W\u00e4rmereflexion, ist winddicht und wasserundurchl\u00e4ssig.<\/p>\n<p>Das Modell hat nur 220 Gramm, ein Packma\u00df von 20 x 9 cm und ist mit 220 cm x 85 &#8211; 54cm <strong>f\u00fcr 1 Person<\/strong> gedacht!<\/p>\n<p>Versandkostenfrei bis 2kg in\u00a0<img decoding=\"async\" class=\"emoji\" role=\"img\" draggable=\"false\" src=\"https:\/\/s.w.org\/images\/core\/emoji\/13.1.0\/svg\/1f1e6-1f1f9.svg\" alt=\"\ud83c\udde6\ud83c\uddf9\" \/>\u00a0ab \u20ac 100,- und\u00a0<img decoding=\"async\" class=\"emoji\" role=\"img\" draggable=\"false\" src=\"https:\/\/s.w.org\/images\/core\/emoji\/13.1.0\/svg\/1f1e9-1f1ea.svg\" alt=\"\ud83c\udde9\ud83c\uddea\" \/>\u00a0ab \u20ac 200,-!<\/p>\n","protected":false},"featured_media":14296,"comment_status":"closed","ping_status":"closed","template":"","meta":[],"product_brand":[],"product_cat":[4669,14357,11052,13938],"product_tag":[],"class_list":{"0":"post-14295","1":"product","2":"type-product","3":"status-publish","4":"has-post-thumbnail","6":"product_cat-lacd","7":"product_cat-lacd-biwaksack","8":"product_cat-zubehoer-hochtouren","9":"product_cat-bergsteiger-ausruestung","11":"first","12":"instock","13":"taxable","14":"shipping-taxable","15":"purchasable","16":"product-type-simple"},"yoast_head":"<!-- This site is optimized with the Yoast SEO Premium plugin v26.9 (Yoast SEO v26.9) - https:\/\/yoast.com\/product\/yoast-seo-premium-wordpress\/ -->\n<title>LACD Biwaksack Light I - leichter Bivy Bag f\u00fcr 1 Person | bolting.eu<\/title>\n<meta name=\"description\" content=\"LACD Biwaksack Light I - beim Kletter Hardwareprofi kaufen \u2705 Trusted Shop \u2705 kostenloser Versand* \u2705 14 Tage R\u00fcckgaberecht \u2705 Co2 neutrale Zustellung\" \/>\n<meta name=\"robots\" content=\"index, follow, max-snippet:-1, max-image-preview:large, max-video-preview:-1\" \/>\n<link rel=\"canonical\" href=\"https:\/\/bolting.eu\/en\/shop\/lacd-biwaksack-light-i\/\" \/>\n<meta property=\"og:locale\" content=\"en_US\" \/>\n<meta property=\"og:type\" content=\"article\" \/>\n<meta property=\"og:title\" content=\"LACD Biwaksack Light I\" \/>\n<meta property=\"og:description\" content=\"LACD Biwaksack Light I - beim Kletter Hardwareprofi kaufen \u2705 Trusted Shop \u2705 kostenloser Versand* \u2705 14 Tage R\u00fcckgaberecht \u2705 Co2 neutrale Zustellung\" \/>\n<meta property=\"og:url\" content=\"https:\/\/bolting.eu\/en\/shop\/lacd-biwaksack-light-i\/\" \/>\n<meta property=\"og:site_name\" content=\"bolting.eu\" \/>\n<meta property=\"article:publisher\" content=\"https:\/\/www.facebook.com\/bolting.eu\" \/>\n<meta property=\"article:modified_time\" content=\"2024-08-12T09:39:01+00:00\" \/>\n<meta property=\"og:image\" content=\"https:\/\/bolting.eu\/wp-content\/uploads\/2022\/12\/LACD-Biwaksack-Light-I-2.jpg\" \/>\n\t<meta property=\"og:image:width\" content=\"700\" \/>\n\t<meta property=\"og:image:height\" content=\"700\" \/>\n\t<meta property=\"og:image:type\" content=\"image\/jpeg\" \/>\n<meta name=\"twitter:card\" content=\"summary_large_image\" \/>\n<meta name=\"twitter:label1\" content=\"Price\" \/>\n\t<meta name=\"twitter:data1\" content=\"&euro;&nbsp;49,90\" \/>\n\t<meta name=\"twitter:label2\" content=\"Availability\" \/>\n\t<meta name=\"twitter:data2\" content=\"In stock\" \/>\n<script type=\"application\/ld+json\" class=\"yoast-schema-graph\">{\"@context\":\"https:\/\/schema.org\",\"@graph\":[{\"@type\":[\"WebPage\",\"ItemPage\"],\"@id\":\"https:\/\/bolting.eu\/en\/shop\/lacd-biwaksack-light-i\/\",\"url\":\"https:\/\/bolting.eu\/en\/shop\/lacd-biwaksack-light-i\/\",\"name\":\"LACD Biwaksack Light I - leichter Bivy Bag f\u00fcr 1 Person | bolting.eu\",\"isPartOf\":{\"@id\":\"https:\/\/bolting.eu\/en\/#website\"},\"primaryImageOfPage\":{\"@id\":\"https:\/\/bolting.eu\/en\/shop\/lacd-biwaksack-light-i\/#primaryimage\"},\"image\":{\"@id\":\"https:\/\/bolting.eu\/en\/shop\/lacd-biwaksack-light-i\/#primaryimage\"},\"thumbnailUrl\":\"https:\/\/bolting.eu\/wp-content\/uploads\/2022\/12\/LACD-Biwaksack-Light-I-2.jpg\",\"datePublished\":\"2022-12-12T13:50:27+00:00\",\"dateModified\":\"2024-08-12T09:39:01+00:00\",\"description\":\"LACD Biwaksack Light I - beim Kletter Hardwareprofi kaufen \u2705 Trusted Shop \u2705 kostenloser Versand* \u2705 14 Tage R\u00fcckgaberecht \u2705 Co2 neutrale Zustellung\",\"breadcrumb\":{\"@id\":\"https:\/\/bolting.eu\/en\/shop\/lacd-biwaksack-light-i\/#breadcrumb\"},\"inLanguage\":\"en-US\",\"potentialAction\":[{\"@type\":\"ReadAction\",\"target\":[\"https:\/\/bolting.eu\/en\/shop\/lacd-biwaksack-light-i\/\"]}]},{\"@type\":\"ImageObject\",\"inLanguage\":\"en-US\",\"@id\":\"https:\/\/bolting.eu\/en\/shop\/lacd-biwaksack-light-i\/#primaryimage\",\"url\":\"https:\/\/bolting.eu\/wp-content\/uploads\/2022\/12\/LACD-Biwaksack-Light-I-2.jpg\",\"contentUrl\":\"https:\/\/bolting.eu\/wp-content\/uploads\/2022\/12\/LACD-Biwaksack-Light-I-2.jpg\",\"width\":700,\"height\":700,\"caption\":\"Das Bild zeigt den LACD Biwaksack Light I mit oranger Oberseite und Kapuze.\"},{\"@type\":\"BreadcrumbList\",\"@id\":\"https:\/\/bolting.eu\/en\/shop\/lacd-biwaksack-light-i\/#breadcrumb\",\"itemListElement\":[{\"@type\":\"ListItem\",\"position\":1,\"name\":\"Shop\",\"item\":\"https:\/\/bolting.eu\/en\/shop\/\"},{\"@type\":\"ListItem\",\"position\":2,\"name\":\"Bergsteiger Ausr\u00fcstung\",\"item\":\"https:\/\/bolting.eu\/produkt-kategorie\/bergsteiger-ausruestung\/\"},{\"@type\":\"ListItem\",\"position\":3,\"name\":\"LACD Biwaksack\",\"item\":\"https:\/\/bolting.eu\/produkt-kategorie\/bergsteiger-ausruestung\/lacd-biwaksack\/\"},{\"@type\":\"ListItem\",\"position\":4,\"name\":\"LACD Biwaksack Light I\"}]},{\"@type\":\"WebSite\",\"@id\":\"https:\/\/bolting.eu\/en\/#website\",\"url\":\"https:\/\/bolting.eu\/en\/\",\"name\":\"bolting.eu\",\"description\":\"we make climbs happen\",\"publisher\":{\"@id\":\"https:\/\/bolting.eu\/en\/#organization\"},\"potentialAction\":[{\"@type\":\"SearchAction\",\"target\":{\"@type\":\"EntryPoint\",\"urlTemplate\":\"https:\/\/bolting.eu\/en\/?s={search_term_string}\"},\"query-input\":{\"@type\":\"PropertyValueSpecification\",\"valueRequired\":true,\"valueName\":\"search_term_string\"}}],\"inLanguage\":\"en-US\"},{\"@type\":[\"Organization\",\"Place\",\"SportingGoodsStore\"],\"@id\":\"https:\/\/bolting.eu\/en\/#organization\",\"name\":\"bolting.eu\",\"url\":\"https:\/\/bolting.eu\/en\/\",\"logo\":{\"@id\":\"https:\/\/bolting.eu\/en\/shop\/lacd-biwaksack-light-i\/#local-main-organization-logo\"},\"image\":{\"@id\":\"https:\/\/bolting.eu\/en\/shop\/lacd-biwaksack-light-i\/#local-main-organization-logo\"},\"sameAs\":[\"https:\/\/www.facebook.com\/bolting.eu\",\"https:\/\/www.instagram.com\/bolting.eu\/\"],\"address\":{\"@id\":\"https:\/\/bolting.eu\/en\/shop\/lacd-biwaksack-light-i\/#local-main-place-address\"},\"geo\":{\"@type\":\"GeoCoordinates\",\"latitude\":\"47.264176340396226\",\"longitude\":\"11.380109057672346\"},\"telephone\":[\"+43 699 19083372\"],\"openingHoursSpecification\":[{\"@type\":\"OpeningHoursSpecification\",\"dayOfWeek\":[\"Monday\",\"Wednesday\",\"Friday\"],\"opens\":\"14:00\",\"closes\":\"18:00\"},{\"@type\":\"OpeningHoursSpecification\",\"dayOfWeek\":[\"Tuesday\",\"Thursday\",\"Saturday\",\"Sunday\"],\"opens\":\"00:00\",\"closes\":\"00:00\"}],\"email\":\"office@bolting.eu\",\"vatID\":\"ATU59999728\",\"priceRange\":\"$$\",\"currenciesAccepted\":\"Euro\"},{\"@type\":\"PostalAddress\",\"@id\":\"https:\/\/bolting.eu\/en\/shop\/lacd-biwaksack-light-i\/#local-main-place-address\",\"streetAddress\":\"Fischnalerstra\u00dfe 4\",\"addressLocality\":\"Innsbruck\",\"postalCode\":\"6020\",\"addressRegion\":\"Tirol\",\"addressCountry\":\"AT\"},{\"@type\":\"ImageObject\",\"inLanguage\":\"en-US\",\"@id\":\"https:\/\/bolting.eu\/en\/shop\/lacd-biwaksack-light-i\/#local-main-organization-logo\",\"url\":\"https:\/\/bolting.eu\/wp-content\/uploads\/2019\/09\/bolting-logo.png\",\"contentUrl\":\"https:\/\/bolting.eu\/wp-content\/uploads\/2019\/09\/bolting-logo.png\",\"width\":400,\"height\":211,\"caption\":\"bolting.eu\"}]}<\/script>\n<meta property=\"product:price:amount\" content=\"49.90\" \/>\n<meta property=\"product:price:currency\" content=\"EUR\" \/>\n<meta property=\"og:availability\" content=\"instock\" \/>\n<meta property=\"product:availability\" content=\"instock\" \/>\n<meta property=\"product:retailer_item_id\" content=\"9404\" \/>\n<meta property=\"product:condition\" content=\"new\" \/>\n<meta name=\"geo.placename\" content=\"Innsbruck\" \/>\n<meta name=\"geo.position\" content=\"47.264176340396226;11.380109057672346\" \/>\n<meta name=\"geo.region\" content=\"Austria\" \/>\n<!-- \/ Yoast SEO Premium plugin. -->","yoast_head_json":{"title":"LACD Biwaksack Light I - leichter Bivy Bag f\u00fcr 1 Person | bolting.eu","description":"LACD Biwaksack Light I - beim Kletter Hardwareprofi kaufen \u2705 Trusted Shop \u2705 kostenloser Versand* \u2705 14 Tage R\u00fcckgaberecht \u2705 Co2 neutrale Zustellung","robots":{"index":"index","follow":"follow","max-snippet":"max-snippet:-1","max-image-preview":"max-image-preview:large","max-video-preview":"max-video-preview:-1"},"canonical":"https:\/\/bolting.eu\/en\/shop\/lacd-biwaksack-light-i\/","og_locale":"en_US","og_type":"article","og_title":"LACD Biwaksack Light I","og_description":"LACD Biwaksack Light I - beim Kletter Hardwareprofi kaufen \u2705 Trusted Shop \u2705 kostenloser Versand* \u2705 14 Tage R\u00fcckgaberecht \u2705 Co2 neutrale Zustellung","og_url":"https:\/\/bolting.eu\/en\/shop\/lacd-biwaksack-light-i\/","og_site_name":"bolting.eu","article_publisher":"https:\/\/www.facebook.com\/bolting.eu","article_modified_time":"2024-08-12T09:39:01+00:00","og_image":[{"width":700,"height":700,"url":"https:\/\/bolting.eu\/wp-content\/uploads\/2022\/12\/LACD-Biwaksack-Light-I-2.jpg","type":"image\/jpeg"}],"twitter_card":"summary_large_image","twitter_misc":{"Price":"&euro;&nbsp;49,90","Availability":"In stock"},"schema":{"@context":"https:\/\/schema.org","@graph":[{"@type":["WebPage","ItemPage"],"@id":"https:\/\/bolting.eu\/en\/shop\/lacd-biwaksack-light-i\/","url":"https:\/\/bolting.eu\/en\/shop\/lacd-biwaksack-light-i\/","name":"LACD Biwaksack Light I - leichter Bivy Bag f\u00fcr 1 Person | bolting.eu","isPartOf":{"@id":"https:\/\/bolting.eu\/en\/#website"},"primaryImageOfPage":{"@id":"https:\/\/bolting.eu\/en\/shop\/lacd-biwaksack-light-i\/#primaryimage"},"image":{"@id":"https:\/\/bolting.eu\/en\/shop\/lacd-biwaksack-light-i\/#primaryimage"},"thumbnailUrl":"https:\/\/bolting.eu\/wp-content\/uploads\/2022\/12\/LACD-Biwaksack-Light-I-2.jpg","datePublished":"2022-12-12T13:50:27+00:00","dateModified":"2024-08-12T09:39:01+00:00","description":"LACD Biwaksack Light I - beim Kletter Hardwareprofi kaufen \u2705 Trusted Shop \u2705 kostenloser Versand* \u2705 14 Tage R\u00fcckgaberecht \u2705 Co2 neutrale Zustellung","breadcrumb":{"@id":"https:\/\/bolting.eu\/en\/shop\/lacd-biwaksack-light-i\/#breadcrumb"},"inLanguage":"en-US","potentialAction":[{"@type":"ReadAction","target":["https:\/\/bolting.eu\/en\/shop\/lacd-biwaksack-light-i\/"]}]},{"@type":"ImageObject","inLanguage":"en-US","@id":"https:\/\/bolting.eu\/en\/shop\/lacd-biwaksack-light-i\/#primaryimage","url":"https:\/\/bolting.eu\/wp-content\/uploads\/2022\/12\/LACD-Biwaksack-Light-I-2.jpg","contentUrl":"https:\/\/bolting.eu\/wp-content\/uploads\/2022\/12\/LACD-Biwaksack-Light-I-2.jpg","width":700,"height":700,"caption":"Das Bild zeigt den LACD Biwaksack Light I mit oranger Oberseite und Kapuze."},{"@type":"BreadcrumbList","@id":"https:\/\/bolting.eu\/en\/shop\/lacd-biwaksack-light-i\/#breadcrumb","itemListElement":[{"@type":"ListItem","position":1,"name":"Shop","item":"https:\/\/bolting.eu\/en\/shop\/"},{"@type":"ListItem","position":2,"name":"Bergsteiger Ausr\u00fcstung","item":"https:\/\/bolting.eu\/produkt-kategorie\/bergsteiger-ausruestung\/"},{"@type":"ListItem","position":3,"name":"LACD Biwaksack","item":"https:\/\/bolting.eu\/produkt-kategorie\/bergsteiger-ausruestung\/lacd-biwaksack\/"},{"@type":"ListItem","position":4,"name":"LACD Biwaksack Light I"}]},{"@type":"WebSite","@id":"https:\/\/bolting.eu\/en\/#website","url":"https:\/\/bolting.eu\/en\/","name":"bolting.eu","description":"we make climbs happen","publisher":{"@id":"https:\/\/bolting.eu\/en\/#organization"},"potentialAction":[{"@type":"SearchAction","target":{"@type":"EntryPoint","urlTemplate":"https:\/\/bolting.eu\/en\/?s={search_term_string}"},"query-input":{"@type":"PropertyValueSpecification","valueRequired":true,"valueName":"search_term_string"}}],"inLanguage":"en-US"},{"@type":["Organization","Place","SportingGoodsStore"],"@id":"https:\/\/bolting.eu\/en\/#organization","name":"bolting.eu","url":"https:\/\/bolting.eu\/en\/","logo":{"@id":"https:\/\/bolting.eu\/en\/shop\/lacd-biwaksack-light-i\/#local-main-organization-logo"},"image":{"@id":"https:\/\/bolting.eu\/en\/shop\/lacd-biwaksack-light-i\/#local-main-organization-logo"},"sameAs":["https:\/\/www.facebook.com\/bolting.eu","https:\/\/www.instagram.com\/bolting.eu\/"],"address":{"@id":"https:\/\/bolting.eu\/en\/shop\/lacd-biwaksack-light-i\/#local-main-place-address"},"geo":{"@type":"GeoCoordinates","latitude":"47.264176340396226","longitude":"11.380109057672346"},"telephone":["+43 699 19083372"],"openingHoursSpecification":[{"@type":"OpeningHoursSpecification","dayOfWeek":["Monday","Wednesday","Friday"],"opens":"14:00","closes":"18:00"},{"@type":"OpeningHoursSpecification","dayOfWeek":["Tuesday","Thursday","Saturday","Sunday"],"opens":"00:00","closes":"00:00"}],"email":"office@bolting.eu","vatID":"ATU59999728","priceRange":"$$","currenciesAccepted":"Euro"},{"@type":"PostalAddress","@id":"https:\/\/bolting.eu\/en\/shop\/lacd-biwaksack-light-i\/#local-main-place-address","streetAddress":"Fischnalerstra\u00dfe 4","addressLocality":"Innsbruck","postalCode":"6020","addressRegion":"Tirol","addressCountry":"AT"},{"@type":"ImageObject","inLanguage":"en-US","@id":"https:\/\/bolting.eu\/en\/shop\/lacd-biwaksack-light-i\/#local-main-organization-logo","url":"https:\/\/bolting.eu\/wp-content\/uploads\/2019\/09\/bolting-logo.png","contentUrl":"https:\/\/bolting.eu\/wp-content\/uploads\/2019\/09\/bolting-logo.png","width":400,"height":211,"caption":"bolting.eu"}]},"product_price_amount":"49.90","product_price_currency":"EUR","og_availability":"instock","product_availability":"instock","product_retailer_item_id":"9404","product_condition":"new","geo.placename":"Innsbruck","geo.position":{"lat":"47.264176340396226","long":"11.380109057672346"},"geo.region":"Austria"},"_links":{"self":[{"href":"https:\/\/bolting.eu\/en\/wp-json\/wp\/v2\/product\/14295","targetHints":{"allow":["GET"]}}],"collection":[{"href":"https:\/\/bolting.eu\/en\/wp-json\/wp\/v2\/product"}],"about":[{"href":"https:\/\/bolting.eu\/en\/wp-json\/wp\/v2\/types\/product"}],"replies":[{"embeddable":true,"href":"https:\/\/bolting.eu\/en\/wp-json\/wp\/v2\/comments?post=14295"}],"wp:featuredmedia":[{"embeddable":true,"href":"https:\/\/bolting.eu\/en\/wp-json\/wp\/v2\/media\/14296"}],"wp:attachment":[{"href":"https:\/\/bolting.eu\/en\/wp-json\/wp\/v2\/media?parent=14295"}],"wp:term":[{"taxonomy":"product_brand","embeddable":true,"href":"https:\/\/bolting.eu\/en\/wp-json\/wp\/v2\/product_brand?post=14295"},{"taxonomy":"product_cat","embeddable":true,"href":"https:\/\/bolting.eu\/en\/wp-json\/wp\/v2\/product_cat?post=14295"},{"taxonomy":"product_tag","embeddable":true,"href":"https:\/\/bolting.eu\/en\/wp-json\/wp\/v2\/product_tag?post=14295"}],"curies":[{"name":"wp","href":"https:\/\/api.w.org\/{rel}","templated":true}]}}