{"id":14289,"date":"2022-12-12T14:40:12","date_gmt":"2022-12-12T13:40:12","guid":{"rendered":"https:\/\/bolting.eu\/?post_type=product&#038;p=14289"},"modified":"2025-02-07T16:13:06","modified_gmt":"2025-02-07T15:13:06","slug":"lacd-biwaksack-superlight-i","status":"publish","type":"product","link":"https:\/\/bolting.eu\/en\/shop\/lacd-biwaksack-superlight-i\/","title":{"rendered":"LACD Biwaksack Superlight I"},"content":{"rendered":"<p>Der LACD Biwaksack Superlight I ist ein extrem leichtes Modell und daher als <strong>Notfallausr\u00fcstung<\/strong> gedacht. Er verhindert das Ausk\u00fchlen bzw. Nass werden bei ungeplanten N\u00e4chten im Freien.<\/p>\n<p>Hierf\u00fcr hat der ultraleichte Sack <strong>f\u00fcr eine Person<\/strong> zwei entscheidende Features. Erstens eine alubedampfte Polyethylene Folie. Diese reflektiert die K\u00f6rperw\u00e4rme. Und zweitens eben die PE H\u00fclle. Diese ist winddicht und stark wasserabweisend.<\/p>\n<p>Der entsprechende Packbeutel ist gro\u00df genug, um den Biwaksack nach Gebrauch auch wieder gut verstauen zu k\u00f6nnen.<\/p>\n<p>Kurzum. Er sollte in keiner <a href=\"https:\/\/bolting.eu\/bergsteiger-ausruestung\/\">Kletterausr\u00fcstung<\/a> bzw. <a href=\"https:\/\/bolting.eu\/bergsteiger-ausruestung\/\">Bergsteigerausr\u00fcstung<\/a> fehlen!<\/p>\n<h2>Eigenschaften LACD Biwaksack Superlight I<\/h2>\n<ul>\n<li>Hersteller: <a href=\"https:\/\/bolting.eu\/produkt-kategorie\/lacd\/\">LACD<\/a><\/li>\n<li>Material: alubedampftes Polyethylen<\/li>\n<li>Packbeutel: Polyamid<\/li>\n<li>Gewicht: 115 Gramm<\/li>\n<li>Ma\u00dfe: 211 x 93cm<\/li>\n<li>Packma\u00df: nur ca. 13 x 6cm<\/li>\n<li>Notfall Biwacksack f\u00fcr 1 Person<\/li>\n<li>windundurchl\u00e4ssig und wasserdicht<\/li>\n<li>spitze Steine und \u00c4ste vermeiden!<\/li>\n<li>f\u00fcr Wiederverwendung extremen Zug an N\u00e4hten vermeiden!<\/li>\n<\/ul>\n<h3>Notfallausr\u00fcstung!<\/h3>\n<p>Es liegt in der Natur der Sache &#8220;Notfallausr\u00fcstung&#8221;, dass der LACD Biwacksack Superlight I kein Produkt zur regelm\u00e4\u00dfigen Verwendung ist. Zudem haben seine Eigenschaften hinsichtlich Wasserdurchl\u00e4ssigkeit und Atmungsaktivit\u00e4t seine Grenzen.<\/p>\n<p>Wer regelm\u00e4\u00dfige Biwaks plant, der sollte eine der h\u00f6herwertigen Optionen wie die Light oder die noch bessere WPB Version w\u00e4hlen.<\/p>\n<h3>Experten Tipp<\/h3>\n<p>Der Bivy Bag Superlight I ist eine Notfallausr\u00fcstung. Er kann kein umsichtiges Verhalten und weitere wichtige Ausr\u00fcstung ersetzen. Wie ein <a href=\"https:\/\/bolting.eu\/shop\/erste-hilfe-set-outdoor\/\">Erste Hilfe Set<\/a>, ein aufgeladenes Handy mit wasserdichte H\u00fclle und entsprechende Regenbekleidung.<\/p>\n<p>Deshalb beachtet bitte die Wettervorhersage, plant eure Touren gewissenhaft und nehmt alles an wichtiger Ausr\u00fcstung mit. Lieber immer etwas zu viel mit, als im falschen Moment aufgrund mangelnder Ausr\u00fcstung in Notlage geraten!<\/p>\n","protected":false},"excerpt":{"rendered":"<p><strong>Ultraleichter Biwaksack<\/strong> der als Notfallausr\u00fcstung gedacht ist. Alubedampftes PE sorgt f\u00fcr W\u00e4rmereflexion, winddichten und wasserabweisenden Schutz!<\/p>\n<p>Das Modell hat nur 115 Gramm, ein Packma\u00df von 13 x 6 cm und ist mit 93 x 211cm <strong>f\u00fcr 1 Person<\/strong> gedacht!<\/p>\n<p>Versandkostenfrei bis 2kg in\u00a0<img decoding=\"async\" class=\"emoji\" role=\"img\" draggable=\"false\" src=\"https:\/\/s.w.org\/images\/core\/emoji\/13.1.0\/svg\/1f1e6-1f1f9.svg\" alt=\"\ud83c\udde6\ud83c\uddf9\" \/>\u00a0ab \u20ac 100,- und\u00a0<img decoding=\"async\" class=\"emoji\" role=\"img\" draggable=\"false\" src=\"https:\/\/s.w.org\/images\/core\/emoji\/13.1.0\/svg\/1f1e9-1f1ea.svg\" alt=\"\ud83c\udde9\ud83c\uddea\" \/>\u00a0ab \u20ac 200,-!<\/p>\n","protected":false},"featured_media":14291,"comment_status":"closed","ping_status":"closed","template":"","meta":[],"product_brand":[],"product_cat":[4669,14357,11052,13938],"product_tag":[],"class_list":{"0":"post-14289","1":"product","2":"type-product","3":"status-publish","4":"has-post-thumbnail","6":"product_cat-lacd","7":"product_cat-lacd-biwaksack","8":"product_cat-zubehoer-hochtouren","9":"product_cat-bergsteiger-ausruestung","11":"first","12":"instock","13":"taxable","14":"shipping-taxable","15":"purchasable","16":"product-type-simple"},"yoast_head":"<!-- This site is optimized with the Yoast SEO Premium plugin v26.9 (Yoast SEO v26.9) - https:\/\/yoast.com\/product\/yoast-seo-premium-wordpress\/ -->\n<title>LACD Biwaksack Superlight I - ultraleichter Bivy Bag | bolting.eu<\/title>\n<meta name=\"description\" content=\"LACD Biwaksack Superlight I - beim Kletter Hardwareprofi kaufen \u2705 kostenloser Versand* \u2705 14 Tage R\u00fcckgaberecht \u2705 Co2 neutrale Zustellung\" \/>\n<meta name=\"robots\" content=\"index, follow, max-snippet:-1, max-image-preview:large, max-video-preview:-1\" \/>\n<link rel=\"canonical\" href=\"https:\/\/bolting.eu\/en\/shop\/lacd-biwaksack-superlight-i\/\" \/>\n<meta property=\"og:locale\" content=\"en_US\" \/>\n<meta property=\"og:type\" content=\"article\" \/>\n<meta property=\"og:title\" content=\"LACD Biwaksack Superlight I\" \/>\n<meta property=\"og:description\" content=\"LACD Biwaksack Superlight I - beim Kletter Hardwareprofi kaufen \u2705 kostenloser Versand* \u2705 14 Tage R\u00fcckgaberecht \u2705 Co2 neutrale Zustellung\" \/>\n<meta property=\"og:url\" content=\"https:\/\/bolting.eu\/en\/shop\/lacd-biwaksack-superlight-i\/\" \/>\n<meta property=\"og:site_name\" content=\"bolting.eu\" \/>\n<meta property=\"article:publisher\" content=\"https:\/\/www.facebook.com\/bolting.eu\" \/>\n<meta property=\"article:modified_time\" content=\"2025-02-07T15:13:06+00:00\" \/>\n<meta property=\"og:image\" content=\"https:\/\/bolting.eu\/wp-content\/uploads\/2022\/12\/LACD-Biwaksack-Superlight-I-2.jpg\" \/>\n\t<meta property=\"og:image:width\" content=\"700\" \/>\n\t<meta property=\"og:image:height\" content=\"700\" \/>\n\t<meta property=\"og:image:type\" content=\"image\/jpeg\" \/>\n<meta name=\"twitter:card\" content=\"summary_large_image\" \/>\n<meta name=\"twitter:label1\" content=\"Price\" \/>\n\t<meta name=\"twitter:data1\" content=\"&euro;&nbsp;16,90\" \/>\n\t<meta name=\"twitter:label2\" content=\"Availability\" \/>\n\t<meta name=\"twitter:data2\" content=\"In stock\" \/>\n<script type=\"application\/ld+json\" class=\"yoast-schema-graph\">{\"@context\":\"https:\/\/schema.org\",\"@graph\":[{\"@type\":[\"WebPage\",\"ItemPage\"],\"@id\":\"https:\/\/bolting.eu\/en\/shop\/lacd-biwaksack-superlight-i\/\",\"url\":\"https:\/\/bolting.eu\/en\/shop\/lacd-biwaksack-superlight-i\/\",\"name\":\"LACD Biwaksack Superlight I - ultraleichter Bivy Bag | bolting.eu\",\"isPartOf\":{\"@id\":\"https:\/\/bolting.eu\/en\/#website\"},\"primaryImageOfPage\":{\"@id\":\"https:\/\/bolting.eu\/en\/shop\/lacd-biwaksack-superlight-i\/#primaryimage\"},\"image\":{\"@id\":\"https:\/\/bolting.eu\/en\/shop\/lacd-biwaksack-superlight-i\/#primaryimage\"},\"thumbnailUrl\":\"https:\/\/bolting.eu\/wp-content\/uploads\/2022\/12\/LACD-Biwaksack-Superlight-I-2.jpg\",\"datePublished\":\"2022-12-12T13:40:12+00:00\",\"dateModified\":\"2025-02-07T15:13:06+00:00\",\"description\":\"LACD Biwaksack Superlight I - beim Kletter Hardwareprofi kaufen \u2705 kostenloser Versand* \u2705 14 Tage R\u00fcckgaberecht \u2705 Co2 neutrale Zustellung\",\"breadcrumb\":{\"@id\":\"https:\/\/bolting.eu\/en\/shop\/lacd-biwaksack-superlight-i\/#breadcrumb\"},\"inLanguage\":\"en-US\",\"potentialAction\":[{\"@type\":\"ReadAction\",\"target\":[\"https:\/\/bolting.eu\/en\/shop\/lacd-biwaksack-superlight-i\/\"]}]},{\"@type\":\"ImageObject\",\"inLanguage\":\"en-US\",\"@id\":\"https:\/\/bolting.eu\/en\/shop\/lacd-biwaksack-superlight-i\/#primaryimage\",\"url\":\"https:\/\/bolting.eu\/wp-content\/uploads\/2022\/12\/LACD-Biwaksack-Superlight-I-2.jpg\",\"contentUrl\":\"https:\/\/bolting.eu\/wp-content\/uploads\/2022\/12\/LACD-Biwaksack-Superlight-I-2.jpg\",\"width\":700,\"height\":700,\"caption\":\"Das Bild zeigt den silbernenLACD Biwaksack Superlight I ausgebreitet.\"},{\"@type\":\"BreadcrumbList\",\"@id\":\"https:\/\/bolting.eu\/en\/shop\/lacd-biwaksack-superlight-i\/#breadcrumb\",\"itemListElement\":[{\"@type\":\"ListItem\",\"position\":1,\"name\":\"Shop\",\"item\":\"https:\/\/bolting.eu\/en\/shop\/\"},{\"@type\":\"ListItem\",\"position\":2,\"name\":\"Bergsteiger Ausr\u00fcstung\",\"item\":\"https:\/\/bolting.eu\/produkt-kategorie\/bergsteiger-ausruestung\/\"},{\"@type\":\"ListItem\",\"position\":3,\"name\":\"LACD Biwaksack\",\"item\":\"https:\/\/bolting.eu\/produkt-kategorie\/bergsteiger-ausruestung\/lacd-biwaksack\/\"},{\"@type\":\"ListItem\",\"position\":4,\"name\":\"LACD Biwaksack Superlight I\"}]},{\"@type\":\"WebSite\",\"@id\":\"https:\/\/bolting.eu\/en\/#website\",\"url\":\"https:\/\/bolting.eu\/en\/\",\"name\":\"bolting.eu\",\"description\":\"we make climbs happen\",\"publisher\":{\"@id\":\"https:\/\/bolting.eu\/en\/#organization\"},\"potentialAction\":[{\"@type\":\"SearchAction\",\"target\":{\"@type\":\"EntryPoint\",\"urlTemplate\":\"https:\/\/bolting.eu\/en\/?s={search_term_string}\"},\"query-input\":{\"@type\":\"PropertyValueSpecification\",\"valueRequired\":true,\"valueName\":\"search_term_string\"}}],\"inLanguage\":\"en-US\"},{\"@type\":[\"Organization\",\"Place\",\"SportingGoodsStore\"],\"@id\":\"https:\/\/bolting.eu\/en\/#organization\",\"name\":\"bolting.eu\",\"url\":\"https:\/\/bolting.eu\/en\/\",\"logo\":{\"@id\":\"https:\/\/bolting.eu\/en\/shop\/lacd-biwaksack-superlight-i\/#local-main-organization-logo\"},\"image\":{\"@id\":\"https:\/\/bolting.eu\/en\/shop\/lacd-biwaksack-superlight-i\/#local-main-organization-logo\"},\"sameAs\":[\"https:\/\/www.facebook.com\/bolting.eu\",\"https:\/\/www.instagram.com\/bolting.eu\/\"],\"address\":{\"@id\":\"https:\/\/bolting.eu\/en\/shop\/lacd-biwaksack-superlight-i\/#local-main-place-address\"},\"geo\":{\"@type\":\"GeoCoordinates\",\"latitude\":\"47.264176340396226\",\"longitude\":\"11.380109057672346\"},\"telephone\":[\"+43 699 19083372\"],\"openingHoursSpecification\":[{\"@type\":\"OpeningHoursSpecification\",\"dayOfWeek\":[\"Monday\",\"Wednesday\",\"Friday\"],\"opens\":\"14:00\",\"closes\":\"18:00\"},{\"@type\":\"OpeningHoursSpecification\",\"dayOfWeek\":[\"Tuesday\",\"Thursday\",\"Saturday\",\"Sunday\"],\"opens\":\"00:00\",\"closes\":\"00:00\"}],\"email\":\"office@bolting.eu\",\"vatID\":\"ATU59999728\",\"priceRange\":\"$$\",\"currenciesAccepted\":\"Euro\"},{\"@type\":\"PostalAddress\",\"@id\":\"https:\/\/bolting.eu\/en\/shop\/lacd-biwaksack-superlight-i\/#local-main-place-address\",\"streetAddress\":\"Fischnalerstra\u00dfe 4\",\"addressLocality\":\"Innsbruck\",\"postalCode\":\"6020\",\"addressRegion\":\"Tirol\",\"addressCountry\":\"AT\"},{\"@type\":\"ImageObject\",\"inLanguage\":\"en-US\",\"@id\":\"https:\/\/bolting.eu\/en\/shop\/lacd-biwaksack-superlight-i\/#local-main-organization-logo\",\"url\":\"https:\/\/bolting.eu\/wp-content\/uploads\/2019\/09\/bolting-logo.png\",\"contentUrl\":\"https:\/\/bolting.eu\/wp-content\/uploads\/2019\/09\/bolting-logo.png\",\"width\":400,\"height\":211,\"caption\":\"bolting.eu\"}]}<\/script>\n<meta property=\"product:price:amount\" content=\"16.90\" \/>\n<meta property=\"product:price:currency\" content=\"EUR\" \/>\n<meta property=\"og:availability\" content=\"instock\" \/>\n<meta property=\"product:availability\" content=\"instock\" \/>\n<meta property=\"product:retailer_item_id\" content=\"9402\" \/>\n<meta property=\"product:condition\" content=\"new\" \/>\n<meta name=\"geo.placename\" content=\"Innsbruck\" \/>\n<meta name=\"geo.position\" content=\"47.264176340396226;11.380109057672346\" \/>\n<meta name=\"geo.region\" content=\"Austria\" \/>\n<!-- \/ Yoast SEO Premium plugin. -->","yoast_head_json":{"title":"LACD Biwaksack Superlight I - ultraleichter Bivy Bag | bolting.eu","description":"LACD Biwaksack Superlight I - beim Kletter Hardwareprofi kaufen \u2705 kostenloser Versand* \u2705 14 Tage R\u00fcckgaberecht \u2705 Co2 neutrale Zustellung","robots":{"index":"index","follow":"follow","max-snippet":"max-snippet:-1","max-image-preview":"max-image-preview:large","max-video-preview":"max-video-preview:-1"},"canonical":"https:\/\/bolting.eu\/en\/shop\/lacd-biwaksack-superlight-i\/","og_locale":"en_US","og_type":"article","og_title":"LACD Biwaksack Superlight I","og_description":"LACD Biwaksack Superlight I - beim Kletter Hardwareprofi kaufen \u2705 kostenloser Versand* \u2705 14 Tage R\u00fcckgaberecht \u2705 Co2 neutrale Zustellung","og_url":"https:\/\/bolting.eu\/en\/shop\/lacd-biwaksack-superlight-i\/","og_site_name":"bolting.eu","article_publisher":"https:\/\/www.facebook.com\/bolting.eu","article_modified_time":"2025-02-07T15:13:06+00:00","og_image":[{"width":700,"height":700,"url":"https:\/\/bolting.eu\/wp-content\/uploads\/2022\/12\/LACD-Biwaksack-Superlight-I-2.jpg","type":"image\/jpeg"}],"twitter_card":"summary_large_image","twitter_misc":{"Price":"&euro;&nbsp;16,90","Availability":"In stock"},"schema":{"@context":"https:\/\/schema.org","@graph":[{"@type":["WebPage","ItemPage"],"@id":"https:\/\/bolting.eu\/en\/shop\/lacd-biwaksack-superlight-i\/","url":"https:\/\/bolting.eu\/en\/shop\/lacd-biwaksack-superlight-i\/","name":"LACD Biwaksack Superlight I - ultraleichter Bivy Bag | bolting.eu","isPartOf":{"@id":"https:\/\/bolting.eu\/en\/#website"},"primaryImageOfPage":{"@id":"https:\/\/bolting.eu\/en\/shop\/lacd-biwaksack-superlight-i\/#primaryimage"},"image":{"@id":"https:\/\/bolting.eu\/en\/shop\/lacd-biwaksack-superlight-i\/#primaryimage"},"thumbnailUrl":"https:\/\/bolting.eu\/wp-content\/uploads\/2022\/12\/LACD-Biwaksack-Superlight-I-2.jpg","datePublished":"2022-12-12T13:40:12+00:00","dateModified":"2025-02-07T15:13:06+00:00","description":"LACD Biwaksack Superlight I - beim Kletter Hardwareprofi kaufen \u2705 kostenloser Versand* \u2705 14 Tage R\u00fcckgaberecht \u2705 Co2 neutrale Zustellung","breadcrumb":{"@id":"https:\/\/bolting.eu\/en\/shop\/lacd-biwaksack-superlight-i\/#breadcrumb"},"inLanguage":"en-US","potentialAction":[{"@type":"ReadAction","target":["https:\/\/bolting.eu\/en\/shop\/lacd-biwaksack-superlight-i\/"]}]},{"@type":"ImageObject","inLanguage":"en-US","@id":"https:\/\/bolting.eu\/en\/shop\/lacd-biwaksack-superlight-i\/#primaryimage","url":"https:\/\/bolting.eu\/wp-content\/uploads\/2022\/12\/LACD-Biwaksack-Superlight-I-2.jpg","contentUrl":"https:\/\/bolting.eu\/wp-content\/uploads\/2022\/12\/LACD-Biwaksack-Superlight-I-2.jpg","width":700,"height":700,"caption":"Das Bild zeigt den silbernenLACD Biwaksack Superlight I ausgebreitet."},{"@type":"BreadcrumbList","@id":"https:\/\/bolting.eu\/en\/shop\/lacd-biwaksack-superlight-i\/#breadcrumb","itemListElement":[{"@type":"ListItem","position":1,"name":"Shop","item":"https:\/\/bolting.eu\/en\/shop\/"},{"@type":"ListItem","position":2,"name":"Bergsteiger Ausr\u00fcstung","item":"https:\/\/bolting.eu\/produkt-kategorie\/bergsteiger-ausruestung\/"},{"@type":"ListItem","position":3,"name":"LACD Biwaksack","item":"https:\/\/bolting.eu\/produkt-kategorie\/bergsteiger-ausruestung\/lacd-biwaksack\/"},{"@type":"ListItem","position":4,"name":"LACD Biwaksack Superlight I"}]},{"@type":"WebSite","@id":"https:\/\/bolting.eu\/en\/#website","url":"https:\/\/bolting.eu\/en\/","name":"bolting.eu","description":"we make climbs happen","publisher":{"@id":"https:\/\/bolting.eu\/en\/#organization"},"potentialAction":[{"@type":"SearchAction","target":{"@type":"EntryPoint","urlTemplate":"https:\/\/bolting.eu\/en\/?s={search_term_string}"},"query-input":{"@type":"PropertyValueSpecification","valueRequired":true,"valueName":"search_term_string"}}],"inLanguage":"en-US"},{"@type":["Organization","Place","SportingGoodsStore"],"@id":"https:\/\/bolting.eu\/en\/#organization","name":"bolting.eu","url":"https:\/\/bolting.eu\/en\/","logo":{"@id":"https:\/\/bolting.eu\/en\/shop\/lacd-biwaksack-superlight-i\/#local-main-organization-logo"},"image":{"@id":"https:\/\/bolting.eu\/en\/shop\/lacd-biwaksack-superlight-i\/#local-main-organization-logo"},"sameAs":["https:\/\/www.facebook.com\/bolting.eu","https:\/\/www.instagram.com\/bolting.eu\/"],"address":{"@id":"https:\/\/bolting.eu\/en\/shop\/lacd-biwaksack-superlight-i\/#local-main-place-address"},"geo":{"@type":"GeoCoordinates","latitude":"47.264176340396226","longitude":"11.380109057672346"},"telephone":["+43 699 19083372"],"openingHoursSpecification":[{"@type":"OpeningHoursSpecification","dayOfWeek":["Monday","Wednesday","Friday"],"opens":"14:00","closes":"18:00"},{"@type":"OpeningHoursSpecification","dayOfWeek":["Tuesday","Thursday","Saturday","Sunday"],"opens":"00:00","closes":"00:00"}],"email":"office@bolting.eu","vatID":"ATU59999728","priceRange":"$$","currenciesAccepted":"Euro"},{"@type":"PostalAddress","@id":"https:\/\/bolting.eu\/en\/shop\/lacd-biwaksack-superlight-i\/#local-main-place-address","streetAddress":"Fischnalerstra\u00dfe 4","addressLocality":"Innsbruck","postalCode":"6020","addressRegion":"Tirol","addressCountry":"AT"},{"@type":"ImageObject","inLanguage":"en-US","@id":"https:\/\/bolting.eu\/en\/shop\/lacd-biwaksack-superlight-i\/#local-main-organization-logo","url":"https:\/\/bolting.eu\/wp-content\/uploads\/2019\/09\/bolting-logo.png","contentUrl":"https:\/\/bolting.eu\/wp-content\/uploads\/2019\/09\/bolting-logo.png","width":400,"height":211,"caption":"bolting.eu"}]},"product_price_amount":"16.90","product_price_currency":"EUR","og_availability":"instock","product_availability":"instock","product_retailer_item_id":"9402","product_condition":"new","geo.placename":"Innsbruck","geo.position":{"lat":"47.264176340396226","long":"11.380109057672346"},"geo.region":"Austria"},"_links":{"self":[{"href":"https:\/\/bolting.eu\/en\/wp-json\/wp\/v2\/product\/14289","targetHints":{"allow":["GET"]}}],"collection":[{"href":"https:\/\/bolting.eu\/en\/wp-json\/wp\/v2\/product"}],"about":[{"href":"https:\/\/bolting.eu\/en\/wp-json\/wp\/v2\/types\/product"}],"replies":[{"embeddable":true,"href":"https:\/\/bolting.eu\/en\/wp-json\/wp\/v2\/comments?post=14289"}],"wp:featuredmedia":[{"embeddable":true,"href":"https:\/\/bolting.eu\/en\/wp-json\/wp\/v2\/media\/14291"}],"wp:attachment":[{"href":"https:\/\/bolting.eu\/en\/wp-json\/wp\/v2\/media?parent=14289"}],"wp:term":[{"taxonomy":"product_brand","embeddable":true,"href":"https:\/\/bolting.eu\/en\/wp-json\/wp\/v2\/product_brand?post=14289"},{"taxonomy":"product_cat","embeddable":true,"href":"https:\/\/bolting.eu\/en\/wp-json\/wp\/v2\/product_cat?post=14289"},{"taxonomy":"product_tag","embeddable":true,"href":"https:\/\/bolting.eu\/en\/wp-json\/wp\/v2\/product_tag?post=14289"}],"curies":[{"name":"wp","href":"https:\/\/api.w.org\/{rel}","templated":true}]}}