{"id":14224,"date":"2022-12-08T12:10:57","date_gmt":"2022-12-08T11:10:57","guid":{"rendered":"https:\/\/bolting.eu\/?post_type=product&#038;p=14224"},"modified":"2026-03-03T13:10:56","modified_gmt":"2026-03-03T12:10:56","slug":"grivel-katana-ice-vario-haue","status":"publish","type":"product","link":"https:\/\/bolting.eu\/en\/shop\/grivel-katana-ice-vario-haue\/","title":{"rendered":"Grivel Katana Ice Vario Haue"},"content":{"rendered":"<p>Die Grivel Katana Ice Vario Haue ist ein ganz spezielles Produkt. Denn diese Eisklinge ist aus ballistischem Stahl. D.h. extrem harten und widerstandsf\u00e4higem Material, das sonst nur bei der Waffenproduktion eingesetzt wird.<\/p>\n<p>Diese extrem harte Stahl Legierung, macht diese Haue zum besten Allround Modell von Grivel. D.h. es kann f\u00fcr alle Disziplinen eingesetzt werden, insbesondere Mixed Klettern, Dry Tooling und Eisklettern.<\/p>\n<p>Das Vario System erm\u00f6glicht die Montage auf allen Eisger\u00e4ten mit diesem System. Wie z.B. the <a href=\"https:\/\/bolting.eu\/shop\/grivel-tech-machine\/\">Tech Machine<\/a>, <a href=\"https:\/\/bolting.eu\/shop\/grivel-north-machine\/\">North Machine<\/a>, <a href=\"https:\/\/bolting.eu\/shop\/grivel-north-machine-carbon\/\">North Machine Carbon<\/a>, usw&#8230;<\/p>\n<h2>Eigenschaften Grivel Katana Ice Vario Haue<\/h2>\n<ul>\n<li>Hersteller: <a href=\"https:\/\/bolting.eu\/produkt-kategorie\/grivel\/\">Grivel<\/a><\/li>\n<li>Material: ballistischer Stahl<\/li>\n<li>extrem hart und widerstandsf\u00e4hig<\/li>\n<li>4mm Stahlblech mit Laser ausgeschnitten<\/li>\n<li>Gewicht: 118 Gramm<\/li>\n<li>Normen: EN 13089 \u2013 UIAA 152<\/li>\n<li>f\u00fcr alle Eisger\u00e4te mit Vario System<\/li>\n<li>ideal f\u00fcr Mixed Kletterm Dry Tooling, Eisklettern<\/li>\n<li>Lieferumfang inkl. Vario Simple Blindst\u00fcck, 2 &#8220;Beilagscheiben&#8221;, 2 Schrauben, 2 Muttern<\/li>\n<li>leicht selber zu montieren<\/li>\n<\/ul>\n<h3>Ballistischer Stahl<\/h3>\n<p>Die Katana Ice Vario Klinge ist aus einem ganz besonderen Material gefertigt. Einer Stahl Legierung aus der Waffenproduktion a.k.a. &#8220;ballistischer Stahl&#8221;.<\/p>\n<p>Dieses Material ist wesentlich h\u00e4rter und widerstandsf\u00e4higer als der \u00fcbliche Chromstahl. Das k\u00f6nnt ihr euch im folgenden Video gleich selber ansehen.<\/p>\n<p><iframe loading=\"lazy\" title=\"Grivel KATANA Series\" width=\"1020\" height=\"574\" src=\"https:\/\/www.youtube.com\/embed\/KJQcI3DxXOA?feature=oembed\" frameborder=\"0\" allow=\"accelerometer; autoplay; clipboard-write; encrypted-media; gyroscope; picture-in-picture; web-share\" referrerpolicy=\"strict-origin-when-cross-origin\" allowfullscreen><\/iframe><\/p>\n<p>&nbsp;<\/p>\n<h3>Allround Haue<\/h3>\n<p>Ohne Zweifel ist die Grivel Katana Ice Vario die beste Allround Haue der Aostataler Hardwareschmiede.<\/p>\n<p>Denn sie kann sowohl beim reinen Dry Tooling, als auch beim Mixed Klettern und Eisklettern gleich gut eingesetzt werden.<\/p>\n<p>Das liegt zum einen am Material. Und zum anderen am Design. Denn diese Klinge hat eher kleine Zacken sowie halbrunde Zwischenr\u00e4ume. Somit l\u00e4sst sie sich im Eis gut einschlagen bzw. wieder heraus ziehen.<\/p>\n<p>Durch die eher flache aber spitze Nase, ist dann der Halt am Fels garantiert.<\/p>\n<figure id=\"attachment_14225\" aria-describedby=\"caption-attachment-14225\" style=\"width: 1024px\" class=\"wp-caption alignnone\"><a href=\"https:\/\/bolting.eu\/wp-content\/uploads\/2022\/12\/Grivel-Katana-Ice-Vario-5.jpg\"><img loading=\"lazy\" decoding=\"async\" class=\"wp-image-14225 size-full\" src=\"https:\/\/bolting.eu\/wp-content\/uploads\/2022\/12\/Grivel-Katana-Ice-Vario-5.jpg\" alt=\"Das Bild zeigt einen Alpinist beim Mixed Klettern im alpinen Gel\u00e4nde.\" width=\"1024\" height=\"668\" srcset=\"https:\/\/bolting.eu\/wp-content\/uploads\/2022\/12\/Grivel-Katana-Ice-Vario-5.jpg 1024w, https:\/\/bolting.eu\/wp-content\/uploads\/2022\/12\/Grivel-Katana-Ice-Vario-5-510x333.jpg 510w, https:\/\/bolting.eu\/wp-content\/uploads\/2022\/12\/Grivel-Katana-Ice-Vario-5-613x400.jpg 613w, https:\/\/bolting.eu\/wp-content\/uploads\/2022\/12\/Grivel-Katana-Ice-Vario-5-768x501.jpg 768w, https:\/\/bolting.eu\/wp-content\/uploads\/2022\/12\/Grivel-Katana-Ice-Vario-5-600x391.jpg 600w\" sizes=\"auto, (max-width: 1024px) 100vw, 1024px\" \/><\/a><figcaption id=\"caption-attachment-14225\" class=\"wp-caption-text\">Diese Haue ist das perfekte Allround Modell f\u00fcr alle Disziplinen wie Dry Tooling, Mixed und Eisklettern.<\/figcaption><\/figure>\n<h4><strong>Eiskletter Tipp<\/strong><\/h4>\n<p>D\u00fcst mit eurer Eiskletterausr\u00fcstung und der Katana Ice Vario doch mal zum <a href=\"https:\/\/maltatal.rocks\/eisklettern-maltatal\/\" target=\"_blank\" rel=\"noopener\">Eisklettern ins Maltatal<\/a>.<\/p>\n<p>Dort warten an die 50 coole Eisrouten auf euch. Zudem kann man dort perfekt Bouldern, auch in der kalten Jahreszeit.<\/p>\n<p>&nbsp;<\/p>\n","protected":false},"excerpt":{"rendered":"<p>Die hochwertigste Allround Haue von Grivel aus &#8220;ballistischem Stahl&#8221;. Extrem hart und widerstandsf\u00e4hig f\u00fcr Dry Tooling, Mixed Klettern und Eisklettern.<\/p>\n<p>F\u00fcr alle Eisger\u00e4te mit dem Vario System.<\/p>\n<p>Versandkostenfrei bis 2kg in <img decoding=\"async\" class=\"emoji\" role=\"img\" draggable=\"false\" src=\"https:\/\/s.w.org\/images\/core\/emoji\/13.1.0\/svg\/1f1e6-1f1f9.svg\" alt=\"\ud83c\udde6\ud83c\uddf9\" \/> ab \u20ac 100,- und <img decoding=\"async\" class=\"emoji\" role=\"img\" draggable=\"false\" src=\"https:\/\/s.w.org\/images\/core\/emoji\/13.1.0\/svg\/1f1e9-1f1ea.svg\" alt=\"\ud83c\udde9\ud83c\uddea\" \/> ab \u20ac 200,-!<\/p>\n<p>&nbsp;<\/p>\n","protected":false},"featured_media":14229,"comment_status":"closed","ping_status":"closed","template":"","meta":[],"product_brand":[],"product_cat":[4667,13938,14355],"product_tag":[],"class_list":{"0":"post-14224","1":"product","2":"type-product","3":"status-publish","4":"has-post-thumbnail","6":"product_cat-grivel","7":"product_cat-bergsteiger-ausruestung","8":"product_cat-hauen-fuer-eisgeraete","10":"first","11":"instock","12":"taxable","13":"shipping-taxable","14":"purchasable","15":"product-type-simple"},"yoast_head":"<!-- This site is optimized with the Yoast SEO Premium plugin v26.9 (Yoast SEO v26.9) - https:\/\/yoast.com\/product\/yoast-seo-premium-wordpress\/ -->\n<title>Grivel Katana Ice Vario Haue - ultraharte Eisklinge | bolting.eu<\/title>\n<meta name=\"description\" content=\"Grivel Katana Ice Vario Haue beim Kletter Hardwareprofi kaufen \u2705 kostenloser Versand* \u2705 14 Tage R\u00fcckgaberecht \u2705 Co2 neutraler Versand\" \/>\n<meta name=\"robots\" content=\"index, follow, max-snippet:-1, max-image-preview:large, max-video-preview:-1\" \/>\n<link rel=\"canonical\" href=\"https:\/\/bolting.eu\/en\/shop\/grivel-katana-ice-vario-haue\/\" \/>\n<meta property=\"og:locale\" content=\"en_US\" \/>\n<meta property=\"og:type\" content=\"article\" \/>\n<meta property=\"og:title\" content=\"Grivel Katana Ice Vario Haue\" \/>\n<meta property=\"og:description\" content=\"Grivel Katana Ice Vario Haue beim Kletter Hardwareprofi kaufen \u2705 kostenloser Versand* \u2705 14 Tage R\u00fcckgaberecht \u2705 Co2 neutraler Versand\" \/>\n<meta property=\"og:url\" content=\"https:\/\/bolting.eu\/en\/shop\/grivel-katana-ice-vario-haue\/\" \/>\n<meta property=\"og:site_name\" content=\"bolting.eu\" \/>\n<meta property=\"article:publisher\" content=\"https:\/\/www.facebook.com\/bolting.eu\" \/>\n<meta property=\"article:modified_time\" content=\"2026-03-03T12:10:56+00:00\" \/>\n<meta property=\"og:image\" content=\"https:\/\/bolting.eu\/wp-content\/uploads\/2022\/12\/Grivel-Katana-Ice-Vario-1.jpg\" \/>\n\t<meta property=\"og:image:width\" content=\"700\" \/>\n\t<meta property=\"og:image:height\" content=\"700\" \/>\n\t<meta property=\"og:image:type\" content=\"image\/jpeg\" \/>\n<meta name=\"twitter:card\" content=\"summary_large_image\" \/>\n<meta name=\"twitter:label1\" content=\"Price\" \/>\n\t<meta name=\"twitter:data1\" content=\"&euro;&nbsp;64,50\" \/>\n\t<meta name=\"twitter:label2\" content=\"Availability\" \/>\n\t<meta name=\"twitter:data2\" content=\"In stock\" \/>\n<script type=\"application\/ld+json\" class=\"yoast-schema-graph\">{\"@context\":\"https:\/\/schema.org\",\"@graph\":[{\"@type\":[\"WebPage\",\"ItemPage\"],\"@id\":\"https:\/\/bolting.eu\/en\/shop\/grivel-katana-ice-vario-haue\/\",\"url\":\"https:\/\/bolting.eu\/en\/shop\/grivel-katana-ice-vario-haue\/\",\"name\":\"Grivel Katana Ice Vario Haue - ultraharte Eisklinge | bolting.eu\",\"isPartOf\":{\"@id\":\"https:\/\/bolting.eu\/en\/#website\"},\"primaryImageOfPage\":{\"@id\":\"https:\/\/bolting.eu\/en\/shop\/grivel-katana-ice-vario-haue\/#primaryimage\"},\"image\":{\"@id\":\"https:\/\/bolting.eu\/en\/shop\/grivel-katana-ice-vario-haue\/#primaryimage\"},\"thumbnailUrl\":\"https:\/\/bolting.eu\/wp-content\/uploads\/2022\/12\/Grivel-Katana-Ice-Vario-1.jpg\",\"datePublished\":\"2022-12-08T11:10:57+00:00\",\"dateModified\":\"2026-03-03T12:10:56+00:00\",\"description\":\"Grivel Katana Ice Vario Haue beim Kletter Hardwareprofi kaufen \u2705 kostenloser Versand* \u2705 14 Tage R\u00fcckgaberecht \u2705 Co2 neutraler Versand\",\"breadcrumb\":{\"@id\":\"https:\/\/bolting.eu\/en\/shop\/grivel-katana-ice-vario-haue\/#breadcrumb\"},\"inLanguage\":\"en-US\",\"potentialAction\":[{\"@type\":\"ReadAction\",\"target\":[\"https:\/\/bolting.eu\/en\/shop\/grivel-katana-ice-vario-haue\/\"]}]},{\"@type\":\"ImageObject\",\"inLanguage\":\"en-US\",\"@id\":\"https:\/\/bolting.eu\/en\/shop\/grivel-katana-ice-vario-haue\/#primaryimage\",\"url\":\"https:\/\/bolting.eu\/wp-content\/uploads\/2022\/12\/Grivel-Katana-Ice-Vario-1.jpg\",\"contentUrl\":\"https:\/\/bolting.eu\/wp-content\/uploads\/2022\/12\/Grivel-Katana-Ice-Vario-1.jpg\",\"width\":700,\"height\":700,\"caption\":\"Das Bild zeigt die silberne Grivel KAtana Ice Vario Haue mit Blindst\u00fcck.\"},{\"@type\":\"BreadcrumbList\",\"@id\":\"https:\/\/bolting.eu\/en\/shop\/grivel-katana-ice-vario-haue\/#breadcrumb\",\"itemListElement\":[{\"@type\":\"ListItem\",\"position\":1,\"name\":\"Shop\",\"item\":\"https:\/\/bolting.eu\/en\/shop\/\"},{\"@type\":\"ListItem\",\"position\":2,\"name\":\"Bergsteiger Ausr\u00fcstung\",\"item\":\"https:\/\/bolting.eu\/produkt-kategorie\/bergsteiger-ausruestung\/\"},{\"@type\":\"ListItem\",\"position\":3,\"name\":\"Hauen f\u00fcr Eisger\u00e4te\",\"item\":\"https:\/\/bolting.eu\/produkt-kategorie\/bergsteiger-ausruestung\/hauen-fuer-eisgeraete\/\"},{\"@type\":\"ListItem\",\"position\":4,\"name\":\"Grivel Katana Ice Vario Haue\"}]},{\"@type\":\"WebSite\",\"@id\":\"https:\/\/bolting.eu\/en\/#website\",\"url\":\"https:\/\/bolting.eu\/en\/\",\"name\":\"bolting.eu\",\"description\":\"we make climbs happen\",\"publisher\":{\"@id\":\"https:\/\/bolting.eu\/en\/#organization\"},\"potentialAction\":[{\"@type\":\"SearchAction\",\"target\":{\"@type\":\"EntryPoint\",\"urlTemplate\":\"https:\/\/bolting.eu\/en\/?s={search_term_string}\"},\"query-input\":{\"@type\":\"PropertyValueSpecification\",\"valueRequired\":true,\"valueName\":\"search_term_string\"}}],\"inLanguage\":\"en-US\"},{\"@type\":[\"Organization\",\"Place\",\"SportingGoodsStore\"],\"@id\":\"https:\/\/bolting.eu\/en\/#organization\",\"name\":\"bolting.eu\",\"url\":\"https:\/\/bolting.eu\/en\/\",\"logo\":{\"@id\":\"https:\/\/bolting.eu\/en\/shop\/grivel-katana-ice-vario-haue\/#local-main-organization-logo\"},\"image\":{\"@id\":\"https:\/\/bolting.eu\/en\/shop\/grivel-katana-ice-vario-haue\/#local-main-organization-logo\"},\"sameAs\":[\"https:\/\/www.facebook.com\/bolting.eu\",\"https:\/\/www.instagram.com\/bolting.eu\/\"],\"address\":{\"@id\":\"https:\/\/bolting.eu\/en\/shop\/grivel-katana-ice-vario-haue\/#local-main-place-address\"},\"geo\":{\"@type\":\"GeoCoordinates\",\"latitude\":\"47.264176340396226\",\"longitude\":\"11.380109057672346\"},\"telephone\":[\"+43 699 19083372\"],\"openingHoursSpecification\":[{\"@type\":\"OpeningHoursSpecification\",\"dayOfWeek\":[\"Monday\",\"Wednesday\",\"Friday\"],\"opens\":\"14:00\",\"closes\":\"18:00\"},{\"@type\":\"OpeningHoursSpecification\",\"dayOfWeek\":[\"Tuesday\",\"Thursday\",\"Saturday\",\"Sunday\"],\"opens\":\"00:00\",\"closes\":\"00:00\"}],\"email\":\"office@bolting.eu\",\"vatID\":\"ATU59999728\",\"priceRange\":\"$$\",\"currenciesAccepted\":\"Euro\"},{\"@type\":\"PostalAddress\",\"@id\":\"https:\/\/bolting.eu\/en\/shop\/grivel-katana-ice-vario-haue\/#local-main-place-address\",\"streetAddress\":\"Fischnalerstra\u00dfe 4\",\"addressLocality\":\"Innsbruck\",\"postalCode\":\"6020\",\"addressRegion\":\"Tirol\",\"addressCountry\":\"AT\"},{\"@type\":\"ImageObject\",\"inLanguage\":\"en-US\",\"@id\":\"https:\/\/bolting.eu\/en\/shop\/grivel-katana-ice-vario-haue\/#local-main-organization-logo\",\"url\":\"https:\/\/bolting.eu\/wp-content\/uploads\/2019\/09\/bolting-logo.png\",\"contentUrl\":\"https:\/\/bolting.eu\/wp-content\/uploads\/2019\/09\/bolting-logo.png\",\"width\":400,\"height\":211,\"caption\":\"bolting.eu\"}]}<\/script>\n<meta property=\"og:video\" content=\"https:\/\/www.youtube.com\/embed\/KJQcI3DxXOA\" \/>\n<meta property=\"og:video:type\" content=\"text\/html\" \/>\n<meta property=\"og:video:duration\" content=\"61\" \/>\n<meta property=\"og:video:width\" content=\"480\" \/>\n<meta property=\"og:video:height\" content=\"270\" \/>\n<meta property=\"ya:ovs:adult\" content=\"false\" \/>\n<meta property=\"ya:ovs:upload_date\" content=\"2022-12-08T11:10:57+00:00\" \/>\n<meta property=\"ya:ovs:allow_embed\" content=\"true\" \/>\n<meta property=\"product:price:amount\" content=\"64.50\" \/>\n<meta property=\"product:price:currency\" content=\"EUR\" \/>\n<meta property=\"og:availability\" content=\"instock\" \/>\n<meta property=\"product:availability\" content=\"instock\" \/>\n<meta property=\"product:retailer_item_id\" content=\"PJKICEV\" \/>\n<meta property=\"product:condition\" content=\"new\" \/>\n<meta name=\"geo.placename\" content=\"Innsbruck\" \/>\n<meta name=\"geo.position\" content=\"47.264176340396226;11.380109057672346\" \/>\n<meta name=\"geo.region\" content=\"Austria\" \/>\n<!-- \/ Yoast SEO Premium plugin. -->","yoast_head_json":{"title":"Grivel Katana Ice Vario Haue - ultraharte Eisklinge | bolting.eu","description":"Grivel Katana Ice Vario Haue beim Kletter Hardwareprofi kaufen \u2705 kostenloser Versand* \u2705 14 Tage R\u00fcckgaberecht \u2705 Co2 neutraler Versand","robots":{"index":"index","follow":"follow","max-snippet":"max-snippet:-1","max-image-preview":"max-image-preview:large","max-video-preview":"max-video-preview:-1"},"canonical":"https:\/\/bolting.eu\/en\/shop\/grivel-katana-ice-vario-haue\/","og_locale":"en_US","og_type":"article","og_title":"Grivel Katana Ice Vario Haue","og_description":"Grivel Katana Ice Vario Haue beim Kletter Hardwareprofi kaufen \u2705 kostenloser Versand* \u2705 14 Tage R\u00fcckgaberecht \u2705 Co2 neutraler Versand","og_url":"https:\/\/bolting.eu\/en\/shop\/grivel-katana-ice-vario-haue\/","og_site_name":"bolting.eu","article_publisher":"https:\/\/www.facebook.com\/bolting.eu","article_modified_time":"2026-03-03T12:10:56+00:00","og_image":[{"width":700,"height":700,"url":"https:\/\/bolting.eu\/wp-content\/uploads\/2022\/12\/Grivel-Katana-Ice-Vario-1.jpg","type":"image\/jpeg"}],"twitter_card":"summary_large_image","twitter_misc":{"Price":"&euro;&nbsp;64,50","Availability":"In stock"},"schema":{"@context":"https:\/\/schema.org","@graph":[{"@type":["WebPage","ItemPage"],"@id":"https:\/\/bolting.eu\/en\/shop\/grivel-katana-ice-vario-haue\/","url":"https:\/\/bolting.eu\/en\/shop\/grivel-katana-ice-vario-haue\/","name":"Grivel Katana Ice Vario Haue - ultraharte Eisklinge | bolting.eu","isPartOf":{"@id":"https:\/\/bolting.eu\/en\/#website"},"primaryImageOfPage":{"@id":"https:\/\/bolting.eu\/en\/shop\/grivel-katana-ice-vario-haue\/#primaryimage"},"image":{"@id":"https:\/\/bolting.eu\/en\/shop\/grivel-katana-ice-vario-haue\/#primaryimage"},"thumbnailUrl":"https:\/\/bolting.eu\/wp-content\/uploads\/2022\/12\/Grivel-Katana-Ice-Vario-1.jpg","datePublished":"2022-12-08T11:10:57+00:00","dateModified":"2026-03-03T12:10:56+00:00","description":"Grivel Katana Ice Vario Haue beim Kletter Hardwareprofi kaufen \u2705 kostenloser Versand* \u2705 14 Tage R\u00fcckgaberecht \u2705 Co2 neutraler Versand","breadcrumb":{"@id":"https:\/\/bolting.eu\/en\/shop\/grivel-katana-ice-vario-haue\/#breadcrumb"},"inLanguage":"en-US","potentialAction":[{"@type":"ReadAction","target":["https:\/\/bolting.eu\/en\/shop\/grivel-katana-ice-vario-haue\/"]}]},{"@type":"ImageObject","inLanguage":"en-US","@id":"https:\/\/bolting.eu\/en\/shop\/grivel-katana-ice-vario-haue\/#primaryimage","url":"https:\/\/bolting.eu\/wp-content\/uploads\/2022\/12\/Grivel-Katana-Ice-Vario-1.jpg","contentUrl":"https:\/\/bolting.eu\/wp-content\/uploads\/2022\/12\/Grivel-Katana-Ice-Vario-1.jpg","width":700,"height":700,"caption":"Das Bild zeigt die silberne Grivel KAtana Ice Vario Haue mit Blindst\u00fcck."},{"@type":"BreadcrumbList","@id":"https:\/\/bolting.eu\/en\/shop\/grivel-katana-ice-vario-haue\/#breadcrumb","itemListElement":[{"@type":"ListItem","position":1,"name":"Shop","item":"https:\/\/bolting.eu\/en\/shop\/"},{"@type":"ListItem","position":2,"name":"Bergsteiger Ausr\u00fcstung","item":"https:\/\/bolting.eu\/produkt-kategorie\/bergsteiger-ausruestung\/"},{"@type":"ListItem","position":3,"name":"Hauen f\u00fcr Eisger\u00e4te","item":"https:\/\/bolting.eu\/produkt-kategorie\/bergsteiger-ausruestung\/hauen-fuer-eisgeraete\/"},{"@type":"ListItem","position":4,"name":"Grivel Katana Ice Vario Haue"}]},{"@type":"WebSite","@id":"https:\/\/bolting.eu\/en\/#website","url":"https:\/\/bolting.eu\/en\/","name":"bolting.eu","description":"we make climbs happen","publisher":{"@id":"https:\/\/bolting.eu\/en\/#organization"},"potentialAction":[{"@type":"SearchAction","target":{"@type":"EntryPoint","urlTemplate":"https:\/\/bolting.eu\/en\/?s={search_term_string}"},"query-input":{"@type":"PropertyValueSpecification","valueRequired":true,"valueName":"search_term_string"}}],"inLanguage":"en-US"},{"@type":["Organization","Place","SportingGoodsStore"],"@id":"https:\/\/bolting.eu\/en\/#organization","name":"bolting.eu","url":"https:\/\/bolting.eu\/en\/","logo":{"@id":"https:\/\/bolting.eu\/en\/shop\/grivel-katana-ice-vario-haue\/#local-main-organization-logo"},"image":{"@id":"https:\/\/bolting.eu\/en\/shop\/grivel-katana-ice-vario-haue\/#local-main-organization-logo"},"sameAs":["https:\/\/www.facebook.com\/bolting.eu","https:\/\/www.instagram.com\/bolting.eu\/"],"address":{"@id":"https:\/\/bolting.eu\/en\/shop\/grivel-katana-ice-vario-haue\/#local-main-place-address"},"geo":{"@type":"GeoCoordinates","latitude":"47.264176340396226","longitude":"11.380109057672346"},"telephone":["+43 699 19083372"],"openingHoursSpecification":[{"@type":"OpeningHoursSpecification","dayOfWeek":["Monday","Wednesday","Friday"],"opens":"14:00","closes":"18:00"},{"@type":"OpeningHoursSpecification","dayOfWeek":["Tuesday","Thursday","Saturday","Sunday"],"opens":"00:00","closes":"00:00"}],"email":"office@bolting.eu","vatID":"ATU59999728","priceRange":"$$","currenciesAccepted":"Euro"},{"@type":"PostalAddress","@id":"https:\/\/bolting.eu\/en\/shop\/grivel-katana-ice-vario-haue\/#local-main-place-address","streetAddress":"Fischnalerstra\u00dfe 4","addressLocality":"Innsbruck","postalCode":"6020","addressRegion":"Tirol","addressCountry":"AT"},{"@type":"ImageObject","inLanguage":"en-US","@id":"https:\/\/bolting.eu\/en\/shop\/grivel-katana-ice-vario-haue\/#local-main-organization-logo","url":"https:\/\/bolting.eu\/wp-content\/uploads\/2019\/09\/bolting-logo.png","contentUrl":"https:\/\/bolting.eu\/wp-content\/uploads\/2019\/09\/bolting-logo.png","width":400,"height":211,"caption":"bolting.eu"}]},"og_video":"https:\/\/www.youtube.com\/embed\/KJQcI3DxXOA","og_video_type":"text\/html","og_video_duration":"61","og_video_width":"480","og_video_height":"270","ya_ovs_adult":"false","ya_ovs_upload_date":"2022-12-08T11:10:57+00:00","ya_ovs_allow_embed":"true","product_price_amount":"64.50","product_price_currency":"EUR","og_availability":"instock","product_availability":"instock","product_retailer_item_id":"PJKICEV","product_condition":"new","geo.placename":"Innsbruck","geo.position":{"lat":"47.264176340396226","long":"11.380109057672346"},"geo.region":"Austria"},"_links":{"self":[{"href":"https:\/\/bolting.eu\/en\/wp-json\/wp\/v2\/product\/14224","targetHints":{"allow":["GET"]}}],"collection":[{"href":"https:\/\/bolting.eu\/en\/wp-json\/wp\/v2\/product"}],"about":[{"href":"https:\/\/bolting.eu\/en\/wp-json\/wp\/v2\/types\/product"}],"replies":[{"embeddable":true,"href":"https:\/\/bolting.eu\/en\/wp-json\/wp\/v2\/comments?post=14224"}],"wp:featuredmedia":[{"embeddable":true,"href":"https:\/\/bolting.eu\/en\/wp-json\/wp\/v2\/media\/14229"}],"wp:attachment":[{"href":"https:\/\/bolting.eu\/en\/wp-json\/wp\/v2\/media?parent=14224"}],"wp:term":[{"taxonomy":"product_brand","embeddable":true,"href":"https:\/\/bolting.eu\/en\/wp-json\/wp\/v2\/product_brand?post=14224"},{"taxonomy":"product_cat","embeddable":true,"href":"https:\/\/bolting.eu\/en\/wp-json\/wp\/v2\/product_cat?post=14224"},{"taxonomy":"product_tag","embeddable":true,"href":"https:\/\/bolting.eu\/en\/wp-json\/wp\/v2\/product_tag?post=14224"}],"curies":[{"name":"wp","href":"https:\/\/api.w.org\/{rel}","templated":true}]}}