{"id":14213,"date":"2022-12-07T15:12:49","date_gmt":"2022-12-07T14:12:49","guid":{"rendered":"https:\/\/bolting.eu\/?post_type=product&#038;p=14213"},"modified":"2025-12-15T20:59:23","modified_gmt":"2025-12-15T19:59:23","slug":"grivel-total-ice-vario-haue","status":"publish","type":"product","link":"https:\/\/bolting.eu\/en\/shop\/grivel-total-ice-vario-haue\/","title":{"rendered":"Grivel Total Ice Vario Haue"},"content":{"rendered":"<p>Die Grivel Total Ice Vario Haue ist ein Modell f\u00fcr aller Eisger\u00e4te mit dem Vario System. Wie z.B. <a href=\"https:\/\/bolting.eu\/shop\/grivel-north-machine\/\">North Machine<\/a>, <a href=\"https:\/\/bolting.eu\/shop\/grivel-north-machine-carbon\/\">North Machine Carbon<\/a> und <a href=\"https:\/\/bolting.eu\/shop\/grivel-tech-machine\/\">Tech Machine<\/a>. Sie ist f\u00fcr das reine Eisklettern gedacht.<\/p>\n<p>Hierf\u00fcr hat sie kurze Zacken mit halbrunden Abschnitten dazwischen. Zudem ist die Spitze sehr flach. Im Zusammenspiel mit dem 3mm dicken Stahlblech, bringt das ideale Eigenschaften f\u00fcr reines Eis. N\u00e4mlich ein sehr leichtes Eindringen und Rausnehmen der Haue.<\/p>\n<p>Die Eisklinge kann selber ganz leicht montiert werden. Hierf\u00fcr braucht man einen Imbus- und Schraubenschl\u00fcssel. Dieser ist im Lieferumfang des Original Eisger\u00e4tes in der Regel enthalten.<\/p>\n<h2>Eigenschaften Grivel Total Ice Vario Haue<\/h2>\n<ul>\n<li>Hersteller: <a href=\"https:\/\/bolting.eu\/produkt-kategorie\/grivel\/\">Grivel<\/a><\/li>\n<li>Material: Chromstahl<\/li>\n<li>3mm Stahlblech mit Laser ausgeschnitten<\/li>\n<li>Gewicht: 96 Gramm<\/li>\n<li>Normen: EN 13089 &#8211; UIAA 152<\/li>\n<li>f\u00fcr alle Eisger\u00e4te mit Vario System<\/li>\n<li>Lieferumfang inkl. Vario Simple Blindst\u00fcck, 2 Schrauben, 2 Muttern<\/li>\n<li>leicht selber zu montieren<\/li>\n<\/ul>\n<h3>Inkl. Blindst\u00fcck<\/h3>\n<p>Neben der Total Ice Vario Klinge befindet sich das Simple Vario Blindst\u00fcck mit im Lieferumfang. Somit ben\u00f6tigt man f\u00fcr sein Eisger\u00e4t keinen weiteren Aufsatz wie z.B. den Hammer Vario oder Adze Vario.<\/p>\n<p>Ohne Aufsatz werden die Eisger\u00e4te nochmals leichter, was (Kraft)Vorteile bei langen Routen bringen kann.<\/p>\n<figure id=\"attachment_13973\" aria-describedby=\"caption-attachment-13973\" style=\"width: 800px\" class=\"wp-caption alignnone\"><a href=\"https:\/\/bolting.eu\/wp-content\/uploads\/2022\/11\/Grivel-Tech-Machine-1.jpg\"><img loading=\"lazy\" decoding=\"async\" class=\"wp-image-13973 size-full\" src=\"https:\/\/bolting.eu\/wp-content\/uploads\/2022\/11\/Grivel-Tech-Machine-1.jpg\" alt=\"Das Bild zeigt einen Eiskletterer von oben in einem Eisschlauch mit gelber Jacke und gelben Eisger\u00e4ten.\" width=\"800\" height=\"533\" srcset=\"https:\/\/bolting.eu\/wp-content\/uploads\/2022\/11\/Grivel-Tech-Machine-1.jpg 800w, https:\/\/bolting.eu\/wp-content\/uploads\/2022\/11\/Grivel-Tech-Machine-1-510x340.jpg 510w, https:\/\/bolting.eu\/wp-content\/uploads\/2022\/11\/Grivel-Tech-Machine-1-600x400.jpg 600w, https:\/\/bolting.eu\/wp-content\/uploads\/2022\/11\/Grivel-Tech-Machine-1-768x512.jpg 768w\" sizes=\"auto, (max-width: 800px) 100vw, 800px\" \/><\/a><figcaption id=\"caption-attachment-13973\" class=\"wp-caption-text\">Die Klinge hat Vorteile bei reinem Eis, aufgrund ihrer Bauweise mit kurzen Zacken und dem 3mm Stahlblech.<\/figcaption><\/figure>\n<h3>Total Ice Vario Haue = 3mm Stahlblech<\/h3>\n<p>Anders als im alpinen Gel\u00e4nde, sind lasergeschnittene Klingen beim reinen Eisklettern von Vorteil. Denn sie sind etwas d\u00fcnner bzw. haben ganz andere Anforderungen an die wirkenden Kr\u00e4fte.<\/p>\n<p>Somit wurde auch diese Haue aus 3mm dickem Stahlblech heraus gelasert. Somit kann man die Klinge leicht einschlagen aber vor allem auch wieder heraus nehmen.<\/p>\n<p>Wichtig. Materialien aus Stahl, wie z.B. <a href=\"https:\/\/bolting.eu\/produkt-kategorie\/bergsteiger-ausruestung\/steigeisen\/\">Steigeisen<\/a>, <a href=\"https:\/\/bolting.eu\/produkt-kategorie\/bergsteiger-ausruestung\/eispickel\/\">Eispickel<\/a> und <a href=\"https:\/\/bolting.eu\/produkt-kategorie\/bergsteiger-ausruestung\/eisschrauben\/\">Eisschrauben<\/a>, usw. m\u00fcssen trocken eingelagert werden. Ansonsten l\u00e4uft man Gefahr, dass die Ausr\u00fcstung zu rosten beginnt. Daher immer gut trocknen und an Ort mit Zimmertemperatur lagern!<\/p>\n<h4><strong>\u00a0Eiskletter Tipp<\/strong><\/h4>\n<p>D\u00fcst mit eurer Eiskletterausr\u00fcstung und der Grivel Total Ice Vario doch mal zum <a href=\"https:\/\/maltatal.rocks\/eisklettern-maltatal\/\" target=\"_blank\" rel=\"noopener\">Eisklettern ins Maltatal<\/a>.<\/p>\n<p>Dort warten an die 50 coole Eisrouten auf euch. Zudem kann man dort perfekt Bouldern, auch in der kalten Jahreszeit.<\/p>\n","protected":false},"excerpt":{"rendered":"<p>Haue aus lasergeschnittenem, 3mm Stahlblech f\u00fcr alle Grivel Eisger\u00e4te mit Vario System.<\/p>\n<p>Wie z.B. North Machine, Tech Machine,&#8230;.<\/p>\n<p>Spezifische Klinge f\u00fcr das Eisklettern mit kurzen Z\u00e4hnen und schmaler Bauweise.<\/p>\n<p>Versandkostenfrei bis 2kg in <img decoding=\"async\" class=\"emoji\" role=\"img\" draggable=\"false\" src=\"https:\/\/s.w.org\/images\/core\/emoji\/13.1.0\/svg\/1f1e6-1f1f9.svg\" alt=\"\ud83c\udde6\ud83c\uddf9\" \/> ab \u20ac 100,- und <img decoding=\"async\" class=\"emoji\" role=\"img\" draggable=\"false\" src=\"https:\/\/s.w.org\/images\/core\/emoji\/13.1.0\/svg\/1f1e9-1f1ea.svg\" alt=\"\ud83c\udde9\ud83c\uddea\" \/> ab \u20ac 200,-!<\/p>\n","protected":false},"featured_media":14216,"comment_status":"closed","ping_status":"closed","template":"","meta":[],"product_brand":[],"product_cat":[4667,13938,14355],"product_tag":[],"class_list":{"0":"post-14213","1":"product","2":"type-product","3":"status-publish","4":"has-post-thumbnail","6":"product_cat-grivel","7":"product_cat-bergsteiger-ausruestung","8":"product_cat-hauen-fuer-eisgeraete","10":"first","11":"instock","12":"taxable","13":"shipping-taxable","14":"purchasable","15":"product-type-simple"},"yoast_head":"<!-- This site is optimized with the Yoast SEO Premium plugin v26.9 (Yoast SEO v26.9) - https:\/\/yoast.com\/product\/yoast-seo-premium-wordpress\/ -->\n<title>Grivel Total Ice Vario Haue - f\u00fcr alle Vario System Eisger\u00e4te | bolting.eu<\/title>\n<meta name=\"description\" content=\"Grivel Total Ice Vario Haue - Eisklinge f\u00fcr den alpinen Einsatz \u2705 kostenloser Versand* \u2705 14 Tage R\u00fcckgaberecht \u2705 Co2 neutraler Versand\" \/>\n<meta name=\"robots\" content=\"index, follow, max-snippet:-1, max-image-preview:large, max-video-preview:-1\" \/>\n<link rel=\"canonical\" href=\"https:\/\/bolting.eu\/en\/shop\/grivel-total-ice-vario-haue\/\" \/>\n<meta property=\"og:locale\" content=\"en_US\" \/>\n<meta property=\"og:type\" content=\"article\" \/>\n<meta property=\"og:title\" content=\"Grivel Total Ice Vario Haue\" \/>\n<meta property=\"og:description\" content=\"Grivel Total Ice Vario Haue - Eisklinge f\u00fcr den alpinen Einsatz \u2705 kostenloser Versand* \u2705 14 Tage R\u00fcckgaberecht \u2705 Co2 neutraler Versand\" \/>\n<meta property=\"og:url\" content=\"https:\/\/bolting.eu\/en\/shop\/grivel-total-ice-vario-haue\/\" \/>\n<meta property=\"og:site_name\" content=\"bolting.eu\" \/>\n<meta property=\"article:publisher\" content=\"https:\/\/www.facebook.com\/bolting.eu\" \/>\n<meta property=\"article:modified_time\" content=\"2025-12-15T19:59:23+00:00\" \/>\n<meta property=\"og:image\" content=\"https:\/\/bolting.eu\/wp-content\/uploads\/2022\/12\/Grivel-Total-Ice-Vario-HAue-1.jpg\" \/>\n\t<meta property=\"og:image:width\" content=\"700\" \/>\n\t<meta property=\"og:image:height\" content=\"700\" \/>\n\t<meta property=\"og:image:type\" content=\"image\/jpeg\" \/>\n<meta name=\"twitter:card\" content=\"summary_large_image\" \/>\n<meta name=\"twitter:label1\" content=\"Price\" \/>\n\t<meta name=\"twitter:data1\" content=\"&euro;&nbsp;44,50\" \/>\n\t<meta name=\"twitter:label2\" content=\"Availability\" \/>\n\t<meta name=\"twitter:data2\" content=\"In stock\" \/>\n<script type=\"application\/ld+json\" class=\"yoast-schema-graph\">{\"@context\":\"https:\/\/schema.org\",\"@graph\":[{\"@type\":[\"WebPage\",\"ItemPage\"],\"@id\":\"https:\/\/bolting.eu\/en\/shop\/grivel-total-ice-vario-haue\/\",\"url\":\"https:\/\/bolting.eu\/en\/shop\/grivel-total-ice-vario-haue\/\",\"name\":\"Grivel Total Ice Vario Haue - f\u00fcr alle Vario System Eisger\u00e4te | bolting.eu\",\"isPartOf\":{\"@id\":\"https:\/\/bolting.eu\/en\/#website\"},\"primaryImageOfPage\":{\"@id\":\"https:\/\/bolting.eu\/en\/shop\/grivel-total-ice-vario-haue\/#primaryimage\"},\"image\":{\"@id\":\"https:\/\/bolting.eu\/en\/shop\/grivel-total-ice-vario-haue\/#primaryimage\"},\"thumbnailUrl\":\"https:\/\/bolting.eu\/wp-content\/uploads\/2022\/12\/Grivel-Total-Ice-Vario-HAue-1.jpg\",\"datePublished\":\"2022-12-07T14:12:49+00:00\",\"dateModified\":\"2025-12-15T19:59:23+00:00\",\"description\":\"Grivel Total Ice Vario Haue - Eisklinge f\u00fcr den alpinen Einsatz \u2705 kostenloser Versand* \u2705 14 Tage R\u00fcckgaberecht \u2705 Co2 neutraler Versand\",\"breadcrumb\":{\"@id\":\"https:\/\/bolting.eu\/en\/shop\/grivel-total-ice-vario-haue\/#breadcrumb\"},\"inLanguage\":\"en-US\",\"potentialAction\":[{\"@type\":\"ReadAction\",\"target\":[\"https:\/\/bolting.eu\/en\/shop\/grivel-total-ice-vario-haue\/\"]}]},{\"@type\":\"ImageObject\",\"inLanguage\":\"en-US\",\"@id\":\"https:\/\/bolting.eu\/en\/shop\/grivel-total-ice-vario-haue\/#primaryimage\",\"url\":\"https:\/\/bolting.eu\/wp-content\/uploads\/2022\/12\/Grivel-Total-Ice-Vario-HAue-1.jpg\",\"contentUrl\":\"https:\/\/bolting.eu\/wp-content\/uploads\/2022\/12\/Grivel-Total-Ice-Vario-HAue-1.jpg\",\"width\":700,\"height\":700},{\"@type\":\"BreadcrumbList\",\"@id\":\"https:\/\/bolting.eu\/en\/shop\/grivel-total-ice-vario-haue\/#breadcrumb\",\"itemListElement\":[{\"@type\":\"ListItem\",\"position\":1,\"name\":\"Shop\",\"item\":\"https:\/\/bolting.eu\/en\/shop\/\"},{\"@type\":\"ListItem\",\"position\":2,\"name\":\"Bergsteiger Ausr\u00fcstung\",\"item\":\"https:\/\/bolting.eu\/produkt-kategorie\/bergsteiger-ausruestung\/\"},{\"@type\":\"ListItem\",\"position\":3,\"name\":\"Hauen f\u00fcr Eisger\u00e4te\",\"item\":\"https:\/\/bolting.eu\/produkt-kategorie\/bergsteiger-ausruestung\/hauen-fuer-eisgeraete\/\"},{\"@type\":\"ListItem\",\"position\":4,\"name\":\"Grivel Total Ice Vario Haue\"}]},{\"@type\":\"WebSite\",\"@id\":\"https:\/\/bolting.eu\/en\/#website\",\"url\":\"https:\/\/bolting.eu\/en\/\",\"name\":\"bolting.eu\",\"description\":\"we make climbs happen\",\"publisher\":{\"@id\":\"https:\/\/bolting.eu\/en\/#organization\"},\"potentialAction\":[{\"@type\":\"SearchAction\",\"target\":{\"@type\":\"EntryPoint\",\"urlTemplate\":\"https:\/\/bolting.eu\/en\/?s={search_term_string}\"},\"query-input\":{\"@type\":\"PropertyValueSpecification\",\"valueRequired\":true,\"valueName\":\"search_term_string\"}}],\"inLanguage\":\"en-US\"},{\"@type\":[\"Organization\",\"Place\",\"SportingGoodsStore\"],\"@id\":\"https:\/\/bolting.eu\/en\/#organization\",\"name\":\"bolting.eu\",\"url\":\"https:\/\/bolting.eu\/en\/\",\"logo\":{\"@id\":\"https:\/\/bolting.eu\/en\/shop\/grivel-total-ice-vario-haue\/#local-main-organization-logo\"},\"image\":{\"@id\":\"https:\/\/bolting.eu\/en\/shop\/grivel-total-ice-vario-haue\/#local-main-organization-logo\"},\"sameAs\":[\"https:\/\/www.facebook.com\/bolting.eu\",\"https:\/\/www.instagram.com\/bolting.eu\/\"],\"address\":{\"@id\":\"https:\/\/bolting.eu\/en\/shop\/grivel-total-ice-vario-haue\/#local-main-place-address\"},\"geo\":{\"@type\":\"GeoCoordinates\",\"latitude\":\"47.264176340396226\",\"longitude\":\"11.380109057672346\"},\"telephone\":[\"+43 699 19083372\"],\"openingHoursSpecification\":[{\"@type\":\"OpeningHoursSpecification\",\"dayOfWeek\":[\"Monday\",\"Wednesday\",\"Friday\"],\"opens\":\"14:00\",\"closes\":\"18:00\"},{\"@type\":\"OpeningHoursSpecification\",\"dayOfWeek\":[\"Tuesday\",\"Thursday\",\"Saturday\",\"Sunday\"],\"opens\":\"00:00\",\"closes\":\"00:00\"}],\"email\":\"office@bolting.eu\",\"vatID\":\"ATU59999728\",\"priceRange\":\"$$\",\"currenciesAccepted\":\"Euro\"},{\"@type\":\"PostalAddress\",\"@id\":\"https:\/\/bolting.eu\/en\/shop\/grivel-total-ice-vario-haue\/#local-main-place-address\",\"streetAddress\":\"Fischnalerstra\u00dfe 4\",\"addressLocality\":\"Innsbruck\",\"postalCode\":\"6020\",\"addressRegion\":\"Tirol\",\"addressCountry\":\"AT\"},{\"@type\":\"ImageObject\",\"inLanguage\":\"en-US\",\"@id\":\"https:\/\/bolting.eu\/en\/shop\/grivel-total-ice-vario-haue\/#local-main-organization-logo\",\"url\":\"https:\/\/bolting.eu\/wp-content\/uploads\/2019\/09\/bolting-logo.png\",\"contentUrl\":\"https:\/\/bolting.eu\/wp-content\/uploads\/2019\/09\/bolting-logo.png\",\"width\":400,\"height\":211,\"caption\":\"bolting.eu\"}]}<\/script>\n<meta property=\"product:price:amount\" content=\"44.50\" \/>\n<meta property=\"product:price:currency\" content=\"EUR\" \/>\n<meta property=\"og:availability\" content=\"instock\" \/>\n<meta property=\"product:availability\" content=\"instock\" \/>\n<meta property=\"product:retailer_item_id\" content=\"PJTICEV\" \/>\n<meta property=\"product:condition\" content=\"new\" \/>\n<meta name=\"geo.placename\" content=\"Innsbruck\" \/>\n<meta name=\"geo.position\" content=\"47.264176340396226;11.380109057672346\" \/>\n<meta name=\"geo.region\" content=\"Austria\" \/>\n<!-- \/ Yoast SEO Premium plugin. -->","yoast_head_json":{"title":"Grivel Total Ice Vario Haue - f\u00fcr alle Vario System Eisger\u00e4te | bolting.eu","description":"Grivel Total Ice Vario Haue - Eisklinge f\u00fcr den alpinen Einsatz \u2705 kostenloser Versand* \u2705 14 Tage R\u00fcckgaberecht \u2705 Co2 neutraler Versand","robots":{"index":"index","follow":"follow","max-snippet":"max-snippet:-1","max-image-preview":"max-image-preview:large","max-video-preview":"max-video-preview:-1"},"canonical":"https:\/\/bolting.eu\/en\/shop\/grivel-total-ice-vario-haue\/","og_locale":"en_US","og_type":"article","og_title":"Grivel Total Ice Vario Haue","og_description":"Grivel Total Ice Vario Haue - Eisklinge f\u00fcr den alpinen Einsatz \u2705 kostenloser Versand* \u2705 14 Tage R\u00fcckgaberecht \u2705 Co2 neutraler Versand","og_url":"https:\/\/bolting.eu\/en\/shop\/grivel-total-ice-vario-haue\/","og_site_name":"bolting.eu","article_publisher":"https:\/\/www.facebook.com\/bolting.eu","article_modified_time":"2025-12-15T19:59:23+00:00","og_image":[{"width":700,"height":700,"url":"https:\/\/bolting.eu\/wp-content\/uploads\/2022\/12\/Grivel-Total-Ice-Vario-HAue-1.jpg","type":"image\/jpeg"}],"twitter_card":"summary_large_image","twitter_misc":{"Price":"&euro;&nbsp;44,50","Availability":"In stock"},"schema":{"@context":"https:\/\/schema.org","@graph":[{"@type":["WebPage","ItemPage"],"@id":"https:\/\/bolting.eu\/en\/shop\/grivel-total-ice-vario-haue\/","url":"https:\/\/bolting.eu\/en\/shop\/grivel-total-ice-vario-haue\/","name":"Grivel Total Ice Vario Haue - f\u00fcr alle Vario System Eisger\u00e4te | bolting.eu","isPartOf":{"@id":"https:\/\/bolting.eu\/en\/#website"},"primaryImageOfPage":{"@id":"https:\/\/bolting.eu\/en\/shop\/grivel-total-ice-vario-haue\/#primaryimage"},"image":{"@id":"https:\/\/bolting.eu\/en\/shop\/grivel-total-ice-vario-haue\/#primaryimage"},"thumbnailUrl":"https:\/\/bolting.eu\/wp-content\/uploads\/2022\/12\/Grivel-Total-Ice-Vario-HAue-1.jpg","datePublished":"2022-12-07T14:12:49+00:00","dateModified":"2025-12-15T19:59:23+00:00","description":"Grivel Total Ice Vario Haue - Eisklinge f\u00fcr den alpinen Einsatz \u2705 kostenloser Versand* \u2705 14 Tage R\u00fcckgaberecht \u2705 Co2 neutraler Versand","breadcrumb":{"@id":"https:\/\/bolting.eu\/en\/shop\/grivel-total-ice-vario-haue\/#breadcrumb"},"inLanguage":"en-US","potentialAction":[{"@type":"ReadAction","target":["https:\/\/bolting.eu\/en\/shop\/grivel-total-ice-vario-haue\/"]}]},{"@type":"ImageObject","inLanguage":"en-US","@id":"https:\/\/bolting.eu\/en\/shop\/grivel-total-ice-vario-haue\/#primaryimage","url":"https:\/\/bolting.eu\/wp-content\/uploads\/2022\/12\/Grivel-Total-Ice-Vario-HAue-1.jpg","contentUrl":"https:\/\/bolting.eu\/wp-content\/uploads\/2022\/12\/Grivel-Total-Ice-Vario-HAue-1.jpg","width":700,"height":700},{"@type":"BreadcrumbList","@id":"https:\/\/bolting.eu\/en\/shop\/grivel-total-ice-vario-haue\/#breadcrumb","itemListElement":[{"@type":"ListItem","position":1,"name":"Shop","item":"https:\/\/bolting.eu\/en\/shop\/"},{"@type":"ListItem","position":2,"name":"Bergsteiger Ausr\u00fcstung","item":"https:\/\/bolting.eu\/produkt-kategorie\/bergsteiger-ausruestung\/"},{"@type":"ListItem","position":3,"name":"Hauen f\u00fcr Eisger\u00e4te","item":"https:\/\/bolting.eu\/produkt-kategorie\/bergsteiger-ausruestung\/hauen-fuer-eisgeraete\/"},{"@type":"ListItem","position":4,"name":"Grivel Total Ice Vario Haue"}]},{"@type":"WebSite","@id":"https:\/\/bolting.eu\/en\/#website","url":"https:\/\/bolting.eu\/en\/","name":"bolting.eu","description":"we make climbs happen","publisher":{"@id":"https:\/\/bolting.eu\/en\/#organization"},"potentialAction":[{"@type":"SearchAction","target":{"@type":"EntryPoint","urlTemplate":"https:\/\/bolting.eu\/en\/?s={search_term_string}"},"query-input":{"@type":"PropertyValueSpecification","valueRequired":true,"valueName":"search_term_string"}}],"inLanguage":"en-US"},{"@type":["Organization","Place","SportingGoodsStore"],"@id":"https:\/\/bolting.eu\/en\/#organization","name":"bolting.eu","url":"https:\/\/bolting.eu\/en\/","logo":{"@id":"https:\/\/bolting.eu\/en\/shop\/grivel-total-ice-vario-haue\/#local-main-organization-logo"},"image":{"@id":"https:\/\/bolting.eu\/en\/shop\/grivel-total-ice-vario-haue\/#local-main-organization-logo"},"sameAs":["https:\/\/www.facebook.com\/bolting.eu","https:\/\/www.instagram.com\/bolting.eu\/"],"address":{"@id":"https:\/\/bolting.eu\/en\/shop\/grivel-total-ice-vario-haue\/#local-main-place-address"},"geo":{"@type":"GeoCoordinates","latitude":"47.264176340396226","longitude":"11.380109057672346"},"telephone":["+43 699 19083372"],"openingHoursSpecification":[{"@type":"OpeningHoursSpecification","dayOfWeek":["Monday","Wednesday","Friday"],"opens":"14:00","closes":"18:00"},{"@type":"OpeningHoursSpecification","dayOfWeek":["Tuesday","Thursday","Saturday","Sunday"],"opens":"00:00","closes":"00:00"}],"email":"office@bolting.eu","vatID":"ATU59999728","priceRange":"$$","currenciesAccepted":"Euro"},{"@type":"PostalAddress","@id":"https:\/\/bolting.eu\/en\/shop\/grivel-total-ice-vario-haue\/#local-main-place-address","streetAddress":"Fischnalerstra\u00dfe 4","addressLocality":"Innsbruck","postalCode":"6020","addressRegion":"Tirol","addressCountry":"AT"},{"@type":"ImageObject","inLanguage":"en-US","@id":"https:\/\/bolting.eu\/en\/shop\/grivel-total-ice-vario-haue\/#local-main-organization-logo","url":"https:\/\/bolting.eu\/wp-content\/uploads\/2019\/09\/bolting-logo.png","contentUrl":"https:\/\/bolting.eu\/wp-content\/uploads\/2019\/09\/bolting-logo.png","width":400,"height":211,"caption":"bolting.eu"}]},"product_price_amount":"44.50","product_price_currency":"EUR","og_availability":"instock","product_availability":"instock","product_retailer_item_id":"PJTICEV","product_condition":"new","geo.placename":"Innsbruck","geo.position":{"lat":"47.264176340396226","long":"11.380109057672346"},"geo.region":"Austria"},"_links":{"self":[{"href":"https:\/\/bolting.eu\/en\/wp-json\/wp\/v2\/product\/14213","targetHints":{"allow":["GET"]}}],"collection":[{"href":"https:\/\/bolting.eu\/en\/wp-json\/wp\/v2\/product"}],"about":[{"href":"https:\/\/bolting.eu\/en\/wp-json\/wp\/v2\/types\/product"}],"replies":[{"embeddable":true,"href":"https:\/\/bolting.eu\/en\/wp-json\/wp\/v2\/comments?post=14213"}],"wp:featuredmedia":[{"embeddable":true,"href":"https:\/\/bolting.eu\/en\/wp-json\/wp\/v2\/media\/14216"}],"wp:attachment":[{"href":"https:\/\/bolting.eu\/en\/wp-json\/wp\/v2\/media?parent=14213"}],"wp:term":[{"taxonomy":"product_brand","embeddable":true,"href":"https:\/\/bolting.eu\/en\/wp-json\/wp\/v2\/product_brand?post=14213"},{"taxonomy":"product_cat","embeddable":true,"href":"https:\/\/bolting.eu\/en\/wp-json\/wp\/v2\/product_cat?post=14213"},{"taxonomy":"product_tag","embeddable":true,"href":"https:\/\/bolting.eu\/en\/wp-json\/wp\/v2\/product_tag?post=14213"}],"curies":[{"name":"wp","href":"https:\/\/api.w.org\/{rel}","templated":true}]}}