{"id":14140,"date":"2022-12-02T18:13:57","date_gmt":"2022-12-02T17:13:57","guid":{"rendered":"https:\/\/bolting.eu\/?post_type=product&#038;p=14140"},"modified":"2026-02-04T17:16:04","modified_gmt":"2026-02-04T16:16:04","slug":"camp-x-dream-mixte-pick-mixed-klettern-haue","status":"publish","type":"product","link":"https:\/\/bolting.eu\/en\/shop\/camp-x-dream-mixte-pick-mixed-klettern-haue\/","title":{"rendered":"Camp X-Dream Mixte Pick &#8211; Mixed Klettern Haue"},"content":{"rendered":"<p>Die Camp X-Dream Mixte Pick ist eine spezielle Mixed Klettern Ersatzhaue f\u00fcr das gleichnamige sowie das <a href=\"https:\/\/bolting.eu\/shop\/camp-x-all-mountain-eisgeraet\/\">X-All Mountain Eisger\u00e4t<\/a>. Die Spitze ist speziell geschliffen, sodass sie sowohl im Eis als auch am Fels festen Halt bietet.<\/p>\n<p>D.h. sie h\u00e4lt sehr gut am Felsen, egal ob in Rissen oder auf Leisten. Und sie kann gut im Eis versenkt werden bzw. wieder heraus gezogen werden.<\/p>\n<p>Ideale Erg\u00e4nzung f\u00fcr Eiskletter Profis zu den anderen Klingen wie <a href=\"https:\/\/bolting.eu\/shop\/camp-x-dream-total-dry-pick\/\">Total Dry Pick<\/a>, <a href=\"https:\/\/bolting.eu\/shop\/camp-x-dream-race-pick\/\">Race Pick<\/a> und <a href=\"https:\/\/bolting.eu\/shop\/camp-x-dream-ice-pick-eis-ersatzhaue\/\">Ice Pick<\/a>.<\/p>\n<h2>Eigenschaften Camp X-Dream Ice Pick<\/h2>\n<ul>\n<li>Hersteller: <a href=\"https:\/\/bolting.eu\/produkt-kategorie\/camp-cassin\/\">CAMP<\/a><\/li>\n<li>Material: Chromstahl<\/li>\n<li>Gewicht: 115 Gramm<\/li>\n<li>einfach montierbar mit Imbusschl\u00fcssel (nicht im Lieferumfang!)<\/li>\n<li><strong>ausschlie\u00dflich f\u00fcr Camp X-Dream und X-All Mountain Eisger\u00e4t<\/strong><\/li>\n<li>speziell f\u00fcr das Mixed Klettern<\/li>\n<li>weitere Aufs\u00e4tze und Klingen erh\u00e4ltlich<\/li>\n<li>empfohlenes Zubeh\u00f6r: <a href=\"https:\/\/bolting.eu\/shop\/black-diamond-tool-box\/\">Black Diamond Tool Box<\/a> oder <a href=\"https:\/\/bolting.eu\/shop\/eisschraubentasche-petzl-octo\/\">Petzl Octo<\/a><\/li>\n<\/ul>\n<h3>Wieso eine spezielle Camp Mixed Klettern Haue?<\/h3>\n<p>Nicht jede Haue ist f\u00fcr das selbe Terrain bzw. selbe Aktivit\u00e4t ideal. Deshalb gibt es eben auch die Camp X-Dream Mixte Pick. Sie ist die ideale Mixed Klettern Haue.<\/p>\n<p>Denn sie ist deutlich robuster als die Ice Pick. Soll hei\u00dfen. Sie ist an der Klinge etwas dicker und robuster. Somit h\u00e4lt sie auch mehr aus. Beispielsweise wenn sie in einem Riss verkeilt wird.<\/p>\n<p>Des weiteren haben Alpinkletterer meistens 1-2 Klingen als Ersatz zuhause. Und manchmal sogar 1 Ersatzklinge mit auf der Tour.<\/p>\n","protected":false},"excerpt":{"rendered":"<p>Spezielle Haue zum Mixed Klettern f\u00fcr die Camp X-Dream und X-All Mountain Eisger\u00e4te.<\/p>\n<p>Die spezielle Nase, d\u00fcnne Form und zackenfreie Oberseite zeichnen diese Eis Haue aus.<\/p>\n<p>Versandkostenfrei bis 2kg in <img decoding=\"async\" class=\"emoji\" role=\"img\" draggable=\"false\" src=\"https:\/\/s.w.org\/images\/core\/emoji\/13.1.0\/svg\/1f1e6-1f1f9.svg\" alt=\"\ud83c\udde6\ud83c\uddf9\" \/> ab \u20ac 100,- und <img decoding=\"async\" class=\"emoji\" role=\"img\" draggable=\"false\" src=\"https:\/\/s.w.org\/images\/core\/emoji\/13.1.0\/svg\/1f1e9-1f1ea.svg\" alt=\"\ud83c\udde9\ud83c\uddea\" \/> ab \u20ac 200,-!<\/p>\n","protected":false},"featured_media":14143,"comment_status":"closed","ping_status":"closed","template":"","meta":[],"product_brand":[],"product_cat":[4653,13938,14355],"product_tag":[],"class_list":{"0":"post-14140","1":"product","2":"type-product","3":"status-publish","4":"has-post-thumbnail","6":"product_cat-camp-cassin","7":"product_cat-bergsteiger-ausruestung","8":"product_cat-hauen-fuer-eisgeraete","10":"first","11":"instock","12":"taxable","13":"shipping-taxable","14":"purchasable","15":"product-type-simple"},"yoast_head":"<!-- This site is optimized with the Yoast SEO Premium plugin v26.9 (Yoast SEO v26.9) - https:\/\/yoast.com\/product\/yoast-seo-premium-wordpress\/ -->\n<title>Camp X-Dream Mixte Pick - Mixed Klettern Haue | bolting.eu<\/title>\n<meta name=\"description\" content=\"Camp X-Dream Mixte Pick - Mixed Klettern Haue \u2705 kostenloser Versand* \u2705 14 Tage R\u00fcckgaberecht \u2705 Co2 neutrale Zustellung\" \/>\n<meta name=\"robots\" content=\"index, follow, max-snippet:-1, max-image-preview:large, max-video-preview:-1\" \/>\n<link rel=\"canonical\" href=\"https:\/\/bolting.eu\/en\/shop\/camp-x-dream-mixte-pick-mixed-klettern-haue\/\" \/>\n<meta property=\"og:locale\" content=\"en_US\" \/>\n<meta property=\"og:type\" content=\"article\" \/>\n<meta property=\"og:title\" content=\"Camp X-Dream Mixte Pick - Mixed Klettern Haue\" \/>\n<meta property=\"og:description\" content=\"Camp X-Dream Mixte Pick - Mixed Klettern Haue \u2705 kostenloser Versand* \u2705 14 Tage R\u00fcckgaberecht \u2705 Co2 neutrale Zustellung\" \/>\n<meta property=\"og:url\" content=\"https:\/\/bolting.eu\/en\/shop\/camp-x-dream-mixte-pick-mixed-klettern-haue\/\" \/>\n<meta property=\"og:site_name\" content=\"bolting.eu\" \/>\n<meta property=\"article:publisher\" content=\"https:\/\/www.facebook.com\/bolting.eu\" \/>\n<meta property=\"article:modified_time\" content=\"2026-02-04T16:16:04+00:00\" \/>\n<meta property=\"og:image\" content=\"https:\/\/bolting.eu\/wp-content\/uploads\/2022\/12\/Camp-X-Dream-Mixte-Pick-2.jpg\" \/>\n\t<meta property=\"og:image:width\" content=\"700\" \/>\n\t<meta property=\"og:image:height\" content=\"700\" \/>\n\t<meta property=\"og:image:type\" content=\"image\/jpeg\" \/>\n<meta name=\"twitter:card\" content=\"summary_large_image\" \/>\n<meta name=\"twitter:label1\" content=\"Price\" \/>\n\t<meta name=\"twitter:data1\" content=\"&euro;&nbsp;57,00\" \/>\n\t<meta name=\"twitter:label2\" content=\"Availability\" \/>\n\t<meta name=\"twitter:data2\" content=\"In stock\" \/>\n<script type=\"application\/ld+json\" class=\"yoast-schema-graph\">{\"@context\":\"https:\/\/schema.org\",\"@graph\":[{\"@type\":[\"WebPage\",\"ItemPage\"],\"@id\":\"https:\/\/bolting.eu\/en\/shop\/camp-x-dream-mixte-pick-mixed-klettern-haue\/\",\"url\":\"https:\/\/bolting.eu\/en\/shop\/camp-x-dream-mixte-pick-mixed-klettern-haue\/\",\"name\":\"Camp X-Dream Mixte Pick - Mixed Klettern Haue | bolting.eu\",\"isPartOf\":{\"@id\":\"https:\/\/bolting.eu\/en\/#website\"},\"primaryImageOfPage\":{\"@id\":\"https:\/\/bolting.eu\/en\/shop\/camp-x-dream-mixte-pick-mixed-klettern-haue\/#primaryimage\"},\"image\":{\"@id\":\"https:\/\/bolting.eu\/en\/shop\/camp-x-dream-mixte-pick-mixed-klettern-haue\/#primaryimage\"},\"thumbnailUrl\":\"https:\/\/bolting.eu\/wp-content\/uploads\/2022\/12\/Camp-X-Dream-Mixte-Pick-2.jpg\",\"datePublished\":\"2022-12-02T17:13:57+00:00\",\"dateModified\":\"2026-02-04T16:16:04+00:00\",\"description\":\"Camp X-Dream Mixte Pick - Mixed Klettern Haue \u2705 kostenloser Versand* \u2705 14 Tage R\u00fcckgaberecht \u2705 Co2 neutrale Zustellung\",\"breadcrumb\":{\"@id\":\"https:\/\/bolting.eu\/en\/shop\/camp-x-dream-mixte-pick-mixed-klettern-haue\/#breadcrumb\"},\"inLanguage\":\"en-US\",\"potentialAction\":[{\"@type\":\"ReadAction\",\"target\":[\"https:\/\/bolting.eu\/en\/shop\/camp-x-dream-mixte-pick-mixed-klettern-haue\/\"]}]},{\"@type\":\"ImageObject\",\"inLanguage\":\"en-US\",\"@id\":\"https:\/\/bolting.eu\/en\/shop\/camp-x-dream-mixte-pick-mixed-klettern-haue\/#primaryimage\",\"url\":\"https:\/\/bolting.eu\/wp-content\/uploads\/2022\/12\/Camp-X-Dream-Mixte-Pick-2.jpg\",\"contentUrl\":\"https:\/\/bolting.eu\/wp-content\/uploads\/2022\/12\/Camp-X-Dream-Mixte-Pick-2.jpg\",\"width\":700,\"height\":700,\"caption\":\"Das Bild zeigt die orange schwarze Camp Mixed Klettern Haue.\"},{\"@type\":\"BreadcrumbList\",\"@id\":\"https:\/\/bolting.eu\/en\/shop\/camp-x-dream-mixte-pick-mixed-klettern-haue\/#breadcrumb\",\"itemListElement\":[{\"@type\":\"ListItem\",\"position\":1,\"name\":\"Shop\",\"item\":\"https:\/\/bolting.eu\/en\/shop\/\"},{\"@type\":\"ListItem\",\"position\":2,\"name\":\"Bergsteiger Ausr\u00fcstung\",\"item\":\"https:\/\/bolting.eu\/produkt-kategorie\/bergsteiger-ausruestung\/\"},{\"@type\":\"ListItem\",\"position\":3,\"name\":\"Hauen f\u00fcr Eisger\u00e4te\",\"item\":\"https:\/\/bolting.eu\/produkt-kategorie\/bergsteiger-ausruestung\/hauen-fuer-eisgeraete\/\"},{\"@type\":\"ListItem\",\"position\":4,\"name\":\"Camp X-Dream Mixte Pick &#8211; Mixed Klettern Haue\"}]},{\"@type\":\"WebSite\",\"@id\":\"https:\/\/bolting.eu\/en\/#website\",\"url\":\"https:\/\/bolting.eu\/en\/\",\"name\":\"bolting.eu\",\"description\":\"we make climbs happen\",\"publisher\":{\"@id\":\"https:\/\/bolting.eu\/en\/#organization\"},\"potentialAction\":[{\"@type\":\"SearchAction\",\"target\":{\"@type\":\"EntryPoint\",\"urlTemplate\":\"https:\/\/bolting.eu\/en\/?s={search_term_string}\"},\"query-input\":{\"@type\":\"PropertyValueSpecification\",\"valueRequired\":true,\"valueName\":\"search_term_string\"}}],\"inLanguage\":\"en-US\"},{\"@type\":[\"Organization\",\"Place\",\"SportingGoodsStore\"],\"@id\":\"https:\/\/bolting.eu\/en\/#organization\",\"name\":\"bolting.eu\",\"url\":\"https:\/\/bolting.eu\/en\/\",\"logo\":{\"@id\":\"https:\/\/bolting.eu\/en\/shop\/camp-x-dream-mixte-pick-mixed-klettern-haue\/#local-main-organization-logo\"},\"image\":{\"@id\":\"https:\/\/bolting.eu\/en\/shop\/camp-x-dream-mixte-pick-mixed-klettern-haue\/#local-main-organization-logo\"},\"sameAs\":[\"https:\/\/www.facebook.com\/bolting.eu\",\"https:\/\/www.instagram.com\/bolting.eu\/\"],\"address\":{\"@id\":\"https:\/\/bolting.eu\/en\/shop\/camp-x-dream-mixte-pick-mixed-klettern-haue\/#local-main-place-address\"},\"geo\":{\"@type\":\"GeoCoordinates\",\"latitude\":\"47.264176340396226\",\"longitude\":\"11.380109057672346\"},\"telephone\":[\"+43 699 19083372\"],\"openingHoursSpecification\":[{\"@type\":\"OpeningHoursSpecification\",\"dayOfWeek\":[\"Monday\",\"Wednesday\",\"Friday\"],\"opens\":\"14:00\",\"closes\":\"18:00\"},{\"@type\":\"OpeningHoursSpecification\",\"dayOfWeek\":[\"Tuesday\",\"Thursday\",\"Saturday\",\"Sunday\"],\"opens\":\"00:00\",\"closes\":\"00:00\"}],\"email\":\"office@bolting.eu\",\"vatID\":\"ATU59999728\",\"priceRange\":\"$$\",\"currenciesAccepted\":\"Euro\"},{\"@type\":\"PostalAddress\",\"@id\":\"https:\/\/bolting.eu\/en\/shop\/camp-x-dream-mixte-pick-mixed-klettern-haue\/#local-main-place-address\",\"streetAddress\":\"Fischnalerstra\u00dfe 4\",\"addressLocality\":\"Innsbruck\",\"postalCode\":\"6020\",\"addressRegion\":\"Tirol\",\"addressCountry\":\"AT\"},{\"@type\":\"ImageObject\",\"inLanguage\":\"en-US\",\"@id\":\"https:\/\/bolting.eu\/en\/shop\/camp-x-dream-mixte-pick-mixed-klettern-haue\/#local-main-organization-logo\",\"url\":\"https:\/\/bolting.eu\/wp-content\/uploads\/2019\/09\/bolting-logo.png\",\"contentUrl\":\"https:\/\/bolting.eu\/wp-content\/uploads\/2019\/09\/bolting-logo.png\",\"width\":400,\"height\":211,\"caption\":\"bolting.eu\"}]}<\/script>\n<meta property=\"product:price:amount\" content=\"57.00\" \/>\n<meta property=\"product:price:currency\" content=\"EUR\" \/>\n<meta property=\"og:availability\" content=\"instock\" \/>\n<meta property=\"product:availability\" content=\"instock\" \/>\n<meta property=\"product:retailer_item_id\" content=\"2803C\" \/>\n<meta property=\"product:condition\" content=\"new\" \/>\n<meta name=\"geo.placename\" content=\"Innsbruck\" \/>\n<meta name=\"geo.position\" content=\"47.264176340396226;11.380109057672346\" \/>\n<meta name=\"geo.region\" content=\"Austria\" \/>\n<!-- \/ Yoast SEO Premium plugin. -->","yoast_head_json":{"title":"Camp X-Dream Mixte Pick - Mixed Klettern Haue | bolting.eu","description":"Camp X-Dream Mixte Pick - Mixed Klettern Haue \u2705 kostenloser Versand* \u2705 14 Tage R\u00fcckgaberecht \u2705 Co2 neutrale Zustellung","robots":{"index":"index","follow":"follow","max-snippet":"max-snippet:-1","max-image-preview":"max-image-preview:large","max-video-preview":"max-video-preview:-1"},"canonical":"https:\/\/bolting.eu\/en\/shop\/camp-x-dream-mixte-pick-mixed-klettern-haue\/","og_locale":"en_US","og_type":"article","og_title":"Camp X-Dream Mixte Pick - Mixed Klettern Haue","og_description":"Camp X-Dream Mixte Pick - Mixed Klettern Haue \u2705 kostenloser Versand* \u2705 14 Tage R\u00fcckgaberecht \u2705 Co2 neutrale Zustellung","og_url":"https:\/\/bolting.eu\/en\/shop\/camp-x-dream-mixte-pick-mixed-klettern-haue\/","og_site_name":"bolting.eu","article_publisher":"https:\/\/www.facebook.com\/bolting.eu","article_modified_time":"2026-02-04T16:16:04+00:00","og_image":[{"width":700,"height":700,"url":"https:\/\/bolting.eu\/wp-content\/uploads\/2022\/12\/Camp-X-Dream-Mixte-Pick-2.jpg","type":"image\/jpeg"}],"twitter_card":"summary_large_image","twitter_misc":{"Price":"&euro;&nbsp;57,00","Availability":"In stock"},"schema":{"@context":"https:\/\/schema.org","@graph":[{"@type":["WebPage","ItemPage"],"@id":"https:\/\/bolting.eu\/en\/shop\/camp-x-dream-mixte-pick-mixed-klettern-haue\/","url":"https:\/\/bolting.eu\/en\/shop\/camp-x-dream-mixte-pick-mixed-klettern-haue\/","name":"Camp X-Dream Mixte Pick - Mixed Klettern Haue | bolting.eu","isPartOf":{"@id":"https:\/\/bolting.eu\/en\/#website"},"primaryImageOfPage":{"@id":"https:\/\/bolting.eu\/en\/shop\/camp-x-dream-mixte-pick-mixed-klettern-haue\/#primaryimage"},"image":{"@id":"https:\/\/bolting.eu\/en\/shop\/camp-x-dream-mixte-pick-mixed-klettern-haue\/#primaryimage"},"thumbnailUrl":"https:\/\/bolting.eu\/wp-content\/uploads\/2022\/12\/Camp-X-Dream-Mixte-Pick-2.jpg","datePublished":"2022-12-02T17:13:57+00:00","dateModified":"2026-02-04T16:16:04+00:00","description":"Camp X-Dream Mixte Pick - Mixed Klettern Haue \u2705 kostenloser Versand* \u2705 14 Tage R\u00fcckgaberecht \u2705 Co2 neutrale Zustellung","breadcrumb":{"@id":"https:\/\/bolting.eu\/en\/shop\/camp-x-dream-mixte-pick-mixed-klettern-haue\/#breadcrumb"},"inLanguage":"en-US","potentialAction":[{"@type":"ReadAction","target":["https:\/\/bolting.eu\/en\/shop\/camp-x-dream-mixte-pick-mixed-klettern-haue\/"]}]},{"@type":"ImageObject","inLanguage":"en-US","@id":"https:\/\/bolting.eu\/en\/shop\/camp-x-dream-mixte-pick-mixed-klettern-haue\/#primaryimage","url":"https:\/\/bolting.eu\/wp-content\/uploads\/2022\/12\/Camp-X-Dream-Mixte-Pick-2.jpg","contentUrl":"https:\/\/bolting.eu\/wp-content\/uploads\/2022\/12\/Camp-X-Dream-Mixte-Pick-2.jpg","width":700,"height":700,"caption":"Das Bild zeigt die orange schwarze Camp Mixed Klettern Haue."},{"@type":"BreadcrumbList","@id":"https:\/\/bolting.eu\/en\/shop\/camp-x-dream-mixte-pick-mixed-klettern-haue\/#breadcrumb","itemListElement":[{"@type":"ListItem","position":1,"name":"Shop","item":"https:\/\/bolting.eu\/en\/shop\/"},{"@type":"ListItem","position":2,"name":"Bergsteiger Ausr\u00fcstung","item":"https:\/\/bolting.eu\/produkt-kategorie\/bergsteiger-ausruestung\/"},{"@type":"ListItem","position":3,"name":"Hauen f\u00fcr Eisger\u00e4te","item":"https:\/\/bolting.eu\/produkt-kategorie\/bergsteiger-ausruestung\/hauen-fuer-eisgeraete\/"},{"@type":"ListItem","position":4,"name":"Camp X-Dream Mixte Pick &#8211; Mixed Klettern Haue"}]},{"@type":"WebSite","@id":"https:\/\/bolting.eu\/en\/#website","url":"https:\/\/bolting.eu\/en\/","name":"bolting.eu","description":"we make climbs happen","publisher":{"@id":"https:\/\/bolting.eu\/en\/#organization"},"potentialAction":[{"@type":"SearchAction","target":{"@type":"EntryPoint","urlTemplate":"https:\/\/bolting.eu\/en\/?s={search_term_string}"},"query-input":{"@type":"PropertyValueSpecification","valueRequired":true,"valueName":"search_term_string"}}],"inLanguage":"en-US"},{"@type":["Organization","Place","SportingGoodsStore"],"@id":"https:\/\/bolting.eu\/en\/#organization","name":"bolting.eu","url":"https:\/\/bolting.eu\/en\/","logo":{"@id":"https:\/\/bolting.eu\/en\/shop\/camp-x-dream-mixte-pick-mixed-klettern-haue\/#local-main-organization-logo"},"image":{"@id":"https:\/\/bolting.eu\/en\/shop\/camp-x-dream-mixte-pick-mixed-klettern-haue\/#local-main-organization-logo"},"sameAs":["https:\/\/www.facebook.com\/bolting.eu","https:\/\/www.instagram.com\/bolting.eu\/"],"address":{"@id":"https:\/\/bolting.eu\/en\/shop\/camp-x-dream-mixte-pick-mixed-klettern-haue\/#local-main-place-address"},"geo":{"@type":"GeoCoordinates","latitude":"47.264176340396226","longitude":"11.380109057672346"},"telephone":["+43 699 19083372"],"openingHoursSpecification":[{"@type":"OpeningHoursSpecification","dayOfWeek":["Monday","Wednesday","Friday"],"opens":"14:00","closes":"18:00"},{"@type":"OpeningHoursSpecification","dayOfWeek":["Tuesday","Thursday","Saturday","Sunday"],"opens":"00:00","closes":"00:00"}],"email":"office@bolting.eu","vatID":"ATU59999728","priceRange":"$$","currenciesAccepted":"Euro"},{"@type":"PostalAddress","@id":"https:\/\/bolting.eu\/en\/shop\/camp-x-dream-mixte-pick-mixed-klettern-haue\/#local-main-place-address","streetAddress":"Fischnalerstra\u00dfe 4","addressLocality":"Innsbruck","postalCode":"6020","addressRegion":"Tirol","addressCountry":"AT"},{"@type":"ImageObject","inLanguage":"en-US","@id":"https:\/\/bolting.eu\/en\/shop\/camp-x-dream-mixte-pick-mixed-klettern-haue\/#local-main-organization-logo","url":"https:\/\/bolting.eu\/wp-content\/uploads\/2019\/09\/bolting-logo.png","contentUrl":"https:\/\/bolting.eu\/wp-content\/uploads\/2019\/09\/bolting-logo.png","width":400,"height":211,"caption":"bolting.eu"}]},"product_price_amount":"57.00","product_price_currency":"EUR","og_availability":"instock","product_availability":"instock","product_retailer_item_id":"2803C","product_condition":"new","geo.placename":"Innsbruck","geo.position":{"lat":"47.264176340396226","long":"11.380109057672346"},"geo.region":"Austria"},"_links":{"self":[{"href":"https:\/\/bolting.eu\/en\/wp-json\/wp\/v2\/product\/14140","targetHints":{"allow":["GET"]}}],"collection":[{"href":"https:\/\/bolting.eu\/en\/wp-json\/wp\/v2\/product"}],"about":[{"href":"https:\/\/bolting.eu\/en\/wp-json\/wp\/v2\/types\/product"}],"replies":[{"embeddable":true,"href":"https:\/\/bolting.eu\/en\/wp-json\/wp\/v2\/comments?post=14140"}],"wp:featuredmedia":[{"embeddable":true,"href":"https:\/\/bolting.eu\/en\/wp-json\/wp\/v2\/media\/14143"}],"wp:attachment":[{"href":"https:\/\/bolting.eu\/en\/wp-json\/wp\/v2\/media?parent=14140"}],"wp:term":[{"taxonomy":"product_brand","embeddable":true,"href":"https:\/\/bolting.eu\/en\/wp-json\/wp\/v2\/product_brand?post=14140"},{"taxonomy":"product_cat","embeddable":true,"href":"https:\/\/bolting.eu\/en\/wp-json\/wp\/v2\/product_cat?post=14140"},{"taxonomy":"product_tag","embeddable":true,"href":"https:\/\/bolting.eu\/en\/wp-json\/wp\/v2\/product_tag?post=14140"}],"curies":[{"name":"wp","href":"https:\/\/api.w.org\/{rel}","templated":true}]}}