{"id":14131,"date":"2022-12-02T17:13:53","date_gmt":"2022-12-02T16:13:53","guid":{"rendered":"https:\/\/bolting.eu\/?post_type=product&#038;p=14131"},"modified":"2025-10-07T11:30:32","modified_gmt":"2025-10-07T09:30:32","slug":"camp-x-dream-race-pick","status":"publish","type":"product","link":"https:\/\/bolting.eu\/en\/shop\/camp-x-dream-race-pick\/","title":{"rendered":"Camp X-Dream Race Pick"},"content":{"rendered":"<p>Die Camp X-Dream Race Pick ist die passende Eishaue f\u00fcr das <a href=\"https:\/\/bolting.eu\/shop\/camp-x-dream-eisgeraet\/\">X-Dream Eisger\u00e4<\/a>t. Diese Klinge wurde total auf das Dry Tooling ausgerichtet.<\/p>\n<p>D.h. mit dieser Klinge lassen sich besonders gut die Hooks setzen. Denn die Spitze ist lange, und hat eine stark nach unten gebogene Nase. Zudem hat die Race Pick Haue eine robustere Bauweise als die <a href=\"https:\/\/bolting.eu\/shop\/camp-x-dream-total-dry-pick\/\">Total Dry Pick<\/a> sowie durchgehende Z\u00e4hne an der Oberseite.<\/p>\n<p>Folglich ist sie nochmals robuster und f\u00fcr extremes Dry Tooling zu empfehlen.<\/p>\n<p>Diese Haue wird sehr gerne zusammen mit dem <a href=\"https:\/\/bolting.eu\/shop\/camp-blade-runner-steigeisen\/\">Camp Blade Runner Steigeisen<\/a> gekauft!<\/p>\n<h2>Eigenschaften<\/h2>\n<ul>\n<li>Hersteller: <a href=\"https:\/\/bolting.eu\/produkt-kategorie\/camp-cassin\/\">CAMP<\/a><\/li>\n<li>Material: Chromstahl<\/li>\n<li>Gewicht: 113 Gramm<\/li>\n<li>einfach montierbar mit Imbusschl\u00fcssel (nicht im Lieferumfang!)<\/li>\n<li><strong>ausschlie\u00dflich f\u00fcr Camp X-Dream Eisger\u00e4t<\/strong><\/li>\n<li>f\u00fcr extremes Dry Tooling<\/li>\n<li>weitere Aufs\u00e4tze und Klingen erh\u00e4ltlich<\/li>\n<li>empfohlenes Zubeh\u00f6r: <a href=\"https:\/\/bolting.eu\/shop\/black-diamond-tool-box\/\">Black Diamond Tool Box<\/a> oder <a href=\"https:\/\/bolting.eu\/shop\/eisschraubentasche-petzl-octo\/\">Petzl Octo<\/a><\/li>\n<\/ul>\n<h3>Was zeichnet die Camp X-Dream Race Pick aus?<\/h3>\n<p>Bei dieser Eishaue ist die Nase ganz speziell geformt. Denn sie ist l\u00e4nger als die anderen Modelle. Zudem weist sie eine starke Kr\u00fcmmung auf.<\/p>\n<p>Des weitern hat die Haue Richtung Eisger\u00e4te Schaft einen viel l\u00e4ngeren, gezackten Bogen. Damit hat man auch bei &#8220;Untergriffen&#8221; einen super Halt. An der Klingen Oberseite hat es durchgehend Zacken. Richtung Schaft sind sie immer gr\u00f6\u00dfer und st\u00e4rker ausgeformt.<\/p>\n<p>Insgesamt ist sie robuster als die Total Dry Haue, mit weniger ausgelaserten Fl\u00e4chen und st\u00e4rkerer Bauweise.<\/p>\n<p><strong style=\"color: #333333;\">Eiskletter Tipp<\/strong><\/p>\n<p>Probiert eure neue <a href=\"https:\/\/bolting.eu\/produkt-kategorie\/bergsteiger-ausruestung\/eisschrauben\/\">Eisschrauben<\/a>, Steigeisen und die Dry Tooling Klinge f\u00fcr das Camp X-Dream doch mal beim <a href=\"https:\/\/maltatal.rocks\/eisklettern-maltatal\/\" target=\"_blank\" rel=\"noopener\">Eisklettern im Maltatal<\/a> aus.<\/p>\n<p>Dort warten 80 tolle Eisf\u00e4lle auf dich allen Schwierigkeitsgraden.<\/p>\n","protected":false},"excerpt":{"rendered":"<p>Camp X-Dream Race Pick speziell zum extremen Dry Toolen. Diese Klinge hat hierf\u00fcr eine ganz lange Spitze mit gekr\u00fcmmter Nase und ist \u00e4u\u00dferst robust gebaut.<\/p>\n<p>Leicht selber montierbar mit Inbusschl\u00fcssel.<\/p>\n<p>Versandkostenfrei bis 2kg in <img decoding=\"async\" class=\"emoji\" role=\"img\" draggable=\"false\" src=\"https:\/\/s.w.org\/images\/core\/emoji\/13.1.0\/svg\/1f1e6-1f1f9.svg\" alt=\"\ud83c\udde6\ud83c\uddf9\" \/> ab \u20ac 100,- und <img decoding=\"async\" class=\"emoji\" role=\"img\" draggable=\"false\" src=\"https:\/\/s.w.org\/images\/core\/emoji\/13.1.0\/svg\/1f1e9-1f1ea.svg\" alt=\"\ud83c\udde9\ud83c\uddea\" \/> ab \u20ac 200,-!<\/p>\n","protected":false},"featured_media":14133,"comment_status":"closed","ping_status":"closed","template":"","meta":[],"product_brand":[],"product_cat":[4653,13938,14358],"product_tag":[],"class_list":{"0":"post-14131","1":"product","2":"type-product","3":"status-publish","4":"has-post-thumbnail","6":"product_cat-camp-cassin","7":"product_cat-bergsteiger-ausruestung","8":"product_cat-zubehoer-eispickel-eisgeraete","10":"first","11":"outofstock","12":"taxable","13":"shipping-taxable","14":"purchasable","15":"product-type-simple"},"yoast_head":"<!-- This site is optimized with the Yoast SEO Premium plugin v26.9 (Yoast SEO v26.9) - https:\/\/yoast.com\/product\/yoast-seo-premium-wordpress\/ -->\n<title>Camp X-Dream Race Pick - Dry Tooling Haue | bolting.eu<\/title>\n<meta name=\"description\" content=\"Camp X-Dream Race Pick - Camp Dry Tooling Haue \u2705 kostenloser Versand* \u2705 14 Tage R\u00fcckgaberecht \u2705 Co2 neutrale Zustellung\" \/>\n<meta name=\"robots\" content=\"index, follow, max-snippet:-1, max-image-preview:large, max-video-preview:-1\" \/>\n<link rel=\"canonical\" href=\"https:\/\/bolting.eu\/en\/shop\/camp-x-dream-race-pick\/\" \/>\n<meta property=\"og:locale\" content=\"en_US\" \/>\n<meta property=\"og:type\" content=\"article\" \/>\n<meta property=\"og:title\" content=\"Camp X-Dream Race Pick\" \/>\n<meta property=\"og:description\" content=\"Camp X-Dream Race Pick - Camp Dry Tooling Haue \u2705 kostenloser Versand* \u2705 14 Tage R\u00fcckgaberecht \u2705 Co2 neutrale Zustellung\" \/>\n<meta property=\"og:url\" content=\"https:\/\/bolting.eu\/en\/shop\/camp-x-dream-race-pick\/\" \/>\n<meta property=\"og:site_name\" content=\"bolting.eu\" \/>\n<meta property=\"article:publisher\" content=\"https:\/\/www.facebook.com\/bolting.eu\" \/>\n<meta property=\"article:modified_time\" content=\"2025-10-07T09:30:32+00:00\" \/>\n<meta property=\"og:image\" content=\"https:\/\/bolting.eu\/wp-content\/uploads\/2022\/12\/Camp-X-Dream-Race-Pick-2.jpg\" \/>\n\t<meta property=\"og:image:width\" content=\"700\" \/>\n\t<meta property=\"og:image:height\" content=\"700\" \/>\n\t<meta property=\"og:image:type\" content=\"image\/jpeg\" \/>\n<meta name=\"twitter:card\" content=\"summary_large_image\" \/>\n<meta name=\"twitter:label1\" content=\"Price\" \/>\n\t<meta name=\"twitter:data1\" content=\"&euro;&nbsp;49,95\" \/>\n\t<meta name=\"twitter:label2\" content=\"Availability\" \/>\n\t<meta name=\"twitter:data2\" content=\"Out of stock\" \/>\n<script type=\"application\/ld+json\" class=\"yoast-schema-graph\">{\"@context\":\"https:\/\/schema.org\",\"@graph\":[{\"@type\":[\"WebPage\",\"ItemPage\"],\"@id\":\"https:\/\/bolting.eu\/en\/shop\/camp-x-dream-race-pick\/\",\"url\":\"https:\/\/bolting.eu\/en\/shop\/camp-x-dream-race-pick\/\",\"name\":\"Camp X-Dream Race Pick - Dry Tooling Haue | bolting.eu\",\"isPartOf\":{\"@id\":\"https:\/\/bolting.eu\/en\/#website\"},\"primaryImageOfPage\":{\"@id\":\"https:\/\/bolting.eu\/en\/shop\/camp-x-dream-race-pick\/#primaryimage\"},\"image\":{\"@id\":\"https:\/\/bolting.eu\/en\/shop\/camp-x-dream-race-pick\/#primaryimage\"},\"thumbnailUrl\":\"https:\/\/bolting.eu\/wp-content\/uploads\/2022\/12\/Camp-X-Dream-Race-Pick-2.jpg\",\"datePublished\":\"2022-12-02T16:13:53+00:00\",\"dateModified\":\"2025-10-07T09:30:32+00:00\",\"description\":\"Camp X-Dream Race Pick - Camp Dry Tooling Haue \u2705 kostenloser Versand* \u2705 14 Tage R\u00fcckgaberecht \u2705 Co2 neutrale Zustellung\",\"breadcrumb\":{\"@id\":\"https:\/\/bolting.eu\/en\/shop\/camp-x-dream-race-pick\/#breadcrumb\"},\"inLanguage\":\"en-US\",\"potentialAction\":[{\"@type\":\"ReadAction\",\"target\":[\"https:\/\/bolting.eu\/en\/shop\/camp-x-dream-race-pick\/\"]}]},{\"@type\":\"ImageObject\",\"inLanguage\":\"en-US\",\"@id\":\"https:\/\/bolting.eu\/en\/shop\/camp-x-dream-race-pick\/#primaryimage\",\"url\":\"https:\/\/bolting.eu\/wp-content\/uploads\/2022\/12\/Camp-X-Dream-Race-Pick-2.jpg\",\"contentUrl\":\"https:\/\/bolting.eu\/wp-content\/uploads\/2022\/12\/Camp-X-Dream-Race-Pick-2.jpg\",\"width\":700,\"height\":700,\"caption\":\"Das Bild zeigt die schwarze Camp X-Dream Race Pick mit der Spitze nach rechts.\"},{\"@type\":\"BreadcrumbList\",\"@id\":\"https:\/\/bolting.eu\/en\/shop\/camp-x-dream-race-pick\/#breadcrumb\",\"itemListElement\":[{\"@type\":\"ListItem\",\"position\":1,\"name\":\"Shop\",\"item\":\"https:\/\/bolting.eu\/en\/shop\/\"},{\"@type\":\"ListItem\",\"position\":2,\"name\":\"Bergsteiger Ausr\u00fcstung\",\"item\":\"https:\/\/bolting.eu\/produkt-kategorie\/bergsteiger-ausruestung\/\"},{\"@type\":\"ListItem\",\"position\":3,\"name\":\"Zubeh\u00f6r Eispickel - Eisger\u00e4te\",\"item\":\"https:\/\/bolting.eu\/produkt-kategorie\/bergsteiger-ausruestung\/zubehoer-eispickel-eisgeraete\/\"},{\"@type\":\"ListItem\",\"position\":4,\"name\":\"Camp X-Dream Race Pick\"}]},{\"@type\":\"WebSite\",\"@id\":\"https:\/\/bolting.eu\/en\/#website\",\"url\":\"https:\/\/bolting.eu\/en\/\",\"name\":\"bolting.eu\",\"description\":\"we make climbs happen\",\"publisher\":{\"@id\":\"https:\/\/bolting.eu\/en\/#organization\"},\"potentialAction\":[{\"@type\":\"SearchAction\",\"target\":{\"@type\":\"EntryPoint\",\"urlTemplate\":\"https:\/\/bolting.eu\/en\/?s={search_term_string}\"},\"query-input\":{\"@type\":\"PropertyValueSpecification\",\"valueRequired\":true,\"valueName\":\"search_term_string\"}}],\"inLanguage\":\"en-US\"},{\"@type\":[\"Organization\",\"Place\",\"SportingGoodsStore\"],\"@id\":\"https:\/\/bolting.eu\/en\/#organization\",\"name\":\"bolting.eu\",\"url\":\"https:\/\/bolting.eu\/en\/\",\"logo\":{\"@id\":\"https:\/\/bolting.eu\/en\/shop\/camp-x-dream-race-pick\/#local-main-organization-logo\"},\"image\":{\"@id\":\"https:\/\/bolting.eu\/en\/shop\/camp-x-dream-race-pick\/#local-main-organization-logo\"},\"sameAs\":[\"https:\/\/www.facebook.com\/bolting.eu\",\"https:\/\/www.instagram.com\/bolting.eu\/\"],\"address\":{\"@id\":\"https:\/\/bolting.eu\/en\/shop\/camp-x-dream-race-pick\/#local-main-place-address\"},\"geo\":{\"@type\":\"GeoCoordinates\",\"latitude\":\"47.264176340396226\",\"longitude\":\"11.380109057672346\"},\"telephone\":[\"+43 699 19083372\"],\"openingHoursSpecification\":[{\"@type\":\"OpeningHoursSpecification\",\"dayOfWeek\":[\"Monday\",\"Wednesday\",\"Friday\"],\"opens\":\"14:00\",\"closes\":\"18:00\"},{\"@type\":\"OpeningHoursSpecification\",\"dayOfWeek\":[\"Tuesday\",\"Thursday\",\"Saturday\",\"Sunday\"],\"opens\":\"00:00\",\"closes\":\"00:00\"}],\"email\":\"office@bolting.eu\",\"vatID\":\"ATU59999728\",\"priceRange\":\"$$\",\"currenciesAccepted\":\"Euro\"},{\"@type\":\"PostalAddress\",\"@id\":\"https:\/\/bolting.eu\/en\/shop\/camp-x-dream-race-pick\/#local-main-place-address\",\"streetAddress\":\"Fischnalerstra\u00dfe 4\",\"addressLocality\":\"Innsbruck\",\"postalCode\":\"6020\",\"addressRegion\":\"Tirol\",\"addressCountry\":\"AT\"},{\"@type\":\"ImageObject\",\"inLanguage\":\"en-US\",\"@id\":\"https:\/\/bolting.eu\/en\/shop\/camp-x-dream-race-pick\/#local-main-organization-logo\",\"url\":\"https:\/\/bolting.eu\/wp-content\/uploads\/2019\/09\/bolting-logo.png\",\"contentUrl\":\"https:\/\/bolting.eu\/wp-content\/uploads\/2019\/09\/bolting-logo.png\",\"width\":400,\"height\":211,\"caption\":\"bolting.eu\"}]}<\/script>\n<meta property=\"product:price:amount\" content=\"49.95\" \/>\n<meta property=\"product:price:currency\" content=\"EUR\" \/>\n<meta property=\"og:availability\" content=\"out of stock\" \/>\n<meta property=\"product:availability\" content=\"out of stock\" \/>\n<meta property=\"product:retailer_item_id\" content=\"3052C\" \/>\n<meta property=\"product:condition\" content=\"new\" \/>\n<meta name=\"geo.placename\" content=\"Innsbruck\" \/>\n<meta name=\"geo.position\" content=\"47.264176340396226;11.380109057672346\" \/>\n<meta name=\"geo.region\" content=\"Austria\" \/>\n<!-- \/ Yoast SEO Premium plugin. -->","yoast_head_json":{"title":"Camp X-Dream Race Pick - Dry Tooling Haue | bolting.eu","description":"Camp X-Dream Race Pick - Camp Dry Tooling Haue \u2705 kostenloser Versand* \u2705 14 Tage R\u00fcckgaberecht \u2705 Co2 neutrale Zustellung","robots":{"index":"index","follow":"follow","max-snippet":"max-snippet:-1","max-image-preview":"max-image-preview:large","max-video-preview":"max-video-preview:-1"},"canonical":"https:\/\/bolting.eu\/en\/shop\/camp-x-dream-race-pick\/","og_locale":"en_US","og_type":"article","og_title":"Camp X-Dream Race Pick","og_description":"Camp X-Dream Race Pick - Camp Dry Tooling Haue \u2705 kostenloser Versand* \u2705 14 Tage R\u00fcckgaberecht \u2705 Co2 neutrale Zustellung","og_url":"https:\/\/bolting.eu\/en\/shop\/camp-x-dream-race-pick\/","og_site_name":"bolting.eu","article_publisher":"https:\/\/www.facebook.com\/bolting.eu","article_modified_time":"2025-10-07T09:30:32+00:00","og_image":[{"width":700,"height":700,"url":"https:\/\/bolting.eu\/wp-content\/uploads\/2022\/12\/Camp-X-Dream-Race-Pick-2.jpg","type":"image\/jpeg"}],"twitter_card":"summary_large_image","twitter_misc":{"Price":"&euro;&nbsp;49,95","Availability":"Out of stock"},"schema":{"@context":"https:\/\/schema.org","@graph":[{"@type":["WebPage","ItemPage"],"@id":"https:\/\/bolting.eu\/en\/shop\/camp-x-dream-race-pick\/","url":"https:\/\/bolting.eu\/en\/shop\/camp-x-dream-race-pick\/","name":"Camp X-Dream Race Pick - Dry Tooling Haue | bolting.eu","isPartOf":{"@id":"https:\/\/bolting.eu\/en\/#website"},"primaryImageOfPage":{"@id":"https:\/\/bolting.eu\/en\/shop\/camp-x-dream-race-pick\/#primaryimage"},"image":{"@id":"https:\/\/bolting.eu\/en\/shop\/camp-x-dream-race-pick\/#primaryimage"},"thumbnailUrl":"https:\/\/bolting.eu\/wp-content\/uploads\/2022\/12\/Camp-X-Dream-Race-Pick-2.jpg","datePublished":"2022-12-02T16:13:53+00:00","dateModified":"2025-10-07T09:30:32+00:00","description":"Camp X-Dream Race Pick - Camp Dry Tooling Haue \u2705 kostenloser Versand* \u2705 14 Tage R\u00fcckgaberecht \u2705 Co2 neutrale Zustellung","breadcrumb":{"@id":"https:\/\/bolting.eu\/en\/shop\/camp-x-dream-race-pick\/#breadcrumb"},"inLanguage":"en-US","potentialAction":[{"@type":"ReadAction","target":["https:\/\/bolting.eu\/en\/shop\/camp-x-dream-race-pick\/"]}]},{"@type":"ImageObject","inLanguage":"en-US","@id":"https:\/\/bolting.eu\/en\/shop\/camp-x-dream-race-pick\/#primaryimage","url":"https:\/\/bolting.eu\/wp-content\/uploads\/2022\/12\/Camp-X-Dream-Race-Pick-2.jpg","contentUrl":"https:\/\/bolting.eu\/wp-content\/uploads\/2022\/12\/Camp-X-Dream-Race-Pick-2.jpg","width":700,"height":700,"caption":"Das Bild zeigt die schwarze Camp X-Dream Race Pick mit der Spitze nach rechts."},{"@type":"BreadcrumbList","@id":"https:\/\/bolting.eu\/en\/shop\/camp-x-dream-race-pick\/#breadcrumb","itemListElement":[{"@type":"ListItem","position":1,"name":"Shop","item":"https:\/\/bolting.eu\/en\/shop\/"},{"@type":"ListItem","position":2,"name":"Bergsteiger Ausr\u00fcstung","item":"https:\/\/bolting.eu\/produkt-kategorie\/bergsteiger-ausruestung\/"},{"@type":"ListItem","position":3,"name":"Zubeh\u00f6r Eispickel - Eisger\u00e4te","item":"https:\/\/bolting.eu\/produkt-kategorie\/bergsteiger-ausruestung\/zubehoer-eispickel-eisgeraete\/"},{"@type":"ListItem","position":4,"name":"Camp X-Dream Race Pick"}]},{"@type":"WebSite","@id":"https:\/\/bolting.eu\/en\/#website","url":"https:\/\/bolting.eu\/en\/","name":"bolting.eu","description":"we make climbs happen","publisher":{"@id":"https:\/\/bolting.eu\/en\/#organization"},"potentialAction":[{"@type":"SearchAction","target":{"@type":"EntryPoint","urlTemplate":"https:\/\/bolting.eu\/en\/?s={search_term_string}"},"query-input":{"@type":"PropertyValueSpecification","valueRequired":true,"valueName":"search_term_string"}}],"inLanguage":"en-US"},{"@type":["Organization","Place","SportingGoodsStore"],"@id":"https:\/\/bolting.eu\/en\/#organization","name":"bolting.eu","url":"https:\/\/bolting.eu\/en\/","logo":{"@id":"https:\/\/bolting.eu\/en\/shop\/camp-x-dream-race-pick\/#local-main-organization-logo"},"image":{"@id":"https:\/\/bolting.eu\/en\/shop\/camp-x-dream-race-pick\/#local-main-organization-logo"},"sameAs":["https:\/\/www.facebook.com\/bolting.eu","https:\/\/www.instagram.com\/bolting.eu\/"],"address":{"@id":"https:\/\/bolting.eu\/en\/shop\/camp-x-dream-race-pick\/#local-main-place-address"},"geo":{"@type":"GeoCoordinates","latitude":"47.264176340396226","longitude":"11.380109057672346"},"telephone":["+43 699 19083372"],"openingHoursSpecification":[{"@type":"OpeningHoursSpecification","dayOfWeek":["Monday","Wednesday","Friday"],"opens":"14:00","closes":"18:00"},{"@type":"OpeningHoursSpecification","dayOfWeek":["Tuesday","Thursday","Saturday","Sunday"],"opens":"00:00","closes":"00:00"}],"email":"office@bolting.eu","vatID":"ATU59999728","priceRange":"$$","currenciesAccepted":"Euro"},{"@type":"PostalAddress","@id":"https:\/\/bolting.eu\/en\/shop\/camp-x-dream-race-pick\/#local-main-place-address","streetAddress":"Fischnalerstra\u00dfe 4","addressLocality":"Innsbruck","postalCode":"6020","addressRegion":"Tirol","addressCountry":"AT"},{"@type":"ImageObject","inLanguage":"en-US","@id":"https:\/\/bolting.eu\/en\/shop\/camp-x-dream-race-pick\/#local-main-organization-logo","url":"https:\/\/bolting.eu\/wp-content\/uploads\/2019\/09\/bolting-logo.png","contentUrl":"https:\/\/bolting.eu\/wp-content\/uploads\/2019\/09\/bolting-logo.png","width":400,"height":211,"caption":"bolting.eu"}]},"product_price_amount":"49.95","product_price_currency":"EUR","og_availability":"out of stock","product_availability":"out of stock","product_retailer_item_id":"3052C","product_condition":"new","geo.placename":"Innsbruck","geo.position":{"lat":"47.264176340396226","long":"11.380109057672346"},"geo.region":"Austria"},"_links":{"self":[{"href":"https:\/\/bolting.eu\/en\/wp-json\/wp\/v2\/product\/14131","targetHints":{"allow":["GET"]}}],"collection":[{"href":"https:\/\/bolting.eu\/en\/wp-json\/wp\/v2\/product"}],"about":[{"href":"https:\/\/bolting.eu\/en\/wp-json\/wp\/v2\/types\/product"}],"replies":[{"embeddable":true,"href":"https:\/\/bolting.eu\/en\/wp-json\/wp\/v2\/comments?post=14131"}],"wp:featuredmedia":[{"embeddable":true,"href":"https:\/\/bolting.eu\/en\/wp-json\/wp\/v2\/media\/14133"}],"wp:attachment":[{"href":"https:\/\/bolting.eu\/en\/wp-json\/wp\/v2\/media?parent=14131"}],"wp:term":[{"taxonomy":"product_brand","embeddable":true,"href":"https:\/\/bolting.eu\/en\/wp-json\/wp\/v2\/product_brand?post=14131"},{"taxonomy":"product_cat","embeddable":true,"href":"https:\/\/bolting.eu\/en\/wp-json\/wp\/v2\/product_cat?post=14131"},{"taxonomy":"product_tag","embeddable":true,"href":"https:\/\/bolting.eu\/en\/wp-json\/wp\/v2\/product_tag?post=14131"}],"curies":[{"name":"wp","href":"https:\/\/api.w.org\/{rel}","templated":true}]}}