{"id":14115,"date":"2022-12-02T10:31:40","date_gmt":"2022-12-02T09:31:40","guid":{"rendered":"https:\/\/bolting.eu\/?post_type=product&#038;p=14115"},"modified":"2025-12-31T18:28:09","modified_gmt":"2025-12-31T17:28:09","slug":"schaufelaufsatz-camp-eisgeraete-x-dream-x-all-mountain","status":"publish","type":"product","link":"https:\/\/bolting.eu\/en\/shop\/schaufelaufsatz-camp-eisgeraete-x-dream-x-all-mountain\/","title":{"rendered":"Schaufelaufsatz Camp Eisger\u00e4te &#8211; X-Dream \/ X-All Mountain"},"content":{"rendered":"<p>Schaufelaufsatz f\u00fcr die Camp Eisger\u00e4te\u00a0 X-Dream und X-All Mountain. Einfach zu montieren mit dem Imbusschl\u00fcssel im Lieferumfang.<\/p>\n<p>Die Montage eines Schaufelaufsatzes empfiehlt sich, wenn man voraussichtlich Tritte und Griffe von Schnee und Eis befreien m\u00f6chte. Wie z.B. bei langen Nordw\u00e4nden oder Mixte Routen.<\/p>\n<p>Oder wenn man die Eisoberfl\u00e4che zum Setzen von <a href=\"https:\/\/bolting.eu\/produkt-kategorie\/bergsteiger-ausruestung\/eisschrauben\/\">Eisschrauben<\/a> herrichten will.<\/p>\n<h3>Eigenschaften<\/h3>\n<ul>\n<li>Hersteller: <a href=\"https:\/\/bolting.eu\/produkt-kategorie\/camp-cassin\/\">CAMP<\/a><\/li>\n<li>Material: Chromstahl<\/li>\n<li>Gewicht: 46 Gramm<\/li>\n<li>einfach montierbar mit Imbusschl\u00fcssel (nicht im Lieferumfang!)<\/li>\n<li>ideal um Griffe und Tritte frei zu kratzen<\/li>\n<li>zum Herrichten der Eisoberfl\u00e4che f\u00fcr Eisschrauben, <a href=\"https:\/\/bolting.eu\/abalakov-eissanduhr\/\">Abalakov<\/a> oder St\u00e4nde<\/li>\n<\/ul>\n<h3>Wof\u00fcr Schaufelaufsatz f\u00fcr Camp X-Dream und X-All Mountain?<\/h3>\n<p>Dieser Aufsatz macht dann Sinn, wenn man sich beim Klettern den Untergrund herrichten will.<\/p>\n<p>Das w\u00e4re zum einen das Freimachen von Griffen und Tritten beim Mixed Klettern. Und zum anderen das &#8220;Herrichten&#8221; der Eisoberfl\u00e4che. Wie z.B. beim Einrichten einer Abalakov Eissanduhr, dem Abkratzen schlechten Eises beim Setzen einer Eisschraube, usw..<\/p>\n<h3>Eiskletter Tipp<\/h3>\n<p>Wer seine neue Eiskletter Ausr\u00fcstung mal ordentlich ausprobieren m\u00f6chte, sollte zum <a href=\"https:\/\/maltatal.rocks\/eisklettern-maltatal\/\" target=\"_blank\" rel=\"noopener\">Eisklettern ins Maltatal<\/a>.<\/p>\n<p>&nbsp;<\/p>\n","protected":false},"excerpt":{"rendered":"<p>CAMP Schaufelaufsatz f\u00fcr X-Dream &#8211; X-All Mountain. Leicht zu montieren mit Imbusschl\u00fcssel (nicht im Lieferumfang).<\/p>\n<p>Ideal, wenn man Griffe und Tritte von Schnee befreien will bzw. Eisoberfl\u00e4che f\u00fcr Eisschrauben, Abalakov oder St\u00e4nde herrichten will.<\/p>\n<p>Versandkostenfrei bis 2kg in <img decoding=\"async\" class=\"emoji\" role=\"img\" draggable=\"false\" src=\"https:\/\/s.w.org\/images\/core\/emoji\/13.1.0\/svg\/1f1e6-1f1f9.svg\" alt=\"\ud83c\udde6\ud83c\uddf9\" \/> ab \u20ac 100,- und <img decoding=\"async\" class=\"emoji\" role=\"img\" draggable=\"false\" src=\"https:\/\/s.w.org\/images\/core\/emoji\/13.1.0\/svg\/1f1e9-1f1ea.svg\" alt=\"\ud83c\udde9\ud83c\uddea\" \/> ab \u20ac 200,-!<\/p>\n","protected":false},"featured_media":14117,"comment_status":"closed","ping_status":"closed","template":"","meta":[],"product_brand":[],"product_cat":[4653,13938,14358],"product_tag":[],"class_list":{"0":"post-14115","1":"product","2":"type-product","3":"status-publish","4":"has-post-thumbnail","6":"product_cat-camp-cassin","7":"product_cat-bergsteiger-ausruestung","8":"product_cat-zubehoer-eispickel-eisgeraete","10":"first","11":"instock","12":"taxable","13":"shipping-taxable","14":"purchasable","15":"product-type-simple"},"yoast_head":"<!-- This site is optimized with the Yoast SEO Premium plugin v26.9 (Yoast SEO v26.9) - https:\/\/yoast.com\/product\/yoast-seo-premium-wordpress\/ -->\n<title>Schaufelaufsatz Camp Eisger\u00e4te - X-Dream \/ X-All Mountain | bolting.eu<\/title>\n<meta name=\"description\" content=\"Schaufelaufsatz f\u00fcr Camp Eisger\u00e4te X-Dream und X-All Mountain \u2705 kostenloser Versand* \u2705 14 Tage R\u00fcckgaberecht \u2705 Co2 neutrale Zustellung\" \/>\n<meta name=\"robots\" content=\"index, follow, max-snippet:-1, max-image-preview:large, max-video-preview:-1\" \/>\n<link rel=\"canonical\" href=\"https:\/\/bolting.eu\/en\/shop\/schaufelaufsatz-camp-eisgeraete-x-dream-x-all-mountain\/\" \/>\n<meta property=\"og:locale\" content=\"en_US\" \/>\n<meta property=\"og:type\" content=\"article\" \/>\n<meta property=\"og:title\" content=\"Schaufelaufsatz Camp Eisger\u00e4te - X-Dream \/ X-All Mountain\" \/>\n<meta property=\"og:description\" content=\"Schaufelaufsatz f\u00fcr Camp Eisger\u00e4te X-Dream und X-All Mountain \u2705 kostenloser Versand* \u2705 14 Tage R\u00fcckgaberecht \u2705 Co2 neutrale Zustellung\" \/>\n<meta property=\"og:url\" content=\"https:\/\/bolting.eu\/en\/shop\/schaufelaufsatz-camp-eisgeraete-x-dream-x-all-mountain\/\" \/>\n<meta property=\"og:site_name\" content=\"bolting.eu\" \/>\n<meta property=\"article:publisher\" content=\"https:\/\/www.facebook.com\/bolting.eu\" \/>\n<meta property=\"article:modified_time\" content=\"2025-12-31T17:28:09+00:00\" \/>\n<meta property=\"og:image\" content=\"https:\/\/bolting.eu\/wp-content\/uploads\/2022\/12\/Schaufelausatz-CAmp-Eisgereate-1.jpg\" \/>\n\t<meta property=\"og:image:width\" content=\"700\" \/>\n\t<meta property=\"og:image:height\" content=\"700\" \/>\n\t<meta property=\"og:image:type\" content=\"image\/jpeg\" \/>\n<meta name=\"twitter:card\" content=\"summary_large_image\" \/>\n<meta name=\"twitter:label1\" content=\"Price\" \/>\n\t<meta name=\"twitter:data1\" content=\"&euro;&nbsp;25,00\" \/>\n\t<meta name=\"twitter:label2\" content=\"Availability\" \/>\n\t<meta name=\"twitter:data2\" content=\"In stock\" \/>\n<script type=\"application\/ld+json\" class=\"yoast-schema-graph\">{\"@context\":\"https:\/\/schema.org\",\"@graph\":[{\"@type\":[\"WebPage\",\"ItemPage\"],\"@id\":\"https:\/\/bolting.eu\/en\/shop\/schaufelaufsatz-camp-eisgeraete-x-dream-x-all-mountain\/\",\"url\":\"https:\/\/bolting.eu\/en\/shop\/schaufelaufsatz-camp-eisgeraete-x-dream-x-all-mountain\/\",\"name\":\"Schaufelaufsatz Camp Eisger\u00e4te - X-Dream \/ X-All Mountain | bolting.eu\",\"isPartOf\":{\"@id\":\"https:\/\/bolting.eu\/en\/#website\"},\"primaryImageOfPage\":{\"@id\":\"https:\/\/bolting.eu\/en\/shop\/schaufelaufsatz-camp-eisgeraete-x-dream-x-all-mountain\/#primaryimage\"},\"image\":{\"@id\":\"https:\/\/bolting.eu\/en\/shop\/schaufelaufsatz-camp-eisgeraete-x-dream-x-all-mountain\/#primaryimage\"},\"thumbnailUrl\":\"https:\/\/bolting.eu\/wp-content\/uploads\/2022\/12\/Schaufelausatz-CAmp-Eisgereate-1.jpg\",\"datePublished\":\"2022-12-02T09:31:40+00:00\",\"dateModified\":\"2025-12-31T17:28:09+00:00\",\"description\":\"Schaufelaufsatz f\u00fcr Camp Eisger\u00e4te X-Dream und X-All Mountain \u2705 kostenloser Versand* \u2705 14 Tage R\u00fcckgaberecht \u2705 Co2 neutrale Zustellung\",\"breadcrumb\":{\"@id\":\"https:\/\/bolting.eu\/en\/shop\/schaufelaufsatz-camp-eisgeraete-x-dream-x-all-mountain\/#breadcrumb\"},\"inLanguage\":\"en-US\",\"potentialAction\":[{\"@type\":\"ReadAction\",\"target\":[\"https:\/\/bolting.eu\/en\/shop\/schaufelaufsatz-camp-eisgeraete-x-dream-x-all-mountain\/\"]}]},{\"@type\":\"ImageObject\",\"inLanguage\":\"en-US\",\"@id\":\"https:\/\/bolting.eu\/en\/shop\/schaufelaufsatz-camp-eisgeraete-x-dream-x-all-mountain\/#primaryimage\",\"url\":\"https:\/\/bolting.eu\/wp-content\/uploads\/2022\/12\/Schaufelausatz-CAmp-Eisgereate-1.jpg\",\"contentUrl\":\"https:\/\/bolting.eu\/wp-content\/uploads\/2022\/12\/Schaufelausatz-CAmp-Eisgereate-1.jpg\",\"width\":700,\"height\":700,\"caption\":\"Das Bild zeigt den schwarzen Schaufelaufsatz f\u00fcr Camp Eisger\u00e4te X-Dream und X-All Mountain.\"},{\"@type\":\"BreadcrumbList\",\"@id\":\"https:\/\/bolting.eu\/en\/shop\/schaufelaufsatz-camp-eisgeraete-x-dream-x-all-mountain\/#breadcrumb\",\"itemListElement\":[{\"@type\":\"ListItem\",\"position\":1,\"name\":\"Shop\",\"item\":\"https:\/\/bolting.eu\/en\/shop\/\"},{\"@type\":\"ListItem\",\"position\":2,\"name\":\"Bergsteiger Ausr\u00fcstung\",\"item\":\"https:\/\/bolting.eu\/produkt-kategorie\/bergsteiger-ausruestung\/\"},{\"@type\":\"ListItem\",\"position\":3,\"name\":\"Zubeh\u00f6r Eispickel - Eisger\u00e4te\",\"item\":\"https:\/\/bolting.eu\/produkt-kategorie\/bergsteiger-ausruestung\/zubehoer-eispickel-eisgeraete\/\"},{\"@type\":\"ListItem\",\"position\":4,\"name\":\"Schaufelaufsatz Camp Eisger\u00e4te &#8211; X-Dream \/ X-All Mountain\"}]},{\"@type\":\"WebSite\",\"@id\":\"https:\/\/bolting.eu\/en\/#website\",\"url\":\"https:\/\/bolting.eu\/en\/\",\"name\":\"bolting.eu\",\"description\":\"we make climbs happen\",\"publisher\":{\"@id\":\"https:\/\/bolting.eu\/en\/#organization\"},\"potentialAction\":[{\"@type\":\"SearchAction\",\"target\":{\"@type\":\"EntryPoint\",\"urlTemplate\":\"https:\/\/bolting.eu\/en\/?s={search_term_string}\"},\"query-input\":{\"@type\":\"PropertyValueSpecification\",\"valueRequired\":true,\"valueName\":\"search_term_string\"}}],\"inLanguage\":\"en-US\"},{\"@type\":[\"Organization\",\"Place\",\"SportingGoodsStore\"],\"@id\":\"https:\/\/bolting.eu\/en\/#organization\",\"name\":\"bolting.eu\",\"url\":\"https:\/\/bolting.eu\/en\/\",\"logo\":{\"@id\":\"https:\/\/bolting.eu\/en\/shop\/schaufelaufsatz-camp-eisgeraete-x-dream-x-all-mountain\/#local-main-organization-logo\"},\"image\":{\"@id\":\"https:\/\/bolting.eu\/en\/shop\/schaufelaufsatz-camp-eisgeraete-x-dream-x-all-mountain\/#local-main-organization-logo\"},\"sameAs\":[\"https:\/\/www.facebook.com\/bolting.eu\",\"https:\/\/www.instagram.com\/bolting.eu\/\"],\"address\":{\"@id\":\"https:\/\/bolting.eu\/en\/shop\/schaufelaufsatz-camp-eisgeraete-x-dream-x-all-mountain\/#local-main-place-address\"},\"geo\":{\"@type\":\"GeoCoordinates\",\"latitude\":\"47.264176340396226\",\"longitude\":\"11.380109057672346\"},\"telephone\":[\"+43 699 19083372\"],\"openingHoursSpecification\":[{\"@type\":\"OpeningHoursSpecification\",\"dayOfWeek\":[\"Monday\",\"Wednesday\",\"Friday\"],\"opens\":\"14:00\",\"closes\":\"18:00\"},{\"@type\":\"OpeningHoursSpecification\",\"dayOfWeek\":[\"Tuesday\",\"Thursday\",\"Saturday\",\"Sunday\"],\"opens\":\"00:00\",\"closes\":\"00:00\"}],\"email\":\"office@bolting.eu\",\"vatID\":\"ATU59999728\",\"priceRange\":\"$$\",\"currenciesAccepted\":\"Euro\"},{\"@type\":\"PostalAddress\",\"@id\":\"https:\/\/bolting.eu\/en\/shop\/schaufelaufsatz-camp-eisgeraete-x-dream-x-all-mountain\/#local-main-place-address\",\"streetAddress\":\"Fischnalerstra\u00dfe 4\",\"addressLocality\":\"Innsbruck\",\"postalCode\":\"6020\",\"addressRegion\":\"Tirol\",\"addressCountry\":\"AT\"},{\"@type\":\"ImageObject\",\"inLanguage\":\"en-US\",\"@id\":\"https:\/\/bolting.eu\/en\/shop\/schaufelaufsatz-camp-eisgeraete-x-dream-x-all-mountain\/#local-main-organization-logo\",\"url\":\"https:\/\/bolting.eu\/wp-content\/uploads\/2019\/09\/bolting-logo.png\",\"contentUrl\":\"https:\/\/bolting.eu\/wp-content\/uploads\/2019\/09\/bolting-logo.png\",\"width\":400,\"height\":211,\"caption\":\"bolting.eu\"}]}<\/script>\n<meta property=\"product:price:amount\" content=\"25.00\" \/>\n<meta property=\"product:price:currency\" content=\"EUR\" \/>\n<meta property=\"og:availability\" content=\"instock\" \/>\n<meta property=\"product:availability\" content=\"instock\" \/>\n<meta property=\"product:retailer_item_id\" content=\"2689C\" \/>\n<meta property=\"product:condition\" content=\"new\" \/>\n<meta name=\"geo.placename\" content=\"Innsbruck\" \/>\n<meta name=\"geo.position\" content=\"47.264176340396226;11.380109057672346\" \/>\n<meta name=\"geo.region\" content=\"Austria\" \/>\n<!-- \/ Yoast SEO Premium plugin. -->","yoast_head_json":{"title":"Schaufelaufsatz Camp Eisger\u00e4te - X-Dream \/ X-All Mountain | bolting.eu","description":"Schaufelaufsatz f\u00fcr Camp Eisger\u00e4te X-Dream und X-All Mountain \u2705 kostenloser Versand* \u2705 14 Tage R\u00fcckgaberecht \u2705 Co2 neutrale Zustellung","robots":{"index":"index","follow":"follow","max-snippet":"max-snippet:-1","max-image-preview":"max-image-preview:large","max-video-preview":"max-video-preview:-1"},"canonical":"https:\/\/bolting.eu\/en\/shop\/schaufelaufsatz-camp-eisgeraete-x-dream-x-all-mountain\/","og_locale":"en_US","og_type":"article","og_title":"Schaufelaufsatz Camp Eisger\u00e4te - X-Dream \/ X-All Mountain","og_description":"Schaufelaufsatz f\u00fcr Camp Eisger\u00e4te X-Dream und X-All Mountain \u2705 kostenloser Versand* \u2705 14 Tage R\u00fcckgaberecht \u2705 Co2 neutrale Zustellung","og_url":"https:\/\/bolting.eu\/en\/shop\/schaufelaufsatz-camp-eisgeraete-x-dream-x-all-mountain\/","og_site_name":"bolting.eu","article_publisher":"https:\/\/www.facebook.com\/bolting.eu","article_modified_time":"2025-12-31T17:28:09+00:00","og_image":[{"width":700,"height":700,"url":"https:\/\/bolting.eu\/wp-content\/uploads\/2022\/12\/Schaufelausatz-CAmp-Eisgereate-1.jpg","type":"image\/jpeg"}],"twitter_card":"summary_large_image","twitter_misc":{"Price":"&euro;&nbsp;25,00","Availability":"In stock"},"schema":{"@context":"https:\/\/schema.org","@graph":[{"@type":["WebPage","ItemPage"],"@id":"https:\/\/bolting.eu\/en\/shop\/schaufelaufsatz-camp-eisgeraete-x-dream-x-all-mountain\/","url":"https:\/\/bolting.eu\/en\/shop\/schaufelaufsatz-camp-eisgeraete-x-dream-x-all-mountain\/","name":"Schaufelaufsatz Camp Eisger\u00e4te - X-Dream \/ X-All Mountain | bolting.eu","isPartOf":{"@id":"https:\/\/bolting.eu\/en\/#website"},"primaryImageOfPage":{"@id":"https:\/\/bolting.eu\/en\/shop\/schaufelaufsatz-camp-eisgeraete-x-dream-x-all-mountain\/#primaryimage"},"image":{"@id":"https:\/\/bolting.eu\/en\/shop\/schaufelaufsatz-camp-eisgeraete-x-dream-x-all-mountain\/#primaryimage"},"thumbnailUrl":"https:\/\/bolting.eu\/wp-content\/uploads\/2022\/12\/Schaufelausatz-CAmp-Eisgereate-1.jpg","datePublished":"2022-12-02T09:31:40+00:00","dateModified":"2025-12-31T17:28:09+00:00","description":"Schaufelaufsatz f\u00fcr Camp Eisger\u00e4te X-Dream und X-All Mountain \u2705 kostenloser Versand* \u2705 14 Tage R\u00fcckgaberecht \u2705 Co2 neutrale Zustellung","breadcrumb":{"@id":"https:\/\/bolting.eu\/en\/shop\/schaufelaufsatz-camp-eisgeraete-x-dream-x-all-mountain\/#breadcrumb"},"inLanguage":"en-US","potentialAction":[{"@type":"ReadAction","target":["https:\/\/bolting.eu\/en\/shop\/schaufelaufsatz-camp-eisgeraete-x-dream-x-all-mountain\/"]}]},{"@type":"ImageObject","inLanguage":"en-US","@id":"https:\/\/bolting.eu\/en\/shop\/schaufelaufsatz-camp-eisgeraete-x-dream-x-all-mountain\/#primaryimage","url":"https:\/\/bolting.eu\/wp-content\/uploads\/2022\/12\/Schaufelausatz-CAmp-Eisgereate-1.jpg","contentUrl":"https:\/\/bolting.eu\/wp-content\/uploads\/2022\/12\/Schaufelausatz-CAmp-Eisgereate-1.jpg","width":700,"height":700,"caption":"Das Bild zeigt den schwarzen Schaufelaufsatz f\u00fcr Camp Eisger\u00e4te X-Dream und X-All Mountain."},{"@type":"BreadcrumbList","@id":"https:\/\/bolting.eu\/en\/shop\/schaufelaufsatz-camp-eisgeraete-x-dream-x-all-mountain\/#breadcrumb","itemListElement":[{"@type":"ListItem","position":1,"name":"Shop","item":"https:\/\/bolting.eu\/en\/shop\/"},{"@type":"ListItem","position":2,"name":"Bergsteiger Ausr\u00fcstung","item":"https:\/\/bolting.eu\/produkt-kategorie\/bergsteiger-ausruestung\/"},{"@type":"ListItem","position":3,"name":"Zubeh\u00f6r Eispickel - Eisger\u00e4te","item":"https:\/\/bolting.eu\/produkt-kategorie\/bergsteiger-ausruestung\/zubehoer-eispickel-eisgeraete\/"},{"@type":"ListItem","position":4,"name":"Schaufelaufsatz Camp Eisger\u00e4te &#8211; X-Dream \/ X-All Mountain"}]},{"@type":"WebSite","@id":"https:\/\/bolting.eu\/en\/#website","url":"https:\/\/bolting.eu\/en\/","name":"bolting.eu","description":"we make climbs happen","publisher":{"@id":"https:\/\/bolting.eu\/en\/#organization"},"potentialAction":[{"@type":"SearchAction","target":{"@type":"EntryPoint","urlTemplate":"https:\/\/bolting.eu\/en\/?s={search_term_string}"},"query-input":{"@type":"PropertyValueSpecification","valueRequired":true,"valueName":"search_term_string"}}],"inLanguage":"en-US"},{"@type":["Organization","Place","SportingGoodsStore"],"@id":"https:\/\/bolting.eu\/en\/#organization","name":"bolting.eu","url":"https:\/\/bolting.eu\/en\/","logo":{"@id":"https:\/\/bolting.eu\/en\/shop\/schaufelaufsatz-camp-eisgeraete-x-dream-x-all-mountain\/#local-main-organization-logo"},"image":{"@id":"https:\/\/bolting.eu\/en\/shop\/schaufelaufsatz-camp-eisgeraete-x-dream-x-all-mountain\/#local-main-organization-logo"},"sameAs":["https:\/\/www.facebook.com\/bolting.eu","https:\/\/www.instagram.com\/bolting.eu\/"],"address":{"@id":"https:\/\/bolting.eu\/en\/shop\/schaufelaufsatz-camp-eisgeraete-x-dream-x-all-mountain\/#local-main-place-address"},"geo":{"@type":"GeoCoordinates","latitude":"47.264176340396226","longitude":"11.380109057672346"},"telephone":["+43 699 19083372"],"openingHoursSpecification":[{"@type":"OpeningHoursSpecification","dayOfWeek":["Monday","Wednesday","Friday"],"opens":"14:00","closes":"18:00"},{"@type":"OpeningHoursSpecification","dayOfWeek":["Tuesday","Thursday","Saturday","Sunday"],"opens":"00:00","closes":"00:00"}],"email":"office@bolting.eu","vatID":"ATU59999728","priceRange":"$$","currenciesAccepted":"Euro"},{"@type":"PostalAddress","@id":"https:\/\/bolting.eu\/en\/shop\/schaufelaufsatz-camp-eisgeraete-x-dream-x-all-mountain\/#local-main-place-address","streetAddress":"Fischnalerstra\u00dfe 4","addressLocality":"Innsbruck","postalCode":"6020","addressRegion":"Tirol","addressCountry":"AT"},{"@type":"ImageObject","inLanguage":"en-US","@id":"https:\/\/bolting.eu\/en\/shop\/schaufelaufsatz-camp-eisgeraete-x-dream-x-all-mountain\/#local-main-organization-logo","url":"https:\/\/bolting.eu\/wp-content\/uploads\/2019\/09\/bolting-logo.png","contentUrl":"https:\/\/bolting.eu\/wp-content\/uploads\/2019\/09\/bolting-logo.png","width":400,"height":211,"caption":"bolting.eu"}]},"product_price_amount":"25.00","product_price_currency":"EUR","og_availability":"instock","product_availability":"instock","product_retailer_item_id":"2689C","product_condition":"new","geo.placename":"Innsbruck","geo.position":{"lat":"47.264176340396226","long":"11.380109057672346"},"geo.region":"Austria"},"_links":{"self":[{"href":"https:\/\/bolting.eu\/en\/wp-json\/wp\/v2\/product\/14115","targetHints":{"allow":["GET"]}}],"collection":[{"href":"https:\/\/bolting.eu\/en\/wp-json\/wp\/v2\/product"}],"about":[{"href":"https:\/\/bolting.eu\/en\/wp-json\/wp\/v2\/types\/product"}],"replies":[{"embeddable":true,"href":"https:\/\/bolting.eu\/en\/wp-json\/wp\/v2\/comments?post=14115"}],"wp:featuredmedia":[{"embeddable":true,"href":"https:\/\/bolting.eu\/en\/wp-json\/wp\/v2\/media\/14117"}],"wp:attachment":[{"href":"https:\/\/bolting.eu\/en\/wp-json\/wp\/v2\/media?parent=14115"}],"wp:term":[{"taxonomy":"product_brand","embeddable":true,"href":"https:\/\/bolting.eu\/en\/wp-json\/wp\/v2\/product_brand?post=14115"},{"taxonomy":"product_cat","embeddable":true,"href":"https:\/\/bolting.eu\/en\/wp-json\/wp\/v2\/product_cat?post=14115"},{"taxonomy":"product_tag","embeddable":true,"href":"https:\/\/bolting.eu\/en\/wp-json\/wp\/v2\/product_tag?post=14115"}],"curies":[{"name":"wp","href":"https:\/\/api.w.org\/{rel}","templated":true}]}}