{"id":14112,"date":"2022-12-02T09:59:42","date_gmt":"2022-12-02T08:59:42","guid":{"rendered":"https:\/\/bolting.eu\/?post_type=product&#038;p=14112"},"modified":"2026-01-21T15:11:56","modified_gmt":"2026-01-21T14:11:56","slug":"zusatzgewichte-camp-eisgeraete","status":"publish","type":"product","link":"https:\/\/bolting.eu\/en\/shop\/zusatzgewichte-camp-eisgeraete\/","title":{"rendered":"Zusatzgewichte CAMP Eisger\u00e4te"},"content":{"rendered":"<p>Diese Zusatzgewichte f\u00fcr Camp Eisger\u00e4te sind speziell f\u00fcr die Modelle X-Dream und <a href=\"https:\/\/bolting.eu\/shop\/camp-x-all-mountain-eisgeraet\/\">X-All Mountain<\/a>. Sie k\u00f6nnen einfach mit dem mitgelieferten Inbusschl\u00fcssel montiert werden.<\/p>\n<p>Dieses optionale Zubeh\u00f6r ist dann sinnvoll, wenn das Einschlagverm\u00f6gen der Hauen gesteigert werden soll. D.h. der Kopf bekommt mehr Masse.<\/p>\n<p>Somit braucht man zwar etwas mehr Kraft bei der Ausholbewegung, hat dann aber auch mehr &#8220;Wumms&#8221; beim Einschlagen. Folglich werden die extra Gewicht gerne verwendet, wenn man ausschlie\u00dflich im steilen Eis oder langen Eisrinnen unterwegs ist.<\/p>\n<h2>Eigenschaften Zusatzgewichte CAMP Eisger\u00e4te<\/h2>\n<ul>\n<li>Hersteller: <a href=\"https:\/\/bolting.eu\/produkt-kategorie\/camp-cassin\/\">CAMP<\/a><\/li>\n<li>Material: Chromstahl<\/li>\n<li>Gewicht: 62 Gramm<\/li>\n<li>Lieferumfang: Set aus 2 Zusatzgewichten, Schraube und Mutter<\/li>\n<li>nur f\u00fcr CAMP X-Dream und X-All Mountain Eisger\u00e4te<\/li>\n<li>kompatibel mit allen CAMP Hauen<\/li>\n<\/ul>\n<h3>Eisger\u00e4te Zusatzgewicht<\/h3>\n<p>Extra Aufs\u00e4tze an den Pickeln anzubringen, ist ein g\u00e4ngiges System. Das Prinzip dahinter ist die h\u00f6here kinetische Energie.<\/p>\n<p>Mehr Kraft beim Ausholen durch die h\u00f6her Masse = mehr Impakt beim Einschlagen.<\/p>\n<p>Folglich nutzen diese M\u00f6glichkeit alle, die beim Eisklettern die Einschlagleistung der Hauen erh\u00f6hen wollen. Tendenziell brauchen das Anf\u00e4nger gar nicht. Intermediates wenn sie genug Kraft zum Schlagen haben bzw. die Eisrouten k\u00fcrzer sind.<\/p>\n<p>Profis wissen ohnehin, ob und ggf. wann sie die extra Gewichte f\u00fcr Eisger\u00e4te einsetzen wollen.<\/p>\n<h4><strong>Eiskletter Tipp<\/strong><\/h4>\n<p>Eine sehr gute M\u00f6glichkeit die Zusatzgewichte f\u00fcr CAMP Eisger\u00e4te auszuprobieren, findet ihr beim <a href=\"https:\/\/maltatal.rocks\/eisklettern-maltatal\/\" target=\"_blank\" rel=\"noopener\">Eisklettern im Maltatal<\/a>.<\/p>\n","protected":false},"excerpt":{"rendered":"<p>Zusatzgewichte f\u00fcr die Camp Eisger\u00e4te X-Dream und X-All Mountain.<\/p>\n<p>Optionale Aufs\u00e4tze um die EInschlagleistung der Hauen zu verbessern. Einfach montierbar mit Imbusschl\u00fcssel (im Lieferumfang).<\/p>\n<p>Versandkostenfrei bis 2kg in <img decoding=\"async\" class=\"emoji\" role=\"img\" draggable=\"false\" src=\"https:\/\/s.w.org\/images\/core\/emoji\/13.1.0\/svg\/1f1e6-1f1f9.svg\" alt=\"\ud83c\udde6\ud83c\uddf9\" \/> ab \u20ac 100,- und <img decoding=\"async\" class=\"emoji\" role=\"img\" draggable=\"false\" src=\"https:\/\/s.w.org\/images\/core\/emoji\/13.1.0\/svg\/1f1e9-1f1ea.svg\" alt=\"\ud83c\udde9\ud83c\uddea\" \/> ab \u20ac 200,-!<\/p>\n","protected":false},"featured_media":36382,"comment_status":"closed","ping_status":"closed","template":"","meta":[],"product_brand":[],"product_cat":[13938,14358,4653],"product_tag":[],"class_list":{"0":"post-14112","1":"product","2":"type-product","3":"status-publish","4":"has-post-thumbnail","6":"product_cat-bergsteiger-ausruestung","7":"product_cat-zubehoer-eispickel-eisgeraete","8":"product_cat-camp-cassin","10":"first","11":"instock","12":"taxable","13":"shipping-taxable","14":"purchasable","15":"product-type-simple"},"yoast_head":"<!-- This site is optimized with the Yoast SEO Premium plugin v26.9 (Yoast SEO v26.9) - https:\/\/yoast.com\/product\/yoast-seo-premium-wordpress\/ -->\n<title>Zusatzgewichte CAMP Eisger\u00e4te - X-Dream &amp; X-All Mountain | bolting.eu<\/title>\n<meta name=\"description\" content=\"Zusatzgewichte f\u00fcr Camp Eisger\u00e4te X-Dream und X-All Mountain \u2705 Trusted Shops \u2705 kostenloser Versand* \u2705 14 Tage R\u00fcckgaberecht \u2705 Co2 neutraler Versand\" \/>\n<meta name=\"robots\" content=\"index, follow, max-snippet:-1, max-image-preview:large, max-video-preview:-1\" \/>\n<link rel=\"canonical\" href=\"https:\/\/bolting.eu\/en\/shop\/zusatzgewichte-camp-eisgeraete\/\" \/>\n<meta property=\"og:locale\" content=\"en_US\" \/>\n<meta property=\"og:type\" content=\"article\" \/>\n<meta property=\"og:title\" content=\"Zusatzgewichte CAMP Eisger\u00e4te\" \/>\n<meta property=\"og:description\" content=\"Zusatzgewichte f\u00fcr Camp Eisger\u00e4te X-Dream und X-All Mountain \u2705 Trusted Shops \u2705 kostenloser Versand* \u2705 14 Tage R\u00fcckgaberecht \u2705 Co2 neutraler Versand\" \/>\n<meta property=\"og:url\" content=\"https:\/\/bolting.eu\/en\/shop\/zusatzgewichte-camp-eisgeraete\/\" \/>\n<meta property=\"og:site_name\" content=\"bolting.eu\" \/>\n<meta property=\"article:publisher\" content=\"https:\/\/www.facebook.com\/bolting.eu\" \/>\n<meta property=\"article:modified_time\" content=\"2026-01-21T14:11:56+00:00\" \/>\n<meta property=\"og:image\" content=\"https:\/\/bolting.eu\/wp-content\/uploads\/2022\/12\/Zusatzgewichte-Camp-X-Dream.jpg\" \/>\n\t<meta property=\"og:image:width\" content=\"700\" \/>\n\t<meta property=\"og:image:height\" content=\"700\" \/>\n\t<meta property=\"og:image:type\" content=\"image\/jpeg\" \/>\n<meta name=\"twitter:card\" content=\"summary_large_image\" \/>\n<meta name=\"twitter:label1\" content=\"Price\" \/>\n\t<meta name=\"twitter:data1\" content=\"&euro;&nbsp;30,00\" \/>\n\t<meta name=\"twitter:label2\" content=\"Availability\" \/>\n\t<meta name=\"twitter:data2\" content=\"In stock\" \/>\n<script type=\"application\/ld+json\" class=\"yoast-schema-graph\">{\"@context\":\"https:\/\/schema.org\",\"@graph\":[{\"@type\":[\"WebPage\",\"ItemPage\"],\"@id\":\"https:\/\/bolting.eu\/en\/shop\/zusatzgewichte-camp-eisgeraete\/\",\"url\":\"https:\/\/bolting.eu\/en\/shop\/zusatzgewichte-camp-eisgeraete\/\",\"name\":\"Zusatzgewichte CAMP Eisger\u00e4te - X-Dream & X-All Mountain | bolting.eu\",\"isPartOf\":{\"@id\":\"https:\/\/bolting.eu\/en\/#website\"},\"primaryImageOfPage\":{\"@id\":\"https:\/\/bolting.eu\/en\/shop\/zusatzgewichte-camp-eisgeraete\/#primaryimage\"},\"image\":{\"@id\":\"https:\/\/bolting.eu\/en\/shop\/zusatzgewichte-camp-eisgeraete\/#primaryimage\"},\"thumbnailUrl\":\"https:\/\/bolting.eu\/wp-content\/uploads\/2022\/12\/Zusatzgewichte-Camp-X-Dream.jpg\",\"datePublished\":\"2022-12-02T08:59:42+00:00\",\"dateModified\":\"2026-01-21T14:11:56+00:00\",\"description\":\"Zusatzgewichte f\u00fcr Camp Eisger\u00e4te X-Dream und X-All Mountain \u2705 Trusted Shops \u2705 kostenloser Versand* \u2705 14 Tage R\u00fcckgaberecht \u2705 Co2 neutraler Versand\",\"breadcrumb\":{\"@id\":\"https:\/\/bolting.eu\/en\/shop\/zusatzgewichte-camp-eisgeraete\/#breadcrumb\"},\"inLanguage\":\"en-US\",\"potentialAction\":[{\"@type\":\"ReadAction\",\"target\":[\"https:\/\/bolting.eu\/en\/shop\/zusatzgewichte-camp-eisgeraete\/\"]}]},{\"@type\":\"ImageObject\",\"inLanguage\":\"en-US\",\"@id\":\"https:\/\/bolting.eu\/en\/shop\/zusatzgewichte-camp-eisgeraete\/#primaryimage\",\"url\":\"https:\/\/bolting.eu\/wp-content\/uploads\/2022\/12\/Zusatzgewichte-Camp-X-Dream.jpg\",\"contentUrl\":\"https:\/\/bolting.eu\/wp-content\/uploads\/2022\/12\/Zusatzgewichte-Camp-X-Dream.jpg\",\"width\":700,\"height\":700,\"caption\":\"Ein Satz Zusatzgewichte f\u00fcr Camp Eisger\u00e4t X Dream mit Schrauben und Inbus Schl\u00fcssel.\"},{\"@type\":\"BreadcrumbList\",\"@id\":\"https:\/\/bolting.eu\/en\/shop\/zusatzgewichte-camp-eisgeraete\/#breadcrumb\",\"itemListElement\":[{\"@type\":\"ListItem\",\"position\":1,\"name\":\"Shop\",\"item\":\"https:\/\/bolting.eu\/en\/shop\/\"},{\"@type\":\"ListItem\",\"position\":2,\"name\":\"Bergsteiger Ausr\u00fcstung\",\"item\":\"https:\/\/bolting.eu\/produkt-kategorie\/bergsteiger-ausruestung\/\"},{\"@type\":\"ListItem\",\"position\":3,\"name\":\"Zubeh\u00f6r Eispickel - Eisger\u00e4te\",\"item\":\"https:\/\/bolting.eu\/produkt-kategorie\/bergsteiger-ausruestung\/zubehoer-eispickel-eisgeraete\/\"},{\"@type\":\"ListItem\",\"position\":4,\"name\":\"Zusatzgewichte CAMP Eisger\u00e4te\"}]},{\"@type\":\"WebSite\",\"@id\":\"https:\/\/bolting.eu\/en\/#website\",\"url\":\"https:\/\/bolting.eu\/en\/\",\"name\":\"bolting.eu\",\"description\":\"we make climbs happen\",\"publisher\":{\"@id\":\"https:\/\/bolting.eu\/en\/#organization\"},\"potentialAction\":[{\"@type\":\"SearchAction\",\"target\":{\"@type\":\"EntryPoint\",\"urlTemplate\":\"https:\/\/bolting.eu\/en\/?s={search_term_string}\"},\"query-input\":{\"@type\":\"PropertyValueSpecification\",\"valueRequired\":true,\"valueName\":\"search_term_string\"}}],\"inLanguage\":\"en-US\"},{\"@type\":[\"Organization\",\"Place\",\"SportingGoodsStore\"],\"@id\":\"https:\/\/bolting.eu\/en\/#organization\",\"name\":\"bolting.eu\",\"url\":\"https:\/\/bolting.eu\/en\/\",\"logo\":{\"@id\":\"https:\/\/bolting.eu\/en\/shop\/zusatzgewichte-camp-eisgeraete\/#local-main-organization-logo\"},\"image\":{\"@id\":\"https:\/\/bolting.eu\/en\/shop\/zusatzgewichte-camp-eisgeraete\/#local-main-organization-logo\"},\"sameAs\":[\"https:\/\/www.facebook.com\/bolting.eu\",\"https:\/\/www.instagram.com\/bolting.eu\/\"],\"address\":{\"@id\":\"https:\/\/bolting.eu\/en\/shop\/zusatzgewichte-camp-eisgeraete\/#local-main-place-address\"},\"geo\":{\"@type\":\"GeoCoordinates\",\"latitude\":\"47.264176340396226\",\"longitude\":\"11.380109057672346\"},\"telephone\":[\"+43 699 19083372\"],\"openingHoursSpecification\":[{\"@type\":\"OpeningHoursSpecification\",\"dayOfWeek\":[\"Monday\",\"Wednesday\",\"Friday\"],\"opens\":\"14:00\",\"closes\":\"18:00\"},{\"@type\":\"OpeningHoursSpecification\",\"dayOfWeek\":[\"Tuesday\",\"Thursday\",\"Saturday\",\"Sunday\"],\"opens\":\"00:00\",\"closes\":\"00:00\"}],\"email\":\"office@bolting.eu\",\"vatID\":\"ATU59999728\",\"priceRange\":\"$$\",\"currenciesAccepted\":\"Euro\"},{\"@type\":\"PostalAddress\",\"@id\":\"https:\/\/bolting.eu\/en\/shop\/zusatzgewichte-camp-eisgeraete\/#local-main-place-address\",\"streetAddress\":\"Fischnalerstra\u00dfe 4\",\"addressLocality\":\"Innsbruck\",\"postalCode\":\"6020\",\"addressRegion\":\"Tirol\",\"addressCountry\":\"AT\"},{\"@type\":\"ImageObject\",\"inLanguage\":\"en-US\",\"@id\":\"https:\/\/bolting.eu\/en\/shop\/zusatzgewichte-camp-eisgeraete\/#local-main-organization-logo\",\"url\":\"https:\/\/bolting.eu\/wp-content\/uploads\/2019\/09\/bolting-logo.png\",\"contentUrl\":\"https:\/\/bolting.eu\/wp-content\/uploads\/2019\/09\/bolting-logo.png\",\"width\":400,\"height\":211,\"caption\":\"bolting.eu\"}]}<\/script>\n<meta property=\"product:price:amount\" content=\"30.00\" \/>\n<meta property=\"product:price:currency\" content=\"EUR\" \/>\n<meta property=\"og:availability\" content=\"instock\" \/>\n<meta property=\"product:availability\" content=\"instock\" \/>\n<meta property=\"product:retailer_item_id\" content=\"3640\" \/>\n<meta property=\"product:condition\" content=\"new\" \/>\n<meta name=\"geo.placename\" content=\"Innsbruck\" \/>\n<meta name=\"geo.position\" content=\"47.264176340396226;11.380109057672346\" \/>\n<meta name=\"geo.region\" content=\"Austria\" \/>\n<!-- \/ Yoast SEO Premium plugin. -->","yoast_head_json":{"title":"Zusatzgewichte CAMP Eisger\u00e4te - X-Dream & X-All Mountain | bolting.eu","description":"Zusatzgewichte f\u00fcr Camp Eisger\u00e4te X-Dream und X-All Mountain \u2705 Trusted Shops \u2705 kostenloser Versand* \u2705 14 Tage R\u00fcckgaberecht \u2705 Co2 neutraler Versand","robots":{"index":"index","follow":"follow","max-snippet":"max-snippet:-1","max-image-preview":"max-image-preview:large","max-video-preview":"max-video-preview:-1"},"canonical":"https:\/\/bolting.eu\/en\/shop\/zusatzgewichte-camp-eisgeraete\/","og_locale":"en_US","og_type":"article","og_title":"Zusatzgewichte CAMP Eisger\u00e4te","og_description":"Zusatzgewichte f\u00fcr Camp Eisger\u00e4te X-Dream und X-All Mountain \u2705 Trusted Shops \u2705 kostenloser Versand* \u2705 14 Tage R\u00fcckgaberecht \u2705 Co2 neutraler Versand","og_url":"https:\/\/bolting.eu\/en\/shop\/zusatzgewichte-camp-eisgeraete\/","og_site_name":"bolting.eu","article_publisher":"https:\/\/www.facebook.com\/bolting.eu","article_modified_time":"2026-01-21T14:11:56+00:00","og_image":[{"width":700,"height":700,"url":"https:\/\/bolting.eu\/wp-content\/uploads\/2022\/12\/Zusatzgewichte-Camp-X-Dream.jpg","type":"image\/jpeg"}],"twitter_card":"summary_large_image","twitter_misc":{"Price":"&euro;&nbsp;30,00","Availability":"In stock"},"schema":{"@context":"https:\/\/schema.org","@graph":[{"@type":["WebPage","ItemPage"],"@id":"https:\/\/bolting.eu\/en\/shop\/zusatzgewichte-camp-eisgeraete\/","url":"https:\/\/bolting.eu\/en\/shop\/zusatzgewichte-camp-eisgeraete\/","name":"Zusatzgewichte CAMP Eisger\u00e4te - X-Dream & X-All Mountain | bolting.eu","isPartOf":{"@id":"https:\/\/bolting.eu\/en\/#website"},"primaryImageOfPage":{"@id":"https:\/\/bolting.eu\/en\/shop\/zusatzgewichte-camp-eisgeraete\/#primaryimage"},"image":{"@id":"https:\/\/bolting.eu\/en\/shop\/zusatzgewichte-camp-eisgeraete\/#primaryimage"},"thumbnailUrl":"https:\/\/bolting.eu\/wp-content\/uploads\/2022\/12\/Zusatzgewichte-Camp-X-Dream.jpg","datePublished":"2022-12-02T08:59:42+00:00","dateModified":"2026-01-21T14:11:56+00:00","description":"Zusatzgewichte f\u00fcr Camp Eisger\u00e4te X-Dream und X-All Mountain \u2705 Trusted Shops \u2705 kostenloser Versand* \u2705 14 Tage R\u00fcckgaberecht \u2705 Co2 neutraler Versand","breadcrumb":{"@id":"https:\/\/bolting.eu\/en\/shop\/zusatzgewichte-camp-eisgeraete\/#breadcrumb"},"inLanguage":"en-US","potentialAction":[{"@type":"ReadAction","target":["https:\/\/bolting.eu\/en\/shop\/zusatzgewichte-camp-eisgeraete\/"]}]},{"@type":"ImageObject","inLanguage":"en-US","@id":"https:\/\/bolting.eu\/en\/shop\/zusatzgewichte-camp-eisgeraete\/#primaryimage","url":"https:\/\/bolting.eu\/wp-content\/uploads\/2022\/12\/Zusatzgewichte-Camp-X-Dream.jpg","contentUrl":"https:\/\/bolting.eu\/wp-content\/uploads\/2022\/12\/Zusatzgewichte-Camp-X-Dream.jpg","width":700,"height":700,"caption":"Ein Satz Zusatzgewichte f\u00fcr Camp Eisger\u00e4t X Dream mit Schrauben und Inbus Schl\u00fcssel."},{"@type":"BreadcrumbList","@id":"https:\/\/bolting.eu\/en\/shop\/zusatzgewichte-camp-eisgeraete\/#breadcrumb","itemListElement":[{"@type":"ListItem","position":1,"name":"Shop","item":"https:\/\/bolting.eu\/en\/shop\/"},{"@type":"ListItem","position":2,"name":"Bergsteiger Ausr\u00fcstung","item":"https:\/\/bolting.eu\/produkt-kategorie\/bergsteiger-ausruestung\/"},{"@type":"ListItem","position":3,"name":"Zubeh\u00f6r Eispickel - Eisger\u00e4te","item":"https:\/\/bolting.eu\/produkt-kategorie\/bergsteiger-ausruestung\/zubehoer-eispickel-eisgeraete\/"},{"@type":"ListItem","position":4,"name":"Zusatzgewichte CAMP Eisger\u00e4te"}]},{"@type":"WebSite","@id":"https:\/\/bolting.eu\/en\/#website","url":"https:\/\/bolting.eu\/en\/","name":"bolting.eu","description":"we make climbs happen","publisher":{"@id":"https:\/\/bolting.eu\/en\/#organization"},"potentialAction":[{"@type":"SearchAction","target":{"@type":"EntryPoint","urlTemplate":"https:\/\/bolting.eu\/en\/?s={search_term_string}"},"query-input":{"@type":"PropertyValueSpecification","valueRequired":true,"valueName":"search_term_string"}}],"inLanguage":"en-US"},{"@type":["Organization","Place","SportingGoodsStore"],"@id":"https:\/\/bolting.eu\/en\/#organization","name":"bolting.eu","url":"https:\/\/bolting.eu\/en\/","logo":{"@id":"https:\/\/bolting.eu\/en\/shop\/zusatzgewichte-camp-eisgeraete\/#local-main-organization-logo"},"image":{"@id":"https:\/\/bolting.eu\/en\/shop\/zusatzgewichte-camp-eisgeraete\/#local-main-organization-logo"},"sameAs":["https:\/\/www.facebook.com\/bolting.eu","https:\/\/www.instagram.com\/bolting.eu\/"],"address":{"@id":"https:\/\/bolting.eu\/en\/shop\/zusatzgewichte-camp-eisgeraete\/#local-main-place-address"},"geo":{"@type":"GeoCoordinates","latitude":"47.264176340396226","longitude":"11.380109057672346"},"telephone":["+43 699 19083372"],"openingHoursSpecification":[{"@type":"OpeningHoursSpecification","dayOfWeek":["Monday","Wednesday","Friday"],"opens":"14:00","closes":"18:00"},{"@type":"OpeningHoursSpecification","dayOfWeek":["Tuesday","Thursday","Saturday","Sunday"],"opens":"00:00","closes":"00:00"}],"email":"office@bolting.eu","vatID":"ATU59999728","priceRange":"$$","currenciesAccepted":"Euro"},{"@type":"PostalAddress","@id":"https:\/\/bolting.eu\/en\/shop\/zusatzgewichte-camp-eisgeraete\/#local-main-place-address","streetAddress":"Fischnalerstra\u00dfe 4","addressLocality":"Innsbruck","postalCode":"6020","addressRegion":"Tirol","addressCountry":"AT"},{"@type":"ImageObject","inLanguage":"en-US","@id":"https:\/\/bolting.eu\/en\/shop\/zusatzgewichte-camp-eisgeraete\/#local-main-organization-logo","url":"https:\/\/bolting.eu\/wp-content\/uploads\/2019\/09\/bolting-logo.png","contentUrl":"https:\/\/bolting.eu\/wp-content\/uploads\/2019\/09\/bolting-logo.png","width":400,"height":211,"caption":"bolting.eu"}]},"product_price_amount":"30.00","product_price_currency":"EUR","og_availability":"instock","product_availability":"instock","product_retailer_item_id":"3640","product_condition":"new","geo.placename":"Innsbruck","geo.position":{"lat":"47.264176340396226","long":"11.380109057672346"},"geo.region":"Austria"},"_links":{"self":[{"href":"https:\/\/bolting.eu\/en\/wp-json\/wp\/v2\/product\/14112","targetHints":{"allow":["GET"]}}],"collection":[{"href":"https:\/\/bolting.eu\/en\/wp-json\/wp\/v2\/product"}],"about":[{"href":"https:\/\/bolting.eu\/en\/wp-json\/wp\/v2\/types\/product"}],"replies":[{"embeddable":true,"href":"https:\/\/bolting.eu\/en\/wp-json\/wp\/v2\/comments?post=14112"}],"wp:featuredmedia":[{"embeddable":true,"href":"https:\/\/bolting.eu\/en\/wp-json\/wp\/v2\/media\/36382"}],"wp:attachment":[{"href":"https:\/\/bolting.eu\/en\/wp-json\/wp\/v2\/media?parent=14112"}],"wp:term":[{"taxonomy":"product_brand","embeddable":true,"href":"https:\/\/bolting.eu\/en\/wp-json\/wp\/v2\/product_brand?post=14112"},{"taxonomy":"product_cat","embeddable":true,"href":"https:\/\/bolting.eu\/en\/wp-json\/wp\/v2\/product_cat?post=14112"},{"taxonomy":"product_tag","embeddable":true,"href":"https:\/\/bolting.eu\/en\/wp-json\/wp\/v2\/product_tag?post=14112"}],"curies":[{"name":"wp","href":"https:\/\/api.w.org\/{rel}","templated":true}]}}