{"id":14091,"date":"2022-11-29T21:33:38","date_gmt":"2022-11-29T20:33:38","guid":{"rendered":"https:\/\/bolting.eu\/?post_type=product&#038;p=14091"},"modified":"2023-03-31T16:40:27","modified_gmt":"2023-03-31T14:40:27","slug":"haue-fuer-camp-x-light","status":"publish","type":"product","link":"https:\/\/bolting.eu\/en\/shop\/haue-fuer-camp-x-light\/","title":{"rendered":"Haue f\u00fcr Camp X-Light"},"content":{"rendered":"<p>Die Haue f\u00fcr <a href=\"https:\/\/bolting.eu\/shop\/camp-x-light-eisgeraet\/\">Camp X-Light<\/a> ist ein wichtiges Ersatzteil. Denn die &#8220;Ersatzhaue&#8221; f\u00fcr das X-Light <a href=\"https:\/\/bolting.eu\/produkt-kategorie\/bergsteiger-ausruestung\/eisgeraete\/\">Eisger\u00e4t<\/a> dient zur Erneuerung bei abgefeilten Klingen bzw. gebrochenen Spitzen.<\/p>\n<p>Dieses Modell ist aus Edelstahl und somit sehr hochwertig bzw. widerstandsf\u00e4hig. Es kann ganz leicht selber montiert werden. Du brauchst daf\u00fcr nur einen passenden Imbusschl\u00fcssel.<\/p>\n<p>Beachte! Dieses Modell ist ist nur f\u00fcr das X-Light. Ger\u00e4te wie das <a href=\"https:\/\/bolting.eu\/shop\/camp-x-all-mountain-eisgeraet\/\">X-All Mountain<\/a> oder X-Dream \/ X-Dream Alpine haben eigene Klingen!<\/p>\n<p>Weiters gibt es noch den <a href=\"https:\/\/bolting.eu\/shop\/camp-hammeraufsatz-fuer-x-light\/\">Hammerkopf Aufsatz<\/a> und den <a href=\"https:\/\/bolting.eu\/shop\/camp-schaufelaufsatz-fuer-x-light\/\">Schaufelkopf Aufsatz<\/a>!<\/p>\n<figure id=\"attachment_13994\" aria-describedby=\"caption-attachment-13994\" style=\"width: 400px\" class=\"wp-caption alignnone\"><a href=\"https:\/\/bolting.eu\/wp-content\/uploads\/2022\/11\/Camp-X-Light-Hammerkopf.jpg\"><img loading=\"lazy\" decoding=\"async\" class=\"wp-image-13994 size-medium\" src=\"https:\/\/bolting.eu\/wp-content\/uploads\/2022\/11\/Camp-X-Light-Hammerkopf-400x400.jpg\" alt=\"Das Bild zeigt das Camp X-Light EIsger\u00e4t mit schwarzem Schaft. Am Kopf eine Haue rechts und ein Hammeraufsatz links.\" width=\"400\" height=\"400\" srcset=\"https:\/\/bolting.eu\/wp-content\/uploads\/2022\/11\/Camp-X-Light-Hammerkopf-400x400.jpg 400w, https:\/\/bolting.eu\/wp-content\/uploads\/2022\/11\/Camp-X-Light-Hammerkopf-247x247.jpg 247w, https:\/\/bolting.eu\/wp-content\/uploads\/2022\/11\/Camp-X-Light-Hammerkopf-100x100.jpg 100w, https:\/\/bolting.eu\/wp-content\/uploads\/2022\/11\/Camp-X-Light-Hammerkopf-510x510.jpg 510w, https:\/\/bolting.eu\/wp-content\/uploads\/2022\/11\/Camp-X-Light-Hammerkopf-280x280.jpg 280w, https:\/\/bolting.eu\/wp-content\/uploads\/2022\/11\/Camp-X-Light-Hammerkopf-300x300.jpg 300w, https:\/\/bolting.eu\/wp-content\/uploads\/2022\/11\/Camp-X-Light-Hammerkopf-600x600.jpg 600w, https:\/\/bolting.eu\/wp-content\/uploads\/2022\/11\/Camp-X-Light-Hammerkopf.jpg 700w\" sizes=\"auto, (max-width: 400px) 100vw, 400px\" \/><\/a><figcaption id=\"caption-attachment-13994\" class=\"wp-caption-text\">Diese Haue ist ausschlie\u00dflich f\u00fcr das X-Light geeignet!<\/figcaption><\/figure>\n<h2>Eigenschaften<\/h2>\n<ul>\n<li>Hersteller: <a href=\"https:\/\/bolting.eu\/produkt-kategorie\/camp-cassin\/\">CAMP<\/a><\/li>\n<li>Haue f\u00fcr Camp X-Light<\/li>\n<li>Material: Edelstahl lackiert<\/li>\n<li>Klinge zum Ersetzen abgefeilter oder gebrochener Original Hauen<\/li>\n<li>Gewicht: 76 Gramm<\/li>\n<li>Lieferumfang: 1 St\u00fcck<\/li>\n<li>Installation: einfach mit Imbusschl\u00fcssel<\/li>\n<\/ul>\n<h3>Lebensdauer verl\u00e4ngern!<\/h3>\n<p>Verl\u00e4ngere die Lebensdauer deiner Ersatzklingen f\u00fcr das X-Light, indem so sie gut behandelst. D.h. immer ordentlich s\u00e4ubern und bei Zimmertemperatur trocken lagern. Schlecht sind Garage und Gartenschuppen. Viel besser sind der Keller oder die Materialkammer.<\/p>\n<p>Wer seine Hauen selber nachfeilt muss Acht geben. Ab der angegebenen Markierung verliert die Ersatzhaue seine optimale Haltekraft im Eis bzw. ver\u00e4ndern sich die Kr\u00e4ftearme zu stark f\u00fcr einen guten Halt.<\/p>\n","protected":false},"excerpt":{"rendered":"<p>Haue f\u00fcr CAMP X-Light Eisger\u00e4t.<\/p>\n<p>Identes Modell wie die Original Haue aus Edelstahl. Nicht f\u00fcr andere Pickel geeignet.<\/p>\n<p>Versandkostenfrei bis 2kg in <img decoding=\"async\" class=\"emoji\" role=\"img\" draggable=\"false\" src=\"https:\/\/s.w.org\/images\/core\/emoji\/13.1.0\/svg\/1f1e6-1f1f9.svg\" alt=\"\ud83c\udde6\ud83c\uddf9\" \/> ab \u20ac 100,- und <img decoding=\"async\" class=\"emoji\" role=\"img\" draggable=\"false\" src=\"https:\/\/s.w.org\/images\/core\/emoji\/13.1.0\/svg\/1f1e9-1f1ea.svg\" alt=\"\ud83c\udde9\ud83c\uddea\" \/> ab \u20ac 200,-!<\/p>\n","protected":false},"featured_media":14093,"comment_status":"closed","ping_status":"closed","template":"","meta":[],"product_brand":[],"product_cat":[14355,13938],"product_tag":[],"class_list":{"0":"post-14091","1":"product","2":"type-product","3":"status-publish","4":"has-post-thumbnail","6":"product_cat-hauen-fuer-eisgeraete","7":"product_cat-bergsteiger-ausruestung","9":"first","10":"instock","11":"taxable","12":"shipping-taxable","13":"purchasable","14":"product-type-simple"},"yoast_head":"<!-- This site is optimized with the Yoast SEO Premium plugin v26.9 (Yoast SEO v26.9) - https:\/\/yoast.com\/product\/yoast-seo-premium-wordpress\/ -->\n<title>Haue f\u00fcr Camp X-Light - Ersatzklinge zum Wechseln | bolting.eu<\/title>\n<meta name=\"description\" content=\"Haue f\u00fcr CAMP X-Light - Ersatzklinge beim Kletter Hardwareprofi kaufen \u2705 kostenloser Versand* \u2705 14 Tage R\u00fcckgaberecht \u2705 Co2 neutraler Versand\" \/>\n<meta name=\"robots\" content=\"index, follow, max-snippet:-1, max-image-preview:large, max-video-preview:-1\" \/>\n<link rel=\"canonical\" href=\"https:\/\/bolting.eu\/en\/shop\/haue-fuer-camp-x-light\/\" \/>\n<meta property=\"og:locale\" content=\"en_US\" \/>\n<meta property=\"og:type\" content=\"article\" \/>\n<meta property=\"og:title\" content=\"Haue f\u00fcr Camp X-Light\" \/>\n<meta property=\"og:description\" content=\"Haue f\u00fcr CAMP X-Light - Ersatzklinge beim Kletter Hardwareprofi kaufen \u2705 kostenloser Versand* \u2705 14 Tage R\u00fcckgaberecht \u2705 Co2 neutraler Versand\" \/>\n<meta property=\"og:url\" content=\"https:\/\/bolting.eu\/en\/shop\/haue-fuer-camp-x-light\/\" \/>\n<meta property=\"og:site_name\" content=\"bolting.eu\" \/>\n<meta property=\"article:publisher\" content=\"https:\/\/www.facebook.com\/bolting.eu\" \/>\n<meta property=\"article:modified_time\" content=\"2023-03-31T14:40:27+00:00\" \/>\n<meta property=\"og:image\" content=\"https:\/\/bolting.eu\/wp-content\/uploads\/2022\/11\/Haue-Camp-X-Light-1.jpg\" \/>\n\t<meta property=\"og:image:width\" content=\"700\" \/>\n\t<meta property=\"og:image:height\" content=\"700\" \/>\n\t<meta property=\"og:image:type\" content=\"image\/jpeg\" \/>\n<meta name=\"twitter:card\" content=\"summary_large_image\" \/>\n<meta name=\"twitter:label1\" content=\"Price\" \/>\n\t<meta name=\"twitter:data1\" content=\"&euro;&nbsp;36,00\" \/>\n\t<meta name=\"twitter:label2\" content=\"Availability\" \/>\n\t<meta name=\"twitter:data2\" content=\"In stock\" \/>\n<script type=\"application\/ld+json\" class=\"yoast-schema-graph\">{\"@context\":\"https:\/\/schema.org\",\"@graph\":[{\"@type\":[\"WebPage\",\"ItemPage\"],\"@id\":\"https:\/\/bolting.eu\/en\/shop\/haue-fuer-camp-x-light\/\",\"url\":\"https:\/\/bolting.eu\/en\/shop\/haue-fuer-camp-x-light\/\",\"name\":\"Haue f\u00fcr Camp X-Light - Ersatzklinge zum Wechseln | bolting.eu\",\"isPartOf\":{\"@id\":\"https:\/\/bolting.eu\/en\/#website\"},\"primaryImageOfPage\":{\"@id\":\"https:\/\/bolting.eu\/en\/shop\/haue-fuer-camp-x-light\/#primaryimage\"},\"image\":{\"@id\":\"https:\/\/bolting.eu\/en\/shop\/haue-fuer-camp-x-light\/#primaryimage\"},\"thumbnailUrl\":\"https:\/\/bolting.eu\/wp-content\/uploads\/2022\/11\/Haue-Camp-X-Light-1.jpg\",\"datePublished\":\"2022-11-29T20:33:38+00:00\",\"dateModified\":\"2023-03-31T14:40:27+00:00\",\"description\":\"Haue f\u00fcr CAMP X-Light - Ersatzklinge beim Kletter Hardwareprofi kaufen \u2705 kostenloser Versand* \u2705 14 Tage R\u00fcckgaberecht \u2705 Co2 neutraler Versand\",\"breadcrumb\":{\"@id\":\"https:\/\/bolting.eu\/en\/shop\/haue-fuer-camp-x-light\/#breadcrumb\"},\"inLanguage\":\"en-US\",\"potentialAction\":[{\"@type\":\"ReadAction\",\"target\":[\"https:\/\/bolting.eu\/en\/shop\/haue-fuer-camp-x-light\/\"]}]},{\"@type\":\"ImageObject\",\"inLanguage\":\"en-US\",\"@id\":\"https:\/\/bolting.eu\/en\/shop\/haue-fuer-camp-x-light\/#primaryimage\",\"url\":\"https:\/\/bolting.eu\/wp-content\/uploads\/2022\/11\/Haue-Camp-X-Light-1.jpg\",\"contentUrl\":\"https:\/\/bolting.eu\/wp-content\/uploads\/2022\/11\/Haue-Camp-X-Light-1.jpg\",\"width\":700,\"height\":700,\"caption\":\"Das Bild zeigt die Haue f\u00fcr das Camp X-Light Eisger\u00e4t mit der Spitze nach rechts auf einem wei\u00dfem Quadrat.\"},{\"@type\":\"BreadcrumbList\",\"@id\":\"https:\/\/bolting.eu\/en\/shop\/haue-fuer-camp-x-light\/#breadcrumb\",\"itemListElement\":[{\"@type\":\"ListItem\",\"position\":1,\"name\":\"Shop\",\"item\":\"https:\/\/bolting.eu\/en\/shop\/\"},{\"@type\":\"ListItem\",\"position\":2,\"name\":\"Bergsteiger Ausr\u00fcstung\",\"item\":\"https:\/\/bolting.eu\/produkt-kategorie\/bergsteiger-ausruestung\/\"},{\"@type\":\"ListItem\",\"position\":3,\"name\":\"Hauen f\u00fcr Eisger\u00e4te\",\"item\":\"https:\/\/bolting.eu\/produkt-kategorie\/bergsteiger-ausruestung\/hauen-fuer-eisgeraete\/\"},{\"@type\":\"ListItem\",\"position\":4,\"name\":\"Haue f\u00fcr Camp X-Light\"}]},{\"@type\":\"WebSite\",\"@id\":\"https:\/\/bolting.eu\/en\/#website\",\"url\":\"https:\/\/bolting.eu\/en\/\",\"name\":\"bolting.eu\",\"description\":\"we make climbs happen\",\"publisher\":{\"@id\":\"https:\/\/bolting.eu\/en\/#organization\"},\"potentialAction\":[{\"@type\":\"SearchAction\",\"target\":{\"@type\":\"EntryPoint\",\"urlTemplate\":\"https:\/\/bolting.eu\/en\/?s={search_term_string}\"},\"query-input\":{\"@type\":\"PropertyValueSpecification\",\"valueRequired\":true,\"valueName\":\"search_term_string\"}}],\"inLanguage\":\"en-US\"},{\"@type\":[\"Organization\",\"Place\",\"SportingGoodsStore\"],\"@id\":\"https:\/\/bolting.eu\/en\/#organization\",\"name\":\"bolting.eu\",\"url\":\"https:\/\/bolting.eu\/en\/\",\"logo\":{\"@id\":\"https:\/\/bolting.eu\/en\/shop\/haue-fuer-camp-x-light\/#local-main-organization-logo\"},\"image\":{\"@id\":\"https:\/\/bolting.eu\/en\/shop\/haue-fuer-camp-x-light\/#local-main-organization-logo\"},\"sameAs\":[\"https:\/\/www.facebook.com\/bolting.eu\",\"https:\/\/www.instagram.com\/bolting.eu\/\"],\"address\":{\"@id\":\"https:\/\/bolting.eu\/en\/shop\/haue-fuer-camp-x-light\/#local-main-place-address\"},\"geo\":{\"@type\":\"GeoCoordinates\",\"latitude\":\"47.264176340396226\",\"longitude\":\"11.380109057672346\"},\"telephone\":[\"+43 699 19083372\"],\"openingHoursSpecification\":[{\"@type\":\"OpeningHoursSpecification\",\"dayOfWeek\":[\"Monday\",\"Wednesday\",\"Friday\"],\"opens\":\"14:00\",\"closes\":\"18:00\"},{\"@type\":\"OpeningHoursSpecification\",\"dayOfWeek\":[\"Tuesday\",\"Thursday\",\"Saturday\",\"Sunday\"],\"opens\":\"00:00\",\"closes\":\"00:00\"}],\"email\":\"office@bolting.eu\",\"vatID\":\"ATU59999728\",\"priceRange\":\"$$\",\"currenciesAccepted\":\"Euro\"},{\"@type\":\"PostalAddress\",\"@id\":\"https:\/\/bolting.eu\/en\/shop\/haue-fuer-camp-x-light\/#local-main-place-address\",\"streetAddress\":\"Fischnalerstra\u00dfe 4\",\"addressLocality\":\"Innsbruck\",\"postalCode\":\"6020\",\"addressRegion\":\"Tirol\",\"addressCountry\":\"AT\"},{\"@type\":\"ImageObject\",\"inLanguage\":\"en-US\",\"@id\":\"https:\/\/bolting.eu\/en\/shop\/haue-fuer-camp-x-light\/#local-main-organization-logo\",\"url\":\"https:\/\/bolting.eu\/wp-content\/uploads\/2019\/09\/bolting-logo.png\",\"contentUrl\":\"https:\/\/bolting.eu\/wp-content\/uploads\/2019\/09\/bolting-logo.png\",\"width\":400,\"height\":211,\"caption\":\"bolting.eu\"}]}<\/script>\n<meta property=\"product:price:amount\" content=\"36.00\" \/>\n<meta property=\"product:price:currency\" content=\"EUR\" \/>\n<meta property=\"og:availability\" content=\"instock\" \/>\n<meta property=\"product:availability\" content=\"instock\" \/>\n<meta property=\"product:retailer_item_id\" content=\"2287C\" \/>\n<meta property=\"product:condition\" content=\"new\" \/>\n<meta name=\"geo.placename\" content=\"Innsbruck\" \/>\n<meta name=\"geo.position\" content=\"47.264176340396226;11.380109057672346\" \/>\n<meta name=\"geo.region\" content=\"Austria\" \/>\n<!-- \/ Yoast SEO Premium plugin. -->","yoast_head_json":{"title":"Haue f\u00fcr Camp X-Light - Ersatzklinge zum Wechseln | bolting.eu","description":"Haue f\u00fcr CAMP X-Light - Ersatzklinge beim Kletter Hardwareprofi kaufen \u2705 kostenloser Versand* \u2705 14 Tage R\u00fcckgaberecht \u2705 Co2 neutraler Versand","robots":{"index":"index","follow":"follow","max-snippet":"max-snippet:-1","max-image-preview":"max-image-preview:large","max-video-preview":"max-video-preview:-1"},"canonical":"https:\/\/bolting.eu\/en\/shop\/haue-fuer-camp-x-light\/","og_locale":"en_US","og_type":"article","og_title":"Haue f\u00fcr Camp X-Light","og_description":"Haue f\u00fcr CAMP X-Light - Ersatzklinge beim Kletter Hardwareprofi kaufen \u2705 kostenloser Versand* \u2705 14 Tage R\u00fcckgaberecht \u2705 Co2 neutraler Versand","og_url":"https:\/\/bolting.eu\/en\/shop\/haue-fuer-camp-x-light\/","og_site_name":"bolting.eu","article_publisher":"https:\/\/www.facebook.com\/bolting.eu","article_modified_time":"2023-03-31T14:40:27+00:00","og_image":[{"width":700,"height":700,"url":"https:\/\/bolting.eu\/wp-content\/uploads\/2022\/11\/Haue-Camp-X-Light-1.jpg","type":"image\/jpeg"}],"twitter_card":"summary_large_image","twitter_misc":{"Price":"&euro;&nbsp;36,00","Availability":"In stock"},"schema":{"@context":"https:\/\/schema.org","@graph":[{"@type":["WebPage","ItemPage"],"@id":"https:\/\/bolting.eu\/en\/shop\/haue-fuer-camp-x-light\/","url":"https:\/\/bolting.eu\/en\/shop\/haue-fuer-camp-x-light\/","name":"Haue f\u00fcr Camp X-Light - Ersatzklinge zum Wechseln | bolting.eu","isPartOf":{"@id":"https:\/\/bolting.eu\/en\/#website"},"primaryImageOfPage":{"@id":"https:\/\/bolting.eu\/en\/shop\/haue-fuer-camp-x-light\/#primaryimage"},"image":{"@id":"https:\/\/bolting.eu\/en\/shop\/haue-fuer-camp-x-light\/#primaryimage"},"thumbnailUrl":"https:\/\/bolting.eu\/wp-content\/uploads\/2022\/11\/Haue-Camp-X-Light-1.jpg","datePublished":"2022-11-29T20:33:38+00:00","dateModified":"2023-03-31T14:40:27+00:00","description":"Haue f\u00fcr CAMP X-Light - Ersatzklinge beim Kletter Hardwareprofi kaufen \u2705 kostenloser Versand* \u2705 14 Tage R\u00fcckgaberecht \u2705 Co2 neutraler Versand","breadcrumb":{"@id":"https:\/\/bolting.eu\/en\/shop\/haue-fuer-camp-x-light\/#breadcrumb"},"inLanguage":"en-US","potentialAction":[{"@type":"ReadAction","target":["https:\/\/bolting.eu\/en\/shop\/haue-fuer-camp-x-light\/"]}]},{"@type":"ImageObject","inLanguage":"en-US","@id":"https:\/\/bolting.eu\/en\/shop\/haue-fuer-camp-x-light\/#primaryimage","url":"https:\/\/bolting.eu\/wp-content\/uploads\/2022\/11\/Haue-Camp-X-Light-1.jpg","contentUrl":"https:\/\/bolting.eu\/wp-content\/uploads\/2022\/11\/Haue-Camp-X-Light-1.jpg","width":700,"height":700,"caption":"Das Bild zeigt die Haue f\u00fcr das Camp X-Light Eisger\u00e4t mit der Spitze nach rechts auf einem wei\u00dfem Quadrat."},{"@type":"BreadcrumbList","@id":"https:\/\/bolting.eu\/en\/shop\/haue-fuer-camp-x-light\/#breadcrumb","itemListElement":[{"@type":"ListItem","position":1,"name":"Shop","item":"https:\/\/bolting.eu\/en\/shop\/"},{"@type":"ListItem","position":2,"name":"Bergsteiger Ausr\u00fcstung","item":"https:\/\/bolting.eu\/produkt-kategorie\/bergsteiger-ausruestung\/"},{"@type":"ListItem","position":3,"name":"Hauen f\u00fcr Eisger\u00e4te","item":"https:\/\/bolting.eu\/produkt-kategorie\/bergsteiger-ausruestung\/hauen-fuer-eisgeraete\/"},{"@type":"ListItem","position":4,"name":"Haue f\u00fcr Camp X-Light"}]},{"@type":"WebSite","@id":"https:\/\/bolting.eu\/en\/#website","url":"https:\/\/bolting.eu\/en\/","name":"bolting.eu","description":"we make climbs happen","publisher":{"@id":"https:\/\/bolting.eu\/en\/#organization"},"potentialAction":[{"@type":"SearchAction","target":{"@type":"EntryPoint","urlTemplate":"https:\/\/bolting.eu\/en\/?s={search_term_string}"},"query-input":{"@type":"PropertyValueSpecification","valueRequired":true,"valueName":"search_term_string"}}],"inLanguage":"en-US"},{"@type":["Organization","Place","SportingGoodsStore"],"@id":"https:\/\/bolting.eu\/en\/#organization","name":"bolting.eu","url":"https:\/\/bolting.eu\/en\/","logo":{"@id":"https:\/\/bolting.eu\/en\/shop\/haue-fuer-camp-x-light\/#local-main-organization-logo"},"image":{"@id":"https:\/\/bolting.eu\/en\/shop\/haue-fuer-camp-x-light\/#local-main-organization-logo"},"sameAs":["https:\/\/www.facebook.com\/bolting.eu","https:\/\/www.instagram.com\/bolting.eu\/"],"address":{"@id":"https:\/\/bolting.eu\/en\/shop\/haue-fuer-camp-x-light\/#local-main-place-address"},"geo":{"@type":"GeoCoordinates","latitude":"47.264176340396226","longitude":"11.380109057672346"},"telephone":["+43 699 19083372"],"openingHoursSpecification":[{"@type":"OpeningHoursSpecification","dayOfWeek":["Monday","Wednesday","Friday"],"opens":"14:00","closes":"18:00"},{"@type":"OpeningHoursSpecification","dayOfWeek":["Tuesday","Thursday","Saturday","Sunday"],"opens":"00:00","closes":"00:00"}],"email":"office@bolting.eu","vatID":"ATU59999728","priceRange":"$$","currenciesAccepted":"Euro"},{"@type":"PostalAddress","@id":"https:\/\/bolting.eu\/en\/shop\/haue-fuer-camp-x-light\/#local-main-place-address","streetAddress":"Fischnalerstra\u00dfe 4","addressLocality":"Innsbruck","postalCode":"6020","addressRegion":"Tirol","addressCountry":"AT"},{"@type":"ImageObject","inLanguage":"en-US","@id":"https:\/\/bolting.eu\/en\/shop\/haue-fuer-camp-x-light\/#local-main-organization-logo","url":"https:\/\/bolting.eu\/wp-content\/uploads\/2019\/09\/bolting-logo.png","contentUrl":"https:\/\/bolting.eu\/wp-content\/uploads\/2019\/09\/bolting-logo.png","width":400,"height":211,"caption":"bolting.eu"}]},"product_price_amount":"36.00","product_price_currency":"EUR","og_availability":"instock","product_availability":"instock","product_retailer_item_id":"2287C","product_condition":"new","geo.placename":"Innsbruck","geo.position":{"lat":"47.264176340396226","long":"11.380109057672346"},"geo.region":"Austria"},"_links":{"self":[{"href":"https:\/\/bolting.eu\/en\/wp-json\/wp\/v2\/product\/14091","targetHints":{"allow":["GET"]}}],"collection":[{"href":"https:\/\/bolting.eu\/en\/wp-json\/wp\/v2\/product"}],"about":[{"href":"https:\/\/bolting.eu\/en\/wp-json\/wp\/v2\/types\/product"}],"replies":[{"embeddable":true,"href":"https:\/\/bolting.eu\/en\/wp-json\/wp\/v2\/comments?post=14091"}],"wp:featuredmedia":[{"embeddable":true,"href":"https:\/\/bolting.eu\/en\/wp-json\/wp\/v2\/media\/14093"}],"wp:attachment":[{"href":"https:\/\/bolting.eu\/en\/wp-json\/wp\/v2\/media?parent=14091"}],"wp:term":[{"taxonomy":"product_brand","embeddable":true,"href":"https:\/\/bolting.eu\/en\/wp-json\/wp\/v2\/product_brand?post=14091"},{"taxonomy":"product_cat","embeddable":true,"href":"https:\/\/bolting.eu\/en\/wp-json\/wp\/v2\/product_cat?post=14091"},{"taxonomy":"product_tag","embeddable":true,"href":"https:\/\/bolting.eu\/en\/wp-json\/wp\/v2\/product_tag?post=14091"}],"curies":[{"name":"wp","href":"https:\/\/api.w.org\/{rel}","templated":true}]}}