{"id":14031,"date":"2022-11-29T19:44:35","date_gmt":"2022-11-29T18:44:35","guid":{"rendered":"https:\/\/bolting.eu\/?post_type=product&#038;p=14031"},"modified":"2026-02-03T21:02:08","modified_gmt":"2026-02-03T20:02:08","slug":"singing-rock-onyx-klettergurt","status":"publish","type":"product","link":"https:\/\/bolting.eu\/en\/shop\/singing-rock-onyx-klettergurt\/","title":{"rendered":"Singing Rock Onyx Klettergurt"},"content":{"rendered":"<p>Der Singing Rock Onyx ist ein High Performance <a href=\"https:\/\/bolting.eu\/produkt-kategorie\/kletterausruestung\/klettergurte\/\">Klettergurt<\/a> mit tollem Preis &#8211; Leistungsverh\u00e4ltnis. Dieses leichte Modell bietet f\u00fcr harte Route die ideale Ausstattung bei gleichzeitig super erschwinglichen preis. Ein echter Geheimtipp!<\/p>\n<p>Denn der komfortabel gepolsterte Gurt bringt in Gr. M gerade einmal 335 Gramm auf die Waage. Hierf\u00fcr ist er sehr gut gepolstert und auch angenehm geformt. D.h. er verteilt den Druck ideal auf die passenden Stellen dank der weichen und flexiblen Materialien.<\/p>\n<p>Die Beinschlaufen haben einen dezenten Gummizug f\u00fcr anliegenden Fit. Das H\u00fcftband ist wie gesagt sch\u00f6n weich, atmungsaktiv und mit guter Breite. Die vier Materialschlaufen f\u00fcr jede Menge <a href=\"https:\/\/bolting.eu\/produkt-kategorie\/kletterausruestung\/expressschlingen\/\">Expressen<\/a> und die Rock &amp; Lock Schnallen runden das Produkt perfekt ab.<\/p>\n<h2>Eigenschaften Singing Rock Onyx Klettergurt<\/h2>\n<ul>\n<li>Hersteller: <a href=\"https:\/\/bolting.eu\/produkt-kategorie\/singing-rock\/\">Singing Rock<\/a><\/li>\n<li>Material: Polyamid, EVA, PES, Alu;<\/li>\n<li>Gr\u00f6\u00dfen: S &#8211; M &#8211; L &#8211; XL<\/li>\n<li>Gewicht: nur 330 Gramm<\/li>\n<li>Norm: EN 12277<\/li>\n<li>Farbe: gelb<\/li>\n<li>fixe Beinschlaufen<\/li>\n<li>Aufh\u00e4ngung Beinschlaufen abnehmbar<\/li>\n<li>breite, komfortable Polsterung &#8211; atmungsaktiv<\/li>\n<li>unterst\u00fctzt Wirbels\u00e4ule maximal<\/li>\n<li>4 Materialschlaufen plus kleine Haul Schlaufe<\/li>\n<li>schwarz markierte Sicherungsschlaufe<\/li>\n<li>Rock &amp; Lock Schnallen f\u00fcr rasches und sicheres Anziehen \/ Ausziehen<\/li>\n<li><a href=\"https:\/\/www.singingrock.com\/data\/downloads\/pdf1\/IOU_16S97022586_CLIMBING_HARNESS_2018.pdf\" target=\"_blank\" rel=\"noopener\">Bedienungsanleitung<\/a><\/li>\n<\/ul>\n<h3>Gr\u00f6\u00dfentabelle<\/h3>\n<p>Im Folgenden findet ihr eine Gr\u00f6\u00dfentabelle f\u00fcr den Singing Rock Onyx bzw. alle Modelle dieses Herstellers wie den <a href=\"https:\/\/bolting.eu\/shop\/singing-rock-klettergurt-rob-xxl\/\">Rob<\/a>, <a href=\"https:\/\/bolting.eu\/shop\/singing-rock-versa-klettergurt-l-xxl\/\">Versa<\/a>, <a href=\"https:\/\/bolting.eu\/shop\/singing-rock-ray-klettergurt-xxl\/\">Ray<\/a> und <a href=\"https:\/\/bolting.eu\/shop\/singing-rock-dome-big-wall-gurt\/\">Rock Dome<\/a>.<\/p>\n<p>Beachtet beim Bestimmen eurer Gr\u00f6\u00dfen. Es sollte sowohl beim H\u00fcftband als auch bei den Beinschlaufen noch eine flache Hand dazwischen passen!<\/p>\n<p><a href=\"https:\/\/bolting.eu\/wp-content\/uploads\/2022\/11\/Size-Chart-Singing-Rock.jpg\"><img loading=\"lazy\" decoding=\"async\" class=\"alignnone size-full wp-image-14032\" src=\"https:\/\/bolting.eu\/wp-content\/uploads\/2022\/11\/Size-Chart-Singing-Rock.jpg\" alt=\"DAs Bild zeigt eine grafik mit TAbell ezu den Gr\u00f6\u00dfen von Singing Rock Klettergurten.\" width=\"800\" height=\"251\" srcset=\"https:\/\/bolting.eu\/wp-content\/uploads\/2022\/11\/Size-Chart-Singing-Rock.jpg 800w, https:\/\/bolting.eu\/wp-content\/uploads\/2022\/11\/Size-Chart-Singing-Rock-510x160.jpg 510w, https:\/\/bolting.eu\/wp-content\/uploads\/2022\/11\/Size-Chart-Singing-Rock-768x241.jpg 768w, https:\/\/bolting.eu\/wp-content\/uploads\/2022\/11\/Size-Chart-Singing-Rock-600x188.jpg 600w\" sizes=\"auto, (max-width: 800px) 100vw, 800px\" \/><\/a><\/p>\n<h3>Sehr, sehr gutes Preis &#8211; Leistungsverh\u00e4ltnis<\/h3>\n<p>Beim Singing Rock Onyx erinnert sehr viel an die ENDOFRAME Technologie von Petzl und Gurte wie dem <a href=\"https:\/\/bolting.eu\/shop\/petzl-luna-damen-klettergurt\/\">Luna<\/a> oder <a href=\"https:\/\/bolting.eu\/shop\/petzl-adjama-allround-klettergurt\/\">Adjama<\/a>. Nur ist der Preis deutlich niedriger.<\/p>\n<p>Deswegen darf man hier das Preis &#8211; Leistungsverh\u00e4ltnis durchaus als sehr, sehr gut bezeichnen.<\/p>\n<p>F\u00fcr verh\u00e4ltnism\u00e4\u00dfig wenig Euros bekommt man hier jede Menge Gurt, saubere Verarbeitung und super Komfort. Es muss nicht immer der Marktf\u00fchrer sein!<\/p>\n<h4><strong>Singing Rock Onyx = Gurt zum schweren Sportklettern<\/strong><\/h4>\n<p>Dieses Modell ist zum schweren Sportklettern gedacht. Zum einen ist es n\u00e4mlich relativ leicht, mit 330 Gramm f\u00fcr die Gr\u00f6\u00dfe M. Es geht zwar noch leichter, aber dieser Gurt hat daf\u00fcr auch erstaunlich viel Komfort.<\/p>\n<p>Anders als absolute Leichtgewichte gibt es bei diesem Gurt einfach noch eine gute Polsterung und Druckverteilung. So tut intensives Auschecken bzw. langes H\u00e4ngen im Seil auch nach einer ordentlichen Session nicht weh an der H\u00fcfte.<\/p>\n<figure id=\"attachment_14033\" aria-describedby=\"caption-attachment-14033\" style=\"width: 800px\" class=\"wp-caption alignnone\"><a href=\"https:\/\/bolting.eu\/wp-content\/uploads\/2022\/11\/Singing-Rock-Onyx-6.jpg\"><img loading=\"lazy\" decoding=\"async\" class=\"wp-image-14033\" src=\"https:\/\/bolting.eu\/wp-content\/uploads\/2022\/11\/Singing-Rock-Onyx-6.jpg\" alt=\"Das Bild zeigt einen Kletterei in einer extrem steilen Felswand mit dem Singing Rock Onyx Klettergurt.\" width=\"800\" height=\"533\" srcset=\"https:\/\/bolting.eu\/wp-content\/uploads\/2022\/11\/Singing-Rock-Onyx-6.jpg 1000w, https:\/\/bolting.eu\/wp-content\/uploads\/2022\/11\/Singing-Rock-Onyx-6-510x340.jpg 510w, https:\/\/bolting.eu\/wp-content\/uploads\/2022\/11\/Singing-Rock-Onyx-6-601x400.jpg 601w, https:\/\/bolting.eu\/wp-content\/uploads\/2022\/11\/Singing-Rock-Onyx-6-768x511.jpg 768w, https:\/\/bolting.eu\/wp-content\/uploads\/2022\/11\/Singing-Rock-Onyx-6-600x400.jpg 600w\" sizes=\"auto, (max-width: 800px) 100vw, 800px\" \/><\/a><figcaption id=\"caption-attachment-14033\" class=\"wp-caption-text\">Dieser Klettergurt ist f\u00fcr das schwere Sportklettern gedacht. Foto: Singing ock<\/figcaption><\/figure>\n<p>&nbsp;<\/p>\n","protected":false},"excerpt":{"rendered":"<p>Sportkletter Gurt mit tollem Preis &#8211; Leistungsverh\u00e4ltnis.<\/p>\n<p>Sehr leicht, super verarbeitet und mit hohem Tragekomfort. Dieser Gurt mit fixen Beinschlaufen und 4 Materialschlaufen l\u00e4sst beim harten Klettern keine W\u00fcnsche \u00fcbrig.<\/p>\n<p>Versandkostenfrei bis 2kg in <img decoding=\"async\" class=\"emoji\" role=\"img\" draggable=\"false\" src=\"https:\/\/s.w.org\/images\/core\/emoji\/13.1.0\/svg\/1f1e6-1f1f9.svg\" alt=\"\ud83c\udde6\ud83c\uddf9\" \/> ab \u20ac 100,- und <img decoding=\"async\" class=\"emoji\" role=\"img\" draggable=\"false\" src=\"https:\/\/s.w.org\/images\/core\/emoji\/13.1.0\/svg\/1f1e9-1f1ea.svg\" alt=\"\ud83c\udde9\ud83c\uddea\" \/> ab \u20ac 200,-!<\/p>\n","protected":false},"featured_media":14037,"comment_status":"closed","ping_status":"closed","template":"","meta":[],"product_brand":[],"product_cat":[29,14319,6359,12141],"product_tag":[],"class_list":{"0":"post-14031","1":"product","2":"type-product","3":"status-publish","4":"has-post-thumbnail","6":"product_cat-kletterausruestung","7":"product_cat-sale-klettern","8":"product_cat-klettergurte","9":"product_cat-singing-rock","11":"first","12":"instock","13":"sale","14":"taxable","15":"shipping-taxable","16":"purchasable","17":"product-type-variable"},"yoast_head":"<!-- This site is optimized with the Yoast SEO Premium plugin v26.9 (Yoast SEO v26.9) - https:\/\/yoast.com\/product\/yoast-seo-premium-wordpress\/ -->\n<title>Singing Rock Onyx Klettergurt zum Sportklettern &amp; Halle | bolting.eu<\/title>\n<meta name=\"description\" content=\"Singing Rock ONYX Klettergurt beim Kletter Hardware Profi kaufen \u2705 kostenloser Versand* \u2705 14 Tage R\u00fcckgaberecht \u2705 Co2 neutrale Zustellung\" \/>\n<meta name=\"robots\" content=\"index, follow, max-snippet:-1, max-image-preview:large, max-video-preview:-1\" \/>\n<link rel=\"canonical\" href=\"https:\/\/bolting.eu\/en\/shop\/singing-rock-onyx-klettergurt\/\" \/>\n<meta property=\"og:locale\" content=\"en_US\" \/>\n<meta property=\"og:type\" content=\"article\" \/>\n<meta property=\"og:title\" content=\"Singing Rock Onyx Klettergurt\" \/>\n<meta property=\"og:description\" content=\"Singing Rock ONYX Klettergurt beim Kletter Hardware Profi kaufen \u2705 kostenloser Versand* \u2705 14 Tage R\u00fcckgaberecht \u2705 Co2 neutrale Zustellung\" \/>\n<meta property=\"og:url\" content=\"https:\/\/bolting.eu\/en\/shop\/singing-rock-onyx-klettergurt\/\" \/>\n<meta property=\"og:site_name\" content=\"bolting.eu\" \/>\n<meta property=\"article:publisher\" content=\"https:\/\/www.facebook.com\/bolting.eu\" \/>\n<meta property=\"article:modified_time\" content=\"2026-02-03T20:02:08+00:00\" \/>\n<meta property=\"og:image\" content=\"https:\/\/bolting.eu\/wp-content\/uploads\/2022\/11\/Singing-Rock-Onyx-2.jpg\" \/>\n\t<meta property=\"og:image:width\" content=\"700\" \/>\n\t<meta property=\"og:image:height\" content=\"700\" \/>\n\t<meta property=\"og:image:type\" content=\"image\/jpeg\" \/>\n<meta name=\"twitter:card\" content=\"summary_large_image\" \/>\n<meta name=\"twitter:label1\" content=\"Availability\" \/>\n\t<meta name=\"twitter:data1\" content=\"In stock\" \/>\n<script type=\"application\/ld+json\" class=\"yoast-schema-graph\">{\"@context\":\"https:\/\/schema.org\",\"@graph\":[{\"@type\":[\"WebPage\",\"ItemPage\"],\"@id\":\"https:\/\/bolting.eu\/en\/shop\/singing-rock-onyx-klettergurt\/\",\"url\":\"https:\/\/bolting.eu\/en\/shop\/singing-rock-onyx-klettergurt\/\",\"name\":\"Singing Rock Onyx Klettergurt zum Sportklettern & Halle | bolting.eu\",\"isPartOf\":{\"@id\":\"https:\/\/bolting.eu\/en\/#website\"},\"primaryImageOfPage\":{\"@id\":\"https:\/\/bolting.eu\/en\/shop\/singing-rock-onyx-klettergurt\/#primaryimage\"},\"image\":{\"@id\":\"https:\/\/bolting.eu\/en\/shop\/singing-rock-onyx-klettergurt\/#primaryimage\"},\"thumbnailUrl\":\"https:\/\/bolting.eu\/wp-content\/uploads\/2022\/11\/Singing-Rock-Onyx-2.jpg\",\"datePublished\":\"2022-11-29T18:44:35+00:00\",\"dateModified\":\"2026-02-03T20:02:08+00:00\",\"description\":\"Singing Rock ONYX Klettergurt beim Kletter Hardware Profi kaufen \u2705 kostenloser Versand* \u2705 14 Tage R\u00fcckgaberecht \u2705 Co2 neutrale Zustellung\",\"breadcrumb\":{\"@id\":\"https:\/\/bolting.eu\/en\/shop\/singing-rock-onyx-klettergurt\/#breadcrumb\"},\"inLanguage\":\"en-US\",\"potentialAction\":[{\"@type\":\"ReadAction\",\"target\":[\"https:\/\/bolting.eu\/en\/shop\/singing-rock-onyx-klettergurt\/\"]}]},{\"@type\":\"ImageObject\",\"inLanguage\":\"en-US\",\"@id\":\"https:\/\/bolting.eu\/en\/shop\/singing-rock-onyx-klettergurt\/#primaryimage\",\"url\":\"https:\/\/bolting.eu\/wp-content\/uploads\/2022\/11\/Singing-Rock-Onyx-2.jpg\",\"contentUrl\":\"https:\/\/bolting.eu\/wp-content\/uploads\/2022\/11\/Singing-Rock-Onyx-2.jpg\",\"width\":700,\"height\":700,\"caption\":\"Das Bild zeigt den gelb schwarzen Singing Rock Onyx Klettergurt von vorne. Man erkennt alle B\u00e4nder, Schlaufen und Schnallen.\"},{\"@type\":\"BreadcrumbList\",\"@id\":\"https:\/\/bolting.eu\/en\/shop\/singing-rock-onyx-klettergurt\/#breadcrumb\",\"itemListElement\":[{\"@type\":\"ListItem\",\"position\":1,\"name\":\"Shop\",\"item\":\"https:\/\/bolting.eu\/en\/shop\/\"},{\"@type\":\"ListItem\",\"position\":2,\"name\":\"climbing equipment\",\"item\":\"https:\/\/bolting.eu\/en\/produkt-kategorie\/climbing-equipment\/\"},{\"@type\":\"ListItem\",\"position\":3,\"name\":\"Klettergurte\",\"item\":\"https:\/\/bolting.eu\/produkt-kategorie\/kletterausruestung\/klettergurte\/\"},{\"@type\":\"ListItem\",\"position\":4,\"name\":\"Singing Rock Onyx Klettergurt\"}]},{\"@type\":\"WebSite\",\"@id\":\"https:\/\/bolting.eu\/en\/#website\",\"url\":\"https:\/\/bolting.eu\/en\/\",\"name\":\"bolting.eu\",\"description\":\"we make climbs happen\",\"publisher\":{\"@id\":\"https:\/\/bolting.eu\/en\/#organization\"},\"potentialAction\":[{\"@type\":\"SearchAction\",\"target\":{\"@type\":\"EntryPoint\",\"urlTemplate\":\"https:\/\/bolting.eu\/en\/?s={search_term_string}\"},\"query-input\":{\"@type\":\"PropertyValueSpecification\",\"valueRequired\":true,\"valueName\":\"search_term_string\"}}],\"inLanguage\":\"en-US\"},{\"@type\":[\"Organization\",\"Place\",\"SportingGoodsStore\"],\"@id\":\"https:\/\/bolting.eu\/en\/#organization\",\"name\":\"bolting.eu\",\"url\":\"https:\/\/bolting.eu\/en\/\",\"logo\":{\"@id\":\"https:\/\/bolting.eu\/en\/shop\/singing-rock-onyx-klettergurt\/#local-main-organization-logo\"},\"image\":{\"@id\":\"https:\/\/bolting.eu\/en\/shop\/singing-rock-onyx-klettergurt\/#local-main-organization-logo\"},\"sameAs\":[\"https:\/\/www.facebook.com\/bolting.eu\",\"https:\/\/www.instagram.com\/bolting.eu\/\"],\"address\":{\"@id\":\"https:\/\/bolting.eu\/en\/shop\/singing-rock-onyx-klettergurt\/#local-main-place-address\"},\"geo\":{\"@type\":\"GeoCoordinates\",\"latitude\":\"47.264176340396226\",\"longitude\":\"11.380109057672346\"},\"telephone\":[\"+43 699 19083372\"],\"openingHoursSpecification\":[{\"@type\":\"OpeningHoursSpecification\",\"dayOfWeek\":[\"Monday\",\"Wednesday\",\"Friday\"],\"opens\":\"14:00\",\"closes\":\"18:00\"},{\"@type\":\"OpeningHoursSpecification\",\"dayOfWeek\":[\"Tuesday\",\"Thursday\",\"Saturday\",\"Sunday\"],\"opens\":\"00:00\",\"closes\":\"00:00\"}],\"email\":\"office@bolting.eu\",\"vatID\":\"ATU59999728\",\"priceRange\":\"$$\",\"currenciesAccepted\":\"Euro\"},{\"@type\":\"PostalAddress\",\"@id\":\"https:\/\/bolting.eu\/en\/shop\/singing-rock-onyx-klettergurt\/#local-main-place-address\",\"streetAddress\":\"Fischnalerstra\u00dfe 4\",\"addressLocality\":\"Innsbruck\",\"postalCode\":\"6020\",\"addressRegion\":\"Tirol\",\"addressCountry\":\"AT\"},{\"@type\":\"ImageObject\",\"inLanguage\":\"en-US\",\"@id\":\"https:\/\/bolting.eu\/en\/shop\/singing-rock-onyx-klettergurt\/#local-main-organization-logo\",\"url\":\"https:\/\/bolting.eu\/wp-content\/uploads\/2019\/09\/bolting-logo.png\",\"contentUrl\":\"https:\/\/bolting.eu\/wp-content\/uploads\/2019\/09\/bolting-logo.png\",\"width\":400,\"height\":211,\"caption\":\"bolting.eu\"}]}<\/script>\n<meta property=\"og:availability\" content=\"instock\" \/>\n<meta property=\"product:availability\" content=\"instock\" \/>\n<meta property=\"product:condition\" content=\"new\" \/>\n<meta name=\"geo.placename\" content=\"Innsbruck\" \/>\n<meta name=\"geo.position\" content=\"47.264176340396226;11.380109057672346\" \/>\n<meta name=\"geo.region\" content=\"Austria\" \/>\n<!-- \/ Yoast SEO Premium plugin. -->","yoast_head_json":{"title":"Singing Rock Onyx Klettergurt zum Sportklettern & Halle | bolting.eu","description":"Singing Rock ONYX Klettergurt beim Kletter Hardware Profi kaufen \u2705 kostenloser Versand* \u2705 14 Tage R\u00fcckgaberecht \u2705 Co2 neutrale Zustellung","robots":{"index":"index","follow":"follow","max-snippet":"max-snippet:-1","max-image-preview":"max-image-preview:large","max-video-preview":"max-video-preview:-1"},"canonical":"https:\/\/bolting.eu\/en\/shop\/singing-rock-onyx-klettergurt\/","og_locale":"en_US","og_type":"article","og_title":"Singing Rock Onyx Klettergurt","og_description":"Singing Rock ONYX Klettergurt beim Kletter Hardware Profi kaufen \u2705 kostenloser Versand* \u2705 14 Tage R\u00fcckgaberecht \u2705 Co2 neutrale Zustellung","og_url":"https:\/\/bolting.eu\/en\/shop\/singing-rock-onyx-klettergurt\/","og_site_name":"bolting.eu","article_publisher":"https:\/\/www.facebook.com\/bolting.eu","article_modified_time":"2026-02-03T20:02:08+00:00","og_image":[{"width":700,"height":700,"url":"https:\/\/bolting.eu\/wp-content\/uploads\/2022\/11\/Singing-Rock-Onyx-2.jpg","type":"image\/jpeg"}],"twitter_card":"summary_large_image","twitter_misc":{"Availability":"In stock"},"schema":{"@context":"https:\/\/schema.org","@graph":[{"@type":["WebPage","ItemPage"],"@id":"https:\/\/bolting.eu\/en\/shop\/singing-rock-onyx-klettergurt\/","url":"https:\/\/bolting.eu\/en\/shop\/singing-rock-onyx-klettergurt\/","name":"Singing Rock Onyx Klettergurt zum Sportklettern & Halle | bolting.eu","isPartOf":{"@id":"https:\/\/bolting.eu\/en\/#website"},"primaryImageOfPage":{"@id":"https:\/\/bolting.eu\/en\/shop\/singing-rock-onyx-klettergurt\/#primaryimage"},"image":{"@id":"https:\/\/bolting.eu\/en\/shop\/singing-rock-onyx-klettergurt\/#primaryimage"},"thumbnailUrl":"https:\/\/bolting.eu\/wp-content\/uploads\/2022\/11\/Singing-Rock-Onyx-2.jpg","datePublished":"2022-11-29T18:44:35+00:00","dateModified":"2026-02-03T20:02:08+00:00","description":"Singing Rock ONYX Klettergurt beim Kletter Hardware Profi kaufen \u2705 kostenloser Versand* \u2705 14 Tage R\u00fcckgaberecht \u2705 Co2 neutrale Zustellung","breadcrumb":{"@id":"https:\/\/bolting.eu\/en\/shop\/singing-rock-onyx-klettergurt\/#breadcrumb"},"inLanguage":"en-US","potentialAction":[{"@type":"ReadAction","target":["https:\/\/bolting.eu\/en\/shop\/singing-rock-onyx-klettergurt\/"]}]},{"@type":"ImageObject","inLanguage":"en-US","@id":"https:\/\/bolting.eu\/en\/shop\/singing-rock-onyx-klettergurt\/#primaryimage","url":"https:\/\/bolting.eu\/wp-content\/uploads\/2022\/11\/Singing-Rock-Onyx-2.jpg","contentUrl":"https:\/\/bolting.eu\/wp-content\/uploads\/2022\/11\/Singing-Rock-Onyx-2.jpg","width":700,"height":700,"caption":"Das Bild zeigt den gelb schwarzen Singing Rock Onyx Klettergurt von vorne. Man erkennt alle B\u00e4nder, Schlaufen und Schnallen."},{"@type":"BreadcrumbList","@id":"https:\/\/bolting.eu\/en\/shop\/singing-rock-onyx-klettergurt\/#breadcrumb","itemListElement":[{"@type":"ListItem","position":1,"name":"Shop","item":"https:\/\/bolting.eu\/en\/shop\/"},{"@type":"ListItem","position":2,"name":"climbing equipment","item":"https:\/\/bolting.eu\/en\/produkt-kategorie\/climbing-equipment\/"},{"@type":"ListItem","position":3,"name":"Klettergurte","item":"https:\/\/bolting.eu\/produkt-kategorie\/kletterausruestung\/klettergurte\/"},{"@type":"ListItem","position":4,"name":"Singing Rock Onyx Klettergurt"}]},{"@type":"WebSite","@id":"https:\/\/bolting.eu\/en\/#website","url":"https:\/\/bolting.eu\/en\/","name":"bolting.eu","description":"we make climbs happen","publisher":{"@id":"https:\/\/bolting.eu\/en\/#organization"},"potentialAction":[{"@type":"SearchAction","target":{"@type":"EntryPoint","urlTemplate":"https:\/\/bolting.eu\/en\/?s={search_term_string}"},"query-input":{"@type":"PropertyValueSpecification","valueRequired":true,"valueName":"search_term_string"}}],"inLanguage":"en-US"},{"@type":["Organization","Place","SportingGoodsStore"],"@id":"https:\/\/bolting.eu\/en\/#organization","name":"bolting.eu","url":"https:\/\/bolting.eu\/en\/","logo":{"@id":"https:\/\/bolting.eu\/en\/shop\/singing-rock-onyx-klettergurt\/#local-main-organization-logo"},"image":{"@id":"https:\/\/bolting.eu\/en\/shop\/singing-rock-onyx-klettergurt\/#local-main-organization-logo"},"sameAs":["https:\/\/www.facebook.com\/bolting.eu","https:\/\/www.instagram.com\/bolting.eu\/"],"address":{"@id":"https:\/\/bolting.eu\/en\/shop\/singing-rock-onyx-klettergurt\/#local-main-place-address"},"geo":{"@type":"GeoCoordinates","latitude":"47.264176340396226","longitude":"11.380109057672346"},"telephone":["+43 699 19083372"],"openingHoursSpecification":[{"@type":"OpeningHoursSpecification","dayOfWeek":["Monday","Wednesday","Friday"],"opens":"14:00","closes":"18:00"},{"@type":"OpeningHoursSpecification","dayOfWeek":["Tuesday","Thursday","Saturday","Sunday"],"opens":"00:00","closes":"00:00"}],"email":"office@bolting.eu","vatID":"ATU59999728","priceRange":"$$","currenciesAccepted":"Euro"},{"@type":"PostalAddress","@id":"https:\/\/bolting.eu\/en\/shop\/singing-rock-onyx-klettergurt\/#local-main-place-address","streetAddress":"Fischnalerstra\u00dfe 4","addressLocality":"Innsbruck","postalCode":"6020","addressRegion":"Tirol","addressCountry":"AT"},{"@type":"ImageObject","inLanguage":"en-US","@id":"https:\/\/bolting.eu\/en\/shop\/singing-rock-onyx-klettergurt\/#local-main-organization-logo","url":"https:\/\/bolting.eu\/wp-content\/uploads\/2019\/09\/bolting-logo.png","contentUrl":"https:\/\/bolting.eu\/wp-content\/uploads\/2019\/09\/bolting-logo.png","width":400,"height":211,"caption":"bolting.eu"}]},"og_availability":"instock","product_availability":"instock","product_condition":"new","geo.placename":"Innsbruck","geo.position":{"lat":"47.264176340396226","long":"11.380109057672346"},"geo.region":"Austria"},"_links":{"self":[{"href":"https:\/\/bolting.eu\/en\/wp-json\/wp\/v2\/product\/14031","targetHints":{"allow":["GET"]}}],"collection":[{"href":"https:\/\/bolting.eu\/en\/wp-json\/wp\/v2\/product"}],"about":[{"href":"https:\/\/bolting.eu\/en\/wp-json\/wp\/v2\/types\/product"}],"replies":[{"embeddable":true,"href":"https:\/\/bolting.eu\/en\/wp-json\/wp\/v2\/comments?post=14031"}],"wp:featuredmedia":[{"embeddable":true,"href":"https:\/\/bolting.eu\/en\/wp-json\/wp\/v2\/media\/14037"}],"wp:attachment":[{"href":"https:\/\/bolting.eu\/en\/wp-json\/wp\/v2\/media?parent=14031"}],"wp:term":[{"taxonomy":"product_brand","embeddable":true,"href":"https:\/\/bolting.eu\/en\/wp-json\/wp\/v2\/product_brand?post=14031"},{"taxonomy":"product_cat","embeddable":true,"href":"https:\/\/bolting.eu\/en\/wp-json\/wp\/v2\/product_cat?post=14031"},{"taxonomy":"product_tag","embeddable":true,"href":"https:\/\/bolting.eu\/en\/wp-json\/wp\/v2\/product_tag?post=14031"}],"curies":[{"name":"wp","href":"https:\/\/api.w.org\/{rel}","templated":true}]}}