{"id":14008,"date":"2022-11-29T14:18:08","date_gmt":"2022-11-29T13:18:08","guid":{"rendered":"https:\/\/bolting.eu\/?post_type=product&#038;p=14008"},"modified":"2025-02-26T18:07:59","modified_gmt":"2025-02-26T17:07:59","slug":"camp-schaufelaufsatz-fuer-x-light","status":"publish","type":"product","link":"https:\/\/bolting.eu\/en\/shop\/camp-schaufelaufsatz-fuer-x-light\/","title":{"rendered":"Camp Schaufelaufsatz f\u00fcr X-Light"},"content":{"rendered":"<p>Der Camp Schaufelaufsatz f\u00fcr <a href=\"https:\/\/bolting.eu\/shop\/camp-x-light-eisgeraet\/\">X-Light Eisger\u00e4t<\/a> ist ein beliebtes Zubeh\u00f6r. Die kleine Schaufel kann einfach und schnell mit dem Imbusschl\u00fcssel eingebaut werden.<\/p>\n<p>Somit k\u00f6nnt ihr euren Pickel rasch modifizieren oder kaputte Aufs\u00e4tze ad\u00e4quat erneuern. Weiters sind noch die <a href=\"https:\/\/bolting.eu\/shop\/haue-fuer-camp-x-light\/\">Haue X-Light<\/a> sowie der <a href=\"https:\/\/bolting.eu\/shop\/camp-hammeraufsatz-fuer-x-light\/\">Hammeraufsatz f\u00fcr X-Light<\/a> erh\u00e4ltlich!<\/p>\n<h2>Eigenschaften<\/h2>\n<ul>\n<li>Hersteller: <a href=\"https:\/\/bolting.eu\/produkt-kategorie\/camp-cassin\/\">CAMP<\/a><\/li>\n<li>Material: Edelstahl<\/li>\n<li>Gewicht: 47 Gramm<\/li>\n<li>nur f\u00fcr CAMP X-Light Eisger\u00e4t<\/li>\n<li>leicht zu tauschen mit einem Imbusschl\u00fcssel<\/li>\n<\/ul>\n<h3>Camp Schaufelaufsatz X-Light &#8211; leicht montierbar<\/h3>\n<p>Dieses optionale Zubeh\u00f6r ist sehr einfach selber montierbar. Ihr braucht nur den Inbusschl\u00fcssel, der beim Eisger\u00e4t im Original Lieferumfang enthalten ist.<\/p>\n<p>Ansonsten tut es jeder beliebige Inbus in der richtigen Gr\u00f6\u00dfe auch.<\/p>\n<p>Einfach Schrauben am Kopf lockern und den jeweiligen Aufsatz austauschen. Zusammenschrauben und fertig!<\/p>\n<h4><strong>Wann ist dieser Aufsatz sinnvoll?<\/strong><\/h4>\n<p>Die Schaufel ist vor allem sinnvoll, wenn ihr Stufen schlagen und Eis \/ Schnee von Griffen und B\u00e4ndern kratzen m\u00f6chtet. Dann braucht ihr einen entsprechenden Aufsatz. Wer auch Felshaken schlagen will, ist mit dem Hammeraufsatz gut bedient.<\/p>\n","protected":false},"excerpt":{"rendered":"<p>Schaufelaufsatz <strong>f\u00fcr das Camp X-Light Eisger\u00e4t<\/strong>.<\/p>\n<p>Zum Tauschen oder Ersetzen eines kaputten Aufsatzes.<\/p>\n<p>Versandkostenfrei bis 2kg in <img decoding=\"async\" class=\"emoji\" role=\"img\" draggable=\"false\" src=\"https:\/\/s.w.org\/images\/core\/emoji\/13.1.0\/svg\/1f1e6-1f1f9.svg\" alt=\"\ud83c\udde6\ud83c\uddf9\" \/> ab \u20ac 100,- und <img decoding=\"async\" class=\"emoji\" role=\"img\" draggable=\"false\" src=\"https:\/\/s.w.org\/images\/core\/emoji\/13.1.0\/svg\/1f1e9-1f1ea.svg\" alt=\"\ud83c\udde9\ud83c\uddea\" \/> ab \u20ac 200,-!<\/p>\n","protected":false},"featured_media":14046,"comment_status":"closed","ping_status":"closed","template":"","meta":[],"product_brand":[],"product_cat":[4653,13938,14358],"product_tag":[],"class_list":{"0":"post-14008","1":"product","2":"type-product","3":"status-publish","4":"has-post-thumbnail","6":"product_cat-camp-cassin","7":"product_cat-bergsteiger-ausruestung","8":"product_cat-zubehoer-eispickel-eisgeraete","10":"first","11":"instock","12":"taxable","13":"shipping-taxable","14":"purchasable","15":"product-type-simple"},"yoast_head":"<!-- This site is optimized with the Yoast SEO Premium plugin v26.9 (Yoast SEO v26.9) - https:\/\/yoast.com\/product\/yoast-seo-premium-wordpress\/ -->\n<title>Camp Schaufelaufsatz f\u00fcr X-Light Eisger\u00e4t | bolting.eu<\/title>\n<meta name=\"description\" content=\"Camp Schaufelaufsatz f\u00fcr X-Light Eisger\u00e4t beim Hardwareprofi kaufen \u2705 kostenloser Versand* \u2705 14 Tage R\u00fcckgaberecht \u2705 Co2 neutrale Zustellung\" \/>\n<meta name=\"robots\" content=\"index, follow, max-snippet:-1, max-image-preview:large, max-video-preview:-1\" \/>\n<link rel=\"canonical\" href=\"https:\/\/bolting.eu\/en\/shop\/camp-schaufelaufsatz-fuer-x-light\/\" \/>\n<meta property=\"og:locale\" content=\"en_US\" \/>\n<meta property=\"og:type\" content=\"article\" \/>\n<meta property=\"og:title\" content=\"Camp Schaufelaufsatz f\u00fcr X-Light\" \/>\n<meta property=\"og:description\" content=\"Camp Schaufelaufsatz f\u00fcr X-Light Eisger\u00e4t beim Hardwareprofi kaufen \u2705 kostenloser Versand* \u2705 14 Tage R\u00fcckgaberecht \u2705 Co2 neutrale Zustellung\" \/>\n<meta property=\"og:url\" content=\"https:\/\/bolting.eu\/en\/shop\/camp-schaufelaufsatz-fuer-x-light\/\" \/>\n<meta property=\"og:site_name\" content=\"bolting.eu\" \/>\n<meta property=\"article:publisher\" content=\"https:\/\/www.facebook.com\/bolting.eu\" \/>\n<meta property=\"article:modified_time\" content=\"2025-02-26T17:07:59+00:00\" \/>\n<meta property=\"og:image\" content=\"https:\/\/bolting.eu\/wp-content\/uploads\/2022\/11\/Camp-Schaufelaufsatz-X-Light-2.jpg\" \/>\n\t<meta property=\"og:image:width\" content=\"700\" \/>\n\t<meta property=\"og:image:height\" content=\"700\" \/>\n\t<meta property=\"og:image:type\" content=\"image\/jpeg\" \/>\n<meta name=\"twitter:card\" content=\"summary_large_image\" \/>\n<meta name=\"twitter:label1\" content=\"Price\" \/>\n\t<meta name=\"twitter:data1\" content=\"&euro;&nbsp;34,95\" \/>\n\t<meta name=\"twitter:label2\" content=\"Availability\" \/>\n\t<meta name=\"twitter:data2\" content=\"In stock\" \/>\n<script type=\"application\/ld+json\" class=\"yoast-schema-graph\">{\"@context\":\"https:\/\/schema.org\",\"@graph\":[{\"@type\":[\"WebPage\",\"ItemPage\"],\"@id\":\"https:\/\/bolting.eu\/en\/shop\/camp-schaufelaufsatz-fuer-x-light\/\",\"url\":\"https:\/\/bolting.eu\/en\/shop\/camp-schaufelaufsatz-fuer-x-light\/\",\"name\":\"Camp Schaufelaufsatz f\u00fcr X-Light Eisger\u00e4t | bolting.eu\",\"isPartOf\":{\"@id\":\"https:\/\/bolting.eu\/en\/#website\"},\"primaryImageOfPage\":{\"@id\":\"https:\/\/bolting.eu\/en\/shop\/camp-schaufelaufsatz-fuer-x-light\/#primaryimage\"},\"image\":{\"@id\":\"https:\/\/bolting.eu\/en\/shop\/camp-schaufelaufsatz-fuer-x-light\/#primaryimage\"},\"thumbnailUrl\":\"https:\/\/bolting.eu\/wp-content\/uploads\/2022\/11\/Camp-Schaufelaufsatz-X-Light-2.jpg\",\"datePublished\":\"2022-11-29T13:18:08+00:00\",\"dateModified\":\"2025-02-26T17:07:59+00:00\",\"description\":\"Camp Schaufelaufsatz f\u00fcr X-Light Eisger\u00e4t beim Hardwareprofi kaufen \u2705 kostenloser Versand* \u2705 14 Tage R\u00fcckgaberecht \u2705 Co2 neutrale Zustellung\",\"breadcrumb\":{\"@id\":\"https:\/\/bolting.eu\/en\/shop\/camp-schaufelaufsatz-fuer-x-light\/#breadcrumb\"},\"inLanguage\":\"en-US\",\"potentialAction\":[{\"@type\":\"ReadAction\",\"target\":[\"https:\/\/bolting.eu\/en\/shop\/camp-schaufelaufsatz-fuer-x-light\/\"]}]},{\"@type\":\"ImageObject\",\"inLanguage\":\"en-US\",\"@id\":\"https:\/\/bolting.eu\/en\/shop\/camp-schaufelaufsatz-fuer-x-light\/#primaryimage\",\"url\":\"https:\/\/bolting.eu\/wp-content\/uploads\/2022\/11\/Camp-Schaufelaufsatz-X-Light-2.jpg\",\"contentUrl\":\"https:\/\/bolting.eu\/wp-content\/uploads\/2022\/11\/Camp-Schaufelaufsatz-X-Light-2.jpg\",\"width\":700,\"height\":700,\"caption\":\"Das Bild zeigt den schwarzen Camp Schaufelaufsatz f\u00fcr das Camp X-Light Eisger\u00e4t.\"},{\"@type\":\"BreadcrumbList\",\"@id\":\"https:\/\/bolting.eu\/en\/shop\/camp-schaufelaufsatz-fuer-x-light\/#breadcrumb\",\"itemListElement\":[{\"@type\":\"ListItem\",\"position\":1,\"name\":\"Shop\",\"item\":\"https:\/\/bolting.eu\/en\/shop\/\"},{\"@type\":\"ListItem\",\"position\":2,\"name\":\"Bergsteiger Ausr\u00fcstung\",\"item\":\"https:\/\/bolting.eu\/produkt-kategorie\/bergsteiger-ausruestung\/\"},{\"@type\":\"ListItem\",\"position\":3,\"name\":\"Zubeh\u00f6r Eispickel - Eisger\u00e4te\",\"item\":\"https:\/\/bolting.eu\/produkt-kategorie\/bergsteiger-ausruestung\/zubehoer-eispickel-eisgeraete\/\"},{\"@type\":\"ListItem\",\"position\":4,\"name\":\"Camp Schaufelaufsatz f\u00fcr X-Light\"}]},{\"@type\":\"WebSite\",\"@id\":\"https:\/\/bolting.eu\/en\/#website\",\"url\":\"https:\/\/bolting.eu\/en\/\",\"name\":\"bolting.eu\",\"description\":\"we make climbs happen\",\"publisher\":{\"@id\":\"https:\/\/bolting.eu\/en\/#organization\"},\"potentialAction\":[{\"@type\":\"SearchAction\",\"target\":{\"@type\":\"EntryPoint\",\"urlTemplate\":\"https:\/\/bolting.eu\/en\/?s={search_term_string}\"},\"query-input\":{\"@type\":\"PropertyValueSpecification\",\"valueRequired\":true,\"valueName\":\"search_term_string\"}}],\"inLanguage\":\"en-US\"},{\"@type\":[\"Organization\",\"Place\",\"SportingGoodsStore\"],\"@id\":\"https:\/\/bolting.eu\/en\/#organization\",\"name\":\"bolting.eu\",\"url\":\"https:\/\/bolting.eu\/en\/\",\"logo\":{\"@id\":\"https:\/\/bolting.eu\/en\/shop\/camp-schaufelaufsatz-fuer-x-light\/#local-main-organization-logo\"},\"image\":{\"@id\":\"https:\/\/bolting.eu\/en\/shop\/camp-schaufelaufsatz-fuer-x-light\/#local-main-organization-logo\"},\"sameAs\":[\"https:\/\/www.facebook.com\/bolting.eu\",\"https:\/\/www.instagram.com\/bolting.eu\/\"],\"address\":{\"@id\":\"https:\/\/bolting.eu\/en\/shop\/camp-schaufelaufsatz-fuer-x-light\/#local-main-place-address\"},\"geo\":{\"@type\":\"GeoCoordinates\",\"latitude\":\"47.264176340396226\",\"longitude\":\"11.380109057672346\"},\"telephone\":[\"+43 699 19083372\"],\"openingHoursSpecification\":[{\"@type\":\"OpeningHoursSpecification\",\"dayOfWeek\":[\"Monday\",\"Wednesday\",\"Friday\"],\"opens\":\"14:00\",\"closes\":\"18:00\"},{\"@type\":\"OpeningHoursSpecification\",\"dayOfWeek\":[\"Tuesday\",\"Thursday\",\"Saturday\",\"Sunday\"],\"opens\":\"00:00\",\"closes\":\"00:00\"}],\"email\":\"office@bolting.eu\",\"vatID\":\"ATU59999728\",\"priceRange\":\"$$\",\"currenciesAccepted\":\"Euro\"},{\"@type\":\"PostalAddress\",\"@id\":\"https:\/\/bolting.eu\/en\/shop\/camp-schaufelaufsatz-fuer-x-light\/#local-main-place-address\",\"streetAddress\":\"Fischnalerstra\u00dfe 4\",\"addressLocality\":\"Innsbruck\",\"postalCode\":\"6020\",\"addressRegion\":\"Tirol\",\"addressCountry\":\"AT\"},{\"@type\":\"ImageObject\",\"inLanguage\":\"en-US\",\"@id\":\"https:\/\/bolting.eu\/en\/shop\/camp-schaufelaufsatz-fuer-x-light\/#local-main-organization-logo\",\"url\":\"https:\/\/bolting.eu\/wp-content\/uploads\/2019\/09\/bolting-logo.png\",\"contentUrl\":\"https:\/\/bolting.eu\/wp-content\/uploads\/2019\/09\/bolting-logo.png\",\"width\":400,\"height\":211,\"caption\":\"bolting.eu\"}]}<\/script>\n<meta property=\"product:price:amount\" content=\"34.95\" \/>\n<meta property=\"product:price:currency\" content=\"EUR\" \/>\n<meta property=\"og:availability\" content=\"instock\" \/>\n<meta property=\"product:availability\" content=\"instock\" \/>\n<meta property=\"product:retailer_item_id\" content=\"2289C\" \/>\n<meta property=\"product:condition\" content=\"new\" \/>\n<meta name=\"geo.placename\" content=\"Innsbruck\" \/>\n<meta name=\"geo.position\" content=\"47.264176340396226;11.380109057672346\" \/>\n<meta name=\"geo.region\" content=\"Austria\" \/>\n<!-- \/ Yoast SEO Premium plugin. -->","yoast_head_json":{"title":"Camp Schaufelaufsatz f\u00fcr X-Light Eisger\u00e4t | bolting.eu","description":"Camp Schaufelaufsatz f\u00fcr X-Light Eisger\u00e4t beim Hardwareprofi kaufen \u2705 kostenloser Versand* \u2705 14 Tage R\u00fcckgaberecht \u2705 Co2 neutrale Zustellung","robots":{"index":"index","follow":"follow","max-snippet":"max-snippet:-1","max-image-preview":"max-image-preview:large","max-video-preview":"max-video-preview:-1"},"canonical":"https:\/\/bolting.eu\/en\/shop\/camp-schaufelaufsatz-fuer-x-light\/","og_locale":"en_US","og_type":"article","og_title":"Camp Schaufelaufsatz f\u00fcr X-Light","og_description":"Camp Schaufelaufsatz f\u00fcr X-Light Eisger\u00e4t beim Hardwareprofi kaufen \u2705 kostenloser Versand* \u2705 14 Tage R\u00fcckgaberecht \u2705 Co2 neutrale Zustellung","og_url":"https:\/\/bolting.eu\/en\/shop\/camp-schaufelaufsatz-fuer-x-light\/","og_site_name":"bolting.eu","article_publisher":"https:\/\/www.facebook.com\/bolting.eu","article_modified_time":"2025-02-26T17:07:59+00:00","og_image":[{"width":700,"height":700,"url":"https:\/\/bolting.eu\/wp-content\/uploads\/2022\/11\/Camp-Schaufelaufsatz-X-Light-2.jpg","type":"image\/jpeg"}],"twitter_card":"summary_large_image","twitter_misc":{"Price":"&euro;&nbsp;34,95","Availability":"In stock"},"schema":{"@context":"https:\/\/schema.org","@graph":[{"@type":["WebPage","ItemPage"],"@id":"https:\/\/bolting.eu\/en\/shop\/camp-schaufelaufsatz-fuer-x-light\/","url":"https:\/\/bolting.eu\/en\/shop\/camp-schaufelaufsatz-fuer-x-light\/","name":"Camp Schaufelaufsatz f\u00fcr X-Light Eisger\u00e4t | bolting.eu","isPartOf":{"@id":"https:\/\/bolting.eu\/en\/#website"},"primaryImageOfPage":{"@id":"https:\/\/bolting.eu\/en\/shop\/camp-schaufelaufsatz-fuer-x-light\/#primaryimage"},"image":{"@id":"https:\/\/bolting.eu\/en\/shop\/camp-schaufelaufsatz-fuer-x-light\/#primaryimage"},"thumbnailUrl":"https:\/\/bolting.eu\/wp-content\/uploads\/2022\/11\/Camp-Schaufelaufsatz-X-Light-2.jpg","datePublished":"2022-11-29T13:18:08+00:00","dateModified":"2025-02-26T17:07:59+00:00","description":"Camp Schaufelaufsatz f\u00fcr X-Light Eisger\u00e4t beim Hardwareprofi kaufen \u2705 kostenloser Versand* \u2705 14 Tage R\u00fcckgaberecht \u2705 Co2 neutrale Zustellung","breadcrumb":{"@id":"https:\/\/bolting.eu\/en\/shop\/camp-schaufelaufsatz-fuer-x-light\/#breadcrumb"},"inLanguage":"en-US","potentialAction":[{"@type":"ReadAction","target":["https:\/\/bolting.eu\/en\/shop\/camp-schaufelaufsatz-fuer-x-light\/"]}]},{"@type":"ImageObject","inLanguage":"en-US","@id":"https:\/\/bolting.eu\/en\/shop\/camp-schaufelaufsatz-fuer-x-light\/#primaryimage","url":"https:\/\/bolting.eu\/wp-content\/uploads\/2022\/11\/Camp-Schaufelaufsatz-X-Light-2.jpg","contentUrl":"https:\/\/bolting.eu\/wp-content\/uploads\/2022\/11\/Camp-Schaufelaufsatz-X-Light-2.jpg","width":700,"height":700,"caption":"Das Bild zeigt den schwarzen Camp Schaufelaufsatz f\u00fcr das Camp X-Light Eisger\u00e4t."},{"@type":"BreadcrumbList","@id":"https:\/\/bolting.eu\/en\/shop\/camp-schaufelaufsatz-fuer-x-light\/#breadcrumb","itemListElement":[{"@type":"ListItem","position":1,"name":"Shop","item":"https:\/\/bolting.eu\/en\/shop\/"},{"@type":"ListItem","position":2,"name":"Bergsteiger Ausr\u00fcstung","item":"https:\/\/bolting.eu\/produkt-kategorie\/bergsteiger-ausruestung\/"},{"@type":"ListItem","position":3,"name":"Zubeh\u00f6r Eispickel - Eisger\u00e4te","item":"https:\/\/bolting.eu\/produkt-kategorie\/bergsteiger-ausruestung\/zubehoer-eispickel-eisgeraete\/"},{"@type":"ListItem","position":4,"name":"Camp Schaufelaufsatz f\u00fcr X-Light"}]},{"@type":"WebSite","@id":"https:\/\/bolting.eu\/en\/#website","url":"https:\/\/bolting.eu\/en\/","name":"bolting.eu","description":"we make climbs happen","publisher":{"@id":"https:\/\/bolting.eu\/en\/#organization"},"potentialAction":[{"@type":"SearchAction","target":{"@type":"EntryPoint","urlTemplate":"https:\/\/bolting.eu\/en\/?s={search_term_string}"},"query-input":{"@type":"PropertyValueSpecification","valueRequired":true,"valueName":"search_term_string"}}],"inLanguage":"en-US"},{"@type":["Organization","Place","SportingGoodsStore"],"@id":"https:\/\/bolting.eu\/en\/#organization","name":"bolting.eu","url":"https:\/\/bolting.eu\/en\/","logo":{"@id":"https:\/\/bolting.eu\/en\/shop\/camp-schaufelaufsatz-fuer-x-light\/#local-main-organization-logo"},"image":{"@id":"https:\/\/bolting.eu\/en\/shop\/camp-schaufelaufsatz-fuer-x-light\/#local-main-organization-logo"},"sameAs":["https:\/\/www.facebook.com\/bolting.eu","https:\/\/www.instagram.com\/bolting.eu\/"],"address":{"@id":"https:\/\/bolting.eu\/en\/shop\/camp-schaufelaufsatz-fuer-x-light\/#local-main-place-address"},"geo":{"@type":"GeoCoordinates","latitude":"47.264176340396226","longitude":"11.380109057672346"},"telephone":["+43 699 19083372"],"openingHoursSpecification":[{"@type":"OpeningHoursSpecification","dayOfWeek":["Monday","Wednesday","Friday"],"opens":"14:00","closes":"18:00"},{"@type":"OpeningHoursSpecification","dayOfWeek":["Tuesday","Thursday","Saturday","Sunday"],"opens":"00:00","closes":"00:00"}],"email":"office@bolting.eu","vatID":"ATU59999728","priceRange":"$$","currenciesAccepted":"Euro"},{"@type":"PostalAddress","@id":"https:\/\/bolting.eu\/en\/shop\/camp-schaufelaufsatz-fuer-x-light\/#local-main-place-address","streetAddress":"Fischnalerstra\u00dfe 4","addressLocality":"Innsbruck","postalCode":"6020","addressRegion":"Tirol","addressCountry":"AT"},{"@type":"ImageObject","inLanguage":"en-US","@id":"https:\/\/bolting.eu\/en\/shop\/camp-schaufelaufsatz-fuer-x-light\/#local-main-organization-logo","url":"https:\/\/bolting.eu\/wp-content\/uploads\/2019\/09\/bolting-logo.png","contentUrl":"https:\/\/bolting.eu\/wp-content\/uploads\/2019\/09\/bolting-logo.png","width":400,"height":211,"caption":"bolting.eu"}]},"product_price_amount":"34.95","product_price_currency":"EUR","og_availability":"instock","product_availability":"instock","product_retailer_item_id":"2289C","product_condition":"new","geo.placename":"Innsbruck","geo.position":{"lat":"47.264176340396226","long":"11.380109057672346"},"geo.region":"Austria"},"_links":{"self":[{"href":"https:\/\/bolting.eu\/en\/wp-json\/wp\/v2\/product\/14008","targetHints":{"allow":["GET"]}}],"collection":[{"href":"https:\/\/bolting.eu\/en\/wp-json\/wp\/v2\/product"}],"about":[{"href":"https:\/\/bolting.eu\/en\/wp-json\/wp\/v2\/types\/product"}],"replies":[{"embeddable":true,"href":"https:\/\/bolting.eu\/en\/wp-json\/wp\/v2\/comments?post=14008"}],"wp:featuredmedia":[{"embeddable":true,"href":"https:\/\/bolting.eu\/en\/wp-json\/wp\/v2\/media\/14046"}],"wp:attachment":[{"href":"https:\/\/bolting.eu\/en\/wp-json\/wp\/v2\/media?parent=14008"}],"wp:term":[{"taxonomy":"product_brand","embeddable":true,"href":"https:\/\/bolting.eu\/en\/wp-json\/wp\/v2\/product_brand?post=14008"},{"taxonomy":"product_cat","embeddable":true,"href":"https:\/\/bolting.eu\/en\/wp-json\/wp\/v2\/product_cat?post=14008"},{"taxonomy":"product_tag","embeddable":true,"href":"https:\/\/bolting.eu\/en\/wp-json\/wp\/v2\/product_tag?post=14008"}],"curies":[{"name":"wp","href":"https:\/\/api.w.org\/{rel}","templated":true}]}}