{"id":13995,"date":"2022-11-29T13:50:29","date_gmt":"2022-11-29T12:50:29","guid":{"rendered":"https:\/\/bolting.eu\/?post_type=product&#038;p=13995"},"modified":"2026-01-23T09:20:11","modified_gmt":"2026-01-23T08:20:11","slug":"camp-x-all-mountain-eisgeraet","status":"publish","type":"product","link":"https:\/\/bolting.eu\/en\/shop\/camp-x-all-mountain-eisgeraet\/","title":{"rendered":"Camp X-All Mountain Eisger\u00e4t"},"content":{"rendered":"<p>Das Camp X-All Mountain Eisger\u00e4t ist ein preiswertes Modell f\u00fcr lange Mixed Routen im Hochgebirge. Es wurde f\u00fcr die Anspr\u00fcche schwerer alpine W\u00e4nde entwickelt.<\/p>\n<p>Hierf\u00fcr hat es erstens einen gleichm\u00e4\u00dfig gekr\u00fcmmten Schaft. Das erlaubt das Klettern in sehr steilem Gel\u00e4nde, aber auch ein Einstecken im Firn. Zweitens hat es einen modularen Kopf, mit mehreren Optionen bei den Hauen und Aufs\u00e4tzen. Wie z.B. einem Zusatzgewicht f\u00fcr optimales Schwungverhalten.<\/p>\n<p>Drittens ist der Griff sehr ergonomisch und somit perfekt einzuhalten. Eine 2. Fingerauflage hilft beim Handwechsel bzw. beim Einstecken in steilen Rinnen.<\/p>\n<p>Gemeinsam mit dem <a href=\"https:\/\/bolting.eu\/shop\/camp-blade-runner-steigeisen\/\">Blade Runner Steigeisen<\/a> ein unschlagbares Duo bei schwersten Nordw\u00e4nden oder auf Expeditionen!<\/p>\n<h2>Eigenschaften Camp X-All Mountain<\/h2>\n<ul>\n<li>Hersteller: <a href=\"https:\/\/bolting.eu\/produkt-kategorie\/camp-cassin\/\">CAMP<\/a><\/li>\n<li>Material: Schaft \u2013 Alu, Haue und Aufsatz Edelstahl<\/li>\n<li>L\u00e4nge: 50cm<\/li>\n<li>Gewicht: 571 Gramm (Hammer), 575 Gramm (Schaufel)<\/li>\n<li>Normen: EN 13089<\/li>\n<li>Haue (Mixed Pick) aus Edelstahl<\/li>\n<li>modularer Kopf mit Hammer- oder Schaufelkopf<\/li>\n<li>f\u00fcr lange, schwere Nordw\u00e4nde<\/li>\n<li>auch perfekt zum Einstieg ins Eisklettern<\/li>\n<li>ideal zum \u201eStapfen\u201c in Rinnen und im Firn<\/li>\n<li>gekr\u00fcmmter Schaft mit ergonomischen Halt<\/li>\n<li>bewegliche 2. Fingerauflage verstellbar entlang des Schaftes<\/li>\n<li>mehrere optionale <a href=\"https:\/\/bolting.eu\/produkt-kategorie\/bergsteiger-ausruestung\/hauen-fuer-eisgeraete\/\">Hauen f\u00fcr das Eisger\u00e4t<\/a><\/li>\n<li>\u00d6se am Schaftende f\u00fcr <a href=\"https:\/\/bolting.eu\/shop\/camp-x-gyro-leash\/\">Camp X-Gyro Leash<\/a><\/li>\n<li>Lieferumfang inkl. Inbusschl\u00fcssel<\/li>\n<li>wir gerne gekauft mit <a href=\"https:\/\/bolting.eu\/shop\/camp-alpinist-pro-steigeisen\/\">Alpinist Pro<\/a> Universal Steigeisen<\/li>\n<li>zum <a href=\"https:\/\/camp.it\/\" target=\"_blank\" rel=\"noopener\">Hersteller<\/a><\/li>\n<\/ul>\n<h3>Modularer Kopf<\/h3>\n<p>Das Camp X-All Mountain bietet einen modularen Kopf. D.h., hier k\u00f6nnt ihr viele unterschiedliche Hauen bzw. Aufs\u00e4tze leicht selber montieren. Wie z.B. die Mixed Pick (im Lieferumfang!) oder die Ice Pick. Bei den Aufs\u00e4tzen sind Hammer, Schaufel und Zusatzgewichte verf\u00fcgbar.<\/p>\n<p>Somit k\u00f6nnt ihr die Ger\u00e4te je nach euren Vorlieben bzw. den Bedingungen anpassen.<\/p>\n<h3>Produkt Video Camp X-All Mountain<\/h3>\n<p>Im folgenden Video k\u00f6nnt ihr euch das Eisger\u00e4t nochmals vorstellen lassen. Hierbei werden nochmals die wichtigsten Features erkl\u00e4rt, wie z.B. der gekr\u00fcmmte Schaft oder die Klingen.<\/p>\n<p><iframe loading=\"lazy\" title=\"*UPDATED* CAMP X-All Mountain\" width=\"1020\" height=\"574\" src=\"https:\/\/www.youtube.com\/embed\/Scz37-38lD8?feature=oembed\" frameborder=\"0\" allow=\"accelerometer; autoplay; clipboard-write; encrypted-media; gyroscope; picture-in-picture; web-share\" referrerpolicy=\"strict-origin-when-cross-origin\" allowfullscreen><\/iframe><\/p>\n<h3>Hochwertiges Einstiegsmodell zum Eisklettern<\/h3>\n<p>Das X-All Mountain ist perfekt als Einstiegsmodell ins <a href=\"https:\/\/bolting.eu\/eisklettern\/\">Eisklettern<\/a>. Denn zum einen ist es durch den gekr\u00fcmmten Schaft und die optionale &#8220;Ice&#8221; Klinge ideal auf steileres Eis ausgelegt. Zum anderen hat es aber noch keinen abgeschr\u00e4gten Griff, kann also auch im alpinen Gel\u00e4nde noch perfekt verwendet werden.<\/p>\n<p>Wer gerne in Nordw\u00e4nden und im Eis unterwegs ist, hat hier also eine leichte Wahl.<\/p>\n<h4><strong>Camp X-All Mountain richtig lagern<\/strong><\/h4>\n<p>Wie alle Produkte aus Stahl muss man dieses Modell richtig lagern. Genau so wie <a href=\"https:\/\/bolting.eu\/produkt-kategorie\/bergsteiger-ausruestung\/eisschrauben\/\">Eisschrauben<\/a> und <a href=\"https:\/\/bolting.eu\/produkt-kategorie\/bergsteiger-ausruestung\/steigeisen\/\">Steigeisen<\/a> m\u00fcsst ihr das Eisger\u00e4t trocknen. Am besten ordentlich abwischen und an der Luft trocknen lassen.<\/p>\n<p>Dann einfach bei Zimmertemperatur trocken lagern. Was ihr unbedingt vermeiden m\u00fcsst, sind kalte, feuchte Bedingungen. Wie z.B. in einer Garage oder Gartenschuppen. Viel besser sind Speisekammer oder der Keller.<\/p>\n","protected":false},"excerpt":{"rendered":"<p>Preiswertes Eisger\u00e4t f\u00fcr lange und schwere Nordw\u00e4nde bzw. zum Eisklettern.<\/p>\n<p>Ein modularer Kopf und ein gleichm\u00e4\u00dfig gekr\u00fcmmter Schaft zeichnen dieses Model aus. Mehrere Hauen und Aufs\u00e4tze optional verf\u00fcgbar.<\/p>\n<p>Versandkostenfrei bis 2kg in <img decoding=\"async\" class=\"emoji\" role=\"img\" draggable=\"false\" src=\"https:\/\/s.w.org\/images\/core\/emoji\/13.1.0\/svg\/1f1e6-1f1f9.svg\" alt=\"\ud83c\udde6\ud83c\uddf9\" \/> ab \u20ac 100,- und <img decoding=\"async\" class=\"emoji\" role=\"img\" draggable=\"false\" src=\"https:\/\/s.w.org\/images\/core\/emoji\/13.1.0\/svg\/1f1e9-1f1ea.svg\" alt=\"\ud83c\udde9\ud83c\uddea\" \/> ab \u20ac 200,-!<\/p>\n","protected":false},"featured_media":14002,"comment_status":"closed","ping_status":"closed","template":"","meta":[],"product_brand":[],"product_cat":[14282,14319,4653,13938],"product_tag":[],"class_list":{"0":"post-13995","1":"product","2":"type-product","3":"status-publish","4":"has-post-thumbnail","6":"product_cat-eisgeraete","7":"product_cat-sale-klettern","8":"product_cat-camp-cassin","9":"product_cat-bergsteiger-ausruestung","11":"first","12":"outofstock","13":"sale","14":"taxable","15":"shipping-taxable","16":"purchasable","17":"product-type-variable"},"yoast_head":"<!-- This site is optimized with the Yoast SEO Premium plugin v26.9 (Yoast SEO v26.9) - https:\/\/yoast.com\/product\/yoast-seo-premium-wordpress\/ -->\n<title>Camp X-All Mountain Eisger\u00e4t - Alpin &amp; Eisklettern | bolting.eu<\/title>\n<meta name=\"description\" content=\"Camp X-All Mountain Eisger\u00e4t beim Kletter Hardware Profi kaufen \u2705 kostenloser Versand*\u2705 14 Tage R\u00fcckgaberecht \u2705 Co2 neutrale Zustellung\" \/>\n<meta name=\"robots\" content=\"index, follow, max-snippet:-1, max-image-preview:large, max-video-preview:-1\" \/>\n<link rel=\"canonical\" href=\"https:\/\/bolting.eu\/en\/shop\/camp-x-all-mountain-eisgeraet\/\" \/>\n<meta property=\"og:locale\" content=\"en_US\" \/>\n<meta property=\"og:type\" content=\"article\" \/>\n<meta property=\"og:title\" content=\"Camp X-All Mountain Eisger\u00e4t\" \/>\n<meta property=\"og:description\" content=\"Camp X-All Mountain Eisger\u00e4t beim Kletter Hardware Profi kaufen \u2705 kostenloser Versand*\u2705 14 Tage R\u00fcckgaberecht \u2705 Co2 neutrale Zustellung\" \/>\n<meta property=\"og:url\" content=\"https:\/\/bolting.eu\/en\/shop\/camp-x-all-mountain-eisgeraet\/\" \/>\n<meta property=\"og:site_name\" content=\"bolting.eu\" \/>\n<meta property=\"article:publisher\" content=\"https:\/\/www.facebook.com\/bolting.eu\" \/>\n<meta property=\"article:modified_time\" content=\"2026-01-23T08:20:11+00:00\" \/>\n<meta property=\"og:image\" content=\"https:\/\/bolting.eu\/wp-content\/uploads\/2022\/11\/Camp-X-All-Mountain-2.jpg\" \/>\n\t<meta property=\"og:image:width\" content=\"700\" \/>\n\t<meta property=\"og:image:height\" content=\"700\" \/>\n\t<meta property=\"og:image:type\" content=\"image\/jpeg\" \/>\n<meta name=\"twitter:card\" content=\"summary_large_image\" \/>\n<meta name=\"twitter:label1\" content=\"Availability\" \/>\n\t<meta name=\"twitter:data1\" content=\"Out of stock\" \/>\n<script type=\"application\/ld+json\" class=\"yoast-schema-graph\">{\"@context\":\"https:\/\/schema.org\",\"@graph\":[{\"@type\":[\"WebPage\",\"ItemPage\"],\"@id\":\"https:\/\/bolting.eu\/en\/shop\/camp-x-all-mountain-eisgeraet\/\",\"url\":\"https:\/\/bolting.eu\/en\/shop\/camp-x-all-mountain-eisgeraet\/\",\"name\":\"Camp X-All Mountain Eisger\u00e4t - Alpin & Eisklettern | bolting.eu\",\"isPartOf\":{\"@id\":\"https:\/\/bolting.eu\/en\/#website\"},\"primaryImageOfPage\":{\"@id\":\"https:\/\/bolting.eu\/en\/shop\/camp-x-all-mountain-eisgeraet\/#primaryimage\"},\"image\":{\"@id\":\"https:\/\/bolting.eu\/en\/shop\/camp-x-all-mountain-eisgeraet\/#primaryimage\"},\"thumbnailUrl\":\"https:\/\/bolting.eu\/wp-content\/uploads\/2022\/11\/Camp-X-All-Mountain-2.jpg\",\"datePublished\":\"2022-11-29T12:50:29+00:00\",\"dateModified\":\"2026-01-23T08:20:11+00:00\",\"description\":\"Camp X-All Mountain Eisger\u00e4t beim Kletter Hardware Profi kaufen \u2705 kostenloser Versand*\u2705 14 Tage R\u00fcckgaberecht \u2705 Co2 neutrale Zustellung\",\"breadcrumb\":{\"@id\":\"https:\/\/bolting.eu\/en\/shop\/camp-x-all-mountain-eisgeraet\/#breadcrumb\"},\"inLanguage\":\"en-US\",\"potentialAction\":[{\"@type\":\"ReadAction\",\"target\":[\"https:\/\/bolting.eu\/en\/shop\/camp-x-all-mountain-eisgeraet\/\"]}]},{\"@type\":\"ImageObject\",\"inLanguage\":\"en-US\",\"@id\":\"https:\/\/bolting.eu\/en\/shop\/camp-x-all-mountain-eisgeraet\/#primaryimage\",\"url\":\"https:\/\/bolting.eu\/wp-content\/uploads\/2022\/11\/Camp-X-All-Mountain-2.jpg\",\"contentUrl\":\"https:\/\/bolting.eu\/wp-content\/uploads\/2022\/11\/Camp-X-All-Mountain-2.jpg\",\"width\":700,\"height\":700,\"caption\":\"Das Bild zeigt das Camp X-All Mountain Eisger\u00e4t mit orangem Schaft. Am Kopf eine Haue rechts und ein Hammeraufsatz links.\"},{\"@type\":\"BreadcrumbList\",\"@id\":\"https:\/\/bolting.eu\/en\/shop\/camp-x-all-mountain-eisgeraet\/#breadcrumb\",\"itemListElement\":[{\"@type\":\"ListItem\",\"position\":1,\"name\":\"Shop\",\"item\":\"https:\/\/bolting.eu\/en\/shop\/\"},{\"@type\":\"ListItem\",\"position\":2,\"name\":\"Bergsteiger Ausr\u00fcstung\",\"item\":\"https:\/\/bolting.eu\/produkt-kategorie\/bergsteiger-ausruestung\/\"},{\"@type\":\"ListItem\",\"position\":3,\"name\":\"Eisger\u00e4te\",\"item\":\"https:\/\/bolting.eu\/produkt-kategorie\/bergsteiger-ausruestung\/eisgeraete\/\"},{\"@type\":\"ListItem\",\"position\":4,\"name\":\"Camp X-All Mountain Eisger\u00e4t\"}]},{\"@type\":\"WebSite\",\"@id\":\"https:\/\/bolting.eu\/en\/#website\",\"url\":\"https:\/\/bolting.eu\/en\/\",\"name\":\"bolting.eu\",\"description\":\"we make climbs happen\",\"publisher\":{\"@id\":\"https:\/\/bolting.eu\/en\/#organization\"},\"potentialAction\":[{\"@type\":\"SearchAction\",\"target\":{\"@type\":\"EntryPoint\",\"urlTemplate\":\"https:\/\/bolting.eu\/en\/?s={search_term_string}\"},\"query-input\":{\"@type\":\"PropertyValueSpecification\",\"valueRequired\":true,\"valueName\":\"search_term_string\"}}],\"inLanguage\":\"en-US\"},{\"@type\":[\"Organization\",\"Place\",\"SportingGoodsStore\"],\"@id\":\"https:\/\/bolting.eu\/en\/#organization\",\"name\":\"bolting.eu\",\"url\":\"https:\/\/bolting.eu\/en\/\",\"logo\":{\"@id\":\"https:\/\/bolting.eu\/en\/shop\/camp-x-all-mountain-eisgeraet\/#local-main-organization-logo\"},\"image\":{\"@id\":\"https:\/\/bolting.eu\/en\/shop\/camp-x-all-mountain-eisgeraet\/#local-main-organization-logo\"},\"sameAs\":[\"https:\/\/www.facebook.com\/bolting.eu\",\"https:\/\/www.instagram.com\/bolting.eu\/\"],\"address\":{\"@id\":\"https:\/\/bolting.eu\/en\/shop\/camp-x-all-mountain-eisgeraet\/#local-main-place-address\"},\"geo\":{\"@type\":\"GeoCoordinates\",\"latitude\":\"47.264176340396226\",\"longitude\":\"11.380109057672346\"},\"telephone\":[\"+43 699 19083372\"],\"openingHoursSpecification\":[{\"@type\":\"OpeningHoursSpecification\",\"dayOfWeek\":[\"Monday\",\"Wednesday\",\"Friday\"],\"opens\":\"14:00\",\"closes\":\"18:00\"},{\"@type\":\"OpeningHoursSpecification\",\"dayOfWeek\":[\"Tuesday\",\"Thursday\",\"Saturday\",\"Sunday\"],\"opens\":\"00:00\",\"closes\":\"00:00\"}],\"email\":\"office@bolting.eu\",\"vatID\":\"ATU59999728\",\"priceRange\":\"$$\",\"currenciesAccepted\":\"Euro\"},{\"@type\":\"PostalAddress\",\"@id\":\"https:\/\/bolting.eu\/en\/shop\/camp-x-all-mountain-eisgeraet\/#local-main-place-address\",\"streetAddress\":\"Fischnalerstra\u00dfe 4\",\"addressLocality\":\"Innsbruck\",\"postalCode\":\"6020\",\"addressRegion\":\"Tirol\",\"addressCountry\":\"AT\"},{\"@type\":\"ImageObject\",\"inLanguage\":\"en-US\",\"@id\":\"https:\/\/bolting.eu\/en\/shop\/camp-x-all-mountain-eisgeraet\/#local-main-organization-logo\",\"url\":\"https:\/\/bolting.eu\/wp-content\/uploads\/2019\/09\/bolting-logo.png\",\"contentUrl\":\"https:\/\/bolting.eu\/wp-content\/uploads\/2019\/09\/bolting-logo.png\",\"width\":400,\"height\":211,\"caption\":\"bolting.eu\"}]}<\/script>\n<meta property=\"og:video\" content=\"https:\/\/www.youtube.com\/embed\/Scz37-38lD8\" \/>\n<meta property=\"og:video:type\" content=\"text\/html\" \/>\n<meta property=\"og:video:duration\" content=\"63\" \/>\n<meta property=\"og:video:width\" content=\"480\" \/>\n<meta property=\"og:video:height\" content=\"270\" \/>\n<meta property=\"ya:ovs:adult\" content=\"false\" \/>\n<meta property=\"ya:ovs:upload_date\" content=\"2022-11-29T12:50:29+00:00\" \/>\n<meta property=\"ya:ovs:allow_embed\" content=\"true\" \/>\n<meta property=\"og:availability\" content=\"out of stock\" \/>\n<meta property=\"product:availability\" content=\"out of stock\" \/>\n<meta property=\"product:condition\" content=\"new\" \/>\n<meta name=\"geo.placename\" content=\"Innsbruck\" \/>\n<meta name=\"geo.position\" content=\"47.264176340396226;11.380109057672346\" \/>\n<meta name=\"geo.region\" content=\"Austria\" \/>\n<!-- \/ Yoast SEO Premium plugin. -->","yoast_head_json":{"title":"Camp X-All Mountain Eisger\u00e4t - Alpin & Eisklettern | bolting.eu","description":"Camp X-All Mountain Eisger\u00e4t beim Kletter Hardware Profi kaufen \u2705 kostenloser Versand*\u2705 14 Tage R\u00fcckgaberecht \u2705 Co2 neutrale Zustellung","robots":{"index":"index","follow":"follow","max-snippet":"max-snippet:-1","max-image-preview":"max-image-preview:large","max-video-preview":"max-video-preview:-1"},"canonical":"https:\/\/bolting.eu\/en\/shop\/camp-x-all-mountain-eisgeraet\/","og_locale":"en_US","og_type":"article","og_title":"Camp X-All Mountain Eisger\u00e4t","og_description":"Camp X-All Mountain Eisger\u00e4t beim Kletter Hardware Profi kaufen \u2705 kostenloser Versand*\u2705 14 Tage R\u00fcckgaberecht \u2705 Co2 neutrale Zustellung","og_url":"https:\/\/bolting.eu\/en\/shop\/camp-x-all-mountain-eisgeraet\/","og_site_name":"bolting.eu","article_publisher":"https:\/\/www.facebook.com\/bolting.eu","article_modified_time":"2026-01-23T08:20:11+00:00","og_image":[{"width":700,"height":700,"url":"https:\/\/bolting.eu\/wp-content\/uploads\/2022\/11\/Camp-X-All-Mountain-2.jpg","type":"image\/jpeg"}],"twitter_card":"summary_large_image","twitter_misc":{"Availability":"Out of stock"},"schema":{"@context":"https:\/\/schema.org","@graph":[{"@type":["WebPage","ItemPage"],"@id":"https:\/\/bolting.eu\/en\/shop\/camp-x-all-mountain-eisgeraet\/","url":"https:\/\/bolting.eu\/en\/shop\/camp-x-all-mountain-eisgeraet\/","name":"Camp X-All Mountain Eisger\u00e4t - Alpin & Eisklettern | bolting.eu","isPartOf":{"@id":"https:\/\/bolting.eu\/en\/#website"},"primaryImageOfPage":{"@id":"https:\/\/bolting.eu\/en\/shop\/camp-x-all-mountain-eisgeraet\/#primaryimage"},"image":{"@id":"https:\/\/bolting.eu\/en\/shop\/camp-x-all-mountain-eisgeraet\/#primaryimage"},"thumbnailUrl":"https:\/\/bolting.eu\/wp-content\/uploads\/2022\/11\/Camp-X-All-Mountain-2.jpg","datePublished":"2022-11-29T12:50:29+00:00","dateModified":"2026-01-23T08:20:11+00:00","description":"Camp X-All Mountain Eisger\u00e4t beim Kletter Hardware Profi kaufen \u2705 kostenloser Versand*\u2705 14 Tage R\u00fcckgaberecht \u2705 Co2 neutrale Zustellung","breadcrumb":{"@id":"https:\/\/bolting.eu\/en\/shop\/camp-x-all-mountain-eisgeraet\/#breadcrumb"},"inLanguage":"en-US","potentialAction":[{"@type":"ReadAction","target":["https:\/\/bolting.eu\/en\/shop\/camp-x-all-mountain-eisgeraet\/"]}]},{"@type":"ImageObject","inLanguage":"en-US","@id":"https:\/\/bolting.eu\/en\/shop\/camp-x-all-mountain-eisgeraet\/#primaryimage","url":"https:\/\/bolting.eu\/wp-content\/uploads\/2022\/11\/Camp-X-All-Mountain-2.jpg","contentUrl":"https:\/\/bolting.eu\/wp-content\/uploads\/2022\/11\/Camp-X-All-Mountain-2.jpg","width":700,"height":700,"caption":"Das Bild zeigt das Camp X-All Mountain Eisger\u00e4t mit orangem Schaft. Am Kopf eine Haue rechts und ein Hammeraufsatz links."},{"@type":"BreadcrumbList","@id":"https:\/\/bolting.eu\/en\/shop\/camp-x-all-mountain-eisgeraet\/#breadcrumb","itemListElement":[{"@type":"ListItem","position":1,"name":"Shop","item":"https:\/\/bolting.eu\/en\/shop\/"},{"@type":"ListItem","position":2,"name":"Bergsteiger Ausr\u00fcstung","item":"https:\/\/bolting.eu\/produkt-kategorie\/bergsteiger-ausruestung\/"},{"@type":"ListItem","position":3,"name":"Eisger\u00e4te","item":"https:\/\/bolting.eu\/produkt-kategorie\/bergsteiger-ausruestung\/eisgeraete\/"},{"@type":"ListItem","position":4,"name":"Camp X-All Mountain Eisger\u00e4t"}]},{"@type":"WebSite","@id":"https:\/\/bolting.eu\/en\/#website","url":"https:\/\/bolting.eu\/en\/","name":"bolting.eu","description":"we make climbs happen","publisher":{"@id":"https:\/\/bolting.eu\/en\/#organization"},"potentialAction":[{"@type":"SearchAction","target":{"@type":"EntryPoint","urlTemplate":"https:\/\/bolting.eu\/en\/?s={search_term_string}"},"query-input":{"@type":"PropertyValueSpecification","valueRequired":true,"valueName":"search_term_string"}}],"inLanguage":"en-US"},{"@type":["Organization","Place","SportingGoodsStore"],"@id":"https:\/\/bolting.eu\/en\/#organization","name":"bolting.eu","url":"https:\/\/bolting.eu\/en\/","logo":{"@id":"https:\/\/bolting.eu\/en\/shop\/camp-x-all-mountain-eisgeraet\/#local-main-organization-logo"},"image":{"@id":"https:\/\/bolting.eu\/en\/shop\/camp-x-all-mountain-eisgeraet\/#local-main-organization-logo"},"sameAs":["https:\/\/www.facebook.com\/bolting.eu","https:\/\/www.instagram.com\/bolting.eu\/"],"address":{"@id":"https:\/\/bolting.eu\/en\/shop\/camp-x-all-mountain-eisgeraet\/#local-main-place-address"},"geo":{"@type":"GeoCoordinates","latitude":"47.264176340396226","longitude":"11.380109057672346"},"telephone":["+43 699 19083372"],"openingHoursSpecification":[{"@type":"OpeningHoursSpecification","dayOfWeek":["Monday","Wednesday","Friday"],"opens":"14:00","closes":"18:00"},{"@type":"OpeningHoursSpecification","dayOfWeek":["Tuesday","Thursday","Saturday","Sunday"],"opens":"00:00","closes":"00:00"}],"email":"office@bolting.eu","vatID":"ATU59999728","priceRange":"$$","currenciesAccepted":"Euro"},{"@type":"PostalAddress","@id":"https:\/\/bolting.eu\/en\/shop\/camp-x-all-mountain-eisgeraet\/#local-main-place-address","streetAddress":"Fischnalerstra\u00dfe 4","addressLocality":"Innsbruck","postalCode":"6020","addressRegion":"Tirol","addressCountry":"AT"},{"@type":"ImageObject","inLanguage":"en-US","@id":"https:\/\/bolting.eu\/en\/shop\/camp-x-all-mountain-eisgeraet\/#local-main-organization-logo","url":"https:\/\/bolting.eu\/wp-content\/uploads\/2019\/09\/bolting-logo.png","contentUrl":"https:\/\/bolting.eu\/wp-content\/uploads\/2019\/09\/bolting-logo.png","width":400,"height":211,"caption":"bolting.eu"}]},"og_video":"https:\/\/www.youtube.com\/embed\/Scz37-38lD8","og_video_type":"text\/html","og_video_duration":"63","og_video_width":"480","og_video_height":"270","ya_ovs_adult":"false","ya_ovs_upload_date":"2022-11-29T12:50:29+00:00","ya_ovs_allow_embed":"true","og_availability":"out of stock","product_availability":"out of stock","product_condition":"new","geo.placename":"Innsbruck","geo.position":{"lat":"47.264176340396226","long":"11.380109057672346"},"geo.region":"Austria"},"_links":{"self":[{"href":"https:\/\/bolting.eu\/en\/wp-json\/wp\/v2\/product\/13995","targetHints":{"allow":["GET"]}}],"collection":[{"href":"https:\/\/bolting.eu\/en\/wp-json\/wp\/v2\/product"}],"about":[{"href":"https:\/\/bolting.eu\/en\/wp-json\/wp\/v2\/types\/product"}],"replies":[{"embeddable":true,"href":"https:\/\/bolting.eu\/en\/wp-json\/wp\/v2\/comments?post=13995"}],"wp:featuredmedia":[{"embeddable":true,"href":"https:\/\/bolting.eu\/en\/wp-json\/wp\/v2\/media\/14002"}],"wp:attachment":[{"href":"https:\/\/bolting.eu\/en\/wp-json\/wp\/v2\/media?parent=13995"}],"wp:term":[{"taxonomy":"product_brand","embeddable":true,"href":"https:\/\/bolting.eu\/en\/wp-json\/wp\/v2\/product_brand?post=13995"},{"taxonomy":"product_cat","embeddable":true,"href":"https:\/\/bolting.eu\/en\/wp-json\/wp\/v2\/product_cat?post=13995"},{"taxonomy":"product_tag","embeddable":true,"href":"https:\/\/bolting.eu\/en\/wp-json\/wp\/v2\/product_tag?post=13995"}],"curies":[{"name":"wp","href":"https:\/\/api.w.org\/{rel}","templated":true}]}}