{"id":13989,"date":"2022-11-29T12:05:13","date_gmt":"2022-11-29T11:05:13","guid":{"rendered":"https:\/\/bolting.eu\/?post_type=product&#038;p=13989"},"modified":"2025-10-31T17:58:26","modified_gmt":"2025-10-31T16:58:26","slug":"camp-x-light-eisgeraet","status":"publish","type":"product","link":"https:\/\/bolting.eu\/en\/shop\/camp-x-light-eisgeraet\/","title":{"rendered":"CAMP X-Light Eisger\u00e4t"},"content":{"rendered":"<p>Das CAMP X-Light <a href=\"https:\/\/bolting.eu\/produkt-kategorie\/bergsteiger-ausruestung\/eisgeraete\/\">Eisger\u00e4t<\/a> ist ein sehr leichtes und vielseitiges Modell. Es geh\u00f6rt zur neuen Generation der &#8220;fast &amp; light&#8221;\u00a0 Ger\u00e4te f\u00fcr technisches Bergsteigen und zum leichten <a href=\"https:\/\/bolting.eu\/eisklettern\/\">Eisklettern<\/a>.<\/p>\n<p>Dabei ist es dank der Eigenschaften egal, ob es stark vereistes Terrain gibt oder viel Firn und Schnee. Denn zum einen bietet das X-Light eine scharfe Haue aus Edelstahl und einen Hammer oder eine Schaufel.<\/p>\n<p>Und zum anderen kann der leicht gebogene Schaft perfekt zum Stapfen im Schnee verwendet werden. Hierf\u00fcr l\u00e4sst sich der 2. Griff entlang des gesamten Schaftes verschieben. Der Stahl Dorn am Ende sorgt f\u00fcr festen Halt beim Aufsetzen auf Eis und im Firn.<\/p>\n<p>Kurzum. Wieder einmal ein tolles Produkt von CAMP. Wer ein leichtes und vielseitiges Modell f\u00fcr lange technische Bergtouren oder Einsteiger Eisger\u00e4t sucht, ist hier richtig.<\/p>\n<h2>Eigenschaften Camp X-Light<\/h2>\n<ul>\n<li>Hersteller: <a href=\"https:\/\/bolting.eu\/produkt-kategorie\/camp-cassin\/\">CAMP<\/a><\/li>\n<li>Material: Schaft \u2013 Alu, Haue und Aufsatz Edelstahl<\/li>\n<li>L\u00e4nge: 50cm<\/li>\n<li>Gewicht: 525 Gramm (Hammer), 520 Gramm (Schaufel)<\/li>\n<li>Normen: EN 13089<\/li>\n<li>Haue aus Edelstahl<\/li>\n<li>modularer Kopf mit Hammer- oder Schaufelkopf<\/li>\n<li>f\u00fcr &#8220;Fast &amp; light&#8221; Alpinismus<\/li>\n<li>perfektes Eiskletter Anf\u00e4ngerger\u00e4t<\/li>\n<li>ideal zum &#8220;Stapfen&#8221; in Rinnen und im Firn<\/li>\n<li>gebogener Schaft mit ergonomischen Halt<\/li>\n<li>ergonomische Haue zum besseren Angreifen bei Kopfst\u00fctz-Technik<\/li>\n<li>bewegliche Fingerauflage verstellbar entlang des Schaftes<\/li>\n<li>\u00d6se am Schaftende f\u00fcr <a href=\"https:\/\/bolting.eu\/shop\/camp-x-gyro-leash\/\">Camp X-Gyro Leash<\/a><\/li>\n<li>Lieferumfang inkl. Inbusschl\u00fcssel und Schutzkappe mit Schraube f\u00fcr Dorn<\/li>\n<li>optionales Zubeh\u00f6r: Ersatzhaue, Hammerkopf, Schaufelkopf<\/li>\n<li>zum <a href=\"https:\/\/camp.it\" target=\"_blank\" rel=\"noopener\">Hersteller<\/a><\/li>\n<\/ul>\n<h3>Moderne &#8220;Allzweck Waffe&#8221;<\/h3>\n<p>Das Camp X-Light ist ein Vertreter der neuen &#8220;fast &amp; light&#8221; Eisger\u00e4te. D.h. einer schmalen, leichten Bauweise f\u00fcr technischen Alpinismus.<\/p>\n<p>Folglich ist dieses Modell f\u00fcr die Verwendung in steilem Gel\u00e4nde ausgerichtet. Oder besser ausgedr\u00fcckt. Zum einen f\u00fcr anspruchsvolle Nordw\u00e4nde, steilere Mixed Passagen, vereiste Rinnen und Abschnitte mit reinem Wassereis. Und zum anderen f\u00fcr schneeige Grate, verfirnte Flanken und l\u00e4ngere Gletscherpassagen.<\/p>\n<p>Damit das alles gut passt, hat das Eisger\u00e4t einen 50cm Schaft mit leichter Kr\u00fcmmung. Somit kann man es sowohl gut in den Schnee stecken als auch ins Eis einschlagen.<\/p>\n<h3>Modularer Kopf<\/h3>\n<p>Das X-Light hat einen modularen Kopf. D.h. man kann sowohl die Klinge austauschen, als auch die Hammer oder Schaufel Aufs\u00e4tze.<\/p>\n<p>Diese Ausr\u00fcstungsteile gibt es alle optional zu kaufen. Somit kann man sich dieses Ger\u00e4t nach Belieben bzw. aktuellen Bedingungen perfekt herrichten.<\/p>\n<p>Dazu tr\u00e4gt auch die 2. Auflage am Schaft bei. Diese ist \u00fcbrigens beliebig verschiebbar!<\/p>\n<h4><strong>Camp X-Light richtig lagern<\/strong><\/h4>\n<p>Wie alle Produkte aus Stahl muss man dieses Modell richtig lagern. Genau so wie <a href=\"https:\/\/bolting.eu\/produkt-kategorie\/bergsteiger-ausruestung\/eisschrauben\/\">Eisschrauben<\/a> und <a href=\"https:\/\/bolting.eu\/produkt-kategorie\/bergsteiger-ausruestung\/steigeisen\/\">Steigeisen<\/a> m\u00fcsst ihr das Eisger\u00e4t trocknen. Am besten ordentlich abwischen und an der Luft trocknen lassen.<\/p>\n<p>Dann einfach bei Zimmertemperatur trocken lagern. Was ihr unbedingt vermeiden m\u00fcsst, sind kalte, feuchte Bedingungen. Wie z.B. in einer Garage oder Gartenschuppen. Viel besser sind Speisekammer oder der Keller.<\/p>\n","protected":false},"excerpt":{"rendered":"<p>Eisger\u00e4t der neuesten Generation f\u00fcr &#8220;fast &amp; light&#8221; Alpinismus bzw. Eiskletter Einsteiger.<\/p>\n<p>Ein modular best\u00fcckbarer Kopf sitz auf einem leicht gebogenen Alu Schaft. Egal ob Mixed Gel\u00e4nde, reines Eis oder steile Firnflanke. Mit diesem Modell seid ihr bestens ausgestattet.<\/p>\n<p>Versandkostenfrei bis 2kg in <img decoding=\"async\" class=\"emoji\" role=\"img\" draggable=\"false\" src=\"https:\/\/s.w.org\/images\/core\/emoji\/13.1.0\/svg\/1f1e6-1f1f9.svg\" alt=\"\ud83c\udde6\ud83c\uddf9\" \/> ab \u20ac 100,- und <img decoding=\"async\" class=\"emoji\" role=\"img\" draggable=\"false\" src=\"https:\/\/s.w.org\/images\/core\/emoji\/13.1.0\/svg\/1f1e9-1f1ea.svg\" alt=\"\ud83c\udde9\ud83c\uddea\" \/> ab \u20ac 200,-!<\/p>\n","protected":false},"featured_media":13994,"comment_status":"closed","ping_status":"closed","template":"","meta":[],"product_brand":[],"product_cat":[4653,13938,14282],"product_tag":[],"class_list":{"0":"post-13989","1":"product","2":"type-product","3":"status-publish","4":"has-post-thumbnail","6":"product_cat-camp-cassin","7":"product_cat-bergsteiger-ausruestung","8":"product_cat-eisgeraete","10":"first","11":"instock","12":"sale","13":"taxable","14":"shipping-taxable","15":"purchasable","16":"product-type-variable"},"yoast_head":"<!-- This site is optimized with the Yoast SEO Premium plugin v26.9 (Yoast SEO v26.9) - https:\/\/yoast.com\/product\/yoast-seo-premium-wordpress\/ -->\n<title>CAMP X-Light Eisger\u00e4t - f\u00fcr Nordw\u00e4nde &amp; Eisklettern | bolting.eu<\/title>\n<meta name=\"description\" content=\"Camp X-Light Eisger\u00e4t beim Kletter Hardwareprofi kaufen \u2705 kostenloser Versand \u2705 14 Tage R\u00fcckgaberecht \u2705 Co2 neutrale Zustellung\" \/>\n<meta name=\"robots\" content=\"index, follow, max-snippet:-1, max-image-preview:large, max-video-preview:-1\" \/>\n<link rel=\"canonical\" href=\"https:\/\/bolting.eu\/en\/shop\/camp-x-light-eisgeraet\/\" \/>\n<meta property=\"og:locale\" content=\"en_US\" \/>\n<meta property=\"og:type\" content=\"article\" \/>\n<meta property=\"og:title\" content=\"CAMP X-Light Eisger\u00e4t\" \/>\n<meta property=\"og:description\" content=\"Camp X-Light Eisger\u00e4t beim Kletter Hardwareprofi kaufen \u2705 kostenloser Versand \u2705 14 Tage R\u00fcckgaberecht \u2705 Co2 neutrale Zustellung\" \/>\n<meta property=\"og:url\" content=\"https:\/\/bolting.eu\/en\/shop\/camp-x-light-eisgeraet\/\" \/>\n<meta property=\"og:site_name\" content=\"bolting.eu\" \/>\n<meta property=\"article:publisher\" content=\"https:\/\/www.facebook.com\/bolting.eu\" \/>\n<meta property=\"article:modified_time\" content=\"2025-10-31T16:58:26+00:00\" \/>\n<meta property=\"og:image\" content=\"https:\/\/bolting.eu\/wp-content\/uploads\/2022\/11\/Camp-X-Light-Hammerkopf.jpg\" \/>\n\t<meta property=\"og:image:width\" content=\"700\" \/>\n\t<meta property=\"og:image:height\" content=\"700\" \/>\n\t<meta property=\"og:image:type\" content=\"image\/jpeg\" \/>\n<meta name=\"twitter:card\" content=\"summary_large_image\" \/>\n<meta name=\"twitter:label1\" content=\"Availability\" \/>\n\t<meta name=\"twitter:data1\" content=\"In stock\" \/>\n<script type=\"application\/ld+json\" class=\"yoast-schema-graph\">{\"@context\":\"https:\/\/schema.org\",\"@graph\":[{\"@type\":[\"WebPage\",\"ItemPage\"],\"@id\":\"https:\/\/bolting.eu\/en\/shop\/camp-x-light-eisgeraet\/\",\"url\":\"https:\/\/bolting.eu\/en\/shop\/camp-x-light-eisgeraet\/\",\"name\":\"CAMP X-Light Eisger\u00e4t - f\u00fcr Nordw\u00e4nde & Eisklettern | bolting.eu\",\"isPartOf\":{\"@id\":\"https:\/\/bolting.eu\/en\/#website\"},\"primaryImageOfPage\":{\"@id\":\"https:\/\/bolting.eu\/en\/shop\/camp-x-light-eisgeraet\/#primaryimage\"},\"image\":{\"@id\":\"https:\/\/bolting.eu\/en\/shop\/camp-x-light-eisgeraet\/#primaryimage\"},\"thumbnailUrl\":\"https:\/\/bolting.eu\/wp-content\/uploads\/2022\/11\/Camp-X-Light-Hammerkopf.jpg\",\"datePublished\":\"2022-11-29T11:05:13+00:00\",\"dateModified\":\"2025-10-31T16:58:26+00:00\",\"description\":\"Camp X-Light Eisger\u00e4t beim Kletter Hardwareprofi kaufen \u2705 kostenloser Versand \u2705 14 Tage R\u00fcckgaberecht \u2705 Co2 neutrale Zustellung\",\"breadcrumb\":{\"@id\":\"https:\/\/bolting.eu\/en\/shop\/camp-x-light-eisgeraet\/#breadcrumb\"},\"inLanguage\":\"en-US\",\"potentialAction\":[{\"@type\":\"ReadAction\",\"target\":[\"https:\/\/bolting.eu\/en\/shop\/camp-x-light-eisgeraet\/\"]}]},{\"@type\":\"ImageObject\",\"inLanguage\":\"en-US\",\"@id\":\"https:\/\/bolting.eu\/en\/shop\/camp-x-light-eisgeraet\/#primaryimage\",\"url\":\"https:\/\/bolting.eu\/wp-content\/uploads\/2022\/11\/Camp-X-Light-Hammerkopf.jpg\",\"contentUrl\":\"https:\/\/bolting.eu\/wp-content\/uploads\/2022\/11\/Camp-X-Light-Hammerkopf.jpg\",\"width\":700,\"height\":700,\"caption\":\"Das Bild zeigt das Camp X-Light EIsger\u00e4t mit schwarzem Schaft. Am Kopf eine Haue rechts und ein Hammeraufsatz links.\"},{\"@type\":\"BreadcrumbList\",\"@id\":\"https:\/\/bolting.eu\/en\/shop\/camp-x-light-eisgeraet\/#breadcrumb\",\"itemListElement\":[{\"@type\":\"ListItem\",\"position\":1,\"name\":\"Shop\",\"item\":\"https:\/\/bolting.eu\/en\/shop\/\"},{\"@type\":\"ListItem\",\"position\":2,\"name\":\"Bergsteiger Ausr\u00fcstung\",\"item\":\"https:\/\/bolting.eu\/produkt-kategorie\/bergsteiger-ausruestung\/\"},{\"@type\":\"ListItem\",\"position\":3,\"name\":\"Eisger\u00e4te\",\"item\":\"https:\/\/bolting.eu\/produkt-kategorie\/bergsteiger-ausruestung\/eisgeraete\/\"},{\"@type\":\"ListItem\",\"position\":4,\"name\":\"CAMP X-Light Eisger\u00e4t\"}]},{\"@type\":\"WebSite\",\"@id\":\"https:\/\/bolting.eu\/en\/#website\",\"url\":\"https:\/\/bolting.eu\/en\/\",\"name\":\"bolting.eu\",\"description\":\"we make climbs happen\",\"publisher\":{\"@id\":\"https:\/\/bolting.eu\/en\/#organization\"},\"potentialAction\":[{\"@type\":\"SearchAction\",\"target\":{\"@type\":\"EntryPoint\",\"urlTemplate\":\"https:\/\/bolting.eu\/en\/?s={search_term_string}\"},\"query-input\":{\"@type\":\"PropertyValueSpecification\",\"valueRequired\":true,\"valueName\":\"search_term_string\"}}],\"inLanguage\":\"en-US\"},{\"@type\":[\"Organization\",\"Place\",\"SportingGoodsStore\"],\"@id\":\"https:\/\/bolting.eu\/en\/#organization\",\"name\":\"bolting.eu\",\"url\":\"https:\/\/bolting.eu\/en\/\",\"logo\":{\"@id\":\"https:\/\/bolting.eu\/en\/shop\/camp-x-light-eisgeraet\/#local-main-organization-logo\"},\"image\":{\"@id\":\"https:\/\/bolting.eu\/en\/shop\/camp-x-light-eisgeraet\/#local-main-organization-logo\"},\"sameAs\":[\"https:\/\/www.facebook.com\/bolting.eu\",\"https:\/\/www.instagram.com\/bolting.eu\/\"],\"address\":{\"@id\":\"https:\/\/bolting.eu\/en\/shop\/camp-x-light-eisgeraet\/#local-main-place-address\"},\"geo\":{\"@type\":\"GeoCoordinates\",\"latitude\":\"47.264176340396226\",\"longitude\":\"11.380109057672346\"},\"telephone\":[\"+43 699 19083372\"],\"openingHoursSpecification\":[{\"@type\":\"OpeningHoursSpecification\",\"dayOfWeek\":[\"Monday\",\"Wednesday\",\"Friday\"],\"opens\":\"14:00\",\"closes\":\"18:00\"},{\"@type\":\"OpeningHoursSpecification\",\"dayOfWeek\":[\"Tuesday\",\"Thursday\",\"Saturday\",\"Sunday\"],\"opens\":\"00:00\",\"closes\":\"00:00\"}],\"email\":\"office@bolting.eu\",\"vatID\":\"ATU59999728\",\"priceRange\":\"$$\",\"currenciesAccepted\":\"Euro\"},{\"@type\":\"PostalAddress\",\"@id\":\"https:\/\/bolting.eu\/en\/shop\/camp-x-light-eisgeraet\/#local-main-place-address\",\"streetAddress\":\"Fischnalerstra\u00dfe 4\",\"addressLocality\":\"Innsbruck\",\"postalCode\":\"6020\",\"addressRegion\":\"Tirol\",\"addressCountry\":\"AT\"},{\"@type\":\"ImageObject\",\"inLanguage\":\"en-US\",\"@id\":\"https:\/\/bolting.eu\/en\/shop\/camp-x-light-eisgeraet\/#local-main-organization-logo\",\"url\":\"https:\/\/bolting.eu\/wp-content\/uploads\/2019\/09\/bolting-logo.png\",\"contentUrl\":\"https:\/\/bolting.eu\/wp-content\/uploads\/2019\/09\/bolting-logo.png\",\"width\":400,\"height\":211,\"caption\":\"bolting.eu\"}]}<\/script>\n<meta property=\"og:availability\" content=\"instock\" \/>\n<meta property=\"product:availability\" content=\"instock\" \/>\n<meta property=\"product:condition\" content=\"new\" \/>\n<meta name=\"geo.placename\" content=\"Innsbruck\" \/>\n<meta name=\"geo.position\" content=\"47.264176340396226;11.380109057672346\" \/>\n<meta name=\"geo.region\" content=\"Austria\" \/>\n<!-- \/ Yoast SEO Premium plugin. -->","yoast_head_json":{"title":"CAMP X-Light Eisger\u00e4t - f\u00fcr Nordw\u00e4nde & Eisklettern | bolting.eu","description":"Camp X-Light Eisger\u00e4t beim Kletter Hardwareprofi kaufen \u2705 kostenloser Versand \u2705 14 Tage R\u00fcckgaberecht \u2705 Co2 neutrale Zustellung","robots":{"index":"index","follow":"follow","max-snippet":"max-snippet:-1","max-image-preview":"max-image-preview:large","max-video-preview":"max-video-preview:-1"},"canonical":"https:\/\/bolting.eu\/en\/shop\/camp-x-light-eisgeraet\/","og_locale":"en_US","og_type":"article","og_title":"CAMP X-Light Eisger\u00e4t","og_description":"Camp X-Light Eisger\u00e4t beim Kletter Hardwareprofi kaufen \u2705 kostenloser Versand \u2705 14 Tage R\u00fcckgaberecht \u2705 Co2 neutrale Zustellung","og_url":"https:\/\/bolting.eu\/en\/shop\/camp-x-light-eisgeraet\/","og_site_name":"bolting.eu","article_publisher":"https:\/\/www.facebook.com\/bolting.eu","article_modified_time":"2025-10-31T16:58:26+00:00","og_image":[{"width":700,"height":700,"url":"https:\/\/bolting.eu\/wp-content\/uploads\/2022\/11\/Camp-X-Light-Hammerkopf.jpg","type":"image\/jpeg"}],"twitter_card":"summary_large_image","twitter_misc":{"Availability":"In stock"},"schema":{"@context":"https:\/\/schema.org","@graph":[{"@type":["WebPage","ItemPage"],"@id":"https:\/\/bolting.eu\/en\/shop\/camp-x-light-eisgeraet\/","url":"https:\/\/bolting.eu\/en\/shop\/camp-x-light-eisgeraet\/","name":"CAMP X-Light Eisger\u00e4t - f\u00fcr Nordw\u00e4nde & Eisklettern | bolting.eu","isPartOf":{"@id":"https:\/\/bolting.eu\/en\/#website"},"primaryImageOfPage":{"@id":"https:\/\/bolting.eu\/en\/shop\/camp-x-light-eisgeraet\/#primaryimage"},"image":{"@id":"https:\/\/bolting.eu\/en\/shop\/camp-x-light-eisgeraet\/#primaryimage"},"thumbnailUrl":"https:\/\/bolting.eu\/wp-content\/uploads\/2022\/11\/Camp-X-Light-Hammerkopf.jpg","datePublished":"2022-11-29T11:05:13+00:00","dateModified":"2025-10-31T16:58:26+00:00","description":"Camp X-Light Eisger\u00e4t beim Kletter Hardwareprofi kaufen \u2705 kostenloser Versand \u2705 14 Tage R\u00fcckgaberecht \u2705 Co2 neutrale Zustellung","breadcrumb":{"@id":"https:\/\/bolting.eu\/en\/shop\/camp-x-light-eisgeraet\/#breadcrumb"},"inLanguage":"en-US","potentialAction":[{"@type":"ReadAction","target":["https:\/\/bolting.eu\/en\/shop\/camp-x-light-eisgeraet\/"]}]},{"@type":"ImageObject","inLanguage":"en-US","@id":"https:\/\/bolting.eu\/en\/shop\/camp-x-light-eisgeraet\/#primaryimage","url":"https:\/\/bolting.eu\/wp-content\/uploads\/2022\/11\/Camp-X-Light-Hammerkopf.jpg","contentUrl":"https:\/\/bolting.eu\/wp-content\/uploads\/2022\/11\/Camp-X-Light-Hammerkopf.jpg","width":700,"height":700,"caption":"Das Bild zeigt das Camp X-Light EIsger\u00e4t mit schwarzem Schaft. Am Kopf eine Haue rechts und ein Hammeraufsatz links."},{"@type":"BreadcrumbList","@id":"https:\/\/bolting.eu\/en\/shop\/camp-x-light-eisgeraet\/#breadcrumb","itemListElement":[{"@type":"ListItem","position":1,"name":"Shop","item":"https:\/\/bolting.eu\/en\/shop\/"},{"@type":"ListItem","position":2,"name":"Bergsteiger Ausr\u00fcstung","item":"https:\/\/bolting.eu\/produkt-kategorie\/bergsteiger-ausruestung\/"},{"@type":"ListItem","position":3,"name":"Eisger\u00e4te","item":"https:\/\/bolting.eu\/produkt-kategorie\/bergsteiger-ausruestung\/eisgeraete\/"},{"@type":"ListItem","position":4,"name":"CAMP X-Light Eisger\u00e4t"}]},{"@type":"WebSite","@id":"https:\/\/bolting.eu\/en\/#website","url":"https:\/\/bolting.eu\/en\/","name":"bolting.eu","description":"we make climbs happen","publisher":{"@id":"https:\/\/bolting.eu\/en\/#organization"},"potentialAction":[{"@type":"SearchAction","target":{"@type":"EntryPoint","urlTemplate":"https:\/\/bolting.eu\/en\/?s={search_term_string}"},"query-input":{"@type":"PropertyValueSpecification","valueRequired":true,"valueName":"search_term_string"}}],"inLanguage":"en-US"},{"@type":["Organization","Place","SportingGoodsStore"],"@id":"https:\/\/bolting.eu\/en\/#organization","name":"bolting.eu","url":"https:\/\/bolting.eu\/en\/","logo":{"@id":"https:\/\/bolting.eu\/en\/shop\/camp-x-light-eisgeraet\/#local-main-organization-logo"},"image":{"@id":"https:\/\/bolting.eu\/en\/shop\/camp-x-light-eisgeraet\/#local-main-organization-logo"},"sameAs":["https:\/\/www.facebook.com\/bolting.eu","https:\/\/www.instagram.com\/bolting.eu\/"],"address":{"@id":"https:\/\/bolting.eu\/en\/shop\/camp-x-light-eisgeraet\/#local-main-place-address"},"geo":{"@type":"GeoCoordinates","latitude":"47.264176340396226","longitude":"11.380109057672346"},"telephone":["+43 699 19083372"],"openingHoursSpecification":[{"@type":"OpeningHoursSpecification","dayOfWeek":["Monday","Wednesday","Friday"],"opens":"14:00","closes":"18:00"},{"@type":"OpeningHoursSpecification","dayOfWeek":["Tuesday","Thursday","Saturday","Sunday"],"opens":"00:00","closes":"00:00"}],"email":"office@bolting.eu","vatID":"ATU59999728","priceRange":"$$","currenciesAccepted":"Euro"},{"@type":"PostalAddress","@id":"https:\/\/bolting.eu\/en\/shop\/camp-x-light-eisgeraet\/#local-main-place-address","streetAddress":"Fischnalerstra\u00dfe 4","addressLocality":"Innsbruck","postalCode":"6020","addressRegion":"Tirol","addressCountry":"AT"},{"@type":"ImageObject","inLanguage":"en-US","@id":"https:\/\/bolting.eu\/en\/shop\/camp-x-light-eisgeraet\/#local-main-organization-logo","url":"https:\/\/bolting.eu\/wp-content\/uploads\/2019\/09\/bolting-logo.png","contentUrl":"https:\/\/bolting.eu\/wp-content\/uploads\/2019\/09\/bolting-logo.png","width":400,"height":211,"caption":"bolting.eu"}]},"og_availability":"instock","product_availability":"instock","product_condition":"new","geo.placename":"Innsbruck","geo.position":{"lat":"47.264176340396226","long":"11.380109057672346"},"geo.region":"Austria"},"_links":{"self":[{"href":"https:\/\/bolting.eu\/en\/wp-json\/wp\/v2\/product\/13989","targetHints":{"allow":["GET"]}}],"collection":[{"href":"https:\/\/bolting.eu\/en\/wp-json\/wp\/v2\/product"}],"about":[{"href":"https:\/\/bolting.eu\/en\/wp-json\/wp\/v2\/types\/product"}],"replies":[{"embeddable":true,"href":"https:\/\/bolting.eu\/en\/wp-json\/wp\/v2\/comments?post=13989"}],"wp:featuredmedia":[{"embeddable":true,"href":"https:\/\/bolting.eu\/en\/wp-json\/wp\/v2\/media\/13994"}],"wp:attachment":[{"href":"https:\/\/bolting.eu\/en\/wp-json\/wp\/v2\/media?parent=13989"}],"wp:term":[{"taxonomy":"product_brand","embeddable":true,"href":"https:\/\/bolting.eu\/en\/wp-json\/wp\/v2\/product_brand?post=13989"},{"taxonomy":"product_cat","embeddable":true,"href":"https:\/\/bolting.eu\/en\/wp-json\/wp\/v2\/product_cat?post=13989"},{"taxonomy":"product_tag","embeddable":true,"href":"https:\/\/bolting.eu\/en\/wp-json\/wp\/v2\/product_tag?post=13989"}],"curies":[{"name":"wp","href":"https:\/\/api.w.org\/{rel}","templated":true}]}}