{"id":13968,"date":"2022-11-24T10:34:47","date_gmt":"2022-11-24T09:34:47","guid":{"rendered":"https:\/\/bolting.eu\/?post_type=product&#038;p=13968"},"modified":"2023-12-13T10:51:38","modified_gmt":"2023-12-13T09:51:38","slug":"grivel-tech-machine","status":"publish","type":"product","link":"https:\/\/bolting.eu\/en\/shop\/grivel-tech-machine\/","title":{"rendered":"Grivel Tech Machine"},"content":{"rendered":"<p>Das Grivel Tech Machine ist ein Modell f\u00fcr steiles Eis und Dry Tooling. Das liegt speziell an der Form des Eisger\u00e4tes. Denn die prominente Kr\u00fcmmung des Schaft bzw. der schr\u00e4ge Griff, erlauben das Klettern in sehr steilem Gel\u00e4nde.<\/p>\n<p>Wie viele Grivel Ger\u00e4te, ist auch dieses mit dem Vario System versehen. D.h. man kann sehr viele unterschiedliche Hauen und Aufs\u00e4tze verwenden.<\/p>\n<p>Die Tech Machine weist dar\u00fcber hinaus die gesch\u00e4tzten Grivel Features auf. Erstens ein enorm belastbarer Alu Schaft. Zweitens die ergonomischen Griffe. Und drittens das sehr gute Aushol &#8211; Einschlag Verh\u00e4ltnis.<\/p>\n<p>Wenig \u00fcberraschend ist es dieses Modell \u2013 wie ultraleichte\u00a0<a href=\"https:\/\/bolting.eu\/produkt-kategorie\/bergsteiger-ausruestung\/eisschrauben\/\">Eisschrauben<\/a>\u00a0und passende\u00a0<a href=\"https:\/\/bolting.eu\/produkt-kategorie\/bergsteiger-ausruestung\/steigeisen\/\">Steigeisen<\/a> \u2013 deshalb die 1. Wahl f\u00fcr viele Eiskletterer bei schweren Routen.<\/p>\n<h2>Eigenschaften Grivel Tech Machine<\/h2>\n<ul>\n<li>Hersteller:\u00a0<a href=\"https:\/\/bolting.eu\/produkt-kategorie\/grivel\/\">Grivel<\/a><\/li>\n<li>Material: Chrom Stahl, Alu, Carbon Kunststoff<\/li>\n<li>Gewicht: 635 Gramm<\/li>\n<li>L\u00e4nge: 49cm<\/li>\n<li>Norm: EN 13089, UIAA 152<\/li>\n<li>vorinstallierte Klinge: Ice (hei\u00df geschmiedet)<\/li>\n<li>vorinstalliertes \u201eBlindst\u00fcck\u201c: Simple Vario<\/li>\n<li>Eisger\u00e4t f\u00fcr steile Routen und Dry Tooling<\/li>\n<li>Grivel Vario System \u2013 viele Klingen und Aufs\u00e4tze verf\u00fcgbar<\/li>\n<li>etwas h\u00f6heres Gewicht \u2013 f\u00fcr kr\u00e4ftiges Einschlagen<\/li>\n<li>optionale Aufs\u00e4tze erh\u00e4ltlich: Mini Hammer Vario oder Adze Vario<\/li>\n<li><a href=\"https:\/\/cdn.shopify.com\/s\/files\/1\/0030\/4044\/4451\/files\/IS_IceAxeGeneral_A.pdf?v=1623766895\" target=\"_blank\" rel=\"noopener\">allg. Bedienungsanleitung<\/a><\/li>\n<\/ul>\n<h3>Mehr Gewicht f\u00fcr mehr &#8220;Wumms&#8221;<\/h3>\n<p>Eines f\u00e4llt bei der Tech Machine gleich auf. Dieses Eisger\u00e4t ist deutlich schwerer als Modelle wie <a href=\"https:\/\/bolting.eu\/shop\/grivel-north-machine\/\">North Machine<\/a> oder <a href=\"https:\/\/bolting.eu\/shop\/grivel-north-machine-carbon\/\">North Machine Carbon<\/a>.<\/p>\n<p>Das ist zum einen dem zus\u00e4tzlichen Griff geschuldet. Und zum anderen der hei\u00df geschmiedeten &#8220;Ice&#8221; Haue. Dadurch bekommt der Kopf mehr Masse und deutlich mehr &#8220;Wumms&#8221;. Soll hei\u00dfen. Man muss etwas kr\u00e4ftiger ausholen, kann dann aber tiefer ins Eis eindringen.<\/p>\n<p>Somit wenigere, aber pr\u00e4zisere Schl\u00e4ge.<\/p>\n<figure id=\"attachment_13973\" aria-describedby=\"caption-attachment-13973\" style=\"width: 800px\" class=\"wp-caption alignnone\"><a href=\"https:\/\/bolting.eu\/wp-content\/uploads\/2022\/11\/Grivel-Tech-Machine-1.jpg\"><img loading=\"lazy\" decoding=\"async\" class=\"wp-image-13973 size-full\" src=\"https:\/\/bolting.eu\/wp-content\/uploads\/2022\/11\/Grivel-Tech-Machine-1.jpg\" alt=\"Das Bild zeigt einen Eiskletterer von oben in einem Eisschlauch mit gelber Jacke und gelben Eisger\u00e4ten.\" width=\"800\" height=\"533\" srcset=\"https:\/\/bolting.eu\/wp-content\/uploads\/2022\/11\/Grivel-Tech-Machine-1.jpg 800w, https:\/\/bolting.eu\/wp-content\/uploads\/2022\/11\/Grivel-Tech-Machine-1-510x340.jpg 510w, https:\/\/bolting.eu\/wp-content\/uploads\/2022\/11\/Grivel-Tech-Machine-1-600x400.jpg 600w, https:\/\/bolting.eu\/wp-content\/uploads\/2022\/11\/Grivel-Tech-Machine-1-768x512.jpg 768w\" sizes=\"auto, (max-width: 800px) 100vw, 800px\" \/><\/a><figcaption id=\"caption-attachment-13973\" class=\"wp-caption-text\">Dieses Modell ist perfekt f\u00fcr steile Eis Routen.<\/figcaption><\/figure>\n<h3>Vario System<\/h3>\n<p>Die Grivel Tech Machine ist dank des Vario Systems voll mit allen Hauen und Aufs\u00e4tzen kompatibel.<\/p>\n<p>Somit kann man das Eisger\u00e4t je nach Bedingungen bzw. zu erwartenden Terrains modular ausstatten. Wie z.B. mit der Dry Haue f\u00fcr das Dry Tooling. Oder dem Hammer Vario, wenn man eventuell sogar <a href=\"https:\/\/bolting.eu\/produkt-kategorie\/einbohrartikel\/felshaken-normalhaken\/\">Felshaken<\/a> schlagen muss.<\/p>\n<figure id=\"attachment_13972\" aria-describedby=\"caption-attachment-13972\" style=\"width: 800px\" class=\"wp-caption alignnone\"><a href=\"https:\/\/bolting.eu\/wp-content\/uploads\/2022\/11\/Grivel-Tech-Machine-2.jpg\"><img loading=\"lazy\" decoding=\"async\" class=\"wp-image-13972 size-full\" src=\"https:\/\/bolting.eu\/wp-content\/uploads\/2022\/11\/Grivel-Tech-Machine-2.jpg\" alt=\"Das Bild zeigt einen Kletterer mit roter Jacke und dem Grivel Tech Machine Eisger\u00e4t in einer \u00fcberh\u00e4ngenden Dry Tooling Route.\" width=\"800\" height=\"533\" srcset=\"https:\/\/bolting.eu\/wp-content\/uploads\/2022\/11\/Grivel-Tech-Machine-2.jpg 800w, https:\/\/bolting.eu\/wp-content\/uploads\/2022\/11\/Grivel-Tech-Machine-2-510x340.jpg 510w, https:\/\/bolting.eu\/wp-content\/uploads\/2022\/11\/Grivel-Tech-Machine-2-600x400.jpg 600w, https:\/\/bolting.eu\/wp-content\/uploads\/2022\/11\/Grivel-Tech-Machine-2-768x512.jpg 768w\" sizes=\"auto, (max-width: 800px) 100vw, 800px\" \/><\/a><figcaption id=\"caption-attachment-13972\" class=\"wp-caption-text\">Dank des Vario Systems kann man das Tech Machine z.B. mit der Dry Haue sofort f\u00fcr das Dry Tooling &#8220;umbauen&#8221;.<\/figcaption><\/figure>\n","protected":false},"excerpt":{"rendered":"<p>Top Eiskletter und Dry Tooling Ger\u00e4t von Grivel.<\/p>\n<p>Der gebogene Schaft und schr\u00e4ge Griff machen das Modell ideal f\u00fcr steile und schwere Routen. Dank des Vario Systems viele unterschiedliche Hauen und Aufs\u00e4tze verf\u00fcgbar.<\/p>\n<p>Versandkostenfrei bis 2kg in\u00a0<img decoding=\"async\" class=\"emoji\" role=\"img\" draggable=\"false\" src=\"https:\/\/s.w.org\/images\/core\/emoji\/13.1.0\/svg\/1f1e6-1f1f9.svg\" alt=\"\ud83c\udde6\ud83c\uddf9\" \/>\u00a0ab \u20ac 100,- und\u00a0<img decoding=\"async\" class=\"emoji\" role=\"img\" draggable=\"false\" src=\"https:\/\/s.w.org\/images\/core\/emoji\/13.1.0\/svg\/1f1e9-1f1ea.svg\" alt=\"\ud83c\udde9\ud83c\uddea\" \/>\u00a0ab \u20ac 200,-!<\/p>\n","protected":false},"featured_media":13971,"comment_status":"closed","ping_status":"closed","template":"","meta":[],"product_brand":[],"product_cat":[4667,13938,14282],"product_tag":[],"class_list":{"0":"post-13968","1":"product","2":"type-product","3":"status-publish","4":"has-post-thumbnail","6":"product_cat-grivel","7":"product_cat-bergsteiger-ausruestung","8":"product_cat-eisgeraete","10":"first","11":"instock","12":"sale","13":"taxable","14":"shipping-taxable","15":"purchasable","16":"product-type-simple"},"yoast_head":"<!-- This site is optimized with the Yoast SEO Premium plugin v26.9 (Yoast SEO v26.9) - https:\/\/yoast.com\/product\/yoast-seo-premium-wordpress\/ -->\n<title>Grivel Tech Machine Eisger\u00e4t - Eisklettern &amp; Dry Tooling | bolting.eu<\/title>\n<meta name=\"description\" content=\"GRIVEL TECH MACHINE beim Kletterprofi aus Innsbruck kaufen \u2705 kostenloser Versand* \u2705 14 Tage R\u00fcckgaberecht \u2705 Co2 neutrale Zustellung\" \/>\n<meta name=\"robots\" content=\"index, follow, max-snippet:-1, max-image-preview:large, max-video-preview:-1\" \/>\n<link rel=\"canonical\" href=\"https:\/\/bolting.eu\/en\/shop\/grivel-tech-machine\/\" \/>\n<meta property=\"og:locale\" content=\"en_US\" \/>\n<meta property=\"og:type\" content=\"article\" \/>\n<meta property=\"og:title\" content=\"Grivel Tech Machine\" \/>\n<meta property=\"og:description\" content=\"GRIVEL TECH MACHINE beim Kletterprofi aus Innsbruck kaufen \u2705 kostenloser Versand* \u2705 14 Tage R\u00fcckgaberecht \u2705 Co2 neutrale Zustellung\" \/>\n<meta property=\"og:url\" content=\"https:\/\/bolting.eu\/en\/shop\/grivel-tech-machine\/\" \/>\n<meta property=\"og:site_name\" content=\"bolting.eu\" \/>\n<meta property=\"article:publisher\" content=\"https:\/\/www.facebook.com\/bolting.eu\" \/>\n<meta property=\"article:modified_time\" content=\"2023-12-13T09:51:38+00:00\" \/>\n<meta property=\"og:image\" content=\"https:\/\/bolting.eu\/wp-content\/uploads\/2022\/11\/Grivel-Tech-Machine-3.jpg\" \/>\n\t<meta property=\"og:image:width\" content=\"700\" \/>\n\t<meta property=\"og:image:height\" content=\"700\" \/>\n\t<meta property=\"og:image:type\" content=\"image\/jpeg\" \/>\n<meta name=\"twitter:card\" content=\"summary_large_image\" \/>\n<meta name=\"twitter:label1\" content=\"Price\" \/>\n\t<meta name=\"twitter:data1\" content=\"&euro;&nbsp;245,00\" \/>\n\t<meta name=\"twitter:label2\" content=\"Availability\" \/>\n\t<meta name=\"twitter:data2\" content=\"In stock\" \/>\n<script type=\"application\/ld+json\" class=\"yoast-schema-graph\">{\"@context\":\"https:\/\/schema.org\",\"@graph\":[{\"@type\":[\"WebPage\",\"ItemPage\"],\"@id\":\"https:\/\/bolting.eu\/en\/shop\/grivel-tech-machine\/\",\"url\":\"https:\/\/bolting.eu\/en\/shop\/grivel-tech-machine\/\",\"name\":\"Grivel Tech Machine Eisger\u00e4t - Eisklettern & Dry Tooling | bolting.eu\",\"isPartOf\":{\"@id\":\"https:\/\/bolting.eu\/en\/#website\"},\"primaryImageOfPage\":{\"@id\":\"https:\/\/bolting.eu\/en\/shop\/grivel-tech-machine\/#primaryimage\"},\"image\":{\"@id\":\"https:\/\/bolting.eu\/en\/shop\/grivel-tech-machine\/#primaryimage\"},\"thumbnailUrl\":\"https:\/\/bolting.eu\/wp-content\/uploads\/2022\/11\/Grivel-Tech-Machine-3.jpg\",\"datePublished\":\"2022-11-24T09:34:47+00:00\",\"dateModified\":\"2023-12-13T09:51:38+00:00\",\"description\":\"GRIVEL TECH MACHINE beim Kletterprofi aus Innsbruck kaufen \u2705 kostenloser Versand* \u2705 14 Tage R\u00fcckgaberecht \u2705 Co2 neutrale Zustellung\",\"breadcrumb\":{\"@id\":\"https:\/\/bolting.eu\/en\/shop\/grivel-tech-machine\/#breadcrumb\"},\"inLanguage\":\"en-US\",\"potentialAction\":[{\"@type\":\"ReadAction\",\"target\":[\"https:\/\/bolting.eu\/en\/shop\/grivel-tech-machine\/\"]}]},{\"@type\":\"ImageObject\",\"inLanguage\":\"en-US\",\"@id\":\"https:\/\/bolting.eu\/en\/shop\/grivel-tech-machine\/#primaryimage\",\"url\":\"https:\/\/bolting.eu\/wp-content\/uploads\/2022\/11\/Grivel-Tech-Machine-3.jpg\",\"contentUrl\":\"https:\/\/bolting.eu\/wp-content\/uploads\/2022\/11\/Grivel-Tech-Machine-3.jpg\",\"width\":700,\"height\":700,\"caption\":\"Das Bild zeigt das schwarz Gelbe Grivel Tech Machine Eisger\u00e4t aufrecht in einem wei\u00dfem Quadrat.\"},{\"@type\":\"BreadcrumbList\",\"@id\":\"https:\/\/bolting.eu\/en\/shop\/grivel-tech-machine\/#breadcrumb\",\"itemListElement\":[{\"@type\":\"ListItem\",\"position\":1,\"name\":\"Shop\",\"item\":\"https:\/\/bolting.eu\/en\/shop\/\"},{\"@type\":\"ListItem\",\"position\":2,\"name\":\"Bergsteiger Ausr\u00fcstung\",\"item\":\"https:\/\/bolting.eu\/produkt-kategorie\/bergsteiger-ausruestung\/\"},{\"@type\":\"ListItem\",\"position\":3,\"name\":\"Eisger\u00e4te\",\"item\":\"https:\/\/bolting.eu\/produkt-kategorie\/bergsteiger-ausruestung\/eisgeraete\/\"},{\"@type\":\"ListItem\",\"position\":4,\"name\":\"Grivel Tech Machine\"}]},{\"@type\":\"WebSite\",\"@id\":\"https:\/\/bolting.eu\/en\/#website\",\"url\":\"https:\/\/bolting.eu\/en\/\",\"name\":\"bolting.eu\",\"description\":\"we make climbs happen\",\"publisher\":{\"@id\":\"https:\/\/bolting.eu\/en\/#organization\"},\"potentialAction\":[{\"@type\":\"SearchAction\",\"target\":{\"@type\":\"EntryPoint\",\"urlTemplate\":\"https:\/\/bolting.eu\/en\/?s={search_term_string}\"},\"query-input\":{\"@type\":\"PropertyValueSpecification\",\"valueRequired\":true,\"valueName\":\"search_term_string\"}}],\"inLanguage\":\"en-US\"},{\"@type\":[\"Organization\",\"Place\",\"SportingGoodsStore\"],\"@id\":\"https:\/\/bolting.eu\/en\/#organization\",\"name\":\"bolting.eu\",\"url\":\"https:\/\/bolting.eu\/en\/\",\"logo\":{\"@id\":\"https:\/\/bolting.eu\/en\/shop\/grivel-tech-machine\/#local-main-organization-logo\"},\"image\":{\"@id\":\"https:\/\/bolting.eu\/en\/shop\/grivel-tech-machine\/#local-main-organization-logo\"},\"sameAs\":[\"https:\/\/www.facebook.com\/bolting.eu\",\"https:\/\/www.instagram.com\/bolting.eu\/\"],\"address\":{\"@id\":\"https:\/\/bolting.eu\/en\/shop\/grivel-tech-machine\/#local-main-place-address\"},\"geo\":{\"@type\":\"GeoCoordinates\",\"latitude\":\"47.264176340396226\",\"longitude\":\"11.380109057672346\"},\"telephone\":[\"+43 699 19083372\"],\"openingHoursSpecification\":[{\"@type\":\"OpeningHoursSpecification\",\"dayOfWeek\":[\"Monday\",\"Wednesday\",\"Friday\"],\"opens\":\"14:00\",\"closes\":\"18:00\"},{\"@type\":\"OpeningHoursSpecification\",\"dayOfWeek\":[\"Tuesday\",\"Thursday\",\"Saturday\",\"Sunday\"],\"opens\":\"00:00\",\"closes\":\"00:00\"}],\"email\":\"office@bolting.eu\",\"vatID\":\"ATU59999728\",\"priceRange\":\"$$\",\"currenciesAccepted\":\"Euro\"},{\"@type\":\"PostalAddress\",\"@id\":\"https:\/\/bolting.eu\/en\/shop\/grivel-tech-machine\/#local-main-place-address\",\"streetAddress\":\"Fischnalerstra\u00dfe 4\",\"addressLocality\":\"Innsbruck\",\"postalCode\":\"6020\",\"addressRegion\":\"Tirol\",\"addressCountry\":\"AT\"},{\"@type\":\"ImageObject\",\"inLanguage\":\"en-US\",\"@id\":\"https:\/\/bolting.eu\/en\/shop\/grivel-tech-machine\/#local-main-organization-logo\",\"url\":\"https:\/\/bolting.eu\/wp-content\/uploads\/2019\/09\/bolting-logo.png\",\"contentUrl\":\"https:\/\/bolting.eu\/wp-content\/uploads\/2019\/09\/bolting-logo.png\",\"width\":400,\"height\":211,\"caption\":\"bolting.eu\"}]}<\/script>\n<meta property=\"product:price:amount\" content=\"245.00\" \/>\n<meta property=\"product:price:currency\" content=\"EUR\" \/>\n<meta property=\"og:availability\" content=\"instock\" \/>\n<meta property=\"product:availability\" content=\"instock\" \/>\n<meta property=\"product:retailer_item_id\" content=\"PIMACTEC.ISV\" \/>\n<meta property=\"product:condition\" content=\"new\" \/>\n<meta name=\"geo.placename\" content=\"Innsbruck\" \/>\n<meta name=\"geo.position\" content=\"47.264176340396226;11.380109057672346\" \/>\n<meta name=\"geo.region\" content=\"Austria\" \/>\n<!-- \/ Yoast SEO Premium plugin. -->","yoast_head_json":{"title":"Grivel Tech Machine Eisger\u00e4t - Eisklettern & Dry Tooling | bolting.eu","description":"GRIVEL TECH MACHINE beim Kletterprofi aus Innsbruck kaufen \u2705 kostenloser Versand* \u2705 14 Tage R\u00fcckgaberecht \u2705 Co2 neutrale Zustellung","robots":{"index":"index","follow":"follow","max-snippet":"max-snippet:-1","max-image-preview":"max-image-preview:large","max-video-preview":"max-video-preview:-1"},"canonical":"https:\/\/bolting.eu\/en\/shop\/grivel-tech-machine\/","og_locale":"en_US","og_type":"article","og_title":"Grivel Tech Machine","og_description":"GRIVEL TECH MACHINE beim Kletterprofi aus Innsbruck kaufen \u2705 kostenloser Versand* \u2705 14 Tage R\u00fcckgaberecht \u2705 Co2 neutrale Zustellung","og_url":"https:\/\/bolting.eu\/en\/shop\/grivel-tech-machine\/","og_site_name":"bolting.eu","article_publisher":"https:\/\/www.facebook.com\/bolting.eu","article_modified_time":"2023-12-13T09:51:38+00:00","og_image":[{"width":700,"height":700,"url":"https:\/\/bolting.eu\/wp-content\/uploads\/2022\/11\/Grivel-Tech-Machine-3.jpg","type":"image\/jpeg"}],"twitter_card":"summary_large_image","twitter_misc":{"Price":"&euro;&nbsp;245,00","Availability":"In stock"},"schema":{"@context":"https:\/\/schema.org","@graph":[{"@type":["WebPage","ItemPage"],"@id":"https:\/\/bolting.eu\/en\/shop\/grivel-tech-machine\/","url":"https:\/\/bolting.eu\/en\/shop\/grivel-tech-machine\/","name":"Grivel Tech Machine Eisger\u00e4t - Eisklettern & Dry Tooling | bolting.eu","isPartOf":{"@id":"https:\/\/bolting.eu\/en\/#website"},"primaryImageOfPage":{"@id":"https:\/\/bolting.eu\/en\/shop\/grivel-tech-machine\/#primaryimage"},"image":{"@id":"https:\/\/bolting.eu\/en\/shop\/grivel-tech-machine\/#primaryimage"},"thumbnailUrl":"https:\/\/bolting.eu\/wp-content\/uploads\/2022\/11\/Grivel-Tech-Machine-3.jpg","datePublished":"2022-11-24T09:34:47+00:00","dateModified":"2023-12-13T09:51:38+00:00","description":"GRIVEL TECH MACHINE beim Kletterprofi aus Innsbruck kaufen \u2705 kostenloser Versand* \u2705 14 Tage R\u00fcckgaberecht \u2705 Co2 neutrale Zustellung","breadcrumb":{"@id":"https:\/\/bolting.eu\/en\/shop\/grivel-tech-machine\/#breadcrumb"},"inLanguage":"en-US","potentialAction":[{"@type":"ReadAction","target":["https:\/\/bolting.eu\/en\/shop\/grivel-tech-machine\/"]}]},{"@type":"ImageObject","inLanguage":"en-US","@id":"https:\/\/bolting.eu\/en\/shop\/grivel-tech-machine\/#primaryimage","url":"https:\/\/bolting.eu\/wp-content\/uploads\/2022\/11\/Grivel-Tech-Machine-3.jpg","contentUrl":"https:\/\/bolting.eu\/wp-content\/uploads\/2022\/11\/Grivel-Tech-Machine-3.jpg","width":700,"height":700,"caption":"Das Bild zeigt das schwarz Gelbe Grivel Tech Machine Eisger\u00e4t aufrecht in einem wei\u00dfem Quadrat."},{"@type":"BreadcrumbList","@id":"https:\/\/bolting.eu\/en\/shop\/grivel-tech-machine\/#breadcrumb","itemListElement":[{"@type":"ListItem","position":1,"name":"Shop","item":"https:\/\/bolting.eu\/en\/shop\/"},{"@type":"ListItem","position":2,"name":"Bergsteiger Ausr\u00fcstung","item":"https:\/\/bolting.eu\/produkt-kategorie\/bergsteiger-ausruestung\/"},{"@type":"ListItem","position":3,"name":"Eisger\u00e4te","item":"https:\/\/bolting.eu\/produkt-kategorie\/bergsteiger-ausruestung\/eisgeraete\/"},{"@type":"ListItem","position":4,"name":"Grivel Tech Machine"}]},{"@type":"WebSite","@id":"https:\/\/bolting.eu\/en\/#website","url":"https:\/\/bolting.eu\/en\/","name":"bolting.eu","description":"we make climbs happen","publisher":{"@id":"https:\/\/bolting.eu\/en\/#organization"},"potentialAction":[{"@type":"SearchAction","target":{"@type":"EntryPoint","urlTemplate":"https:\/\/bolting.eu\/en\/?s={search_term_string}"},"query-input":{"@type":"PropertyValueSpecification","valueRequired":true,"valueName":"search_term_string"}}],"inLanguage":"en-US"},{"@type":["Organization","Place","SportingGoodsStore"],"@id":"https:\/\/bolting.eu\/en\/#organization","name":"bolting.eu","url":"https:\/\/bolting.eu\/en\/","logo":{"@id":"https:\/\/bolting.eu\/en\/shop\/grivel-tech-machine\/#local-main-organization-logo"},"image":{"@id":"https:\/\/bolting.eu\/en\/shop\/grivel-tech-machine\/#local-main-organization-logo"},"sameAs":["https:\/\/www.facebook.com\/bolting.eu","https:\/\/www.instagram.com\/bolting.eu\/"],"address":{"@id":"https:\/\/bolting.eu\/en\/shop\/grivel-tech-machine\/#local-main-place-address"},"geo":{"@type":"GeoCoordinates","latitude":"47.264176340396226","longitude":"11.380109057672346"},"telephone":["+43 699 19083372"],"openingHoursSpecification":[{"@type":"OpeningHoursSpecification","dayOfWeek":["Monday","Wednesday","Friday"],"opens":"14:00","closes":"18:00"},{"@type":"OpeningHoursSpecification","dayOfWeek":["Tuesday","Thursday","Saturday","Sunday"],"opens":"00:00","closes":"00:00"}],"email":"office@bolting.eu","vatID":"ATU59999728","priceRange":"$$","currenciesAccepted":"Euro"},{"@type":"PostalAddress","@id":"https:\/\/bolting.eu\/en\/shop\/grivel-tech-machine\/#local-main-place-address","streetAddress":"Fischnalerstra\u00dfe 4","addressLocality":"Innsbruck","postalCode":"6020","addressRegion":"Tirol","addressCountry":"AT"},{"@type":"ImageObject","inLanguage":"en-US","@id":"https:\/\/bolting.eu\/en\/shop\/grivel-tech-machine\/#local-main-organization-logo","url":"https:\/\/bolting.eu\/wp-content\/uploads\/2019\/09\/bolting-logo.png","contentUrl":"https:\/\/bolting.eu\/wp-content\/uploads\/2019\/09\/bolting-logo.png","width":400,"height":211,"caption":"bolting.eu"}]},"product_price_amount":"245.00","product_price_currency":"EUR","og_availability":"instock","product_availability":"instock","product_retailer_item_id":"PIMACTEC.ISV","product_condition":"new","geo.placename":"Innsbruck","geo.position":{"lat":"47.264176340396226","long":"11.380109057672346"},"geo.region":"Austria"},"_links":{"self":[{"href":"https:\/\/bolting.eu\/en\/wp-json\/wp\/v2\/product\/13968","targetHints":{"allow":["GET"]}}],"collection":[{"href":"https:\/\/bolting.eu\/en\/wp-json\/wp\/v2\/product"}],"about":[{"href":"https:\/\/bolting.eu\/en\/wp-json\/wp\/v2\/types\/product"}],"replies":[{"embeddable":true,"href":"https:\/\/bolting.eu\/en\/wp-json\/wp\/v2\/comments?post=13968"}],"wp:featuredmedia":[{"embeddable":true,"href":"https:\/\/bolting.eu\/en\/wp-json\/wp\/v2\/media\/13971"}],"wp:attachment":[{"href":"https:\/\/bolting.eu\/en\/wp-json\/wp\/v2\/media?parent=13968"}],"wp:term":[{"taxonomy":"product_brand","embeddable":true,"href":"https:\/\/bolting.eu\/en\/wp-json\/wp\/v2\/product_brand?post=13968"},{"taxonomy":"product_cat","embeddable":true,"href":"https:\/\/bolting.eu\/en\/wp-json\/wp\/v2\/product_cat?post=13968"},{"taxonomy":"product_tag","embeddable":true,"href":"https:\/\/bolting.eu\/en\/wp-json\/wp\/v2\/product_tag?post=13968"}],"curies":[{"name":"wp","href":"https:\/\/api.w.org\/{rel}","templated":true}]}}