{"id":13948,"date":"2022-11-22T17:47:30","date_gmt":"2022-11-22T16:47:30","guid":{"rendered":"https:\/\/bolting.eu\/?post_type=product&#038;p=13948"},"modified":"2023-12-13T10:47:26","modified_gmt":"2023-12-13T09:47:26","slug":"grivel-north-machine","status":"publish","type":"product","link":"https:\/\/bolting.eu\/en\/shop\/grivel-north-machine\/","title":{"rendered":"Grivel North Machine"},"content":{"rendered":"<p>Das Grivel North Machine ist ein <a href=\"https:\/\/bolting.eu\/produkt-kategorie\/bergsteiger-ausruestung\/eisgeraete\/\">Eisger\u00e4t<\/a> f\u00fcr Alpinisten. Es kann dank des Vario System mit verschiedenen Klingen bzw. Aufs\u00e4tzen best\u00fcckt werden. Somit ist dieses Modell f\u00fcr alle Spielarten des modernen Alpinismus geeignet.<\/p>\n<p>Egal ob WI 7, Nordw\u00e4nde mit Mixed Gel\u00e4nde oder schwierige Couloirs. Das leichte Eisger\u00e4t bietet dank der leichten Doppelkr\u00fcmmung einen perfekten Begleiter in vielen Terrains.<\/p>\n<p>Neben steilem Eis kann man es auch sehr gut im &#8220;Stapfgel\u00e4nde&#8221; oder in Firnrinnen einsetzen.<\/p>\n<p>Der G-Bone Schaft aus Alu hat eine L\u00e4ngsrille. Diese verleiht dem Ger\u00e4t eine gro\u00dfe Widerstandskraft bzw. Schock Absorbierung bei sehr d\u00fcnnem Durchmesser.<\/p>\n<p>Der Kunststoffgriff f\u00fchlt sich sehr angenehm an und endet in einem stimmigen Griffaufsatz. Wird gerne zusammen mit dem <a href=\"https:\/\/bolting.eu\/shop\/grivel-g14-steigeisen\/\">G14 Steigeisen<\/a> und leichten <a href=\"https:\/\/bolting.eu\/produkt-kategorie\/bergsteiger-ausruestung\/eisschrauben\/\">Eisschrauben<\/a> gekauft!<\/p>\n<h2>Eigenschaften Grivel North Machine<\/h2>\n<ul>\n<li>Hersteller: <a href=\"https:\/\/bolting.eu\/produkt-kategorie\/grivel\/\">Grivel<\/a><\/li>\n<li>Material: Chrom Stahl, Alu, Kunststoff<\/li>\n<li>Gewicht: 515 Gramm &#8211; UIAA 152<\/li>\n<li>L\u00e4nge: 47cm<\/li>\n<li>Norm: EN 13089<\/li>\n<li>vorinstallierte Klinge: Total Ice (Laser Cut)<\/li>\n<li>vorinstalliertes &#8220;Blindst\u00fcck&#8221;: Simple Vario<\/li>\n<li>ideales, leichtes Allround Ger\u00e4t f\u00fcr modernen Alpinismus<\/li>\n<li>Grivel Vario System &#8211; viele Klingen und Aufs\u00e4tze verf\u00fcgbar<\/li>\n<li>f\u00fcr Eisklettern &#8211; N\u00f6rdw\u00e4nde &#8211; Mixed Routen<\/li>\n<li>sehr gutes Gewicht &#8211; Impakt Verh\u00e4ltnis beim Schlagen<\/li>\n<li>geringes Gewicht erleichtert unz\u00e4hlige Schl\u00e4ge bei langen Routen<\/li>\n<li>optionale Aufs\u00e4tze erh\u00e4ltlich: Mini Hammer Vario oder Adze Vario<\/li>\n<li><a href=\"https:\/\/cdn.shopify.com\/s\/files\/1\/0030\/4044\/4451\/files\/IS_IceAxeGeneral_A.pdf?v=1623766895\" target=\"_blank\" rel=\"noopener\">allg. Bedienungsanleitung<\/a><\/li>\n<\/ul>\n<h3>Perfekter Allrounder<\/h3>\n<p>Spitzenalpinist Boris Lorencic aus Slowenien bringt es auf den Punkt.<\/p>\n<p><em>&#8220;Das Grivel North Machine ist ein au\u00dfergew\u00f6hnliches Eisger\u00e4t. Ich benutze es haupts\u00e4chlich f\u00fcr den Winter Alpinismus. Denn es ist sehr gut ausbalanciert und findet seinen Weg fast von alleine ins Eis. Weil es sehr leicht ist, kann ich es f\u00fcr sehr lange Routen und unz\u00e4hlige Schl\u00e4ge verwenden.<\/em><\/p>\n<p><em>Die hei\u00df geschmiedete Klingen Ice Vario und Alpine Vario sind die vertrauensw\u00fcrdigsten f\u00fcr hartes Mixed Gel\u00e4nde die ich kenne. Ein echtes &#8220;Do it all!&#8221; Spielzeug!&#8221;<\/em><\/p>\n<figure id=\"attachment_13949\" aria-describedby=\"caption-attachment-13949\" style=\"width: 800px\" class=\"wp-caption alignnone\"><a href=\"https:\/\/bolting.eu\/wp-content\/uploads\/2022\/11\/Grivel-North-Machine-5.jpg\"><img loading=\"lazy\" decoding=\"async\" class=\"wp-image-13949 size-full\" src=\"https:\/\/bolting.eu\/wp-content\/uploads\/2022\/11\/Grivel-North-Machine-5.jpg\" alt=\"Das Bild zeigt einen Alpinisten in einer eisigen Nordwand mit dem Grivel North Machine Eisger\u00e4t beim Klettern.\" width=\"800\" height=\"522\" srcset=\"https:\/\/bolting.eu\/wp-content\/uploads\/2022\/11\/Grivel-North-Machine-5.jpg 800w, https:\/\/bolting.eu\/wp-content\/uploads\/2022\/11\/Grivel-North-Machine-5-510x333.jpg 510w, https:\/\/bolting.eu\/wp-content\/uploads\/2022\/11\/Grivel-North-Machine-5-613x400.jpg 613w, https:\/\/bolting.eu\/wp-content\/uploads\/2022\/11\/Grivel-North-Machine-5-768x501.jpg 768w, https:\/\/bolting.eu\/wp-content\/uploads\/2022\/11\/Grivel-North-Machine-5-600x392.jpg 600w\" sizes=\"auto, (max-width: 800px) 100vw, 800px\" \/><\/a><figcaption id=\"caption-attachment-13949\" class=\"wp-caption-text\">Ein tolles Allround Modell f\u00fcr den modernen Alpinismus, wie hier an der Annapurna. Foto: grivel.com<\/figcaption><\/figure>\n<h3>Leicht bei guter Einschlag Leistung<\/h3>\n<p>Viele Alpinisten sch\u00e4tzen die sehr gute Einschlag Leistung der Grivel North Machine. Denn f\u00fcr das verh\u00e4ltnism\u00e4\u00dfig geringe Gewicht dringen die Klingen \u00fcberraschend schnell und tief ein.<\/p>\n<p>Dieses optimale Schlag &#8211; Impakt Verh\u00e4ltnis ist sicher einer der Gr\u00fcnde f\u00fcr die Beliebtheit dieses Modells. Es macht dieses Eisger\u00e4t auch ideal f\u00fcr den Allround Gebrauch und die Verwendung in langen, schweren Routen.<\/p>\n<h3>Grivel North Machine = Vario System<\/h3>\n<p>Dieses Eisger\u00e4t ist zur G\u00e4nze mit dem Vario System kompatibel.<\/p>\n<p>D.h. alle aktuellen Aufs\u00e4tze von Grivel k\u00f6nnen f\u00fcr dieses Produkt verwendet werden. Das sind zum einen viele spezifische Klingen f\u00fcr Eis, Mixed oder Schneegel\u00e4nde. Und zum anderen viele Aufs\u00e4tze wie Schaufeln, H\u00e4mmer, Blindst\u00fccke bzw. auch Griffaufs\u00e4tze.<\/p>\n<p>Die modularen Konfigurationsm\u00f6glichkeiten er\u00f6ffnen euch somit eine riesige Bandbreite an Aktivit\u00e4ten mit nur einem Ger\u00e4t!<\/p>\n","protected":false},"excerpt":{"rendered":"<p>Ein leichtes Allround Eisger\u00e4t f\u00fcr Eisklettern, Alpinismus und technisches Bergsteigen.<\/p>\n<p>Das modulare Vario System mit vielen unterschiedlichen Klingen bietet Adaptionsm\u00f6glichkeiten f\u00fcr alle Bedingungen. Ein absolutes Top Allround Ger\u00e4t!<\/p>\n<p>Versandkostenfrei bis 2kg in\u00a0<img decoding=\"async\" class=\"emoji\" role=\"img\" draggable=\"false\" src=\"https:\/\/s.w.org\/images\/core\/emoji\/13.1.0\/svg\/1f1e6-1f1f9.svg\" alt=\"\ud83c\udde6\ud83c\uddf9\" \/>\u00a0ab \u20ac 100,- und\u00a0<img decoding=\"async\" class=\"emoji\" role=\"img\" draggable=\"false\" src=\"https:\/\/s.w.org\/images\/core\/emoji\/13.1.0\/svg\/1f1e9-1f1ea.svg\" alt=\"\ud83c\udde9\ud83c\uddea\" \/>\u00a0ab \u20ac 200,-!<\/p>\n","protected":false},"featured_media":13953,"comment_status":"closed","ping_status":"closed","template":"","meta":[],"product_brand":[],"product_cat":[4667,13938,14282],"product_tag":[],"class_list":{"0":"post-13948","1":"product","2":"type-product","3":"status-publish","4":"has-post-thumbnail","6":"product_cat-grivel","7":"product_cat-bergsteiger-ausruestung","8":"product_cat-eisgeraete","10":"first","11":"instock","12":"sale","13":"taxable","14":"shipping-taxable","15":"purchasable","16":"product-type-simple"},"yoast_head":"<!-- This site is optimized with the Yoast SEO Premium plugin v26.9 (Yoast SEO v26.9) - https:\/\/yoast.com\/product\/yoast-seo-premium-wordpress\/ -->\n<title>Grivel North Machine - Spitzen Allround Eisger\u00e4t | bolting.eu<\/title>\n<meta name=\"description\" content=\"GRIVEL NORTH MACHINE Allround Eisger\u00e4t beim Kletterprofi kaufen! \u2705 kostenloser Versand \u2705 14 Tage R\u00fcckgaberecht \u2705 Co2 neutrale Zustellung\" \/>\n<meta name=\"robots\" content=\"index, follow, max-snippet:-1, max-image-preview:large, max-video-preview:-1\" \/>\n<link rel=\"canonical\" href=\"https:\/\/bolting.eu\/en\/shop\/grivel-north-machine\/\" \/>\n<meta property=\"og:locale\" content=\"en_US\" \/>\n<meta property=\"og:type\" content=\"article\" \/>\n<meta property=\"og:title\" content=\"Grivel North Machine\" \/>\n<meta property=\"og:description\" content=\"GRIVEL NORTH MACHINE Allround Eisger\u00e4t beim Kletterprofi kaufen! \u2705 kostenloser Versand \u2705 14 Tage R\u00fcckgaberecht \u2705 Co2 neutrale Zustellung\" \/>\n<meta property=\"og:url\" content=\"https:\/\/bolting.eu\/en\/shop\/grivel-north-machine\/\" \/>\n<meta property=\"og:site_name\" content=\"bolting.eu\" \/>\n<meta property=\"article:publisher\" content=\"https:\/\/www.facebook.com\/bolting.eu\" \/>\n<meta property=\"article:modified_time\" content=\"2023-12-13T09:47:26+00:00\" \/>\n<meta property=\"og:image\" content=\"https:\/\/bolting.eu\/wp-content\/uploads\/2022\/11\/Grivel-North-Machine-1.jpg\" \/>\n\t<meta property=\"og:image:width\" content=\"700\" \/>\n\t<meta property=\"og:image:height\" content=\"700\" \/>\n\t<meta property=\"og:image:type\" content=\"image\/jpeg\" \/>\n<meta name=\"twitter:card\" content=\"summary_large_image\" \/>\n<meta name=\"twitter:label1\" content=\"Price\" \/>\n\t<meta name=\"twitter:data1\" content=\"&euro;&nbsp;200,00\" \/>\n\t<meta name=\"twitter:label2\" content=\"Availability\" \/>\n\t<meta name=\"twitter:data2\" content=\"In stock\" \/>\n<script type=\"application\/ld+json\" class=\"yoast-schema-graph\">{\"@context\":\"https:\/\/schema.org\",\"@graph\":[{\"@type\":[\"WebPage\",\"ItemPage\"],\"@id\":\"https:\/\/bolting.eu\/en\/shop\/grivel-north-machine\/\",\"url\":\"https:\/\/bolting.eu\/en\/shop\/grivel-north-machine\/\",\"name\":\"Grivel North Machine - Spitzen Allround Eisger\u00e4t | bolting.eu\",\"isPartOf\":{\"@id\":\"https:\/\/bolting.eu\/en\/#website\"},\"primaryImageOfPage\":{\"@id\":\"https:\/\/bolting.eu\/en\/shop\/grivel-north-machine\/#primaryimage\"},\"image\":{\"@id\":\"https:\/\/bolting.eu\/en\/shop\/grivel-north-machine\/#primaryimage\"},\"thumbnailUrl\":\"https:\/\/bolting.eu\/wp-content\/uploads\/2022\/11\/Grivel-North-Machine-1.jpg\",\"datePublished\":\"2022-11-22T16:47:30+00:00\",\"dateModified\":\"2023-12-13T09:47:26+00:00\",\"description\":\"GRIVEL NORTH MACHINE Allround Eisger\u00e4t beim Kletterprofi kaufen! \u2705 kostenloser Versand \u2705 14 Tage R\u00fcckgaberecht \u2705 Co2 neutrale Zustellung\",\"breadcrumb\":{\"@id\":\"https:\/\/bolting.eu\/en\/shop\/grivel-north-machine\/#breadcrumb\"},\"inLanguage\":\"en-US\",\"potentialAction\":[{\"@type\":\"ReadAction\",\"target\":[\"https:\/\/bolting.eu\/en\/shop\/grivel-north-machine\/\"]}]},{\"@type\":\"ImageObject\",\"inLanguage\":\"en-US\",\"@id\":\"https:\/\/bolting.eu\/en\/shop\/grivel-north-machine\/#primaryimage\",\"url\":\"https:\/\/bolting.eu\/wp-content\/uploads\/2022\/11\/Grivel-North-Machine-1.jpg\",\"contentUrl\":\"https:\/\/bolting.eu\/wp-content\/uploads\/2022\/11\/Grivel-North-Machine-1.jpg\",\"width\":700,\"height\":700,\"caption\":\"Das Bild zeigt das Grivel North MAchine Eisger\u00e4t mit schwarzer Klinge und gelbem Schaft von der Seite.\"},{\"@type\":\"BreadcrumbList\",\"@id\":\"https:\/\/bolting.eu\/en\/shop\/grivel-north-machine\/#breadcrumb\",\"itemListElement\":[{\"@type\":\"ListItem\",\"position\":1,\"name\":\"Shop\",\"item\":\"https:\/\/bolting.eu\/en\/shop\/\"},{\"@type\":\"ListItem\",\"position\":2,\"name\":\"Bergsteiger Ausr\u00fcstung\",\"item\":\"https:\/\/bolting.eu\/produkt-kategorie\/bergsteiger-ausruestung\/\"},{\"@type\":\"ListItem\",\"position\":3,\"name\":\"Eisger\u00e4te\",\"item\":\"https:\/\/bolting.eu\/produkt-kategorie\/bergsteiger-ausruestung\/eisgeraete\/\"},{\"@type\":\"ListItem\",\"position\":4,\"name\":\"Grivel North Machine\"}]},{\"@type\":\"WebSite\",\"@id\":\"https:\/\/bolting.eu\/en\/#website\",\"url\":\"https:\/\/bolting.eu\/en\/\",\"name\":\"bolting.eu\",\"description\":\"we make climbs happen\",\"publisher\":{\"@id\":\"https:\/\/bolting.eu\/en\/#organization\"},\"potentialAction\":[{\"@type\":\"SearchAction\",\"target\":{\"@type\":\"EntryPoint\",\"urlTemplate\":\"https:\/\/bolting.eu\/en\/?s={search_term_string}\"},\"query-input\":{\"@type\":\"PropertyValueSpecification\",\"valueRequired\":true,\"valueName\":\"search_term_string\"}}],\"inLanguage\":\"en-US\"},{\"@type\":[\"Organization\",\"Place\",\"SportingGoodsStore\"],\"@id\":\"https:\/\/bolting.eu\/en\/#organization\",\"name\":\"bolting.eu\",\"url\":\"https:\/\/bolting.eu\/en\/\",\"logo\":{\"@id\":\"https:\/\/bolting.eu\/en\/shop\/grivel-north-machine\/#local-main-organization-logo\"},\"image\":{\"@id\":\"https:\/\/bolting.eu\/en\/shop\/grivel-north-machine\/#local-main-organization-logo\"},\"sameAs\":[\"https:\/\/www.facebook.com\/bolting.eu\",\"https:\/\/www.instagram.com\/bolting.eu\/\"],\"address\":{\"@id\":\"https:\/\/bolting.eu\/en\/shop\/grivel-north-machine\/#local-main-place-address\"},\"geo\":{\"@type\":\"GeoCoordinates\",\"latitude\":\"47.264176340396226\",\"longitude\":\"11.380109057672346\"},\"telephone\":[\"+43 699 19083372\"],\"openingHoursSpecification\":[{\"@type\":\"OpeningHoursSpecification\",\"dayOfWeek\":[\"Monday\",\"Wednesday\",\"Friday\"],\"opens\":\"14:00\",\"closes\":\"18:00\"},{\"@type\":\"OpeningHoursSpecification\",\"dayOfWeek\":[\"Tuesday\",\"Thursday\",\"Saturday\",\"Sunday\"],\"opens\":\"00:00\",\"closes\":\"00:00\"}],\"email\":\"office@bolting.eu\",\"vatID\":\"ATU59999728\",\"priceRange\":\"$$\",\"currenciesAccepted\":\"Euro\"},{\"@type\":\"PostalAddress\",\"@id\":\"https:\/\/bolting.eu\/en\/shop\/grivel-north-machine\/#local-main-place-address\",\"streetAddress\":\"Fischnalerstra\u00dfe 4\",\"addressLocality\":\"Innsbruck\",\"postalCode\":\"6020\",\"addressRegion\":\"Tirol\",\"addressCountry\":\"AT\"},{\"@type\":\"ImageObject\",\"inLanguage\":\"en-US\",\"@id\":\"https:\/\/bolting.eu\/en\/shop\/grivel-north-machine\/#local-main-organization-logo\",\"url\":\"https:\/\/bolting.eu\/wp-content\/uploads\/2019\/09\/bolting-logo.png\",\"contentUrl\":\"https:\/\/bolting.eu\/wp-content\/uploads\/2019\/09\/bolting-logo.png\",\"width\":400,\"height\":211,\"caption\":\"bolting.eu\"}]}<\/script>\n<meta property=\"product:price:amount\" content=\"200.00\" \/>\n<meta property=\"product:price:currency\" content=\"EUR\" \/>\n<meta property=\"og:availability\" content=\"instock\" \/>\n<meta property=\"product:availability\" content=\"instock\" \/>\n<meta property=\"product:retailer_item_id\" content=\"PIMACNOA.TSV\" \/>\n<meta property=\"product:condition\" content=\"new\" \/>\n<meta name=\"geo.placename\" content=\"Innsbruck\" \/>\n<meta name=\"geo.position\" content=\"47.264176340396226;11.380109057672346\" \/>\n<meta name=\"geo.region\" content=\"Austria\" \/>\n<!-- \/ Yoast SEO Premium plugin. -->","yoast_head_json":{"title":"Grivel North Machine - Spitzen Allround Eisger\u00e4t | bolting.eu","description":"GRIVEL NORTH MACHINE Allround Eisger\u00e4t beim Kletterprofi kaufen! \u2705 kostenloser Versand \u2705 14 Tage R\u00fcckgaberecht \u2705 Co2 neutrale Zustellung","robots":{"index":"index","follow":"follow","max-snippet":"max-snippet:-1","max-image-preview":"max-image-preview:large","max-video-preview":"max-video-preview:-1"},"canonical":"https:\/\/bolting.eu\/en\/shop\/grivel-north-machine\/","og_locale":"en_US","og_type":"article","og_title":"Grivel North Machine","og_description":"GRIVEL NORTH MACHINE Allround Eisger\u00e4t beim Kletterprofi kaufen! \u2705 kostenloser Versand \u2705 14 Tage R\u00fcckgaberecht \u2705 Co2 neutrale Zustellung","og_url":"https:\/\/bolting.eu\/en\/shop\/grivel-north-machine\/","og_site_name":"bolting.eu","article_publisher":"https:\/\/www.facebook.com\/bolting.eu","article_modified_time":"2023-12-13T09:47:26+00:00","og_image":[{"width":700,"height":700,"url":"https:\/\/bolting.eu\/wp-content\/uploads\/2022\/11\/Grivel-North-Machine-1.jpg","type":"image\/jpeg"}],"twitter_card":"summary_large_image","twitter_misc":{"Price":"&euro;&nbsp;200,00","Availability":"In stock"},"schema":{"@context":"https:\/\/schema.org","@graph":[{"@type":["WebPage","ItemPage"],"@id":"https:\/\/bolting.eu\/en\/shop\/grivel-north-machine\/","url":"https:\/\/bolting.eu\/en\/shop\/grivel-north-machine\/","name":"Grivel North Machine - Spitzen Allround Eisger\u00e4t | bolting.eu","isPartOf":{"@id":"https:\/\/bolting.eu\/en\/#website"},"primaryImageOfPage":{"@id":"https:\/\/bolting.eu\/en\/shop\/grivel-north-machine\/#primaryimage"},"image":{"@id":"https:\/\/bolting.eu\/en\/shop\/grivel-north-machine\/#primaryimage"},"thumbnailUrl":"https:\/\/bolting.eu\/wp-content\/uploads\/2022\/11\/Grivel-North-Machine-1.jpg","datePublished":"2022-11-22T16:47:30+00:00","dateModified":"2023-12-13T09:47:26+00:00","description":"GRIVEL NORTH MACHINE Allround Eisger\u00e4t beim Kletterprofi kaufen! \u2705 kostenloser Versand \u2705 14 Tage R\u00fcckgaberecht \u2705 Co2 neutrale Zustellung","breadcrumb":{"@id":"https:\/\/bolting.eu\/en\/shop\/grivel-north-machine\/#breadcrumb"},"inLanguage":"en-US","potentialAction":[{"@type":"ReadAction","target":["https:\/\/bolting.eu\/en\/shop\/grivel-north-machine\/"]}]},{"@type":"ImageObject","inLanguage":"en-US","@id":"https:\/\/bolting.eu\/en\/shop\/grivel-north-machine\/#primaryimage","url":"https:\/\/bolting.eu\/wp-content\/uploads\/2022\/11\/Grivel-North-Machine-1.jpg","contentUrl":"https:\/\/bolting.eu\/wp-content\/uploads\/2022\/11\/Grivel-North-Machine-1.jpg","width":700,"height":700,"caption":"Das Bild zeigt das Grivel North MAchine Eisger\u00e4t mit schwarzer Klinge und gelbem Schaft von der Seite."},{"@type":"BreadcrumbList","@id":"https:\/\/bolting.eu\/en\/shop\/grivel-north-machine\/#breadcrumb","itemListElement":[{"@type":"ListItem","position":1,"name":"Shop","item":"https:\/\/bolting.eu\/en\/shop\/"},{"@type":"ListItem","position":2,"name":"Bergsteiger Ausr\u00fcstung","item":"https:\/\/bolting.eu\/produkt-kategorie\/bergsteiger-ausruestung\/"},{"@type":"ListItem","position":3,"name":"Eisger\u00e4te","item":"https:\/\/bolting.eu\/produkt-kategorie\/bergsteiger-ausruestung\/eisgeraete\/"},{"@type":"ListItem","position":4,"name":"Grivel North Machine"}]},{"@type":"WebSite","@id":"https:\/\/bolting.eu\/en\/#website","url":"https:\/\/bolting.eu\/en\/","name":"bolting.eu","description":"we make climbs happen","publisher":{"@id":"https:\/\/bolting.eu\/en\/#organization"},"potentialAction":[{"@type":"SearchAction","target":{"@type":"EntryPoint","urlTemplate":"https:\/\/bolting.eu\/en\/?s={search_term_string}"},"query-input":{"@type":"PropertyValueSpecification","valueRequired":true,"valueName":"search_term_string"}}],"inLanguage":"en-US"},{"@type":["Organization","Place","SportingGoodsStore"],"@id":"https:\/\/bolting.eu\/en\/#organization","name":"bolting.eu","url":"https:\/\/bolting.eu\/en\/","logo":{"@id":"https:\/\/bolting.eu\/en\/shop\/grivel-north-machine\/#local-main-organization-logo"},"image":{"@id":"https:\/\/bolting.eu\/en\/shop\/grivel-north-machine\/#local-main-organization-logo"},"sameAs":["https:\/\/www.facebook.com\/bolting.eu","https:\/\/www.instagram.com\/bolting.eu\/"],"address":{"@id":"https:\/\/bolting.eu\/en\/shop\/grivel-north-machine\/#local-main-place-address"},"geo":{"@type":"GeoCoordinates","latitude":"47.264176340396226","longitude":"11.380109057672346"},"telephone":["+43 699 19083372"],"openingHoursSpecification":[{"@type":"OpeningHoursSpecification","dayOfWeek":["Monday","Wednesday","Friday"],"opens":"14:00","closes":"18:00"},{"@type":"OpeningHoursSpecification","dayOfWeek":["Tuesday","Thursday","Saturday","Sunday"],"opens":"00:00","closes":"00:00"}],"email":"office@bolting.eu","vatID":"ATU59999728","priceRange":"$$","currenciesAccepted":"Euro"},{"@type":"PostalAddress","@id":"https:\/\/bolting.eu\/en\/shop\/grivel-north-machine\/#local-main-place-address","streetAddress":"Fischnalerstra\u00dfe 4","addressLocality":"Innsbruck","postalCode":"6020","addressRegion":"Tirol","addressCountry":"AT"},{"@type":"ImageObject","inLanguage":"en-US","@id":"https:\/\/bolting.eu\/en\/shop\/grivel-north-machine\/#local-main-organization-logo","url":"https:\/\/bolting.eu\/wp-content\/uploads\/2019\/09\/bolting-logo.png","contentUrl":"https:\/\/bolting.eu\/wp-content\/uploads\/2019\/09\/bolting-logo.png","width":400,"height":211,"caption":"bolting.eu"}]},"product_price_amount":"200.00","product_price_currency":"EUR","og_availability":"instock","product_availability":"instock","product_retailer_item_id":"PIMACNOA.TSV","product_condition":"new","geo.placename":"Innsbruck","geo.position":{"lat":"47.264176340396226","long":"11.380109057672346"},"geo.region":"Austria"},"_links":{"self":[{"href":"https:\/\/bolting.eu\/en\/wp-json\/wp\/v2\/product\/13948","targetHints":{"allow":["GET"]}}],"collection":[{"href":"https:\/\/bolting.eu\/en\/wp-json\/wp\/v2\/product"}],"about":[{"href":"https:\/\/bolting.eu\/en\/wp-json\/wp\/v2\/types\/product"}],"replies":[{"embeddable":true,"href":"https:\/\/bolting.eu\/en\/wp-json\/wp\/v2\/comments?post=13948"}],"wp:featuredmedia":[{"embeddable":true,"href":"https:\/\/bolting.eu\/en\/wp-json\/wp\/v2\/media\/13953"}],"wp:attachment":[{"href":"https:\/\/bolting.eu\/en\/wp-json\/wp\/v2\/media?parent=13948"}],"wp:term":[{"taxonomy":"product_brand","embeddable":true,"href":"https:\/\/bolting.eu\/en\/wp-json\/wp\/v2\/product_brand?post=13948"},{"taxonomy":"product_cat","embeddable":true,"href":"https:\/\/bolting.eu\/en\/wp-json\/wp\/v2\/product_cat?post=13948"},{"taxonomy":"product_tag","embeddable":true,"href":"https:\/\/bolting.eu\/en\/wp-json\/wp\/v2\/product_tag?post=13948"}],"curies":[{"name":"wp","href":"https:\/\/api.w.org\/{rel}","templated":true}]}}