{"id":13942,"date":"2022-11-22T16:15:23","date_gmt":"2022-11-22T15:15:23","guid":{"rendered":"https:\/\/bolting.eu\/?post_type=product&#038;p=13942"},"modified":"2025-10-08T16:59:27","modified_gmt":"2025-10-08T14:59:27","slug":"petzl-crevasse-rescue-kit","status":"publish","type":"product","link":"https:\/\/bolting.eu\/en\/shop\/petzl-crevasse-rescue-kit\/","title":{"rendered":"Petzl Crevasse Rescue Kit"},"content":{"rendered":"<p>Der Petzl Crevasse Rescue Kit ist ein Ausr\u00fcstungs Set f\u00fcr die Spaltenbergung.<\/p>\n<p>Es beinhaltet alle notwendigen Produkte f\u00fcr eine schnelle Rettung aus Gletscherspalten. Zum einen f\u00fcr die Selbstrettung mittels Aufstieg am Seil. Und zum anderen zur Partnerrettung mittels Flaschenzug am Toten Mann (vergrabenen <a href=\"https:\/\/bolting.eu\/produkt-kategorie\/bergsteiger-ausruestung\/eispickel\/\">Eispickel<\/a>).<\/p>\n<ul>\n<li><a href=\"https:\/\/bolting.eu\/shop\/petzl-micro-traxion-seilrolle-mit-ruecklaufsperre\/\">Petzl Micro Traxion<\/a><\/li>\n<li>einen Petzl Tibloc<\/li>\n<li>\u00a02 St\u00fcck <a href=\"https:\/\/bolting.eu\/shop\/petzl-ok-screw-lock\/\">OK Screw Lock<\/a><\/li>\n<li>1 St\u00fcck Partner Seilrolle<\/li>\n<li>1 St\u00fcck <a href=\"https:\/\/bolting.eu\/shop\/petzl-bandschlinge-stanneau\/\">St\u00b4Anneau Bandschlinge<\/a> 120cm<\/li>\n<\/ul>\n<p>Der Vorteil dieses Komplettsets liegt darin, dass man sich nichts selbst zusammenstellen muss. Alles ist hierin enthalten.<\/p>\n<p>Wir empfehlen euch jedoch, die Techniken im Klettergarten vor eurer 1. Hochtour zu \u00fcben. Dann seid ihr mit diesem Set perfekt ausgestattet UND vorbereitet!<\/p>\n<h2>Eigenschaften Petzl Crevasse Rescue Set<\/h2>\n<ul>\n<li>Hersteller: Petzl<\/li>\n<li>Komplettset f\u00fcr die Spalntenbergung<\/li>\n<li>f\u00fcr Selbstbergung durch Aufsteig am Seil<\/li>\n<li>f\u00fcr die Partnerbergung mittels Flaschenzug<\/li>\n<li>Lieferumfang: Micro raxion, Tibloc, 2 x OK Screw Lock, Partner Seilrolle, 120cm Bandschlinge<\/li>\n<li><a href=\"https:\/\/www.petzl.com\/AT\/de\/Sport\/Seilrollen\/KIT-SECOURS-CREVASSE#:~:text=Das%20PDF%20herunterladen%20%3A%20technical%2Dnotice%2DKIT%2DSECOURS%2DCREVASSE%2D3%20%2D%202.87%20MB\" target=\"_blank\" rel=\"noopener\">Bedienungsanleitung<\/a><\/li>\n<li>Empfehlung Eispickel: <a href=\"https:\/\/bolting.eu\/shop\/petzl-glacier-eispickel\/\">Petzl Glacier<\/a> oder <a href=\"https:\/\/bolting.eu\/shop\/petzl-summit-evo-eispickel\/\">Petzl Summit Evo<\/a><\/li>\n<li>Empfohlung Steigeisen: <a href=\"https:\/\/bolting.eu\/shop\/petzl-sarken-steigeisen\/\">Petzl Sarken<\/a><\/li>\n<\/ul>\n<h3>Video Aufbau Flaschenzug<\/h3>\n<p>Das folgende Video zeigt den Aufbau eines Flaschenzuges mit dem Petzl Crevasse Rescue Kit.<\/p>\n<p>Wir empfehlen euch nochmals, das alles im Klettergarten mit einem Kletterpartner durch zu \u00fcben. Somit macht man sich mit den notwendigen Kr\u00e4ften vertraut.<\/p>\n<p>Idealer Weise \u00fcbt man das alles sogar am Gletscher inkl. dem Vergraben seines Eispickels als Toten Mann.<\/p>\n<p><iframe loading=\"lazy\" title=\"Petzl Secours Crevasse\/Spaltenbergungskit - Teil 1 - 3:1 Flaschenzug\" width=\"1020\" height=\"574\" src=\"https:\/\/www.youtube.com\/embed\/c2fL7-krdAY?feature=oembed\" frameborder=\"0\" allow=\"accelerometer; autoplay; clipboard-write; encrypted-media; gyroscope; picture-in-picture; web-share\" referrerpolicy=\"strict-origin-when-cross-origin\" allowfullscreen><\/iframe><\/p>\n<p>&nbsp;<\/p>\n<h3>Selbstrettung<\/h3>\n<p>Die folgende Grafik zeigt, wie man mit dem Crevasse Rescue Kit die Selbstrettung aus der Spalte durchf\u00fchrt.<\/p>\n<p>Man fixiert sich selbst in der Micro Traxion wie mit einem Prusik. Dann fixiert man oberhalb den Tibloc. In diesem h\u00e4ngt die 120cm Bandschlinge als &#8220;Trittschlinge&#8221; zum &#8220;h\u00f6her Steigen&#8221;.<\/p>\n<p>Eine Reepschnur k\u00f6nnte hier auch zus\u00e4tzlich als Selbstsicherung dienen.<\/p>\n<figure id=\"attachment_13945\" aria-describedby=\"caption-attachment-13945\" style=\"width: 800px\" class=\"wp-caption alignnone\"><a href=\"https:\/\/bolting.eu\/wp-content\/uploads\/2022\/11\/Petzl-Crevasse-Rescue-Kit-2.jpg\"><img loading=\"lazy\" decoding=\"async\" class=\"wp-image-13945 size-full\" src=\"https:\/\/bolting.eu\/wp-content\/uploads\/2022\/11\/Petzl-Crevasse-Rescue-Kit-2.jpg\" alt=\"Das Bild zeigt eine Grafik zur Selbstrettung aus einer Gletscherspalte.\" width=\"800\" height=\"776\" srcset=\"https:\/\/bolting.eu\/wp-content\/uploads\/2022\/11\/Petzl-Crevasse-Rescue-Kit-2.jpg 800w, https:\/\/bolting.eu\/wp-content\/uploads\/2022\/11\/Petzl-Crevasse-Rescue-Kit-2-510x495.jpg 510w, https:\/\/bolting.eu\/wp-content\/uploads\/2022\/11\/Petzl-Crevasse-Rescue-Kit-2-412x400.jpg 412w, https:\/\/bolting.eu\/wp-content\/uploads\/2022\/11\/Petzl-Crevasse-Rescue-Kit-2-768x745.jpg 768w, https:\/\/bolting.eu\/wp-content\/uploads\/2022\/11\/Petzl-Crevasse-Rescue-Kit-2-600x582.jpg 600w\" sizes=\"auto, (max-width: 800px) 100vw, 800px\" \/><\/a><figcaption id=\"caption-attachment-13945\" class=\"wp-caption-text\">So sieht die Selbstrettung mit dem Komplettset aus.<\/figcaption><\/figure>\n<h3>Petzl Crevasse Rescue Kit &#8211; Partnerrettung<\/h3>\n<p>Die folgende Grafik zeigt, wie ihr die Partnerrettung durchf\u00fchrt. Hierbei m\u00fcsst ihr die Bandschlinge um den Toten Mann wickeln (Ankerstich). In die Schlinge h\u00e4ngt ihr die Micro Traxion mit dem Schraubkarabiner.<\/p>\n<p>Befestigt nun den Tibloc am belasteten Seil, um hier mit dem zweiten Schrauber die Seilrolle einzuh\u00e4ngen. So k\u00f6nnt ihr dann mit dem unbelasteten Ende den Flaschenzug bedienen.<\/p>\n<p>Beim L\u00f6sen des &#8220;Hub&#8221; h\u00e4lt euch die Micro Traxion elegant das Gewicht des Partners.<br \/>\nWie bereits erw\u00e4hnt. Am besten vor eurer 1. Gletschertour durch \u00fcben \ud83d\ude09<\/p>\n<p><a href=\"https:\/\/bolting.eu\/wp-content\/uploads\/2022\/11\/Petzl-Crevasse-Rescue-Kit-3.jpg\"><img loading=\"lazy\" decoding=\"async\" class=\"alignnone size-full wp-image-13944\" src=\"https:\/\/bolting.eu\/wp-content\/uploads\/2022\/11\/Petzl-Crevasse-Rescue-Kit-3.jpg\" alt=\"\" width=\"503\" height=\"1024\" srcset=\"https:\/\/bolting.eu\/wp-content\/uploads\/2022\/11\/Petzl-Crevasse-Rescue-Kit-3.jpg 503w, https:\/\/bolting.eu\/wp-content\/uploads\/2022\/11\/Petzl-Crevasse-Rescue-Kit-3-196x400.jpg 196w, https:\/\/bolting.eu\/wp-content\/uploads\/2022\/11\/Petzl-Crevasse-Rescue-Kit-3-393x800.jpg 393w\" sizes=\"auto, (max-width: 503px) 100vw, 503px\" \/><\/a><\/p>\n<p>&nbsp;<\/p>\n","protected":false},"excerpt":{"rendered":"<p>Set f\u00fcr die Spaltenbergung mit allen wichtigen Ausr\u00fcstungsgegenst\u00e4nden.<\/p>\n<p>Mit diesem Set seid ihr am Gletscher top ausgestattet und m\u00fcsst euch keine eigene Ausr\u00fcstung zusammen stellen.<\/p>\n","protected":false},"featured_media":13943,"comment_status":"closed","ping_status":"closed","template":"","meta":[],"product_brand":[],"product_cat":[13938,11051],"product_tag":[],"class_list":{"0":"post-13942","1":"product","2":"type-product","3":"status-publish","4":"has-post-thumbnail","6":"product_cat-bergsteiger-ausruestung","7":"product_cat-spaltenbergung","9":"first","10":"outofstock","11":"taxable","12":"shipping-taxable","13":"purchasable","14":"product-type-simple"},"yoast_head":"<!-- This site is optimized with the Yoast SEO Premium plugin v26.9 (Yoast SEO v26.9) - https:\/\/yoast.com\/product\/yoast-seo-premium-wordpress\/ -->\n<title>Petzl Crevasse Rescue Kit - Komplettset f\u00fcr Spaltenbergung | bolting.eu<\/title>\n<meta name=\"description\" content=\"Petzl Crevasse Rescue Kit beim Kletter Hardwareprofi kaufen \u2705 kostenloser Versand \u2705 14 Tage R\u00fcckgaberecht \u2705 Co2 neutrale Zustellung\" \/>\n<meta name=\"robots\" content=\"index, follow, max-snippet:-1, max-image-preview:large, max-video-preview:-1\" \/>\n<link rel=\"canonical\" href=\"https:\/\/bolting.eu\/en\/shop\/petzl-crevasse-rescue-kit\/\" \/>\n<meta property=\"og:locale\" content=\"en_US\" \/>\n<meta property=\"og:type\" content=\"article\" \/>\n<meta property=\"og:title\" content=\"Petzl Crevasse Rescue Kit\" \/>\n<meta property=\"og:description\" content=\"Petzl Crevasse Rescue Kit beim Kletter Hardwareprofi kaufen \u2705 kostenloser Versand \u2705 14 Tage R\u00fcckgaberecht \u2705 Co2 neutrale Zustellung\" \/>\n<meta property=\"og:url\" content=\"https:\/\/bolting.eu\/en\/shop\/petzl-crevasse-rescue-kit\/\" \/>\n<meta property=\"og:site_name\" content=\"bolting.eu\" \/>\n<meta property=\"article:publisher\" content=\"https:\/\/www.facebook.com\/bolting.eu\" \/>\n<meta property=\"article:modified_time\" content=\"2025-10-08T14:59:27+00:00\" \/>\n<meta property=\"og:image\" content=\"https:\/\/bolting.eu\/wp-content\/uploads\/2022\/11\/Petzl-Crevasse-Rescue-Kit-4.jpg\" \/>\n\t<meta property=\"og:image:width\" content=\"700\" \/>\n\t<meta property=\"og:image:height\" content=\"700\" \/>\n\t<meta property=\"og:image:type\" content=\"image\/jpeg\" \/>\n<meta name=\"twitter:card\" content=\"summary_large_image\" \/>\n<meta name=\"twitter:label1\" content=\"Price\" \/>\n\t<meta name=\"twitter:data1\" content=\"&euro;&nbsp;170,50\" \/>\n\t<meta name=\"twitter:label2\" content=\"Availability\" \/>\n\t<meta name=\"twitter:data2\" content=\"Out of stock\" \/>\n<script type=\"application\/ld+json\" class=\"yoast-schema-graph\">{\"@context\":\"https:\/\/schema.org\",\"@graph\":[{\"@type\":[\"WebPage\",\"ItemPage\"],\"@id\":\"https:\/\/bolting.eu\/en\/shop\/petzl-crevasse-rescue-kit\/\",\"url\":\"https:\/\/bolting.eu\/en\/shop\/petzl-crevasse-rescue-kit\/\",\"name\":\"Petzl Crevasse Rescue Kit - Komplettset f\u00fcr Spaltenbergung | bolting.eu\",\"isPartOf\":{\"@id\":\"https:\/\/bolting.eu\/en\/#website\"},\"primaryImageOfPage\":{\"@id\":\"https:\/\/bolting.eu\/en\/shop\/petzl-crevasse-rescue-kit\/#primaryimage\"},\"image\":{\"@id\":\"https:\/\/bolting.eu\/en\/shop\/petzl-crevasse-rescue-kit\/#primaryimage\"},\"thumbnailUrl\":\"https:\/\/bolting.eu\/wp-content\/uploads\/2022\/11\/Petzl-Crevasse-Rescue-Kit-4.jpg\",\"datePublished\":\"2022-11-22T15:15:23+00:00\",\"dateModified\":\"2025-10-08T14:59:27+00:00\",\"description\":\"Petzl Crevasse Rescue Kit beim Kletter Hardwareprofi kaufen \u2705 kostenloser Versand \u2705 14 Tage R\u00fcckgaberecht \u2705 Co2 neutrale Zustellung\",\"breadcrumb\":{\"@id\":\"https:\/\/bolting.eu\/en\/shop\/petzl-crevasse-rescue-kit\/#breadcrumb\"},\"inLanguage\":\"en-US\",\"potentialAction\":[{\"@type\":\"ReadAction\",\"target\":[\"https:\/\/bolting.eu\/en\/shop\/petzl-crevasse-rescue-kit\/\"]}]},{\"@type\":\"ImageObject\",\"inLanguage\":\"en-US\",\"@id\":\"https:\/\/bolting.eu\/en\/shop\/petzl-crevasse-rescue-kit\/#primaryimage\",\"url\":\"https:\/\/bolting.eu\/wp-content\/uploads\/2022\/11\/Petzl-Crevasse-Rescue-Kit-4.jpg\",\"contentUrl\":\"https:\/\/bolting.eu\/wp-content\/uploads\/2022\/11\/Petzl-Crevasse-Rescue-Kit-4.jpg\",\"width\":700,\"height\":700,\"caption\":\"DAs Bild zeigt den gesamten Petzl Crevasse Recue Kit mit BAndschlinge, Seilrolle, Tiobloc, Karabinern und Micro Traxion.\"},{\"@type\":\"BreadcrumbList\",\"@id\":\"https:\/\/bolting.eu\/en\/shop\/petzl-crevasse-rescue-kit\/#breadcrumb\",\"itemListElement\":[{\"@type\":\"ListItem\",\"position\":1,\"name\":\"Shop\",\"item\":\"https:\/\/bolting.eu\/en\/shop\/\"},{\"@type\":\"ListItem\",\"position\":2,\"name\":\"Bergsteiger Ausr\u00fcstung\",\"item\":\"https:\/\/bolting.eu\/produkt-kategorie\/bergsteiger-ausruestung\/\"},{\"@type\":\"ListItem\",\"position\":3,\"name\":\"Spaltenbergung\",\"item\":\"https:\/\/bolting.eu\/produkt-kategorie\/bergsteiger-ausruestung\/spaltenbergung\/\"},{\"@type\":\"ListItem\",\"position\":4,\"name\":\"Petzl Crevasse Rescue Kit\"}]},{\"@type\":\"WebSite\",\"@id\":\"https:\/\/bolting.eu\/en\/#website\",\"url\":\"https:\/\/bolting.eu\/en\/\",\"name\":\"bolting.eu\",\"description\":\"we make climbs happen\",\"publisher\":{\"@id\":\"https:\/\/bolting.eu\/en\/#organization\"},\"potentialAction\":[{\"@type\":\"SearchAction\",\"target\":{\"@type\":\"EntryPoint\",\"urlTemplate\":\"https:\/\/bolting.eu\/en\/?s={search_term_string}\"},\"query-input\":{\"@type\":\"PropertyValueSpecification\",\"valueRequired\":true,\"valueName\":\"search_term_string\"}}],\"inLanguage\":\"en-US\"},{\"@type\":[\"Organization\",\"Place\",\"SportingGoodsStore\"],\"@id\":\"https:\/\/bolting.eu\/en\/#organization\",\"name\":\"bolting.eu\",\"url\":\"https:\/\/bolting.eu\/en\/\",\"logo\":{\"@id\":\"https:\/\/bolting.eu\/en\/shop\/petzl-crevasse-rescue-kit\/#local-main-organization-logo\"},\"image\":{\"@id\":\"https:\/\/bolting.eu\/en\/shop\/petzl-crevasse-rescue-kit\/#local-main-organization-logo\"},\"sameAs\":[\"https:\/\/www.facebook.com\/bolting.eu\",\"https:\/\/www.instagram.com\/bolting.eu\/\"],\"address\":{\"@id\":\"https:\/\/bolting.eu\/en\/shop\/petzl-crevasse-rescue-kit\/#local-main-place-address\"},\"geo\":{\"@type\":\"GeoCoordinates\",\"latitude\":\"47.264176340396226\",\"longitude\":\"11.380109057672346\"},\"telephone\":[\"+43 699 19083372\"],\"openingHoursSpecification\":[{\"@type\":\"OpeningHoursSpecification\",\"dayOfWeek\":[\"Monday\",\"Wednesday\",\"Friday\"],\"opens\":\"14:00\",\"closes\":\"18:00\"},{\"@type\":\"OpeningHoursSpecification\",\"dayOfWeek\":[\"Tuesday\",\"Thursday\",\"Saturday\",\"Sunday\"],\"opens\":\"00:00\",\"closes\":\"00:00\"}],\"email\":\"office@bolting.eu\",\"vatID\":\"ATU59999728\",\"priceRange\":\"$$\",\"currenciesAccepted\":\"Euro\"},{\"@type\":\"PostalAddress\",\"@id\":\"https:\/\/bolting.eu\/en\/shop\/petzl-crevasse-rescue-kit\/#local-main-place-address\",\"streetAddress\":\"Fischnalerstra\u00dfe 4\",\"addressLocality\":\"Innsbruck\",\"postalCode\":\"6020\",\"addressRegion\":\"Tirol\",\"addressCountry\":\"AT\"},{\"@type\":\"ImageObject\",\"inLanguage\":\"en-US\",\"@id\":\"https:\/\/bolting.eu\/en\/shop\/petzl-crevasse-rescue-kit\/#local-main-organization-logo\",\"url\":\"https:\/\/bolting.eu\/wp-content\/uploads\/2019\/09\/bolting-logo.png\",\"contentUrl\":\"https:\/\/bolting.eu\/wp-content\/uploads\/2019\/09\/bolting-logo.png\",\"width\":400,\"height\":211,\"caption\":\"bolting.eu\"}]}<\/script>\n<meta property=\"og:video\" content=\"https:\/\/www.youtube.com\/embed\/c2fL7-krdAY\" \/>\n<meta property=\"og:video:type\" content=\"text\/html\" \/>\n<meta property=\"og:video:duration\" content=\"81\" \/>\n<meta property=\"og:video:width\" content=\"480\" \/>\n<meta property=\"og:video:height\" content=\"270\" \/>\n<meta property=\"ya:ovs:adult\" content=\"false\" \/>\n<meta property=\"ya:ovs:upload_date\" content=\"2022-11-22T15:15:23+00:00\" \/>\n<meta property=\"ya:ovs:allow_embed\" content=\"true\" \/>\n<meta property=\"product:price:amount\" content=\"170.50\" \/>\n<meta property=\"product:price:currency\" content=\"EUR\" \/>\n<meta property=\"og:availability\" content=\"out of stock\" \/>\n<meta property=\"product:availability\" content=\"out of stock\" \/>\n<meta property=\"product:retailer_item_id\" content=\"K025AA00\" \/>\n<meta property=\"product:condition\" content=\"new\" \/>\n<meta name=\"geo.placename\" content=\"Innsbruck\" \/>\n<meta name=\"geo.position\" content=\"47.264176340396226;11.380109057672346\" \/>\n<meta name=\"geo.region\" content=\"Austria\" \/>\n<!-- \/ Yoast SEO Premium plugin. -->","yoast_head_json":{"title":"Petzl Crevasse Rescue Kit - Komplettset f\u00fcr Spaltenbergung | bolting.eu","description":"Petzl Crevasse Rescue Kit beim Kletter Hardwareprofi kaufen \u2705 kostenloser Versand \u2705 14 Tage R\u00fcckgaberecht \u2705 Co2 neutrale Zustellung","robots":{"index":"index","follow":"follow","max-snippet":"max-snippet:-1","max-image-preview":"max-image-preview:large","max-video-preview":"max-video-preview:-1"},"canonical":"https:\/\/bolting.eu\/en\/shop\/petzl-crevasse-rescue-kit\/","og_locale":"en_US","og_type":"article","og_title":"Petzl Crevasse Rescue Kit","og_description":"Petzl Crevasse Rescue Kit beim Kletter Hardwareprofi kaufen \u2705 kostenloser Versand \u2705 14 Tage R\u00fcckgaberecht \u2705 Co2 neutrale Zustellung","og_url":"https:\/\/bolting.eu\/en\/shop\/petzl-crevasse-rescue-kit\/","og_site_name":"bolting.eu","article_publisher":"https:\/\/www.facebook.com\/bolting.eu","article_modified_time":"2025-10-08T14:59:27+00:00","og_image":[{"width":700,"height":700,"url":"https:\/\/bolting.eu\/wp-content\/uploads\/2022\/11\/Petzl-Crevasse-Rescue-Kit-4.jpg","type":"image\/jpeg"}],"twitter_card":"summary_large_image","twitter_misc":{"Price":"&euro;&nbsp;170,50","Availability":"Out of stock"},"schema":{"@context":"https:\/\/schema.org","@graph":[{"@type":["WebPage","ItemPage"],"@id":"https:\/\/bolting.eu\/en\/shop\/petzl-crevasse-rescue-kit\/","url":"https:\/\/bolting.eu\/en\/shop\/petzl-crevasse-rescue-kit\/","name":"Petzl Crevasse Rescue Kit - Komplettset f\u00fcr Spaltenbergung | bolting.eu","isPartOf":{"@id":"https:\/\/bolting.eu\/en\/#website"},"primaryImageOfPage":{"@id":"https:\/\/bolting.eu\/en\/shop\/petzl-crevasse-rescue-kit\/#primaryimage"},"image":{"@id":"https:\/\/bolting.eu\/en\/shop\/petzl-crevasse-rescue-kit\/#primaryimage"},"thumbnailUrl":"https:\/\/bolting.eu\/wp-content\/uploads\/2022\/11\/Petzl-Crevasse-Rescue-Kit-4.jpg","datePublished":"2022-11-22T15:15:23+00:00","dateModified":"2025-10-08T14:59:27+00:00","description":"Petzl Crevasse Rescue Kit beim Kletter Hardwareprofi kaufen \u2705 kostenloser Versand \u2705 14 Tage R\u00fcckgaberecht \u2705 Co2 neutrale Zustellung","breadcrumb":{"@id":"https:\/\/bolting.eu\/en\/shop\/petzl-crevasse-rescue-kit\/#breadcrumb"},"inLanguage":"en-US","potentialAction":[{"@type":"ReadAction","target":["https:\/\/bolting.eu\/en\/shop\/petzl-crevasse-rescue-kit\/"]}]},{"@type":"ImageObject","inLanguage":"en-US","@id":"https:\/\/bolting.eu\/en\/shop\/petzl-crevasse-rescue-kit\/#primaryimage","url":"https:\/\/bolting.eu\/wp-content\/uploads\/2022\/11\/Petzl-Crevasse-Rescue-Kit-4.jpg","contentUrl":"https:\/\/bolting.eu\/wp-content\/uploads\/2022\/11\/Petzl-Crevasse-Rescue-Kit-4.jpg","width":700,"height":700,"caption":"DAs Bild zeigt den gesamten Petzl Crevasse Recue Kit mit BAndschlinge, Seilrolle, Tiobloc, Karabinern und Micro Traxion."},{"@type":"BreadcrumbList","@id":"https:\/\/bolting.eu\/en\/shop\/petzl-crevasse-rescue-kit\/#breadcrumb","itemListElement":[{"@type":"ListItem","position":1,"name":"Shop","item":"https:\/\/bolting.eu\/en\/shop\/"},{"@type":"ListItem","position":2,"name":"Bergsteiger Ausr\u00fcstung","item":"https:\/\/bolting.eu\/produkt-kategorie\/bergsteiger-ausruestung\/"},{"@type":"ListItem","position":3,"name":"Spaltenbergung","item":"https:\/\/bolting.eu\/produkt-kategorie\/bergsteiger-ausruestung\/spaltenbergung\/"},{"@type":"ListItem","position":4,"name":"Petzl Crevasse Rescue Kit"}]},{"@type":"WebSite","@id":"https:\/\/bolting.eu\/en\/#website","url":"https:\/\/bolting.eu\/en\/","name":"bolting.eu","description":"we make climbs happen","publisher":{"@id":"https:\/\/bolting.eu\/en\/#organization"},"potentialAction":[{"@type":"SearchAction","target":{"@type":"EntryPoint","urlTemplate":"https:\/\/bolting.eu\/en\/?s={search_term_string}"},"query-input":{"@type":"PropertyValueSpecification","valueRequired":true,"valueName":"search_term_string"}}],"inLanguage":"en-US"},{"@type":["Organization","Place","SportingGoodsStore"],"@id":"https:\/\/bolting.eu\/en\/#organization","name":"bolting.eu","url":"https:\/\/bolting.eu\/en\/","logo":{"@id":"https:\/\/bolting.eu\/en\/shop\/petzl-crevasse-rescue-kit\/#local-main-organization-logo"},"image":{"@id":"https:\/\/bolting.eu\/en\/shop\/petzl-crevasse-rescue-kit\/#local-main-organization-logo"},"sameAs":["https:\/\/www.facebook.com\/bolting.eu","https:\/\/www.instagram.com\/bolting.eu\/"],"address":{"@id":"https:\/\/bolting.eu\/en\/shop\/petzl-crevasse-rescue-kit\/#local-main-place-address"},"geo":{"@type":"GeoCoordinates","latitude":"47.264176340396226","longitude":"11.380109057672346"},"telephone":["+43 699 19083372"],"openingHoursSpecification":[{"@type":"OpeningHoursSpecification","dayOfWeek":["Monday","Wednesday","Friday"],"opens":"14:00","closes":"18:00"},{"@type":"OpeningHoursSpecification","dayOfWeek":["Tuesday","Thursday","Saturday","Sunday"],"opens":"00:00","closes":"00:00"}],"email":"office@bolting.eu","vatID":"ATU59999728","priceRange":"$$","currenciesAccepted":"Euro"},{"@type":"PostalAddress","@id":"https:\/\/bolting.eu\/en\/shop\/petzl-crevasse-rescue-kit\/#local-main-place-address","streetAddress":"Fischnalerstra\u00dfe 4","addressLocality":"Innsbruck","postalCode":"6020","addressRegion":"Tirol","addressCountry":"AT"},{"@type":"ImageObject","inLanguage":"en-US","@id":"https:\/\/bolting.eu\/en\/shop\/petzl-crevasse-rescue-kit\/#local-main-organization-logo","url":"https:\/\/bolting.eu\/wp-content\/uploads\/2019\/09\/bolting-logo.png","contentUrl":"https:\/\/bolting.eu\/wp-content\/uploads\/2019\/09\/bolting-logo.png","width":400,"height":211,"caption":"bolting.eu"}]},"og_video":"https:\/\/www.youtube.com\/embed\/c2fL7-krdAY","og_video_type":"text\/html","og_video_duration":"81","og_video_width":"480","og_video_height":"270","ya_ovs_adult":"false","ya_ovs_upload_date":"2022-11-22T15:15:23+00:00","ya_ovs_allow_embed":"true","product_price_amount":"170.50","product_price_currency":"EUR","og_availability":"out of stock","product_availability":"out of stock","product_retailer_item_id":"K025AA00","product_condition":"new","geo.placename":"Innsbruck","geo.position":{"lat":"47.264176340396226","long":"11.380109057672346"},"geo.region":"Austria"},"_links":{"self":[{"href":"https:\/\/bolting.eu\/en\/wp-json\/wp\/v2\/product\/13942","targetHints":{"allow":["GET"]}}],"collection":[{"href":"https:\/\/bolting.eu\/en\/wp-json\/wp\/v2\/product"}],"about":[{"href":"https:\/\/bolting.eu\/en\/wp-json\/wp\/v2\/types\/product"}],"replies":[{"embeddable":true,"href":"https:\/\/bolting.eu\/en\/wp-json\/wp\/v2\/comments?post=13942"}],"wp:featuredmedia":[{"embeddable":true,"href":"https:\/\/bolting.eu\/en\/wp-json\/wp\/v2\/media\/13943"}],"wp:attachment":[{"href":"https:\/\/bolting.eu\/en\/wp-json\/wp\/v2\/media?parent=13942"}],"wp:term":[{"taxonomy":"product_brand","embeddable":true,"href":"https:\/\/bolting.eu\/en\/wp-json\/wp\/v2\/product_brand?post=13942"},{"taxonomy":"product_cat","embeddable":true,"href":"https:\/\/bolting.eu\/en\/wp-json\/wp\/v2\/product_cat?post=13942"},{"taxonomy":"product_tag","embeddable":true,"href":"https:\/\/bolting.eu\/en\/wp-json\/wp\/v2\/product_tag?post=13942"}],"curies":[{"name":"wp","href":"https:\/\/api.w.org\/{rel}","templated":true}]}}