{"id":13931,"date":"2022-11-22T15:02:20","date_gmt":"2022-11-22T14:02:20","guid":{"rendered":"https:\/\/bolting.eu\/?post_type=product&#038;p=13931"},"modified":"2026-02-04T17:21:20","modified_gmt":"2026-02-04T16:21:20","slug":"camp-blade-runner-steigeisen","status":"publish","type":"product","link":"https:\/\/bolting.eu\/en\/shop\/camp-blade-runner-steigeisen\/","title":{"rendered":"Camp Blade Runner Steigeisen"},"content":{"rendered":"<p>Das Camp Blade Runner ist ein spezielles Eiskletter Steigeisen. Denn alle seine Features sind auf steiles Eis und harte Mixed Routen zugeschnitten.<\/p>\n<p>Dieses Produkt gibt es schon sehr lange am Markt. 2020\/21 wurde \u00fcberarbeitet und einige Details nochmals f\u00fcr moderne Bergschuhe optimiert. Wie z.B. die Fersenbindung, der Mittelsteg und die Fassung f\u00fcr den Zehenb\u00fcgel.<\/p>\n<p>Deswegen wird dieses Modell wird von vielen als des beste Eiskletter Steigeisen am Markt bezeichnet. Denn es war schon vor dem Update legend\u00e4r wegen seinen Frontzacken, dem &#8220;Knick&#8221; im Mittelsteg sowie dem biegsamen Fersenteil. Mehr dazu aber weiter unten.<\/p>\n<p>Mit dem mitgelieferten K\u00f6rbchen Zehenb\u00fcgel, kann man aus dem Kipphebel Modell ganz rasch auf ein &#8220;Semi-Automatic&#8221; umbauen. Auch die Frontzacken sind modular.<\/p>\n<p>Kurzum. Wer ein absolutes Top Eiskletter Steigeisen sucht, der ist hier richtig. Ihr findet bei uns auch gleich die passenden <a href=\"https:\/\/bolting.eu\/produkt-kategorie\/bergsteiger-ausruestung\/eisschrauben\/\">Eisschrauben<\/a> und <a href=\"https:\/\/bolting.eu\/produkt-kategorie\/bergsteiger-ausruestung\/eisgeraete\/\">Eisger\u00e4te<\/a>.<\/p>\n<h2>Eigenschaften Camp Blade Runner Eiskletter Steigeisen<\/h2>\n<ul>\n<li>Hersteller: <a href=\"https:\/\/bolting.eu\/produkt-kategorie\/camp-cassin\/\">CAMP<\/a><\/li>\n<li>Modellgeneration: 20\/21er Modell<\/li>\n<li>Material: Chrom Stahl, Sandvik Nanoflex, Polyurethane;<\/li>\n<li>Gewicht: 940 Gramm (Gr\u00f6\u00dfe 1: EU 37 &#8211; 46)<\/li>\n<li><strong>Gr\u00f6\u00dfe 1: EU 37-46; Gr\u00f6\u00dfe 2: EU 40 &#8211; 49<\/strong><\/li>\n<li>ideal f\u00fcr moderne Bergschuhe<\/li>\n<li>Zacken: 13 oder 14<\/li>\n<li>modulare Front Zacken (Mono Zacken montiert)<\/li>\n<li>2. Frontzacken im Lieferumfang<\/li>\n<li><strong>Kipphebel Bindung (Automatic) vormontiert<\/strong><\/li>\n<li>K\u00f6rbchen Zehenb\u00fcgel im Lieferumfang<\/li>\n<li>sehr leicht L\u00e4ngenverstellbar<\/li>\n<li>Kipphebel sehr leicht einzustellen<\/li>\n<li>2. Frontzacken Reihe sehr nah an den 1. Frontzacken f\u00fcr hohe Stabilit\u00e4t<\/li>\n<li>inkl. Antistollen Platte vormontiert<\/li>\n<li><a href=\"https:\/\/bolting.eu\/shop\/camp-steigeisentasche\/\">Camp Steigeisentasche<\/a> im Lieferumfang<\/li>\n<\/ul>\n<h3>Produktvideo f\u00fcr das Eiskletter Steigeisen<\/h3>\n<p>Das folgende Video (gibt einen sehr guten \u00dcberblick zum Blade Runner.<\/p>\n<p>Uns gefallen die Ausf\u00fchrungen zu den Frontzacken sowie dem &#8220;Knick&#8221; hin zum Fersenteil. Es macht eines super deutlich. Warum so viele Top Eiskletterer auf dieses Modell setzen. N\u00e4mlich die perfekte Passform auf viele moderne Bergschuhe.<\/p>\n<p><iframe loading=\"lazy\" title=\"BLADE RUNNER\" width=\"1020\" height=\"574\" src=\"https:\/\/www.youtube.com\/embed\/wRb2AmtvU7M?feature=oembed\" frameborder=\"0\" allow=\"accelerometer; autoplay; clipboard-write; encrypted-media; gyroscope; picture-in-picture; web-share\" referrerpolicy=\"strict-origin-when-cross-origin\" allowfullscreen><\/iframe><\/p>\n<p>&nbsp;<\/p>\n<h3>Eiskletter Steigeisen mit legend\u00e4ren Frontzacken<\/h3>\n<p>Die Frontzacken aus Chromstahl sind beim Camp Balde Runner legend\u00e4r. Denn zum einen kann man den Mono-Zacken nach innen versetzt verwenden. Oder Duo Zacken f\u00fcr klassisches Expeditionsbergsteigen symmetrisch montieren.<\/p>\n<p>Und zum anderen sind es dann aber die dahinter liegenden Zacken, welche dieses Modell ber\u00fchmt gemacht haben. Denn der Abstand dieser &#8220;2.Reihe&#8221; zu den Frontzacken ist sehr klein. Somit tauchen sie bei vielen Placements ebenso ins Eis ein und unterst\u00fctzen ganz wesentlich bei der Stabilit\u00e4t.<\/p>\n<figure id=\"attachment_13937\" aria-describedby=\"caption-attachment-13937\" style=\"width: 400px\" class=\"wp-caption alignnone\"><a href=\"https:\/\/bolting.eu\/wp-content\/uploads\/2022\/11\/CAmp-Blade-Runner-Eiskletter-Steigeisen-3.jpg\"><img loading=\"lazy\" decoding=\"async\" class=\"wp-image-13937 size-medium\" src=\"https:\/\/bolting.eu\/wp-content\/uploads\/2022\/11\/CAmp-Blade-Runner-Eiskletter-Steigeisen-3-400x400.jpg\" alt=\"Das Bild zeigt den orangen Front Teil mit schwarzem Monozacken des Camp Blade Runner Steigeisens.\" width=\"400\" height=\"400\" srcset=\"https:\/\/bolting.eu\/wp-content\/uploads\/2022\/11\/CAmp-Blade-Runner-Eiskletter-Steigeisen-3-400x400.jpg 400w, https:\/\/bolting.eu\/wp-content\/uploads\/2022\/11\/CAmp-Blade-Runner-Eiskletter-Steigeisen-3-247x247.jpg 247w, https:\/\/bolting.eu\/wp-content\/uploads\/2022\/11\/CAmp-Blade-Runner-Eiskletter-Steigeisen-3-100x100.jpg 100w, https:\/\/bolting.eu\/wp-content\/uploads\/2022\/11\/CAmp-Blade-Runner-Eiskletter-Steigeisen-3-510x510.jpg 510w, https:\/\/bolting.eu\/wp-content\/uploads\/2022\/11\/CAmp-Blade-Runner-Eiskletter-Steigeisen-3-280x280.jpg 280w, https:\/\/bolting.eu\/wp-content\/uploads\/2022\/11\/CAmp-Blade-Runner-Eiskletter-Steigeisen-3-300x300.jpg 300w, https:\/\/bolting.eu\/wp-content\/uploads\/2022\/11\/CAmp-Blade-Runner-Eiskletter-Steigeisen-3-600x600.jpg 600w, https:\/\/bolting.eu\/wp-content\/uploads\/2022\/11\/CAmp-Blade-Runner-Eiskletter-Steigeisen-3.jpg 700w\" sizes=\"auto, (max-width: 400px) 100vw, 400px\" \/><\/a><figcaption id=\"caption-attachment-13937\" class=\"wp-caption-text\">Die kleinen, fixen Frontzacken direkt hinter dem schwarzen Frontzacken, machen dieses Steigeisen so au\u00dfergew\u00f6hnlich.<\/figcaption><\/figure>\n<p><strong><em>Martin Sieberer, Top Alpinist aus Tirol: <\/em><\/strong><em>&#8220;Ich finde die Stabilit\u00e4t dieses Steigeisens beim Eisklettern extrem gut. Es sind die kleinen, fixen Frontzacken, welche eine unglaubliche Stabilit\u00e4t geben. Anders als viele Modelle die ich probiert habe, taucht diese &#8220;2. Reihe&#8221; bei h\u00e4rteren Schl\u00e4gen auch gleich ins Eis ein. Dann hat man zwei oder drei Auflagepunkte, was enorm stabilisierend ist.&#8221;<\/em><\/p>\n<h3>Camp Blade Runner mit wichtigem &#8220;Knick&#8221;<\/h3>\n<p>Dieses Eiskletter Steigeisen hat gegen\u00fcber allen anderen Modellen eine weitere Besonderheit. Einen <strong>&#8220;Knick&#8221; im Mittelsteg hin zum Fersenteil<\/strong>.<\/p>\n<p>Somit passt sich die Form ideal dem Absatz eines jeden Bergschuhes an. Eiskletterer beschreiben die &#8220;Festigkeit&#8221; dieser &#8220;Cramponi&#8221; daher oft als &#8220;anhaftend&#8221; oder als &#8220;wie angegossen&#8221;.<\/p>\n<p>Das liegt auch daran, dass der <strong>Fersenteil aus Sandvik Nanoflex Material<\/strong> ist. Eine ganz besondere Stahl Legierung die sehr leicht und biegsam ist.<\/p>\n<p>Es verleiht diesem Modell zus\u00e4tzliche Flexibilit\u00e4t, welche zur au\u00dfergew\u00f6hnlichen Passform f\u00fchren.<\/p>\n<figure id=\"attachment_13939\" aria-describedby=\"caption-attachment-13939\" style=\"width: 400px\" class=\"wp-caption alignnone\"><a href=\"https:\/\/bolting.eu\/wp-content\/uploads\/2022\/11\/CAmp-Blade-Runner-Eiskletter-Steigeisen-1.jpg\"><img loading=\"lazy\" decoding=\"async\" class=\"wp-image-13939 size-medium\" src=\"https:\/\/bolting.eu\/wp-content\/uploads\/2022\/11\/CAmp-Blade-Runner-Eiskletter-Steigeisen-1-400x400.jpg\" alt=\"Das Bild zeigt ein silbernes Fersenteil eines Steigeisens mit einem Knick in der L\u00e4ngsachse.\" width=\"400\" height=\"400\" srcset=\"https:\/\/bolting.eu\/wp-content\/uploads\/2022\/11\/CAmp-Blade-Runner-Eiskletter-Steigeisen-1-400x400.jpg 400w, https:\/\/bolting.eu\/wp-content\/uploads\/2022\/11\/CAmp-Blade-Runner-Eiskletter-Steigeisen-1-247x247.jpg 247w, https:\/\/bolting.eu\/wp-content\/uploads\/2022\/11\/CAmp-Blade-Runner-Eiskletter-Steigeisen-1-100x100.jpg 100w, https:\/\/bolting.eu\/wp-content\/uploads\/2022\/11\/CAmp-Blade-Runner-Eiskletter-Steigeisen-1-510x510.jpg 510w, https:\/\/bolting.eu\/wp-content\/uploads\/2022\/11\/CAmp-Blade-Runner-Eiskletter-Steigeisen-1-280x280.jpg 280w, https:\/\/bolting.eu\/wp-content\/uploads\/2022\/11\/CAmp-Blade-Runner-Eiskletter-Steigeisen-1-300x300.jpg 300w, https:\/\/bolting.eu\/wp-content\/uploads\/2022\/11\/CAmp-Blade-Runner-Eiskletter-Steigeisen-1-600x600.jpg 600w, https:\/\/bolting.eu\/wp-content\/uploads\/2022\/11\/CAmp-Blade-Runner-Eiskletter-Steigeisen-1.jpg 700w\" sizes=\"auto, (max-width: 400px) 100vw, 400px\" \/><\/a><figcaption id=\"caption-attachment-13939\" class=\"wp-caption-text\">Der &#8220;Knick&#8221; genau vor dem Fersenteil macht den Mittelsteg einzigartig. So hat dieses Modell eine viel bessere Passform als viele andere Eiskletter Steigeisen.<\/figcaption><\/figure>\n<p>&nbsp;<\/p>\n","protected":false},"excerpt":{"rendered":"<p>Absolutes Top Steigeisen mit Schwerpunkt auf steiles Eis , anspruchsvoller Alpinismus und Expeditionsbergsteigen.<\/p>\n<p>Der Lieferumfang mit 2. Frontzacken und Semi-Automatic Zehenb\u00fcgel erm\u00f6glicht eine modulare Best\u00fcckung.<\/p>\n<p>Derzeit vielleicht die beste Passform f\u00fcr moderne Bergschuhe aller Modelle am Markt.<\/p>\n<p>Versandkostenfrei bis 2kg in <img decoding=\"async\" class=\"emoji\" role=\"img\" draggable=\"false\" src=\"https:\/\/s.w.org\/images\/core\/emoji\/14.0.0\/svg\/1f1e6-1f1f9.svg\" alt=\"\ud83c\udde6\ud83c\uddf9\" \/> ab \u20ac 100,- und <img decoding=\"async\" class=\"emoji\" role=\"img\" draggable=\"false\" src=\"https:\/\/s.w.org\/images\/core\/emoji\/14.0.0\/svg\/1f1e9-1f1ea.svg\" alt=\"\ud83c\udde9\ud83c\uddea\" \/> ab \u20ac 200,-!<\/p>\n","protected":false},"featured_media":13938,"comment_status":"closed","ping_status":"closed","template":"","meta":[],"product_brand":[],"product_cat":[13938,14288,4653],"product_tag":[],"class_list":{"0":"post-13931","1":"product","2":"type-product","3":"status-publish","4":"has-post-thumbnail","6":"product_cat-bergsteiger-ausruestung","7":"product_cat-steigeisen","8":"product_cat-camp-cassin","10":"first","11":"instock","12":"sale","13":"taxable","14":"shipping-taxable","15":"purchasable","16":"product-type-variable"},"yoast_head":"<!-- This site is optimized with the Yoast SEO Premium plugin v26.9 (Yoast SEO v26.9) - https:\/\/yoast.com\/product\/yoast-seo-premium-wordpress\/ -->\n<title>Camp Blade Runner Steigeisen - absolutes Top Modell | bolting.eu<\/title>\n<meta name=\"description\" content=\"CAMP BLADE RUNNER Eiskletter Steigeisen beim Innsbrucker Kletterprofi kaufen! \u2705 kostenloser Versand \u2705 14 Tage R\u00fcckgaberecht \u2705 Co2 neutrale Zustellung\" \/>\n<meta name=\"robots\" content=\"index, follow, max-snippet:-1, max-image-preview:large, max-video-preview:-1\" \/>\n<link rel=\"canonical\" href=\"https:\/\/bolting.eu\/en\/shop\/camp-blade-runner-steigeisen\/\" \/>\n<meta property=\"og:locale\" content=\"en_US\" \/>\n<meta property=\"og:type\" content=\"article\" \/>\n<meta property=\"og:title\" content=\"Camp Blade Runner Steigeisen\" \/>\n<meta property=\"og:description\" content=\"CAMP BLADE RUNNER Eiskletter Steigeisen beim Innsbrucker Kletterprofi kaufen! \u2705 kostenloser Versand \u2705 14 Tage R\u00fcckgaberecht \u2705 Co2 neutrale Zustellung\" \/>\n<meta property=\"og:url\" content=\"https:\/\/bolting.eu\/en\/shop\/camp-blade-runner-steigeisen\/\" \/>\n<meta property=\"og:site_name\" content=\"bolting.eu\" \/>\n<meta property=\"article:publisher\" content=\"https:\/\/www.facebook.com\/bolting.eu\" \/>\n<meta property=\"article:modified_time\" content=\"2026-02-04T16:21:20+00:00\" \/>\n<meta property=\"og:image\" content=\"https:\/\/bolting.eu\/wp-content\/uploads\/2022\/11\/CAmp-Blade-Runner-Eiskletter-Steigeisen-2.jpg\" \/>\n\t<meta property=\"og:image:width\" content=\"700\" \/>\n\t<meta property=\"og:image:height\" content=\"700\" \/>\n\t<meta property=\"og:image:type\" content=\"image\/jpeg\" \/>\n<meta name=\"twitter:card\" content=\"summary_large_image\" \/>\n<meta name=\"twitter:label1\" content=\"Availability\" \/>\n\t<meta name=\"twitter:data1\" content=\"In stock\" \/>\n<script type=\"application\/ld+json\" class=\"yoast-schema-graph\">{\"@context\":\"https:\/\/schema.org\",\"@graph\":[{\"@type\":[\"WebPage\",\"ItemPage\"],\"@id\":\"https:\/\/bolting.eu\/en\/shop\/camp-blade-runner-steigeisen\/\",\"url\":\"https:\/\/bolting.eu\/en\/shop\/camp-blade-runner-steigeisen\/\",\"name\":\"Camp Blade Runner Steigeisen - absolutes Top Modell | bolting.eu\",\"isPartOf\":{\"@id\":\"https:\/\/bolting.eu\/en\/#website\"},\"primaryImageOfPage\":{\"@id\":\"https:\/\/bolting.eu\/en\/shop\/camp-blade-runner-steigeisen\/#primaryimage\"},\"image\":{\"@id\":\"https:\/\/bolting.eu\/en\/shop\/camp-blade-runner-steigeisen\/#primaryimage\"},\"thumbnailUrl\":\"https:\/\/bolting.eu\/wp-content\/uploads\/2022\/11\/CAmp-Blade-Runner-Eiskletter-Steigeisen-2.jpg\",\"datePublished\":\"2022-11-22T14:02:20+00:00\",\"dateModified\":\"2026-02-04T16:21:20+00:00\",\"description\":\"CAMP BLADE RUNNER Eiskletter Steigeisen beim Innsbrucker Kletterprofi kaufen! \u2705 kostenloser Versand \u2705 14 Tage R\u00fcckgaberecht \u2705 Co2 neutrale Zustellung\",\"breadcrumb\":{\"@id\":\"https:\/\/bolting.eu\/en\/shop\/camp-blade-runner-steigeisen\/#breadcrumb\"},\"inLanguage\":\"en-US\",\"potentialAction\":[{\"@type\":\"ReadAction\",\"target\":[\"https:\/\/bolting.eu\/en\/shop\/camp-blade-runner-steigeisen\/\"]}]},{\"@type\":\"ImageObject\",\"inLanguage\":\"en-US\",\"@id\":\"https:\/\/bolting.eu\/en\/shop\/camp-blade-runner-steigeisen\/#primaryimage\",\"url\":\"https:\/\/bolting.eu\/wp-content\/uploads\/2022\/11\/CAmp-Blade-Runner-Eiskletter-Steigeisen-2.jpg\",\"contentUrl\":\"https:\/\/bolting.eu\/wp-content\/uploads\/2022\/11\/CAmp-Blade-Runner-Eiskletter-Steigeisen-2.jpg\",\"width\":700,\"height\":700,\"caption\":\"Das Bild zeigt das orange silberne Camp Blade Runner Steigeisen mit Kipphebel Bindung und Mono Frontzacken von der Seite.\"},{\"@type\":\"BreadcrumbList\",\"@id\":\"https:\/\/bolting.eu\/en\/shop\/camp-blade-runner-steigeisen\/#breadcrumb\",\"itemListElement\":[{\"@type\":\"ListItem\",\"position\":1,\"name\":\"Shop\",\"item\":\"https:\/\/bolting.eu\/en\/shop\/\"},{\"@type\":\"ListItem\",\"position\":2,\"name\":\"Bergsteiger Ausr\u00fcstung\",\"item\":\"https:\/\/bolting.eu\/produkt-kategorie\/bergsteiger-ausruestung\/\"},{\"@type\":\"ListItem\",\"position\":3,\"name\":\"Steigeisen\",\"item\":\"https:\/\/bolting.eu\/produkt-kategorie\/bergsteiger-ausruestung\/steigeisen\/\"},{\"@type\":\"ListItem\",\"position\":4,\"name\":\"Camp Blade Runner Steigeisen\"}]},{\"@type\":\"WebSite\",\"@id\":\"https:\/\/bolting.eu\/en\/#website\",\"url\":\"https:\/\/bolting.eu\/en\/\",\"name\":\"bolting.eu\",\"description\":\"we make climbs happen\",\"publisher\":{\"@id\":\"https:\/\/bolting.eu\/en\/#organization\"},\"potentialAction\":[{\"@type\":\"SearchAction\",\"target\":{\"@type\":\"EntryPoint\",\"urlTemplate\":\"https:\/\/bolting.eu\/en\/?s={search_term_string}\"},\"query-input\":{\"@type\":\"PropertyValueSpecification\",\"valueRequired\":true,\"valueName\":\"search_term_string\"}}],\"inLanguage\":\"en-US\"},{\"@type\":[\"Organization\",\"Place\",\"SportingGoodsStore\"],\"@id\":\"https:\/\/bolting.eu\/en\/#organization\",\"name\":\"bolting.eu\",\"url\":\"https:\/\/bolting.eu\/en\/\",\"logo\":{\"@id\":\"https:\/\/bolting.eu\/en\/shop\/camp-blade-runner-steigeisen\/#local-main-organization-logo\"},\"image\":{\"@id\":\"https:\/\/bolting.eu\/en\/shop\/camp-blade-runner-steigeisen\/#local-main-organization-logo\"},\"sameAs\":[\"https:\/\/www.facebook.com\/bolting.eu\",\"https:\/\/www.instagram.com\/bolting.eu\/\"],\"address\":{\"@id\":\"https:\/\/bolting.eu\/en\/shop\/camp-blade-runner-steigeisen\/#local-main-place-address\"},\"geo\":{\"@type\":\"GeoCoordinates\",\"latitude\":\"47.264176340396226\",\"longitude\":\"11.380109057672346\"},\"telephone\":[\"+43 699 19083372\"],\"openingHoursSpecification\":[{\"@type\":\"OpeningHoursSpecification\",\"dayOfWeek\":[\"Monday\",\"Wednesday\",\"Friday\"],\"opens\":\"14:00\",\"closes\":\"18:00\"},{\"@type\":\"OpeningHoursSpecification\",\"dayOfWeek\":[\"Tuesday\",\"Thursday\",\"Saturday\",\"Sunday\"],\"opens\":\"00:00\",\"closes\":\"00:00\"}],\"email\":\"office@bolting.eu\",\"vatID\":\"ATU59999728\",\"priceRange\":\"$$\",\"currenciesAccepted\":\"Euro\"},{\"@type\":\"PostalAddress\",\"@id\":\"https:\/\/bolting.eu\/en\/shop\/camp-blade-runner-steigeisen\/#local-main-place-address\",\"streetAddress\":\"Fischnalerstra\u00dfe 4\",\"addressLocality\":\"Innsbruck\",\"postalCode\":\"6020\",\"addressRegion\":\"Tirol\",\"addressCountry\":\"AT\"},{\"@type\":\"ImageObject\",\"inLanguage\":\"en-US\",\"@id\":\"https:\/\/bolting.eu\/en\/shop\/camp-blade-runner-steigeisen\/#local-main-organization-logo\",\"url\":\"https:\/\/bolting.eu\/wp-content\/uploads\/2019\/09\/bolting-logo.png\",\"contentUrl\":\"https:\/\/bolting.eu\/wp-content\/uploads\/2019\/09\/bolting-logo.png\",\"width\":400,\"height\":211,\"caption\":\"bolting.eu\"}]}<\/script>\n<meta property=\"og:video\" content=\"https:\/\/www.youtube.com\/embed\/wRb2AmtvU7M\" \/>\n<meta property=\"og:video:type\" content=\"text\/html\" \/>\n<meta property=\"og:video:duration\" content=\"234\" \/>\n<meta property=\"og:video:width\" content=\"480\" \/>\n<meta property=\"og:video:height\" content=\"270\" \/>\n<meta property=\"ya:ovs:adult\" content=\"false\" \/>\n<meta property=\"ya:ovs:upload_date\" content=\"2022-11-22T14:02:20+00:00\" \/>\n<meta property=\"ya:ovs:allow_embed\" content=\"true\" \/>\n<meta property=\"og:availability\" content=\"instock\" \/>\n<meta property=\"product:availability\" content=\"instock\" \/>\n<meta property=\"product:condition\" content=\"new\" \/>\n<meta name=\"geo.placename\" content=\"Innsbruck\" \/>\n<meta name=\"geo.position\" content=\"47.264176340396226;11.380109057672346\" \/>\n<meta name=\"geo.region\" content=\"Austria\" \/>\n<!-- \/ Yoast SEO Premium plugin. -->","yoast_head_json":{"title":"Camp Blade Runner Steigeisen - absolutes Top Modell | bolting.eu","description":"CAMP BLADE RUNNER Eiskletter Steigeisen beim Innsbrucker Kletterprofi kaufen! \u2705 kostenloser Versand \u2705 14 Tage R\u00fcckgaberecht \u2705 Co2 neutrale Zustellung","robots":{"index":"index","follow":"follow","max-snippet":"max-snippet:-1","max-image-preview":"max-image-preview:large","max-video-preview":"max-video-preview:-1"},"canonical":"https:\/\/bolting.eu\/en\/shop\/camp-blade-runner-steigeisen\/","og_locale":"en_US","og_type":"article","og_title":"Camp Blade Runner Steigeisen","og_description":"CAMP BLADE RUNNER Eiskletter Steigeisen beim Innsbrucker Kletterprofi kaufen! \u2705 kostenloser Versand \u2705 14 Tage R\u00fcckgaberecht \u2705 Co2 neutrale Zustellung","og_url":"https:\/\/bolting.eu\/en\/shop\/camp-blade-runner-steigeisen\/","og_site_name":"bolting.eu","article_publisher":"https:\/\/www.facebook.com\/bolting.eu","article_modified_time":"2026-02-04T16:21:20+00:00","og_image":[{"width":700,"height":700,"url":"https:\/\/bolting.eu\/wp-content\/uploads\/2022\/11\/CAmp-Blade-Runner-Eiskletter-Steigeisen-2.jpg","type":"image\/jpeg"}],"twitter_card":"summary_large_image","twitter_misc":{"Availability":"In stock"},"schema":{"@context":"https:\/\/schema.org","@graph":[{"@type":["WebPage","ItemPage"],"@id":"https:\/\/bolting.eu\/en\/shop\/camp-blade-runner-steigeisen\/","url":"https:\/\/bolting.eu\/en\/shop\/camp-blade-runner-steigeisen\/","name":"Camp Blade Runner Steigeisen - absolutes Top Modell | bolting.eu","isPartOf":{"@id":"https:\/\/bolting.eu\/en\/#website"},"primaryImageOfPage":{"@id":"https:\/\/bolting.eu\/en\/shop\/camp-blade-runner-steigeisen\/#primaryimage"},"image":{"@id":"https:\/\/bolting.eu\/en\/shop\/camp-blade-runner-steigeisen\/#primaryimage"},"thumbnailUrl":"https:\/\/bolting.eu\/wp-content\/uploads\/2022\/11\/CAmp-Blade-Runner-Eiskletter-Steigeisen-2.jpg","datePublished":"2022-11-22T14:02:20+00:00","dateModified":"2026-02-04T16:21:20+00:00","description":"CAMP BLADE RUNNER Eiskletter Steigeisen beim Innsbrucker Kletterprofi kaufen! \u2705 kostenloser Versand \u2705 14 Tage R\u00fcckgaberecht \u2705 Co2 neutrale Zustellung","breadcrumb":{"@id":"https:\/\/bolting.eu\/en\/shop\/camp-blade-runner-steigeisen\/#breadcrumb"},"inLanguage":"en-US","potentialAction":[{"@type":"ReadAction","target":["https:\/\/bolting.eu\/en\/shop\/camp-blade-runner-steigeisen\/"]}]},{"@type":"ImageObject","inLanguage":"en-US","@id":"https:\/\/bolting.eu\/en\/shop\/camp-blade-runner-steigeisen\/#primaryimage","url":"https:\/\/bolting.eu\/wp-content\/uploads\/2022\/11\/CAmp-Blade-Runner-Eiskletter-Steigeisen-2.jpg","contentUrl":"https:\/\/bolting.eu\/wp-content\/uploads\/2022\/11\/CAmp-Blade-Runner-Eiskletter-Steigeisen-2.jpg","width":700,"height":700,"caption":"Das Bild zeigt das orange silberne Camp Blade Runner Steigeisen mit Kipphebel Bindung und Mono Frontzacken von der Seite."},{"@type":"BreadcrumbList","@id":"https:\/\/bolting.eu\/en\/shop\/camp-blade-runner-steigeisen\/#breadcrumb","itemListElement":[{"@type":"ListItem","position":1,"name":"Shop","item":"https:\/\/bolting.eu\/en\/shop\/"},{"@type":"ListItem","position":2,"name":"Bergsteiger Ausr\u00fcstung","item":"https:\/\/bolting.eu\/produkt-kategorie\/bergsteiger-ausruestung\/"},{"@type":"ListItem","position":3,"name":"Steigeisen","item":"https:\/\/bolting.eu\/produkt-kategorie\/bergsteiger-ausruestung\/steigeisen\/"},{"@type":"ListItem","position":4,"name":"Camp Blade Runner Steigeisen"}]},{"@type":"WebSite","@id":"https:\/\/bolting.eu\/en\/#website","url":"https:\/\/bolting.eu\/en\/","name":"bolting.eu","description":"we make climbs happen","publisher":{"@id":"https:\/\/bolting.eu\/en\/#organization"},"potentialAction":[{"@type":"SearchAction","target":{"@type":"EntryPoint","urlTemplate":"https:\/\/bolting.eu\/en\/?s={search_term_string}"},"query-input":{"@type":"PropertyValueSpecification","valueRequired":true,"valueName":"search_term_string"}}],"inLanguage":"en-US"},{"@type":["Organization","Place","SportingGoodsStore"],"@id":"https:\/\/bolting.eu\/en\/#organization","name":"bolting.eu","url":"https:\/\/bolting.eu\/en\/","logo":{"@id":"https:\/\/bolting.eu\/en\/shop\/camp-blade-runner-steigeisen\/#local-main-organization-logo"},"image":{"@id":"https:\/\/bolting.eu\/en\/shop\/camp-blade-runner-steigeisen\/#local-main-organization-logo"},"sameAs":["https:\/\/www.facebook.com\/bolting.eu","https:\/\/www.instagram.com\/bolting.eu\/"],"address":{"@id":"https:\/\/bolting.eu\/en\/shop\/camp-blade-runner-steigeisen\/#local-main-place-address"},"geo":{"@type":"GeoCoordinates","latitude":"47.264176340396226","longitude":"11.380109057672346"},"telephone":["+43 699 19083372"],"openingHoursSpecification":[{"@type":"OpeningHoursSpecification","dayOfWeek":["Monday","Wednesday","Friday"],"opens":"14:00","closes":"18:00"},{"@type":"OpeningHoursSpecification","dayOfWeek":["Tuesday","Thursday","Saturday","Sunday"],"opens":"00:00","closes":"00:00"}],"email":"office@bolting.eu","vatID":"ATU59999728","priceRange":"$$","currenciesAccepted":"Euro"},{"@type":"PostalAddress","@id":"https:\/\/bolting.eu\/en\/shop\/camp-blade-runner-steigeisen\/#local-main-place-address","streetAddress":"Fischnalerstra\u00dfe 4","addressLocality":"Innsbruck","postalCode":"6020","addressRegion":"Tirol","addressCountry":"AT"},{"@type":"ImageObject","inLanguage":"en-US","@id":"https:\/\/bolting.eu\/en\/shop\/camp-blade-runner-steigeisen\/#local-main-organization-logo","url":"https:\/\/bolting.eu\/wp-content\/uploads\/2019\/09\/bolting-logo.png","contentUrl":"https:\/\/bolting.eu\/wp-content\/uploads\/2019\/09\/bolting-logo.png","width":400,"height":211,"caption":"bolting.eu"}]},"og_video":"https:\/\/www.youtube.com\/embed\/wRb2AmtvU7M","og_video_type":"text\/html","og_video_duration":"234","og_video_width":"480","og_video_height":"270","ya_ovs_adult":"false","ya_ovs_upload_date":"2022-11-22T14:02:20+00:00","ya_ovs_allow_embed":"true","og_availability":"instock","product_availability":"instock","product_condition":"new","geo.placename":"Innsbruck","geo.position":{"lat":"47.264176340396226","long":"11.380109057672346"},"geo.region":"Austria"},"_links":{"self":[{"href":"https:\/\/bolting.eu\/en\/wp-json\/wp\/v2\/product\/13931","targetHints":{"allow":["GET"]}}],"collection":[{"href":"https:\/\/bolting.eu\/en\/wp-json\/wp\/v2\/product"}],"about":[{"href":"https:\/\/bolting.eu\/en\/wp-json\/wp\/v2\/types\/product"}],"replies":[{"embeddable":true,"href":"https:\/\/bolting.eu\/en\/wp-json\/wp\/v2\/comments?post=13931"}],"wp:featuredmedia":[{"embeddable":true,"href":"https:\/\/bolting.eu\/en\/wp-json\/wp\/v2\/media\/13938"}],"wp:attachment":[{"href":"https:\/\/bolting.eu\/en\/wp-json\/wp\/v2\/media?parent=13931"}],"wp:term":[{"taxonomy":"product_brand","embeddable":true,"href":"https:\/\/bolting.eu\/en\/wp-json\/wp\/v2\/product_brand?post=13931"},{"taxonomy":"product_cat","embeddable":true,"href":"https:\/\/bolting.eu\/en\/wp-json\/wp\/v2\/product_cat?post=13931"},{"taxonomy":"product_tag","embeddable":true,"href":"https:\/\/bolting.eu\/en\/wp-json\/wp\/v2\/product_tag?post=13931"}],"curies":[{"name":"wp","href":"https:\/\/api.w.org\/{rel}","templated":true}]}}