{"id":1393,"date":"2020-02-23T17:20:19","date_gmt":"2020-02-23T16:20:19","guid":{"rendered":"https:\/\/bolting.eu\/?post_type=product&#038;p=1393"},"modified":"2026-04-22T09:42:48","modified_gmt":"2026-04-22T07:42:48","slug":"sds-plus-bohrer-pointer","status":"publish","type":"product","link":"https:\/\/bolting.eu\/en\/shop\/sds-plus-bohrer-pointer\/","title":{"rendered":"SDS Plus Bohrer Pointer"},"content":{"rendered":"<p>Der SDS Plus Bohrer Pointer von Fischer ist ein <strong>zweischneidiger Zertr\u00fcmmerungsbohrer<\/strong> mit <strong>SDS plus <\/strong>Fassung. Somit kann er auf <strong>allen g\u00e4ngigen Hammerbohrern mit SDS Fassung<\/strong> montiert werden.<\/p>\n<p>Zum einen ist er perfekt f\u00fcr Beton. Zum anderen ein hochwertiger SDS Bohrer zum <a href=\"https:\/\/bolting.eu\/kletterroute-einbohren\/\">Kletterroute einbohren<\/a>. Folglich ist dieses hochpreisige Produkt die ideale Option f\u00fcr alle, die Qualit\u00e4t an erste Stelle stellen.<\/p>\n<h3>SDS Plus Bohrer Pointer<\/h3>\n<p>Egal ob man eine <a href=\"https:\/\/bolting.eu\/kletterroute-mit-bohrhaken-einrichten\/\">Kletterroute mit Bohrhaken einrichten<\/a> will. Oder eine <a href=\"https:\/\/bolting.eu\/kletterroute-mit-bohrhaken-einrichten\/\">Kletterroute mit Klebehaken einrichten<\/a> m\u00f6chte. Dieser Bohrer hat ein hervorragendes Preis-Leistungsverh\u00e4ltnis. Denn einerseits besticht er mit hoher Langlebigkeit. Vorausgesetzt man beachtet den geringen Anpressdruck beim Bohren. Andererseits sorgt die Schneide f\u00fcr einen perfekten, runden Radius. \u00dcberdies performt der geh\u00e4rtete Bohrer auch in hartem Gestein ganz ordentlich.<\/p>\n<p>Du bohrst sehr viel in ganz hartem Granit oder Gneis? Dann solltest du Dir vielleicht einen noch h\u00f6herwertigen Bohrer \u00fcberlegen. Beispielsweise den <a href=\"https:\/\/bolting.eu\/shop\/bohrer-sds-quattric-ii\/\">Bohrer SDS Quattric II<\/a> von Fischer. Dieser ist f\u00fcr bew\u00e4hrten Beton bzw. extrem hartes Gestein die beste Wahl.<\/p>\n<h3>Einsatzbereiche SDS Plus Bohrer Pointer<\/h3>\n<p>Dieser Bohrer ist ideal f\u00fcr die folgenden Einsatzbereiche:<\/p>\n<ul>\n<li><a href=\"https:\/\/bolting.eu\/klettergarten-wartung\/\">Klettergarten Wartung<\/a><\/li>\n<li><a href=\"https:\/\/bolting.eu\/consulting-errichtung\/klettergarten-sanierung\/\">Sanierung Kletterg\u00e4rten<\/a><\/li>\n<li><a href=\"https:\/\/bolting.eu\/consulting-errichtung\/klettergarten-errichtung\/\">Klettergarten Errichtung<\/a><\/li>\n<li><a href=\"https:\/\/bolting.eu\/produkt-kategorie\/klettersteigbau-klettersteigmaterial\/\">Bau Klettersteige<\/a><\/li>\n<\/ul>\n<h3>PGM Pr\u00fcfmarke<\/h3>\n<p><a href=\"https:\/\/bolting.eu\/sds-bohrer-pgm-pruefmarke\/\"><img loading=\"lazy\" decoding=\"async\" class=\"alignleft wp-image-570\" src=\"https:\/\/bolting.eu\/wp-content\/uploads\/2019\/10\/SDS-Bohrer-PGM-Pruefmarke-280x261.jpg\" alt=\"Das Bild zeigt das Symbol der PGM Pr\u00fcfmarke. Es sist dies die schematische Darstellungeiner HAmmerbohrer Krone in d\u00fcnnen, dunkelblauen Linien. Rechts oberhalb ein sehr kleiner Kreis mit einem gro\u00dfen R darin f\u00fcr &quot;registrierte Marke&quot;.\" width=\"150\" height=\"131\" \/><\/a>Der SDS Plus Bohrer Pointer hat die PGM Pr\u00fcfmarke. Somit ist das &#8220;Scheiden -Eckma\u00df&#8221; garantiert. D.h. der Bohrer produziert garantiert die angegeben Lochbreiten.<\/p>\n<p>Wer <a href=\"https:\/\/bolting.eu\/produkt-kategorie\/bohrhaken\/\">Bohrhaken<\/a> setzt sollte unbedingt auf dieses Qualit\u00e4tsmerkmal achten. Sind die Bohrhaken beispielsweise schwer einzuschlagen, so liegt das meistens am Durchmesser des Bohrers. Es braucht zum einen nur ein kleines St\u00fcck an der Schneide seitlich ausbrechen. Oder zum anderen die Abnutzung den Durchmesser nur um wenige zehntel mm verkleinert haben. Er ist dann umgehend auszutauschen. F\u00fcr kleine <a href=\"https:\/\/bolting.eu\/produkt-kategorie\/klebehaken-buehlerhaken\/\">Klebehaken<\/a> empfehlen wir ebenfalls strikt auf einen Bohrer mit PGM Marke zu vertrauen! Wie beispielsweise beim 8mm <a href=\"https:\/\/bolting.eu\/shop\/buehlerhaken\/\">B\u00fchlerhaken<\/a>. Hier m\u00f6chte man eine m\u00f6glichst gleichm\u00e4\u00dfige Umh\u00fcllung des Hakens mit dem <a href=\"https:\/\/bolting.eu\/produkt-kategorie\/injektionsmoertel\/\">Injektionsm\u00f6rtel<\/a>.<\/p>\n<h3>Vario KVS Wendel am SDS Plus Bohrer Pointer<\/h3>\n<p>Der neue Vario-KVS-Bohrwendel bietet gleich mehrere Vorteile!<\/p>\n<p>Erstens reduziert die schmale R\u00fcckenbreite hinter dem Bohrkopf die Reibung. Dies sorgt f\u00fcr eine kraftvolle Energie\u00fcbertragung beim Schlagbohren. Zweitens verbessert der Bohrwendel den Bohrmehl Transport. Und drittens erh\u00f6ht die Spiralgeometrie die Stabilit\u00e4t und somit die Bruchsicherheit.<\/p>\n<h3>Geringer Anpressdruck<\/h3>\n<p>Achtet beim Bohren mit dem SDS Plus Bohrer Pointer auf einen geringen Anpressdruck. So kann der Bohrer nicht zu \u00fcberhitzen. Denn dies f\u00fchrt in der Regel zum Bruch \/ Riss der Schneiden. Man muss gerade soviel andr\u00fccken, dass der Hammerbohrer zu &#8220;schlagen&#8221; beginnt!<\/p>\n<h3>Passendes Zubeh\u00f6r<\/h3>\n<p>F\u00fcr die Bohrlochreinigung ist es wichtig das passende Zubeh\u00f6r zu verwenden. Ein <a href=\"https:\/\/bolting.eu\/shop\/bohrloch-ausblaeser\/\">Bohrloch Ausbl\u00e4ser<\/a> entfernt dabei zuerst das Bohrmehl. Mit einer Lochb\u00fcrste wird dann das Loch ausgeputzt. Man kann das <a href=\"https:\/\/bolting.eu\/shop\/fischer-buerste\/\">Fischer B\u00fcrste Set<\/a> mit Borsten aus PVC verwenden. Wer sehr viele L\u00f6cher mit dem SDS Plus Bohrer Pointer bohrt sollte die <a href=\"https:\/\/bolting.eu\/shop\/fischer-lochbuerste\/\">Fischer Lochb\u00fcrste<\/a> aus Edelstahl in Betracht ziehen.<\/p>\n<h3>Eigenschaften<\/h3>\n<p>Der SDS Plus Bohrer Pointer hat folgende Eigenschaften:<\/p>\n<ul>\n<li>SDS plus Fassung<\/li>\n<li>Bohrdurchmesser 8 &#8211; 30mm<\/li>\n<li>Zentrierspitze f\u00fcr exaktes &#8220;Anbohren&#8221;<\/li>\n<li>&#8220;power Breakers&#8221; am Bohrkopf f\u00fcr mehr Bohrgeschwindigkeit<\/li>\n<li>Vario-KVS-Bohrwendel f\u00fcr optimale Performance<\/li>\n<li>PGM Pr\u00fcfmarke<\/li>\n<li>Gewicht 80 &#8211; 350 Gramm<\/li>\n<\/ul>\n<h3>Praxis Tipp<\/h3>\n<p>Kauft Euch immer gleich mehrere SDS Plus Bohrer Pointer. Denn man sollte immer gleich drei Bohrer mit in die Wand zum Einbohren nehmen. Denn erstens kann ein Bohrer immer kaputt werden. Und zweitens kann einem immer ein Bohrer hinunter fallen. Plant also immer gen\u00fcgend Redundanz ein.<\/p>\n<p>Auch wenn drei Bohrer mehr Gewicht bedeuten. Wer schon einmal eine alpine Einbohraktion abgebrochen hat, weil er keinen Bohrer mehr hatte, wei\u00df wovon wir hier sprechen \ud83d\ude09<\/p>\n<p>Link Tipp: <a href=\"https:\/\/www.fischer.de\" target=\"_blank\" rel=\"noopener noreferrer\">zum Hersteller<\/a><\/p>\n","protected":false},"excerpt":{"rendered":"<p>Unser Standard SDS Bohrer f\u00fcr alle Verankerungen bzw. Bohrl\u00f6cher mit zentrierspitze f\u00fcr exaktes &#8220;Anbohren&#8221;<\/p>\n<p>Inkl. PGM Pr\u00fcfmarke, zweischneidiger Hartmetall Bohrkrone und zweiwendeligem Schaft f\u00fcr lange Lebensdauer<\/p>\n<p>Versandkostenfrei bis 2kg in <img decoding=\"async\" class=\"emoji\" role=\"img\" draggable=\"false\" src=\"https:\/\/s.w.org\/images\/core\/emoji\/14.0.0\/svg\/1f1e6-1f1f9.svg\" alt=\"\ud83c\udde6\ud83c\uddf9\" \/> ab \u20ac 100,- und <img decoding=\"async\" class=\"emoji\" role=\"img\" draggable=\"false\" src=\"https:\/\/s.w.org\/images\/core\/emoji\/14.0.0\/svg\/1f1e9-1f1ea.svg\" alt=\"\ud83c\udde9\ud83c\uddea\" \/> ab \u20ac 200,-!<\/p>\n","protected":false},"featured_media":1377,"comment_status":"closed","ping_status":"closed","template":"","meta":[],"product_brand":[],"product_cat":[1210,4652,54],"product_tag":[],"class_list":{"0":"post-1393","1":"product","2":"type-product","3":"status-publish","4":"has-post-thumbnail","6":"product_cat-einbohrartikel","7":"product_cat-fischer","8":"product_cat-sds-bohrer","10":"first","11":"instock","12":"taxable","13":"shipping-taxable","14":"purchasable","15":"product-type-variable"},"yoast_head":"<!-- This site is optimized with the Yoast SEO Premium plugin v26.9 (Yoast SEO v26.9) - https:\/\/yoast.com\/product\/yoast-seo-premium-wordpress\/ -->\n<title>SDS Plus Bohrer Pointer - kaufen beim Einbohr Profi |bolting.eu<\/title>\n<meta name=\"description\" content=\"SDS Plus Bohrer Pointer von Fischer beim Kletter Hardwareprofi aus Innsbruck kaufen \u2705 kostenloser Versand* \u2705 14 Tage R\u00fcckgaberecht \u2705 Co2 neutraler Versand\" \/>\n<meta name=\"robots\" content=\"index, follow, max-snippet:-1, max-image-preview:large, max-video-preview:-1\" \/>\n<link rel=\"canonical\" href=\"https:\/\/bolting.eu\/en\/shop\/sds-plus-bohrer-pointer\/\" \/>\n<meta property=\"og:locale\" content=\"en_US\" \/>\n<meta property=\"og:type\" content=\"article\" \/>\n<meta property=\"og:title\" content=\"SDS Plus Bohrer Pointer\" \/>\n<meta property=\"og:description\" content=\"SDS Plus Bohrer Pointer von Fischer beim Kletter Hardwareprofi aus Innsbruck kaufen \u2705 kostenloser Versand* \u2705 14 Tage R\u00fcckgaberecht \u2705 Co2 neutraler Versand\" \/>\n<meta property=\"og:url\" content=\"https:\/\/bolting.eu\/en\/shop\/sds-plus-bohrer-pointer\/\" \/>\n<meta property=\"og:site_name\" content=\"bolting.eu\" \/>\n<meta property=\"article:publisher\" content=\"https:\/\/www.facebook.com\/bolting.eu\" \/>\n<meta property=\"article:modified_time\" content=\"2026-04-22T07:42:48+00:00\" \/>\n<meta property=\"og:image\" content=\"https:\/\/bolting.eu\/wp-content\/uploads\/2020\/02\/SDS-Bohrer-Quattric-II.jpg\" \/>\n\t<meta property=\"og:image:width\" content=\"700\" \/>\n\t<meta property=\"og:image:height\" content=\"700\" \/>\n\t<meta property=\"og:image:type\" content=\"image\/jpeg\" \/>\n<meta name=\"twitter:card\" content=\"summary_large_image\" \/>\n<meta name=\"twitter:label1\" content=\"Availability\" \/>\n\t<meta name=\"twitter:data1\" content=\"In stock\" \/>\n<script type=\"application\/ld+json\" class=\"yoast-schema-graph\">{\"@context\":\"https:\/\/schema.org\",\"@graph\":[{\"@type\":[\"WebPage\",\"ItemPage\"],\"@id\":\"https:\/\/bolting.eu\/en\/shop\/sds-plus-bohrer-pointer\/\",\"url\":\"https:\/\/bolting.eu\/en\/shop\/sds-plus-bohrer-pointer\/\",\"name\":\"SDS Plus Bohrer Pointer - kaufen beim Einbohr Profi |bolting.eu\",\"isPartOf\":{\"@id\":\"https:\/\/bolting.eu\/en\/#website\"},\"primaryImageOfPage\":{\"@id\":\"https:\/\/bolting.eu\/en\/shop\/sds-plus-bohrer-pointer\/#primaryimage\"},\"image\":{\"@id\":\"https:\/\/bolting.eu\/en\/shop\/sds-plus-bohrer-pointer\/#primaryimage\"},\"thumbnailUrl\":\"https:\/\/bolting.eu\/wp-content\/uploads\/2020\/02\/SDS-Bohrer-Quattric-II.jpg\",\"datePublished\":\"2020-02-23T16:20:19+00:00\",\"dateModified\":\"2026-04-22T07:42:48+00:00\",\"description\":\"SDS Plus Bohrer Pointer von Fischer beim Kletter Hardwareprofi aus Innsbruck kaufen \u2705 kostenloser Versand* \u2705 14 Tage R\u00fcckgaberecht \u2705 Co2 neutraler Versand\",\"breadcrumb\":{\"@id\":\"https:\/\/bolting.eu\/en\/shop\/sds-plus-bohrer-pointer\/#breadcrumb\"},\"inLanguage\":\"en-US\",\"potentialAction\":[{\"@type\":\"ReadAction\",\"target\":[\"https:\/\/bolting.eu\/en\/shop\/sds-plus-bohrer-pointer\/\"]}]},{\"@type\":\"ImageObject\",\"inLanguage\":\"en-US\",\"@id\":\"https:\/\/bolting.eu\/en\/shop\/sds-plus-bohrer-pointer\/#primaryimage\",\"url\":\"https:\/\/bolting.eu\/wp-content\/uploads\/2020\/02\/SDS-Bohrer-Quattric-II.jpg\",\"contentUrl\":\"https:\/\/bolting.eu\/wp-content\/uploads\/2020\/02\/SDS-Bohrer-Quattric-II.jpg\",\"width\":700,\"height\":700,\"caption\":\"Das Bild zeigt einen silbernen Bohrer SDS Quattric II in einem wei\u00dfem Quadrat.\"},{\"@type\":\"BreadcrumbList\",\"@id\":\"https:\/\/bolting.eu\/en\/shop\/sds-plus-bohrer-pointer\/#breadcrumb\",\"itemListElement\":[{\"@type\":\"ListItem\",\"position\":1,\"name\":\"Shop\",\"item\":\"https:\/\/bolting.eu\/en\/shop\/\"},{\"@type\":\"ListItem\",\"position\":2,\"name\":\"SDS Bohrer\",\"item\":\"https:\/\/bolting.eu\/produkt-kategorie\/sds-bohrer\/\"},{\"@type\":\"ListItem\",\"position\":3,\"name\":\"SDS Plus Bohrer Pointer\"}]},{\"@type\":\"WebSite\",\"@id\":\"https:\/\/bolting.eu\/en\/#website\",\"url\":\"https:\/\/bolting.eu\/en\/\",\"name\":\"bolting.eu\",\"description\":\"we make climbs happen\",\"publisher\":{\"@id\":\"https:\/\/bolting.eu\/en\/#organization\"},\"potentialAction\":[{\"@type\":\"SearchAction\",\"target\":{\"@type\":\"EntryPoint\",\"urlTemplate\":\"https:\/\/bolting.eu\/en\/?s={search_term_string}\"},\"query-input\":{\"@type\":\"PropertyValueSpecification\",\"valueRequired\":true,\"valueName\":\"search_term_string\"}}],\"inLanguage\":\"en-US\"},{\"@type\":[\"Organization\",\"Place\",\"SportingGoodsStore\"],\"@id\":\"https:\/\/bolting.eu\/en\/#organization\",\"name\":\"bolting.eu\",\"url\":\"https:\/\/bolting.eu\/en\/\",\"logo\":{\"@id\":\"https:\/\/bolting.eu\/en\/shop\/sds-plus-bohrer-pointer\/#local-main-organization-logo\"},\"image\":{\"@id\":\"https:\/\/bolting.eu\/en\/shop\/sds-plus-bohrer-pointer\/#local-main-organization-logo\"},\"sameAs\":[\"https:\/\/www.facebook.com\/bolting.eu\",\"https:\/\/www.instagram.com\/bolting.eu\/\"],\"address\":{\"@id\":\"https:\/\/bolting.eu\/en\/shop\/sds-plus-bohrer-pointer\/#local-main-place-address\"},\"geo\":{\"@type\":\"GeoCoordinates\",\"latitude\":\"47.264176340396226\",\"longitude\":\"11.380109057672346\"},\"telephone\":[\"+43 699 19083372\"],\"openingHoursSpecification\":[{\"@type\":\"OpeningHoursSpecification\",\"dayOfWeek\":[\"Monday\",\"Wednesday\",\"Friday\"],\"opens\":\"14:00\",\"closes\":\"18:00\"},{\"@type\":\"OpeningHoursSpecification\",\"dayOfWeek\":[\"Tuesday\",\"Thursday\",\"Saturday\",\"Sunday\"],\"opens\":\"00:00\",\"closes\":\"00:00\"}],\"email\":\"office@bolting.eu\",\"vatID\":\"ATU59999728\",\"priceRange\":\"$$\",\"currenciesAccepted\":\"Euro\"},{\"@type\":\"PostalAddress\",\"@id\":\"https:\/\/bolting.eu\/en\/shop\/sds-plus-bohrer-pointer\/#local-main-place-address\",\"streetAddress\":\"Fischnalerstra\u00dfe 4\",\"addressLocality\":\"Innsbruck\",\"postalCode\":\"6020\",\"addressRegion\":\"Tirol\",\"addressCountry\":\"AT\"},{\"@type\":\"ImageObject\",\"inLanguage\":\"en-US\",\"@id\":\"https:\/\/bolting.eu\/en\/shop\/sds-plus-bohrer-pointer\/#local-main-organization-logo\",\"url\":\"https:\/\/bolting.eu\/wp-content\/uploads\/2019\/09\/bolting-logo.png\",\"contentUrl\":\"https:\/\/bolting.eu\/wp-content\/uploads\/2019\/09\/bolting-logo.png\",\"width\":400,\"height\":211,\"caption\":\"bolting.eu\"}]}<\/script>\n<meta property=\"og:availability\" content=\"instock\" \/>\n<meta property=\"product:availability\" content=\"instock\" \/>\n<meta property=\"product:condition\" content=\"new\" \/>\n<meta name=\"geo.placename\" content=\"Innsbruck\" \/>\n<meta name=\"geo.position\" content=\"47.264176340396226;11.380109057672346\" \/>\n<meta name=\"geo.region\" content=\"Austria\" \/>\n<!-- \/ Yoast SEO Premium plugin. -->","yoast_head_json":{"title":"SDS Plus Bohrer Pointer - kaufen beim Einbohr Profi |bolting.eu","description":"SDS Plus Bohrer Pointer von Fischer beim Kletter Hardwareprofi aus Innsbruck kaufen \u2705 kostenloser Versand* \u2705 14 Tage R\u00fcckgaberecht \u2705 Co2 neutraler Versand","robots":{"index":"index","follow":"follow","max-snippet":"max-snippet:-1","max-image-preview":"max-image-preview:large","max-video-preview":"max-video-preview:-1"},"canonical":"https:\/\/bolting.eu\/en\/shop\/sds-plus-bohrer-pointer\/","og_locale":"en_US","og_type":"article","og_title":"SDS Plus Bohrer Pointer","og_description":"SDS Plus Bohrer Pointer von Fischer beim Kletter Hardwareprofi aus Innsbruck kaufen \u2705 kostenloser Versand* \u2705 14 Tage R\u00fcckgaberecht \u2705 Co2 neutraler Versand","og_url":"https:\/\/bolting.eu\/en\/shop\/sds-plus-bohrer-pointer\/","og_site_name":"bolting.eu","article_publisher":"https:\/\/www.facebook.com\/bolting.eu","article_modified_time":"2026-04-22T07:42:48+00:00","og_image":[{"width":700,"height":700,"url":"https:\/\/bolting.eu\/wp-content\/uploads\/2020\/02\/SDS-Bohrer-Quattric-II.jpg","type":"image\/jpeg"}],"twitter_card":"summary_large_image","twitter_misc":{"Availability":"In stock"},"schema":{"@context":"https:\/\/schema.org","@graph":[{"@type":["WebPage","ItemPage"],"@id":"https:\/\/bolting.eu\/en\/shop\/sds-plus-bohrer-pointer\/","url":"https:\/\/bolting.eu\/en\/shop\/sds-plus-bohrer-pointer\/","name":"SDS Plus Bohrer Pointer - kaufen beim Einbohr Profi |bolting.eu","isPartOf":{"@id":"https:\/\/bolting.eu\/en\/#website"},"primaryImageOfPage":{"@id":"https:\/\/bolting.eu\/en\/shop\/sds-plus-bohrer-pointer\/#primaryimage"},"image":{"@id":"https:\/\/bolting.eu\/en\/shop\/sds-plus-bohrer-pointer\/#primaryimage"},"thumbnailUrl":"https:\/\/bolting.eu\/wp-content\/uploads\/2020\/02\/SDS-Bohrer-Quattric-II.jpg","datePublished":"2020-02-23T16:20:19+00:00","dateModified":"2026-04-22T07:42:48+00:00","description":"SDS Plus Bohrer Pointer von Fischer beim Kletter Hardwareprofi aus Innsbruck kaufen \u2705 kostenloser Versand* \u2705 14 Tage R\u00fcckgaberecht \u2705 Co2 neutraler Versand","breadcrumb":{"@id":"https:\/\/bolting.eu\/en\/shop\/sds-plus-bohrer-pointer\/#breadcrumb"},"inLanguage":"en-US","potentialAction":[{"@type":"ReadAction","target":["https:\/\/bolting.eu\/en\/shop\/sds-plus-bohrer-pointer\/"]}]},{"@type":"ImageObject","inLanguage":"en-US","@id":"https:\/\/bolting.eu\/en\/shop\/sds-plus-bohrer-pointer\/#primaryimage","url":"https:\/\/bolting.eu\/wp-content\/uploads\/2020\/02\/SDS-Bohrer-Quattric-II.jpg","contentUrl":"https:\/\/bolting.eu\/wp-content\/uploads\/2020\/02\/SDS-Bohrer-Quattric-II.jpg","width":700,"height":700,"caption":"Das Bild zeigt einen silbernen Bohrer SDS Quattric II in einem wei\u00dfem Quadrat."},{"@type":"BreadcrumbList","@id":"https:\/\/bolting.eu\/en\/shop\/sds-plus-bohrer-pointer\/#breadcrumb","itemListElement":[{"@type":"ListItem","position":1,"name":"Shop","item":"https:\/\/bolting.eu\/en\/shop\/"},{"@type":"ListItem","position":2,"name":"SDS Bohrer","item":"https:\/\/bolting.eu\/produkt-kategorie\/sds-bohrer\/"},{"@type":"ListItem","position":3,"name":"SDS Plus Bohrer Pointer"}]},{"@type":"WebSite","@id":"https:\/\/bolting.eu\/en\/#website","url":"https:\/\/bolting.eu\/en\/","name":"bolting.eu","description":"we make climbs happen","publisher":{"@id":"https:\/\/bolting.eu\/en\/#organization"},"potentialAction":[{"@type":"SearchAction","target":{"@type":"EntryPoint","urlTemplate":"https:\/\/bolting.eu\/en\/?s={search_term_string}"},"query-input":{"@type":"PropertyValueSpecification","valueRequired":true,"valueName":"search_term_string"}}],"inLanguage":"en-US"},{"@type":["Organization","Place","SportingGoodsStore"],"@id":"https:\/\/bolting.eu\/en\/#organization","name":"bolting.eu","url":"https:\/\/bolting.eu\/en\/","logo":{"@id":"https:\/\/bolting.eu\/en\/shop\/sds-plus-bohrer-pointer\/#local-main-organization-logo"},"image":{"@id":"https:\/\/bolting.eu\/en\/shop\/sds-plus-bohrer-pointer\/#local-main-organization-logo"},"sameAs":["https:\/\/www.facebook.com\/bolting.eu","https:\/\/www.instagram.com\/bolting.eu\/"],"address":{"@id":"https:\/\/bolting.eu\/en\/shop\/sds-plus-bohrer-pointer\/#local-main-place-address"},"geo":{"@type":"GeoCoordinates","latitude":"47.264176340396226","longitude":"11.380109057672346"},"telephone":["+43 699 19083372"],"openingHoursSpecification":[{"@type":"OpeningHoursSpecification","dayOfWeek":["Monday","Wednesday","Friday"],"opens":"14:00","closes":"18:00"},{"@type":"OpeningHoursSpecification","dayOfWeek":["Tuesday","Thursday","Saturday","Sunday"],"opens":"00:00","closes":"00:00"}],"email":"office@bolting.eu","vatID":"ATU59999728","priceRange":"$$","currenciesAccepted":"Euro"},{"@type":"PostalAddress","@id":"https:\/\/bolting.eu\/en\/shop\/sds-plus-bohrer-pointer\/#local-main-place-address","streetAddress":"Fischnalerstra\u00dfe 4","addressLocality":"Innsbruck","postalCode":"6020","addressRegion":"Tirol","addressCountry":"AT"},{"@type":"ImageObject","inLanguage":"en-US","@id":"https:\/\/bolting.eu\/en\/shop\/sds-plus-bohrer-pointer\/#local-main-organization-logo","url":"https:\/\/bolting.eu\/wp-content\/uploads\/2019\/09\/bolting-logo.png","contentUrl":"https:\/\/bolting.eu\/wp-content\/uploads\/2019\/09\/bolting-logo.png","width":400,"height":211,"caption":"bolting.eu"}]},"og_availability":"instock","product_availability":"instock","product_condition":"new","geo.placename":"Innsbruck","geo.position":{"lat":"47.264176340396226","long":"11.380109057672346"},"geo.region":"Austria"},"_links":{"self":[{"href":"https:\/\/bolting.eu\/en\/wp-json\/wp\/v2\/product\/1393","targetHints":{"allow":["GET"]}}],"collection":[{"href":"https:\/\/bolting.eu\/en\/wp-json\/wp\/v2\/product"}],"about":[{"href":"https:\/\/bolting.eu\/en\/wp-json\/wp\/v2\/types\/product"}],"replies":[{"embeddable":true,"href":"https:\/\/bolting.eu\/en\/wp-json\/wp\/v2\/comments?post=1393"}],"wp:featuredmedia":[{"embeddable":true,"href":"https:\/\/bolting.eu\/en\/wp-json\/wp\/v2\/media\/1377"}],"wp:attachment":[{"href":"https:\/\/bolting.eu\/en\/wp-json\/wp\/v2\/media?parent=1393"}],"wp:term":[{"taxonomy":"product_brand","embeddable":true,"href":"https:\/\/bolting.eu\/en\/wp-json\/wp\/v2\/product_brand?post=1393"},{"taxonomy":"product_cat","embeddable":true,"href":"https:\/\/bolting.eu\/en\/wp-json\/wp\/v2\/product_cat?post=1393"},{"taxonomy":"product_tag","embeddable":true,"href":"https:\/\/bolting.eu\/en\/wp-json\/wp\/v2\/product_tag?post=1393"}],"curies":[{"name":"wp","href":"https:\/\/api.w.org\/{rel}","templated":true}]}}