{"id":13902,"date":"2022-11-22T10:45:13","date_gmt":"2022-11-22T09:45:13","guid":{"rendered":"https:\/\/bolting.eu\/?post_type=product&#038;p=13902"},"modified":"2026-04-22T16:19:50","modified_gmt":"2026-04-22T14:19:50","slug":"edelrid-ace-klettergurt","status":"publish","type":"product","link":"https:\/\/bolting.eu\/en\/shop\/edelrid-ace-klettergurt\/","title":{"rendered":"Edelrid ACE Klettergurt"},"content":{"rendered":"<p>Der Edelrid ACE Klettergurt ist einer der beliebtesten Sportklettergurte in unserem Sortiment. Denn er ist ein <strong>super leichter Allrounder f\u00fcr Fels, Eis und Alpin mit einigen Neuerungen<\/strong>!<\/p>\n<p>Erstens noch weniger Gewicht (266 Gramm!). Zweitens die innovative 3D-Vent Lite Technologie und die neu geformten H\u00fcft- und Beinschlaufen. Und dirttens bieten vier separate Dyneema B\u00e4nder im H\u00fcftband die M\u00f6glichkeit, super atmungsaktives Mesh Gewebe dazwischen einzubauen. Folglich verleiht dies dem Gurt eine neue Dimension von Luftdurchl\u00e4ssigkeit.<\/p>\n<p>Die vier steifen Materialschlaufen bieten jede Menge Platz f\u00fcr <a href=\"https:\/\/bolting.eu\/produkt-kategorie\/kletterausruestung\/expressschlingen\/\">Expressschlingen<\/a>, ein Rack von <a href=\"https:\/\/bolting.eu\/produkt-kategorie\/kletterausruestung\/klemmgeraete-friends\/\">Friends<\/a>, sowie jeder Menge <a href=\"https:\/\/bolting.eu\/kletterausruestung\/\">Kletterausr\u00fcstung<\/a> wenn man alpin unterwegs ist.<\/p>\n<p>Kurzum. Ein top Allround Modell, welches sich extrem gut an die H\u00fcfte bzw. Beine anschmiegt.<\/p>\n<h2>Eigenschaften Edelrid ACE<\/h2>\n<ul>\n<li>Hersteller: <a href=\"https:\/\/bolting.eu\/produkt-kategorie\/edelrid\/\">Edelrid<\/a><\/li>\n<li>Gewicht: nur 266 Gramm<\/li>\n<li>Material: Polyamid, Dyneema, Alu, Kunststoff;<\/li>\n<li>Norm: EN 12277<\/li>\n<li>Farben: Herren &#8211; neongr\u00fcn; Damen &#8211; neonpink<\/li>\n<li>Gr\u00f6\u00dfen: XS &#8211; XL<\/li>\n<li>extrem leichte Bauweise<\/li>\n<li>3D Vent Lite Technologie<\/li>\n<li>super atmungsaktiv<\/li>\n<li>Schmetterlings Bauweise f\u00fcr optimale Druckaufnahme<\/li>\n<li>4 steife Materialschlaufen<\/li>\n<li>2 Slots f\u00fcr Eisschrauben-Clips<\/li>\n<li>Chalkbag Schlaufe hinten<\/li>\n<li>20mm Slide Lock Schnalle<\/li>\n<li><a href=\"https:\/\/edelrid.com\/eu-de\/sport\/gurte\/ace-ll?variant=2052227#:~:text=Gebrauchsanleitung%20Gurte%20Sport\" target=\"_blank\" rel=\"noopener\">Bedienungsanleitung<\/a><\/li>\n<\/ul>\n<h3>Komplett \u00fcberarbeitetes Modell!<\/h3>\n<p>Der ACE wurde k\u00fcrzlich von Edelrid komplett neu \u00fcberarbeitet. Das geschah auf Basis einer eingehende Studie von Edelrid.<\/p>\n<p>Dabei wurde eine repr\u00e4sentative Anzahl an Kletterern untersucht. Hierf\u00fcr bekamen sie drucksensible Folien um H\u00fcfte und Oberschenkel. Somit konnte festgestellt werden, wo tats\u00e4chlich der Druck auf den K\u00f6rper wirkt. Das Ergebnis wurde mit der subjektiven Beschreibung der &#8220;Druckpunkte&#8221; kombiniert.<\/p>\n<p>Heraus gekommen ist dadurch die neue &#8220;Schmetterlingsform&#8221;. Hierbei wird Druck wird nun am H\u00fcftband direkt \u00fcber den H\u00fcftschaufeln aufgenommen. Im Bereich der Wirbels\u00e4ule hingegen, ist der Gurt deutlich schm\u00e4ler geworden. Abschlie\u00dfend wurden die Beinschlaufen in einer tr\u00e4nenf\u00f6rmigen Bauweise entwickelt.<\/p>\n<h3>Produktvideo Edelrid ACE<\/h3>\n<p><iframe loading=\"lazy\" title=\"*NEW* Edelrid Ace harness\" width=\"1020\" height=\"574\" src=\"https:\/\/www.youtube.com\/embed\/I8_xTdWkA0A?feature=oembed\" frameborder=\"0\" allow=\"accelerometer; autoplay; clipboard-write; encrypted-media; gyroscope; picture-in-picture; web-share\" referrerpolicy=\"strict-origin-when-cross-origin\" allowfullscreen><\/iframe><\/p>\n<p>&nbsp;<\/p>\n<h3>3D Vent Technologie<\/h3>\n<p>Schaut euch einmal das H\u00fcftband am Ace Klettergurt n\u00e4her an.<\/p>\n<p>Denn da erkennt ihr gleich die vier d\u00fcnnen Dyneema B\u00e4nder. Somit erlauben sie eine wesentlich bessere Atmungsaktivit\u00e4t durch die dazwischenliegenden, breiten \u00d6ffnungen. Zudem ist dadurch der Einbau von Mesh Material m\u00f6glich.<\/p>\n<p>Abschlie\u00dfend verleiht diese neue Bauweise somit dem Gurt eine extrem gute Bel\u00fcftung sowie geringes Gewicht!<\/p>\n","protected":false},"excerpt":{"rendered":"<p>2023 Version des Edelrid Bestsellers.<\/p>\n<p>Dieser super Allround Gurt f\u00fcr Fels, Eis und Alpin ist mit 266 Gramm noch leichter geworden. Und durch die 3D-Vent Lite Technologie noch komfortabler und atmungsaktiver.<\/p>\n<p>Absolutes Top Modell mit trendigen Farben!<\/p>\n","protected":false},"featured_media":13926,"comment_status":"closed","ping_status":"closed","template":"","meta":[],"product_brand":[],"product_cat":[6359,14319,29,4655],"product_tag":[],"class_list":{"0":"post-13902","1":"product","2":"type-product","3":"status-publish","4":"has-post-thumbnail","6":"product_cat-klettergurte","7":"product_cat-sale-klettern","8":"product_cat-kletterausruestung","9":"product_cat-edelrid","11":"first","12":"instock","13":"sale","14":"taxable","15":"shipping-taxable","16":"purchasable","17":"product-type-variable"},"yoast_head":"<!-- This site is optimized with the Yoast SEO Premium plugin v26.9 (Yoast SEO v26.9) - https:\/\/yoast.com\/product\/yoast-seo-premium-wordpress\/ -->\n<title>Edelrid ACE Klettergurt - super leichtes Allround Modell | bolting.eu<\/title>\n<meta name=\"description\" content=\"EDELRID ACE KLETTERGURT beim Kletter Hardwareprofi kaufen \u2705 kostenloser Versand* \u2705 14 Tage R\u00fcckgaberecht \u2705 Co2 neutrale Zustellung\" \/>\n<meta name=\"robots\" content=\"index, follow, max-snippet:-1, max-image-preview:large, max-video-preview:-1\" \/>\n<link rel=\"canonical\" href=\"https:\/\/bolting.eu\/en\/shop\/edelrid-ace-klettergurt\/\" \/>\n<meta property=\"og:locale\" content=\"en_US\" \/>\n<meta property=\"og:type\" content=\"article\" \/>\n<meta property=\"og:title\" content=\"Edelrid ACE Klettergurt\" \/>\n<meta property=\"og:description\" content=\"EDELRID ACE KLETTERGURT beim Kletter Hardwareprofi kaufen \u2705 kostenloser Versand* \u2705 14 Tage R\u00fcckgaberecht \u2705 Co2 neutrale Zustellung\" \/>\n<meta property=\"og:url\" content=\"https:\/\/bolting.eu\/en\/shop\/edelrid-ace-klettergurt\/\" \/>\n<meta property=\"og:site_name\" content=\"bolting.eu\" \/>\n<meta property=\"article:publisher\" content=\"https:\/\/www.facebook.com\/bolting.eu\" \/>\n<meta property=\"article:modified_time\" content=\"2026-04-22T14:19:50+00:00\" \/>\n<meta property=\"og:image\" content=\"https:\/\/bolting.eu\/wp-content\/uploads\/2022\/11\/Edelrid-Ace-gruen-1.jpg\" \/>\n\t<meta property=\"og:image:width\" content=\"700\" \/>\n\t<meta property=\"og:image:height\" content=\"700\" \/>\n\t<meta property=\"og:image:type\" content=\"image\/jpeg\" \/>\n<meta name=\"twitter:card\" content=\"summary_large_image\" \/>\n<meta name=\"twitter:label1\" content=\"Availability\" \/>\n\t<meta name=\"twitter:data1\" content=\"In stock\" \/>\n<script type=\"application\/ld+json\" class=\"yoast-schema-graph\">{\"@context\":\"https:\/\/schema.org\",\"@graph\":[{\"@type\":[\"WebPage\",\"ItemPage\"],\"@id\":\"https:\/\/bolting.eu\/en\/shop\/edelrid-ace-klettergurt\/\",\"url\":\"https:\/\/bolting.eu\/en\/shop\/edelrid-ace-klettergurt\/\",\"name\":\"Edelrid ACE Klettergurt - super leichtes Allround Modell | bolting.eu\",\"isPartOf\":{\"@id\":\"https:\/\/bolting.eu\/en\/#website\"},\"primaryImageOfPage\":{\"@id\":\"https:\/\/bolting.eu\/en\/shop\/edelrid-ace-klettergurt\/#primaryimage\"},\"image\":{\"@id\":\"https:\/\/bolting.eu\/en\/shop\/edelrid-ace-klettergurt\/#primaryimage\"},\"thumbnailUrl\":\"https:\/\/bolting.eu\/wp-content\/uploads\/2022\/11\/Edelrid-Ace-gruen-1.jpg\",\"datePublished\":\"2022-11-22T09:45:13+00:00\",\"dateModified\":\"2026-04-22T14:19:50+00:00\",\"description\":\"EDELRID ACE KLETTERGURT beim Kletter Hardwareprofi kaufen \u2705 kostenloser Versand* \u2705 14 Tage R\u00fcckgaberecht \u2705 Co2 neutrale Zustellung\",\"breadcrumb\":{\"@id\":\"https:\/\/bolting.eu\/en\/shop\/edelrid-ace-klettergurt\/#breadcrumb\"},\"inLanguage\":\"en-US\",\"potentialAction\":[{\"@type\":\"ReadAction\",\"target\":[\"https:\/\/bolting.eu\/en\/shop\/edelrid-ace-klettergurt\/\"]}]},{\"@type\":\"ImageObject\",\"inLanguage\":\"en-US\",\"@id\":\"https:\/\/bolting.eu\/en\/shop\/edelrid-ace-klettergurt\/#primaryimage\",\"url\":\"https:\/\/bolting.eu\/wp-content\/uploads\/2022\/11\/Edelrid-Ace-gruen-1.jpg\",\"contentUrl\":\"https:\/\/bolting.eu\/wp-content\/uploads\/2022\/11\/Edelrid-Ace-gruen-1.jpg\",\"width\":700,\"height\":700,\"caption\":\"Das Bild zeigt den neon-gr\u00fcnen Edelrid Ace Klettergurt aufgespannt vor wei\u00dfem Hintergrund. Man erkennt alle Schlaufen und B\u00e4nder sowie die Gurt Form.\"},{\"@type\":\"BreadcrumbList\",\"@id\":\"https:\/\/bolting.eu\/en\/shop\/edelrid-ace-klettergurt\/#breadcrumb\",\"itemListElement\":[{\"@type\":\"ListItem\",\"position\":1,\"name\":\"Shop\",\"item\":\"https:\/\/bolting.eu\/en\/shop\/\"},{\"@type\":\"ListItem\",\"position\":2,\"name\":\"climbing equipment\",\"item\":\"https:\/\/bolting.eu\/en\/produkt-kategorie\/climbing-equipment\/\"},{\"@type\":\"ListItem\",\"position\":3,\"name\":\"Klettergurte\",\"item\":\"https:\/\/bolting.eu\/produkt-kategorie\/kletterausruestung\/klettergurte\/\"},{\"@type\":\"ListItem\",\"position\":4,\"name\":\"Edelrid ACE Klettergurt\"}]},{\"@type\":\"WebSite\",\"@id\":\"https:\/\/bolting.eu\/en\/#website\",\"url\":\"https:\/\/bolting.eu\/en\/\",\"name\":\"bolting.eu\",\"description\":\"we make climbs happen\",\"publisher\":{\"@id\":\"https:\/\/bolting.eu\/en\/#organization\"},\"potentialAction\":[{\"@type\":\"SearchAction\",\"target\":{\"@type\":\"EntryPoint\",\"urlTemplate\":\"https:\/\/bolting.eu\/en\/?s={search_term_string}\"},\"query-input\":{\"@type\":\"PropertyValueSpecification\",\"valueRequired\":true,\"valueName\":\"search_term_string\"}}],\"inLanguage\":\"en-US\"},{\"@type\":[\"Organization\",\"Place\",\"SportingGoodsStore\"],\"@id\":\"https:\/\/bolting.eu\/en\/#organization\",\"name\":\"bolting.eu\",\"url\":\"https:\/\/bolting.eu\/en\/\",\"logo\":{\"@id\":\"https:\/\/bolting.eu\/en\/shop\/edelrid-ace-klettergurt\/#local-main-organization-logo\"},\"image\":{\"@id\":\"https:\/\/bolting.eu\/en\/shop\/edelrid-ace-klettergurt\/#local-main-organization-logo\"},\"sameAs\":[\"https:\/\/www.facebook.com\/bolting.eu\",\"https:\/\/www.instagram.com\/bolting.eu\/\"],\"address\":{\"@id\":\"https:\/\/bolting.eu\/en\/shop\/edelrid-ace-klettergurt\/#local-main-place-address\"},\"geo\":{\"@type\":\"GeoCoordinates\",\"latitude\":\"47.264176340396226\",\"longitude\":\"11.380109057672346\"},\"telephone\":[\"+43 699 19083372\"],\"openingHoursSpecification\":[{\"@type\":\"OpeningHoursSpecification\",\"dayOfWeek\":[\"Monday\",\"Wednesday\",\"Friday\"],\"opens\":\"14:00\",\"closes\":\"18:00\"},{\"@type\":\"OpeningHoursSpecification\",\"dayOfWeek\":[\"Tuesday\",\"Thursday\",\"Saturday\",\"Sunday\"],\"opens\":\"00:00\",\"closes\":\"00:00\"}],\"email\":\"office@bolting.eu\",\"vatID\":\"ATU59999728\",\"priceRange\":\"$$\",\"currenciesAccepted\":\"Euro\"},{\"@type\":\"PostalAddress\",\"@id\":\"https:\/\/bolting.eu\/en\/shop\/edelrid-ace-klettergurt\/#local-main-place-address\",\"streetAddress\":\"Fischnalerstra\u00dfe 4\",\"addressLocality\":\"Innsbruck\",\"postalCode\":\"6020\",\"addressRegion\":\"Tirol\",\"addressCountry\":\"AT\"},{\"@type\":\"ImageObject\",\"inLanguage\":\"en-US\",\"@id\":\"https:\/\/bolting.eu\/en\/shop\/edelrid-ace-klettergurt\/#local-main-organization-logo\",\"url\":\"https:\/\/bolting.eu\/wp-content\/uploads\/2019\/09\/bolting-logo.png\",\"contentUrl\":\"https:\/\/bolting.eu\/wp-content\/uploads\/2019\/09\/bolting-logo.png\",\"width\":400,\"height\":211,\"caption\":\"bolting.eu\"}]}<\/script>\n<meta property=\"og:video\" content=\"https:\/\/www.youtube.com\/embed\/I8_xTdWkA0A\" \/>\n<meta property=\"og:video:type\" content=\"text\/html\" \/>\n<meta property=\"og:video:duration\" content=\"323\" \/>\n<meta property=\"og:video:width\" content=\"480\" \/>\n<meta property=\"og:video:height\" content=\"270\" \/>\n<meta property=\"ya:ovs:adult\" content=\"false\" \/>\n<meta property=\"ya:ovs:upload_date\" content=\"2022-11-22T09:45:13+00:00\" \/>\n<meta property=\"ya:ovs:allow_embed\" content=\"true\" \/>\n<meta property=\"og:availability\" content=\"instock\" \/>\n<meta property=\"product:availability\" content=\"instock\" \/>\n<meta property=\"product:condition\" content=\"new\" \/>\n<meta name=\"geo.placename\" content=\"Innsbruck\" \/>\n<meta name=\"geo.position\" content=\"47.264176340396226;11.380109057672346\" \/>\n<meta name=\"geo.region\" content=\"Austria\" \/>\n<!-- \/ Yoast SEO Premium plugin. -->","yoast_head_json":{"title":"Edelrid ACE Klettergurt - super leichtes Allround Modell | bolting.eu","description":"EDELRID ACE KLETTERGURT beim Kletter Hardwareprofi kaufen \u2705 kostenloser Versand* \u2705 14 Tage R\u00fcckgaberecht \u2705 Co2 neutrale Zustellung","robots":{"index":"index","follow":"follow","max-snippet":"max-snippet:-1","max-image-preview":"max-image-preview:large","max-video-preview":"max-video-preview:-1"},"canonical":"https:\/\/bolting.eu\/en\/shop\/edelrid-ace-klettergurt\/","og_locale":"en_US","og_type":"article","og_title":"Edelrid ACE Klettergurt","og_description":"EDELRID ACE KLETTERGURT beim Kletter Hardwareprofi kaufen \u2705 kostenloser Versand* \u2705 14 Tage R\u00fcckgaberecht \u2705 Co2 neutrale Zustellung","og_url":"https:\/\/bolting.eu\/en\/shop\/edelrid-ace-klettergurt\/","og_site_name":"bolting.eu","article_publisher":"https:\/\/www.facebook.com\/bolting.eu","article_modified_time":"2026-04-22T14:19:50+00:00","og_image":[{"width":700,"height":700,"url":"https:\/\/bolting.eu\/wp-content\/uploads\/2022\/11\/Edelrid-Ace-gruen-1.jpg","type":"image\/jpeg"}],"twitter_card":"summary_large_image","twitter_misc":{"Availability":"In stock"},"schema":{"@context":"https:\/\/schema.org","@graph":[{"@type":["WebPage","ItemPage"],"@id":"https:\/\/bolting.eu\/en\/shop\/edelrid-ace-klettergurt\/","url":"https:\/\/bolting.eu\/en\/shop\/edelrid-ace-klettergurt\/","name":"Edelrid ACE Klettergurt - super leichtes Allround Modell | bolting.eu","isPartOf":{"@id":"https:\/\/bolting.eu\/en\/#website"},"primaryImageOfPage":{"@id":"https:\/\/bolting.eu\/en\/shop\/edelrid-ace-klettergurt\/#primaryimage"},"image":{"@id":"https:\/\/bolting.eu\/en\/shop\/edelrid-ace-klettergurt\/#primaryimage"},"thumbnailUrl":"https:\/\/bolting.eu\/wp-content\/uploads\/2022\/11\/Edelrid-Ace-gruen-1.jpg","datePublished":"2022-11-22T09:45:13+00:00","dateModified":"2026-04-22T14:19:50+00:00","description":"EDELRID ACE KLETTERGURT beim Kletter Hardwareprofi kaufen \u2705 kostenloser Versand* \u2705 14 Tage R\u00fcckgaberecht \u2705 Co2 neutrale Zustellung","breadcrumb":{"@id":"https:\/\/bolting.eu\/en\/shop\/edelrid-ace-klettergurt\/#breadcrumb"},"inLanguage":"en-US","potentialAction":[{"@type":"ReadAction","target":["https:\/\/bolting.eu\/en\/shop\/edelrid-ace-klettergurt\/"]}]},{"@type":"ImageObject","inLanguage":"en-US","@id":"https:\/\/bolting.eu\/en\/shop\/edelrid-ace-klettergurt\/#primaryimage","url":"https:\/\/bolting.eu\/wp-content\/uploads\/2022\/11\/Edelrid-Ace-gruen-1.jpg","contentUrl":"https:\/\/bolting.eu\/wp-content\/uploads\/2022\/11\/Edelrid-Ace-gruen-1.jpg","width":700,"height":700,"caption":"Das Bild zeigt den neon-gr\u00fcnen Edelrid Ace Klettergurt aufgespannt vor wei\u00dfem Hintergrund. Man erkennt alle Schlaufen und B\u00e4nder sowie die Gurt Form."},{"@type":"BreadcrumbList","@id":"https:\/\/bolting.eu\/en\/shop\/edelrid-ace-klettergurt\/#breadcrumb","itemListElement":[{"@type":"ListItem","position":1,"name":"Shop","item":"https:\/\/bolting.eu\/en\/shop\/"},{"@type":"ListItem","position":2,"name":"climbing equipment","item":"https:\/\/bolting.eu\/en\/produkt-kategorie\/climbing-equipment\/"},{"@type":"ListItem","position":3,"name":"Klettergurte","item":"https:\/\/bolting.eu\/produkt-kategorie\/kletterausruestung\/klettergurte\/"},{"@type":"ListItem","position":4,"name":"Edelrid ACE Klettergurt"}]},{"@type":"WebSite","@id":"https:\/\/bolting.eu\/en\/#website","url":"https:\/\/bolting.eu\/en\/","name":"bolting.eu","description":"we make climbs happen","publisher":{"@id":"https:\/\/bolting.eu\/en\/#organization"},"potentialAction":[{"@type":"SearchAction","target":{"@type":"EntryPoint","urlTemplate":"https:\/\/bolting.eu\/en\/?s={search_term_string}"},"query-input":{"@type":"PropertyValueSpecification","valueRequired":true,"valueName":"search_term_string"}}],"inLanguage":"en-US"},{"@type":["Organization","Place","SportingGoodsStore"],"@id":"https:\/\/bolting.eu\/en\/#organization","name":"bolting.eu","url":"https:\/\/bolting.eu\/en\/","logo":{"@id":"https:\/\/bolting.eu\/en\/shop\/edelrid-ace-klettergurt\/#local-main-organization-logo"},"image":{"@id":"https:\/\/bolting.eu\/en\/shop\/edelrid-ace-klettergurt\/#local-main-organization-logo"},"sameAs":["https:\/\/www.facebook.com\/bolting.eu","https:\/\/www.instagram.com\/bolting.eu\/"],"address":{"@id":"https:\/\/bolting.eu\/en\/shop\/edelrid-ace-klettergurt\/#local-main-place-address"},"geo":{"@type":"GeoCoordinates","latitude":"47.264176340396226","longitude":"11.380109057672346"},"telephone":["+43 699 19083372"],"openingHoursSpecification":[{"@type":"OpeningHoursSpecification","dayOfWeek":["Monday","Wednesday","Friday"],"opens":"14:00","closes":"18:00"},{"@type":"OpeningHoursSpecification","dayOfWeek":["Tuesday","Thursday","Saturday","Sunday"],"opens":"00:00","closes":"00:00"}],"email":"office@bolting.eu","vatID":"ATU59999728","priceRange":"$$","currenciesAccepted":"Euro"},{"@type":"PostalAddress","@id":"https:\/\/bolting.eu\/en\/shop\/edelrid-ace-klettergurt\/#local-main-place-address","streetAddress":"Fischnalerstra\u00dfe 4","addressLocality":"Innsbruck","postalCode":"6020","addressRegion":"Tirol","addressCountry":"AT"},{"@type":"ImageObject","inLanguage":"en-US","@id":"https:\/\/bolting.eu\/en\/shop\/edelrid-ace-klettergurt\/#local-main-organization-logo","url":"https:\/\/bolting.eu\/wp-content\/uploads\/2019\/09\/bolting-logo.png","contentUrl":"https:\/\/bolting.eu\/wp-content\/uploads\/2019\/09\/bolting-logo.png","width":400,"height":211,"caption":"bolting.eu"}]},"og_video":"https:\/\/www.youtube.com\/embed\/I8_xTdWkA0A","og_video_type":"text\/html","og_video_duration":"323","og_video_width":"480","og_video_height":"270","ya_ovs_adult":"false","ya_ovs_upload_date":"2022-11-22T09:45:13+00:00","ya_ovs_allow_embed":"true","og_availability":"instock","product_availability":"instock","product_condition":"new","geo.placename":"Innsbruck","geo.position":{"lat":"47.264176340396226","long":"11.380109057672346"},"geo.region":"Austria"},"_links":{"self":[{"href":"https:\/\/bolting.eu\/en\/wp-json\/wp\/v2\/product\/13902","targetHints":{"allow":["GET"]}}],"collection":[{"href":"https:\/\/bolting.eu\/en\/wp-json\/wp\/v2\/product"}],"about":[{"href":"https:\/\/bolting.eu\/en\/wp-json\/wp\/v2\/types\/product"}],"replies":[{"embeddable":true,"href":"https:\/\/bolting.eu\/en\/wp-json\/wp\/v2\/comments?post=13902"}],"wp:featuredmedia":[{"embeddable":true,"href":"https:\/\/bolting.eu\/en\/wp-json\/wp\/v2\/media\/13926"}],"wp:attachment":[{"href":"https:\/\/bolting.eu\/en\/wp-json\/wp\/v2\/media?parent=13902"}],"wp:term":[{"taxonomy":"product_brand","embeddable":true,"href":"https:\/\/bolting.eu\/en\/wp-json\/wp\/v2\/product_brand?post=13902"},{"taxonomy":"product_cat","embeddable":true,"href":"https:\/\/bolting.eu\/en\/wp-json\/wp\/v2\/product_cat?post=13902"},{"taxonomy":"product_tag","embeddable":true,"href":"https:\/\/bolting.eu\/en\/wp-json\/wp\/v2\/product_tag?post=13902"}],"curies":[{"name":"wp","href":"https:\/\/api.w.org\/{rel}","templated":true}]}}