{"id":13799,"date":"2022-10-28T14:43:27","date_gmt":"2022-10-28T12:43:27","guid":{"rendered":"https:\/\/bolting.eu\/?post_type=product&#038;p=13799"},"modified":"2023-12-14T16:25:52","modified_gmt":"2023-12-14T15:25:52","slug":"grivel-g14-steigeisen","status":"publish","type":"product","link":"https:\/\/bolting.eu\/en\/shop\/grivel-g14-steigeisen\/","title":{"rendered":"Grivel G14 Steigeisen"},"content":{"rendered":"<p>Das Grivel G14 ist ein Allround Steigeisen f\u00fcr technisches Bergsteigen und anspruchsvollen Alpinismus.<\/p>\n<p>Hierf\u00fcr ist dieses Modell aus Stahl erstens mit dem legend\u00e4ren Antistollen Platten &#8220;Antibott&#8221; ausgestattet. Zweitens sind die beiden Frontzacken hei\u00df geschmiedet. D.h. dreidimensionale Formgebung f\u00fcr besseres Einschlagen ins Eis und weniger R\u00fccksto\u00df. Ganz gleich wie bei den <a href=\"https:\/\/bolting.eu\/produkt-kategorie\/bergsteiger-ausruestung\/eisgeraete\/\">Eisger\u00e4ten<\/a>.<\/p>\n<p>Die Frontzacken k\u00f6nnen auch demontiert und die Spitze auf Monozacken umgebaut werden.<\/p>\n<p>Dieses Modell ist sowohl als &#8220;Cramp-o-Matic EVO&#8221; Bindung = Kipphebel als auch &#8220;New-Matic EVO&#8221; = K\u00f6rbchenbindung vorne &#8211; Kipphebel hinten, erh\u00e4ltlich.<\/p>\n<h2>Eigenschaften Grivel G14 Steigeisen<\/h2>\n<ul>\n<li>Hersteller: <a href=\"https:\/\/bolting.eu\/produkt-kategorie\/grivel\/\">Grivel<\/a><\/li>\n<li>Material: Stahl, hei\u00df geschmiedeter Stahl, Kunststoff<\/li>\n<li>modernes 12-Zack Steigeisen f\u00fcr modernen Alpinismus<\/li>\n<li>Gewicht: 1.158 Gramm (Cramp-O-Matic EVO) bzw. 1.154 Gramm (New-Matic-Evo&#8221;)<\/li>\n<li>Bindungssysteme: Cramp-O-Matic EVO = Kipphebel; New-Matic Evo = K\u00f6rbchen vorne und Kipphebel hinten<\/li>\n<li>Einsatzbereiche: technischer Alpinismus, <a href=\"https:\/\/bolting.eu\/eisklettern\/\">Eisklettern<\/a>, Dry Tooling<\/li>\n<li>Normen: <a href=\"https:\/\/bolting.eu\/en-893-steigeisen-norm\/\">EN 893 &#8211; CE 153<\/a><\/li>\n<li>Schuhgr\u00f6\u00dfe: 36 &#8211; 47<\/li>\n<li>inkl. Antistollen Platten<\/li>\n<li>inkl. Abstandhalter, Inbus, Mini-Schraubenschl\u00fcssel f\u00fcr Umbau auf Monozacken<\/li>\n<li><a href=\"https:\/\/cdn.shopify.com\/s\/files\/1\/0030\/4044\/4451\/files\/IS_IceAxeGeneral_A.pdf?v=1623766895\" target=\"_blank\" rel=\"noopener\">allg. Produktinfo Grivel<\/a><\/li>\n<\/ul>\n<h3>F\u00fcr modernen Alpinismus<\/h3>\n<p>Das Grivel G14 ist ein typisches, modernes Steigeisen. Auf einem soliden Stahl Rahmen mit asymmetrischen Mittelsteg sitzen zwei starke Vertikal-Frontzacken. Die Antistollen Platten runden das Produkt perfekt ab.<\/p>\n<p>Die hei\u00df geschmiedeten Frontalzacken haben die bereits erw\u00e4hnten, w\u00fcnschenswerten Eigenschaften. Zum einen lassen sie sich durch die dreidimensionale Formgebung leichter einschlagen. Und zum anderen haben sie weniger R\u00fccksto\u00df.<\/p>\n<p>\u00dcberdies sind sie optional als Zubeh\u00f6r erh\u00e4ltlich. Somit kann man sie jederzeit austauschen, wenn sie abgenutzt sind.<\/p>\n<p>Das macht dieses Modell zu einem verl\u00e4sslichen Steigeisen im alpinen Gel\u00e4nde, im steilen Eis und gemischten Gel\u00e4nde. Sehr robust und verl\u00e4sslich, aber technisch pr\u00e4zise und hochwertig. Wie eben der moderne Anspruch bei harten Routen im gemischten Gel\u00e4nde.<\/p>\n<p><a href=\"https:\/\/bolting.eu\/wp-content\/uploads\/2022\/10\/Grivel-G14-Steigeisen-6.jpg\"><img loading=\"lazy\" decoding=\"async\" class=\"alignnone size-full wp-image-13802\" src=\"https:\/\/bolting.eu\/wp-content\/uploads\/2022\/10\/Grivel-G14-Steigeisen-6.jpg\" alt=\"Das Bild zeigt einen Eiskletterer von unten in einem Eisvorhang und vor blauem Himmel.\" width=\"800\" height=\"520\" srcset=\"https:\/\/bolting.eu\/wp-content\/uploads\/2022\/10\/Grivel-G14-Steigeisen-6.jpg 800w, https:\/\/bolting.eu\/wp-content\/uploads\/2022\/10\/Grivel-G14-Steigeisen-6-510x332.jpg 510w, https:\/\/bolting.eu\/wp-content\/uploads\/2022\/10\/Grivel-G14-Steigeisen-6-615x400.jpg 615w, https:\/\/bolting.eu\/wp-content\/uploads\/2022\/10\/Grivel-G14-Steigeisen-6-768x499.jpg 768w, https:\/\/bolting.eu\/wp-content\/uploads\/2022\/10\/Grivel-G14-Steigeisen-6-600x390.jpg 600w\" sizes=\"auto, (max-width: 800px) 100vw, 800px\" \/><\/a><\/p>\n<h3>Cramp-O-Matic Evo<\/h3>\n<p>Das ist die Bezeichnung f\u00fcr das Grivel G14 Steigeisen mit der Kipphebel Bindung. D.h. dem Bindungssystem f\u00fcr Schuhe mit einem Sohlenrand = &#8220;Kipphebel Rillen&#8221; an den Zehen vorne und an der Ferse hinten.<\/p>\n<p>Wer viel im alpinen Gel\u00e4nde und langen Routen unterwegs ist, dem empfehlen wir definitiv zu einem solchen Schuh bzw. Steigeisen. Einmal angepasst, sollte sich dieses nicht mehr l\u00f6sen lassen.<\/p>\n<h3>Grivel G14 mit New-Matic Evo<\/h3>\n<p>Dieses Modell gibt es auch mit einer Semi-Automatik Bindung. D.h. mit einem K\u00f6rbchen vorne und einem Kipphebel hinten. Das ist die Variante f\u00fcr Bergschuhe die an den Zehen keinen Sohlenrand haben, aber an der Ferse.<\/p>\n<p>Diese Bindung bzw. dieser Schuh, ist bei leichteren und k\u00fcrzeren Touren interessant.<\/p>\n","protected":false},"excerpt":{"rendered":"<p>Modernes 12-Zack Steigeisen aus Stahl mit hei\u00df geschmiedeten Frontalzacken und Antistollen Platten.<\/p>\n<p>Sehr robust, aber technisch pr\u00e4zise, f\u00fcr gemischtes Gel\u00e4nde, steiles Eis und modernen Alpinismus.<\/p>\n<p>Die Frontzacken sind tauschbar bzw. auf Monozacken tauschbar.<\/p>\n<p>Versandkostenfrei bis 2kg in <img decoding=\"async\" class=\"emoji\" role=\"img\" draggable=\"false\" src=\"https:\/\/s.w.org\/images\/core\/emoji\/14.0.0\/svg\/1f1e6-1f1f9.svg\" alt=\"\ud83c\udde6\ud83c\uddf9\" \/> ab \u20ac 100,- und <img decoding=\"async\" class=\"emoji\" role=\"img\" draggable=\"false\" src=\"https:\/\/s.w.org\/images\/core\/emoji\/14.0.0\/svg\/1f1e9-1f1ea.svg\" alt=\"\ud83c\udde9\ud83c\uddea\" \/> ab \u20ac 200,-!<\/p>\n","protected":false},"featured_media":13807,"comment_status":"closed","ping_status":"closed","template":"","meta":[],"product_brand":[],"product_cat":[14288,4667,13938],"product_tag":[],"class_list":{"0":"post-13799","1":"product","2":"type-product","3":"status-publish","4":"has-post-thumbnail","6":"product_cat-steigeisen","7":"product_cat-grivel","8":"product_cat-bergsteiger-ausruestung","10":"first","11":"instock","12":"sale","13":"taxable","14":"shipping-taxable","15":"purchasable","16":"product-type-variable"},"yoast_head":"<!-- This site is optimized with the Yoast SEO Premium plugin v26.9 (Yoast SEO v26.9) - https:\/\/yoast.com\/product\/yoast-seo-premium-wordpress\/ -->\n<title>Grivel G14 Steigeisen f\u00fcr modernen Alpinismus | bolting.eu<\/title>\n<meta name=\"description\" content=\"Grivel G14 Steigeisen beim Innsbrucker Kletter Hardwareprofi kaufen \u2705 kostenloser Versand* \u2705 14 Tage R\u00fcckgaberecht \u2705 Co2 neutrale Zustellung\" \/>\n<meta name=\"robots\" content=\"index, follow, max-snippet:-1, max-image-preview:large, max-video-preview:-1\" \/>\n<link rel=\"canonical\" href=\"https:\/\/bolting.eu\/en\/shop\/grivel-g14-steigeisen\/\" \/>\n<meta property=\"og:locale\" content=\"en_US\" \/>\n<meta property=\"og:type\" content=\"article\" \/>\n<meta property=\"og:title\" content=\"Grivel G14 Steigeisen\" \/>\n<meta property=\"og:description\" content=\"Grivel G14 Steigeisen beim Innsbrucker Kletter Hardwareprofi kaufen \u2705 kostenloser Versand* \u2705 14 Tage R\u00fcckgaberecht \u2705 Co2 neutrale Zustellung\" \/>\n<meta property=\"og:url\" content=\"https:\/\/bolting.eu\/en\/shop\/grivel-g14-steigeisen\/\" \/>\n<meta property=\"og:site_name\" content=\"bolting.eu\" \/>\n<meta property=\"article:publisher\" content=\"https:\/\/www.facebook.com\/bolting.eu\" \/>\n<meta property=\"article:modified_time\" content=\"2023-12-14T15:25:52+00:00\" \/>\n<meta property=\"og:image\" content=\"https:\/\/bolting.eu\/wp-content\/uploads\/2022\/10\/Grivel-G14-Steigeisen-1.jpg\" \/>\n\t<meta property=\"og:image:width\" content=\"700\" \/>\n\t<meta property=\"og:image:height\" content=\"700\" \/>\n\t<meta property=\"og:image:type\" content=\"image\/jpeg\" \/>\n<meta name=\"twitter:card\" content=\"summary_large_image\" \/>\n<meta name=\"twitter:label1\" content=\"Availability\" \/>\n\t<meta name=\"twitter:data1\" content=\"In stock\" \/>\n<script type=\"application\/ld+json\" class=\"yoast-schema-graph\">{\"@context\":\"https:\/\/schema.org\",\"@graph\":[{\"@type\":[\"WebPage\",\"ItemPage\"],\"@id\":\"https:\/\/bolting.eu\/en\/shop\/grivel-g14-steigeisen\/\",\"url\":\"https:\/\/bolting.eu\/en\/shop\/grivel-g14-steigeisen\/\",\"name\":\"Grivel G14 Steigeisen f\u00fcr modernen Alpinismus | bolting.eu\",\"isPartOf\":{\"@id\":\"https:\/\/bolting.eu\/en\/#website\"},\"primaryImageOfPage\":{\"@id\":\"https:\/\/bolting.eu\/en\/shop\/grivel-g14-steigeisen\/#primaryimage\"},\"image\":{\"@id\":\"https:\/\/bolting.eu\/en\/shop\/grivel-g14-steigeisen\/#primaryimage\"},\"thumbnailUrl\":\"https:\/\/bolting.eu\/wp-content\/uploads\/2022\/10\/Grivel-G14-Steigeisen-1.jpg\",\"datePublished\":\"2022-10-28T12:43:27+00:00\",\"dateModified\":\"2023-12-14T15:25:52+00:00\",\"description\":\"Grivel G14 Steigeisen beim Innsbrucker Kletter Hardwareprofi kaufen \u2705 kostenloser Versand* \u2705 14 Tage R\u00fcckgaberecht \u2705 Co2 neutrale Zustellung\",\"breadcrumb\":{\"@id\":\"https:\/\/bolting.eu\/en\/shop\/grivel-g14-steigeisen\/#breadcrumb\"},\"inLanguage\":\"en-US\",\"potentialAction\":[{\"@type\":\"ReadAction\",\"target\":[\"https:\/\/bolting.eu\/en\/shop\/grivel-g14-steigeisen\/\"]}]},{\"@type\":\"ImageObject\",\"inLanguage\":\"en-US\",\"@id\":\"https:\/\/bolting.eu\/en\/shop\/grivel-g14-steigeisen\/#primaryimage\",\"url\":\"https:\/\/bolting.eu\/wp-content\/uploads\/2022\/10\/Grivel-G14-Steigeisen-1.jpg\",\"contentUrl\":\"https:\/\/bolting.eu\/wp-content\/uploads\/2022\/10\/Grivel-G14-Steigeisen-1.jpg\",\"width\":700,\"height\":700,\"caption\":\"Das Bild zeigt ein gelb-schwarzes Grivel G14 Steigeisen mit Kipphebel Bindung, mit den Frontzacken nach links auf einem wei\u00dfem Quadrat.\"},{\"@type\":\"BreadcrumbList\",\"@id\":\"https:\/\/bolting.eu\/en\/shop\/grivel-g14-steigeisen\/#breadcrumb\",\"itemListElement\":[{\"@type\":\"ListItem\",\"position\":1,\"name\":\"Shop\",\"item\":\"https:\/\/bolting.eu\/en\/shop\/\"},{\"@type\":\"ListItem\",\"position\":2,\"name\":\"Bergsteiger Ausr\u00fcstung\",\"item\":\"https:\/\/bolting.eu\/produkt-kategorie\/bergsteiger-ausruestung\/\"},{\"@type\":\"ListItem\",\"position\":3,\"name\":\"Steigeisen\",\"item\":\"https:\/\/bolting.eu\/produkt-kategorie\/bergsteiger-ausruestung\/steigeisen\/\"},{\"@type\":\"ListItem\",\"position\":4,\"name\":\"Grivel G14 Steigeisen\"}]},{\"@type\":\"WebSite\",\"@id\":\"https:\/\/bolting.eu\/en\/#website\",\"url\":\"https:\/\/bolting.eu\/en\/\",\"name\":\"bolting.eu\",\"description\":\"we make climbs happen\",\"publisher\":{\"@id\":\"https:\/\/bolting.eu\/en\/#organization\"},\"potentialAction\":[{\"@type\":\"SearchAction\",\"target\":{\"@type\":\"EntryPoint\",\"urlTemplate\":\"https:\/\/bolting.eu\/en\/?s={search_term_string}\"},\"query-input\":{\"@type\":\"PropertyValueSpecification\",\"valueRequired\":true,\"valueName\":\"search_term_string\"}}],\"inLanguage\":\"en-US\"},{\"@type\":[\"Organization\",\"Place\",\"SportingGoodsStore\"],\"@id\":\"https:\/\/bolting.eu\/en\/#organization\",\"name\":\"bolting.eu\",\"url\":\"https:\/\/bolting.eu\/en\/\",\"logo\":{\"@id\":\"https:\/\/bolting.eu\/en\/shop\/grivel-g14-steigeisen\/#local-main-organization-logo\"},\"image\":{\"@id\":\"https:\/\/bolting.eu\/en\/shop\/grivel-g14-steigeisen\/#local-main-organization-logo\"},\"sameAs\":[\"https:\/\/www.facebook.com\/bolting.eu\",\"https:\/\/www.instagram.com\/bolting.eu\/\"],\"address\":{\"@id\":\"https:\/\/bolting.eu\/en\/shop\/grivel-g14-steigeisen\/#local-main-place-address\"},\"geo\":{\"@type\":\"GeoCoordinates\",\"latitude\":\"47.264176340396226\",\"longitude\":\"11.380109057672346\"},\"telephone\":[\"+43 699 19083372\"],\"openingHoursSpecification\":[{\"@type\":\"OpeningHoursSpecification\",\"dayOfWeek\":[\"Monday\",\"Wednesday\",\"Friday\"],\"opens\":\"14:00\",\"closes\":\"18:00\"},{\"@type\":\"OpeningHoursSpecification\",\"dayOfWeek\":[\"Tuesday\",\"Thursday\",\"Saturday\",\"Sunday\"],\"opens\":\"00:00\",\"closes\":\"00:00\"}],\"email\":\"office@bolting.eu\",\"vatID\":\"ATU59999728\",\"priceRange\":\"$$\",\"currenciesAccepted\":\"Euro\"},{\"@type\":\"PostalAddress\",\"@id\":\"https:\/\/bolting.eu\/en\/shop\/grivel-g14-steigeisen\/#local-main-place-address\",\"streetAddress\":\"Fischnalerstra\u00dfe 4\",\"addressLocality\":\"Innsbruck\",\"postalCode\":\"6020\",\"addressRegion\":\"Tirol\",\"addressCountry\":\"AT\"},{\"@type\":\"ImageObject\",\"inLanguage\":\"en-US\",\"@id\":\"https:\/\/bolting.eu\/en\/shop\/grivel-g14-steigeisen\/#local-main-organization-logo\",\"url\":\"https:\/\/bolting.eu\/wp-content\/uploads\/2019\/09\/bolting-logo.png\",\"contentUrl\":\"https:\/\/bolting.eu\/wp-content\/uploads\/2019\/09\/bolting-logo.png\",\"width\":400,\"height\":211,\"caption\":\"bolting.eu\"}]}<\/script>\n<meta property=\"og:availability\" content=\"instock\" \/>\n<meta property=\"product:availability\" content=\"instock\" \/>\n<meta property=\"product:condition\" content=\"new\" \/>\n<meta name=\"geo.placename\" content=\"Innsbruck\" \/>\n<meta name=\"geo.position\" content=\"47.264176340396226;11.380109057672346\" \/>\n<meta name=\"geo.region\" content=\"Austria\" \/>\n<!-- \/ Yoast SEO Premium plugin. -->","yoast_head_json":{"title":"Grivel G14 Steigeisen f\u00fcr modernen Alpinismus | bolting.eu","description":"Grivel G14 Steigeisen beim Innsbrucker Kletter Hardwareprofi kaufen \u2705 kostenloser Versand* \u2705 14 Tage R\u00fcckgaberecht \u2705 Co2 neutrale Zustellung","robots":{"index":"index","follow":"follow","max-snippet":"max-snippet:-1","max-image-preview":"max-image-preview:large","max-video-preview":"max-video-preview:-1"},"canonical":"https:\/\/bolting.eu\/en\/shop\/grivel-g14-steigeisen\/","og_locale":"en_US","og_type":"article","og_title":"Grivel G14 Steigeisen","og_description":"Grivel G14 Steigeisen beim Innsbrucker Kletter Hardwareprofi kaufen \u2705 kostenloser Versand* \u2705 14 Tage R\u00fcckgaberecht \u2705 Co2 neutrale Zustellung","og_url":"https:\/\/bolting.eu\/en\/shop\/grivel-g14-steigeisen\/","og_site_name":"bolting.eu","article_publisher":"https:\/\/www.facebook.com\/bolting.eu","article_modified_time":"2023-12-14T15:25:52+00:00","og_image":[{"width":700,"height":700,"url":"https:\/\/bolting.eu\/wp-content\/uploads\/2022\/10\/Grivel-G14-Steigeisen-1.jpg","type":"image\/jpeg"}],"twitter_card":"summary_large_image","twitter_misc":{"Availability":"In stock"},"schema":{"@context":"https:\/\/schema.org","@graph":[{"@type":["WebPage","ItemPage"],"@id":"https:\/\/bolting.eu\/en\/shop\/grivel-g14-steigeisen\/","url":"https:\/\/bolting.eu\/en\/shop\/grivel-g14-steigeisen\/","name":"Grivel G14 Steigeisen f\u00fcr modernen Alpinismus | bolting.eu","isPartOf":{"@id":"https:\/\/bolting.eu\/en\/#website"},"primaryImageOfPage":{"@id":"https:\/\/bolting.eu\/en\/shop\/grivel-g14-steigeisen\/#primaryimage"},"image":{"@id":"https:\/\/bolting.eu\/en\/shop\/grivel-g14-steigeisen\/#primaryimage"},"thumbnailUrl":"https:\/\/bolting.eu\/wp-content\/uploads\/2022\/10\/Grivel-G14-Steigeisen-1.jpg","datePublished":"2022-10-28T12:43:27+00:00","dateModified":"2023-12-14T15:25:52+00:00","description":"Grivel G14 Steigeisen beim Innsbrucker Kletter Hardwareprofi kaufen \u2705 kostenloser Versand* \u2705 14 Tage R\u00fcckgaberecht \u2705 Co2 neutrale Zustellung","breadcrumb":{"@id":"https:\/\/bolting.eu\/en\/shop\/grivel-g14-steigeisen\/#breadcrumb"},"inLanguage":"en-US","potentialAction":[{"@type":"ReadAction","target":["https:\/\/bolting.eu\/en\/shop\/grivel-g14-steigeisen\/"]}]},{"@type":"ImageObject","inLanguage":"en-US","@id":"https:\/\/bolting.eu\/en\/shop\/grivel-g14-steigeisen\/#primaryimage","url":"https:\/\/bolting.eu\/wp-content\/uploads\/2022\/10\/Grivel-G14-Steigeisen-1.jpg","contentUrl":"https:\/\/bolting.eu\/wp-content\/uploads\/2022\/10\/Grivel-G14-Steigeisen-1.jpg","width":700,"height":700,"caption":"Das Bild zeigt ein gelb-schwarzes Grivel G14 Steigeisen mit Kipphebel Bindung, mit den Frontzacken nach links auf einem wei\u00dfem Quadrat."},{"@type":"BreadcrumbList","@id":"https:\/\/bolting.eu\/en\/shop\/grivel-g14-steigeisen\/#breadcrumb","itemListElement":[{"@type":"ListItem","position":1,"name":"Shop","item":"https:\/\/bolting.eu\/en\/shop\/"},{"@type":"ListItem","position":2,"name":"Bergsteiger Ausr\u00fcstung","item":"https:\/\/bolting.eu\/produkt-kategorie\/bergsteiger-ausruestung\/"},{"@type":"ListItem","position":3,"name":"Steigeisen","item":"https:\/\/bolting.eu\/produkt-kategorie\/bergsteiger-ausruestung\/steigeisen\/"},{"@type":"ListItem","position":4,"name":"Grivel G14 Steigeisen"}]},{"@type":"WebSite","@id":"https:\/\/bolting.eu\/en\/#website","url":"https:\/\/bolting.eu\/en\/","name":"bolting.eu","description":"we make climbs happen","publisher":{"@id":"https:\/\/bolting.eu\/en\/#organization"},"potentialAction":[{"@type":"SearchAction","target":{"@type":"EntryPoint","urlTemplate":"https:\/\/bolting.eu\/en\/?s={search_term_string}"},"query-input":{"@type":"PropertyValueSpecification","valueRequired":true,"valueName":"search_term_string"}}],"inLanguage":"en-US"},{"@type":["Organization","Place","SportingGoodsStore"],"@id":"https:\/\/bolting.eu\/en\/#organization","name":"bolting.eu","url":"https:\/\/bolting.eu\/en\/","logo":{"@id":"https:\/\/bolting.eu\/en\/shop\/grivel-g14-steigeisen\/#local-main-organization-logo"},"image":{"@id":"https:\/\/bolting.eu\/en\/shop\/grivel-g14-steigeisen\/#local-main-organization-logo"},"sameAs":["https:\/\/www.facebook.com\/bolting.eu","https:\/\/www.instagram.com\/bolting.eu\/"],"address":{"@id":"https:\/\/bolting.eu\/en\/shop\/grivel-g14-steigeisen\/#local-main-place-address"},"geo":{"@type":"GeoCoordinates","latitude":"47.264176340396226","longitude":"11.380109057672346"},"telephone":["+43 699 19083372"],"openingHoursSpecification":[{"@type":"OpeningHoursSpecification","dayOfWeek":["Monday","Wednesday","Friday"],"opens":"14:00","closes":"18:00"},{"@type":"OpeningHoursSpecification","dayOfWeek":["Tuesday","Thursday","Saturday","Sunday"],"opens":"00:00","closes":"00:00"}],"email":"office@bolting.eu","vatID":"ATU59999728","priceRange":"$$","currenciesAccepted":"Euro"},{"@type":"PostalAddress","@id":"https:\/\/bolting.eu\/en\/shop\/grivel-g14-steigeisen\/#local-main-place-address","streetAddress":"Fischnalerstra\u00dfe 4","addressLocality":"Innsbruck","postalCode":"6020","addressRegion":"Tirol","addressCountry":"AT"},{"@type":"ImageObject","inLanguage":"en-US","@id":"https:\/\/bolting.eu\/en\/shop\/grivel-g14-steigeisen\/#local-main-organization-logo","url":"https:\/\/bolting.eu\/wp-content\/uploads\/2019\/09\/bolting-logo.png","contentUrl":"https:\/\/bolting.eu\/wp-content\/uploads\/2019\/09\/bolting-logo.png","width":400,"height":211,"caption":"bolting.eu"}]},"og_availability":"instock","product_availability":"instock","product_condition":"new","geo.placename":"Innsbruck","geo.position":{"lat":"47.264176340396226","long":"11.380109057672346"},"geo.region":"Austria"},"_links":{"self":[{"href":"https:\/\/bolting.eu\/en\/wp-json\/wp\/v2\/product\/13799","targetHints":{"allow":["GET"]}}],"collection":[{"href":"https:\/\/bolting.eu\/en\/wp-json\/wp\/v2\/product"}],"about":[{"href":"https:\/\/bolting.eu\/en\/wp-json\/wp\/v2\/types\/product"}],"replies":[{"embeddable":true,"href":"https:\/\/bolting.eu\/en\/wp-json\/wp\/v2\/comments?post=13799"}],"wp:featuredmedia":[{"embeddable":true,"href":"https:\/\/bolting.eu\/en\/wp-json\/wp\/v2\/media\/13807"}],"wp:attachment":[{"href":"https:\/\/bolting.eu\/en\/wp-json\/wp\/v2\/media?parent=13799"}],"wp:term":[{"taxonomy":"product_brand","embeddable":true,"href":"https:\/\/bolting.eu\/en\/wp-json\/wp\/v2\/product_brand?post=13799"},{"taxonomy":"product_cat","embeddable":true,"href":"https:\/\/bolting.eu\/en\/wp-json\/wp\/v2\/product_cat?post=13799"},{"taxonomy":"product_tag","embeddable":true,"href":"https:\/\/bolting.eu\/en\/wp-json\/wp\/v2\/product_tag?post=13799"}],"curies":[{"name":"wp","href":"https:\/\/api.w.org\/{rel}","templated":true}]}}