{"id":1376,"date":"2020-02-22T12:01:24","date_gmt":"2020-02-22T11:01:24","guid":{"rendered":"https:\/\/bolting.eu\/?post_type=product&#038;p=1376"},"modified":"2026-04-25T12:00:28","modified_gmt":"2026-04-25T10:00:28","slug":"bohrer-sds-quattric-ii","status":"publish","type":"product","link":"https:\/\/bolting.eu\/en\/shop\/bohrer-sds-quattric-ii\/","title":{"rendered":"Bohrer SDS Quattric II"},"content":{"rendered":"<p>Der <strong>Bohrer SDS Quattric II<\/strong> von Fischer ist ein <strong>vierschneidiger Zertr\u00fcmmerungsbohrer<\/strong>. Folglich geh\u00f6rt der SDS Bohrer zum Modelltyp <strong>SDS plus<\/strong>. Somit kann er auf <strong>allen g\u00e4ngigen Hammerbohrern mit SDS Fassung<\/strong> montiert werden.<\/p>\n<p>Zum einen ist er perfekt f\u00fcr bew\u00e4hrten Beton. Zum anderen ein langlebiger SDS Bohrer zum Kletterroute einbohren. Folglich ist dieses hochpreisige Produkt die ideale Option f\u00fcr alle, die Qualit\u00e4t an erste Stelle stellen.<\/p>\n<p>Erstens perfekte Bohrl\u00f6cher mit exaktem Radius. Zweitens Langlebigkeit durch die vier Schneiden. Und drittens weniger Anpressdruck durch die Bohrerbeschaffenheit.<\/p>\n<h3>Eigenschaften<\/h3>\n<p>Der Bohrer SDS Quattric II hat folgende Eigenschaften:<\/p>\n<ul>\n<li>Hersteller:\u00a0Fischer Befestigungstechnik<\/li>\n<li>SDS plus Fassung<\/li>\n<li>Bohrdurchmesser 8 &#8211; 30mm<\/li>\n<li>vierschneidige Hartmetall Bohrkrone<\/li>\n<li>zweiwendeliger Schaft f\u00fcr lange Lebensdauer<\/li>\n<li>Verschlei\u00dfmarken zur Kontrolle der Abnutzung<\/li>\n<li>PGM Pr\u00fcfmarke<\/li>\n<li>Gewicht 80 &#8211; 350 Gramm<\/li>\n<\/ul>\n<h3>Bohrer SDS Quattric II<\/h3>\n<p>Egal ob man eine <a href=\"https:\/\/bolting.eu\/kletterroute-mit-bohrhaken-einrichten\/\">Kletterroute mit Bohrhaken einrichten<\/a> will. Oder eine <a href=\"https:\/\/bolting.eu\/kletterroute-mit-bohrhaken-einrichten\/\">Kletterroute mit Klebehaken einrichten<\/a> m\u00f6chte. Dieser Bohrer ist eine hochwertige Wahl. Denn einerseits besticht er mit seiner Langlebigkeit. Vorausgesetzt man beachtet den geringen Anpressdruck beim Bohren. Andererseits sorgen die vier Schneiden f\u00fcr einen perfekten, runden Radius. \u00dcberdies performen die geh\u00e4rteten Schneiden sehr gut auch in hartem Gestein. Beispielsweise Granit oder Gneis. Kurzum: der perfekte Bohrer vom Setzen von Bohrhaken!<\/p>\n<h3>Einsatzbereiche SDS Bohrer Quattric II<\/h3>\n<p>Dieser Bohrer ist ideal f\u00fcr die folgenden Einsatzbereiche:<\/p>\n<ul>\n<li><a href=\"https:\/\/bolting.eu\/klettergarten-wartung\/\">Klettergarten Wartung<\/a><\/li>\n<li><a href=\"https:\/\/bolting.eu\/consulting-errichtung\/klettergarten-sanierung\/\">Sanierung Kletterg\u00e4rten<\/a><\/li>\n<li><a href=\"https:\/\/bolting.eu\/consulting-errichtung\/klettergarten-errichtung\/\">Klettergarten Errichtung<\/a><\/li>\n<li><a href=\"https:\/\/bolting.eu\/produkt-kategorie\/klettersteigbau-klettersteigmaterial\/\">Bau Klettersteige<\/a><\/li>\n<\/ul>\n<h3>PGM Pr\u00fcfmarke<\/h3>\n<p><a href=\"https:\/\/bolting.eu\/sds-bohrer-pgm-pruefmarke\/\"><img loading=\"lazy\" decoding=\"async\" class=\"alignleft wp-image-570\" src=\"https:\/\/bolting.eu\/wp-content\/uploads\/2019\/10\/SDS-Bohrer-PGM-Pruefmarke-280x261.jpg\" alt=\"Das Bild zeigt das Symbol der PGM Pr\u00fcfmarke. Es sist dies die schematische Darstellungeiner HAmmerbohrer Krone in d\u00fcnnen, dunkelblauen Linien. Rechts oberhalb ein sehr kleiner Kreis mit einem gro\u00dfen R darin f\u00fcr &quot;registrierte Marke&quot;.\" width=\"150\" height=\"131\" \/><\/a>Der Bohrer SDS Quattric II hat die PGM Pr\u00fcfmarke. Somit ist das &#8220;Scheiden -Eckma\u00df&#8221; garantiert. D.h. der Bohrer produziert garantiert die angegeben Lochbreiten.<\/p>\n<p>Wer <a href=\"https:\/\/bolting.eu\/produkt-kategorie\/bohrhaken\/\">Bohrhaken<\/a> setzt sollte unbedingt auf dieses Qualit\u00e4tsmerkmal achten. Sind die Bohrhaken beispielsweise schwer einzuschlagen, so liegt das meistens am Durchmesser des Bohrers. Es braucht zum einen nur ein kleines St\u00fcck an der Schneide seitlich ausbrechen. Oder zum anderen die Abnutzung den Durchmesser nur um wenige zehntel mm verkleinert haben. Er ist dann umgehend auszutauschen. F\u00fcr kleine <a href=\"https:\/\/bolting.eu\/produkt-kategorie\/klebehaken-buehlerhaken\/\">Klebehaken<\/a> empfehlen wir ebenfalls strikt auf einen Bohrer mit PGM Marke zu vertrauen! Wie beispielsweise beim 8mm <a href=\"https:\/\/bolting.eu\/shop\/buehlerhaken\/\">B\u00fchlerhaken<\/a>. Hier m\u00f6chte man eine m\u00f6glichst gleichm\u00e4\u00dfige Umh\u00fcllung des Hakens mit dem <a href=\"https:\/\/bolting.eu\/produkt-kategorie\/injektionsmoertel\/\">Injektionsm\u00f6rtel<\/a>.<\/p>\n<h3>Verschlei\u00dfmarken am SDS Bohrer Quattric II<\/h3>\n<p><a href=\"https:\/\/bolting.eu\/sds-bohrer-bohrkrone-fischer-quattric-plus\/\"><img loading=\"lazy\" decoding=\"async\" class=\"alignleft wp-image-574\" src=\"https:\/\/bolting.eu\/wp-content\/uploads\/2019\/10\/SDS-Bohrer-Bohrkrone-Fischer-Quattric-Plus.jpg\" alt=\"Das Bild zeigt einen silberne Bohrkrone eines Fischer Bohrers. Zu sehen ist das vierschneidige Bohrkreuz, darunter schematisch der Beginn der Bohrwendel. Vom Bohrkopf f\u00fchren vire rote Linien mit Nummern Markierungen am Ende weg. Der Hintergrund ist wei\u00df.\" width=\"200\" height=\"120\" \/><\/a>Der Bohrer hat in die Schneiden eingearbeitete Verschlei\u00dfmarken. Sie sind sowohl ein optischer als auch haptischer Indikator f\u00fcr die Abnutzung. Sind die Marken offensichtlich aufgebraucht muss der Bohrer ausgetauscht werden!<\/p>\n<h3><\/h3>\n<h3>Geringer Anpressdruck<\/h3>\n<p>Der vierschneidiger Kopf des Bohrer SDS Quattric II bedingt vier Bohrwendel. Dadurch entsteht mehr Reibung und das Bohrmehl wird langsamer als bei einem zweiwendeligen Bohrer ausgeworfen. Wie beispielsweise beim SDS Bohrer Pointer Plus.<\/p>\n<p>Achtet daher auf einen geringen Anpressdruck um den Bohrer nicht zu \u00fcberhitzen. Denn dies f\u00fchrt in der Regel zum Bruch \/ Rss der Schneiden. Man muss gerade soviel andr\u00fccken, dass der Hammerbohrer zu &#8220;schlagen&#8221; beginnt!<\/p>\n<h3>Passendes Zubeh\u00f6r<\/h3>\n<p>F\u00fcr die Bohrlochreinigung ist es wichtig das passende Zubeh\u00f6r zu verwenden. Ein <a href=\"https:\/\/bolting.eu\/shop\/bohrloch-ausblaeser\/\">Bohrloch Ausbl\u00e4ser<\/a> entfernt dabei zuerst das Bohrmehl. Mit einer Lochb\u00fcrste wird dann das Loch ausgeputzt. Man kann das <a href=\"https:\/\/bolting.eu\/shop\/fischer-buerste\/\">Fischer B\u00fcrste Set<\/a> mit Borsten aus PVC verwenden. Wer sehr viele L\u00f6cher mit dem Bohrer SDS Quattric II bohrt sollte die <a href=\"https:\/\/bolting.eu\/shop\/fischer-lochbuerste\/\">Fischer Lochb\u00fcrste<\/a> aus Edelstahl in Betracht ziehen.<\/p>\n<h3>Praxis Tipp<\/h3>\n<p>Kauft Euch immer gleich mehrere Bohrer SDS Quattric II. Denn man sollte immer gleich drei Bohrer mit in die Wand zum Einbohren nehmen. Denn erstens kann ein Bohrer immer kaputt werden. Und zweitens kann einem immer ein Bohrer hinunter fallen. Plant also immer gen\u00fcgend Redundanz ein.<\/p>\n<p>Auch wenn drei Bohrer mehr Gewicht bedeuten. Wer schon einmal eine alpine Einbohraktion abgebrochen hat, weil er keinen Bohrer mehr hatte, wei\u00df wovon wir hier sprechen \ud83d\ude09<\/p>\n<h3>Produktvideo Bohrer SDS Quattric II<\/h3>\n<p><iframe loading=\"lazy\" src=\"https:\/\/www.youtube.com\/embed\/OnrCW3OIC6k\" width=\"100%\" height=\"360\" frameborder=\"0\" allowfullscreen=\"allowfullscreen\"><\/iframe><\/p>\n<p>Link Tipp: <a href=\"https:\/\/www.fischer.de\" target=\"_blank\" rel=\"noopener noreferrer\">zum Hersteller<\/a><\/p>\n","protected":false},"excerpt":{"rendered":"<p>Hochqualitativer SDS plus Bohrer f\u00fcr 8 &#8211; 16mm L\u00f6cher. Vierschneidige Hartmetall Bohrkrone und zweiwendeliger Schaft f\u00fcr lange Lebensdauer.<\/p>\n<p>Verschlei\u00dfindikatoren und PGA Pr\u00fcfmarke.<\/p>\n<p>Versandkostenfrei bis 2kg in <img decoding=\"async\" class=\"emoji\" role=\"img\" draggable=\"false\" src=\"https:\/\/s.w.org\/images\/core\/emoji\/14.0.0\/svg\/1f1e6-1f1f9.svg\" alt=\"\ud83c\udde6\ud83c\uddf9\" \/> ab \u20ac 100,- und <img decoding=\"async\" class=\"emoji\" role=\"img\" draggable=\"false\" src=\"https:\/\/s.w.org\/images\/core\/emoji\/14.0.0\/svg\/1f1e9-1f1ea.svg\" alt=\"\ud83c\udde9\ud83c\uddea\" \/> ab \u20ac 200,-!<\/p>\n","protected":false},"featured_media":1377,"comment_status":"closed","ping_status":"closed","template":"","meta":[],"product_brand":[],"product_cat":[1210,4652,54],"product_tag":[],"class_list":{"0":"post-1376","1":"product","2":"type-product","3":"status-publish","4":"has-post-thumbnail","6":"product_cat-einbohrartikel","7":"product_cat-fischer","8":"product_cat-sds-bohrer","10":"first","11":"instock","12":"taxable","13":"shipping-taxable","14":"purchasable","15":"product-type-variable"},"yoast_head":"<!-- This site is optimized with the Yoast SEO Premium plugin v26.9 (Yoast SEO v26.9) - https:\/\/yoast.com\/product\/yoast-seo-premium-wordpress\/ -->\n<title>Bohrer SDS Quattric II - online kaufen beim Einbohr Profibolting.eu<\/title>\n<meta name=\"description\" content=\"Hier findet ihr den BOHRER SDS Plus QUATTRIC II von Fischer: zweischneidiger SDS plus Bohrer f\u00fcr bew\u00e4hrten Beton und harten Fels!\" \/>\n<meta name=\"robots\" content=\"index, follow, max-snippet:-1, max-image-preview:large, max-video-preview:-1\" \/>\n<link rel=\"canonical\" href=\"https:\/\/bolting.eu\/en\/shop\/bohrer-sds-quattric-ii\/\" \/>\n<meta property=\"og:locale\" content=\"en_US\" \/>\n<meta property=\"og:type\" content=\"article\" \/>\n<meta property=\"og:title\" content=\"Bohrer SDS Quattric II\" \/>\n<meta property=\"og:description\" content=\"Hier findet ihr den BOHRER SDS Plus QUATTRIC II von Fischer: zweischneidiger SDS plus Bohrer f\u00fcr bew\u00e4hrten Beton und harten Fels!\" \/>\n<meta property=\"og:url\" content=\"https:\/\/bolting.eu\/en\/shop\/bohrer-sds-quattric-ii\/\" \/>\n<meta property=\"og:site_name\" content=\"bolting.eu\" \/>\n<meta property=\"article:publisher\" content=\"https:\/\/www.facebook.com\/bolting.eu\" \/>\n<meta property=\"article:modified_time\" content=\"2026-04-25T10:00:28+00:00\" \/>\n<meta property=\"og:image\" content=\"https:\/\/bolting.eu\/wp-content\/uploads\/2020\/02\/SDS-Bohrer-Quattric-II.jpg\" \/>\n\t<meta property=\"og:image:width\" content=\"700\" \/>\n\t<meta property=\"og:image:height\" content=\"700\" \/>\n\t<meta property=\"og:image:type\" content=\"image\/jpeg\" \/>\n<meta name=\"twitter:card\" content=\"summary_large_image\" \/>\n<meta name=\"twitter:label1\" content=\"Availability\" \/>\n\t<meta name=\"twitter:data1\" content=\"In stock\" \/>\n<script type=\"application\/ld+json\" class=\"yoast-schema-graph\">{\"@context\":\"https:\/\/schema.org\",\"@graph\":[{\"@type\":[\"WebPage\",\"ItemPage\"],\"@id\":\"https:\/\/bolting.eu\/en\/shop\/bohrer-sds-quattric-ii\/\",\"url\":\"https:\/\/bolting.eu\/en\/shop\/bohrer-sds-quattric-ii\/\",\"name\":\"Bohrer SDS Quattric II - online kaufen beim Einbohr Profibolting.eu\",\"isPartOf\":{\"@id\":\"https:\/\/bolting.eu\/en\/#website\"},\"primaryImageOfPage\":{\"@id\":\"https:\/\/bolting.eu\/en\/shop\/bohrer-sds-quattric-ii\/#primaryimage\"},\"image\":{\"@id\":\"https:\/\/bolting.eu\/en\/shop\/bohrer-sds-quattric-ii\/#primaryimage\"},\"thumbnailUrl\":\"https:\/\/bolting.eu\/wp-content\/uploads\/2020\/02\/SDS-Bohrer-Quattric-II.jpg\",\"datePublished\":\"2020-02-22T11:01:24+00:00\",\"dateModified\":\"2026-04-25T10:00:28+00:00\",\"description\":\"Hier findet ihr den BOHRER SDS Plus QUATTRIC II von Fischer: zweischneidiger SDS plus Bohrer f\u00fcr bew\u00e4hrten Beton und harten Fels!\",\"breadcrumb\":{\"@id\":\"https:\/\/bolting.eu\/en\/shop\/bohrer-sds-quattric-ii\/#breadcrumb\"},\"inLanguage\":\"en-US\",\"potentialAction\":[{\"@type\":\"ReadAction\",\"target\":[\"https:\/\/bolting.eu\/en\/shop\/bohrer-sds-quattric-ii\/\"]}]},{\"@type\":\"ImageObject\",\"inLanguage\":\"en-US\",\"@id\":\"https:\/\/bolting.eu\/en\/shop\/bohrer-sds-quattric-ii\/#primaryimage\",\"url\":\"https:\/\/bolting.eu\/wp-content\/uploads\/2020\/02\/SDS-Bohrer-Quattric-II.jpg\",\"contentUrl\":\"https:\/\/bolting.eu\/wp-content\/uploads\/2020\/02\/SDS-Bohrer-Quattric-II.jpg\",\"width\":700,\"height\":700,\"caption\":\"Das Bild zeigt einen silbernen Bohrer SDS Quattric II in einem wei\u00dfem Quadrat.\"},{\"@type\":\"BreadcrumbList\",\"@id\":\"https:\/\/bolting.eu\/en\/shop\/bohrer-sds-quattric-ii\/#breadcrumb\",\"itemListElement\":[{\"@type\":\"ListItem\",\"position\":1,\"name\":\"Shop\",\"item\":\"https:\/\/bolting.eu\/en\/shop\/\"},{\"@type\":\"ListItem\",\"position\":2,\"name\":\"SDS Bohrer\",\"item\":\"https:\/\/bolting.eu\/produkt-kategorie\/sds-bohrer\/\"},{\"@type\":\"ListItem\",\"position\":3,\"name\":\"Bohrer SDS Quattric II\"}]},{\"@type\":\"WebSite\",\"@id\":\"https:\/\/bolting.eu\/en\/#website\",\"url\":\"https:\/\/bolting.eu\/en\/\",\"name\":\"bolting.eu\",\"description\":\"we make climbs happen\",\"publisher\":{\"@id\":\"https:\/\/bolting.eu\/en\/#organization\"},\"potentialAction\":[{\"@type\":\"SearchAction\",\"target\":{\"@type\":\"EntryPoint\",\"urlTemplate\":\"https:\/\/bolting.eu\/en\/?s={search_term_string}\"},\"query-input\":{\"@type\":\"PropertyValueSpecification\",\"valueRequired\":true,\"valueName\":\"search_term_string\"}}],\"inLanguage\":\"en-US\"},{\"@type\":[\"Organization\",\"Place\",\"SportingGoodsStore\"],\"@id\":\"https:\/\/bolting.eu\/en\/#organization\",\"name\":\"bolting.eu\",\"url\":\"https:\/\/bolting.eu\/en\/\",\"logo\":{\"@id\":\"https:\/\/bolting.eu\/en\/shop\/bohrer-sds-quattric-ii\/#local-main-organization-logo\"},\"image\":{\"@id\":\"https:\/\/bolting.eu\/en\/shop\/bohrer-sds-quattric-ii\/#local-main-organization-logo\"},\"sameAs\":[\"https:\/\/www.facebook.com\/bolting.eu\",\"https:\/\/www.instagram.com\/bolting.eu\/\"],\"address\":{\"@id\":\"https:\/\/bolting.eu\/en\/shop\/bohrer-sds-quattric-ii\/#local-main-place-address\"},\"geo\":{\"@type\":\"GeoCoordinates\",\"latitude\":\"47.264176340396226\",\"longitude\":\"11.380109057672346\"},\"telephone\":[\"+43 699 19083372\"],\"openingHoursSpecification\":[{\"@type\":\"OpeningHoursSpecification\",\"dayOfWeek\":[\"Monday\",\"Wednesday\",\"Friday\"],\"opens\":\"14:00\",\"closes\":\"18:00\"},{\"@type\":\"OpeningHoursSpecification\",\"dayOfWeek\":[\"Tuesday\",\"Thursday\",\"Saturday\",\"Sunday\"],\"opens\":\"00:00\",\"closes\":\"00:00\"}],\"email\":\"office@bolting.eu\",\"vatID\":\"ATU59999728\",\"priceRange\":\"$$\",\"currenciesAccepted\":\"Euro\"},{\"@type\":\"PostalAddress\",\"@id\":\"https:\/\/bolting.eu\/en\/shop\/bohrer-sds-quattric-ii\/#local-main-place-address\",\"streetAddress\":\"Fischnalerstra\u00dfe 4\",\"addressLocality\":\"Innsbruck\",\"postalCode\":\"6020\",\"addressRegion\":\"Tirol\",\"addressCountry\":\"AT\"},{\"@type\":\"ImageObject\",\"inLanguage\":\"en-US\",\"@id\":\"https:\/\/bolting.eu\/en\/shop\/bohrer-sds-quattric-ii\/#local-main-organization-logo\",\"url\":\"https:\/\/bolting.eu\/wp-content\/uploads\/2019\/09\/bolting-logo.png\",\"contentUrl\":\"https:\/\/bolting.eu\/wp-content\/uploads\/2019\/09\/bolting-logo.png\",\"width\":400,\"height\":211,\"caption\":\"bolting.eu\"}]}<\/script>\n<meta property=\"og:video\" content=\"https:\/\/www.youtube.com\/embed\/OnrCW3OIC6k\" \/>\n<meta property=\"og:video:type\" content=\"text\/html\" \/>\n<meta property=\"og:video:duration\" content=\"77\" \/>\n<meta property=\"og:video:width\" content=\"480\" \/>\n<meta property=\"og:video:height\" content=\"270\" \/>\n<meta property=\"ya:ovs:adult\" content=\"false\" \/>\n<meta property=\"ya:ovs:upload_date\" content=\"2020-02-22T11:01:24+00:00\" \/>\n<meta property=\"ya:ovs:allow_embed\" content=\"true\" \/>\n<meta property=\"og:availability\" content=\"instock\" \/>\n<meta property=\"product:availability\" content=\"instock\" \/>\n<meta property=\"product:condition\" content=\"new\" \/>\n<meta name=\"geo.placename\" content=\"Innsbruck\" \/>\n<meta name=\"geo.position\" content=\"47.264176340396226;11.380109057672346\" \/>\n<meta name=\"geo.region\" content=\"Austria\" \/>\n<!-- \/ Yoast SEO Premium plugin. -->","yoast_head_json":{"title":"Bohrer SDS Quattric II - online kaufen beim Einbohr Profibolting.eu","description":"Hier findet ihr den BOHRER SDS Plus QUATTRIC II von Fischer: zweischneidiger SDS plus Bohrer f\u00fcr bew\u00e4hrten Beton und harten Fels!","robots":{"index":"index","follow":"follow","max-snippet":"max-snippet:-1","max-image-preview":"max-image-preview:large","max-video-preview":"max-video-preview:-1"},"canonical":"https:\/\/bolting.eu\/en\/shop\/bohrer-sds-quattric-ii\/","og_locale":"en_US","og_type":"article","og_title":"Bohrer SDS Quattric II","og_description":"Hier findet ihr den BOHRER SDS Plus QUATTRIC II von Fischer: zweischneidiger SDS plus Bohrer f\u00fcr bew\u00e4hrten Beton und harten Fels!","og_url":"https:\/\/bolting.eu\/en\/shop\/bohrer-sds-quattric-ii\/","og_site_name":"bolting.eu","article_publisher":"https:\/\/www.facebook.com\/bolting.eu","article_modified_time":"2026-04-25T10:00:28+00:00","og_image":[{"width":700,"height":700,"url":"https:\/\/bolting.eu\/wp-content\/uploads\/2020\/02\/SDS-Bohrer-Quattric-II.jpg","type":"image\/jpeg"}],"twitter_card":"summary_large_image","twitter_misc":{"Availability":"In stock"},"schema":{"@context":"https:\/\/schema.org","@graph":[{"@type":["WebPage","ItemPage"],"@id":"https:\/\/bolting.eu\/en\/shop\/bohrer-sds-quattric-ii\/","url":"https:\/\/bolting.eu\/en\/shop\/bohrer-sds-quattric-ii\/","name":"Bohrer SDS Quattric II - online kaufen beim Einbohr Profibolting.eu","isPartOf":{"@id":"https:\/\/bolting.eu\/en\/#website"},"primaryImageOfPage":{"@id":"https:\/\/bolting.eu\/en\/shop\/bohrer-sds-quattric-ii\/#primaryimage"},"image":{"@id":"https:\/\/bolting.eu\/en\/shop\/bohrer-sds-quattric-ii\/#primaryimage"},"thumbnailUrl":"https:\/\/bolting.eu\/wp-content\/uploads\/2020\/02\/SDS-Bohrer-Quattric-II.jpg","datePublished":"2020-02-22T11:01:24+00:00","dateModified":"2026-04-25T10:00:28+00:00","description":"Hier findet ihr den BOHRER SDS Plus QUATTRIC II von Fischer: zweischneidiger SDS plus Bohrer f\u00fcr bew\u00e4hrten Beton und harten Fels!","breadcrumb":{"@id":"https:\/\/bolting.eu\/en\/shop\/bohrer-sds-quattric-ii\/#breadcrumb"},"inLanguage":"en-US","potentialAction":[{"@type":"ReadAction","target":["https:\/\/bolting.eu\/en\/shop\/bohrer-sds-quattric-ii\/"]}]},{"@type":"ImageObject","inLanguage":"en-US","@id":"https:\/\/bolting.eu\/en\/shop\/bohrer-sds-quattric-ii\/#primaryimage","url":"https:\/\/bolting.eu\/wp-content\/uploads\/2020\/02\/SDS-Bohrer-Quattric-II.jpg","contentUrl":"https:\/\/bolting.eu\/wp-content\/uploads\/2020\/02\/SDS-Bohrer-Quattric-II.jpg","width":700,"height":700,"caption":"Das Bild zeigt einen silbernen Bohrer SDS Quattric II in einem wei\u00dfem Quadrat."},{"@type":"BreadcrumbList","@id":"https:\/\/bolting.eu\/en\/shop\/bohrer-sds-quattric-ii\/#breadcrumb","itemListElement":[{"@type":"ListItem","position":1,"name":"Shop","item":"https:\/\/bolting.eu\/en\/shop\/"},{"@type":"ListItem","position":2,"name":"SDS Bohrer","item":"https:\/\/bolting.eu\/produkt-kategorie\/sds-bohrer\/"},{"@type":"ListItem","position":3,"name":"Bohrer SDS Quattric II"}]},{"@type":"WebSite","@id":"https:\/\/bolting.eu\/en\/#website","url":"https:\/\/bolting.eu\/en\/","name":"bolting.eu","description":"we make climbs happen","publisher":{"@id":"https:\/\/bolting.eu\/en\/#organization"},"potentialAction":[{"@type":"SearchAction","target":{"@type":"EntryPoint","urlTemplate":"https:\/\/bolting.eu\/en\/?s={search_term_string}"},"query-input":{"@type":"PropertyValueSpecification","valueRequired":true,"valueName":"search_term_string"}}],"inLanguage":"en-US"},{"@type":["Organization","Place","SportingGoodsStore"],"@id":"https:\/\/bolting.eu\/en\/#organization","name":"bolting.eu","url":"https:\/\/bolting.eu\/en\/","logo":{"@id":"https:\/\/bolting.eu\/en\/shop\/bohrer-sds-quattric-ii\/#local-main-organization-logo"},"image":{"@id":"https:\/\/bolting.eu\/en\/shop\/bohrer-sds-quattric-ii\/#local-main-organization-logo"},"sameAs":["https:\/\/www.facebook.com\/bolting.eu","https:\/\/www.instagram.com\/bolting.eu\/"],"address":{"@id":"https:\/\/bolting.eu\/en\/shop\/bohrer-sds-quattric-ii\/#local-main-place-address"},"geo":{"@type":"GeoCoordinates","latitude":"47.264176340396226","longitude":"11.380109057672346"},"telephone":["+43 699 19083372"],"openingHoursSpecification":[{"@type":"OpeningHoursSpecification","dayOfWeek":["Monday","Wednesday","Friday"],"opens":"14:00","closes":"18:00"},{"@type":"OpeningHoursSpecification","dayOfWeek":["Tuesday","Thursday","Saturday","Sunday"],"opens":"00:00","closes":"00:00"}],"email":"office@bolting.eu","vatID":"ATU59999728","priceRange":"$$","currenciesAccepted":"Euro"},{"@type":"PostalAddress","@id":"https:\/\/bolting.eu\/en\/shop\/bohrer-sds-quattric-ii\/#local-main-place-address","streetAddress":"Fischnalerstra\u00dfe 4","addressLocality":"Innsbruck","postalCode":"6020","addressRegion":"Tirol","addressCountry":"AT"},{"@type":"ImageObject","inLanguage":"en-US","@id":"https:\/\/bolting.eu\/en\/shop\/bohrer-sds-quattric-ii\/#local-main-organization-logo","url":"https:\/\/bolting.eu\/wp-content\/uploads\/2019\/09\/bolting-logo.png","contentUrl":"https:\/\/bolting.eu\/wp-content\/uploads\/2019\/09\/bolting-logo.png","width":400,"height":211,"caption":"bolting.eu"}]},"og_video":"https:\/\/www.youtube.com\/embed\/OnrCW3OIC6k","og_video_type":"text\/html","og_video_duration":"77","og_video_width":"480","og_video_height":"270","ya_ovs_adult":"false","ya_ovs_upload_date":"2020-02-22T11:01:24+00:00","ya_ovs_allow_embed":"true","og_availability":"instock","product_availability":"instock","product_condition":"new","geo.placename":"Innsbruck","geo.position":{"lat":"47.264176340396226","long":"11.380109057672346"},"geo.region":"Austria"},"_links":{"self":[{"href":"https:\/\/bolting.eu\/en\/wp-json\/wp\/v2\/product\/1376","targetHints":{"allow":["GET"]}}],"collection":[{"href":"https:\/\/bolting.eu\/en\/wp-json\/wp\/v2\/product"}],"about":[{"href":"https:\/\/bolting.eu\/en\/wp-json\/wp\/v2\/types\/product"}],"replies":[{"embeddable":true,"href":"https:\/\/bolting.eu\/en\/wp-json\/wp\/v2\/comments?post=1376"}],"wp:featuredmedia":[{"embeddable":true,"href":"https:\/\/bolting.eu\/en\/wp-json\/wp\/v2\/media\/1377"}],"wp:attachment":[{"href":"https:\/\/bolting.eu\/en\/wp-json\/wp\/v2\/media?parent=1376"}],"wp:term":[{"taxonomy":"product_brand","embeddable":true,"href":"https:\/\/bolting.eu\/en\/wp-json\/wp\/v2\/product_brand?post=1376"},{"taxonomy":"product_cat","embeddable":true,"href":"https:\/\/bolting.eu\/en\/wp-json\/wp\/v2\/product_cat?post=1376"},{"taxonomy":"product_tag","embeddable":true,"href":"https:\/\/bolting.eu\/en\/wp-json\/wp\/v2\/product_tag?post=1376"}],"curies":[{"name":"wp","href":"https:\/\/api.w.org\/{rel}","templated":true}]}}