{"id":13702,"date":"2022-10-24T15:02:22","date_gmt":"2022-10-24T13:02:22","guid":{"rendered":"https:\/\/bolting.eu\/?post_type=product&#038;p=13702"},"modified":"2025-03-07T15:55:18","modified_gmt":"2025-03-07T14:55:18","slug":"camp-xlc-nanotech-leichtsteigeisen","status":"publish","type":"product","link":"https:\/\/bolting.eu\/en\/shop\/camp-xlc-nanotech-leichtsteigeisen\/","title":{"rendered":"Camp XLC Nanotech Leichtsteigeisen"},"content":{"rendered":"<p>Das Camp XLC Nanotech ist ein spezielles Leichtsteigeisen. Denn es hat zwei Frontzacken aus der Metall Legierung &#8220;Nanotech&#8221;. Diese ist zum einen extrem leicht. Und zum anderen aber wesentlich h\u00e4rter als normaler Chrom-Molybd\u00e4nstahl.<\/p>\n<p>Der Rest des Steigeisens besteht aus dreidimensional gestanzten Aluminium. Folglich hat man es hier mit einem ultraleichten Steigeisen zu tun. Es bringt ohne Anti-Stollenplatte deutlich unter 500 Gramm auf die Waage.<\/p>\n<p>Das XLC Nanotech gibt es mit Automatik (&#8220;Kipphebel&#8221;) und Semi-Automatik Bindung (K\u00f6rbchen &#8211; Kipphebel). Somit ist dieses Produkt sowohl f\u00fcr Schuhe mit Seitenrand als auch halbfeste Bergschuhe geeignet. Es ist deswegen als Teil einer leichten<\/p>\n<p>Zudem kann man das Automatik Modell auf Skitourenschuhe montieren.<\/p>\n<h2>Eigenschaften Camp XLC Nanotech<\/h2>\n<ul>\n<li>Hersteller: <a href=\"https:\/\/bolting.eu\/produkt-kategorie\/camp-cassin\/\">CAMP<\/a><\/li>\n<li>Material: Alu und Nanotech<\/li>\n<li>Gewicht: 560 Gramm (481 Gramm ohne Anti Stollenplatte)<\/li>\n<li>Schuhgr\u00f6\u00dfe: 36 \u2013 47<\/li>\n<li>Bindungssystem: Semi-Automatik (Hinten Kipphebel, vorne K\u00f6rbchen) bzw. Automatik (&#8220;Kipphebel&#8221;)<\/li>\n<li>Norm: <a href=\"https:\/\/bolting.eu\/en-893-steigeisen-norm\/\">EN 893<\/a><\/li>\n<li>extrem leichtes, modernes 12-Zack Steigeisen<\/li>\n<li>Frontzacken aus NAnotech (25% h\u00e4rter als Stahl)<\/li>\n<li>maximale Widerstandsf\u00e4higkeit durch dreidimensionale Stanzung<\/li>\n<li>Verschlei\u00dfanzeiger f\u00fcr die Vertikalzacken (eingestanzter Indikator!)<\/li>\n<li>inkl. Anti Stollen Platten<\/li>\n<li>inkl. Steigeisentasche<\/li>\n<li>ganz leicht l\u00e4ngenverstellbar<\/li>\n<li>zum <a href=\"https:\/\/camp.it\/\" target=\"_blank\" rel=\"noopener\">Hersteller<\/a><\/li>\n<\/ul>\n<h3>Einsatzbereiche Leichtsteigeisen<\/h3>\n<p>Das XLC Nanotech ist einerseits ideal f\u00fcr Skitouren. Denn es ist wie gesagt extrem leicht, was bei Skitouren bzw. Skialpinismus sehr erw\u00fcnscht ist. Zudem hat man die extrem harten Frontzacken f\u00fcr Hartschnee und Eisplatten. Somit ist man auch f\u00fcr extreme Bedingungen ideal ausger\u00fcstet.<\/p>\n<p>Der zweite Einsatzbereich betrifft sehr lange Hochtouren, bei denen ebenfalls das Gewicht eine Rolle spielt. Sofern man nicht \u00fcberwiegend im gemischten Fels &#8211; Eis &#8211; Schnee Gel\u00e4nde unterwegs ist, stellt dieses Modell eine tolle Option dar.<\/p>\n<p>Wie alle Alu Steigeisen ist auch dieses Modell NICHT geeignet, um in andauernd wechselndem Eis &#8211; Fels Gel\u00e4nde zu klettern. Hierf\u00fcr empfehlen sich die klassischen Stahl Steigeisen wie z.B. ein <a href=\"https:\/\/bolting.eu\/shop\/petzl-sarken-steigeisen\/\">Petzl Sarken<\/a>, ein <a href=\"https:\/\/bolting.eu\/shop\/edelrid-beast-steigeisen\/\">Edelrid Beast<\/a> oder <a href=\"https:\/\/bolting.eu\/shop\/black-diamond-sabretooth-steigeisen\/\">Black Diamond Sabretooth<\/a>.<\/p>\n<h3>NANOTECH \u00ae Legierung<\/h3>\n<p>Diese neuartige Metall Legierung ist extrem hart. Genauer gesagt 25% h\u00e4rter als Chrom &#8211; Molybd\u00e4nstahl. Und das bei gleichzeitig weniger Gewicht. Ideal also um Teile wie die Frontzacken damit auszustatten.<\/p>\n<p>Die neue Legierung garantiert extreme Belastbarkeit bei zus\u00e4tzlicher Gewichtsersparnis.<\/p>\n","protected":false},"excerpt":{"rendered":"<p>Extrem leichtes 12-Zack Alu Steigeisen (560 Gramm) f\u00fcr lange Hochtouren und Skitouren.<\/p>\n<p>Die neuartige Nanotech Legierung bei den Frontzacken garantiert h\u00f6chste Belastbarkeit.<\/p>\n<p>Erh\u00e4ltlich mit Automatik bzw. Semi-Automatik Bindung.<\/p>\n<p>Versandkostenfrei bis 2kg in <img decoding=\"async\" class=\"emoji\" role=\"img\" draggable=\"false\" src=\"https:\/\/s.w.org\/images\/core\/emoji\/14.0.0\/svg\/1f1e6-1f1f9.svg\" alt=\"\ud83c\udde6\ud83c\uddf9\" \/> ab \u20ac 100,- und <img decoding=\"async\" class=\"emoji\" role=\"img\" draggable=\"false\" src=\"https:\/\/s.w.org\/images\/core\/emoji\/14.0.0\/svg\/1f1e9-1f1ea.svg\" alt=\"\ud83c\udde9\ud83c\uddea\" \/> ab \u20ac 200,-!<\/p>\n","protected":false},"featured_media":13704,"comment_status":"closed","ping_status":"closed","template":"","meta":[],"product_brand":[],"product_cat":[13938,4653,14288],"product_tag":[],"class_list":{"0":"post-13702","1":"product","2":"type-product","3":"status-publish","4":"has-post-thumbnail","6":"product_cat-bergsteiger-ausruestung","7":"product_cat-camp-cassin","8":"product_cat-steigeisen","10":"first","11":"instock","12":"sale","13":"taxable","14":"shipping-taxable","15":"purchasable","16":"product-type-variable"},"yoast_head":"<!-- This site is optimized with the Yoast SEO Premium plugin v26.9 (Yoast SEO v26.9) - https:\/\/yoast.com\/product\/yoast-seo-premium-wordpress\/ -->\n<title>Camp XLC Nanotech Leichtsteigeisen | bolting.eu<\/title>\n<meta name=\"description\" content=\"CAMP XLC Nanotec Leichtsteigeisen beim Kletter Hardwareprofi kaufen \u2705 kostenloser Versand* \u2705 14 Tage R\u00fcckgaberecht \u2705 Co2 neutraler Versand\" \/>\n<meta name=\"robots\" content=\"index, follow, max-snippet:-1, max-image-preview:large, max-video-preview:-1\" \/>\n<link rel=\"canonical\" href=\"https:\/\/bolting.eu\/en\/shop\/camp-xlc-nanotech-leichtsteigeisen\/\" \/>\n<meta property=\"og:locale\" content=\"en_US\" \/>\n<meta property=\"og:type\" content=\"article\" \/>\n<meta property=\"og:title\" content=\"Camp XLC Nanotech Leichtsteigeisen\" \/>\n<meta property=\"og:description\" content=\"CAMP XLC Nanotec Leichtsteigeisen beim Kletter Hardwareprofi kaufen \u2705 kostenloser Versand* \u2705 14 Tage R\u00fcckgaberecht \u2705 Co2 neutraler Versand\" \/>\n<meta property=\"og:url\" content=\"https:\/\/bolting.eu\/en\/shop\/camp-xlc-nanotech-leichtsteigeisen\/\" \/>\n<meta property=\"og:site_name\" content=\"bolting.eu\" \/>\n<meta property=\"article:publisher\" content=\"https:\/\/www.facebook.com\/bolting.eu\" \/>\n<meta property=\"article:modified_time\" content=\"2025-03-07T14:55:18+00:00\" \/>\n<meta property=\"og:image\" content=\"https:\/\/bolting.eu\/wp-content\/uploads\/2022\/10\/Camp-Nanotech-Leichtsteigeisen-5.jpg\" \/>\n\t<meta property=\"og:image:width\" content=\"700\" \/>\n\t<meta property=\"og:image:height\" content=\"700\" \/>\n\t<meta property=\"og:image:type\" content=\"image\/jpeg\" \/>\n<meta name=\"twitter:card\" content=\"summary_large_image\" \/>\n<meta name=\"twitter:label1\" content=\"Availability\" \/>\n\t<meta name=\"twitter:data1\" content=\"In stock\" \/>\n<script type=\"application\/ld+json\" class=\"yoast-schema-graph\">{\"@context\":\"https:\/\/schema.org\",\"@graph\":[{\"@type\":[\"WebPage\",\"ItemPage\"],\"@id\":\"https:\/\/bolting.eu\/en\/shop\/camp-xlc-nanotech-leichtsteigeisen\/\",\"url\":\"https:\/\/bolting.eu\/en\/shop\/camp-xlc-nanotech-leichtsteigeisen\/\",\"name\":\"Camp XLC Nanotech Leichtsteigeisen | bolting.eu\",\"isPartOf\":{\"@id\":\"https:\/\/bolting.eu\/en\/#website\"},\"primaryImageOfPage\":{\"@id\":\"https:\/\/bolting.eu\/en\/shop\/camp-xlc-nanotech-leichtsteigeisen\/#primaryimage\"},\"image\":{\"@id\":\"https:\/\/bolting.eu\/en\/shop\/camp-xlc-nanotech-leichtsteigeisen\/#primaryimage\"},\"thumbnailUrl\":\"https:\/\/bolting.eu\/wp-content\/uploads\/2022\/10\/Camp-Nanotech-Leichtsteigeisen-5.jpg\",\"datePublished\":\"2022-10-24T13:02:22+00:00\",\"dateModified\":\"2025-03-07T14:55:18+00:00\",\"description\":\"CAMP XLC Nanotec Leichtsteigeisen beim Kletter Hardwareprofi kaufen \u2705 kostenloser Versand* \u2705 14 Tage R\u00fcckgaberecht \u2705 Co2 neutraler Versand\",\"breadcrumb\":{\"@id\":\"https:\/\/bolting.eu\/en\/shop\/camp-xlc-nanotech-leichtsteigeisen\/#breadcrumb\"},\"inLanguage\":\"en-US\",\"potentialAction\":[{\"@type\":\"ReadAction\",\"target\":[\"https:\/\/bolting.eu\/en\/shop\/camp-xlc-nanotech-leichtsteigeisen\/\"]}]},{\"@type\":\"ImageObject\",\"inLanguage\":\"en-US\",\"@id\":\"https:\/\/bolting.eu\/en\/shop\/camp-xlc-nanotech-leichtsteigeisen\/#primaryimage\",\"url\":\"https:\/\/bolting.eu\/wp-content\/uploads\/2022\/10\/Camp-Nanotech-Leichtsteigeisen-5.jpg\",\"contentUrl\":\"https:\/\/bolting.eu\/wp-content\/uploads\/2022\/10\/Camp-Nanotech-Leichtsteigeisen-5.jpg\",\"width\":700,\"height\":700,\"caption\":\"Das Bild zeigt ein rotes Camp XLC Nanotec Leichtsteigeisen mit Automatik Bindung und Fangriemen von der Seite.\"},{\"@type\":\"BreadcrumbList\",\"@id\":\"https:\/\/bolting.eu\/en\/shop\/camp-xlc-nanotech-leichtsteigeisen\/#breadcrumb\",\"itemListElement\":[{\"@type\":\"ListItem\",\"position\":1,\"name\":\"Shop\",\"item\":\"https:\/\/bolting.eu\/en\/shop\/\"},{\"@type\":\"ListItem\",\"position\":2,\"name\":\"Bergsteiger Ausr\u00fcstung\",\"item\":\"https:\/\/bolting.eu\/produkt-kategorie\/bergsteiger-ausruestung\/\"},{\"@type\":\"ListItem\",\"position\":3,\"name\":\"Steigeisen\",\"item\":\"https:\/\/bolting.eu\/produkt-kategorie\/bergsteiger-ausruestung\/steigeisen\/\"},{\"@type\":\"ListItem\",\"position\":4,\"name\":\"Camp XLC Nanotech Leichtsteigeisen\"}]},{\"@type\":\"WebSite\",\"@id\":\"https:\/\/bolting.eu\/en\/#website\",\"url\":\"https:\/\/bolting.eu\/en\/\",\"name\":\"bolting.eu\",\"description\":\"we make climbs happen\",\"publisher\":{\"@id\":\"https:\/\/bolting.eu\/en\/#organization\"},\"potentialAction\":[{\"@type\":\"SearchAction\",\"target\":{\"@type\":\"EntryPoint\",\"urlTemplate\":\"https:\/\/bolting.eu\/en\/?s={search_term_string}\"},\"query-input\":{\"@type\":\"PropertyValueSpecification\",\"valueRequired\":true,\"valueName\":\"search_term_string\"}}],\"inLanguage\":\"en-US\"},{\"@type\":[\"Organization\",\"Place\",\"SportingGoodsStore\"],\"@id\":\"https:\/\/bolting.eu\/en\/#organization\",\"name\":\"bolting.eu\",\"url\":\"https:\/\/bolting.eu\/en\/\",\"logo\":{\"@id\":\"https:\/\/bolting.eu\/en\/shop\/camp-xlc-nanotech-leichtsteigeisen\/#local-main-organization-logo\"},\"image\":{\"@id\":\"https:\/\/bolting.eu\/en\/shop\/camp-xlc-nanotech-leichtsteigeisen\/#local-main-organization-logo\"},\"sameAs\":[\"https:\/\/www.facebook.com\/bolting.eu\",\"https:\/\/www.instagram.com\/bolting.eu\/\"],\"address\":{\"@id\":\"https:\/\/bolting.eu\/en\/shop\/camp-xlc-nanotech-leichtsteigeisen\/#local-main-place-address\"},\"geo\":{\"@type\":\"GeoCoordinates\",\"latitude\":\"47.264176340396226\",\"longitude\":\"11.380109057672346\"},\"telephone\":[\"+43 699 19083372\"],\"openingHoursSpecification\":[{\"@type\":\"OpeningHoursSpecification\",\"dayOfWeek\":[\"Monday\",\"Wednesday\",\"Friday\"],\"opens\":\"14:00\",\"closes\":\"18:00\"},{\"@type\":\"OpeningHoursSpecification\",\"dayOfWeek\":[\"Tuesday\",\"Thursday\",\"Saturday\",\"Sunday\"],\"opens\":\"00:00\",\"closes\":\"00:00\"}],\"email\":\"office@bolting.eu\",\"vatID\":\"ATU59999728\",\"priceRange\":\"$$\",\"currenciesAccepted\":\"Euro\"},{\"@type\":\"PostalAddress\",\"@id\":\"https:\/\/bolting.eu\/en\/shop\/camp-xlc-nanotech-leichtsteigeisen\/#local-main-place-address\",\"streetAddress\":\"Fischnalerstra\u00dfe 4\",\"addressLocality\":\"Innsbruck\",\"postalCode\":\"6020\",\"addressRegion\":\"Tirol\",\"addressCountry\":\"AT\"},{\"@type\":\"ImageObject\",\"inLanguage\":\"en-US\",\"@id\":\"https:\/\/bolting.eu\/en\/shop\/camp-xlc-nanotech-leichtsteigeisen\/#local-main-organization-logo\",\"url\":\"https:\/\/bolting.eu\/wp-content\/uploads\/2019\/09\/bolting-logo.png\",\"contentUrl\":\"https:\/\/bolting.eu\/wp-content\/uploads\/2019\/09\/bolting-logo.png\",\"width\":400,\"height\":211,\"caption\":\"bolting.eu\"}]}<\/script>\n<meta property=\"og:availability\" content=\"instock\" \/>\n<meta property=\"product:availability\" content=\"instock\" \/>\n<meta property=\"product:condition\" content=\"new\" \/>\n<meta name=\"geo.placename\" content=\"Innsbruck\" \/>\n<meta name=\"geo.position\" content=\"47.264176340396226;11.380109057672346\" \/>\n<meta name=\"geo.region\" content=\"Austria\" \/>\n<!-- \/ Yoast SEO Premium plugin. -->","yoast_head_json":{"title":"Camp XLC Nanotech Leichtsteigeisen | bolting.eu","description":"CAMP XLC Nanotec Leichtsteigeisen beim Kletter Hardwareprofi kaufen \u2705 kostenloser Versand* \u2705 14 Tage R\u00fcckgaberecht \u2705 Co2 neutraler Versand","robots":{"index":"index","follow":"follow","max-snippet":"max-snippet:-1","max-image-preview":"max-image-preview:large","max-video-preview":"max-video-preview:-1"},"canonical":"https:\/\/bolting.eu\/en\/shop\/camp-xlc-nanotech-leichtsteigeisen\/","og_locale":"en_US","og_type":"article","og_title":"Camp XLC Nanotech Leichtsteigeisen","og_description":"CAMP XLC Nanotec Leichtsteigeisen beim Kletter Hardwareprofi kaufen \u2705 kostenloser Versand* \u2705 14 Tage R\u00fcckgaberecht \u2705 Co2 neutraler Versand","og_url":"https:\/\/bolting.eu\/en\/shop\/camp-xlc-nanotech-leichtsteigeisen\/","og_site_name":"bolting.eu","article_publisher":"https:\/\/www.facebook.com\/bolting.eu","article_modified_time":"2025-03-07T14:55:18+00:00","og_image":[{"width":700,"height":700,"url":"https:\/\/bolting.eu\/wp-content\/uploads\/2022\/10\/Camp-Nanotech-Leichtsteigeisen-5.jpg","type":"image\/jpeg"}],"twitter_card":"summary_large_image","twitter_misc":{"Availability":"In stock"},"schema":{"@context":"https:\/\/schema.org","@graph":[{"@type":["WebPage","ItemPage"],"@id":"https:\/\/bolting.eu\/en\/shop\/camp-xlc-nanotech-leichtsteigeisen\/","url":"https:\/\/bolting.eu\/en\/shop\/camp-xlc-nanotech-leichtsteigeisen\/","name":"Camp XLC Nanotech Leichtsteigeisen | bolting.eu","isPartOf":{"@id":"https:\/\/bolting.eu\/en\/#website"},"primaryImageOfPage":{"@id":"https:\/\/bolting.eu\/en\/shop\/camp-xlc-nanotech-leichtsteigeisen\/#primaryimage"},"image":{"@id":"https:\/\/bolting.eu\/en\/shop\/camp-xlc-nanotech-leichtsteigeisen\/#primaryimage"},"thumbnailUrl":"https:\/\/bolting.eu\/wp-content\/uploads\/2022\/10\/Camp-Nanotech-Leichtsteigeisen-5.jpg","datePublished":"2022-10-24T13:02:22+00:00","dateModified":"2025-03-07T14:55:18+00:00","description":"CAMP XLC Nanotec Leichtsteigeisen beim Kletter Hardwareprofi kaufen \u2705 kostenloser Versand* \u2705 14 Tage R\u00fcckgaberecht \u2705 Co2 neutraler Versand","breadcrumb":{"@id":"https:\/\/bolting.eu\/en\/shop\/camp-xlc-nanotech-leichtsteigeisen\/#breadcrumb"},"inLanguage":"en-US","potentialAction":[{"@type":"ReadAction","target":["https:\/\/bolting.eu\/en\/shop\/camp-xlc-nanotech-leichtsteigeisen\/"]}]},{"@type":"ImageObject","inLanguage":"en-US","@id":"https:\/\/bolting.eu\/en\/shop\/camp-xlc-nanotech-leichtsteigeisen\/#primaryimage","url":"https:\/\/bolting.eu\/wp-content\/uploads\/2022\/10\/Camp-Nanotech-Leichtsteigeisen-5.jpg","contentUrl":"https:\/\/bolting.eu\/wp-content\/uploads\/2022\/10\/Camp-Nanotech-Leichtsteigeisen-5.jpg","width":700,"height":700,"caption":"Das Bild zeigt ein rotes Camp XLC Nanotec Leichtsteigeisen mit Automatik Bindung und Fangriemen von der Seite."},{"@type":"BreadcrumbList","@id":"https:\/\/bolting.eu\/en\/shop\/camp-xlc-nanotech-leichtsteigeisen\/#breadcrumb","itemListElement":[{"@type":"ListItem","position":1,"name":"Shop","item":"https:\/\/bolting.eu\/en\/shop\/"},{"@type":"ListItem","position":2,"name":"Bergsteiger Ausr\u00fcstung","item":"https:\/\/bolting.eu\/produkt-kategorie\/bergsteiger-ausruestung\/"},{"@type":"ListItem","position":3,"name":"Steigeisen","item":"https:\/\/bolting.eu\/produkt-kategorie\/bergsteiger-ausruestung\/steigeisen\/"},{"@type":"ListItem","position":4,"name":"Camp XLC Nanotech Leichtsteigeisen"}]},{"@type":"WebSite","@id":"https:\/\/bolting.eu\/en\/#website","url":"https:\/\/bolting.eu\/en\/","name":"bolting.eu","description":"we make climbs happen","publisher":{"@id":"https:\/\/bolting.eu\/en\/#organization"},"potentialAction":[{"@type":"SearchAction","target":{"@type":"EntryPoint","urlTemplate":"https:\/\/bolting.eu\/en\/?s={search_term_string}"},"query-input":{"@type":"PropertyValueSpecification","valueRequired":true,"valueName":"search_term_string"}}],"inLanguage":"en-US"},{"@type":["Organization","Place","SportingGoodsStore"],"@id":"https:\/\/bolting.eu\/en\/#organization","name":"bolting.eu","url":"https:\/\/bolting.eu\/en\/","logo":{"@id":"https:\/\/bolting.eu\/en\/shop\/camp-xlc-nanotech-leichtsteigeisen\/#local-main-organization-logo"},"image":{"@id":"https:\/\/bolting.eu\/en\/shop\/camp-xlc-nanotech-leichtsteigeisen\/#local-main-organization-logo"},"sameAs":["https:\/\/www.facebook.com\/bolting.eu","https:\/\/www.instagram.com\/bolting.eu\/"],"address":{"@id":"https:\/\/bolting.eu\/en\/shop\/camp-xlc-nanotech-leichtsteigeisen\/#local-main-place-address"},"geo":{"@type":"GeoCoordinates","latitude":"47.264176340396226","longitude":"11.380109057672346"},"telephone":["+43 699 19083372"],"openingHoursSpecification":[{"@type":"OpeningHoursSpecification","dayOfWeek":["Monday","Wednesday","Friday"],"opens":"14:00","closes":"18:00"},{"@type":"OpeningHoursSpecification","dayOfWeek":["Tuesday","Thursday","Saturday","Sunday"],"opens":"00:00","closes":"00:00"}],"email":"office@bolting.eu","vatID":"ATU59999728","priceRange":"$$","currenciesAccepted":"Euro"},{"@type":"PostalAddress","@id":"https:\/\/bolting.eu\/en\/shop\/camp-xlc-nanotech-leichtsteigeisen\/#local-main-place-address","streetAddress":"Fischnalerstra\u00dfe 4","addressLocality":"Innsbruck","postalCode":"6020","addressRegion":"Tirol","addressCountry":"AT"},{"@type":"ImageObject","inLanguage":"en-US","@id":"https:\/\/bolting.eu\/en\/shop\/camp-xlc-nanotech-leichtsteigeisen\/#local-main-organization-logo","url":"https:\/\/bolting.eu\/wp-content\/uploads\/2019\/09\/bolting-logo.png","contentUrl":"https:\/\/bolting.eu\/wp-content\/uploads\/2019\/09\/bolting-logo.png","width":400,"height":211,"caption":"bolting.eu"}]},"og_availability":"instock","product_availability":"instock","product_condition":"new","geo.placename":"Innsbruck","geo.position":{"lat":"47.264176340396226","long":"11.380109057672346"},"geo.region":"Austria"},"_links":{"self":[{"href":"https:\/\/bolting.eu\/en\/wp-json\/wp\/v2\/product\/13702","targetHints":{"allow":["GET"]}}],"collection":[{"href":"https:\/\/bolting.eu\/en\/wp-json\/wp\/v2\/product"}],"about":[{"href":"https:\/\/bolting.eu\/en\/wp-json\/wp\/v2\/types\/product"}],"replies":[{"embeddable":true,"href":"https:\/\/bolting.eu\/en\/wp-json\/wp\/v2\/comments?post=13702"}],"wp:featuredmedia":[{"embeddable":true,"href":"https:\/\/bolting.eu\/en\/wp-json\/wp\/v2\/media\/13704"}],"wp:attachment":[{"href":"https:\/\/bolting.eu\/en\/wp-json\/wp\/v2\/media?parent=13702"}],"wp:term":[{"taxonomy":"product_brand","embeddable":true,"href":"https:\/\/bolting.eu\/en\/wp-json\/wp\/v2\/product_brand?post=13702"},{"taxonomy":"product_cat","embeddable":true,"href":"https:\/\/bolting.eu\/en\/wp-json\/wp\/v2\/product_cat?post=13702"},{"taxonomy":"product_tag","embeddable":true,"href":"https:\/\/bolting.eu\/en\/wp-json\/wp\/v2\/product_tag?post=13702"}],"curies":[{"name":"wp","href":"https:\/\/api.w.org\/{rel}","templated":true}]}}