{"id":13671,"date":"2022-10-21T15:04:30","date_gmt":"2022-10-21T13:04:30","guid":{"rendered":"https:\/\/bolting.eu\/?post_type=product&#038;p=13671"},"modified":"2025-08-07T07:40:45","modified_gmt":"2025-08-07T05:40:45","slug":"edelrid-beast-lite-steigeisen","status":"publish","type":"product","link":"https:\/\/bolting.eu\/en\/shop\/edelrid-beast-lite-steigeisen\/","title":{"rendered":"Edelrid Beast Lite Steigeisen"},"content":{"rendered":"<p>Das Edelrid Beast Lite ist ein extrem leichtes High End Steigeisen f\u00fcr steiles Eis sowie Mixed Gel\u00e4nde. Es ist perfekt f\u00fcr alle Touren, bei denen man mit dem Vertikalzacken nicht am Fels auftritt.<\/p>\n<p>D.h. f\u00fcr stark vereistes Gel\u00e4nde, reines Mixed Gel\u00e4nde oder Dry Tooling.<\/p>\n<p>Hierzu k\u00f6nnt ihr die Frontzacken beliebig konfigurieren. Die langen Zacken aus geh\u00e4rtetem Stahl sind vormontiert, ein paar kurze sind im Lieferumfang enthalten. Optional k\u00f6nnt ihr auch nur einen Monozacken verwenden. Mit dem beiliegenden Inbus kann man alles selber rasch einstellen.<\/p>\n<p>Das Modell ist mit 680 Gram extrem leicht. Also ideal f\u00fcr stark \u00fcberh\u00e4ngendes Gel\u00e4nde.<\/p>\n<h2>Eigenschaften Beast Lite Steigeisen<\/h2>\n<ul>\n<li>Hersteller: <a href=\"https:\/\/bolting.eu\/produkt-kategorie\/edelrid\/\">Edelrid<\/a><\/li>\n<li>Material: Chrom-Stahl bzw. Alu<\/li>\n<li>Normen:\u00a0<a href=\"https:\/\/bolting.eu\/en-893-steigeisen-norm\/\">EN 893<\/a><\/li>\n<li>Gewicht: 690 Gramm<\/li>\n<li>f\u00fcr Schuhgr\u00f6\u00dfen 34 \u2013 48<\/li>\n<li>High-End Modell f\u00fcr steiles Eis &amp; Mixed Gel\u00e4nde<\/li>\n<li>lange vertikale Front Zacken aus geh\u00e4rtetem Stahl<\/li>\n<li>kurze Frontzacken im Lieferumfang<\/li>\n<li>dreidimensionale Formgebung<\/li>\n<li>inkl. Anti-Stollen Platten<\/li>\n<li>inkl. Inbusschl\u00fcssel zum Tauschen der Frontzacken und Fangriemen<\/li>\n<li>optional erh\u00e4ltlich: Semi-Bindung (K\u00f6rbchen vorne)<\/li>\n<li><a href=\"https:\/\/avs.edelrid.com\/images\/attribut\/54510_GAL_Steigeisen_ANSICHT.pdf\" target=\"_blank\" rel=\"noopener\">Bedienungsanleitung<\/a><\/li>\n<\/ul>\n<h3>Perfekt f\u00fcr steiles Eis &amp; Mixed Gel\u00e4nde<\/h3>\n<p>Das Beast Lite von Edelrid ist aufgrund des Gewichts bzw. der geh\u00e4rteten Front Zacken ideal f\u00fcr steiles Gel\u00e4nde. Die Zacken sind zudem ja beliebig kombinierbar.<\/p>\n<p>Somit kann man schnell sein eigenes Set-Up w\u00e4hlen und das Steigeisen umbauen. Monozacken, lange und kurze Zacken, nur lange oder nur kurze. Ihr habt die Wahl!<\/p>\n<p>Da das Front- bzw. Fersenteil aus Alu gefertigt sind, empfiehlt Edelrid die Verwendung im vereisten bzw. verschneitem Gel\u00e4nde. Auf Felsuntergrund muss man damit rechnen, dass die vertikalen Dorne schnell stumpf werden.<\/p>\n<h2>Optionales Zubeh\u00f6r<\/h2>\n<p>Wie bei den anderen Edelrid Modellen, ist auch bei diesem Steigeisen viel Zubeh\u00f6r verf\u00fcgbar.<\/p>\n<p>Von der K\u00f6rbchenBindung \u00fcber die Fangriemen \u00fcber Zehenb\u00fcgel bis hin zu den Ersatz Front Zacken bekommt man alle Einzelteile nach!<\/p>\n<p>Das macht das Beast Lite sehr langlebig bzw. vielseitig konfigurierbar.<\/p>\n","protected":false},"excerpt":{"rendered":"<p>Dieses 12-Zack Modell mit Kipphebel Bindung ist ein super leichtes High End Steigeisen f\u00fcr steiles Eis und Mixed Terrain.<\/p>\n<p>Die dreidimensional gefertigten Teile aus Alu passen sich perfekt modernen Bergschuhen an. Die Stahl Frontzacken geben festem Halt in steilem Eis sowie auf kleinsten Felsleisten. Die Anti Stollen Platten sind vormontiert.<\/p>\n<p>Inkl. kurzen Frontzacken zum Wechseln mit passendem Inbusschl\u00fcssel.<\/p>\n<p>Versandkostenfrei bis 2kg in <img decoding=\"async\" class=\"emoji\" role=\"img\" draggable=\"false\" src=\"https:\/\/s.w.org\/images\/core\/emoji\/14.0.0\/svg\/1f1e6-1f1f9.svg\" alt=\"\ud83c\udde6\ud83c\uddf9\" \/> ab \u20ac 100,- und <img decoding=\"async\" class=\"emoji\" role=\"img\" draggable=\"false\" src=\"https:\/\/s.w.org\/images\/core\/emoji\/14.0.0\/svg\/1f1e9-1f1ea.svg\" alt=\"\ud83c\udde9\ud83c\uddea\" \/> ab \u20ac 200,-!<\/p>\n","protected":false},"featured_media":13674,"comment_status":"closed","ping_status":"closed","template":"","meta":[],"product_brand":[],"product_cat":[14288,4655,13938],"product_tag":[],"class_list":{"0":"post-13671","1":"product","2":"type-product","3":"status-publish","4":"has-post-thumbnail","6":"product_cat-steigeisen","7":"product_cat-edelrid","8":"product_cat-bergsteiger-ausruestung","10":"first","11":"outofstock","12":"sale","13":"taxable","14":"shipping-taxable","15":"purchasable","16":"product-type-simple"},"yoast_head":"<!-- This site is optimized with the Yoast SEO Premium plugin v26.9 (Yoast SEO v26.9) - https:\/\/yoast.com\/product\/yoast-seo-premium-wordpress\/ -->\n<title>Edelrid Beast Lite Steigeisen - f\u00fcr steiles Eis &amp; Mixed Gel\u00e4nde | bolting.eu<\/title>\n<meta name=\"description\" content=\"Edelrid Beast Lite Steigeisen beim Innsbrucker Kletter Hardwareprofi kaufen \u2705 kostenloser Versand* \u2705 14 Tage R\u00fcckgaberecht \u2705 Co2 neutrale Zustellung\" \/>\n<meta name=\"robots\" content=\"index, follow, max-snippet:-1, max-image-preview:large, max-video-preview:-1\" \/>\n<link rel=\"canonical\" href=\"https:\/\/bolting.eu\/en\/shop\/edelrid-beast-lite-steigeisen\/\" \/>\n<meta property=\"og:locale\" content=\"en_US\" \/>\n<meta property=\"og:type\" content=\"article\" \/>\n<meta property=\"og:title\" content=\"Edelrid Beast Lite Steigeisen\" \/>\n<meta property=\"og:description\" content=\"Edelrid Beast Lite Steigeisen beim Innsbrucker Kletter Hardwareprofi kaufen \u2705 kostenloser Versand* \u2705 14 Tage R\u00fcckgaberecht \u2705 Co2 neutrale Zustellung\" \/>\n<meta property=\"og:url\" content=\"https:\/\/bolting.eu\/en\/shop\/edelrid-beast-lite-steigeisen\/\" \/>\n<meta property=\"og:site_name\" content=\"bolting.eu\" \/>\n<meta property=\"article:publisher\" content=\"https:\/\/www.facebook.com\/bolting.eu\" \/>\n<meta property=\"article:modified_time\" content=\"2025-08-07T05:40:45+00:00\" \/>\n<meta property=\"og:image\" content=\"https:\/\/bolting.eu\/wp-content\/uploads\/2022\/10\/Edelrid-BEast-Lite-Steigeisen-1.jpg\" \/>\n\t<meta property=\"og:image:width\" content=\"700\" \/>\n\t<meta property=\"og:image:height\" content=\"700\" \/>\n\t<meta property=\"og:image:type\" content=\"image\/jpeg\" \/>\n<meta name=\"twitter:card\" content=\"summary_large_image\" \/>\n<meta name=\"twitter:label1\" content=\"Price\" \/>\n\t<meta name=\"twitter:data1\" content=\"&euro;&nbsp;200,00\" \/>\n\t<meta name=\"twitter:label2\" content=\"Availability\" \/>\n\t<meta name=\"twitter:data2\" content=\"Out of stock\" \/>\n<script type=\"application\/ld+json\" class=\"yoast-schema-graph\">{\"@context\":\"https:\/\/schema.org\",\"@graph\":[{\"@type\":[\"WebPage\",\"ItemPage\"],\"@id\":\"https:\/\/bolting.eu\/en\/shop\/edelrid-beast-lite-steigeisen\/\",\"url\":\"https:\/\/bolting.eu\/en\/shop\/edelrid-beast-lite-steigeisen\/\",\"name\":\"Edelrid Beast Lite Steigeisen - f\u00fcr steiles Eis & Mixed Gel\u00e4nde | bolting.eu\",\"isPartOf\":{\"@id\":\"https:\/\/bolting.eu\/en\/#website\"},\"primaryImageOfPage\":{\"@id\":\"https:\/\/bolting.eu\/en\/shop\/edelrid-beast-lite-steigeisen\/#primaryimage\"},\"image\":{\"@id\":\"https:\/\/bolting.eu\/en\/shop\/edelrid-beast-lite-steigeisen\/#primaryimage\"},\"thumbnailUrl\":\"https:\/\/bolting.eu\/wp-content\/uploads\/2022\/10\/Edelrid-BEast-Lite-Steigeisen-1.jpg\",\"datePublished\":\"2022-10-21T13:04:30+00:00\",\"dateModified\":\"2025-08-07T05:40:45+00:00\",\"description\":\"Edelrid Beast Lite Steigeisen beim Innsbrucker Kletter Hardwareprofi kaufen \u2705 kostenloser Versand* \u2705 14 Tage R\u00fcckgaberecht \u2705 Co2 neutrale Zustellung\",\"breadcrumb\":{\"@id\":\"https:\/\/bolting.eu\/en\/shop\/edelrid-beast-lite-steigeisen\/#breadcrumb\"},\"inLanguage\":\"en-US\",\"potentialAction\":[{\"@type\":\"ReadAction\",\"target\":[\"https:\/\/bolting.eu\/en\/shop\/edelrid-beast-lite-steigeisen\/\"]}]},{\"@type\":\"ImageObject\",\"inLanguage\":\"en-US\",\"@id\":\"https:\/\/bolting.eu\/en\/shop\/edelrid-beast-lite-steigeisen\/#primaryimage\",\"url\":\"https:\/\/bolting.eu\/wp-content\/uploads\/2022\/10\/Edelrid-BEast-Lite-Steigeisen-1.jpg\",\"contentUrl\":\"https:\/\/bolting.eu\/wp-content\/uploads\/2022\/10\/Edelrid-BEast-Lite-Steigeisen-1.jpg\",\"width\":700,\"height\":700,\"caption\":\"Das bild zeigt das Edelrid Beast Lite Steigeisen mit gelbem Front, blauem Fersen Teil und Fangriemen. Die Frontzacken schauen nach links.\"},{\"@type\":\"BreadcrumbList\",\"@id\":\"https:\/\/bolting.eu\/en\/shop\/edelrid-beast-lite-steigeisen\/#breadcrumb\",\"itemListElement\":[{\"@type\":\"ListItem\",\"position\":1,\"name\":\"Shop\",\"item\":\"https:\/\/bolting.eu\/en\/shop\/\"},{\"@type\":\"ListItem\",\"position\":2,\"name\":\"Bergsteiger Ausr\u00fcstung\",\"item\":\"https:\/\/bolting.eu\/produkt-kategorie\/bergsteiger-ausruestung\/\"},{\"@type\":\"ListItem\",\"position\":3,\"name\":\"Steigeisen\",\"item\":\"https:\/\/bolting.eu\/produkt-kategorie\/bergsteiger-ausruestung\/steigeisen\/\"},{\"@type\":\"ListItem\",\"position\":4,\"name\":\"Edelrid Beast Lite Steigeisen\"}]},{\"@type\":\"WebSite\",\"@id\":\"https:\/\/bolting.eu\/en\/#website\",\"url\":\"https:\/\/bolting.eu\/en\/\",\"name\":\"bolting.eu\",\"description\":\"we make climbs happen\",\"publisher\":{\"@id\":\"https:\/\/bolting.eu\/en\/#organization\"},\"potentialAction\":[{\"@type\":\"SearchAction\",\"target\":{\"@type\":\"EntryPoint\",\"urlTemplate\":\"https:\/\/bolting.eu\/en\/?s={search_term_string}\"},\"query-input\":{\"@type\":\"PropertyValueSpecification\",\"valueRequired\":true,\"valueName\":\"search_term_string\"}}],\"inLanguage\":\"en-US\"},{\"@type\":[\"Organization\",\"Place\",\"SportingGoodsStore\"],\"@id\":\"https:\/\/bolting.eu\/en\/#organization\",\"name\":\"bolting.eu\",\"url\":\"https:\/\/bolting.eu\/en\/\",\"logo\":{\"@id\":\"https:\/\/bolting.eu\/en\/shop\/edelrid-beast-lite-steigeisen\/#local-main-organization-logo\"},\"image\":{\"@id\":\"https:\/\/bolting.eu\/en\/shop\/edelrid-beast-lite-steigeisen\/#local-main-organization-logo\"},\"sameAs\":[\"https:\/\/www.facebook.com\/bolting.eu\",\"https:\/\/www.instagram.com\/bolting.eu\/\"],\"address\":{\"@id\":\"https:\/\/bolting.eu\/en\/shop\/edelrid-beast-lite-steigeisen\/#local-main-place-address\"},\"geo\":{\"@type\":\"GeoCoordinates\",\"latitude\":\"47.264176340396226\",\"longitude\":\"11.380109057672346\"},\"telephone\":[\"+43 699 19083372\"],\"openingHoursSpecification\":[{\"@type\":\"OpeningHoursSpecification\",\"dayOfWeek\":[\"Monday\",\"Wednesday\",\"Friday\"],\"opens\":\"14:00\",\"closes\":\"18:00\"},{\"@type\":\"OpeningHoursSpecification\",\"dayOfWeek\":[\"Tuesday\",\"Thursday\",\"Saturday\",\"Sunday\"],\"opens\":\"00:00\",\"closes\":\"00:00\"}],\"email\":\"office@bolting.eu\",\"vatID\":\"ATU59999728\",\"priceRange\":\"$$\",\"currenciesAccepted\":\"Euro\"},{\"@type\":\"PostalAddress\",\"@id\":\"https:\/\/bolting.eu\/en\/shop\/edelrid-beast-lite-steigeisen\/#local-main-place-address\",\"streetAddress\":\"Fischnalerstra\u00dfe 4\",\"addressLocality\":\"Innsbruck\",\"postalCode\":\"6020\",\"addressRegion\":\"Tirol\",\"addressCountry\":\"AT\"},{\"@type\":\"ImageObject\",\"inLanguage\":\"en-US\",\"@id\":\"https:\/\/bolting.eu\/en\/shop\/edelrid-beast-lite-steigeisen\/#local-main-organization-logo\",\"url\":\"https:\/\/bolting.eu\/wp-content\/uploads\/2019\/09\/bolting-logo.png\",\"contentUrl\":\"https:\/\/bolting.eu\/wp-content\/uploads\/2019\/09\/bolting-logo.png\",\"width\":400,\"height\":211,\"caption\":\"bolting.eu\"}]}<\/script>\n<meta property=\"product:price:amount\" content=\"200.00\" \/>\n<meta property=\"product:price:currency\" content=\"EUR\" \/>\n<meta property=\"og:availability\" content=\"out of stock\" \/>\n<meta property=\"product:availability\" content=\"out of stock\" \/>\n<meta property=\"product:retailer_item_id\" content=\"719680001180\" \/>\n<meta property=\"product:condition\" content=\"new\" \/>\n<meta name=\"geo.placename\" content=\"Innsbruck\" \/>\n<meta name=\"geo.position\" content=\"47.264176340396226;11.380109057672346\" \/>\n<meta name=\"geo.region\" content=\"Austria\" \/>\n<!-- \/ Yoast SEO Premium plugin. -->","yoast_head_json":{"title":"Edelrid Beast Lite Steigeisen - f\u00fcr steiles Eis & Mixed Gel\u00e4nde | bolting.eu","description":"Edelrid Beast Lite Steigeisen beim Innsbrucker Kletter Hardwareprofi kaufen \u2705 kostenloser Versand* \u2705 14 Tage R\u00fcckgaberecht \u2705 Co2 neutrale Zustellung","robots":{"index":"index","follow":"follow","max-snippet":"max-snippet:-1","max-image-preview":"max-image-preview:large","max-video-preview":"max-video-preview:-1"},"canonical":"https:\/\/bolting.eu\/en\/shop\/edelrid-beast-lite-steigeisen\/","og_locale":"en_US","og_type":"article","og_title":"Edelrid Beast Lite Steigeisen","og_description":"Edelrid Beast Lite Steigeisen beim Innsbrucker Kletter Hardwareprofi kaufen \u2705 kostenloser Versand* \u2705 14 Tage R\u00fcckgaberecht \u2705 Co2 neutrale Zustellung","og_url":"https:\/\/bolting.eu\/en\/shop\/edelrid-beast-lite-steigeisen\/","og_site_name":"bolting.eu","article_publisher":"https:\/\/www.facebook.com\/bolting.eu","article_modified_time":"2025-08-07T05:40:45+00:00","og_image":[{"width":700,"height":700,"url":"https:\/\/bolting.eu\/wp-content\/uploads\/2022\/10\/Edelrid-BEast-Lite-Steigeisen-1.jpg","type":"image\/jpeg"}],"twitter_card":"summary_large_image","twitter_misc":{"Price":"&euro;&nbsp;200,00","Availability":"Out of stock"},"schema":{"@context":"https:\/\/schema.org","@graph":[{"@type":["WebPage","ItemPage"],"@id":"https:\/\/bolting.eu\/en\/shop\/edelrid-beast-lite-steigeisen\/","url":"https:\/\/bolting.eu\/en\/shop\/edelrid-beast-lite-steigeisen\/","name":"Edelrid Beast Lite Steigeisen - f\u00fcr steiles Eis & Mixed Gel\u00e4nde | bolting.eu","isPartOf":{"@id":"https:\/\/bolting.eu\/en\/#website"},"primaryImageOfPage":{"@id":"https:\/\/bolting.eu\/en\/shop\/edelrid-beast-lite-steigeisen\/#primaryimage"},"image":{"@id":"https:\/\/bolting.eu\/en\/shop\/edelrid-beast-lite-steigeisen\/#primaryimage"},"thumbnailUrl":"https:\/\/bolting.eu\/wp-content\/uploads\/2022\/10\/Edelrid-BEast-Lite-Steigeisen-1.jpg","datePublished":"2022-10-21T13:04:30+00:00","dateModified":"2025-08-07T05:40:45+00:00","description":"Edelrid Beast Lite Steigeisen beim Innsbrucker Kletter Hardwareprofi kaufen \u2705 kostenloser Versand* \u2705 14 Tage R\u00fcckgaberecht \u2705 Co2 neutrale Zustellung","breadcrumb":{"@id":"https:\/\/bolting.eu\/en\/shop\/edelrid-beast-lite-steigeisen\/#breadcrumb"},"inLanguage":"en-US","potentialAction":[{"@type":"ReadAction","target":["https:\/\/bolting.eu\/en\/shop\/edelrid-beast-lite-steigeisen\/"]}]},{"@type":"ImageObject","inLanguage":"en-US","@id":"https:\/\/bolting.eu\/en\/shop\/edelrid-beast-lite-steigeisen\/#primaryimage","url":"https:\/\/bolting.eu\/wp-content\/uploads\/2022\/10\/Edelrid-BEast-Lite-Steigeisen-1.jpg","contentUrl":"https:\/\/bolting.eu\/wp-content\/uploads\/2022\/10\/Edelrid-BEast-Lite-Steigeisen-1.jpg","width":700,"height":700,"caption":"Das bild zeigt das Edelrid Beast Lite Steigeisen mit gelbem Front, blauem Fersen Teil und Fangriemen. Die Frontzacken schauen nach links."},{"@type":"BreadcrumbList","@id":"https:\/\/bolting.eu\/en\/shop\/edelrid-beast-lite-steigeisen\/#breadcrumb","itemListElement":[{"@type":"ListItem","position":1,"name":"Shop","item":"https:\/\/bolting.eu\/en\/shop\/"},{"@type":"ListItem","position":2,"name":"Bergsteiger Ausr\u00fcstung","item":"https:\/\/bolting.eu\/produkt-kategorie\/bergsteiger-ausruestung\/"},{"@type":"ListItem","position":3,"name":"Steigeisen","item":"https:\/\/bolting.eu\/produkt-kategorie\/bergsteiger-ausruestung\/steigeisen\/"},{"@type":"ListItem","position":4,"name":"Edelrid Beast Lite Steigeisen"}]},{"@type":"WebSite","@id":"https:\/\/bolting.eu\/en\/#website","url":"https:\/\/bolting.eu\/en\/","name":"bolting.eu","description":"we make climbs happen","publisher":{"@id":"https:\/\/bolting.eu\/en\/#organization"},"potentialAction":[{"@type":"SearchAction","target":{"@type":"EntryPoint","urlTemplate":"https:\/\/bolting.eu\/en\/?s={search_term_string}"},"query-input":{"@type":"PropertyValueSpecification","valueRequired":true,"valueName":"search_term_string"}}],"inLanguage":"en-US"},{"@type":["Organization","Place","SportingGoodsStore"],"@id":"https:\/\/bolting.eu\/en\/#organization","name":"bolting.eu","url":"https:\/\/bolting.eu\/en\/","logo":{"@id":"https:\/\/bolting.eu\/en\/shop\/edelrid-beast-lite-steigeisen\/#local-main-organization-logo"},"image":{"@id":"https:\/\/bolting.eu\/en\/shop\/edelrid-beast-lite-steigeisen\/#local-main-organization-logo"},"sameAs":["https:\/\/www.facebook.com\/bolting.eu","https:\/\/www.instagram.com\/bolting.eu\/"],"address":{"@id":"https:\/\/bolting.eu\/en\/shop\/edelrid-beast-lite-steigeisen\/#local-main-place-address"},"geo":{"@type":"GeoCoordinates","latitude":"47.264176340396226","longitude":"11.380109057672346"},"telephone":["+43 699 19083372"],"openingHoursSpecification":[{"@type":"OpeningHoursSpecification","dayOfWeek":["Monday","Wednesday","Friday"],"opens":"14:00","closes":"18:00"},{"@type":"OpeningHoursSpecification","dayOfWeek":["Tuesday","Thursday","Saturday","Sunday"],"opens":"00:00","closes":"00:00"}],"email":"office@bolting.eu","vatID":"ATU59999728","priceRange":"$$","currenciesAccepted":"Euro"},{"@type":"PostalAddress","@id":"https:\/\/bolting.eu\/en\/shop\/edelrid-beast-lite-steigeisen\/#local-main-place-address","streetAddress":"Fischnalerstra\u00dfe 4","addressLocality":"Innsbruck","postalCode":"6020","addressRegion":"Tirol","addressCountry":"AT"},{"@type":"ImageObject","inLanguage":"en-US","@id":"https:\/\/bolting.eu\/en\/shop\/edelrid-beast-lite-steigeisen\/#local-main-organization-logo","url":"https:\/\/bolting.eu\/wp-content\/uploads\/2019\/09\/bolting-logo.png","contentUrl":"https:\/\/bolting.eu\/wp-content\/uploads\/2019\/09\/bolting-logo.png","width":400,"height":211,"caption":"bolting.eu"}]},"product_price_amount":"200.00","product_price_currency":"EUR","og_availability":"out of stock","product_availability":"out of stock","product_retailer_item_id":"719680001180","product_condition":"new","geo.placename":"Innsbruck","geo.position":{"lat":"47.264176340396226","long":"11.380109057672346"},"geo.region":"Austria"},"_links":{"self":[{"href":"https:\/\/bolting.eu\/en\/wp-json\/wp\/v2\/product\/13671","targetHints":{"allow":["GET"]}}],"collection":[{"href":"https:\/\/bolting.eu\/en\/wp-json\/wp\/v2\/product"}],"about":[{"href":"https:\/\/bolting.eu\/en\/wp-json\/wp\/v2\/types\/product"}],"replies":[{"embeddable":true,"href":"https:\/\/bolting.eu\/en\/wp-json\/wp\/v2\/comments?post=13671"}],"wp:featuredmedia":[{"embeddable":true,"href":"https:\/\/bolting.eu\/en\/wp-json\/wp\/v2\/media\/13674"}],"wp:attachment":[{"href":"https:\/\/bolting.eu\/en\/wp-json\/wp\/v2\/media?parent=13671"}],"wp:term":[{"taxonomy":"product_brand","embeddable":true,"href":"https:\/\/bolting.eu\/en\/wp-json\/wp\/v2\/product_brand?post=13671"},{"taxonomy":"product_cat","embeddable":true,"href":"https:\/\/bolting.eu\/en\/wp-json\/wp\/v2\/product_cat?post=13671"},{"taxonomy":"product_tag","embeddable":true,"href":"https:\/\/bolting.eu\/en\/wp-json\/wp\/v2\/product_tag?post=13671"}],"curies":[{"name":"wp","href":"https:\/\/api.w.org\/{rel}","templated":true}]}}