{"id":13620,"date":"2022-10-19T12:33:50","date_gmt":"2022-10-19T10:33:50","guid":{"rendered":"https:\/\/bolting.eu\/?post_type=product&#038;p=13620"},"modified":"2026-03-20T18:55:15","modified_gmt":"2026-03-20T17:55:15","slug":"petzl-sarken-steigeisen","status":"publish","type":"product","link":"https:\/\/bolting.eu\/en\/shop\/petzl-sarken-steigeisen\/","title":{"rendered":"Petzl Sarken Steigeisen"},"content":{"rendered":"<p>Das Petzl Sarken <a href=\"https:\/\/bolting.eu\/produkt-kategorie\/bergsteiger-ausruestung\/steigeisen\/\">Steigeisen<\/a> ist zum technischen Bergsteigen gemacht. Denn dieses 12-Zack Modell hat eine extrem gute Performance in Eis, Schnee und Fels.<\/p>\n<p>Das liegt an den vertikalen Frontzacken. Sie dringen sowohl in hartes Eis ein, gew\u00e4hrleisten aber auch eine hohe Tragf\u00e4higkeit im Schnee. Im Fels erlauben sie zentrales Stehen und guten Halt auch auf kleinen Abs\u00e4tzen.<\/p>\n<p>Das 12-Zack System erm\u00f6glicht ein sicheres Gehen sowohl im flachen als auch steilen Gel\u00e4nde. Egal ob im Auf- oder Abstieg.<\/p>\n<p>Das Leverlock Universel Bindungssystem f\u00fcr einen Sohlenrand an der Ferse, rundet das Sarken perfekt ab. Im Lieferumfang ist ein K\u00f6rbchen f\u00fcr vorne (Standard Best\u00fcckung) als auch ein Kipphebel (&#8220;Fil Flex&#8221;) mit dabei.<\/p>\n<h2>Eigenschaften Petzl Sarken Steigeisen<\/h2>\n<ul>\n<li>Hersteller: <a href=\"https:\/\/bolting.eu\/produkt-kategorie\/petzl\/\">Petzl<\/a><\/li>\n<li>Material: Chrom-Molybd\u00e4n Stahl<\/li>\n<li>12-zackiges Steigeisen<\/li>\n<li>Norm: <a href=\"https:\/\/bolting.eu\/en-893-steigeisen-norm\/\">EN 893<\/a><\/li>\n<li><strong>f\u00fcr Schuhgr\u00f6\u00dfe 36 \u2013 50<\/strong><\/li>\n<li>f\u00fcr technisches Bergsteigen und Expeditionen<\/li>\n<li>Gewicht: 872 Gramm (inkl. Anti-Stollen Platten und FIL Bindung)<\/li>\n<li>vertikale Doppelzacken<\/li>\n<li>Leverlock Universal Bindung f\u00fcr Schuhe mit Sohlenrand hinten<\/li>\n<li>Vorne optional Fil (Kipphebel) oder FIL FLEX Bindung (K\u00f6rbchen)<\/li>\n<li>Frontteile, Verbindungsstege, Antistollplatten und Bindungssysteme k\u00f6nnen unabh\u00e4ngig voneinander ausgewechselt werden<\/li>\n<li>inkl. Fangriemen und Anti-Stollen Platte<\/li>\n<li>ideal on Kombination mit dem <a href=\"https:\/\/bolting.eu\/shop\/petzl-quark-eisgeraet\/\">Quark<\/a> Eisger\u00e4t<\/li>\n<li>Zubeh\u00f6r: Steigeisentasche <a href=\"https:\/\/bolting.eu\/shop\/petzl-steigeisentasche-fakir\/\">Fakir<\/a><\/li>\n<li><a href=\"https:\/\/www.petzl.com\/sfc\/servlet.shepherd\/version\/download\/0686800000GxvN3AAJ\" target=\"_blank\" rel=\"noopener\">Bedienungsanleitung<\/a><\/li>\n<\/ul>\n<h3>Modulares Alpen \u2013 Adapt System<\/h3>\n<p>Dank des modularen Systems k\u00f6nnt ihr beim Sarken Steigeisen von Petzl viele Teile tauschen.<\/p>\n<p>Wie z.B. die Anti-Stollenplatte, die Verbindungsstege, das gesamte Frontteil und auch die beiden Bindungsteile vorne und hinten.<\/p>\n<p>Des weiteren gibt es auch einen FIL SMALL B\u00fcgel f\u00fcr sehr kleine Schuhe. Damit passt das Modell auch auf extrem schmale Schuhe!<\/p>\n<h3>Produktvideo<\/h3>\n<p>Im folgenden Video gibt es nochmals eine ausf\u00fchrliche Vorstellung.<\/p>\n<p><iframe loading=\"lazy\" title=\"Petzl Sarken Crampon | Tech Spec Review\" width=\"1020\" height=\"574\" src=\"https:\/\/www.youtube.com\/embed\/yKUF4LghUTM?feature=oembed\" frameborder=\"0\" allow=\"accelerometer; autoplay; clipboard-write; encrypted-media; gyroscope; picture-in-picture; web-share\" referrerpolicy=\"strict-origin-when-cross-origin\" allowfullscreen><\/iframe><\/p>\n<h3>Petzl Sarken = robust und leicht<\/h3>\n<p>Was dieses Modell so interessant f\u00fcr Bergsteiger aber auch zum <a href=\"https:\/\/bolting.eu\/eisklettern\/\">Eisklettern<\/a> macht, ist sein Gewicht um die 900 Gramm. F\u00fcr ein solch &#8220;aggressives&#8221; und &#8220;robustes&#8221; Steigeisen ist das n\u00e4mlich sehr wenig.<\/p>\n<p>Modelle wie das <a href=\"https:\/\/bolting.eu\/shop\/petzl-dart-steigeisen\/\">Dart<\/a> z.B. sind zwar leichter aber keine Universalsteigeisen. Das <a href=\"https:\/\/bolting.eu\/shop\/petzl-lynx-steigeisen\/\">Lynx<\/a> wiederum ist f\u00fcr viel steileres Gel\u00e4nde gemacht. D.h. es ist beim Gehen im Schnee nicht so optimal.<\/p>\n<h4><span style=\"font-size: 120%;\">bolting.eu Experten Tipp<\/span><\/h4>\n<p>Lagert eure Eiskletter Ausr\u00fcstung immer trocken und bei Zimmertemperatur. Das gilt neben dem Sarken Steigeisen nat\u00fcrlich auch f\u00fcr eure <a href=\"https:\/\/bolting.eu\/produkt-kategorie\/bergsteiger-ausruestung\/eisgeraete\/\">Eisger\u00e4te<\/a> und <a href=\"https:\/\/bolting.eu\/produkt-kategorie\/bergsteiger-ausruestung\/eisschrauben\/\">Eisschrauben<\/a>.<\/p>\n<p>Denn wer seine Ausr\u00fcstung z.B. achtlos in der Garage lagert, wird im Fr\u00fchling ziemlich sicher keine Freude mit dem Zustand der Metalloberfl\u00e4chen haben. Diese rosten n\u00e4mlich wenn sie feucht bekommen.<\/p>\n<p>Das geht bei kaltem Metall auch ganz von alleine. Denn die Luftfeuchtigkeit legt sich am kalten Metall automatisch an.<\/p>\n<p>Deshalb. Trocknet eure Ausr\u00fcstung ordentlich und dann ab in einen Lagerraum mit Zimmertemperatur.<\/p>\n","protected":false},"excerpt":{"rendered":"<p>Steigeisen zum Expeditionsbergsteigen bzw. f\u00fcr technisches Bergsteigen. Die ausgekl\u00fcgelten Doppel Frontzacken erm\u00f6glichen perfekte Performance in Eis, Schnee und Fels.<\/p>\n<p>Optional mit Kipphebel System f\u00fcr Schuhe mit Sohlenrand hinten und vorne, oder FIL Flex (K\u00f6rbchen) vorne f\u00fcr Schuhe ohne Sohlenrand.<\/p>\n<p>DAS meist gekaufte Universal Steigeisen am Markt!<\/p>\n<p>Versandkostenfrei bis 2kg in <img decoding=\"async\" class=\"emoji\" role=\"img\" draggable=\"false\" src=\"https:\/\/s.w.org\/images\/core\/emoji\/14.0.0\/svg\/1f1e6-1f1f9.svg\" alt=\"\ud83c\udde6\ud83c\uddf9\" \/> ab \u20ac 100,- und <img decoding=\"async\" class=\"emoji\" role=\"img\" draggable=\"false\" src=\"https:\/\/s.w.org\/images\/core\/emoji\/14.0.0\/svg\/1f1e9-1f1ea.svg\" alt=\"\ud83c\udde9\ud83c\uddea\" \/> ab \u20ac 200,-!<\/p>\n","protected":false},"featured_media":13624,"comment_status":"closed","ping_status":"closed","template":"","meta":[],"product_brand":[],"product_cat":[14288,13938,14093],"product_tag":[],"class_list":{"0":"post-13620","1":"product","2":"type-product","3":"status-publish","4":"has-post-thumbnail","6":"product_cat-steigeisen","7":"product_cat-bergsteiger-ausruestung","8":"product_cat-petzl","10":"first","11":"instock","12":"sale","13":"taxable","14":"shipping-taxable","15":"purchasable","16":"product-type-simple"},"yoast_head":"<!-- This site is optimized with the Yoast SEO Premium plugin v26.9 (Yoast SEO v26.9) - https:\/\/yoast.com\/product\/yoast-seo-premium-wordpress\/ -->\n<title>Petzl Sarken Steigeisen f\u00fcr den Allround Einsatz | bolting.eu<\/title>\n<meta name=\"description\" content=\"Petzl Sarken Steigeisen beim Kletter Hardwareprofi aus Innsbruck kaufen \u2705 kostenloser Versand* \u2705 14 Tage R\u00fcckgaberecht \u2705 Co2 neutrale Zustellung\" \/>\n<meta name=\"robots\" content=\"index, follow, max-snippet:-1, max-image-preview:large, max-video-preview:-1\" \/>\n<link rel=\"canonical\" href=\"https:\/\/bolting.eu\/en\/shop\/petzl-sarken-steigeisen\/\" \/>\n<meta property=\"og:locale\" content=\"en_US\" \/>\n<meta property=\"og:type\" content=\"article\" \/>\n<meta property=\"og:title\" content=\"Petzl Sarken Steigeisen\" \/>\n<meta property=\"og:description\" content=\"Petzl Sarken Steigeisen beim Kletter Hardwareprofi aus Innsbruck kaufen \u2705 kostenloser Versand* \u2705 14 Tage R\u00fcckgaberecht \u2705 Co2 neutrale Zustellung\" \/>\n<meta property=\"og:url\" content=\"https:\/\/bolting.eu\/en\/shop\/petzl-sarken-steigeisen\/\" \/>\n<meta property=\"og:site_name\" content=\"bolting.eu\" \/>\n<meta property=\"article:publisher\" content=\"https:\/\/www.facebook.com\/bolting.eu\" \/>\n<meta property=\"article:modified_time\" content=\"2026-03-20T17:55:15+00:00\" \/>\n<meta property=\"og:image\" content=\"https:\/\/bolting.eu\/wp-content\/uploads\/2022\/10\/Petzl-Sarken-Steigeisen-1.jpg\" \/>\n\t<meta property=\"og:image:width\" content=\"700\" \/>\n\t<meta property=\"og:image:height\" content=\"700\" \/>\n\t<meta property=\"og:image:type\" content=\"image\/jpeg\" \/>\n<meta name=\"twitter:card\" content=\"summary_large_image\" \/>\n<meta name=\"twitter:label1\" content=\"Price\" \/>\n\t<meta name=\"twitter:data1\" content=\"&euro;&nbsp;185,00\" \/>\n\t<meta name=\"twitter:label2\" content=\"Availability\" \/>\n\t<meta name=\"twitter:data2\" content=\"In stock\" \/>\n<script type=\"application\/ld+json\" class=\"yoast-schema-graph\">{\"@context\":\"https:\/\/schema.org\",\"@graph\":[{\"@type\":[\"WebPage\",\"ItemPage\"],\"@id\":\"https:\/\/bolting.eu\/en\/shop\/petzl-sarken-steigeisen\/\",\"url\":\"https:\/\/bolting.eu\/en\/shop\/petzl-sarken-steigeisen\/\",\"name\":\"Petzl Sarken Steigeisen f\u00fcr den Allround Einsatz | bolting.eu\",\"isPartOf\":{\"@id\":\"https:\/\/bolting.eu\/en\/#website\"},\"primaryImageOfPage\":{\"@id\":\"https:\/\/bolting.eu\/en\/shop\/petzl-sarken-steigeisen\/#primaryimage\"},\"image\":{\"@id\":\"https:\/\/bolting.eu\/en\/shop\/petzl-sarken-steigeisen\/#primaryimage\"},\"thumbnailUrl\":\"https:\/\/bolting.eu\/wp-content\/uploads\/2022\/10\/Petzl-Sarken-Steigeisen-1.jpg\",\"datePublished\":\"2022-10-19T10:33:50+00:00\",\"dateModified\":\"2026-03-20T17:55:15+00:00\",\"description\":\"Petzl Sarken Steigeisen beim Kletter Hardwareprofi aus Innsbruck kaufen \u2705 kostenloser Versand* \u2705 14 Tage R\u00fcckgaberecht \u2705 Co2 neutrale Zustellung\",\"breadcrumb\":{\"@id\":\"https:\/\/bolting.eu\/en\/shop\/petzl-sarken-steigeisen\/#breadcrumb\"},\"inLanguage\":\"en-US\",\"potentialAction\":[{\"@type\":\"ReadAction\",\"target\":[\"https:\/\/bolting.eu\/en\/shop\/petzl-sarken-steigeisen\/\"]}]},{\"@type\":\"ImageObject\",\"inLanguage\":\"en-US\",\"@id\":\"https:\/\/bolting.eu\/en\/shop\/petzl-sarken-steigeisen\/#primaryimage\",\"url\":\"https:\/\/bolting.eu\/wp-content\/uploads\/2022\/10\/Petzl-Sarken-Steigeisen-1.jpg\",\"contentUrl\":\"https:\/\/bolting.eu\/wp-content\/uploads\/2022\/10\/Petzl-Sarken-Steigeisen-1.jpg\",\"width\":700,\"height\":700,\"caption\":\"Das Bild zeigt das Petzl Sarken Steigeisen mit schwarzen Stahl, Bindung und orangen Anti-Stollenplatten auf der Unterseite.\"},{\"@type\":\"BreadcrumbList\",\"@id\":\"https:\/\/bolting.eu\/en\/shop\/petzl-sarken-steigeisen\/#breadcrumb\",\"itemListElement\":[{\"@type\":\"ListItem\",\"position\":1,\"name\":\"Shop\",\"item\":\"https:\/\/bolting.eu\/en\/shop\/\"},{\"@type\":\"ListItem\",\"position\":2,\"name\":\"Bergsteiger Ausr\u00fcstung\",\"item\":\"https:\/\/bolting.eu\/produkt-kategorie\/bergsteiger-ausruestung\/\"},{\"@type\":\"ListItem\",\"position\":3,\"name\":\"Steigeisen\",\"item\":\"https:\/\/bolting.eu\/produkt-kategorie\/bergsteiger-ausruestung\/steigeisen\/\"},{\"@type\":\"ListItem\",\"position\":4,\"name\":\"Petzl Sarken Steigeisen\"}]},{\"@type\":\"WebSite\",\"@id\":\"https:\/\/bolting.eu\/en\/#website\",\"url\":\"https:\/\/bolting.eu\/en\/\",\"name\":\"bolting.eu\",\"description\":\"we make climbs happen\",\"publisher\":{\"@id\":\"https:\/\/bolting.eu\/en\/#organization\"},\"potentialAction\":[{\"@type\":\"SearchAction\",\"target\":{\"@type\":\"EntryPoint\",\"urlTemplate\":\"https:\/\/bolting.eu\/en\/?s={search_term_string}\"},\"query-input\":{\"@type\":\"PropertyValueSpecification\",\"valueRequired\":true,\"valueName\":\"search_term_string\"}}],\"inLanguage\":\"en-US\"},{\"@type\":[\"Organization\",\"Place\",\"SportingGoodsStore\"],\"@id\":\"https:\/\/bolting.eu\/en\/#organization\",\"name\":\"bolting.eu\",\"url\":\"https:\/\/bolting.eu\/en\/\",\"logo\":{\"@id\":\"https:\/\/bolting.eu\/en\/shop\/petzl-sarken-steigeisen\/#local-main-organization-logo\"},\"image\":{\"@id\":\"https:\/\/bolting.eu\/en\/shop\/petzl-sarken-steigeisen\/#local-main-organization-logo\"},\"sameAs\":[\"https:\/\/www.facebook.com\/bolting.eu\",\"https:\/\/www.instagram.com\/bolting.eu\/\"],\"address\":{\"@id\":\"https:\/\/bolting.eu\/en\/shop\/petzl-sarken-steigeisen\/#local-main-place-address\"},\"geo\":{\"@type\":\"GeoCoordinates\",\"latitude\":\"47.264176340396226\",\"longitude\":\"11.380109057672346\"},\"telephone\":[\"+43 699 19083372\"],\"openingHoursSpecification\":[{\"@type\":\"OpeningHoursSpecification\",\"dayOfWeek\":[\"Monday\",\"Wednesday\",\"Friday\"],\"opens\":\"14:00\",\"closes\":\"18:00\"},{\"@type\":\"OpeningHoursSpecification\",\"dayOfWeek\":[\"Tuesday\",\"Thursday\",\"Saturday\",\"Sunday\"],\"opens\":\"00:00\",\"closes\":\"00:00\"}],\"email\":\"office@bolting.eu\",\"vatID\":\"ATU59999728\",\"priceRange\":\"$$\",\"currenciesAccepted\":\"Euro\"},{\"@type\":\"PostalAddress\",\"@id\":\"https:\/\/bolting.eu\/en\/shop\/petzl-sarken-steigeisen\/#local-main-place-address\",\"streetAddress\":\"Fischnalerstra\u00dfe 4\",\"addressLocality\":\"Innsbruck\",\"postalCode\":\"6020\",\"addressRegion\":\"Tirol\",\"addressCountry\":\"AT\"},{\"@type\":\"ImageObject\",\"inLanguage\":\"en-US\",\"@id\":\"https:\/\/bolting.eu\/en\/shop\/petzl-sarken-steigeisen\/#local-main-organization-logo\",\"url\":\"https:\/\/bolting.eu\/wp-content\/uploads\/2019\/09\/bolting-logo.png\",\"contentUrl\":\"https:\/\/bolting.eu\/wp-content\/uploads\/2019\/09\/bolting-logo.png\",\"width\":400,\"height\":211,\"caption\":\"bolting.eu\"}]}<\/script>\n<meta property=\"og:video\" content=\"https:\/\/www.youtube.com\/embed\/yKUF4LghUTM\" \/>\n<meta property=\"og:video:type\" content=\"text\/html\" \/>\n<meta property=\"og:video:duration\" content=\"90\" \/>\n<meta property=\"og:video:width\" content=\"480\" \/>\n<meta property=\"og:video:height\" content=\"270\" \/>\n<meta property=\"ya:ovs:adult\" content=\"false\" \/>\n<meta property=\"ya:ovs:upload_date\" content=\"2022-10-19T10:33:50+00:00\" \/>\n<meta property=\"ya:ovs:allow_embed\" content=\"true\" \/>\n<meta property=\"product:price:amount\" content=\"185.00\" \/>\n<meta property=\"product:price:currency\" content=\"EUR\" \/>\n<meta property=\"og:availability\" content=\"instock\" \/>\n<meta property=\"product:availability\" content=\"instock\" \/>\n<meta property=\"product:retailer_item_id\" content=\"T10ALLU\" \/>\n<meta property=\"product:condition\" content=\"new\" \/>\n<meta name=\"geo.placename\" content=\"Innsbruck\" \/>\n<meta name=\"geo.position\" content=\"47.264176340396226;11.380109057672346\" \/>\n<meta name=\"geo.region\" content=\"Austria\" \/>\n<!-- \/ Yoast SEO Premium plugin. -->","yoast_head_json":{"title":"Petzl Sarken Steigeisen f\u00fcr den Allround Einsatz | bolting.eu","description":"Petzl Sarken Steigeisen beim Kletter Hardwareprofi aus Innsbruck kaufen \u2705 kostenloser Versand* \u2705 14 Tage R\u00fcckgaberecht \u2705 Co2 neutrale Zustellung","robots":{"index":"index","follow":"follow","max-snippet":"max-snippet:-1","max-image-preview":"max-image-preview:large","max-video-preview":"max-video-preview:-1"},"canonical":"https:\/\/bolting.eu\/en\/shop\/petzl-sarken-steigeisen\/","og_locale":"en_US","og_type":"article","og_title":"Petzl Sarken Steigeisen","og_description":"Petzl Sarken Steigeisen beim Kletter Hardwareprofi aus Innsbruck kaufen \u2705 kostenloser Versand* \u2705 14 Tage R\u00fcckgaberecht \u2705 Co2 neutrale Zustellung","og_url":"https:\/\/bolting.eu\/en\/shop\/petzl-sarken-steigeisen\/","og_site_name":"bolting.eu","article_publisher":"https:\/\/www.facebook.com\/bolting.eu","article_modified_time":"2026-03-20T17:55:15+00:00","og_image":[{"width":700,"height":700,"url":"https:\/\/bolting.eu\/wp-content\/uploads\/2022\/10\/Petzl-Sarken-Steigeisen-1.jpg","type":"image\/jpeg"}],"twitter_card":"summary_large_image","twitter_misc":{"Price":"&euro;&nbsp;185,00","Availability":"In stock"},"schema":{"@context":"https:\/\/schema.org","@graph":[{"@type":["WebPage","ItemPage"],"@id":"https:\/\/bolting.eu\/en\/shop\/petzl-sarken-steigeisen\/","url":"https:\/\/bolting.eu\/en\/shop\/petzl-sarken-steigeisen\/","name":"Petzl Sarken Steigeisen f\u00fcr den Allround Einsatz | bolting.eu","isPartOf":{"@id":"https:\/\/bolting.eu\/en\/#website"},"primaryImageOfPage":{"@id":"https:\/\/bolting.eu\/en\/shop\/petzl-sarken-steigeisen\/#primaryimage"},"image":{"@id":"https:\/\/bolting.eu\/en\/shop\/petzl-sarken-steigeisen\/#primaryimage"},"thumbnailUrl":"https:\/\/bolting.eu\/wp-content\/uploads\/2022\/10\/Petzl-Sarken-Steigeisen-1.jpg","datePublished":"2022-10-19T10:33:50+00:00","dateModified":"2026-03-20T17:55:15+00:00","description":"Petzl Sarken Steigeisen beim Kletter Hardwareprofi aus Innsbruck kaufen \u2705 kostenloser Versand* \u2705 14 Tage R\u00fcckgaberecht \u2705 Co2 neutrale Zustellung","breadcrumb":{"@id":"https:\/\/bolting.eu\/en\/shop\/petzl-sarken-steigeisen\/#breadcrumb"},"inLanguage":"en-US","potentialAction":[{"@type":"ReadAction","target":["https:\/\/bolting.eu\/en\/shop\/petzl-sarken-steigeisen\/"]}]},{"@type":"ImageObject","inLanguage":"en-US","@id":"https:\/\/bolting.eu\/en\/shop\/petzl-sarken-steigeisen\/#primaryimage","url":"https:\/\/bolting.eu\/wp-content\/uploads\/2022\/10\/Petzl-Sarken-Steigeisen-1.jpg","contentUrl":"https:\/\/bolting.eu\/wp-content\/uploads\/2022\/10\/Petzl-Sarken-Steigeisen-1.jpg","width":700,"height":700,"caption":"Das Bild zeigt das Petzl Sarken Steigeisen mit schwarzen Stahl, Bindung und orangen Anti-Stollenplatten auf der Unterseite."},{"@type":"BreadcrumbList","@id":"https:\/\/bolting.eu\/en\/shop\/petzl-sarken-steigeisen\/#breadcrumb","itemListElement":[{"@type":"ListItem","position":1,"name":"Shop","item":"https:\/\/bolting.eu\/en\/shop\/"},{"@type":"ListItem","position":2,"name":"Bergsteiger Ausr\u00fcstung","item":"https:\/\/bolting.eu\/produkt-kategorie\/bergsteiger-ausruestung\/"},{"@type":"ListItem","position":3,"name":"Steigeisen","item":"https:\/\/bolting.eu\/produkt-kategorie\/bergsteiger-ausruestung\/steigeisen\/"},{"@type":"ListItem","position":4,"name":"Petzl Sarken Steigeisen"}]},{"@type":"WebSite","@id":"https:\/\/bolting.eu\/en\/#website","url":"https:\/\/bolting.eu\/en\/","name":"bolting.eu","description":"we make climbs happen","publisher":{"@id":"https:\/\/bolting.eu\/en\/#organization"},"potentialAction":[{"@type":"SearchAction","target":{"@type":"EntryPoint","urlTemplate":"https:\/\/bolting.eu\/en\/?s={search_term_string}"},"query-input":{"@type":"PropertyValueSpecification","valueRequired":true,"valueName":"search_term_string"}}],"inLanguage":"en-US"},{"@type":["Organization","Place","SportingGoodsStore"],"@id":"https:\/\/bolting.eu\/en\/#organization","name":"bolting.eu","url":"https:\/\/bolting.eu\/en\/","logo":{"@id":"https:\/\/bolting.eu\/en\/shop\/petzl-sarken-steigeisen\/#local-main-organization-logo"},"image":{"@id":"https:\/\/bolting.eu\/en\/shop\/petzl-sarken-steigeisen\/#local-main-organization-logo"},"sameAs":["https:\/\/www.facebook.com\/bolting.eu","https:\/\/www.instagram.com\/bolting.eu\/"],"address":{"@id":"https:\/\/bolting.eu\/en\/shop\/petzl-sarken-steigeisen\/#local-main-place-address"},"geo":{"@type":"GeoCoordinates","latitude":"47.264176340396226","longitude":"11.380109057672346"},"telephone":["+43 699 19083372"],"openingHoursSpecification":[{"@type":"OpeningHoursSpecification","dayOfWeek":["Monday","Wednesday","Friday"],"opens":"14:00","closes":"18:00"},{"@type":"OpeningHoursSpecification","dayOfWeek":["Tuesday","Thursday","Saturday","Sunday"],"opens":"00:00","closes":"00:00"}],"email":"office@bolting.eu","vatID":"ATU59999728","priceRange":"$$","currenciesAccepted":"Euro"},{"@type":"PostalAddress","@id":"https:\/\/bolting.eu\/en\/shop\/petzl-sarken-steigeisen\/#local-main-place-address","streetAddress":"Fischnalerstra\u00dfe 4","addressLocality":"Innsbruck","postalCode":"6020","addressRegion":"Tirol","addressCountry":"AT"},{"@type":"ImageObject","inLanguage":"en-US","@id":"https:\/\/bolting.eu\/en\/shop\/petzl-sarken-steigeisen\/#local-main-organization-logo","url":"https:\/\/bolting.eu\/wp-content\/uploads\/2019\/09\/bolting-logo.png","contentUrl":"https:\/\/bolting.eu\/wp-content\/uploads\/2019\/09\/bolting-logo.png","width":400,"height":211,"caption":"bolting.eu"}]},"og_video":"https:\/\/www.youtube.com\/embed\/yKUF4LghUTM","og_video_type":"text\/html","og_video_duration":"90","og_video_width":"480","og_video_height":"270","ya_ovs_adult":"false","ya_ovs_upload_date":"2022-10-19T10:33:50+00:00","ya_ovs_allow_embed":"true","product_price_amount":"185.00","product_price_currency":"EUR","og_availability":"instock","product_availability":"instock","product_retailer_item_id":"T10ALLU","product_condition":"new","geo.placename":"Innsbruck","geo.position":{"lat":"47.264176340396226","long":"11.380109057672346"},"geo.region":"Austria"},"_links":{"self":[{"href":"https:\/\/bolting.eu\/en\/wp-json\/wp\/v2\/product\/13620","targetHints":{"allow":["GET"]}}],"collection":[{"href":"https:\/\/bolting.eu\/en\/wp-json\/wp\/v2\/product"}],"about":[{"href":"https:\/\/bolting.eu\/en\/wp-json\/wp\/v2\/types\/product"}],"replies":[{"embeddable":true,"href":"https:\/\/bolting.eu\/en\/wp-json\/wp\/v2\/comments?post=13620"}],"wp:featuredmedia":[{"embeddable":true,"href":"https:\/\/bolting.eu\/en\/wp-json\/wp\/v2\/media\/13624"}],"wp:attachment":[{"href":"https:\/\/bolting.eu\/en\/wp-json\/wp\/v2\/media?parent=13620"}],"wp:term":[{"taxonomy":"product_brand","embeddable":true,"href":"https:\/\/bolting.eu\/en\/wp-json\/wp\/v2\/product_brand?post=13620"},{"taxonomy":"product_cat","embeddable":true,"href":"https:\/\/bolting.eu\/en\/wp-json\/wp\/v2\/product_cat?post=13620"},{"taxonomy":"product_tag","embeddable":true,"href":"https:\/\/bolting.eu\/en\/wp-json\/wp\/v2\/product_tag?post=13620"}],"curies":[{"name":"wp","href":"https:\/\/api.w.org\/{rel}","templated":true}]}}