{"id":13612,"date":"2022-10-18T15:13:54","date_gmt":"2022-10-18T13:13:54","guid":{"rendered":"https:\/\/bolting.eu\/?post_type=product&#038;p=13612"},"modified":"2026-03-20T20:01:31","modified_gmt":"2026-03-20T19:01:31","slug":"petzl-dart-steigeisen","status":"publish","type":"product","link":"https:\/\/bolting.eu\/en\/shop\/petzl-dart-steigeisen\/","title":{"rendered":"Petzl Dart Steigeisen"},"content":{"rendered":"<p>Das Petzl Dart ist ein Steigeisen zum <a href=\"https:\/\/bolting.eu\/eisklettern\/\">Eisklettern<\/a> und Drytooling ist ein technisches Modell. Seine Ausstattung ist ganz speziell auf steiles Eis bzw. Fels ausgerichtet.<\/p>\n<p>Dank des &#8220;Alpen &#8211; Adapt&#8221; Systems, k\u00f6nnt ihr dieses Produkt selber individuell anpassen. Zum einen k\u00f6nnt ihr es auf Doppelzacken umbauen. Z.B. f\u00fcr Schnee Couloirs oder Eisrinnen. Der Umbau Kit ist im Lieferumfang enthalten.<\/p>\n<p>Und zum anderen k\u00f6nnt ihr beim Dart auch die Standard Leverlock FIL Bindung (&#8220;Kipphebel Bindung&#8221;) tauschen. Alternativ steht die Flexilock Bindung f\u00fcr Schuhe ohne Seitenrand zur Verf\u00fcgung.<\/p>\n<p>Vorinstallierte Anti-Stollen Platten und Fangriemen runden dieses Produkt perfekt ab. Kombiniert mit dem <a href=\"https:\/\/bolting.eu\/shop\/petzl-nomic-eisgeraet\/\">Nomic<\/a> ein unschlagbares Eiskletter Duo!<\/p>\n<h2>Eigenschaften Petzl Dart<\/h2>\n<ul>\n<li>Hersteller: <a href=\"https:\/\/bolting.eu\/produkt-kategorie\/petzl\/\">Petzl<\/a><\/li>\n<li>Material: Chrom-Molybd\u00e4n Stahl<\/li>\n<li>13-zackiges Universal Steigeisen<\/li>\n<li>Norm: <a href=\"https:\/\/bolting.eu\/en-893-steigeisen-norm\/\">EN 893<\/a><\/li>\n<li><strong>f\u00fcr Schuhgr\u00f6\u00dfe 34 \u2013 44<\/strong><\/li>\n<li><strong>optionaler Steg \u201eBarettes L\u201c ab Schuhgr\u00f6\u00dfe 45 n\u00f6tig!<\/strong><\/li>\n<li>zum Eisklettern und Ry Tooling<\/li>\n<li>Gewicht: 812 Gramm (inkl. Anti-Stollen Platten als Mono Zacker)<\/li>\n<li>alternativ Doppelzacken montierbar (im Lieferumfang)<\/li>\n<li>Doppelzacken auch asymmetrisch anordenbar<\/li>\n<li>Lever-Lock FIL Bindung f\u00fcr Schuhe mit Sohlenrand hinten und vorne<\/li>\n<li>inkl. Inbusschl\u00fcssel bzw. Abstandhalter f\u00fcr die Zackenmontage<\/li>\n<li>alles bei diesem Steigeisen ist austauschbar bzw. ersetzbar: Stege, Anti-Stollenplatte, Frontzacken, Bindungssystem;<\/li>\n<li>inkl. Fangriemen und Doppelzacken Kit<\/li>\n<li><a href=\"https:\/\/www.petzl.com\/sfc\/servlet.shepherd\/version\/download\/0686800000GvhjOAAR\" target=\"_blank\" rel=\"noopener\">Bedienungsanleitung<\/a><\/li>\n<\/ul>\n<h3>Modulares Alpen &#8211; Adapt System<\/h3>\n<p>Dank des modularen Systems k\u00f6nnt ihr beim Dart von Petzl viele Teile tauschen.<\/p>\n<p>Wie z.B. die Standard LEVERLOCK FIL Bindung (&#8220;Kipphebel&#8221;) gegen eine FLEXILOCK (K\u00f6rbchen Bindung&#8221;) f\u00fcr Schuhe ohne Seitenrand.<\/p>\n<p>Des weiteren gibt es auch einen eigenen, gro\u00dfen Steg f\u00fcr Schuhe ab Gr\u00f6\u00dfe 45. Wer sehr kleine Schuhe hat, kann sich vorne zudem den <a href=\"https:\/\/bolting.eu\/shop\/petzl-fil-small-steigeisen-zehenbuegel\/\">FIL SMALL B\u00fcgel<\/a> einh\u00e4ngen. Damit passt das Modell auch auf extrem schmale Schuhe!<\/p>\n<h3>Produktvideo<\/h3>\n<p>Im folgenden Video erkl\u00e4rt Euch Petzl sein Steigeisen selber ganz ausf\u00fchrlich.<\/p>\n<p><iframe loading=\"lazy\" title=\"DART - Modulare Steigeisen zum Eisklettern, Mixedklettern und Drytooling\" src=\"https:\/\/player.vimeo.com\/video\/314441459?dnt=1&amp;app_id=122963\" width=\"1020\" height=\"574\" frameborder=\"0\" allow=\"autoplay; fullscreen; picture-in-picture; clipboard-write; encrypted-media; web-share\" referrerpolicy=\"strict-origin-when-cross-origin\"><\/iframe><\/p>\n<p>&nbsp;<\/p>\n<h3>Petzl Dart = Monozacken vormontiert<\/h3>\n<p>Der Sinn eines Monozacken liegt in der Verwendung beim Dry Tooling. Denn auf einem einzelnen zacken kann man ganz anders stehen als auf einem Duo-Zacken. Deswegen ist hier im Lieferumfang ja auch der 2. Zacken dabei. So kann man immer rasch umbauen.<\/p>\n<p>Ein einzelner Zacken erlaubt das Drehen, Senken und Heben des Fu\u00dfes auf sehr kleinen Tritten. Zudem ist auch das wechseln von Tritten leichter m\u00f6glich. Zwei Zacken w\u00fcrden das verst\u00e4ndlicher Weise deutlich erschweren.<\/p>\n<p>Deswegen ist f\u00fcr viel Dry Tooler dieses Modell die erste Wahl.<\/p>\n<p>Wer stark abgen\u00fctzte Frontzacken hat, kann sich diese im Rahmen unseres <a href=\"https:\/\/bolting.eu\/schleifen-von-steigeisen\/\">Steigeisen Schleif Service<\/a> richten lassen.<\/p>\n<h3>Eigene Antistollplatte<\/h3>\n<p>Beachtet! Das Dart Steigeisen hat eine ganz spezifische <a href=\"https:\/\/bolting.eu\/shop\/petzl-antisnow-dart-antistollplatte-kopie\/\">Antistollplatte<\/a>. Diese ist ausschlie\u00dflich f\u00fcr dieses Modell geeignet.<\/p>\n<p>Hier findet ihr die kurze Installationsanleitung. Achtet beim Kauf auf die kleinen Schrauben, dass euch diese nicht aus der Verpackung fallen!<\/p>\n<figure id=\"attachment_12303\" aria-describedby=\"caption-attachment-12303\" style=\"width: 276px\" class=\"wp-caption alignnone\"><a href=\"https:\/\/bolting.eu\/wp-content\/uploads\/2022\/07\/Installationsanleitung-Petzl-Antisnow-Dart.jpg\"><img loading=\"lazy\" decoding=\"async\" class=\"wp-image-12303 size-full\" src=\"https:\/\/bolting.eu\/wp-content\/uploads\/2022\/07\/Installationsanleitung-Petzl-Antisnow-Dart.jpg\" alt=\"Grafik mit vielen Bildern zur Installation der Antistollplatten f\u00fcr das Petzl Dart.\" width=\"276\" height=\"800\" srcset=\"https:\/\/bolting.eu\/wp-content\/uploads\/2022\/07\/Installationsanleitung-Petzl-Antisnow-Dart.jpg 276w, https:\/\/bolting.eu\/wp-content\/uploads\/2022\/07\/Installationsanleitung-Petzl-Antisnow-Dart-138x400.jpg 138w\" sizes=\"auto, (max-width: 276px) 100vw, 276px\" \/><\/a><figcaption id=\"caption-attachment-12303\" class=\"wp-caption-text\">So installiert ihr die Antistoll Platte f\u00fcr dieses Modell!<\/figcaption><\/figure>\n<h4><span style=\"font-size: 120%;\">bolting.eu Experten Tipp<\/span><\/h4>\n<p>Lagert euer Dart immer trocken und bei Zimmertemperatur. Denn feuchtes Metall rostet viel leichter als trockenes.<\/p>\n<p>Folglich gilt das f\u00fcr eure <a href=\"https:\/\/bolting.eu\/produkt-kategorie\/bergsteiger-ausruestung\/eisschrauben\/\">Eisschrauben<\/a> genauso wie f\u00fcr die <a href=\"https:\/\/bolting.eu\/produkt-kategorie\/bergsteiger-ausruestung\/eisgeraete\/\">Eisger\u00e4te<\/a> und eben dieses Steigeisen. Deshalb. Ideal ist ein Lageraum im Haus und Zimmertemperatur!<\/p>\n","protected":false},"excerpt":{"rendered":"<p>Spezialisiertes Steigeisen f\u00fcr Eisklettern und Dry Tooling. Standardm\u00e4\u00dfig als Mono Zacker ausgeliefert kann es auch auf Doppelzacken umgebaut werden.<\/p>\n<p>Die LEVERLOCK FIL Bindung (&#8220;Kipphebel&#8221;) sorgt f\u00fcr festen Halt. Optionale Flexilock Bindung f\u00fcr Schuhe OHNE Sohlenrand erh\u00e4ltlich.<\/p>\n<p>Versandkostenfrei bis 2kg in <img decoding=\"async\" class=\"emoji\" role=\"img\" draggable=\"false\" src=\"https:\/\/s.w.org\/images\/core\/emoji\/14.0.0\/svg\/1f1e6-1f1f9.svg\" alt=\"\ud83c\udde6\ud83c\uddf9\" \/> ab \u20ac 100,- und <img decoding=\"async\" class=\"emoji\" role=\"img\" draggable=\"false\" src=\"https:\/\/s.w.org\/images\/core\/emoji\/14.0.0\/svg\/1f1e9-1f1ea.svg\" alt=\"\ud83c\udde9\ud83c\uddea\" \/> ab \u20ac 200,-!<\/p>\n","protected":false},"featured_media":13617,"comment_status":"closed","ping_status":"closed","template":"","meta":[],"product_brand":[],"product_cat":[13938,14093,14288],"product_tag":[],"class_list":{"0":"post-13612","1":"product","2":"type-product","3":"status-publish","4":"has-post-thumbnail","6":"product_cat-bergsteiger-ausruestung","7":"product_cat-petzl","8":"product_cat-steigeisen","10":"first","11":"instock","12":"sale","13":"taxable","14":"shipping-taxable","15":"purchasable","16":"product-type-simple"},"yoast_head":"<!-- This site is optimized with the Yoast SEO Premium plugin v26.9 (Yoast SEO v26.9) - https:\/\/yoast.com\/product\/yoast-seo-premium-wordpress\/ -->\n<title>Petzl Dart Steigeisen f\u00fcr Eisklettern und Drytooling | bolting.eu<\/title>\n<meta name=\"description\" content=\"Petzl Dart Steigeisen beim Kletter Hardwareprofi aus Innsbruck kaufen \u2705 kostenloser Versand* \u2705 14 Tage R\u00fcckgaberecht \u2705 Co2 neutraler Versand\" \/>\n<meta name=\"robots\" content=\"index, follow, max-snippet:-1, max-image-preview:large, max-video-preview:-1\" \/>\n<link rel=\"canonical\" href=\"https:\/\/bolting.eu\/en\/shop\/petzl-dart-steigeisen\/\" \/>\n<meta property=\"og:locale\" content=\"en_US\" \/>\n<meta property=\"og:type\" content=\"article\" \/>\n<meta property=\"og:title\" content=\"Petzl Dart Steigeisen\" \/>\n<meta property=\"og:description\" content=\"Petzl Dart Steigeisen beim Kletter Hardwareprofi aus Innsbruck kaufen \u2705 kostenloser Versand* \u2705 14 Tage R\u00fcckgaberecht \u2705 Co2 neutraler Versand\" \/>\n<meta property=\"og:url\" content=\"https:\/\/bolting.eu\/en\/shop\/petzl-dart-steigeisen\/\" \/>\n<meta property=\"og:site_name\" content=\"bolting.eu\" \/>\n<meta property=\"article:publisher\" content=\"https:\/\/www.facebook.com\/bolting.eu\" \/>\n<meta property=\"article:modified_time\" content=\"2026-03-20T19:01:31+00:00\" \/>\n<meta property=\"og:image\" content=\"https:\/\/bolting.eu\/wp-content\/uploads\/2022\/10\/Petzl-Dart-Steigeisen-1.jpg\" \/>\n\t<meta property=\"og:image:width\" content=\"700\" \/>\n\t<meta property=\"og:image:height\" content=\"700\" \/>\n\t<meta property=\"og:image:type\" content=\"image\/jpeg\" \/>\n<meta name=\"twitter:card\" content=\"summary_large_image\" \/>\n<meta name=\"twitter:label1\" content=\"Price\" \/>\n\t<meta name=\"twitter:data1\" content=\"&euro;&nbsp;235,00\" \/>\n\t<meta name=\"twitter:label2\" content=\"Availability\" \/>\n\t<meta name=\"twitter:data2\" content=\"In stock\" \/>\n<script type=\"application\/ld+json\" class=\"yoast-schema-graph\">{\"@context\":\"https:\/\/schema.org\",\"@graph\":[{\"@type\":[\"WebPage\",\"ItemPage\"],\"@id\":\"https:\/\/bolting.eu\/en\/shop\/petzl-dart-steigeisen\/\",\"url\":\"https:\/\/bolting.eu\/en\/shop\/petzl-dart-steigeisen\/\",\"name\":\"Petzl Dart Steigeisen f\u00fcr Eisklettern und Drytooling | bolting.eu\",\"isPartOf\":{\"@id\":\"https:\/\/bolting.eu\/en\/#website\"},\"primaryImageOfPage\":{\"@id\":\"https:\/\/bolting.eu\/en\/shop\/petzl-dart-steigeisen\/#primaryimage\"},\"image\":{\"@id\":\"https:\/\/bolting.eu\/en\/shop\/petzl-dart-steigeisen\/#primaryimage\"},\"thumbnailUrl\":\"https:\/\/bolting.eu\/wp-content\/uploads\/2022\/10\/Petzl-Dart-Steigeisen-1.jpg\",\"datePublished\":\"2022-10-18T13:13:54+00:00\",\"dateModified\":\"2026-03-20T19:01:31+00:00\",\"description\":\"Petzl Dart Steigeisen beim Kletter Hardwareprofi aus Innsbruck kaufen \u2705 kostenloser Versand* \u2705 14 Tage R\u00fcckgaberecht \u2705 Co2 neutraler Versand\",\"breadcrumb\":{\"@id\":\"https:\/\/bolting.eu\/en\/shop\/petzl-dart-steigeisen\/#breadcrumb\"},\"inLanguage\":\"en-US\",\"potentialAction\":[{\"@type\":\"ReadAction\",\"target\":[\"https:\/\/bolting.eu\/en\/shop\/petzl-dart-steigeisen\/\"]}]},{\"@type\":\"ImageObject\",\"inLanguage\":\"en-US\",\"@id\":\"https:\/\/bolting.eu\/en\/shop\/petzl-dart-steigeisen\/#primaryimage\",\"url\":\"https:\/\/bolting.eu\/wp-content\/uploads\/2022\/10\/Petzl-Dart-Steigeisen-1.jpg\",\"contentUrl\":\"https:\/\/bolting.eu\/wp-content\/uploads\/2022\/10\/Petzl-Dart-Steigeisen-1.jpg\",\"width\":700,\"height\":700,\"caption\":\"Orange schwarzes Petzl Dart Steigeisen f\u00fcr Eisklettern und Drytooling.\"},{\"@type\":\"BreadcrumbList\",\"@id\":\"https:\/\/bolting.eu\/en\/shop\/petzl-dart-steigeisen\/#breadcrumb\",\"itemListElement\":[{\"@type\":\"ListItem\",\"position\":1,\"name\":\"Shop\",\"item\":\"https:\/\/bolting.eu\/en\/shop\/\"},{\"@type\":\"ListItem\",\"position\":2,\"name\":\"Bergsteiger Ausr\u00fcstung\",\"item\":\"https:\/\/bolting.eu\/produkt-kategorie\/bergsteiger-ausruestung\/\"},{\"@type\":\"ListItem\",\"position\":3,\"name\":\"Steigeisen\",\"item\":\"https:\/\/bolting.eu\/produkt-kategorie\/bergsteiger-ausruestung\/steigeisen\/\"},{\"@type\":\"ListItem\",\"position\":4,\"name\":\"Petzl Dart Steigeisen\"}]},{\"@type\":\"WebSite\",\"@id\":\"https:\/\/bolting.eu\/en\/#website\",\"url\":\"https:\/\/bolting.eu\/en\/\",\"name\":\"bolting.eu\",\"description\":\"we make climbs happen\",\"publisher\":{\"@id\":\"https:\/\/bolting.eu\/en\/#organization\"},\"potentialAction\":[{\"@type\":\"SearchAction\",\"target\":{\"@type\":\"EntryPoint\",\"urlTemplate\":\"https:\/\/bolting.eu\/en\/?s={search_term_string}\"},\"query-input\":{\"@type\":\"PropertyValueSpecification\",\"valueRequired\":true,\"valueName\":\"search_term_string\"}}],\"inLanguage\":\"en-US\"},{\"@type\":[\"Organization\",\"Place\",\"SportingGoodsStore\"],\"@id\":\"https:\/\/bolting.eu\/en\/#organization\",\"name\":\"bolting.eu\",\"url\":\"https:\/\/bolting.eu\/en\/\",\"logo\":{\"@id\":\"https:\/\/bolting.eu\/en\/shop\/petzl-dart-steigeisen\/#local-main-organization-logo\"},\"image\":{\"@id\":\"https:\/\/bolting.eu\/en\/shop\/petzl-dart-steigeisen\/#local-main-organization-logo\"},\"sameAs\":[\"https:\/\/www.facebook.com\/bolting.eu\",\"https:\/\/www.instagram.com\/bolting.eu\/\"],\"address\":{\"@id\":\"https:\/\/bolting.eu\/en\/shop\/petzl-dart-steigeisen\/#local-main-place-address\"},\"geo\":{\"@type\":\"GeoCoordinates\",\"latitude\":\"47.264176340396226\",\"longitude\":\"11.380109057672346\"},\"telephone\":[\"+43 699 19083372\"],\"openingHoursSpecification\":[{\"@type\":\"OpeningHoursSpecification\",\"dayOfWeek\":[\"Monday\",\"Wednesday\",\"Friday\"],\"opens\":\"14:00\",\"closes\":\"18:00\"},{\"@type\":\"OpeningHoursSpecification\",\"dayOfWeek\":[\"Tuesday\",\"Thursday\",\"Saturday\",\"Sunday\"],\"opens\":\"00:00\",\"closes\":\"00:00\"}],\"email\":\"office@bolting.eu\",\"vatID\":\"ATU59999728\",\"priceRange\":\"$$\",\"currenciesAccepted\":\"Euro\"},{\"@type\":\"PostalAddress\",\"@id\":\"https:\/\/bolting.eu\/en\/shop\/petzl-dart-steigeisen\/#local-main-place-address\",\"streetAddress\":\"Fischnalerstra\u00dfe 4\",\"addressLocality\":\"Innsbruck\",\"postalCode\":\"6020\",\"addressRegion\":\"Tirol\",\"addressCountry\":\"AT\"},{\"@type\":\"ImageObject\",\"inLanguage\":\"en-US\",\"@id\":\"https:\/\/bolting.eu\/en\/shop\/petzl-dart-steigeisen\/#local-main-organization-logo\",\"url\":\"https:\/\/bolting.eu\/wp-content\/uploads\/2019\/09\/bolting-logo.png\",\"contentUrl\":\"https:\/\/bolting.eu\/wp-content\/uploads\/2019\/09\/bolting-logo.png\",\"width\":400,\"height\":211,\"caption\":\"bolting.eu\"}]}<\/script>\n<meta property=\"og:video\" content=\"https:\/\/player.vimeo.com\/video\/314441459\" \/>\n<meta property=\"og:video:type\" content=\"text\/html\" \/>\n<meta property=\"og:video:duration\" content=\"48\" \/>\n<meta property=\"og:video:width\" content=\"1920\" \/>\n<meta property=\"og:video:height\" content=\"1080\" \/>\n<meta property=\"ya:ovs:adult\" content=\"false\" \/>\n<meta property=\"ya:ovs:upload_date\" content=\"2022-10-18T13:13:54+00:00\" \/>\n<meta property=\"ya:ovs:allow_embed\" content=\"true\" \/>\n<meta property=\"product:price:amount\" content=\"235.00\" \/>\n<meta property=\"product:price:currency\" content=\"EUR\" \/>\n<meta property=\"og:availability\" content=\"instock\" \/>\n<meta property=\"product:availability\" content=\"instock\" \/>\n<meta property=\"product:retailer_item_id\" content=\"U001AA00\" \/>\n<meta property=\"product:condition\" content=\"new\" \/>\n<meta name=\"geo.placename\" content=\"Innsbruck\" \/>\n<meta name=\"geo.position\" content=\"47.264176340396226;11.380109057672346\" \/>\n<meta name=\"geo.region\" content=\"Austria\" \/>\n<!-- \/ Yoast SEO Premium plugin. -->","yoast_head_json":{"title":"Petzl Dart Steigeisen f\u00fcr Eisklettern und Drytooling | bolting.eu","description":"Petzl Dart Steigeisen beim Kletter Hardwareprofi aus Innsbruck kaufen \u2705 kostenloser Versand* \u2705 14 Tage R\u00fcckgaberecht \u2705 Co2 neutraler Versand","robots":{"index":"index","follow":"follow","max-snippet":"max-snippet:-1","max-image-preview":"max-image-preview:large","max-video-preview":"max-video-preview:-1"},"canonical":"https:\/\/bolting.eu\/en\/shop\/petzl-dart-steigeisen\/","og_locale":"en_US","og_type":"article","og_title":"Petzl Dart Steigeisen","og_description":"Petzl Dart Steigeisen beim Kletter Hardwareprofi aus Innsbruck kaufen \u2705 kostenloser Versand* \u2705 14 Tage R\u00fcckgaberecht \u2705 Co2 neutraler Versand","og_url":"https:\/\/bolting.eu\/en\/shop\/petzl-dart-steigeisen\/","og_site_name":"bolting.eu","article_publisher":"https:\/\/www.facebook.com\/bolting.eu","article_modified_time":"2026-03-20T19:01:31+00:00","og_image":[{"width":700,"height":700,"url":"https:\/\/bolting.eu\/wp-content\/uploads\/2022\/10\/Petzl-Dart-Steigeisen-1.jpg","type":"image\/jpeg"}],"twitter_card":"summary_large_image","twitter_misc":{"Price":"&euro;&nbsp;235,00","Availability":"In stock"},"schema":{"@context":"https:\/\/schema.org","@graph":[{"@type":["WebPage","ItemPage"],"@id":"https:\/\/bolting.eu\/en\/shop\/petzl-dart-steigeisen\/","url":"https:\/\/bolting.eu\/en\/shop\/petzl-dart-steigeisen\/","name":"Petzl Dart Steigeisen f\u00fcr Eisklettern und Drytooling | bolting.eu","isPartOf":{"@id":"https:\/\/bolting.eu\/en\/#website"},"primaryImageOfPage":{"@id":"https:\/\/bolting.eu\/en\/shop\/petzl-dart-steigeisen\/#primaryimage"},"image":{"@id":"https:\/\/bolting.eu\/en\/shop\/petzl-dart-steigeisen\/#primaryimage"},"thumbnailUrl":"https:\/\/bolting.eu\/wp-content\/uploads\/2022\/10\/Petzl-Dart-Steigeisen-1.jpg","datePublished":"2022-10-18T13:13:54+00:00","dateModified":"2026-03-20T19:01:31+00:00","description":"Petzl Dart Steigeisen beim Kletter Hardwareprofi aus Innsbruck kaufen \u2705 kostenloser Versand* \u2705 14 Tage R\u00fcckgaberecht \u2705 Co2 neutraler Versand","breadcrumb":{"@id":"https:\/\/bolting.eu\/en\/shop\/petzl-dart-steigeisen\/#breadcrumb"},"inLanguage":"en-US","potentialAction":[{"@type":"ReadAction","target":["https:\/\/bolting.eu\/en\/shop\/petzl-dart-steigeisen\/"]}]},{"@type":"ImageObject","inLanguage":"en-US","@id":"https:\/\/bolting.eu\/en\/shop\/petzl-dart-steigeisen\/#primaryimage","url":"https:\/\/bolting.eu\/wp-content\/uploads\/2022\/10\/Petzl-Dart-Steigeisen-1.jpg","contentUrl":"https:\/\/bolting.eu\/wp-content\/uploads\/2022\/10\/Petzl-Dart-Steigeisen-1.jpg","width":700,"height":700,"caption":"Orange schwarzes Petzl Dart Steigeisen f\u00fcr Eisklettern und Drytooling."},{"@type":"BreadcrumbList","@id":"https:\/\/bolting.eu\/en\/shop\/petzl-dart-steigeisen\/#breadcrumb","itemListElement":[{"@type":"ListItem","position":1,"name":"Shop","item":"https:\/\/bolting.eu\/en\/shop\/"},{"@type":"ListItem","position":2,"name":"Bergsteiger Ausr\u00fcstung","item":"https:\/\/bolting.eu\/produkt-kategorie\/bergsteiger-ausruestung\/"},{"@type":"ListItem","position":3,"name":"Steigeisen","item":"https:\/\/bolting.eu\/produkt-kategorie\/bergsteiger-ausruestung\/steigeisen\/"},{"@type":"ListItem","position":4,"name":"Petzl Dart Steigeisen"}]},{"@type":"WebSite","@id":"https:\/\/bolting.eu\/en\/#website","url":"https:\/\/bolting.eu\/en\/","name":"bolting.eu","description":"we make climbs happen","publisher":{"@id":"https:\/\/bolting.eu\/en\/#organization"},"potentialAction":[{"@type":"SearchAction","target":{"@type":"EntryPoint","urlTemplate":"https:\/\/bolting.eu\/en\/?s={search_term_string}"},"query-input":{"@type":"PropertyValueSpecification","valueRequired":true,"valueName":"search_term_string"}}],"inLanguage":"en-US"},{"@type":["Organization","Place","SportingGoodsStore"],"@id":"https:\/\/bolting.eu\/en\/#organization","name":"bolting.eu","url":"https:\/\/bolting.eu\/en\/","logo":{"@id":"https:\/\/bolting.eu\/en\/shop\/petzl-dart-steigeisen\/#local-main-organization-logo"},"image":{"@id":"https:\/\/bolting.eu\/en\/shop\/petzl-dart-steigeisen\/#local-main-organization-logo"},"sameAs":["https:\/\/www.facebook.com\/bolting.eu","https:\/\/www.instagram.com\/bolting.eu\/"],"address":{"@id":"https:\/\/bolting.eu\/en\/shop\/petzl-dart-steigeisen\/#local-main-place-address"},"geo":{"@type":"GeoCoordinates","latitude":"47.264176340396226","longitude":"11.380109057672346"},"telephone":["+43 699 19083372"],"openingHoursSpecification":[{"@type":"OpeningHoursSpecification","dayOfWeek":["Monday","Wednesday","Friday"],"opens":"14:00","closes":"18:00"},{"@type":"OpeningHoursSpecification","dayOfWeek":["Tuesday","Thursday","Saturday","Sunday"],"opens":"00:00","closes":"00:00"}],"email":"office@bolting.eu","vatID":"ATU59999728","priceRange":"$$","currenciesAccepted":"Euro"},{"@type":"PostalAddress","@id":"https:\/\/bolting.eu\/en\/shop\/petzl-dart-steigeisen\/#local-main-place-address","streetAddress":"Fischnalerstra\u00dfe 4","addressLocality":"Innsbruck","postalCode":"6020","addressRegion":"Tirol","addressCountry":"AT"},{"@type":"ImageObject","inLanguage":"en-US","@id":"https:\/\/bolting.eu\/en\/shop\/petzl-dart-steigeisen\/#local-main-organization-logo","url":"https:\/\/bolting.eu\/wp-content\/uploads\/2019\/09\/bolting-logo.png","contentUrl":"https:\/\/bolting.eu\/wp-content\/uploads\/2019\/09\/bolting-logo.png","width":400,"height":211,"caption":"bolting.eu"}]},"og_video":"https:\/\/player.vimeo.com\/video\/314441459","og_video_type":"text\/html","og_video_duration":"48","og_video_width":"1920","og_video_height":"1080","ya_ovs_adult":"false","ya_ovs_upload_date":"2022-10-18T13:13:54+00:00","ya_ovs_allow_embed":"true","product_price_amount":"235.00","product_price_currency":"EUR","og_availability":"instock","product_availability":"instock","product_retailer_item_id":"U001AA00","product_condition":"new","geo.placename":"Innsbruck","geo.position":{"lat":"47.264176340396226","long":"11.380109057672346"},"geo.region":"Austria"},"_links":{"self":[{"href":"https:\/\/bolting.eu\/en\/wp-json\/wp\/v2\/product\/13612","targetHints":{"allow":["GET"]}}],"collection":[{"href":"https:\/\/bolting.eu\/en\/wp-json\/wp\/v2\/product"}],"about":[{"href":"https:\/\/bolting.eu\/en\/wp-json\/wp\/v2\/types\/product"}],"replies":[{"embeddable":true,"href":"https:\/\/bolting.eu\/en\/wp-json\/wp\/v2\/comments?post=13612"}],"wp:featuredmedia":[{"embeddable":true,"href":"https:\/\/bolting.eu\/en\/wp-json\/wp\/v2\/media\/13617"}],"wp:attachment":[{"href":"https:\/\/bolting.eu\/en\/wp-json\/wp\/v2\/media?parent=13612"}],"wp:term":[{"taxonomy":"product_brand","embeddable":true,"href":"https:\/\/bolting.eu\/en\/wp-json\/wp\/v2\/product_brand?post=13612"},{"taxonomy":"product_cat","embeddable":true,"href":"https:\/\/bolting.eu\/en\/wp-json\/wp\/v2\/product_cat?post=13612"},{"taxonomy":"product_tag","embeddable":true,"href":"https:\/\/bolting.eu\/en\/wp-json\/wp\/v2\/product_tag?post=13612"}],"curies":[{"name":"wp","href":"https:\/\/api.w.org\/{rel}","templated":true}]}}