{"id":13567,"date":"2022-10-14T15:01:35","date_gmt":"2022-10-14T13:01:35","guid":{"rendered":"https:\/\/bolting.eu\/?post_type=product&#038;p=13567"},"modified":"2025-08-18T18:24:01","modified_gmt":"2025-08-18T16:24:01","slug":"black-diamond-oval-keylock-carabiner","status":"publish","type":"product","link":"https:\/\/bolting.eu\/en\/shop\/black-diamond-oval-keylock-carabiner\/","title":{"rendered":"Black Diamond Oval Keylock Carabiner"},"content":{"rendered":"<p>Der Black Diamond Oval Keylock Carabiner ist ein ovaler Schnappkarabiner f\u00fcr das Alpinklettern und Technoklettern. Denn dieses Modell hat einen sehr kleinen Radius im Schenkel.<\/p>\n<p>D.h., man kann diesen Karabiner auch durch sehr kleine \u00d6sen stecken. Zudem lassen sich z.B. auch <a href=\"https:\/\/bolting.eu\/produkt-kategorie\/einbohrartikel\/felshaken-normalhaken\/\">Felshaken<\/a> klippen, die durch Vorspr\u00fcnge oder ihrer Lage tief in Verschneidungen, mit normalen Schnappern nicht nutzen lassen. Folglich sollte man bei solchen Routen immer ein paar St\u00fcck als Plan &#8220;B&#8221; mit dabei haben.<\/p>\n<p>Beim Technoklettern sind ovale <a href=\"https:\/\/bolting.eu\/produkt-kategorie\/kletterausruestung\/kletterkarabiner\/schnappkarabiner\/\">Schnappkarabiner<\/a> ohnehin wichtig. Denn hier richten sie sich immer nach der Belastungsrichtung aus. Oder besser gesagt. Sie erm\u00f6glichen ein Einh\u00e4ngen von mehreren Teilen, wie z.B. dem <a href=\"https:\/\/bolting.eu\/produkt-kategorie\/kletterausruestung\/kletterseil\/\">Kletterseil<\/a> und einer <a href=\"https:\/\/bolting.eu\/shop\/trittleiter-cassin-ladder-aider\/\">Trittleiter<\/a>.<\/p>\n<h2>Eigenschaften Black Diamond Oval Keylock Carabiner<\/h2>\n<ul>\n<li>Hersteller: <a href=\"https:\/\/bolting.eu\/produkt-kategorie\/black-diamond\/\">Black Diamond<\/a><\/li>\n<li>Material: Alu<\/li>\n<li>Gewicht: 58 Gramm<\/li>\n<li>Normen:\u00a0<a href=\"https:\/\/bolting.eu\/en-12275-norm\/\">EN 12275<\/a>\u00a0UIAA 121<\/li>\n<li>Verschluss: Keylock Schnapper<\/li>\n<li><a href=\"https:\/\/bolting.eu\/bruchlast-karabiner\/\">Bruchlast Karabiner<\/a> l\u00e4ngs \u2013 quer \u2013 offen: 23kN \u2013 9kN \u2013 7kN<\/li>\n<li>Gr\u00f6\u00dfe: 105 x 60mm<\/li>\n<li>Schnapper\u00f6ffnung: 18mm<\/li>\n<li>klassische symmetrische Form<\/li>\n<li>ideal f\u00fcr Felshaken, Techno Klettern, Felshammer<\/li>\n<li>Made in Italy<\/li>\n<li><a href=\"https:\/\/blackdiamond-web.cdn.prismic.io\/blackdiamond-web\/5401e63d-ebd5-45a8-a01c-b1263f8d2edd_M13291_C_Locking+Carabiner+Hang+Card+IS-WEB.pdf\" target=\"_blank\" rel=\"noopener\">Bedienungsanleitung<\/a><\/li>\n<\/ul>\n<h3>Ein Karabiner f\u00fcr Techno Klettern<\/h3>\n<p>Ovale Schnappkarabiner wie der Black Diamond Oval Keylock sind ideal f\u00fcr das Techno Klettern bzw. Big Walls.<\/p>\n<p>Denn in diesen Karabiner kann man z.B. das Kletterseil, eine Trittleiter und einen FIFI einh\u00e4ngen, ohne sich gegenseitig alles abzuklemmen. D.h. mit diesem Modelltyp geht die technische Fortbewegung viel fl\u00fcssiger von statten als mit D-f\u00f6rmigen Schnappern.<\/p>\n<h3>bolting.eu Praxis Tipp<\/h3>\n<p>Der Black Diamond Oval Keylock Carabiner ist ideal, um sich <a href=\"https:\/\/bolting.eu\/produkt-kategorie\/einbohrartikel\/felshammer\/\">Felsh\u00e4mmer<\/a> an den Gurt zu h\u00e4ngen. Wie z.B. den <a href=\"https:\/\/bolting.eu\/shop\/yosemite-hammer-black-diamond-felshammer\/\">Yosemite Hammer<\/a>.<\/p>\n<p>Dieser hat ein Loch in der Spitze, durch welches kein &#8220;normaler&#8221; Schnapper passt. Auch hier sind die ovalen Schnappkarabiner ideal wegen des kleinen Radius.<\/p>\n<p>&nbsp;<\/p>\n","protected":false},"excerpt":{"rendered":"<p>Ovaler Schnappkarabiner mit symmetrischer Form bzw. kleinem Radius. Ideal f\u00fcr alpine Routen mit vielen Felshaken, das technische Klettern oder zum Befestigen eines Felshammers.<\/p>\n","protected":false},"featured_media":13569,"comment_status":"closed","ping_status":"closed","template":"","meta":[],"product_brand":[],"product_cat":[29,44,3004,4658],"product_tag":[],"class_list":{"0":"post-13567","1":"product","2":"type-product","3":"status-publish","4":"has-post-thumbnail","6":"product_cat-kletterausruestung","7":"product_cat-kletterkarabiner","8":"product_cat-schnappkarabiner","9":"product_cat-black-diamond","11":"first","12":"instock","13":"taxable","14":"shipping-taxable","15":"purchasable","16":"product-type-simple"},"yoast_head":"<!-- This site is optimized with the Yoast SEO Premium plugin v26.9 (Yoast SEO v26.9) - https:\/\/yoast.com\/product\/yoast-seo-premium-wordpress\/ -->\n<title>Black Diamond Oval Keylock Carabiner | bolting.eu<\/title>\n<meta name=\"description\" content=\"Black Diamond Oval Keylock Carabiner beim Kletter Hardwareprofi kaufen \u2705 versandkostenfrei* \u2705 14 Tage R\u00fcckgaberecht \u2705 Co2 neutraler Versand\" \/>\n<meta name=\"robots\" content=\"index, follow, max-snippet:-1, max-image-preview:large, max-video-preview:-1\" \/>\n<link rel=\"canonical\" href=\"https:\/\/bolting.eu\/en\/shop\/black-diamond-oval-keylock-carabiner\/\" \/>\n<meta property=\"og:locale\" content=\"en_US\" \/>\n<meta property=\"og:type\" content=\"article\" \/>\n<meta property=\"og:title\" content=\"Black Diamond Oval Keylock Carabiner\" \/>\n<meta property=\"og:description\" content=\"Black Diamond Oval Keylock Carabiner beim Kletter Hardwareprofi kaufen \u2705 versandkostenfrei* \u2705 14 Tage R\u00fcckgaberecht \u2705 Co2 neutraler Versand\" \/>\n<meta property=\"og:url\" content=\"https:\/\/bolting.eu\/en\/shop\/black-diamond-oval-keylock-carabiner\/\" \/>\n<meta property=\"og:site_name\" content=\"bolting.eu\" \/>\n<meta property=\"article:publisher\" content=\"https:\/\/www.facebook.com\/bolting.eu\" \/>\n<meta property=\"article:modified_time\" content=\"2025-08-18T16:24:01+00:00\" \/>\n<meta property=\"og:image\" content=\"https:\/\/bolting.eu\/wp-content\/uploads\/2022\/10\/Black-Diamond-Oval-Keylock-Carabiner-1.jpg\" \/>\n\t<meta property=\"og:image:width\" content=\"700\" \/>\n\t<meta property=\"og:image:height\" content=\"700\" \/>\n\t<meta property=\"og:image:type\" content=\"image\/jpeg\" \/>\n<meta name=\"twitter:card\" content=\"summary_large_image\" \/>\n<meta name=\"twitter:label1\" content=\"Price\" \/>\n\t<meta name=\"twitter:data1\" content=\"&euro;&nbsp;12,00\" \/>\n\t<meta name=\"twitter:label2\" content=\"Availability\" \/>\n\t<meta name=\"twitter:data2\" content=\"In stock\" \/>\n<script type=\"application\/ld+json\" class=\"yoast-schema-graph\">{\"@context\":\"https:\/\/schema.org\",\"@graph\":[{\"@type\":[\"WebPage\",\"ItemPage\"],\"@id\":\"https:\/\/bolting.eu\/en\/shop\/black-diamond-oval-keylock-carabiner\/\",\"url\":\"https:\/\/bolting.eu\/en\/shop\/black-diamond-oval-keylock-carabiner\/\",\"name\":\"Black Diamond Oval Keylock Carabiner | bolting.eu\",\"isPartOf\":{\"@id\":\"https:\/\/bolting.eu\/en\/#website\"},\"primaryImageOfPage\":{\"@id\":\"https:\/\/bolting.eu\/en\/shop\/black-diamond-oval-keylock-carabiner\/#primaryimage\"},\"image\":{\"@id\":\"https:\/\/bolting.eu\/en\/shop\/black-diamond-oval-keylock-carabiner\/#primaryimage\"},\"thumbnailUrl\":\"https:\/\/bolting.eu\/wp-content\/uploads\/2022\/10\/Black-Diamond-Oval-Keylock-Carabiner-1.jpg\",\"datePublished\":\"2022-10-14T13:01:35+00:00\",\"dateModified\":\"2025-08-18T16:24:01+00:00\",\"description\":\"Black Diamond Oval Keylock Carabiner beim Kletter Hardwareprofi kaufen \u2705 versandkostenfrei* \u2705 14 Tage R\u00fcckgaberecht \u2705 Co2 neutraler Versand\",\"breadcrumb\":{\"@id\":\"https:\/\/bolting.eu\/en\/shop\/black-diamond-oval-keylock-carabiner\/#breadcrumb\"},\"inLanguage\":\"en-US\",\"potentialAction\":[{\"@type\":\"ReadAction\",\"target\":[\"https:\/\/bolting.eu\/en\/shop\/black-diamond-oval-keylock-carabiner\/\"]}]},{\"@type\":\"ImageObject\",\"inLanguage\":\"en-US\",\"@id\":\"https:\/\/bolting.eu\/en\/shop\/black-diamond-oval-keylock-carabiner\/#primaryimage\",\"url\":\"https:\/\/bolting.eu\/wp-content\/uploads\/2022\/10\/Black-Diamond-Oval-Keylock-Carabiner-1.jpg\",\"contentUrl\":\"https:\/\/bolting.eu\/wp-content\/uploads\/2022\/10\/Black-Diamond-Oval-Keylock-Carabiner-1.jpg\",\"width\":700,\"height\":700,\"caption\":\"Das Bild zeigt einen silbernen Black Diamond Oval Keylock Carabiner aufrecht in einem wei\u00dfem Quadrat. Der Schnapper ist rechts.\"},{\"@type\":\"BreadcrumbList\",\"@id\":\"https:\/\/bolting.eu\/en\/shop\/black-diamond-oval-keylock-carabiner\/#breadcrumb\",\"itemListElement\":[{\"@type\":\"ListItem\",\"position\":1,\"name\":\"Shop\",\"item\":\"https:\/\/bolting.eu\/en\/shop\/\"},{\"@type\":\"ListItem\",\"position\":2,\"name\":\"climbing equipment\",\"item\":\"https:\/\/bolting.eu\/en\/produkt-kategorie\/climbing-equipment\/\"},{\"@type\":\"ListItem\",\"position\":3,\"name\":\"Climbing carabiner\",\"item\":\"https:\/\/bolting.eu\/en\/produkt-kategorie\/climbing-carabiner\/\"},{\"@type\":\"ListItem\",\"position\":4,\"name\":\"snapgate carabiner\",\"item\":\"https:\/\/bolting.eu\/en\/produkt-kategorie\/snapgate-carabiner\/\"},{\"@type\":\"ListItem\",\"position\":5,\"name\":\"Black Diamond Oval Keylock Carabiner\"}]},{\"@type\":\"WebSite\",\"@id\":\"https:\/\/bolting.eu\/en\/#website\",\"url\":\"https:\/\/bolting.eu\/en\/\",\"name\":\"bolting.eu\",\"description\":\"we make climbs happen\",\"publisher\":{\"@id\":\"https:\/\/bolting.eu\/en\/#organization\"},\"potentialAction\":[{\"@type\":\"SearchAction\",\"target\":{\"@type\":\"EntryPoint\",\"urlTemplate\":\"https:\/\/bolting.eu\/en\/?s={search_term_string}\"},\"query-input\":{\"@type\":\"PropertyValueSpecification\",\"valueRequired\":true,\"valueName\":\"search_term_string\"}}],\"inLanguage\":\"en-US\"},{\"@type\":[\"Organization\",\"Place\",\"SportingGoodsStore\"],\"@id\":\"https:\/\/bolting.eu\/en\/#organization\",\"name\":\"bolting.eu\",\"url\":\"https:\/\/bolting.eu\/en\/\",\"logo\":{\"@id\":\"https:\/\/bolting.eu\/en\/shop\/black-diamond-oval-keylock-carabiner\/#local-main-organization-logo\"},\"image\":{\"@id\":\"https:\/\/bolting.eu\/en\/shop\/black-diamond-oval-keylock-carabiner\/#local-main-organization-logo\"},\"sameAs\":[\"https:\/\/www.facebook.com\/bolting.eu\",\"https:\/\/www.instagram.com\/bolting.eu\/\"],\"address\":{\"@id\":\"https:\/\/bolting.eu\/en\/shop\/black-diamond-oval-keylock-carabiner\/#local-main-place-address\"},\"geo\":{\"@type\":\"GeoCoordinates\",\"latitude\":\"47.264176340396226\",\"longitude\":\"11.380109057672346\"},\"telephone\":[\"+43 699 19083372\"],\"openingHoursSpecification\":[{\"@type\":\"OpeningHoursSpecification\",\"dayOfWeek\":[\"Monday\",\"Wednesday\",\"Friday\"],\"opens\":\"14:00\",\"closes\":\"18:00\"},{\"@type\":\"OpeningHoursSpecification\",\"dayOfWeek\":[\"Tuesday\",\"Thursday\",\"Saturday\",\"Sunday\"],\"opens\":\"00:00\",\"closes\":\"00:00\"}],\"email\":\"office@bolting.eu\",\"vatID\":\"ATU59999728\",\"priceRange\":\"$$\",\"currenciesAccepted\":\"Euro\"},{\"@type\":\"PostalAddress\",\"@id\":\"https:\/\/bolting.eu\/en\/shop\/black-diamond-oval-keylock-carabiner\/#local-main-place-address\",\"streetAddress\":\"Fischnalerstra\u00dfe 4\",\"addressLocality\":\"Innsbruck\",\"postalCode\":\"6020\",\"addressRegion\":\"Tirol\",\"addressCountry\":\"AT\"},{\"@type\":\"ImageObject\",\"inLanguage\":\"en-US\",\"@id\":\"https:\/\/bolting.eu\/en\/shop\/black-diamond-oval-keylock-carabiner\/#local-main-organization-logo\",\"url\":\"https:\/\/bolting.eu\/wp-content\/uploads\/2019\/09\/bolting-logo.png\",\"contentUrl\":\"https:\/\/bolting.eu\/wp-content\/uploads\/2019\/09\/bolting-logo.png\",\"width\":400,\"height\":211,\"caption\":\"bolting.eu\"}]}<\/script>\n<meta property=\"product:price:amount\" content=\"12.00\" \/>\n<meta property=\"product:price:currency\" content=\"EUR\" \/>\n<meta property=\"og:availability\" content=\"instock\" \/>\n<meta property=\"product:availability\" content=\"instock\" \/>\n<meta property=\"product:retailer_item_id\" content=\"BD210083\" \/>\n<meta property=\"product:condition\" content=\"new\" \/>\n<meta name=\"geo.placename\" content=\"Innsbruck\" \/>\n<meta name=\"geo.position\" content=\"47.264176340396226;11.380109057672346\" \/>\n<meta name=\"geo.region\" content=\"Austria\" \/>\n<!-- \/ Yoast SEO Premium plugin. -->","yoast_head_json":{"title":"Black Diamond Oval Keylock Carabiner | bolting.eu","description":"Black Diamond Oval Keylock Carabiner beim Kletter Hardwareprofi kaufen \u2705 versandkostenfrei* \u2705 14 Tage R\u00fcckgaberecht \u2705 Co2 neutraler Versand","robots":{"index":"index","follow":"follow","max-snippet":"max-snippet:-1","max-image-preview":"max-image-preview:large","max-video-preview":"max-video-preview:-1"},"canonical":"https:\/\/bolting.eu\/en\/shop\/black-diamond-oval-keylock-carabiner\/","og_locale":"en_US","og_type":"article","og_title":"Black Diamond Oval Keylock Carabiner","og_description":"Black Diamond Oval Keylock Carabiner beim Kletter Hardwareprofi kaufen \u2705 versandkostenfrei* \u2705 14 Tage R\u00fcckgaberecht \u2705 Co2 neutraler Versand","og_url":"https:\/\/bolting.eu\/en\/shop\/black-diamond-oval-keylock-carabiner\/","og_site_name":"bolting.eu","article_publisher":"https:\/\/www.facebook.com\/bolting.eu","article_modified_time":"2025-08-18T16:24:01+00:00","og_image":[{"width":700,"height":700,"url":"https:\/\/bolting.eu\/wp-content\/uploads\/2022\/10\/Black-Diamond-Oval-Keylock-Carabiner-1.jpg","type":"image\/jpeg"}],"twitter_card":"summary_large_image","twitter_misc":{"Price":"&euro;&nbsp;12,00","Availability":"In stock"},"schema":{"@context":"https:\/\/schema.org","@graph":[{"@type":["WebPage","ItemPage"],"@id":"https:\/\/bolting.eu\/en\/shop\/black-diamond-oval-keylock-carabiner\/","url":"https:\/\/bolting.eu\/en\/shop\/black-diamond-oval-keylock-carabiner\/","name":"Black Diamond Oval Keylock Carabiner | bolting.eu","isPartOf":{"@id":"https:\/\/bolting.eu\/en\/#website"},"primaryImageOfPage":{"@id":"https:\/\/bolting.eu\/en\/shop\/black-diamond-oval-keylock-carabiner\/#primaryimage"},"image":{"@id":"https:\/\/bolting.eu\/en\/shop\/black-diamond-oval-keylock-carabiner\/#primaryimage"},"thumbnailUrl":"https:\/\/bolting.eu\/wp-content\/uploads\/2022\/10\/Black-Diamond-Oval-Keylock-Carabiner-1.jpg","datePublished":"2022-10-14T13:01:35+00:00","dateModified":"2025-08-18T16:24:01+00:00","description":"Black Diamond Oval Keylock Carabiner beim Kletter Hardwareprofi kaufen \u2705 versandkostenfrei* \u2705 14 Tage R\u00fcckgaberecht \u2705 Co2 neutraler Versand","breadcrumb":{"@id":"https:\/\/bolting.eu\/en\/shop\/black-diamond-oval-keylock-carabiner\/#breadcrumb"},"inLanguage":"en-US","potentialAction":[{"@type":"ReadAction","target":["https:\/\/bolting.eu\/en\/shop\/black-diamond-oval-keylock-carabiner\/"]}]},{"@type":"ImageObject","inLanguage":"en-US","@id":"https:\/\/bolting.eu\/en\/shop\/black-diamond-oval-keylock-carabiner\/#primaryimage","url":"https:\/\/bolting.eu\/wp-content\/uploads\/2022\/10\/Black-Diamond-Oval-Keylock-Carabiner-1.jpg","contentUrl":"https:\/\/bolting.eu\/wp-content\/uploads\/2022\/10\/Black-Diamond-Oval-Keylock-Carabiner-1.jpg","width":700,"height":700,"caption":"Das Bild zeigt einen silbernen Black Diamond Oval Keylock Carabiner aufrecht in einem wei\u00dfem Quadrat. Der Schnapper ist rechts."},{"@type":"BreadcrumbList","@id":"https:\/\/bolting.eu\/en\/shop\/black-diamond-oval-keylock-carabiner\/#breadcrumb","itemListElement":[{"@type":"ListItem","position":1,"name":"Shop","item":"https:\/\/bolting.eu\/en\/shop\/"},{"@type":"ListItem","position":2,"name":"climbing equipment","item":"https:\/\/bolting.eu\/en\/produkt-kategorie\/climbing-equipment\/"},{"@type":"ListItem","position":3,"name":"Climbing carabiner","item":"https:\/\/bolting.eu\/en\/produkt-kategorie\/climbing-carabiner\/"},{"@type":"ListItem","position":4,"name":"snapgate carabiner","item":"https:\/\/bolting.eu\/en\/produkt-kategorie\/snapgate-carabiner\/"},{"@type":"ListItem","position":5,"name":"Black Diamond Oval Keylock Carabiner"}]},{"@type":"WebSite","@id":"https:\/\/bolting.eu\/en\/#website","url":"https:\/\/bolting.eu\/en\/","name":"bolting.eu","description":"we make climbs happen","publisher":{"@id":"https:\/\/bolting.eu\/en\/#organization"},"potentialAction":[{"@type":"SearchAction","target":{"@type":"EntryPoint","urlTemplate":"https:\/\/bolting.eu\/en\/?s={search_term_string}"},"query-input":{"@type":"PropertyValueSpecification","valueRequired":true,"valueName":"search_term_string"}}],"inLanguage":"en-US"},{"@type":["Organization","Place","SportingGoodsStore"],"@id":"https:\/\/bolting.eu\/en\/#organization","name":"bolting.eu","url":"https:\/\/bolting.eu\/en\/","logo":{"@id":"https:\/\/bolting.eu\/en\/shop\/black-diamond-oval-keylock-carabiner\/#local-main-organization-logo"},"image":{"@id":"https:\/\/bolting.eu\/en\/shop\/black-diamond-oval-keylock-carabiner\/#local-main-organization-logo"},"sameAs":["https:\/\/www.facebook.com\/bolting.eu","https:\/\/www.instagram.com\/bolting.eu\/"],"address":{"@id":"https:\/\/bolting.eu\/en\/shop\/black-diamond-oval-keylock-carabiner\/#local-main-place-address"},"geo":{"@type":"GeoCoordinates","latitude":"47.264176340396226","longitude":"11.380109057672346"},"telephone":["+43 699 19083372"],"openingHoursSpecification":[{"@type":"OpeningHoursSpecification","dayOfWeek":["Monday","Wednesday","Friday"],"opens":"14:00","closes":"18:00"},{"@type":"OpeningHoursSpecification","dayOfWeek":["Tuesday","Thursday","Saturday","Sunday"],"opens":"00:00","closes":"00:00"}],"email":"office@bolting.eu","vatID":"ATU59999728","priceRange":"$$","currenciesAccepted":"Euro"},{"@type":"PostalAddress","@id":"https:\/\/bolting.eu\/en\/shop\/black-diamond-oval-keylock-carabiner\/#local-main-place-address","streetAddress":"Fischnalerstra\u00dfe 4","addressLocality":"Innsbruck","postalCode":"6020","addressRegion":"Tirol","addressCountry":"AT"},{"@type":"ImageObject","inLanguage":"en-US","@id":"https:\/\/bolting.eu\/en\/shop\/black-diamond-oval-keylock-carabiner\/#local-main-organization-logo","url":"https:\/\/bolting.eu\/wp-content\/uploads\/2019\/09\/bolting-logo.png","contentUrl":"https:\/\/bolting.eu\/wp-content\/uploads\/2019\/09\/bolting-logo.png","width":400,"height":211,"caption":"bolting.eu"}]},"product_price_amount":"12.00","product_price_currency":"EUR","og_availability":"instock","product_availability":"instock","product_retailer_item_id":"BD210083","product_condition":"new","geo.placename":"Innsbruck","geo.position":{"lat":"47.264176340396226","long":"11.380109057672346"},"geo.region":"Austria"},"_links":{"self":[{"href":"https:\/\/bolting.eu\/en\/wp-json\/wp\/v2\/product\/13567","targetHints":{"allow":["GET"]}}],"collection":[{"href":"https:\/\/bolting.eu\/en\/wp-json\/wp\/v2\/product"}],"about":[{"href":"https:\/\/bolting.eu\/en\/wp-json\/wp\/v2\/types\/product"}],"replies":[{"embeddable":true,"href":"https:\/\/bolting.eu\/en\/wp-json\/wp\/v2\/comments?post=13567"}],"wp:featuredmedia":[{"embeddable":true,"href":"https:\/\/bolting.eu\/en\/wp-json\/wp\/v2\/media\/13569"}],"wp:attachment":[{"href":"https:\/\/bolting.eu\/en\/wp-json\/wp\/v2\/media?parent=13567"}],"wp:term":[{"taxonomy":"product_brand","embeddable":true,"href":"https:\/\/bolting.eu\/en\/wp-json\/wp\/v2\/product_brand?post=13567"},{"taxonomy":"product_cat","embeddable":true,"href":"https:\/\/bolting.eu\/en\/wp-json\/wp\/v2\/product_cat?post=13567"},{"taxonomy":"product_tag","embeddable":true,"href":"https:\/\/bolting.eu\/en\/wp-json\/wp\/v2\/product_tag?post=13567"}],"curies":[{"name":"wp","href":"https:\/\/api.w.org\/{rel}","templated":true}]}}