{"id":13559,"date":"2022-10-14T13:51:26","date_gmt":"2022-10-14T11:51:26","guid":{"rendered":"https:\/\/bolting.eu\/?post_type=product&#038;p=13559"},"modified":"2025-07-25T14:58:49","modified_gmt":"2025-07-25T12:58:49","slug":"black-diamond-oval-keylock-screwgate","status":"publish","type":"product","link":"https:\/\/bolting.eu\/en\/shop\/black-diamond-oval-keylock-screwgate\/","title":{"rendered":"Black Diamond Oval Keylock Screwgate"},"content":{"rendered":"<p>Der Black Diamond Oval Keylock Screwgate ist, nomen est omen, ein ovaler, symmetrischer <a href=\"https:\/\/bolting.eu\/produkt-kategorie\/kletterausruestung\/kletterkarabiner\/schraubkarabiner\/\">Schraubkarabiner<\/a>.<\/p>\n<p>Seine Form ist zum einen ideal f\u00fcr das Alpinklettern bzw. Technoklettern. Denn durch den kleinen Radius, l\u00e4sst sich dieses Modell vor allem hervorragend durch die \u00d6sen von Felshaken stecken.<\/p>\n<p>Und zum anderen sind ovale Schraubkarabiner ideal f\u00fcr Rollen jeder Art und zum Einh\u00e4ngen von Sicherungsger\u00e4ten. Denn hier liegen diese gleichm\u00e4\u00dfig im Scheitel auf bzw. richtet sich der Karabiner bei Belastung in L\u00e4ngsrichtung aus.<\/p>\n<p>Kurzum. Wer viel Alpin klettert bzw. mit Rollen arbeitet oder ein <a href=\"https:\/\/bolting.eu\/produkt-kategorie\/kletterausruestung\/sicherungsgeraete-klettern\/\">Sicherungsger\u00e4t<\/a> verwenden will, ist hier richtig!<\/p>\n<h3>Eigenschaften Black Diamond Oval Keylock Screwgate<\/h3>\n<ul>\n<li>Hersteller: <a href=\"https:\/\/bolting.eu\/produkt-kategorie\/black-diamond\/\">Black Diamond<\/a><\/li>\n<li>Material: Alu<\/li>\n<li>Farben: silber oder schwarz<\/li>\n<li>Gewicht: 62 Gramm<\/li>\n<li>Normen:\u00a0<a href=\"https:\/\/bolting.eu\/en-12275-norm\/\">EN 12275<\/a>\u00a0UIAA 121<\/li>\n<li>Verschluss: Keylock Schnapper<\/li>\n<li><a href=\"https:\/\/bolting.eu\/bruchlast-karabiner\/\">Bruchlast Karabiner<\/a> l\u00e4ngs \u2013 quer \u2013 offen: 23kN \u2013 9kN \u2013 7kN<\/li>\n<li>Gr\u00f6\u00dfe: 105 x 60mm<\/li>\n<li>Schnapper\u00f6ffnung: 18mm<\/li>\n<li>klassische symmetrische Form<\/li>\n<li>ideal f\u00fcr Felshaken, Steigleitern, Rollen,&#8230;<\/li>\n<li>Made in Italy<\/li>\n<li><a href=\"https:\/\/blackdiamond-web.cdn.prismic.io\/blackdiamond-web\/5401e63d-ebd5-45a8-a01c-b1263f8d2edd_M13291_C_Locking+Carabiner+Hang+Card+IS-WEB.pdf\" target=\"_blank\" rel=\"noopener\">Bedienungsanleitung<\/a><\/li>\n<\/ul>\n<h2>Einsatzbereiche f\u00fcr ovale Karabiner<\/h2>\n<p>Modelle wie der Black Diamond Oval Keylock Screwgate mit ovaler Form sind in manchen Situationen deutlich von Vorteil. Wir wollen euch einige dieser Anwendungen n\u00e4her bringen.<\/p>\n<h4><strong>Felshaken<\/strong><\/h4>\n<p>In Felshaken kann man &#8220;normale&#8221; Karabiner mit gro\u00dfem Radius oft nicht einh\u00e4ngen. Wie z.B. wenn sie eng in einer Verschneidung stecken. In solchen Situationen kann man oft nur ovale Karabiner nehmen, weil sie eben einen sehr kleinen Scheitel bzw. Radius haben.<\/p>\n<h4><strong>Seilrollen<\/strong><\/h4>\n<p>Damit Seilrollen gleichm\u00e4\u00dfig aufliegen, sind Modelle wie der Black Diamond Oval Keylock Screwgate ideal. Durch die symmetrische Form liegen dann n\u00e4mlich beide Seitenteile der Rollen ordentlich und gleichm\u00e4\u00dfig auf. D.h. mehr Stabilit\u00e4t und Ruhe beim Gleiten der Rollen.<\/p>\n<h4><strong>Einh\u00e4ngen Sicherungsger\u00e4t am Gurt<\/strong><\/h4>\n<p>Wer kennt das nicht! Man hat ein <a href=\"https:\/\/bolting.eu\/shop\/petzl-grigri-2\/\">GriGri<\/a> vorne am Gurt h\u00e4ngen, aber es hat sich unangenehm seitlich am Karabiner verkeilt, gerade in dem Moment, wo man Seil ausgeben m\u00f6chte.<\/p>\n<p>Das kann einem mit einem &#8220;ovalo&#8221; nicht passieren, denn hier richtet sich der Karabiner automatisch in L\u00e4ngsrichtung aus, wenn ein Sicherungsger\u00e4t auf einer Seite dran h\u00e4ngt.<\/p>\n<h4><strong>Black Diamond Oval Keylock Screwgate bei Big Wall &amp; Techno<\/strong><\/h4>\n<p>Dieser Karabiner ist perfekt f\u00fcr Big Wall und Techno Abentuer.<\/p>\n<p>Zum einen, weil man ihn eben durch den kleinen Radius \u00fcberall einh\u00e4ngen kann. Und zum anderen, weil er sich sofort in Belastungsrichtung ausrichtet. Wie z.B. bei Steigleiern oder bei einer <a href=\"https:\/\/bolting.eu\/shop\/petzl-micro-traxion-seilrolle-mit-ruecklaufsperre\/\">Petzl Micro Traxion<\/a> oder <a href=\"https:\/\/bolting.eu\/shop\/petzl-nano-traxion\/\">Nano Traxion<\/a>.<\/p>\n","protected":false},"excerpt":{"rendered":"<p>Symmetrischer, ovaler Karabiner mit Keylock Schnapper und Schraubverschluss.<\/p>\n<p>Ideal f\u00fcr Felshaken, durch die kein &#8220;normaler&#8221; Karabiner passt. Zudem perfekt f\u00fcr Seilrollen und dem Einh\u00e4ngen von Sicherungsger\u00e4ten am Klettergurt.<\/p>\n<p>Versandkostenfrei bis 2kg in <img decoding=\"async\" class=\"emoji\" role=\"img\" draggable=\"false\" src=\"https:\/\/s.w.org\/images\/core\/emoji\/14.0.0\/svg\/1f1e6-1f1f9.svg\" alt=\"\ud83c\udde6\ud83c\uddf9\" \/> ab \u20ac 100,- und <img decoding=\"async\" class=\"emoji\" role=\"img\" draggable=\"false\" src=\"https:\/\/s.w.org\/images\/core\/emoji\/14.0.0\/svg\/1f1e9-1f1ea.svg\" alt=\"\ud83c\udde9\ud83c\uddea\" \/> ab \u20ac 200,-!<\/p>\n<p>&nbsp;<\/p>\n","protected":false},"featured_media":33280,"comment_status":"closed","ping_status":"closed","template":"","meta":[],"product_brand":[],"product_cat":[15205,3009,4658,29,44],"product_tag":[],"class_list":{"0":"post-13559","1":"product","2":"type-product","3":"status-publish","4":"has-post-thumbnail","6":"product_cat-karabiner-schwarz","7":"product_cat-schraubkarabiner","8":"product_cat-black-diamond","9":"product_cat-kletterausruestung","10":"product_cat-kletterkarabiner","12":"first","13":"instock","14":"taxable","15":"shipping-taxable","16":"purchasable","17":"product-type-variable"},"yoast_head":"<!-- This site is optimized with the Yoast SEO Premium plugin v26.9 (Yoast SEO v26.9) - https:\/\/yoast.com\/product\/yoast-seo-premium-wordpress\/ -->\n<title>Black Diamond Oval Keylock Screwgate | bolting.eu<\/title>\n<meta name=\"description\" content=\"Black Diamond Oval Keylock Screwgate beim Kletter Hardwareprofi kaufen \u2705 versandkostenfrei* \u2705 14 Tage R\u00fcckgaberecht \u2705 Co2 neutraler Versand\" \/>\n<meta name=\"robots\" content=\"index, follow, max-snippet:-1, max-image-preview:large, max-video-preview:-1\" \/>\n<link rel=\"canonical\" href=\"https:\/\/bolting.eu\/en\/shop\/black-diamond-oval-keylock-screwgate\/\" \/>\n<meta property=\"og:locale\" content=\"en_US\" \/>\n<meta property=\"og:type\" content=\"article\" \/>\n<meta property=\"og:title\" content=\"Black Diamond Oval Keylock Screwgate\" \/>\n<meta property=\"og:description\" content=\"Black Diamond Oval Keylock Screwgate beim Kletter Hardwareprofi kaufen \u2705 versandkostenfrei* \u2705 14 Tage R\u00fcckgaberecht \u2705 Co2 neutraler Versand\" \/>\n<meta property=\"og:url\" content=\"https:\/\/bolting.eu\/en\/shop\/black-diamond-oval-keylock-screwgate\/\" \/>\n<meta property=\"og:site_name\" content=\"bolting.eu\" \/>\n<meta property=\"article:publisher\" content=\"https:\/\/www.facebook.com\/bolting.eu\" \/>\n<meta property=\"article:modified_time\" content=\"2025-07-25T12:58:49+00:00\" \/>\n<meta property=\"og:image\" content=\"https:\/\/bolting.eu\/wp-content\/uploads\/2022\/10\/Black-Diamond-Oval-Screwgate-1.jpg\" \/>\n\t<meta property=\"og:image:width\" content=\"700\" \/>\n\t<meta property=\"og:image:height\" content=\"700\" \/>\n\t<meta property=\"og:image:type\" content=\"image\/jpeg\" \/>\n<meta name=\"twitter:card\" content=\"summary_large_image\" \/>\n<meta name=\"twitter:label1\" content=\"Availability\" \/>\n\t<meta name=\"twitter:data1\" content=\"In stock\" \/>\n<script type=\"application\/ld+json\" class=\"yoast-schema-graph\">{\"@context\":\"https:\/\/schema.org\",\"@graph\":[{\"@type\":[\"WebPage\",\"ItemPage\"],\"@id\":\"https:\/\/bolting.eu\/en\/shop\/black-diamond-oval-keylock-screwgate\/\",\"url\":\"https:\/\/bolting.eu\/en\/shop\/black-diamond-oval-keylock-screwgate\/\",\"name\":\"Black Diamond Oval Keylock Screwgate | bolting.eu\",\"isPartOf\":{\"@id\":\"https:\/\/bolting.eu\/en\/#website\"},\"primaryImageOfPage\":{\"@id\":\"https:\/\/bolting.eu\/en\/shop\/black-diamond-oval-keylock-screwgate\/#primaryimage\"},\"image\":{\"@id\":\"https:\/\/bolting.eu\/en\/shop\/black-diamond-oval-keylock-screwgate\/#primaryimage\"},\"thumbnailUrl\":\"https:\/\/bolting.eu\/wp-content\/uploads\/2022\/10\/Black-Diamond-Oval-Screwgate-1.jpg\",\"datePublished\":\"2022-10-14T11:51:26+00:00\",\"dateModified\":\"2025-07-25T12:58:49+00:00\",\"description\":\"Black Diamond Oval Keylock Screwgate beim Kletter Hardwareprofi kaufen \u2705 versandkostenfrei* \u2705 14 Tage R\u00fcckgaberecht \u2705 Co2 neutraler Versand\",\"breadcrumb\":{\"@id\":\"https:\/\/bolting.eu\/en\/shop\/black-diamond-oval-keylock-screwgate\/#breadcrumb\"},\"inLanguage\":\"en-US\",\"potentialAction\":[{\"@type\":\"ReadAction\",\"target\":[\"https:\/\/bolting.eu\/en\/shop\/black-diamond-oval-keylock-screwgate\/\"]}]},{\"@type\":\"ImageObject\",\"inLanguage\":\"en-US\",\"@id\":\"https:\/\/bolting.eu\/en\/shop\/black-diamond-oval-keylock-screwgate\/#primaryimage\",\"url\":\"https:\/\/bolting.eu\/wp-content\/uploads\/2022\/10\/Black-Diamond-Oval-Screwgate-1.jpg\",\"contentUrl\":\"https:\/\/bolting.eu\/wp-content\/uploads\/2022\/10\/Black-Diamond-Oval-Screwgate-1.jpg\",\"width\":700,\"height\":700,\"caption\":\"Schwarzer Black Diamond Oval Keylock Screwgate Karabiner mit schnapper und schwarzem Drehverschluss aufrecht in einem wei\u00dfem Quadrat.\"},{\"@type\":\"BreadcrumbList\",\"@id\":\"https:\/\/bolting.eu\/en\/shop\/black-diamond-oval-keylock-screwgate\/#breadcrumb\",\"itemListElement\":[{\"@type\":\"ListItem\",\"position\":1,\"name\":\"Shop\",\"item\":\"https:\/\/bolting.eu\/en\/shop\/\"},{\"@type\":\"ListItem\",\"position\":2,\"name\":\"climbing equipment\",\"item\":\"https:\/\/bolting.eu\/en\/produkt-kategorie\/climbing-equipment\/\"},{\"@type\":\"ListItem\",\"position\":3,\"name\":\"Climbing carabiner\",\"item\":\"https:\/\/bolting.eu\/en\/produkt-kategorie\/climbing-carabiner\/\"},{\"@type\":\"ListItem\",\"position\":4,\"name\":\"Schraubkarabiner\",\"item\":\"https:\/\/bolting.eu\/produkt-kategorie\/kletterausruestung\/kletterkarabiner\/schraubkarabiner\/\"},{\"@type\":\"ListItem\",\"position\":5,\"name\":\"Black Diamond Oval Keylock Screwgate\"}]},{\"@type\":\"WebSite\",\"@id\":\"https:\/\/bolting.eu\/en\/#website\",\"url\":\"https:\/\/bolting.eu\/en\/\",\"name\":\"bolting.eu\",\"description\":\"we make climbs happen\",\"publisher\":{\"@id\":\"https:\/\/bolting.eu\/en\/#organization\"},\"potentialAction\":[{\"@type\":\"SearchAction\",\"target\":{\"@type\":\"EntryPoint\",\"urlTemplate\":\"https:\/\/bolting.eu\/en\/?s={search_term_string}\"},\"query-input\":{\"@type\":\"PropertyValueSpecification\",\"valueRequired\":true,\"valueName\":\"search_term_string\"}}],\"inLanguage\":\"en-US\"},{\"@type\":[\"Organization\",\"Place\",\"SportingGoodsStore\"],\"@id\":\"https:\/\/bolting.eu\/en\/#organization\",\"name\":\"bolting.eu\",\"url\":\"https:\/\/bolting.eu\/en\/\",\"logo\":{\"@id\":\"https:\/\/bolting.eu\/en\/shop\/black-diamond-oval-keylock-screwgate\/#local-main-organization-logo\"},\"image\":{\"@id\":\"https:\/\/bolting.eu\/en\/shop\/black-diamond-oval-keylock-screwgate\/#local-main-organization-logo\"},\"sameAs\":[\"https:\/\/www.facebook.com\/bolting.eu\",\"https:\/\/www.instagram.com\/bolting.eu\/\"],\"address\":{\"@id\":\"https:\/\/bolting.eu\/en\/shop\/black-diamond-oval-keylock-screwgate\/#local-main-place-address\"},\"geo\":{\"@type\":\"GeoCoordinates\",\"latitude\":\"47.264176340396226\",\"longitude\":\"11.380109057672346\"},\"telephone\":[\"+43 699 19083372\"],\"openingHoursSpecification\":[{\"@type\":\"OpeningHoursSpecification\",\"dayOfWeek\":[\"Monday\",\"Wednesday\",\"Friday\"],\"opens\":\"14:00\",\"closes\":\"18:00\"},{\"@type\":\"OpeningHoursSpecification\",\"dayOfWeek\":[\"Tuesday\",\"Thursday\",\"Saturday\",\"Sunday\"],\"opens\":\"00:00\",\"closes\":\"00:00\"}],\"email\":\"office@bolting.eu\",\"vatID\":\"ATU59999728\",\"priceRange\":\"$$\",\"currenciesAccepted\":\"Euro\"},{\"@type\":\"PostalAddress\",\"@id\":\"https:\/\/bolting.eu\/en\/shop\/black-diamond-oval-keylock-screwgate\/#local-main-place-address\",\"streetAddress\":\"Fischnalerstra\u00dfe 4\",\"addressLocality\":\"Innsbruck\",\"postalCode\":\"6020\",\"addressRegion\":\"Tirol\",\"addressCountry\":\"AT\"},{\"@type\":\"ImageObject\",\"inLanguage\":\"en-US\",\"@id\":\"https:\/\/bolting.eu\/en\/shop\/black-diamond-oval-keylock-screwgate\/#local-main-organization-logo\",\"url\":\"https:\/\/bolting.eu\/wp-content\/uploads\/2019\/09\/bolting-logo.png\",\"contentUrl\":\"https:\/\/bolting.eu\/wp-content\/uploads\/2019\/09\/bolting-logo.png\",\"width\":400,\"height\":211,\"caption\":\"bolting.eu\"}]}<\/script>\n<meta property=\"og:availability\" content=\"instock\" \/>\n<meta property=\"product:availability\" content=\"instock\" \/>\n<meta property=\"product:retailer_item_id\" content=\"BD210084\" \/>\n<meta property=\"product:condition\" content=\"new\" \/>\n<meta name=\"geo.placename\" content=\"Innsbruck\" \/>\n<meta name=\"geo.position\" content=\"47.264176340396226;11.380109057672346\" \/>\n<meta name=\"geo.region\" content=\"Austria\" \/>\n<!-- \/ Yoast SEO Premium plugin. -->","yoast_head_json":{"title":"Black Diamond Oval Keylock Screwgate | bolting.eu","description":"Black Diamond Oval Keylock Screwgate beim Kletter Hardwareprofi kaufen \u2705 versandkostenfrei* \u2705 14 Tage R\u00fcckgaberecht \u2705 Co2 neutraler Versand","robots":{"index":"index","follow":"follow","max-snippet":"max-snippet:-1","max-image-preview":"max-image-preview:large","max-video-preview":"max-video-preview:-1"},"canonical":"https:\/\/bolting.eu\/en\/shop\/black-diamond-oval-keylock-screwgate\/","og_locale":"en_US","og_type":"article","og_title":"Black Diamond Oval Keylock Screwgate","og_description":"Black Diamond Oval Keylock Screwgate beim Kletter Hardwareprofi kaufen \u2705 versandkostenfrei* \u2705 14 Tage R\u00fcckgaberecht \u2705 Co2 neutraler Versand","og_url":"https:\/\/bolting.eu\/en\/shop\/black-diamond-oval-keylock-screwgate\/","og_site_name":"bolting.eu","article_publisher":"https:\/\/www.facebook.com\/bolting.eu","article_modified_time":"2025-07-25T12:58:49+00:00","og_image":[{"width":700,"height":700,"url":"https:\/\/bolting.eu\/wp-content\/uploads\/2022\/10\/Black-Diamond-Oval-Screwgate-1.jpg","type":"image\/jpeg"}],"twitter_card":"summary_large_image","twitter_misc":{"Availability":"In stock"},"schema":{"@context":"https:\/\/schema.org","@graph":[{"@type":["WebPage","ItemPage"],"@id":"https:\/\/bolting.eu\/en\/shop\/black-diamond-oval-keylock-screwgate\/","url":"https:\/\/bolting.eu\/en\/shop\/black-diamond-oval-keylock-screwgate\/","name":"Black Diamond Oval Keylock Screwgate | bolting.eu","isPartOf":{"@id":"https:\/\/bolting.eu\/en\/#website"},"primaryImageOfPage":{"@id":"https:\/\/bolting.eu\/en\/shop\/black-diamond-oval-keylock-screwgate\/#primaryimage"},"image":{"@id":"https:\/\/bolting.eu\/en\/shop\/black-diamond-oval-keylock-screwgate\/#primaryimage"},"thumbnailUrl":"https:\/\/bolting.eu\/wp-content\/uploads\/2022\/10\/Black-Diamond-Oval-Screwgate-1.jpg","datePublished":"2022-10-14T11:51:26+00:00","dateModified":"2025-07-25T12:58:49+00:00","description":"Black Diamond Oval Keylock Screwgate beim Kletter Hardwareprofi kaufen \u2705 versandkostenfrei* \u2705 14 Tage R\u00fcckgaberecht \u2705 Co2 neutraler Versand","breadcrumb":{"@id":"https:\/\/bolting.eu\/en\/shop\/black-diamond-oval-keylock-screwgate\/#breadcrumb"},"inLanguage":"en-US","potentialAction":[{"@type":"ReadAction","target":["https:\/\/bolting.eu\/en\/shop\/black-diamond-oval-keylock-screwgate\/"]}]},{"@type":"ImageObject","inLanguage":"en-US","@id":"https:\/\/bolting.eu\/en\/shop\/black-diamond-oval-keylock-screwgate\/#primaryimage","url":"https:\/\/bolting.eu\/wp-content\/uploads\/2022\/10\/Black-Diamond-Oval-Screwgate-1.jpg","contentUrl":"https:\/\/bolting.eu\/wp-content\/uploads\/2022\/10\/Black-Diamond-Oval-Screwgate-1.jpg","width":700,"height":700,"caption":"Schwarzer Black Diamond Oval Keylock Screwgate Karabiner mit schnapper und schwarzem Drehverschluss aufrecht in einem wei\u00dfem Quadrat."},{"@type":"BreadcrumbList","@id":"https:\/\/bolting.eu\/en\/shop\/black-diamond-oval-keylock-screwgate\/#breadcrumb","itemListElement":[{"@type":"ListItem","position":1,"name":"Shop","item":"https:\/\/bolting.eu\/en\/shop\/"},{"@type":"ListItem","position":2,"name":"climbing equipment","item":"https:\/\/bolting.eu\/en\/produkt-kategorie\/climbing-equipment\/"},{"@type":"ListItem","position":3,"name":"Climbing carabiner","item":"https:\/\/bolting.eu\/en\/produkt-kategorie\/climbing-carabiner\/"},{"@type":"ListItem","position":4,"name":"Schraubkarabiner","item":"https:\/\/bolting.eu\/produkt-kategorie\/kletterausruestung\/kletterkarabiner\/schraubkarabiner\/"},{"@type":"ListItem","position":5,"name":"Black Diamond Oval Keylock Screwgate"}]},{"@type":"WebSite","@id":"https:\/\/bolting.eu\/en\/#website","url":"https:\/\/bolting.eu\/en\/","name":"bolting.eu","description":"we make climbs happen","publisher":{"@id":"https:\/\/bolting.eu\/en\/#organization"},"potentialAction":[{"@type":"SearchAction","target":{"@type":"EntryPoint","urlTemplate":"https:\/\/bolting.eu\/en\/?s={search_term_string}"},"query-input":{"@type":"PropertyValueSpecification","valueRequired":true,"valueName":"search_term_string"}}],"inLanguage":"en-US"},{"@type":["Organization","Place","SportingGoodsStore"],"@id":"https:\/\/bolting.eu\/en\/#organization","name":"bolting.eu","url":"https:\/\/bolting.eu\/en\/","logo":{"@id":"https:\/\/bolting.eu\/en\/shop\/black-diamond-oval-keylock-screwgate\/#local-main-organization-logo"},"image":{"@id":"https:\/\/bolting.eu\/en\/shop\/black-diamond-oval-keylock-screwgate\/#local-main-organization-logo"},"sameAs":["https:\/\/www.facebook.com\/bolting.eu","https:\/\/www.instagram.com\/bolting.eu\/"],"address":{"@id":"https:\/\/bolting.eu\/en\/shop\/black-diamond-oval-keylock-screwgate\/#local-main-place-address"},"geo":{"@type":"GeoCoordinates","latitude":"47.264176340396226","longitude":"11.380109057672346"},"telephone":["+43 699 19083372"],"openingHoursSpecification":[{"@type":"OpeningHoursSpecification","dayOfWeek":["Monday","Wednesday","Friday"],"opens":"14:00","closes":"18:00"},{"@type":"OpeningHoursSpecification","dayOfWeek":["Tuesday","Thursday","Saturday","Sunday"],"opens":"00:00","closes":"00:00"}],"email":"office@bolting.eu","vatID":"ATU59999728","priceRange":"$$","currenciesAccepted":"Euro"},{"@type":"PostalAddress","@id":"https:\/\/bolting.eu\/en\/shop\/black-diamond-oval-keylock-screwgate\/#local-main-place-address","streetAddress":"Fischnalerstra\u00dfe 4","addressLocality":"Innsbruck","postalCode":"6020","addressRegion":"Tirol","addressCountry":"AT"},{"@type":"ImageObject","inLanguage":"en-US","@id":"https:\/\/bolting.eu\/en\/shop\/black-diamond-oval-keylock-screwgate\/#local-main-organization-logo","url":"https:\/\/bolting.eu\/wp-content\/uploads\/2019\/09\/bolting-logo.png","contentUrl":"https:\/\/bolting.eu\/wp-content\/uploads\/2019\/09\/bolting-logo.png","width":400,"height":211,"caption":"bolting.eu"}]},"og_availability":"instock","product_availability":"instock","product_retailer_item_id":"BD210084","product_condition":"new","geo.placename":"Innsbruck","geo.position":{"lat":"47.264176340396226","long":"11.380109057672346"},"geo.region":"Austria"},"_links":{"self":[{"href":"https:\/\/bolting.eu\/en\/wp-json\/wp\/v2\/product\/13559","targetHints":{"allow":["GET"]}}],"collection":[{"href":"https:\/\/bolting.eu\/en\/wp-json\/wp\/v2\/product"}],"about":[{"href":"https:\/\/bolting.eu\/en\/wp-json\/wp\/v2\/types\/product"}],"replies":[{"embeddable":true,"href":"https:\/\/bolting.eu\/en\/wp-json\/wp\/v2\/comments?post=13559"}],"wp:featuredmedia":[{"embeddable":true,"href":"https:\/\/bolting.eu\/en\/wp-json\/wp\/v2\/media\/33280"}],"wp:attachment":[{"href":"https:\/\/bolting.eu\/en\/wp-json\/wp\/v2\/media?parent=13559"}],"wp:term":[{"taxonomy":"product_brand","embeddable":true,"href":"https:\/\/bolting.eu\/en\/wp-json\/wp\/v2\/product_brand?post=13559"},{"taxonomy":"product_cat","embeddable":true,"href":"https:\/\/bolting.eu\/en\/wp-json\/wp\/v2\/product_cat?post=13559"},{"taxonomy":"product_tag","embeddable":true,"href":"https:\/\/bolting.eu\/en\/wp-json\/wp\/v2\/product_tag?post=13559"}],"curies":[{"name":"wp","href":"https:\/\/api.w.org\/{rel}","templated":true}]}}