{"id":13527,"date":"2022-10-13T13:38:15","date_gmt":"2022-10-13T11:38:15","guid":{"rendered":"https:\/\/bolting.eu\/?post_type=product&#038;p=13527"},"modified":"2026-03-07T18:07:25","modified_gmt":"2026-03-07T17:07:25","slug":"black-diamond-miniwire-carabiner","status":"publish","type":"product","link":"https:\/\/bolting.eu\/en\/shop\/black-diamond-miniwire-carabiner\/","title":{"rendered":"Black Diamond MiniWire Carabiner"},"content":{"rendered":"<p>Die Black Diamond MiniWire Carabiner sind extrem kleine und leichte <a href=\"https:\/\/bolting.eu\/produkt-kategorie\/kletterausruestung\/kletterkarabiner\/schnappkarabiner\/\">Schnappkarabiner<\/a>. Sie sind perfekt, um Klemmger\u00e4te-Friends wie z.B. die <a href=\"https:\/\/bolting.eu\/shop\/black-diamond-camalots\/\">Camalots<\/a> oder <a href=\"https:\/\/bolting.eu\/shop\/black-diamond-z4\/\">Z4<\/a>\u00b4s zu best\u00fccken.<\/p>\n<p>Sie zeichnen sich durch ihre kleine Gr\u00f6\u00dfe und geringstem Gewicht, bei gleichzeitig hoher Bruchlast aus. Deswegen werden sie auch gerne f\u00fcr den Bau von <a href=\"https:\/\/bolting.eu\/verlaengerbare-expressschlinge\/\">verl\u00e4ngerbaren Expressschlingen<\/a> verwendet.<\/p>\n<p>Um dieses tolle Verh\u00e4ltnis von Gewicht zu Bruchlast zu erreichen, m\u00fcssen diese Karabiner hei\u00df geschmiedet werden. Somit ergibt sich auch eine verh\u00e4ltnism\u00e4\u00dfig gro\u00dfe Auflagefl\u00e4che f\u00fcr das Seil im breiten Scheitel.<\/p>\n<p>Die dunkelste Farbe ist ein \u00fcberdies Bestseller in unserer Produktkategorie <a href=\"https:\/\/bolting.eu\/produkt-kategorie\/kletterausruestung\/kletterkarabiner\/karabiner-schwarz\/\">Karabiner schwarz<\/a>.<\/p>\n<p>Kurzum. Ein Mini Karabiner mit gro\u00dfer Bruchlast f\u00fcr alle, die auf jedes einzelne Gramm bei ihrer Ausr\u00fcstung schauen!<\/p>\n<h2>Eigenschaften Black Diamond MiniWire Carabiner<\/h2>\n<ul>\n<li>Hersteller: <a href=\"https:\/\/bolting.eu\/produkt-kategorie\/black-diamond\/\">Black Diamond<\/a><\/li>\n<li>Material: Alu<\/li>\n<li>Gewicht: 23 Gramm<\/li>\n<li>Normen:\u00a0<a href=\"https:\/\/bolting.eu\/en-12275-norm\/\">EN 12275<\/a>\u00a0UIAA 121<\/li>\n<li>Verschluss: LiteWire Drahtschnapper<\/li>\n<li><a href=\"https:\/\/bolting.eu\/bruchlast-karabiner\/\">Bruchlast Karabiner<\/a> l\u00e4ngs \u2013 quer \u2013 offen: 20kN \u2013 7kN \u2013 7kN<\/li>\n<li>Gr\u00f6\u00dfe: 85 x 53mm<\/li>\n<li>Schnapper\u00f6ffnung: 21mm<\/li>\n<li>Made in Taiwan<\/li>\n<li><a href=\"https:\/\/www.blackdiamondequipment.com\/de_EU\/product\/litewire-carabiner\/?colorid=2525#:~:text=Product%20Instructions%20%2D%20REGULATION%20Carabiner%20Quickdraw%20Instructions\" target=\"_blank\" rel=\"noopener\">Bedienungsanleitung<\/a><\/li>\n<li>auch im Set als Mini Wire Rack Pack erh\u00e4ltlich!<\/li>\n<\/ul>\n<h3>Karabiner f\u00fcr Gewichts Enthusiasten!<\/h3>\n<p>F\u00fcr wen ist ein solch kleiner und extrem leichter Karabiner \u00fcberhaupt sinnvoll?<\/p>\n<p>N\u00fcchtern betrachtet liegt der Unterschied zwischen kleinen Karabinern wie z.B. dem <a href=\"https:\/\/bolting.eu\/shop\/black-diamond-litewire-carabiner\/\">LiteWire<\/a> und dem Black Diamond MiniWire Carabiner bei gerade einmal 9 Gramm.<\/p>\n<p>Weshalb also noch minimalistischer? Die Antwort lautet ganz einfach. Es geht um die Reduktion der gesamten Ausr\u00fcstung bei manchen alpinen Abenteuern, wie z.B. Big Walls oder schweren Mixed Routen.<\/p>\n<p>Wer hier in allen Bereichen der Kletterausr\u00fcstung auf das Gewicht schaut, spart bald einmal ein paar Kilogramm ein. 100 Gram hier, 250 Gramm da, usw..<\/p>\n<p>Somit ist dieses Karabiner Modell etwas f\u00fcr Gewichts Enthusiasten, denen das Gesamtgewicht der Ausr\u00fcstung einfach wichtig ist!<\/p>\n<h3>Perfekter Materialkarabiner<\/h3>\n<p>Die Black Diamond MiniWire Carabiner werden sehr gerne auch als Materialkarabiner verwendet. Und das aus gutem Grund. Sie sind vollwertige <a href=\"https:\/\/bolting.eu\/produkt-kategorie\/kletterausruestung\/kletterkarabiner\/\">Kletterkarabiner<\/a>!<\/p>\n<p>Denn mit nur 23 Gramm Gewicht sind sie extrem leicht. Sollte man aber einen vollwertigen Karabiner ben\u00f6tigen, kann man ihn z.B. einfach von der Trinkflasche abmachen und ihn f\u00fcr\u00b4s Klettern verwenden. Denn sie sind nat\u00fcrlich EN 12275 gepr\u00fcft und haben eine Bruchlast von 20kN l\u00e4ngs!<\/p>\n","protected":false},"excerpt":{"rendered":"<p>Extrem kleiner und leichter Drahtschnapper zum Best\u00fccken von Friends oder Bau von verl\u00e4ngerbaren Expressen. Er wiegt nur 23 Gramm.<\/p>\n<p>Dennoch hat dieser Mini Karabiner eine Bruchlast von 20kn l\u00e4ngs und 7kN quer bzw. offen!<\/p>\n<p>Perfekt f\u00fcr alle, die bei der Ausr\u00fcstung auf jedes Gramm achten!<\/p>\n<p>Versandkostenfrei bis 2kg in\u00a0<img decoding=\"async\" class=\"emoji\" role=\"img\" draggable=\"false\" src=\"https:\/\/s.w.org\/images\/core\/emoji\/14.0.0\/svg\/1f1e6-1f1f9.svg\" alt=\"\ud83c\udde6\ud83c\uddf9\" \/>\u00a0ab \u20ac 100,- und\u00a0<img decoding=\"async\" class=\"emoji\" role=\"img\" draggable=\"false\" src=\"https:\/\/s.w.org\/images\/core\/emoji\/14.0.0\/svg\/1f1e9-1f1ea.svg\" alt=\"\ud83c\udde9\ud83c\uddea\" \/>\u00a0ab \u20ac 200,-!<\/p>\n","protected":false},"featured_media":33276,"comment_status":"closed","ping_status":"closed","template":"","meta":[],"product_brand":[],"product_cat":[3004,29,44,4658,15205],"product_tag":[],"class_list":{"0":"post-13527","1":"product","2":"type-product","3":"status-publish","4":"has-post-thumbnail","6":"product_cat-schnappkarabiner","7":"product_cat-kletterausruestung","8":"product_cat-kletterkarabiner","9":"product_cat-black-diamond","10":"product_cat-karabiner-schwarz","12":"first","13":"instock","14":"taxable","15":"shipping-taxable","16":"purchasable","17":"product-type-variable"},"yoast_head":"<!-- This site is optimized with the Yoast SEO Premium plugin v26.9 (Yoast SEO v26.9) - https:\/\/yoast.com\/product\/yoast-seo-premium-wordpress\/ -->\n<title>Black Diamond MiniWire Carabiner | bolting.eu<\/title>\n<meta name=\"description\" content=\"BLACK DIAMOND MINIWIRE CARABINER - extrem kleiner Drahtschnapper \u2705 versandkostenfrei* \u2705 14 Tage R\u00fcckgaberecht \u2705 Co2 neutraler Versand\" \/>\n<meta name=\"robots\" content=\"index, follow, max-snippet:-1, max-image-preview:large, max-video-preview:-1\" \/>\n<link rel=\"canonical\" href=\"https:\/\/bolting.eu\/en\/shop\/black-diamond-miniwire-carabiner\/\" \/>\n<meta property=\"og:locale\" content=\"en_US\" \/>\n<meta property=\"og:type\" content=\"article\" \/>\n<meta property=\"og:title\" content=\"Black Diamond MiniWire Carabiner\" \/>\n<meta property=\"og:description\" content=\"BLACK DIAMOND MINIWIRE CARABINER - extrem kleiner Drahtschnapper \u2705 versandkostenfrei* \u2705 14 Tage R\u00fcckgaberecht \u2705 Co2 neutraler Versand\" \/>\n<meta property=\"og:url\" content=\"https:\/\/bolting.eu\/en\/shop\/black-diamond-miniwire-carabiner\/\" \/>\n<meta property=\"og:site_name\" content=\"bolting.eu\" \/>\n<meta property=\"article:publisher\" content=\"https:\/\/www.facebook.com\/bolting.eu\" \/>\n<meta property=\"article:modified_time\" content=\"2026-03-07T17:07:25+00:00\" \/>\n<meta property=\"og:image\" content=\"https:\/\/bolting.eu\/wp-content\/uploads\/2025\/07\/Black-Diamond-Miniwire-schwarz.jpg\" \/>\n\t<meta property=\"og:image:width\" content=\"700\" \/>\n\t<meta property=\"og:image:height\" content=\"700\" \/>\n\t<meta property=\"og:image:type\" content=\"image\/jpeg\" \/>\n<meta name=\"twitter:card\" content=\"summary_large_image\" \/>\n<meta name=\"twitter:label1\" content=\"Availability\" \/>\n\t<meta name=\"twitter:data1\" content=\"In stock\" \/>\n<script type=\"application\/ld+json\" class=\"yoast-schema-graph\">{\"@context\":\"https:\/\/schema.org\",\"@graph\":[{\"@type\":[\"WebPage\",\"ItemPage\"],\"@id\":\"https:\/\/bolting.eu\/en\/shop\/black-diamond-miniwire-carabiner\/\",\"url\":\"https:\/\/bolting.eu\/en\/shop\/black-diamond-miniwire-carabiner\/\",\"name\":\"Black Diamond MiniWire Carabiner | bolting.eu\",\"isPartOf\":{\"@id\":\"https:\/\/bolting.eu\/en\/#website\"},\"primaryImageOfPage\":{\"@id\":\"https:\/\/bolting.eu\/en\/shop\/black-diamond-miniwire-carabiner\/#primaryimage\"},\"image\":{\"@id\":\"https:\/\/bolting.eu\/en\/shop\/black-diamond-miniwire-carabiner\/#primaryimage\"},\"thumbnailUrl\":\"https:\/\/bolting.eu\/wp-content\/uploads\/2025\/07\/Black-Diamond-Miniwire-schwarz.jpg\",\"datePublished\":\"2022-10-13T11:38:15+00:00\",\"dateModified\":\"2026-03-07T17:07:25+00:00\",\"description\":\"BLACK DIAMOND MINIWIRE CARABINER - extrem kleiner Drahtschnapper \u2705 versandkostenfrei* \u2705 14 Tage R\u00fcckgaberecht \u2705 Co2 neutraler Versand\",\"breadcrumb\":{\"@id\":\"https:\/\/bolting.eu\/en\/shop\/black-diamond-miniwire-carabiner\/#breadcrumb\"},\"inLanguage\":\"en-US\",\"potentialAction\":[{\"@type\":\"ReadAction\",\"target\":[\"https:\/\/bolting.eu\/en\/shop\/black-diamond-miniwire-carabiner\/\"]}]},{\"@type\":\"ImageObject\",\"inLanguage\":\"en-US\",\"@id\":\"https:\/\/bolting.eu\/en\/shop\/black-diamond-miniwire-carabiner\/#primaryimage\",\"url\":\"https:\/\/bolting.eu\/wp-content\/uploads\/2025\/07\/Black-Diamond-Miniwire-schwarz.jpg\",\"contentUrl\":\"https:\/\/bolting.eu\/wp-content\/uploads\/2025\/07\/Black-Diamond-Miniwire-schwarz.jpg\",\"width\":700,\"height\":700,\"caption\":\"Black Diamond Miniwire Karabiner schwarz mit Drahtschnapper rechts auf wei\u00dfem Quadrat.\"},{\"@type\":\"BreadcrumbList\",\"@id\":\"https:\/\/bolting.eu\/en\/shop\/black-diamond-miniwire-carabiner\/#breadcrumb\",\"itemListElement\":[{\"@type\":\"ListItem\",\"position\":1,\"name\":\"Shop\",\"item\":\"https:\/\/bolting.eu\/en\/shop\/\"},{\"@type\":\"ListItem\",\"position\":2,\"name\":\"climbing equipment\",\"item\":\"https:\/\/bolting.eu\/en\/produkt-kategorie\/climbing-equipment\/\"},{\"@type\":\"ListItem\",\"position\":3,\"name\":\"Climbing carabiner\",\"item\":\"https:\/\/bolting.eu\/en\/produkt-kategorie\/climbing-carabiner\/\"},{\"@type\":\"ListItem\",\"position\":4,\"name\":\"snapgate carabiner\",\"item\":\"https:\/\/bolting.eu\/en\/produkt-kategorie\/snapgate-carabiner\/\"},{\"@type\":\"ListItem\",\"position\":5,\"name\":\"Black Diamond MiniWire Carabiner\"}]},{\"@type\":\"WebSite\",\"@id\":\"https:\/\/bolting.eu\/en\/#website\",\"url\":\"https:\/\/bolting.eu\/en\/\",\"name\":\"bolting.eu\",\"description\":\"we make climbs happen\",\"publisher\":{\"@id\":\"https:\/\/bolting.eu\/en\/#organization\"},\"potentialAction\":[{\"@type\":\"SearchAction\",\"target\":{\"@type\":\"EntryPoint\",\"urlTemplate\":\"https:\/\/bolting.eu\/en\/?s={search_term_string}\"},\"query-input\":{\"@type\":\"PropertyValueSpecification\",\"valueRequired\":true,\"valueName\":\"search_term_string\"}}],\"inLanguage\":\"en-US\"},{\"@type\":[\"Organization\",\"Place\",\"SportingGoodsStore\"],\"@id\":\"https:\/\/bolting.eu\/en\/#organization\",\"name\":\"bolting.eu\",\"url\":\"https:\/\/bolting.eu\/en\/\",\"logo\":{\"@id\":\"https:\/\/bolting.eu\/en\/shop\/black-diamond-miniwire-carabiner\/#local-main-organization-logo\"},\"image\":{\"@id\":\"https:\/\/bolting.eu\/en\/shop\/black-diamond-miniwire-carabiner\/#local-main-organization-logo\"},\"sameAs\":[\"https:\/\/www.facebook.com\/bolting.eu\",\"https:\/\/www.instagram.com\/bolting.eu\/\"],\"address\":{\"@id\":\"https:\/\/bolting.eu\/en\/shop\/black-diamond-miniwire-carabiner\/#local-main-place-address\"},\"geo\":{\"@type\":\"GeoCoordinates\",\"latitude\":\"47.264176340396226\",\"longitude\":\"11.380109057672346\"},\"telephone\":[\"+43 699 19083372\"],\"openingHoursSpecification\":[{\"@type\":\"OpeningHoursSpecification\",\"dayOfWeek\":[\"Monday\",\"Wednesday\",\"Friday\"],\"opens\":\"14:00\",\"closes\":\"18:00\"},{\"@type\":\"OpeningHoursSpecification\",\"dayOfWeek\":[\"Tuesday\",\"Thursday\",\"Saturday\",\"Sunday\"],\"opens\":\"00:00\",\"closes\":\"00:00\"}],\"email\":\"office@bolting.eu\",\"vatID\":\"ATU59999728\",\"priceRange\":\"$$\",\"currenciesAccepted\":\"Euro\"},{\"@type\":\"PostalAddress\",\"@id\":\"https:\/\/bolting.eu\/en\/shop\/black-diamond-miniwire-carabiner\/#local-main-place-address\",\"streetAddress\":\"Fischnalerstra\u00dfe 4\",\"addressLocality\":\"Innsbruck\",\"postalCode\":\"6020\",\"addressRegion\":\"Tirol\",\"addressCountry\":\"AT\"},{\"@type\":\"ImageObject\",\"inLanguage\":\"en-US\",\"@id\":\"https:\/\/bolting.eu\/en\/shop\/black-diamond-miniwire-carabiner\/#local-main-organization-logo\",\"url\":\"https:\/\/bolting.eu\/wp-content\/uploads\/2019\/09\/bolting-logo.png\",\"contentUrl\":\"https:\/\/bolting.eu\/wp-content\/uploads\/2019\/09\/bolting-logo.png\",\"width\":400,\"height\":211,\"caption\":\"bolting.eu\"}]}<\/script>\n<meta property=\"og:availability\" content=\"instock\" \/>\n<meta property=\"product:availability\" content=\"instock\" \/>\n<meta property=\"product:condition\" content=\"new\" \/>\n<meta name=\"geo.placename\" content=\"Innsbruck\" \/>\n<meta name=\"geo.position\" content=\"47.264176340396226;11.380109057672346\" \/>\n<meta name=\"geo.region\" content=\"Austria\" \/>\n<!-- \/ Yoast SEO Premium plugin. -->","yoast_head_json":{"title":"Black Diamond MiniWire Carabiner | bolting.eu","description":"BLACK DIAMOND MINIWIRE CARABINER - extrem kleiner Drahtschnapper \u2705 versandkostenfrei* \u2705 14 Tage R\u00fcckgaberecht \u2705 Co2 neutraler Versand","robots":{"index":"index","follow":"follow","max-snippet":"max-snippet:-1","max-image-preview":"max-image-preview:large","max-video-preview":"max-video-preview:-1"},"canonical":"https:\/\/bolting.eu\/en\/shop\/black-diamond-miniwire-carabiner\/","og_locale":"en_US","og_type":"article","og_title":"Black Diamond MiniWire Carabiner","og_description":"BLACK DIAMOND MINIWIRE CARABINER - extrem kleiner Drahtschnapper \u2705 versandkostenfrei* \u2705 14 Tage R\u00fcckgaberecht \u2705 Co2 neutraler Versand","og_url":"https:\/\/bolting.eu\/en\/shop\/black-diamond-miniwire-carabiner\/","og_site_name":"bolting.eu","article_publisher":"https:\/\/www.facebook.com\/bolting.eu","article_modified_time":"2026-03-07T17:07:25+00:00","og_image":[{"width":700,"height":700,"url":"https:\/\/bolting.eu\/wp-content\/uploads\/2025\/07\/Black-Diamond-Miniwire-schwarz.jpg","type":"image\/jpeg"}],"twitter_card":"summary_large_image","twitter_misc":{"Availability":"In stock"},"schema":{"@context":"https:\/\/schema.org","@graph":[{"@type":["WebPage","ItemPage"],"@id":"https:\/\/bolting.eu\/en\/shop\/black-diamond-miniwire-carabiner\/","url":"https:\/\/bolting.eu\/en\/shop\/black-diamond-miniwire-carabiner\/","name":"Black Diamond MiniWire Carabiner | bolting.eu","isPartOf":{"@id":"https:\/\/bolting.eu\/en\/#website"},"primaryImageOfPage":{"@id":"https:\/\/bolting.eu\/en\/shop\/black-diamond-miniwire-carabiner\/#primaryimage"},"image":{"@id":"https:\/\/bolting.eu\/en\/shop\/black-diamond-miniwire-carabiner\/#primaryimage"},"thumbnailUrl":"https:\/\/bolting.eu\/wp-content\/uploads\/2025\/07\/Black-Diamond-Miniwire-schwarz.jpg","datePublished":"2022-10-13T11:38:15+00:00","dateModified":"2026-03-07T17:07:25+00:00","description":"BLACK DIAMOND MINIWIRE CARABINER - extrem kleiner Drahtschnapper \u2705 versandkostenfrei* \u2705 14 Tage R\u00fcckgaberecht \u2705 Co2 neutraler Versand","breadcrumb":{"@id":"https:\/\/bolting.eu\/en\/shop\/black-diamond-miniwire-carabiner\/#breadcrumb"},"inLanguage":"en-US","potentialAction":[{"@type":"ReadAction","target":["https:\/\/bolting.eu\/en\/shop\/black-diamond-miniwire-carabiner\/"]}]},{"@type":"ImageObject","inLanguage":"en-US","@id":"https:\/\/bolting.eu\/en\/shop\/black-diamond-miniwire-carabiner\/#primaryimage","url":"https:\/\/bolting.eu\/wp-content\/uploads\/2025\/07\/Black-Diamond-Miniwire-schwarz.jpg","contentUrl":"https:\/\/bolting.eu\/wp-content\/uploads\/2025\/07\/Black-Diamond-Miniwire-schwarz.jpg","width":700,"height":700,"caption":"Black Diamond Miniwire Karabiner schwarz mit Drahtschnapper rechts auf wei\u00dfem Quadrat."},{"@type":"BreadcrumbList","@id":"https:\/\/bolting.eu\/en\/shop\/black-diamond-miniwire-carabiner\/#breadcrumb","itemListElement":[{"@type":"ListItem","position":1,"name":"Shop","item":"https:\/\/bolting.eu\/en\/shop\/"},{"@type":"ListItem","position":2,"name":"climbing equipment","item":"https:\/\/bolting.eu\/en\/produkt-kategorie\/climbing-equipment\/"},{"@type":"ListItem","position":3,"name":"Climbing carabiner","item":"https:\/\/bolting.eu\/en\/produkt-kategorie\/climbing-carabiner\/"},{"@type":"ListItem","position":4,"name":"snapgate carabiner","item":"https:\/\/bolting.eu\/en\/produkt-kategorie\/snapgate-carabiner\/"},{"@type":"ListItem","position":5,"name":"Black Diamond MiniWire Carabiner"}]},{"@type":"WebSite","@id":"https:\/\/bolting.eu\/en\/#website","url":"https:\/\/bolting.eu\/en\/","name":"bolting.eu","description":"we make climbs happen","publisher":{"@id":"https:\/\/bolting.eu\/en\/#organization"},"potentialAction":[{"@type":"SearchAction","target":{"@type":"EntryPoint","urlTemplate":"https:\/\/bolting.eu\/en\/?s={search_term_string}"},"query-input":{"@type":"PropertyValueSpecification","valueRequired":true,"valueName":"search_term_string"}}],"inLanguage":"en-US"},{"@type":["Organization","Place","SportingGoodsStore"],"@id":"https:\/\/bolting.eu\/en\/#organization","name":"bolting.eu","url":"https:\/\/bolting.eu\/en\/","logo":{"@id":"https:\/\/bolting.eu\/en\/shop\/black-diamond-miniwire-carabiner\/#local-main-organization-logo"},"image":{"@id":"https:\/\/bolting.eu\/en\/shop\/black-diamond-miniwire-carabiner\/#local-main-organization-logo"},"sameAs":["https:\/\/www.facebook.com\/bolting.eu","https:\/\/www.instagram.com\/bolting.eu\/"],"address":{"@id":"https:\/\/bolting.eu\/en\/shop\/black-diamond-miniwire-carabiner\/#local-main-place-address"},"geo":{"@type":"GeoCoordinates","latitude":"47.264176340396226","longitude":"11.380109057672346"},"telephone":["+43 699 19083372"],"openingHoursSpecification":[{"@type":"OpeningHoursSpecification","dayOfWeek":["Monday","Wednesday","Friday"],"opens":"14:00","closes":"18:00"},{"@type":"OpeningHoursSpecification","dayOfWeek":["Tuesday","Thursday","Saturday","Sunday"],"opens":"00:00","closes":"00:00"}],"email":"office@bolting.eu","vatID":"ATU59999728","priceRange":"$$","currenciesAccepted":"Euro"},{"@type":"PostalAddress","@id":"https:\/\/bolting.eu\/en\/shop\/black-diamond-miniwire-carabiner\/#local-main-place-address","streetAddress":"Fischnalerstra\u00dfe 4","addressLocality":"Innsbruck","postalCode":"6020","addressRegion":"Tirol","addressCountry":"AT"},{"@type":"ImageObject","inLanguage":"en-US","@id":"https:\/\/bolting.eu\/en\/shop\/black-diamond-miniwire-carabiner\/#local-main-organization-logo","url":"https:\/\/bolting.eu\/wp-content\/uploads\/2019\/09\/bolting-logo.png","contentUrl":"https:\/\/bolting.eu\/wp-content\/uploads\/2019\/09\/bolting-logo.png","width":400,"height":211,"caption":"bolting.eu"}]},"og_availability":"instock","product_availability":"instock","product_condition":"new","geo.placename":"Innsbruck","geo.position":{"lat":"47.264176340396226","long":"11.380109057672346"},"geo.region":"Austria"},"_links":{"self":[{"href":"https:\/\/bolting.eu\/en\/wp-json\/wp\/v2\/product\/13527","targetHints":{"allow":["GET"]}}],"collection":[{"href":"https:\/\/bolting.eu\/en\/wp-json\/wp\/v2\/product"}],"about":[{"href":"https:\/\/bolting.eu\/en\/wp-json\/wp\/v2\/types\/product"}],"replies":[{"embeddable":true,"href":"https:\/\/bolting.eu\/en\/wp-json\/wp\/v2\/comments?post=13527"}],"wp:featuredmedia":[{"embeddable":true,"href":"https:\/\/bolting.eu\/en\/wp-json\/wp\/v2\/media\/33276"}],"wp:attachment":[{"href":"https:\/\/bolting.eu\/en\/wp-json\/wp\/v2\/media?parent=13527"}],"wp:term":[{"taxonomy":"product_brand","embeddable":true,"href":"https:\/\/bolting.eu\/en\/wp-json\/wp\/v2\/product_brand?post=13527"},{"taxonomy":"product_cat","embeddable":true,"href":"https:\/\/bolting.eu\/en\/wp-json\/wp\/v2\/product_cat?post=13527"},{"taxonomy":"product_tag","embeddable":true,"href":"https:\/\/bolting.eu\/en\/wp-json\/wp\/v2\/product_tag?post=13527"}],"curies":[{"name":"wp","href":"https:\/\/api.w.org\/{rel}","templated":true}]}}