{"id":13498,"date":"2022-10-13T11:25:14","date_gmt":"2022-10-13T09:25:14","guid":{"rendered":"https:\/\/bolting.eu\/?post_type=product&#038;p=13498"},"modified":"2026-02-04T15:14:59","modified_gmt":"2026-02-04T14:14:59","slug":"black-diamond-z4-offset","status":"publish","type":"product","link":"https:\/\/bolting.eu\/en\/shop\/black-diamond-z4-offset\/","title":{"rendered":"Black Diamond Z4 Offset"},"content":{"rendered":"<p>Die Black Diamond Z4 Offset Cams sind etwas f\u00fcr Trad und Techno Kletterer. Denn diese Friends haben unterschiedliche gro\u00dfe Klemmnocken &#8211; Paare. D.h. sie sind auf einer Seite schm\u00e4ler bzw. breiter.<\/p>\n<p>Somit sind sie ideal f\u00fcr sogenannte &#8220;flares&#8221;. Das sind Risse, die nach Au\u00dfen hin breiter werden, also wie ein Trichter auseinander gehen. Des weiteren kann man die Offset Friends in &#8220;pin scars&#8221; legen. Das sind die V-f\u00f6rmig ausgeschlagenen Risse in Techno Routen, wo fr\u00fcher immer <a href=\"https:\/\/bolting.eu\/produkt-kategorie\/einbohrartikel\/felshaken-normalhaken\/\">Felshaken<\/a> geschlagen wurden.<\/p>\n<p>Wie die &#8220;normalen&#8221; BD <a href=\"https:\/\/bolting.eu\/shop\/black-diamond-z4\/\">Z4<\/a>\u00b4s haben auch die Offsets den kleinen schmalen Kopf sowie den &#8220;RigidFlex&#8221; Steg. Damit lassen sich die Cams stabil in kleinsten Placements stecken.<\/p>\n<p>Wer ein Techno Freak ist oder Trad Fanat, der ist hier folglich goldrichtig!<\/p>\n<h3>Eigenschaften Black Diamond Z4 Offset<\/h3>\n<ul>\n<li>Hersteller: <a href=\"https:\/\/bolting.eu\/produkt-kategorie\/black-diamond\/\">Black Diamond<\/a><\/li>\n<li>Material: Alu, Stahlkabel, Kunststoff, Dynex<\/li>\n<li>Gr\u00f6\u00dfen: 5 Gr\u00f6\u00dfen\u00a0 von # .1 &#8211; .2 bis # .5 &#8211; .75<\/li>\n<li><strong>Klemmnocken Paare sind unterschiedlich gro\u00df<\/strong><\/li>\n<li>ideal f\u00fcr &#8220;flares&#8221; und &#8220;pin scars&#8221;<\/li>\n<li>kleiner schmaler Kopf<\/li>\n<li>patentierter \u201eRigidFlex\u201c Mittelsteg, ist beim Legen \u201esteif\u201c<\/li>\n<li>Steg wird nach dem Legen \u201eweich\u201c<\/li>\n<li>Dynex Schlinge mit Farbcode<\/li>\n<li>einfache Kabelkonstruktion bei kleinen Cams f\u00fcr wenig Gewicht<\/li>\n<li>zweifach verdrehte Kabelkonstruktion bei gr\u00f6\u00dferen Cams f\u00fcr optimalen Flex<\/li>\n<li>sandgestrahlte Klemmnocken f\u00fcr besseren Halt<\/li>\n<li>idealer Karabiner: <a href=\"https:\/\/bolting.eu\/shop\/black-diamond-litewire-carabiner\/\">LiteWire<\/a> oder <a href=\"https:\/\/bolting.eu\/shop\/black-diamond-miniwire-carabiner\/\">MiniWire<\/a> Karabiner<\/li>\n<li><a href=\"https:\/\/blackdiamond-web.cdn.prismic.io\/blackdiamond-web\/cc054d02-e0b9-4b6a-a83d-1a33931e3570_M13581_D+Camalot+Z4+IS-WEB.pdf\" target=\"_blank\" rel=\"noopener\">Bedienungsanleitung<\/a><\/li>\n<\/ul>\n<table width=\"483\">\n<tbody>\n<tr>\n<td style=\"text-align: center;\" colspan=\"5\" width=\"483\"><span style=\"font-size: 110%;\"><strong>\u00dcbersicht Z4 Offsets<\/strong><\/span><\/td>\n<\/tr>\n<tr>\n<td style=\"text-align: center;\"><strong>Gr\u00f6\u00dfe<\/strong><\/td>\n<td style=\"text-align: center;\"><strong>Farbe<\/strong><\/td>\n<td style=\"text-align: center;\"><strong>\u00a0Gewicht \/ Gramm<\/strong><\/td>\n<td style=\"text-align: center;\"><strong>Rissbreite mm<\/strong><\/td>\n<td style=\"text-align: center;\"><strong>Bruchlast kN<\/strong><\/td>\n<\/tr>\n<tr>\n<td style=\"text-align: center;\">.1 &#8211; .2<\/td>\n<td style=\"text-align: center;\">rot-gelb<\/td>\n<td style=\"text-align: center;\">45<\/td>\n<td style=\"text-align: center;\">10,4 &#8211; 16,3<\/td>\n<td style=\"text-align: center;\">5<\/td>\n<\/tr>\n<tr>\n<td style=\"text-align: center;\">.2 &#8211; .3<\/td>\n<td style=\"text-align: center;\">gelb &#8211; blau<\/td>\n<td style=\"text-align: center;\">48<\/td>\n<td style=\"text-align: center;\">12,5 &#8211; 19,6<\/td>\n<td style=\"text-align: center;\">6<\/td>\n<\/tr>\n<tr>\n<td style=\"text-align: center;\">.3 &#8211; .4<\/td>\n<td style=\"text-align: center;\">blau &#8211; grau<\/td>\n<td style=\"text-align: center;\">56<\/td>\n<td style=\"text-align: center;\">15,2 &#8211; 26,9<\/td>\n<td style=\"text-align: center;\">8<\/td>\n<\/tr>\n<tr>\n<td style=\"text-align: center;\">.4 &#8211; 0.5<\/td>\n<td style=\"text-align: center;\">grau &#8211; violett<\/td>\n<td style=\"text-align: center;\">64<\/td>\n<td style=\"text-align: center;\">18,8 &#8211; 33,3<\/td>\n<td style=\"text-align: center;\">9<\/td>\n<\/tr>\n<tr>\n<td style=\"text-align: center;\">.5 &#8211; .75<\/td>\n<td style=\"text-align: center;\">violett &#8211; gr\u00fcn<\/td>\n<td style=\"text-align: center;\">80<\/td>\n<td style=\"text-align: center;\">23,2 &#8211; 40,8<\/td>\n<td style=\"text-align: center;\">10<\/td>\n<\/tr>\n<\/tbody>\n<\/table>\n<h3>Offset f\u00fcr Trad und Techno<\/h3>\n<p>Offset bedeutet im Bezug auf Klemmger\u00e4te unterschiedlich gro\u00dfe Klemmnocken Paare. D.h. auf einer Seite sind sie kleiner, und folglich auf der anderen Seite gr\u00f6\u00dfer.<\/p>\n<p>Damit kann man Modelle wie eben die Z4 Offset Cams in Risse legen, die trichterf\u00f6rmig sind. Man spricht dann von sogenannten &#8220;flares&#8221;. V-f\u00f6rmige, trichterartige Rissspuren von alten Felshaken Placements, bezeichnet man als &#8220;pin scars&#8221;.<\/p>\n<p>Folglich sind diese Friends etwas f\u00fcr Techno Kletterer und Trad Kletterer. &#8220;Normale&#8221; Kletterer, welche nur ab und zu einen Cam legen, werden mit diesem speziellen Friend wenig Freude haben.<\/p>\n<p>Ihnen empfehlen wir die normalen <a href=\"https:\/\/bolting.eu\/shop\/black-diamond-camalots\/\">C4\u00b4s<\/a> bzw. die normalen <a href=\"https:\/\/bolting.eu\/shop\/black-diamond-z4\/\">Z\u00b44<\/a>s.<\/p>\n<h3>Waschen &amp; Schmieren<\/h3>\n<p>Kleine Friends reagieren sensibler auf Schmutzung. D.h. die Z4 Offset von Black Diamond k\u00f6nnen leichter \u201estecken\u201c bleiben, wenn man sie nicht regelm\u00e4\u00dfig wartet.<\/p>\n<p>Wie das geht?<\/p>\n<p>Einfach mit lauwarmen Wasser aussp\u00fclen und im Schatten gut trocknen lassen. Dann mit einem\u00a0<a href=\"https:\/\/bolting.eu\/shop\/kong-kletterausruestung-pflegeoel\/\">Karabiner Pflege\u00f6l<\/a>\u00a0oder dem\u00a0<a href=\"https:\/\/bolting.eu\/shop\/metolius-cam-lube\/\">Metolius Cam Lube<\/a>\u00a0die Achsen schmieren. Fertig!<\/p>\n<h4><strong>Black Diamond Z4 Offset Praxis Tipp<\/strong><\/h4>\n<p>Wir empfehlen euch f\u00fcr diese Cams kleine und leichte Karabiner!<\/p>\n<p>Original von BD gibt es bei uns einzeln die MiniWire sowie die LiteWire Schnappkarabiner zu kaufen. Alternativ haben wir aber auch die entsprechenden Sets, d.h. den <a href=\"https:\/\/bolting.eu\/shop\/black-diamond-miniwire-rackpack\/\">MiniWire RackPack<\/a> und den <a href=\"https:\/\/bolting.eu\/shop\/black-diamond-litewire-rackpack\/\">LiteWire Rackpack<\/a> im Sortiment.<\/p>\n","protected":false},"excerpt":{"rendered":"<p>Friend mit schmalem und kurzem Kopf f\u00fcr kleinste Risspuren. <strong>Die Klemmnocken Paare sind unterschiedlich gro\u00df, also &#8220;offset&#8221;.<\/strong><\/p>\n<p>Somit ideal f\u00fcr breiter werdende Risse = &#8220;flares&#8221; und &#8220;pin scars&#8221;. Ein absolutes &#8220;Muss&#8221; f\u00fcr alle Techno Kletterer und Trad Fanaten!<\/p>\n<p>Versandkostenfrei bis 2kg in <img decoding=\"async\" class=\"emoji\" role=\"img\" draggable=\"false\" src=\"https:\/\/s.w.org\/images\/core\/emoji\/14.0.0\/svg\/1f1e6-1f1f9.svg\" alt=\"\ud83c\udde6\ud83c\uddf9\" \/> ab \u20ac 100,- und <img decoding=\"async\" class=\"emoji\" role=\"img\" draggable=\"false\" src=\"https:\/\/s.w.org\/images\/core\/emoji\/14.0.0\/svg\/1f1e9-1f1ea.svg\" alt=\"\ud83c\udde9\ud83c\uddea\" \/> ab \u20ac 200,-!<\/p>\n","protected":false},"featured_media":13499,"comment_status":"closed","ping_status":"closed","template":"","meta":[],"product_brand":[],"product_cat":[29,39,4658,14319],"product_tag":[],"class_list":{"0":"post-13498","1":"product","2":"type-product","3":"status-publish","4":"has-post-thumbnail","6":"product_cat-kletterausruestung","7":"product_cat-klemmgeraete-friends","8":"product_cat-black-diamond","9":"product_cat-sale-klettern","11":"first","12":"instock","13":"sale","14":"taxable","15":"shipping-taxable","16":"purchasable","17":"product-type-variable"},"yoast_head":"<!-- This site is optimized with the Yoast SEO Premium plugin v26.9 (Yoast SEO v26.9) - https:\/\/yoast.com\/product\/yoast-seo-premium-wordpress\/ -->\n<title>Black Diamond Z4 Offset - f\u00fcr Trad &amp; Techno Klettern | bolting.eu<\/title>\n<meta name=\"description\" content=\"BLACK DIAMOND Z4 OFFSET Friends f\u00fcr Techno und Trad Klettern \u2705 versandkostenfrei* \u2705 14 Tage R\u00fcckgaberecht \u2705 Co2 neutrale Zustellung\" \/>\n<meta name=\"robots\" content=\"index, follow, max-snippet:-1, max-image-preview:large, max-video-preview:-1\" \/>\n<link rel=\"canonical\" href=\"https:\/\/bolting.eu\/en\/shop\/black-diamond-z4-offset\/\" \/>\n<meta property=\"og:locale\" content=\"en_US\" \/>\n<meta property=\"og:type\" content=\"article\" \/>\n<meta property=\"og:title\" content=\"Black Diamond Z4 Offset\" \/>\n<meta property=\"og:description\" content=\"BLACK DIAMOND Z4 OFFSET Friends f\u00fcr Techno und Trad Klettern \u2705 versandkostenfrei* \u2705 14 Tage R\u00fcckgaberecht \u2705 Co2 neutrale Zustellung\" \/>\n<meta property=\"og:url\" content=\"https:\/\/bolting.eu\/en\/shop\/black-diamond-z4-offset\/\" \/>\n<meta property=\"og:site_name\" content=\"bolting.eu\" \/>\n<meta property=\"article:publisher\" content=\"https:\/\/www.facebook.com\/bolting.eu\" \/>\n<meta property=\"article:modified_time\" content=\"2026-02-04T14:14:59+00:00\" \/>\n<meta property=\"og:image\" content=\"https:\/\/bolting.eu\/wp-content\/uploads\/2022\/10\/BD-Z4-offset-6.jpg\" \/>\n\t<meta property=\"og:image:width\" content=\"700\" \/>\n\t<meta property=\"og:image:height\" content=\"700\" \/>\n\t<meta property=\"og:image:type\" content=\"image\/jpeg\" \/>\n<meta name=\"twitter:card\" content=\"summary_large_image\" \/>\n<meta name=\"twitter:label1\" content=\"Availability\" \/>\n\t<meta name=\"twitter:data1\" content=\"In stock\" \/>\n<script type=\"application\/ld+json\" class=\"yoast-schema-graph\">{\"@context\":\"https:\/\/schema.org\",\"@graph\":[{\"@type\":[\"WebPage\",\"ItemPage\"],\"@id\":\"https:\/\/bolting.eu\/en\/shop\/black-diamond-z4-offset\/\",\"url\":\"https:\/\/bolting.eu\/en\/shop\/black-diamond-z4-offset\/\",\"name\":\"Black Diamond Z4 Offset - f\u00fcr Trad & Techno Klettern | bolting.eu\",\"isPartOf\":{\"@id\":\"https:\/\/bolting.eu\/en\/#website\"},\"primaryImageOfPage\":{\"@id\":\"https:\/\/bolting.eu\/en\/shop\/black-diamond-z4-offset\/#primaryimage\"},\"image\":{\"@id\":\"https:\/\/bolting.eu\/en\/shop\/black-diamond-z4-offset\/#primaryimage\"},\"thumbnailUrl\":\"https:\/\/bolting.eu\/wp-content\/uploads\/2022\/10\/BD-Z4-offset-6.jpg\",\"datePublished\":\"2022-10-13T09:25:14+00:00\",\"dateModified\":\"2026-02-04T14:14:59+00:00\",\"description\":\"BLACK DIAMOND Z4 OFFSET Friends f\u00fcr Techno und Trad Klettern \u2705 versandkostenfrei* \u2705 14 Tage R\u00fcckgaberecht \u2705 Co2 neutrale Zustellung\",\"breadcrumb\":{\"@id\":\"https:\/\/bolting.eu\/en\/shop\/black-diamond-z4-offset\/#breadcrumb\"},\"inLanguage\":\"en-US\",\"potentialAction\":[{\"@type\":\"ReadAction\",\"target\":[\"https:\/\/bolting.eu\/en\/shop\/black-diamond-z4-offset\/\"]}]},{\"@type\":\"ImageObject\",\"inLanguage\":\"en-US\",\"@id\":\"https:\/\/bolting.eu\/en\/shop\/black-diamond-z4-offset\/#primaryimage\",\"url\":\"https:\/\/bolting.eu\/wp-content\/uploads\/2022\/10\/BD-Z4-offset-6.jpg\",\"contentUrl\":\"https:\/\/bolting.eu\/wp-content\/uploads\/2022\/10\/BD-Z4-offset-6.jpg\",\"width\":700,\"height\":700},{\"@type\":\"BreadcrumbList\",\"@id\":\"https:\/\/bolting.eu\/en\/shop\/black-diamond-z4-offset\/#breadcrumb\",\"itemListElement\":[{\"@type\":\"ListItem\",\"position\":1,\"name\":\"Shop\",\"item\":\"https:\/\/bolting.eu\/en\/shop\/\"},{\"@type\":\"ListItem\",\"position\":2,\"name\":\"climbing equipment\",\"item\":\"https:\/\/bolting.eu\/en\/produkt-kategorie\/climbing-equipment\/\"},{\"@type\":\"ListItem\",\"position\":3,\"name\":\"Klemmger\u00e4te - Friends\",\"item\":\"https:\/\/bolting.eu\/produkt-kategorie\/kletterausruestung\/klemmgeraete-friends\/\"},{\"@type\":\"ListItem\",\"position\":4,\"name\":\"Black Diamond Z4 Offset\"}]},{\"@type\":\"WebSite\",\"@id\":\"https:\/\/bolting.eu\/en\/#website\",\"url\":\"https:\/\/bolting.eu\/en\/\",\"name\":\"bolting.eu\",\"description\":\"we make climbs happen\",\"publisher\":{\"@id\":\"https:\/\/bolting.eu\/en\/#organization\"},\"potentialAction\":[{\"@type\":\"SearchAction\",\"target\":{\"@type\":\"EntryPoint\",\"urlTemplate\":\"https:\/\/bolting.eu\/en\/?s={search_term_string}\"},\"query-input\":{\"@type\":\"PropertyValueSpecification\",\"valueRequired\":true,\"valueName\":\"search_term_string\"}}],\"inLanguage\":\"en-US\"},{\"@type\":[\"Organization\",\"Place\",\"SportingGoodsStore\"],\"@id\":\"https:\/\/bolting.eu\/en\/#organization\",\"name\":\"bolting.eu\",\"url\":\"https:\/\/bolting.eu\/en\/\",\"logo\":{\"@id\":\"https:\/\/bolting.eu\/en\/shop\/black-diamond-z4-offset\/#local-main-organization-logo\"},\"image\":{\"@id\":\"https:\/\/bolting.eu\/en\/shop\/black-diamond-z4-offset\/#local-main-organization-logo\"},\"sameAs\":[\"https:\/\/www.facebook.com\/bolting.eu\",\"https:\/\/www.instagram.com\/bolting.eu\/\"],\"address\":{\"@id\":\"https:\/\/bolting.eu\/en\/shop\/black-diamond-z4-offset\/#local-main-place-address\"},\"geo\":{\"@type\":\"GeoCoordinates\",\"latitude\":\"47.264176340396226\",\"longitude\":\"11.380109057672346\"},\"telephone\":[\"+43 699 19083372\"],\"openingHoursSpecification\":[{\"@type\":\"OpeningHoursSpecification\",\"dayOfWeek\":[\"Monday\",\"Wednesday\",\"Friday\"],\"opens\":\"14:00\",\"closes\":\"18:00\"},{\"@type\":\"OpeningHoursSpecification\",\"dayOfWeek\":[\"Tuesday\",\"Thursday\",\"Saturday\",\"Sunday\"],\"opens\":\"00:00\",\"closes\":\"00:00\"}],\"email\":\"office@bolting.eu\",\"vatID\":\"ATU59999728\",\"priceRange\":\"$$\",\"currenciesAccepted\":\"Euro\"},{\"@type\":\"PostalAddress\",\"@id\":\"https:\/\/bolting.eu\/en\/shop\/black-diamond-z4-offset\/#local-main-place-address\",\"streetAddress\":\"Fischnalerstra\u00dfe 4\",\"addressLocality\":\"Innsbruck\",\"postalCode\":\"6020\",\"addressRegion\":\"Tirol\",\"addressCountry\":\"AT\"},{\"@type\":\"ImageObject\",\"inLanguage\":\"en-US\",\"@id\":\"https:\/\/bolting.eu\/en\/shop\/black-diamond-z4-offset\/#local-main-organization-logo\",\"url\":\"https:\/\/bolting.eu\/wp-content\/uploads\/2019\/09\/bolting-logo.png\",\"contentUrl\":\"https:\/\/bolting.eu\/wp-content\/uploads\/2019\/09\/bolting-logo.png\",\"width\":400,\"height\":211,\"caption\":\"bolting.eu\"}]}<\/script>\n<meta property=\"og:availability\" content=\"instock\" \/>\n<meta property=\"product:availability\" content=\"instock\" \/>\n<meta property=\"product:condition\" content=\"new\" \/>\n<meta name=\"geo.placename\" content=\"Innsbruck\" \/>\n<meta name=\"geo.position\" content=\"47.264176340396226;11.380109057672346\" \/>\n<meta name=\"geo.region\" content=\"Austria\" \/>\n<!-- \/ Yoast SEO Premium plugin. -->","yoast_head_json":{"title":"Black Diamond Z4 Offset - f\u00fcr Trad & Techno Klettern | bolting.eu","description":"BLACK DIAMOND Z4 OFFSET Friends f\u00fcr Techno und Trad Klettern \u2705 versandkostenfrei* \u2705 14 Tage R\u00fcckgaberecht \u2705 Co2 neutrale Zustellung","robots":{"index":"index","follow":"follow","max-snippet":"max-snippet:-1","max-image-preview":"max-image-preview:large","max-video-preview":"max-video-preview:-1"},"canonical":"https:\/\/bolting.eu\/en\/shop\/black-diamond-z4-offset\/","og_locale":"en_US","og_type":"article","og_title":"Black Diamond Z4 Offset","og_description":"BLACK DIAMOND Z4 OFFSET Friends f\u00fcr Techno und Trad Klettern \u2705 versandkostenfrei* \u2705 14 Tage R\u00fcckgaberecht \u2705 Co2 neutrale Zustellung","og_url":"https:\/\/bolting.eu\/en\/shop\/black-diamond-z4-offset\/","og_site_name":"bolting.eu","article_publisher":"https:\/\/www.facebook.com\/bolting.eu","article_modified_time":"2026-02-04T14:14:59+00:00","og_image":[{"width":700,"height":700,"url":"https:\/\/bolting.eu\/wp-content\/uploads\/2022\/10\/BD-Z4-offset-6.jpg","type":"image\/jpeg"}],"twitter_card":"summary_large_image","twitter_misc":{"Availability":"In stock"},"schema":{"@context":"https:\/\/schema.org","@graph":[{"@type":["WebPage","ItemPage"],"@id":"https:\/\/bolting.eu\/en\/shop\/black-diamond-z4-offset\/","url":"https:\/\/bolting.eu\/en\/shop\/black-diamond-z4-offset\/","name":"Black Diamond Z4 Offset - f\u00fcr Trad & Techno Klettern | bolting.eu","isPartOf":{"@id":"https:\/\/bolting.eu\/en\/#website"},"primaryImageOfPage":{"@id":"https:\/\/bolting.eu\/en\/shop\/black-diamond-z4-offset\/#primaryimage"},"image":{"@id":"https:\/\/bolting.eu\/en\/shop\/black-diamond-z4-offset\/#primaryimage"},"thumbnailUrl":"https:\/\/bolting.eu\/wp-content\/uploads\/2022\/10\/BD-Z4-offset-6.jpg","datePublished":"2022-10-13T09:25:14+00:00","dateModified":"2026-02-04T14:14:59+00:00","description":"BLACK DIAMOND Z4 OFFSET Friends f\u00fcr Techno und Trad Klettern \u2705 versandkostenfrei* \u2705 14 Tage R\u00fcckgaberecht \u2705 Co2 neutrale Zustellung","breadcrumb":{"@id":"https:\/\/bolting.eu\/en\/shop\/black-diamond-z4-offset\/#breadcrumb"},"inLanguage":"en-US","potentialAction":[{"@type":"ReadAction","target":["https:\/\/bolting.eu\/en\/shop\/black-diamond-z4-offset\/"]}]},{"@type":"ImageObject","inLanguage":"en-US","@id":"https:\/\/bolting.eu\/en\/shop\/black-diamond-z4-offset\/#primaryimage","url":"https:\/\/bolting.eu\/wp-content\/uploads\/2022\/10\/BD-Z4-offset-6.jpg","contentUrl":"https:\/\/bolting.eu\/wp-content\/uploads\/2022\/10\/BD-Z4-offset-6.jpg","width":700,"height":700},{"@type":"BreadcrumbList","@id":"https:\/\/bolting.eu\/en\/shop\/black-diamond-z4-offset\/#breadcrumb","itemListElement":[{"@type":"ListItem","position":1,"name":"Shop","item":"https:\/\/bolting.eu\/en\/shop\/"},{"@type":"ListItem","position":2,"name":"climbing equipment","item":"https:\/\/bolting.eu\/en\/produkt-kategorie\/climbing-equipment\/"},{"@type":"ListItem","position":3,"name":"Klemmger\u00e4te - Friends","item":"https:\/\/bolting.eu\/produkt-kategorie\/kletterausruestung\/klemmgeraete-friends\/"},{"@type":"ListItem","position":4,"name":"Black Diamond Z4 Offset"}]},{"@type":"WebSite","@id":"https:\/\/bolting.eu\/en\/#website","url":"https:\/\/bolting.eu\/en\/","name":"bolting.eu","description":"we make climbs happen","publisher":{"@id":"https:\/\/bolting.eu\/en\/#organization"},"potentialAction":[{"@type":"SearchAction","target":{"@type":"EntryPoint","urlTemplate":"https:\/\/bolting.eu\/en\/?s={search_term_string}"},"query-input":{"@type":"PropertyValueSpecification","valueRequired":true,"valueName":"search_term_string"}}],"inLanguage":"en-US"},{"@type":["Organization","Place","SportingGoodsStore"],"@id":"https:\/\/bolting.eu\/en\/#organization","name":"bolting.eu","url":"https:\/\/bolting.eu\/en\/","logo":{"@id":"https:\/\/bolting.eu\/en\/shop\/black-diamond-z4-offset\/#local-main-organization-logo"},"image":{"@id":"https:\/\/bolting.eu\/en\/shop\/black-diamond-z4-offset\/#local-main-organization-logo"},"sameAs":["https:\/\/www.facebook.com\/bolting.eu","https:\/\/www.instagram.com\/bolting.eu\/"],"address":{"@id":"https:\/\/bolting.eu\/en\/shop\/black-diamond-z4-offset\/#local-main-place-address"},"geo":{"@type":"GeoCoordinates","latitude":"47.264176340396226","longitude":"11.380109057672346"},"telephone":["+43 699 19083372"],"openingHoursSpecification":[{"@type":"OpeningHoursSpecification","dayOfWeek":["Monday","Wednesday","Friday"],"opens":"14:00","closes":"18:00"},{"@type":"OpeningHoursSpecification","dayOfWeek":["Tuesday","Thursday","Saturday","Sunday"],"opens":"00:00","closes":"00:00"}],"email":"office@bolting.eu","vatID":"ATU59999728","priceRange":"$$","currenciesAccepted":"Euro"},{"@type":"PostalAddress","@id":"https:\/\/bolting.eu\/en\/shop\/black-diamond-z4-offset\/#local-main-place-address","streetAddress":"Fischnalerstra\u00dfe 4","addressLocality":"Innsbruck","postalCode":"6020","addressRegion":"Tirol","addressCountry":"AT"},{"@type":"ImageObject","inLanguage":"en-US","@id":"https:\/\/bolting.eu\/en\/shop\/black-diamond-z4-offset\/#local-main-organization-logo","url":"https:\/\/bolting.eu\/wp-content\/uploads\/2019\/09\/bolting-logo.png","contentUrl":"https:\/\/bolting.eu\/wp-content\/uploads\/2019\/09\/bolting-logo.png","width":400,"height":211,"caption":"bolting.eu"}]},"og_availability":"instock","product_availability":"instock","product_condition":"new","geo.placename":"Innsbruck","geo.position":{"lat":"47.264176340396226","long":"11.380109057672346"},"geo.region":"Austria"},"_links":{"self":[{"href":"https:\/\/bolting.eu\/en\/wp-json\/wp\/v2\/product\/13498","targetHints":{"allow":["GET"]}}],"collection":[{"href":"https:\/\/bolting.eu\/en\/wp-json\/wp\/v2\/product"}],"about":[{"href":"https:\/\/bolting.eu\/en\/wp-json\/wp\/v2\/types\/product"}],"replies":[{"embeddable":true,"href":"https:\/\/bolting.eu\/en\/wp-json\/wp\/v2\/comments?post=13498"}],"wp:featuredmedia":[{"embeddable":true,"href":"https:\/\/bolting.eu\/en\/wp-json\/wp\/v2\/media\/13499"}],"wp:attachment":[{"href":"https:\/\/bolting.eu\/en\/wp-json\/wp\/v2\/media?parent=13498"}],"wp:term":[{"taxonomy":"product_brand","embeddable":true,"href":"https:\/\/bolting.eu\/en\/wp-json\/wp\/v2\/product_brand?post=13498"},{"taxonomy":"product_cat","embeddable":true,"href":"https:\/\/bolting.eu\/en\/wp-json\/wp\/v2\/product_cat?post=13498"},{"taxonomy":"product_tag","embeddable":true,"href":"https:\/\/bolting.eu\/en\/wp-json\/wp\/v2\/product_tag?post=13498"}],"curies":[{"name":"wp","href":"https:\/\/api.w.org\/{rel}","templated":true}]}}