{"id":13482,"date":"2022-10-13T10:26:51","date_gmt":"2022-10-13T08:26:51","guid":{"rendered":"https:\/\/bolting.eu\/?post_type=product&#038;p=13482"},"modified":"2026-03-16T11:02:39","modified_gmt":"2026-03-16T10:02:39","slug":"black-diamond-z4","status":"publish","type":"product","link":"https:\/\/bolting.eu\/en\/shop\/black-diamond-z4\/","title":{"rendered":"Black Diamond Z4"},"content":{"rendered":"<p>Die Black Diamond Z4 Klemmger\u00e4te sind eine super Erg\u00e4nzung zu &#8220;normalen&#8221; <a href=\"https:\/\/bolting.eu\/produkt-kategorie\/kletterausruestung\/klemmgeraete-friends\/\">Klemmger\u00e4ten &#8211; Friends<\/a>. Denn dieser Modelltyp ist f\u00fcr eine ganz andere Art von Placement gebaut.<\/p>\n<p>N\u00e4mlich zum einen f\u00fcr sehr schmale bis schmale Risse. Und zum anderen f\u00fcr sehr kleine Riss \u00d6ffnungen. D.h. Stellen, wo sich geschlossene Risse f\u00fcr wenige Zentimeter &#8220;kurz&#8221; \u00f6ffnen.<\/p>\n<p>Und genau f\u00fcr diese Anwendungen gibt es die Z4\u00b4s!<\/p>\n<p>Hierf\u00fcr wurden sie mit einer neuen Art von &#8220;RigidFlex&#8221; Mittelsteg ausgestattet. Dieser wird beim Legen &#8220;steif&#8221;, damit man die tricky Placements gut &#8220;hineinfuddeln&#8221; kann. L\u00e4sst man den Trigger los, wird der Steg sch\u00f6n elastisch.<\/p>\n<p>Und damit die K\u00f6pfe auch in die kleinen Rissspuren passen, sind diese gegen\u00fcber den &#8220;normalen&#8221; <a href=\"https:\/\/bolting.eu\/shop\/black-diamond-camalots\/\">Camalots<\/a> deutlich verkleinert. So passen sie auch in sehr kleine Riss \u00d6ffnungen.<\/p>\n<p>Wie bei den <a href=\"https:\/\/bolting.eu\/produkt-kategorie\/klemmkeile\/\">Klemmkeilen<\/a> oder <a href=\"https:\/\/bolting.eu\/produkt-kategorie\/einbohrartikel\/felshaken-normalhaken\/\">Felshaken<\/a> gilt auch f\u00fcr die Klemmger\u00e4te. Spezifische Kletterstile ben\u00f6tigen das richtige Material. Wenn Trad und Techno dein Ding sind, dann bist du hier richtig!<\/p>\n<h2>Eigenschaften Black Diamond Z4<\/h2>\n<ul>\n<li>Hersteller: Black Diamond<\/li>\n<li>Material: Alu, Stahlkabel, Kunststoff, Dynex<\/li>\n<li>Gr\u00f6\u00dfen: 7 Gr\u00f6\u00dfen\u00a0 von # 0 bis # 0,75<\/li>\n<li>kleiner schmaler Kopf<\/li>\n<li>patentierter &#8220;RigidFlex&#8221; Mittelsteg, ist beim Legen &#8220;steif&#8221;<\/li>\n<li>Steg wird nach dem Legen &#8220;weich&#8221;<\/li>\n<li>Dynex Schlinge mit Farbcode<\/li>\n<li>einfache Kabelkonstruktion bei kleinen Cams f\u00fcr wenig Gewicht<\/li>\n<li>zweifach verdrehte Kabelkonstruktion bei gr\u00f6\u00dferen Cams f\u00fcr optimalen Flex<\/li>\n<li>sandgestrahlte Klemmnocken f\u00fcr besseren Halt<\/li>\n<li>idealer Karabiner: <a href=\"https:\/\/bolting.eu\/shop\/black-diamond-litewire-carabiner\/\">LiteWire<\/a> oder <a href=\"https:\/\/bolting.eu\/shop\/black-diamond-miniwire-carabiner\/\">MiniWire<\/a> Karabiner<\/li>\n<li><a href=\"https:\/\/blackdiamond-web.cdn.prismic.io\/blackdiamond-web\/cc054d02-e0b9-4b6a-a83d-1a33931e3570_M13581_D+Camalot+Z4+IS-WEB.pdf\" target=\"_blank\" rel=\"noopener\">Bedienungsanleitung<\/a><\/li>\n<\/ul>\n<table width=\"396\">\n<tbody>\n<tr>\n<td style=\"text-align: center;\" colspan=\"4\" width=\"396\"><strong><span style=\"font-size: 110%;\">\u00dcbersicht Z4\u00b4s<\/span><\/strong><\/td>\n<\/tr>\n<tr>\n<td style=\"text-align: center;\"><strong>Gr\u00f6\u00dfe<\/strong><\/td>\n<td style=\"text-align: center;\"><strong>Farbe<\/strong><\/td>\n<td style=\"text-align: center;\"><strong>\u00a0Gewicht \/ Gramm<\/strong><\/td>\n<td style=\"text-align: center;\"><strong>Rissbreite mm<\/strong><\/td>\n<\/tr>\n<tr>\n<td style=\"text-align: center;\">.0<\/td>\n<td style=\"text-align: center;\">gr\u00fcn<\/td>\n<td style=\"text-align: center;\">43<\/td>\n<td style=\"text-align: center;\">7,5 &#8211; 11,8<\/td>\n<\/tr>\n<tr>\n<td style=\"text-align: center;\">.1<\/td>\n<td style=\"text-align: center;\">rot<\/td>\n<td style=\"text-align: center;\">45<\/td>\n<td style=\"text-align: center;\">8,8 &#8211; 13,8<\/td>\n<\/tr>\n<tr>\n<td style=\"text-align: center;\">.2<\/td>\n<td style=\"text-align: center;\">gelb<\/td>\n<td style=\"text-align: center;\">48<\/td>\n<td style=\"text-align: center;\">10,4 &#8211; 16,3<\/td>\n<\/tr>\n<tr>\n<td style=\"text-align: center;\">.3<\/td>\n<td style=\"text-align: center;\">blau<\/td>\n<td style=\"text-align: center;\">54<\/td>\n<td style=\"text-align: center;\">12,4 &#8211; 22,6<\/td>\n<\/tr>\n<tr>\n<td style=\"text-align: center;\">.4<\/td>\n<td style=\"text-align: center;\">grau<\/td>\n<td style=\"text-align: center;\">61<\/td>\n<td style=\"text-align: center;\">15,3 &#8211; 27,7<\/td>\n<\/tr>\n<tr>\n<td style=\"text-align: center;\">.5<\/td>\n<td style=\"text-align: center;\">violett<\/td>\n<td style=\"text-align: center;\">77<\/td>\n<td style=\"text-align: center;\">18,8 &#8211; 33,9<\/td>\n<\/tr>\n<tr>\n<td style=\"text-align: center;\">.75<\/td>\n<td style=\"text-align: center;\">gr\u00fcn<\/td>\n<td style=\"text-align: center;\">93<\/td>\n<td style=\"text-align: center;\">23,1 &#8211; 42,1<\/td>\n<\/tr>\n<\/tbody>\n<\/table>\n<h3>Gemacht f\u00fcr Trad und Techno!<\/h3>\n<p>Die Z4 von Black Diamond sind speziell f\u00fcr das Trad Klettern gemacht bzw. das Techno Klettern.<\/p>\n<p>Denn bei diesen beiden Disziplinen reichen die &#8220;gro\u00dfen&#8221; Standard Klemmger\u00e4te nicht aus. Denn diese sind bei den\u00a0 vielen &#8220;komplizierten&#8221; Placements nicht ideal.<\/p>\n<p>Wie z.B. sehr kleine Placements wo gr\u00f6\u00dfere Friends gar nicht hinein passen. Oder aber auch sehr kleine Rissspuren, in welche man die Cams fest hineindr\u00fccken muss.<\/p>\n<p>Wie bereits erw\u00e4hnt l\u00f6sen die Z4\u00b4s diese beiden Anforderungen ganz hervorragend.<\/p>\n<p>Erstens durch die kleinen Gr\u00f6\u00dfen und schmalen K\u00f6pfe. Zweitens durch den &#8220;RigidFlex&#8221; Steg. Folglich ist man hier eben richtig, wenn Trad oder Techno euer Ding ist!<\/p>\n<p>Alternativ kannst du dir auch die <a href=\"https:\/\/bolting.eu\/shop\/alien-cams-revolution\/\">Aliens Cams Revolution<\/a>, die <a href=\"https:\/\/bolting.eu\/shop\/wild-country-zero-friends\/\">Wild Country Zero Friends<\/a> oder die <a href=\"https:\/\/bolting.eu\/shop\/totem-cams-klemmgeraete\/\">Totem Cams<\/a> anschauen!<\/p>\n<h3>Produktvideo<\/h3>\n<p>Im Folgenden Video stellt euch BD die Cams selber vor. Was dabei super heraus kommt, das sind die Vorteile des RigidFlex Stegs.<\/p>\n<p><iframe loading=\"lazy\" title=\"The Black Diamond Camalot Z4\" width=\"1020\" height=\"574\" src=\"https:\/\/www.youtube.com\/embed\/OL0t9CuXX48?feature=oembed\" frameborder=\"0\" allow=\"accelerometer; autoplay; clipboard-write; encrypted-media; gyroscope; picture-in-picture; web-share\" referrerpolicy=\"strict-origin-when-cross-origin\" allowfullscreen><\/iframe><\/p>\n<h3>Regelm\u00e4\u00dfige Wartung<\/h3>\n<p>Sehr kleine Klemmger\u00e4te sind sensibler auf Verschmutzung. D.h. die Z4 Cams von Black Diamond k\u00f6nnen leichter &#8220;stecken&#8221; bleiben, wenn man sie nicht regelm\u00e4\u00dfig wartet.<\/p>\n<p>Wir geht das?<\/p>\n<p>Einfach mit lauwarmen Wasser aussp\u00fclen und im Schatten gut trocknen lassen. Dann mit einem <a href=\"https:\/\/bolting.eu\/shop\/kong-kletterausruestung-pflegeoel\/\">Karabiner Pflege\u00f6l<\/a> die Achsen schmieren. Fertig!<\/p>\n<h4><strong>Black Diamond Z4 Praxis Tipp<\/strong><\/h4>\n<p>Wir empfehlen euch f\u00fcr diese Cams kleine und leichte Karabiner!<\/p>\n<p>Original von BD gibt es bei uns einzeln die <a href=\"https:\/\/bolting.eu\/shop\/black-diamond-miniwire-carabiner\/\">MiniWire<\/a> sowie die <a href=\"https:\/\/bolting.eu\/shop\/black-diamond-litewire-carabiner\/\">LiteWire<\/a> Schnappkarabiner zu kaufen. Alternativ haben wir aber auch die entsprechenden Sets, d.h. den MiniWire RackPack und den LiteWire Rackpack im Sortiment.<\/p>\n","protected":false},"excerpt":{"rendered":"<p>Klemmger\u00e4t in sieben Gr\u00f6\u00dfen <strong>zum Trad Klettern und f\u00fcr Techno Routen<\/strong>.<\/p>\n<p>Ein<strong>\u00a0kleiner Kopf<\/strong> <strong>f\u00fcr kleine Placements<\/strong> und der <strong>&#8220;RigidFlex&#8221; Steg<\/strong> zeichnen dieses Modell aus. Beim <strong>Legen ist dieser zuerst steif<\/strong>, was das Hineindr\u00fccken in kleine Rissspuren enorm erleichtert. Beim Loslassen des Triggers wird er dann weich und <strong>verhindert das &#8220;Wandern&#8221;<\/strong> der Cams.<\/p>\n<p>Versandkostenfrei bis 2kg in <img decoding=\"async\" class=\"emoji\" role=\"img\" draggable=\"false\" src=\"https:\/\/s.w.org\/images\/core\/emoji\/14.0.0\/svg\/1f1e6-1f1f9.svg\" alt=\"\ud83c\udde6\ud83c\uddf9\" \/> ab \u20ac 100,- und <img decoding=\"async\" class=\"emoji\" role=\"img\" draggable=\"false\" src=\"https:\/\/s.w.org\/images\/core\/emoji\/14.0.0\/svg\/1f1e9-1f1ea.svg\" alt=\"\ud83c\udde9\ud83c\uddea\" \/> ab \u20ac 200,-!<\/p>\n","protected":false},"featured_media":13490,"comment_status":"closed","ping_status":"closed","template":"","meta":[],"product_brand":[],"product_cat":[4658,39,29,14319],"product_tag":[],"class_list":{"0":"post-13482","1":"product","2":"type-product","3":"status-publish","4":"has-post-thumbnail","6":"product_cat-black-diamond","7":"product_cat-klemmgeraete-friends","8":"product_cat-kletterausruestung","9":"product_cat-sale-klettern","11":"first","12":"instock","13":"sale","14":"taxable","15":"shipping-taxable","16":"purchasable","17":"product-type-variable"},"yoast_head":"<!-- This site is optimized with the Yoast SEO Premium plugin v26.9 (Yoast SEO v26.9) - https:\/\/yoast.com\/product\/yoast-seo-premium-wordpress\/ -->\n<title>Black Diamond Z4 - Friends f\u00fcr Trad &amp; Techno Klettern | bolting.eu<\/title>\n<meta name=\"description\" content=\"BLACK DIAMOND Z4 - Friends beim Kletter Hardware Profi aus Innsbruck kaufen \u2705 versandkostenfrei* \u2705 14 Tage R\u00fcckgaberecht \u2705 Co2 neutrale Zustellung\" \/>\n<meta name=\"robots\" content=\"index, follow, max-snippet:-1, max-image-preview:large, max-video-preview:-1\" \/>\n<link rel=\"canonical\" href=\"https:\/\/bolting.eu\/en\/shop\/black-diamond-z4\/\" \/>\n<meta property=\"og:locale\" content=\"en_US\" \/>\n<meta property=\"og:type\" content=\"article\" \/>\n<meta property=\"og:title\" content=\"Black Diamond Z4\" \/>\n<meta property=\"og:description\" content=\"BLACK DIAMOND Z4 - Friends beim Kletter Hardware Profi aus Innsbruck kaufen \u2705 versandkostenfrei* \u2705 14 Tage R\u00fcckgaberecht \u2705 Co2 neutrale Zustellung\" \/>\n<meta property=\"og:url\" content=\"https:\/\/bolting.eu\/en\/shop\/black-diamond-z4\/\" \/>\n<meta property=\"og:site_name\" content=\"bolting.eu\" \/>\n<meta property=\"article:publisher\" content=\"https:\/\/www.facebook.com\/bolting.eu\" \/>\n<meta property=\"article:modified_time\" content=\"2026-03-16T10:02:39+00:00\" \/>\n<meta property=\"og:image\" content=\"https:\/\/bolting.eu\/wp-content\/uploads\/2022\/10\/Black-Diamond-Z4-8.jpg\" \/>\n\t<meta property=\"og:image:width\" content=\"700\" \/>\n\t<meta property=\"og:image:height\" content=\"700\" \/>\n\t<meta property=\"og:image:type\" content=\"image\/jpeg\" \/>\n<meta name=\"twitter:card\" content=\"summary_large_image\" \/>\n<meta name=\"twitter:label1\" content=\"Availability\" \/>\n\t<meta name=\"twitter:data1\" content=\"In stock\" \/>\n<script type=\"application\/ld+json\" class=\"yoast-schema-graph\">{\"@context\":\"https:\/\/schema.org\",\"@graph\":[{\"@type\":[\"WebPage\",\"ItemPage\"],\"@id\":\"https:\/\/bolting.eu\/en\/shop\/black-diamond-z4\/\",\"url\":\"https:\/\/bolting.eu\/en\/shop\/black-diamond-z4\/\",\"name\":\"Black Diamond Z4 - Friends f\u00fcr Trad & Techno Klettern | bolting.eu\",\"isPartOf\":{\"@id\":\"https:\/\/bolting.eu\/en\/#website\"},\"primaryImageOfPage\":{\"@id\":\"https:\/\/bolting.eu\/en\/shop\/black-diamond-z4\/#primaryimage\"},\"image\":{\"@id\":\"https:\/\/bolting.eu\/en\/shop\/black-diamond-z4\/#primaryimage\"},\"thumbnailUrl\":\"https:\/\/bolting.eu\/wp-content\/uploads\/2022\/10\/Black-Diamond-Z4-8.jpg\",\"datePublished\":\"2022-10-13T08:26:51+00:00\",\"dateModified\":\"2026-03-16T10:02:39+00:00\",\"description\":\"BLACK DIAMOND Z4 - Friends beim Kletter Hardware Profi aus Innsbruck kaufen \u2705 versandkostenfrei* \u2705 14 Tage R\u00fcckgaberecht \u2705 Co2 neutrale Zustellung\",\"breadcrumb\":{\"@id\":\"https:\/\/bolting.eu\/en\/shop\/black-diamond-z4\/#breadcrumb\"},\"inLanguage\":\"en-US\",\"potentialAction\":[{\"@type\":\"ReadAction\",\"target\":[\"https:\/\/bolting.eu\/en\/shop\/black-diamond-z4\/\"]}]},{\"@type\":\"ImageObject\",\"inLanguage\":\"en-US\",\"@id\":\"https:\/\/bolting.eu\/en\/shop\/black-diamond-z4\/#primaryimage\",\"url\":\"https:\/\/bolting.eu\/wp-content\/uploads\/2022\/10\/Black-Diamond-Z4-8.jpg\",\"contentUrl\":\"https:\/\/bolting.eu\/wp-content\/uploads\/2022\/10\/Black-Diamond-Z4-8.jpg\",\"width\":700,\"height\":700,\"caption\":\"Das Bild zeigt ein Set Black Diamond Z4 Klemmger\u00e4te nebeneinander aufgelegt. Man sieht die unterschiedlichen Gr\u00f6\u00dfen und Farben.\"},{\"@type\":\"BreadcrumbList\",\"@id\":\"https:\/\/bolting.eu\/en\/shop\/black-diamond-z4\/#breadcrumb\",\"itemListElement\":[{\"@type\":\"ListItem\",\"position\":1,\"name\":\"Shop\",\"item\":\"https:\/\/bolting.eu\/en\/shop\/\"},{\"@type\":\"ListItem\",\"position\":2,\"name\":\"climbing equipment\",\"item\":\"https:\/\/bolting.eu\/en\/produkt-kategorie\/climbing-equipment\/\"},{\"@type\":\"ListItem\",\"position\":3,\"name\":\"Klemmger\u00e4te - Friends\",\"item\":\"https:\/\/bolting.eu\/produkt-kategorie\/kletterausruestung\/klemmgeraete-friends\/\"},{\"@type\":\"ListItem\",\"position\":4,\"name\":\"Black Diamond Z4\"}]},{\"@type\":\"WebSite\",\"@id\":\"https:\/\/bolting.eu\/en\/#website\",\"url\":\"https:\/\/bolting.eu\/en\/\",\"name\":\"bolting.eu\",\"description\":\"we make climbs happen\",\"publisher\":{\"@id\":\"https:\/\/bolting.eu\/en\/#organization\"},\"potentialAction\":[{\"@type\":\"SearchAction\",\"target\":{\"@type\":\"EntryPoint\",\"urlTemplate\":\"https:\/\/bolting.eu\/en\/?s={search_term_string}\"},\"query-input\":{\"@type\":\"PropertyValueSpecification\",\"valueRequired\":true,\"valueName\":\"search_term_string\"}}],\"inLanguage\":\"en-US\"},{\"@type\":[\"Organization\",\"Place\",\"SportingGoodsStore\"],\"@id\":\"https:\/\/bolting.eu\/en\/#organization\",\"name\":\"bolting.eu\",\"url\":\"https:\/\/bolting.eu\/en\/\",\"logo\":{\"@id\":\"https:\/\/bolting.eu\/en\/shop\/black-diamond-z4\/#local-main-organization-logo\"},\"image\":{\"@id\":\"https:\/\/bolting.eu\/en\/shop\/black-diamond-z4\/#local-main-organization-logo\"},\"sameAs\":[\"https:\/\/www.facebook.com\/bolting.eu\",\"https:\/\/www.instagram.com\/bolting.eu\/\"],\"address\":{\"@id\":\"https:\/\/bolting.eu\/en\/shop\/black-diamond-z4\/#local-main-place-address\"},\"geo\":{\"@type\":\"GeoCoordinates\",\"latitude\":\"47.264176340396226\",\"longitude\":\"11.380109057672346\"},\"telephone\":[\"+43 699 19083372\"],\"openingHoursSpecification\":[{\"@type\":\"OpeningHoursSpecification\",\"dayOfWeek\":[\"Monday\",\"Wednesday\",\"Friday\"],\"opens\":\"14:00\",\"closes\":\"18:00\"},{\"@type\":\"OpeningHoursSpecification\",\"dayOfWeek\":[\"Tuesday\",\"Thursday\",\"Saturday\",\"Sunday\"],\"opens\":\"00:00\",\"closes\":\"00:00\"}],\"email\":\"office@bolting.eu\",\"vatID\":\"ATU59999728\",\"priceRange\":\"$$\",\"currenciesAccepted\":\"Euro\"},{\"@type\":\"PostalAddress\",\"@id\":\"https:\/\/bolting.eu\/en\/shop\/black-diamond-z4\/#local-main-place-address\",\"streetAddress\":\"Fischnalerstra\u00dfe 4\",\"addressLocality\":\"Innsbruck\",\"postalCode\":\"6020\",\"addressRegion\":\"Tirol\",\"addressCountry\":\"AT\"},{\"@type\":\"ImageObject\",\"inLanguage\":\"en-US\",\"@id\":\"https:\/\/bolting.eu\/en\/shop\/black-diamond-z4\/#local-main-organization-logo\",\"url\":\"https:\/\/bolting.eu\/wp-content\/uploads\/2019\/09\/bolting-logo.png\",\"contentUrl\":\"https:\/\/bolting.eu\/wp-content\/uploads\/2019\/09\/bolting-logo.png\",\"width\":400,\"height\":211,\"caption\":\"bolting.eu\"}]}<\/script>\n<meta property=\"og:video\" content=\"https:\/\/www.youtube.com\/embed\/OL0t9CuXX48\" \/>\n<meta property=\"og:video:type\" content=\"text\/html\" \/>\n<meta property=\"og:video:duration\" content=\"287\" \/>\n<meta property=\"og:video:width\" content=\"480\" \/>\n<meta property=\"og:video:height\" content=\"270\" \/>\n<meta property=\"ya:ovs:adult\" content=\"false\" \/>\n<meta property=\"ya:ovs:upload_date\" content=\"2022-10-13T08:26:51+00:00\" \/>\n<meta property=\"ya:ovs:allow_embed\" content=\"true\" \/>\n<meta property=\"og:availability\" content=\"instock\" \/>\n<meta property=\"product:availability\" content=\"instock\" \/>\n<meta property=\"product:condition\" content=\"new\" \/>\n<meta name=\"geo.placename\" content=\"Innsbruck\" \/>\n<meta name=\"geo.position\" content=\"47.264176340396226;11.380109057672346\" \/>\n<meta name=\"geo.region\" content=\"Austria\" \/>\n<!-- \/ Yoast SEO Premium plugin. -->","yoast_head_json":{"title":"Black Diamond Z4 - Friends f\u00fcr Trad & Techno Klettern | bolting.eu","description":"BLACK DIAMOND Z4 - Friends beim Kletter Hardware Profi aus Innsbruck kaufen \u2705 versandkostenfrei* \u2705 14 Tage R\u00fcckgaberecht \u2705 Co2 neutrale Zustellung","robots":{"index":"index","follow":"follow","max-snippet":"max-snippet:-1","max-image-preview":"max-image-preview:large","max-video-preview":"max-video-preview:-1"},"canonical":"https:\/\/bolting.eu\/en\/shop\/black-diamond-z4\/","og_locale":"en_US","og_type":"article","og_title":"Black Diamond Z4","og_description":"BLACK DIAMOND Z4 - Friends beim Kletter Hardware Profi aus Innsbruck kaufen \u2705 versandkostenfrei* \u2705 14 Tage R\u00fcckgaberecht \u2705 Co2 neutrale Zustellung","og_url":"https:\/\/bolting.eu\/en\/shop\/black-diamond-z4\/","og_site_name":"bolting.eu","article_publisher":"https:\/\/www.facebook.com\/bolting.eu","article_modified_time":"2026-03-16T10:02:39+00:00","og_image":[{"width":700,"height":700,"url":"https:\/\/bolting.eu\/wp-content\/uploads\/2022\/10\/Black-Diamond-Z4-8.jpg","type":"image\/jpeg"}],"twitter_card":"summary_large_image","twitter_misc":{"Availability":"In stock"},"schema":{"@context":"https:\/\/schema.org","@graph":[{"@type":["WebPage","ItemPage"],"@id":"https:\/\/bolting.eu\/en\/shop\/black-diamond-z4\/","url":"https:\/\/bolting.eu\/en\/shop\/black-diamond-z4\/","name":"Black Diamond Z4 - Friends f\u00fcr Trad & Techno Klettern | bolting.eu","isPartOf":{"@id":"https:\/\/bolting.eu\/en\/#website"},"primaryImageOfPage":{"@id":"https:\/\/bolting.eu\/en\/shop\/black-diamond-z4\/#primaryimage"},"image":{"@id":"https:\/\/bolting.eu\/en\/shop\/black-diamond-z4\/#primaryimage"},"thumbnailUrl":"https:\/\/bolting.eu\/wp-content\/uploads\/2022\/10\/Black-Diamond-Z4-8.jpg","datePublished":"2022-10-13T08:26:51+00:00","dateModified":"2026-03-16T10:02:39+00:00","description":"BLACK DIAMOND Z4 - Friends beim Kletter Hardware Profi aus Innsbruck kaufen \u2705 versandkostenfrei* \u2705 14 Tage R\u00fcckgaberecht \u2705 Co2 neutrale Zustellung","breadcrumb":{"@id":"https:\/\/bolting.eu\/en\/shop\/black-diamond-z4\/#breadcrumb"},"inLanguage":"en-US","potentialAction":[{"@type":"ReadAction","target":["https:\/\/bolting.eu\/en\/shop\/black-diamond-z4\/"]}]},{"@type":"ImageObject","inLanguage":"en-US","@id":"https:\/\/bolting.eu\/en\/shop\/black-diamond-z4\/#primaryimage","url":"https:\/\/bolting.eu\/wp-content\/uploads\/2022\/10\/Black-Diamond-Z4-8.jpg","contentUrl":"https:\/\/bolting.eu\/wp-content\/uploads\/2022\/10\/Black-Diamond-Z4-8.jpg","width":700,"height":700,"caption":"Das Bild zeigt ein Set Black Diamond Z4 Klemmger\u00e4te nebeneinander aufgelegt. Man sieht die unterschiedlichen Gr\u00f6\u00dfen und Farben."},{"@type":"BreadcrumbList","@id":"https:\/\/bolting.eu\/en\/shop\/black-diamond-z4\/#breadcrumb","itemListElement":[{"@type":"ListItem","position":1,"name":"Shop","item":"https:\/\/bolting.eu\/en\/shop\/"},{"@type":"ListItem","position":2,"name":"climbing equipment","item":"https:\/\/bolting.eu\/en\/produkt-kategorie\/climbing-equipment\/"},{"@type":"ListItem","position":3,"name":"Klemmger\u00e4te - Friends","item":"https:\/\/bolting.eu\/produkt-kategorie\/kletterausruestung\/klemmgeraete-friends\/"},{"@type":"ListItem","position":4,"name":"Black Diamond Z4"}]},{"@type":"WebSite","@id":"https:\/\/bolting.eu\/en\/#website","url":"https:\/\/bolting.eu\/en\/","name":"bolting.eu","description":"we make climbs happen","publisher":{"@id":"https:\/\/bolting.eu\/en\/#organization"},"potentialAction":[{"@type":"SearchAction","target":{"@type":"EntryPoint","urlTemplate":"https:\/\/bolting.eu\/en\/?s={search_term_string}"},"query-input":{"@type":"PropertyValueSpecification","valueRequired":true,"valueName":"search_term_string"}}],"inLanguage":"en-US"},{"@type":["Organization","Place","SportingGoodsStore"],"@id":"https:\/\/bolting.eu\/en\/#organization","name":"bolting.eu","url":"https:\/\/bolting.eu\/en\/","logo":{"@id":"https:\/\/bolting.eu\/en\/shop\/black-diamond-z4\/#local-main-organization-logo"},"image":{"@id":"https:\/\/bolting.eu\/en\/shop\/black-diamond-z4\/#local-main-organization-logo"},"sameAs":["https:\/\/www.facebook.com\/bolting.eu","https:\/\/www.instagram.com\/bolting.eu\/"],"address":{"@id":"https:\/\/bolting.eu\/en\/shop\/black-diamond-z4\/#local-main-place-address"},"geo":{"@type":"GeoCoordinates","latitude":"47.264176340396226","longitude":"11.380109057672346"},"telephone":["+43 699 19083372"],"openingHoursSpecification":[{"@type":"OpeningHoursSpecification","dayOfWeek":["Monday","Wednesday","Friday"],"opens":"14:00","closes":"18:00"},{"@type":"OpeningHoursSpecification","dayOfWeek":["Tuesday","Thursday","Saturday","Sunday"],"opens":"00:00","closes":"00:00"}],"email":"office@bolting.eu","vatID":"ATU59999728","priceRange":"$$","currenciesAccepted":"Euro"},{"@type":"PostalAddress","@id":"https:\/\/bolting.eu\/en\/shop\/black-diamond-z4\/#local-main-place-address","streetAddress":"Fischnalerstra\u00dfe 4","addressLocality":"Innsbruck","postalCode":"6020","addressRegion":"Tirol","addressCountry":"AT"},{"@type":"ImageObject","inLanguage":"en-US","@id":"https:\/\/bolting.eu\/en\/shop\/black-diamond-z4\/#local-main-organization-logo","url":"https:\/\/bolting.eu\/wp-content\/uploads\/2019\/09\/bolting-logo.png","contentUrl":"https:\/\/bolting.eu\/wp-content\/uploads\/2019\/09\/bolting-logo.png","width":400,"height":211,"caption":"bolting.eu"}]},"og_video":"https:\/\/www.youtube.com\/embed\/OL0t9CuXX48","og_video_type":"text\/html","og_video_duration":"287","og_video_width":"480","og_video_height":"270","ya_ovs_adult":"false","ya_ovs_upload_date":"2022-10-13T08:26:51+00:00","ya_ovs_allow_embed":"true","og_availability":"instock","product_availability":"instock","product_condition":"new","geo.placename":"Innsbruck","geo.position":{"lat":"47.264176340396226","long":"11.380109057672346"},"geo.region":"Austria"},"_links":{"self":[{"href":"https:\/\/bolting.eu\/en\/wp-json\/wp\/v2\/product\/13482","targetHints":{"allow":["GET"]}}],"collection":[{"href":"https:\/\/bolting.eu\/en\/wp-json\/wp\/v2\/product"}],"about":[{"href":"https:\/\/bolting.eu\/en\/wp-json\/wp\/v2\/types\/product"}],"replies":[{"embeddable":true,"href":"https:\/\/bolting.eu\/en\/wp-json\/wp\/v2\/comments?post=13482"}],"wp:featuredmedia":[{"embeddable":true,"href":"https:\/\/bolting.eu\/en\/wp-json\/wp\/v2\/media\/13490"}],"wp:attachment":[{"href":"https:\/\/bolting.eu\/en\/wp-json\/wp\/v2\/media?parent=13482"}],"wp:term":[{"taxonomy":"product_brand","embeddable":true,"href":"https:\/\/bolting.eu\/en\/wp-json\/wp\/v2\/product_brand?post=13482"},{"taxonomy":"product_cat","embeddable":true,"href":"https:\/\/bolting.eu\/en\/wp-json\/wp\/v2\/product_cat?post=13482"},{"taxonomy":"product_tag","embeddable":true,"href":"https:\/\/bolting.eu\/en\/wp-json\/wp\/v2\/product_tag?post=13482"}],"curies":[{"name":"wp","href":"https:\/\/api.w.org\/{rel}","templated":true}]}}