{"id":13451,"date":"2022-10-12T13:29:51","date_gmt":"2022-10-12T11:29:51","guid":{"rendered":"https:\/\/bolting.eu\/?post_type=product&#038;p=13451"},"modified":"2026-02-25T11:07:41","modified_gmt":"2026-02-25T10:07:41","slug":"black-diamond-camalots","status":"publish","type":"product","link":"https:\/\/bolting.eu\/en\/shop\/black-diamond-camalots\/","title":{"rendered":"Black Diamond Camalots"},"content":{"rendered":"<p>Die Black Diamond Camalots sind die beliebtesten <a href=\"https:\/\/bolting.eu\/produkt-kategorie\/kletterausruestung\/klemmgeraete-friends\/\" target=\"_blank\" rel=\"noopener\">Klemmger\u00e4te &#8211; Friends<\/a> der Welt. Und das aus gutem Grund.<\/p>\n<p>Denn diese Friends gibt es seit gut 25 Jahren am Markt und sie werden st\u00e4ndig weiterentwickelt. D.h. man hat es hier mit einem absolut bew\u00e4hrten System zu tun. Es wurde und wird st\u00e4ndig an die moderner werdenden Anforderungen bzw. Material und Fertigungstechniken angepasst.<\/p>\n<p>2021 wurden die Standard Modelle das letzte Mal \u00fcberarbeitet. Nun sind sie nochmals 10% leichter. Zum einen durch besser ausgefr\u00e4ste Alu Klemmnocken. Und zum anderen durch \u00fcberarbeitete Stege und Schlingen.<\/p>\n<p>Die Geometrie und die verl\u00e4sslichen Doppelachsen sorgen nach wie vor f\u00fcr eine sehr gute Allround Performance und lange Lebensdauer.<\/p>\n<p>Fazit: Diese Cams sind nicht umsonst &#8220;Der&#8221; Standard wenn es um\u00b4s Trad Klettern und Rissklettern geht.<\/p>\n<h2>Eigenschaften Camalots C4<\/h2>\n<ul>\n<li>Hersteller: <a href=\"https:\/\/bolting.eu\/produkt-kategorie\/black-diamond\/\">Black Diamond<\/a><\/li>\n<li>Material: Alu, Polyamid, Kunststoff;<\/li>\n<li>Gr\u00f6\u00dfen: 10 Gr\u00f6\u00dfen<\/li>\n<li>Gewicht: 69,8 Gramm # 0,3 &#8211; 529,9 Gramm #6<\/li>\n<li>Doppelachsendesign f\u00fcr gr\u00f6\u00dftm\u00f6glichen Radius der Klemmsegmente<\/li>\n<li>nochmals 10% leichter<\/li>\n<li>leichtere Alu Klemmnocken<\/li>\n<li>neues Design Mittelsteg<\/li>\n<li>farblich adaptierte bzw. codierte Schlingen<\/li>\n<li>Gr\u00f6\u00dfen #4, #5 und #6 mit Fixierung f\u00fcr platzsparenden Transport der Cams<\/li>\n<li>passende Karabiner (Sets): <a href=\"https:\/\/bolting.eu\/shop\/camp-nano-22-rack-pack\/\">Camp Nano Rack Pack<\/a>, <a href=\"https:\/\/bolting.eu\/shop\/camp-photon-rack-pack\/\">Camp Photon Rack Pack<\/a><\/li>\n<li><a href=\"https:\/\/blackdiamond-web.cdn.prismic.io\/blackdiamond-web\/f1e78696-cfb3-4824-9bff-a0ba977ef4ee_M13747_C_Camalot_C4-ULC4_IS-WEB.pdf\">Bedienungsanleitung<\/a><\/li>\n<\/ul>\n<p>&nbsp;<\/p>\n<table width=\"495\">\n<tbody>\n<tr>\n<td style=\"text-align: center;\" colspan=\"5\" width=\"495\"><span style=\"font-size: 120%;\"><strong>\u00dcbersicht C4\u00b4s<\/strong><\/span><\/td>\n<\/tr>\n<tr>\n<td style=\"text-align: center;\"><strong>Gr\u00f6\u00dfe<\/strong><\/td>\n<td style=\"text-align: center;\"><strong>Farbe<\/strong><\/td>\n<td style=\"text-align: center;\"><strong>Gramm<\/strong><\/td>\n<td style=\"text-align: center;\"><strong>Klemmbereich \/ mm<\/strong><\/td>\n<td style=\"text-align: center;\"><strong>Bruchlast kN<\/strong><\/td>\n<\/tr>\n<tr>\n<td style=\"text-align: center;\"># 0,3<\/td>\n<td style=\"text-align: center;\">blau<\/td>\n<td style=\"text-align: center;\">69,8<\/td>\n<td style=\"text-align: center;\">13,8 &#8211; 23,4<\/td>\n<td style=\"text-align: center;\">8<\/td>\n<\/tr>\n<tr>\n<td style=\"text-align: center;\"># 0,4<\/td>\n<td style=\"text-align: center;\">grau<\/td>\n<td style=\"text-align: center;\">77,5<\/td>\n<td style=\"text-align: center;\">15,5 &#8211; 26,7<\/td>\n<td style=\"text-align: center;\">9<\/td>\n<\/tr>\n<tr>\n<td style=\"text-align: center;\"># 0,5<\/td>\n<td style=\"text-align: center;\">lila<\/td>\n<td style=\"text-align: center;\">93<\/td>\n<td style=\"text-align: center;\">19,6 &#8211; 33,5<\/td>\n<td style=\"text-align: center;\">12<\/td>\n<\/tr>\n<tr>\n<td style=\"text-align: center;\"># 0,75<\/td>\n<td style=\"text-align: center;\">gr\u00fcn<\/td>\n<td style=\"text-align: center;\">107,5<\/td>\n<td style=\"text-align: center;\">23,9 &#8211; 41,2<\/td>\n<td style=\"text-align: center;\">12<\/td>\n<\/tr>\n<tr>\n<td style=\"text-align: center;\">#1<\/td>\n<td style=\"text-align: center;\">rot<\/td>\n<td style=\"text-align: center;\">123,9<\/td>\n<td style=\"text-align: center;\">30,2 &#8211; 52,1<\/td>\n<td style=\"text-align: center;\">12<\/td>\n<\/tr>\n<tr>\n<td style=\"text-align: center;\">#2<\/td>\n<td style=\"text-align: center;\">blau<\/td>\n<td style=\"text-align: center;\">140,3<\/td>\n<td style=\"text-align: center;\">37,2 &#8211; 64,9<\/td>\n<td style=\"text-align: center;\">12<\/td>\n<\/tr>\n<tr>\n<td style=\"text-align: center;\">#3<\/td>\n<td style=\"text-align: center;\">gelb<\/td>\n<td style=\"text-align: center;\">181,1<\/td>\n<td style=\"text-align: center;\">50,7 &#8211; 87,9<\/td>\n<td style=\"text-align: center;\">12<\/td>\n<\/tr>\n<tr>\n<td style=\"text-align: center;\">#4<\/td>\n<td style=\"text-align: center;\">grau<\/td>\n<td style=\"text-align: center;\">257,8<\/td>\n<td style=\"text-align: center;\">66,0 &#8211; 114,7<\/td>\n<td style=\"text-align: center;\">14<\/td>\n<\/tr>\n<tr>\n<td style=\"text-align: center;\">#5<\/td>\n<td style=\"text-align: center;\">lila<\/td>\n<td style=\"text-align: center;\">348,1<\/td>\n<td style=\"text-align: center;\">85,4 &#8211; 148,5<\/td>\n<td style=\"text-align: center;\">14<\/td>\n<\/tr>\n<tr>\n<td style=\"text-align: center;\">#6<\/td>\n<td style=\"text-align: center;\">gr\u00fcn<\/td>\n<td style=\"text-align: center;\">529,9<\/td>\n<td style=\"text-align: center;\">114,1 &#8211; 195,0<\/td>\n<td style=\"text-align: center;\">14<\/td>\n<\/tr>\n<\/tbody>\n<\/table>\n<h3>Produktvideo<\/h3>\n<p>Im Folgenden pr\u00e4sentiert euch Black Diamond seine Camalot Friends in einem Video.<\/p>\n<p><iframe loading=\"lazy\" title=\"The Redesigned Black Diamond Camalot C4\" width=\"1020\" height=\"574\" src=\"https:\/\/www.youtube.com\/embed\/F_fEF_kllO0?feature=oembed\" frameborder=\"0\" allow=\"accelerometer; autoplay; clipboard-write; encrypted-media; gyroscope; picture-in-picture; web-share\" referrerpolicy=\"strict-origin-when-cross-origin\" allowfullscreen><\/iframe><\/p>\n<h3>Welche Gr\u00f6\u00dfen brauche ich?<\/h3>\n<p>Bei den Camalots von Black Diamond taucht oft diese Frage auf: Welche Gr\u00f6\u00dfen soll ich nehmen?<\/p>\n<p>Hier zeigt die Praxis, dass man mit einem doppelten Satz von #0.5 (gr\u00fcn) bis #2 (gelb) sehr gut bedient ist. Wer noch weiter upgraden will, kauft sich am besten mindestens je einen #0.3 (blau), #0.4 (grau) sowie #3 (blau) dazu.<\/p>\n<p>Wer ein noch umfangreicheres Rack haben will, nimmt diese Gr\u00f6\u00dfen doppelt und auch 2 St\u00fcck\u00a0 #4.<\/p>\n<p>Die Gr\u00f6\u00dfe #5 ist etwas f\u00fcr Spezialisten die Big Walls oder entsprechende Techno Routen klettern.<\/p>\n<h3>Wartung Black Diamond Camalots<\/h3>\n<p>Wir empfehlen euch, eure Klemmger\u00e4te regelm\u00e4\u00dfig zu warten.<\/p>\n<p>Zum einen zahlt es sich aus, die Klemmsegmente regelm\u00e4\u00dfig mit lauwarmen Wasser abzusp\u00fclen. Das l\u00f6st die feinen Staub- und Sandpartikel heraus.<\/p>\n<p>Zum anderen solltet ihr alles ordentlich im Schatten trocknen lassen. Danach mit einem <a href=\"https:\/\/bolting.eu\/shop\/kong-kletterausruestung-pflegeoel\/\">Kletterausr\u00fcstung Pflege\u00f6l<\/a> bzw. <a href=\"https:\/\/bolting.eu\/shop\/metolius-cam-lube\/\">Metolius Cam Lube \u00d6l<\/a> sorgf\u00e4ltig schmieren.<\/p>\n","protected":false},"excerpt":{"rendered":"<p>Doppelachsigen Friends mit gro\u00dfem \u00d6ffnungswinkel f\u00fcr jede Felsart.<\/p>\n<p>Jetzt nochmals 10% leichter.<\/p>\n<p>Versandkostenfrei bis 2kg in <img decoding=\"async\" class=\"emoji\" role=\"img\" draggable=\"false\" src=\"https:\/\/s.w.org\/images\/core\/emoji\/14.0.0\/svg\/1f1e6-1f1f9.svg\" alt=\"\ud83c\udde6\ud83c\uddf9\" \/> ab \u20ac 100,- und <img decoding=\"async\" class=\"emoji\" role=\"img\" draggable=\"false\" src=\"https:\/\/s.w.org\/images\/core\/emoji\/14.0.0\/svg\/1f1e9-1f1ea.svg\" alt=\"\ud83c\udde9\ud83c\uddea\" \/> ab \u20ac 200,-!<\/p>\n","protected":false},"featured_media":13464,"comment_status":"closed","ping_status":"closed","template":"","meta":[],"product_brand":[],"product_cat":[29,39,4658],"product_tag":[],"class_list":{"0":"post-13451","1":"product","2":"type-product","3":"status-publish","4":"has-post-thumbnail","6":"product_cat-kletterausruestung","7":"product_cat-klemmgeraete-friends","8":"product_cat-black-diamond","10":"first","11":"instock","12":"sale","13":"taxable","14":"shipping-taxable","15":"purchasable","16":"product-type-variable"},"yoast_head":"<!-- This site is optimized with the Yoast SEO Premium plugin v26.9 (Yoast SEO v26.9) - https:\/\/yoast.com\/product\/yoast-seo-premium-wordpress\/ -->\n<title>Black Diamond Camalots C4 | bolting.eu<\/title>\n<meta name=\"description\" content=\"BLACK DIAMOND CAMALOTS - beim Kletterprofi aus Innsbruck kaufen \u2705 versandkostenfrei* \u2705 14 Tage R\u00fcckgaberecht \u2705 Co2 neutrale Zustellung\" \/>\n<meta name=\"robots\" content=\"index, follow, max-snippet:-1, max-image-preview:large, max-video-preview:-1\" \/>\n<link rel=\"canonical\" href=\"https:\/\/bolting.eu\/en\/shop\/black-diamond-camalots\/\" \/>\n<meta property=\"og:locale\" content=\"en_US\" \/>\n<meta property=\"og:type\" content=\"article\" \/>\n<meta property=\"og:title\" content=\"Black Diamond Camalots\" \/>\n<meta property=\"og:description\" content=\"BLACK DIAMOND CAMALOTS - beim Kletterprofi aus Innsbruck kaufen \u2705 versandkostenfrei* \u2705 14 Tage R\u00fcckgaberecht \u2705 Co2 neutrale Zustellung\" \/>\n<meta property=\"og:url\" content=\"https:\/\/bolting.eu\/en\/shop\/black-diamond-camalots\/\" \/>\n<meta property=\"og:site_name\" content=\"bolting.eu\" \/>\n<meta property=\"article:publisher\" content=\"https:\/\/www.facebook.com\/bolting.eu\" \/>\n<meta property=\"article:modified_time\" content=\"2026-02-25T10:07:41+00:00\" \/>\n<meta property=\"og:image\" content=\"https:\/\/bolting.eu\/wp-content\/uploads\/2022\/10\/Black-Diamond-Camalots-2.jpg\" \/>\n\t<meta property=\"og:image:width\" content=\"700\" \/>\n\t<meta property=\"og:image:height\" content=\"700\" \/>\n\t<meta property=\"og:image:type\" content=\"image\/jpeg\" \/>\n<meta name=\"twitter:card\" content=\"summary_large_image\" \/>\n<meta name=\"twitter:label1\" content=\"Availability\" \/>\n\t<meta name=\"twitter:data1\" content=\"In stock\" \/>\n<script type=\"application\/ld+json\" class=\"yoast-schema-graph\">{\"@context\":\"https:\/\/schema.org\",\"@graph\":[{\"@type\":[\"WebPage\",\"ItemPage\"],\"@id\":\"https:\/\/bolting.eu\/en\/shop\/black-diamond-camalots\/\",\"url\":\"https:\/\/bolting.eu\/en\/shop\/black-diamond-camalots\/\",\"name\":\"Black Diamond Camalots C4 | bolting.eu\",\"isPartOf\":{\"@id\":\"https:\/\/bolting.eu\/en\/#website\"},\"primaryImageOfPage\":{\"@id\":\"https:\/\/bolting.eu\/en\/shop\/black-diamond-camalots\/#primaryimage\"},\"image\":{\"@id\":\"https:\/\/bolting.eu\/en\/shop\/black-diamond-camalots\/#primaryimage\"},\"thumbnailUrl\":\"https:\/\/bolting.eu\/wp-content\/uploads\/2022\/10\/Black-Diamond-Camalots-2.jpg\",\"datePublished\":\"2022-10-12T11:29:51+00:00\",\"dateModified\":\"2026-02-25T10:07:41+00:00\",\"description\":\"BLACK DIAMOND CAMALOTS - beim Kletterprofi aus Innsbruck kaufen \u2705 versandkostenfrei* \u2705 14 Tage R\u00fcckgaberecht \u2705 Co2 neutrale Zustellung\",\"breadcrumb\":{\"@id\":\"https:\/\/bolting.eu\/en\/shop\/black-diamond-camalots\/#breadcrumb\"},\"inLanguage\":\"en-US\",\"potentialAction\":[{\"@type\":\"ReadAction\",\"target\":[\"https:\/\/bolting.eu\/en\/shop\/black-diamond-camalots\/\"]}]},{\"@type\":\"ImageObject\",\"inLanguage\":\"en-US\",\"@id\":\"https:\/\/bolting.eu\/en\/shop\/black-diamond-camalots\/#primaryimage\",\"url\":\"https:\/\/bolting.eu\/wp-content\/uploads\/2022\/10\/Black-Diamond-Camalots-2.jpg\",\"contentUrl\":\"https:\/\/bolting.eu\/wp-content\/uploads\/2022\/10\/Black-Diamond-Camalots-2.jpg\",\"width\":700,\"height\":700,\"caption\":\"Das Bild zeigt einen Satz Black Diamond Camalots von Gr\u00f6\u00dfe 0,3 bis 6 in einem Halbkreis nebeneinander.\"},{\"@type\":\"BreadcrumbList\",\"@id\":\"https:\/\/bolting.eu\/en\/shop\/black-diamond-camalots\/#breadcrumb\",\"itemListElement\":[{\"@type\":\"ListItem\",\"position\":1,\"name\":\"Shop\",\"item\":\"https:\/\/bolting.eu\/en\/shop\/\"},{\"@type\":\"ListItem\",\"position\":2,\"name\":\"climbing equipment\",\"item\":\"https:\/\/bolting.eu\/en\/produkt-kategorie\/climbing-equipment\/\"},{\"@type\":\"ListItem\",\"position\":3,\"name\":\"Klemmger\u00e4te - Friends\",\"item\":\"https:\/\/bolting.eu\/produkt-kategorie\/kletterausruestung\/klemmgeraete-friends\/\"},{\"@type\":\"ListItem\",\"position\":4,\"name\":\"Black Diamond Camalots\"}]},{\"@type\":\"WebSite\",\"@id\":\"https:\/\/bolting.eu\/en\/#website\",\"url\":\"https:\/\/bolting.eu\/en\/\",\"name\":\"bolting.eu\",\"description\":\"we make climbs happen\",\"publisher\":{\"@id\":\"https:\/\/bolting.eu\/en\/#organization\"},\"potentialAction\":[{\"@type\":\"SearchAction\",\"target\":{\"@type\":\"EntryPoint\",\"urlTemplate\":\"https:\/\/bolting.eu\/en\/?s={search_term_string}\"},\"query-input\":{\"@type\":\"PropertyValueSpecification\",\"valueRequired\":true,\"valueName\":\"search_term_string\"}}],\"inLanguage\":\"en-US\"},{\"@type\":[\"Organization\",\"Place\",\"SportingGoodsStore\"],\"@id\":\"https:\/\/bolting.eu\/en\/#organization\",\"name\":\"bolting.eu\",\"url\":\"https:\/\/bolting.eu\/en\/\",\"logo\":{\"@id\":\"https:\/\/bolting.eu\/en\/shop\/black-diamond-camalots\/#local-main-organization-logo\"},\"image\":{\"@id\":\"https:\/\/bolting.eu\/en\/shop\/black-diamond-camalots\/#local-main-organization-logo\"},\"sameAs\":[\"https:\/\/www.facebook.com\/bolting.eu\",\"https:\/\/www.instagram.com\/bolting.eu\/\"],\"address\":{\"@id\":\"https:\/\/bolting.eu\/en\/shop\/black-diamond-camalots\/#local-main-place-address\"},\"geo\":{\"@type\":\"GeoCoordinates\",\"latitude\":\"47.264176340396226\",\"longitude\":\"11.380109057672346\"},\"telephone\":[\"+43 699 19083372\"],\"openingHoursSpecification\":[{\"@type\":\"OpeningHoursSpecification\",\"dayOfWeek\":[\"Monday\",\"Wednesday\",\"Friday\"],\"opens\":\"14:00\",\"closes\":\"18:00\"},{\"@type\":\"OpeningHoursSpecification\",\"dayOfWeek\":[\"Tuesday\",\"Thursday\",\"Saturday\",\"Sunday\"],\"opens\":\"00:00\",\"closes\":\"00:00\"}],\"email\":\"office@bolting.eu\",\"vatID\":\"ATU59999728\",\"priceRange\":\"$$\",\"currenciesAccepted\":\"Euro\"},{\"@type\":\"PostalAddress\",\"@id\":\"https:\/\/bolting.eu\/en\/shop\/black-diamond-camalots\/#local-main-place-address\",\"streetAddress\":\"Fischnalerstra\u00dfe 4\",\"addressLocality\":\"Innsbruck\",\"postalCode\":\"6020\",\"addressRegion\":\"Tirol\",\"addressCountry\":\"AT\"},{\"@type\":\"ImageObject\",\"inLanguage\":\"en-US\",\"@id\":\"https:\/\/bolting.eu\/en\/shop\/black-diamond-camalots\/#local-main-organization-logo\",\"url\":\"https:\/\/bolting.eu\/wp-content\/uploads\/2019\/09\/bolting-logo.png\",\"contentUrl\":\"https:\/\/bolting.eu\/wp-content\/uploads\/2019\/09\/bolting-logo.png\",\"width\":400,\"height\":211,\"caption\":\"bolting.eu\"}]}<\/script>\n<meta property=\"og:video\" content=\"https:\/\/www.youtube.com\/embed\/F_fEF_kllO0\" \/>\n<meta property=\"og:video:type\" content=\"text\/html\" \/>\n<meta property=\"og:video:duration\" content=\"135\" \/>\n<meta property=\"og:video:width\" content=\"480\" \/>\n<meta property=\"og:video:height\" content=\"270\" \/>\n<meta property=\"ya:ovs:adult\" content=\"false\" \/>\n<meta property=\"ya:ovs:upload_date\" content=\"2022-10-12T11:29:51+00:00\" \/>\n<meta property=\"ya:ovs:allow_embed\" content=\"true\" \/>\n<meta property=\"og:availability\" content=\"instock\" \/>\n<meta property=\"product:availability\" content=\"instock\" \/>\n<meta property=\"product:condition\" content=\"new\" \/>\n<meta name=\"geo.placename\" content=\"Innsbruck\" \/>\n<meta name=\"geo.position\" content=\"47.264176340396226;11.380109057672346\" \/>\n<meta name=\"geo.region\" content=\"Austria\" \/>\n<!-- \/ Yoast SEO Premium plugin. -->","yoast_head_json":{"title":"Black Diamond Camalots C4 | bolting.eu","description":"BLACK DIAMOND CAMALOTS - beim Kletterprofi aus Innsbruck kaufen \u2705 versandkostenfrei* \u2705 14 Tage R\u00fcckgaberecht \u2705 Co2 neutrale Zustellung","robots":{"index":"index","follow":"follow","max-snippet":"max-snippet:-1","max-image-preview":"max-image-preview:large","max-video-preview":"max-video-preview:-1"},"canonical":"https:\/\/bolting.eu\/en\/shop\/black-diamond-camalots\/","og_locale":"en_US","og_type":"article","og_title":"Black Diamond Camalots","og_description":"BLACK DIAMOND CAMALOTS - beim Kletterprofi aus Innsbruck kaufen \u2705 versandkostenfrei* \u2705 14 Tage R\u00fcckgaberecht \u2705 Co2 neutrale Zustellung","og_url":"https:\/\/bolting.eu\/en\/shop\/black-diamond-camalots\/","og_site_name":"bolting.eu","article_publisher":"https:\/\/www.facebook.com\/bolting.eu","article_modified_time":"2026-02-25T10:07:41+00:00","og_image":[{"width":700,"height":700,"url":"https:\/\/bolting.eu\/wp-content\/uploads\/2022\/10\/Black-Diamond-Camalots-2.jpg","type":"image\/jpeg"}],"twitter_card":"summary_large_image","twitter_misc":{"Availability":"In stock"},"schema":{"@context":"https:\/\/schema.org","@graph":[{"@type":["WebPage","ItemPage"],"@id":"https:\/\/bolting.eu\/en\/shop\/black-diamond-camalots\/","url":"https:\/\/bolting.eu\/en\/shop\/black-diamond-camalots\/","name":"Black Diamond Camalots C4 | bolting.eu","isPartOf":{"@id":"https:\/\/bolting.eu\/en\/#website"},"primaryImageOfPage":{"@id":"https:\/\/bolting.eu\/en\/shop\/black-diamond-camalots\/#primaryimage"},"image":{"@id":"https:\/\/bolting.eu\/en\/shop\/black-diamond-camalots\/#primaryimage"},"thumbnailUrl":"https:\/\/bolting.eu\/wp-content\/uploads\/2022\/10\/Black-Diamond-Camalots-2.jpg","datePublished":"2022-10-12T11:29:51+00:00","dateModified":"2026-02-25T10:07:41+00:00","description":"BLACK DIAMOND CAMALOTS - beim Kletterprofi aus Innsbruck kaufen \u2705 versandkostenfrei* \u2705 14 Tage R\u00fcckgaberecht \u2705 Co2 neutrale Zustellung","breadcrumb":{"@id":"https:\/\/bolting.eu\/en\/shop\/black-diamond-camalots\/#breadcrumb"},"inLanguage":"en-US","potentialAction":[{"@type":"ReadAction","target":["https:\/\/bolting.eu\/en\/shop\/black-diamond-camalots\/"]}]},{"@type":"ImageObject","inLanguage":"en-US","@id":"https:\/\/bolting.eu\/en\/shop\/black-diamond-camalots\/#primaryimage","url":"https:\/\/bolting.eu\/wp-content\/uploads\/2022\/10\/Black-Diamond-Camalots-2.jpg","contentUrl":"https:\/\/bolting.eu\/wp-content\/uploads\/2022\/10\/Black-Diamond-Camalots-2.jpg","width":700,"height":700,"caption":"Das Bild zeigt einen Satz Black Diamond Camalots von Gr\u00f6\u00dfe 0,3 bis 6 in einem Halbkreis nebeneinander."},{"@type":"BreadcrumbList","@id":"https:\/\/bolting.eu\/en\/shop\/black-diamond-camalots\/#breadcrumb","itemListElement":[{"@type":"ListItem","position":1,"name":"Shop","item":"https:\/\/bolting.eu\/en\/shop\/"},{"@type":"ListItem","position":2,"name":"climbing equipment","item":"https:\/\/bolting.eu\/en\/produkt-kategorie\/climbing-equipment\/"},{"@type":"ListItem","position":3,"name":"Klemmger\u00e4te - Friends","item":"https:\/\/bolting.eu\/produkt-kategorie\/kletterausruestung\/klemmgeraete-friends\/"},{"@type":"ListItem","position":4,"name":"Black Diamond Camalots"}]},{"@type":"WebSite","@id":"https:\/\/bolting.eu\/en\/#website","url":"https:\/\/bolting.eu\/en\/","name":"bolting.eu","description":"we make climbs happen","publisher":{"@id":"https:\/\/bolting.eu\/en\/#organization"},"potentialAction":[{"@type":"SearchAction","target":{"@type":"EntryPoint","urlTemplate":"https:\/\/bolting.eu\/en\/?s={search_term_string}"},"query-input":{"@type":"PropertyValueSpecification","valueRequired":true,"valueName":"search_term_string"}}],"inLanguage":"en-US"},{"@type":["Organization","Place","SportingGoodsStore"],"@id":"https:\/\/bolting.eu\/en\/#organization","name":"bolting.eu","url":"https:\/\/bolting.eu\/en\/","logo":{"@id":"https:\/\/bolting.eu\/en\/shop\/black-diamond-camalots\/#local-main-organization-logo"},"image":{"@id":"https:\/\/bolting.eu\/en\/shop\/black-diamond-camalots\/#local-main-organization-logo"},"sameAs":["https:\/\/www.facebook.com\/bolting.eu","https:\/\/www.instagram.com\/bolting.eu\/"],"address":{"@id":"https:\/\/bolting.eu\/en\/shop\/black-diamond-camalots\/#local-main-place-address"},"geo":{"@type":"GeoCoordinates","latitude":"47.264176340396226","longitude":"11.380109057672346"},"telephone":["+43 699 19083372"],"openingHoursSpecification":[{"@type":"OpeningHoursSpecification","dayOfWeek":["Monday","Wednesday","Friday"],"opens":"14:00","closes":"18:00"},{"@type":"OpeningHoursSpecification","dayOfWeek":["Tuesday","Thursday","Saturday","Sunday"],"opens":"00:00","closes":"00:00"}],"email":"office@bolting.eu","vatID":"ATU59999728","priceRange":"$$","currenciesAccepted":"Euro"},{"@type":"PostalAddress","@id":"https:\/\/bolting.eu\/en\/shop\/black-diamond-camalots\/#local-main-place-address","streetAddress":"Fischnalerstra\u00dfe 4","addressLocality":"Innsbruck","postalCode":"6020","addressRegion":"Tirol","addressCountry":"AT"},{"@type":"ImageObject","inLanguage":"en-US","@id":"https:\/\/bolting.eu\/en\/shop\/black-diamond-camalots\/#local-main-organization-logo","url":"https:\/\/bolting.eu\/wp-content\/uploads\/2019\/09\/bolting-logo.png","contentUrl":"https:\/\/bolting.eu\/wp-content\/uploads\/2019\/09\/bolting-logo.png","width":400,"height":211,"caption":"bolting.eu"}]},"og_video":"https:\/\/www.youtube.com\/embed\/F_fEF_kllO0","og_video_type":"text\/html","og_video_duration":"135","og_video_width":"480","og_video_height":"270","ya_ovs_adult":"false","ya_ovs_upload_date":"2022-10-12T11:29:51+00:00","ya_ovs_allow_embed":"true","og_availability":"instock","product_availability":"instock","product_condition":"new","geo.placename":"Innsbruck","geo.position":{"lat":"47.264176340396226","long":"11.380109057672346"},"geo.region":"Austria"},"_links":{"self":[{"href":"https:\/\/bolting.eu\/en\/wp-json\/wp\/v2\/product\/13451","targetHints":{"allow":["GET"]}}],"collection":[{"href":"https:\/\/bolting.eu\/en\/wp-json\/wp\/v2\/product"}],"about":[{"href":"https:\/\/bolting.eu\/en\/wp-json\/wp\/v2\/types\/product"}],"replies":[{"embeddable":true,"href":"https:\/\/bolting.eu\/en\/wp-json\/wp\/v2\/comments?post=13451"}],"wp:featuredmedia":[{"embeddable":true,"href":"https:\/\/bolting.eu\/en\/wp-json\/wp\/v2\/media\/13464"}],"wp:attachment":[{"href":"https:\/\/bolting.eu\/en\/wp-json\/wp\/v2\/media?parent=13451"}],"wp:term":[{"taxonomy":"product_brand","embeddable":true,"href":"https:\/\/bolting.eu\/en\/wp-json\/wp\/v2\/product_brand?post=13451"},{"taxonomy":"product_cat","embeddable":true,"href":"https:\/\/bolting.eu\/en\/wp-json\/wp\/v2\/product_cat?post=13451"},{"taxonomy":"product_tag","embeddable":true,"href":"https:\/\/bolting.eu\/en\/wp-json\/wp\/v2\/product_tag?post=13451"}],"curies":[{"name":"wp","href":"https:\/\/api.w.org\/{rel}","templated":true}]}}