{"id":13434,"date":"2022-10-12T11:27:41","date_gmt":"2022-10-12T09:27:41","guid":{"rendered":"https:\/\/bolting.eu\/?post_type=product&#038;p=13434"},"modified":"2026-03-09T16:58:02","modified_gmt":"2026-03-09T15:58:02","slug":"blue-ice-aero-lite-eisschraube","status":"publish","type":"product","link":"https:\/\/bolting.eu\/en\/shop\/blue-ice-aero-lite-eisschraube\/","title":{"rendered":"Blue Ice Aero Lite Eisschraube"},"content":{"rendered":"<p>Die Blue Ice Aero Lite <a href=\"https:\/\/bolting.eu\/produkt-kategorie\/bergsteiger-ausruestung\/eisschrauben\/\">Eisschrauben<\/a> sind die leichtesten der Welt! Hier hat BI tolle Arbeit geleistet und durch ein radikales Design eine kleine Revolution geschafft.<\/p>\n<p>Denn so wie z.B. das <a href=\"https:\/\/bolting.eu\/shop\/petzl-ergonomic-eisgeraet\/\">Ergonomic<\/a> vor Jahren den Eisger\u00e4te Markt aufgewirbelt hat, so tut es diese Schraube im Moment in ihrem Produktsegment. Sie ist erh\u00e4ltlich in 5 L\u00e4ngen, 10cm, 13cm, 16cm, 19cm und 22cm.<\/p>\n<p>Erreicht wurde das minimale Gewicht durch eine Reihe von Ma\u00dfnahmen.<\/p>\n<p>Erstens hat dieses Modell eine Edelstahl Spitze mit drei Z\u00e4hnen. D.h. hier hat man bereits mehr Material weg nehmen k\u00f6nnen. \u00dcberdies sorgt das f\u00fcr ein rascheres &#8220;Anbei\u00dfen&#8221; der Schraube.<\/p>\n<p>Zweitens hat man die Dicke des Alu Schaftes radikal reduziert. Ohne dabei nat\u00fcrlich die Stabilit\u00e4t zu gef\u00e4hrden. Alle L\u00e4ngen sind CE &#8211; EN zertifiziert!<\/p>\n<p>Und drittens hat man eine Lasche aus Alu sowie einen ganz leichte und einklappbare Kurbel angebracht.<\/p>\n<p>Fazit: die leichteste Eisschrauben der Welt!<\/p>\n<figure id=\"attachment_13435\" aria-describedby=\"caption-attachment-13435\" style=\"width: 800px\" class=\"wp-caption alignnone\"><a href=\"https:\/\/bolting.eu\/wp-content\/uploads\/2022\/10\/Blue-Ice-Aero-Light-Eisschraube-1.jpg\"><img loading=\"lazy\" decoding=\"async\" class=\"wp-image-13435 size-full\" src=\"https:\/\/bolting.eu\/wp-content\/uploads\/2022\/10\/Blue-Ice-Aero-Light-Eisschraube-1.jpg\" alt=\"Das Bild zeigt einen Eiskletterer in einem gefrorenem Wasserfall beim Eindrehen einer Blue Ice Aero Lite Eisschraube.\" width=\"800\" height=\"534\" srcset=\"https:\/\/bolting.eu\/wp-content\/uploads\/2022\/10\/Blue-Ice-Aero-Light-Eisschraube-1.jpg 800w, https:\/\/bolting.eu\/wp-content\/uploads\/2022\/10\/Blue-Ice-Aero-Light-Eisschraube-1-510x340.jpg 510w, https:\/\/bolting.eu\/wp-content\/uploads\/2022\/10\/Blue-Ice-Aero-Light-Eisschraube-1-599x400.jpg 599w, https:\/\/bolting.eu\/wp-content\/uploads\/2022\/10\/Blue-Ice-Aero-Light-Eisschraube-1-768x513.jpg 768w, https:\/\/bolting.eu\/wp-content\/uploads\/2022\/10\/Blue-Ice-Aero-Light-Eisschraube-1-600x401.jpg 600w\" sizes=\"auto, (max-width: 800px) 100vw, 800px\" \/><\/a><figcaption id=\"caption-attachment-13435\" class=\"wp-caption-text\">Die leichteste Eisschraube der Welt ist etwas f\u00fcr Alpinisten und Eiskletterer, die geringstes Gewicht bei der Ausr\u00fcstung bevorzugen!<\/figcaption><\/figure>\n<h2>Eigenschaften Blue Ice Aero Lite Eisschraube<\/h2>\n<ul>\n<li>Hersteller: Blue Ice<\/li>\n<li>Material: Edelstahl, Alu, Kunststoff<\/li>\n<li>Normen: <a href=\"https:\/\/bolting.eu\/en-568-uiaa-151-eisschrauben-norm\/\">EN 568 &#8211; UIAA 151<\/a><\/li>\n<li>erh\u00e4ltlich in f\u00fcnf L\u00e4ngen: 10cm, 13cm, 16cm, 19cm, 22cm;<\/li>\n<li>3 Z\u00e4hne an der Schaftkrone<\/li>\n<li>19mm Durchmesser Schaft (inkl. Gewinde 22mm)<\/li>\n<li>leichteste Modelle der Welt<\/li>\n<li>Lasche aus Alu<\/li>\n<li>Farbschema f\u00fcr rasches Erkennen der L\u00e4nge<\/li>\n<li>Kurbel aus Kunststoff mit rauer Oberfl\u00e4che f\u00fcr optimalen Halt<\/li>\n<li>l\u00e4sst sich durch 3 Z\u00e4hne effektiv ansetzen<\/li>\n<li>sehr leicht einzudrehen<\/li>\n<li>Schutzkappe im Lieferumfang enthalten<\/li>\n<li>22cm Modell ideal f\u00fcr <a href=\"https:\/\/bolting.eu\/abalakov-eissanduhr\/\">Abalakov Eissanduhr<\/a><\/li>\n<li><a href=\"https:\/\/content.admin.blueice.com\/media\/files\/PPE-Ice-screw-Instructions.pdf\" target=\"_blank\" rel=\"noopener\">Bedienungsanleitung<\/a><\/li>\n<\/ul>\n<table width=\"261\">\n<tbody>\n<tr>\n<td style=\"text-align: center;\" colspan=\"3\" width=\"261\"><span style=\"font-size: 120%;\"><strong>\u00dcbersicht\u00a0<\/strong><\/span><\/td>\n<\/tr>\n<tr>\n<td style=\"text-align: center;\"><strong>L\u00e4nge<\/strong><\/td>\n<td style=\"text-align: center;\"><strong>Farbe<\/strong><\/td>\n<td style=\"text-align: center;\"><strong>\u00a0Gewicht \/ Gramm<\/strong><\/td>\n<\/tr>\n<tr>\n<td style=\"text-align: center;\">10cm<\/td>\n<td style=\"text-align: center;\">rot<\/td>\n<td style=\"text-align: center;\">58<\/td>\n<\/tr>\n<tr>\n<td style=\"text-align: center;\">13cm<\/td>\n<td style=\"text-align: center;\">gold<\/td>\n<td style=\"text-align: center;\">65<\/td>\n<\/tr>\n<tr>\n<td style=\"text-align: center;\">16cm<\/td>\n<td style=\"text-align: center;\">blau<\/td>\n<td style=\"text-align: center;\">72<\/td>\n<\/tr>\n<tr>\n<td style=\"text-align: center;\">19cm<\/td>\n<td style=\"text-align: center;\">grau<\/td>\n<td style=\"text-align: center;\">78<\/td>\n<\/tr>\n<tr>\n<td style=\"text-align: center;\">22cm<\/td>\n<td style=\"text-align: center;\">gr\u00fcn<\/td>\n<td style=\"text-align: center;\">84<\/td>\n<\/tr>\n<\/tbody>\n<\/table>\n<h3>Smarter Durchmesser<\/h3>\n<p>Die Aero Lite Eisschraube von Blue Ice hat mit 19mm Schaft Durchmesser (22mm mit Gewinde) den gr\u00f6\u00dften aller Schrauben am Markt. D.h. man kann sie auch in vorhandene Placements einschrauben.<\/p>\n<p>Tests haben gezeigt, das dies perfekt funktioniert. Wie z.B. bei Routen mit wenigen guten Eispanzern. Hier ist es enorm von Vorteil, wenn ein vorhandenes Loch f\u00fcr das Eindrehen einer neuen Schraube &#8220;wiederverwendet&#8221; werden kann.<\/p>\n<figure id=\"attachment_13436\" aria-describedby=\"caption-attachment-13436\" style=\"width: 800px\" class=\"wp-caption alignnone\"><a href=\"https:\/\/bolting.eu\/wp-content\/uploads\/2022\/10\/Blue-Ice-Aero-Light-Eisschraube-2.jpg\"><img loading=\"lazy\" decoding=\"async\" class=\"wp-image-13436 size-full\" src=\"https:\/\/bolting.eu\/wp-content\/uploads\/2022\/10\/Blue-Ice-Aero-Light-Eisschraube-2.jpg\" alt=\"Das Bild zeigt eine Blue Ice Aero Lite Eisschraube von vorne seitlich. Man erkennt die Z\u00e4hne, Schaft und \u00d6se mit Kurbel.\" width=\"800\" height=\"568\" srcset=\"https:\/\/bolting.eu\/wp-content\/uploads\/2022\/10\/Blue-Ice-Aero-Light-Eisschraube-2.jpg 800w, https:\/\/bolting.eu\/wp-content\/uploads\/2022\/10\/Blue-Ice-Aero-Light-Eisschraube-2-510x362.jpg 510w, https:\/\/bolting.eu\/wp-content\/uploads\/2022\/10\/Blue-Ice-Aero-Light-Eisschraube-2-563x400.jpg 563w, https:\/\/bolting.eu\/wp-content\/uploads\/2022\/10\/Blue-Ice-Aero-Light-Eisschraube-2-768x545.jpg 768w, https:\/\/bolting.eu\/wp-content\/uploads\/2022\/10\/Blue-Ice-Aero-Light-Eisschraube-2-600x426.jpg 600w\" sizes=\"auto, (max-width: 800px) 100vw, 800px\" \/><\/a><figcaption id=\"caption-attachment-13436\" class=\"wp-caption-text\">Der leicht gr\u00f6\u00dfere Durchmesser erm\u00f6glicht die &#8220;Wiederverwendung&#8221; von vorhandenen Placements!<\/figcaption><\/figure>\n<h3>F\u00fcr wen macht diese Schraube Sinn?<\/h3>\n<p>Diese Schraube ist ein Produkt f\u00fcr Gewichts bewusste Eiskletterer und Alpinisten.<\/p>\n<p>D.h. zum einen f\u00fcr Eiskletterer die geringstes Gewicht bei Ihrer Bergsteiger Ausr\u00fcstung sch\u00e4tzen.<\/p>\n<p>Und zum anderen f\u00fcr Alpinisten, f\u00fcr die effizientes Gewicht eine notwendige Grund\u00fcberlegung ist.<\/p>\n<h4><span style=\"font-size: 110%;\"><strong>Aero Lite &#8211; Lebensdauer<\/strong><\/span><\/h4>\n<p>Wenn ihr ein paar einfache Ratschl\u00e4ge beachtet, k\u00f6nnt ihr die Lebensdauer eurer Schrauben deutlich verl\u00e4ngern!<\/p>\n<ul>\n<li>niemals auf dem Fels &#8220;abklopfen&#8221;, um das Eis aus dem Schaft zu bekommen (besser: herausblasen!)<\/li>\n<li>vor dem Lagern immer trocknen<\/li>\n<li>Transport immer mit der Schutzkappe auf den Z\u00e4hnen und in einer <a href=\"https:\/\/bolting.eu\/shop\/eisschraubentasche-petzl-octo\/\">Eisschraubentasche<\/a><\/li>\n<li>umsichtige Auswahl der L\u00e4nge beim Eindrehen verhindert, dass man die Z\u00e4hne am Fels andreht und diese stumpf werden<\/li>\n<li>immer trocken und bei Zimmertemperatur lagern, das gilt \u00fcbrigens auch f\u00fcr eure <a href=\"https:\/\/bolting.eu\/produkt-kategorie\/bergsteiger-ausruestung\/steigeisen\/\">Steigeisen<\/a>!<\/li>\n<\/ul>\n","protected":false},"excerpt":{"rendered":"<p>Die leichtesten Eisschrauben der Welt!<\/p>\n<p>Radikales Design, smarte Materialwahl und innovative Fertigung sind Grundlage dieses Modells. Sie geh\u00f6ren vor allem bei Alpinisten zu den Bestsellern am Markt.<\/p>\n<p>Erh\u00e4ltlich in f\u00fcnf L\u00e4ngen: 10cm, 13cm, 16cm, 19cm und 22cm.<\/p>\n<p>Versandkostenfrei bis 2kg in <img decoding=\"async\" class=\"emoji\" role=\"img\" draggable=\"false\" src=\"https:\/\/s.w.org\/images\/core\/emoji\/14.0.0\/svg\/1f1e6-1f1f9.svg\" alt=\"\ud83c\udde6\ud83c\uddf9\" \/> ab \u20ac 100,- und <img decoding=\"async\" class=\"emoji\" role=\"img\" draggable=\"false\" src=\"https:\/\/s.w.org\/images\/core\/emoji\/14.0.0\/svg\/1f1e9-1f1ea.svg\" alt=\"\ud83c\udde9\ud83c\uddea\" \/> ab \u20ac 200,-!<\/p>\n","protected":false},"featured_media":13439,"comment_status":"closed","ping_status":"closed","template":"","meta":[],"product_brand":[],"product_cat":[13938,14459,14281],"product_tag":[],"class_list":{"0":"post-13434","1":"product","2":"type-product","3":"status-publish","4":"has-post-thumbnail","6":"product_cat-bergsteiger-ausruestung","7":"product_cat-blue-ice","8":"product_cat-eisschrauben","10":"first","11":"instock","12":"sale","13":"taxable","14":"shipping-taxable","15":"purchasable","16":"product-type-variable"},"yoast_head":"<!-- This site is optimized with the Yoast SEO Premium plugin v26.9 (Yoast SEO v26.9) - https:\/\/yoast.com\/product\/yoast-seo-premium-wordpress\/ -->\n<title>Blue Ice Aero Lite Eisschraube - leichteste Modell der Welt | bolting.eu<\/title>\n<meta name=\"description\" content=\"BLUE ICE AERO Lite beim Kletter Hardwareprofi aus Innsbruck kaufen \u2705 versandkostenfrei* \u2705 14 Tage R\u00fcckgaberecht \u2705Co2 neutrale Zustellung\" \/>\n<meta name=\"robots\" content=\"index, follow, max-snippet:-1, max-image-preview:large, max-video-preview:-1\" \/>\n<link rel=\"canonical\" href=\"https:\/\/bolting.eu\/en\/shop\/blue-ice-aero-lite-eisschraube\/\" \/>\n<meta property=\"og:locale\" content=\"en_US\" \/>\n<meta property=\"og:type\" content=\"article\" \/>\n<meta property=\"og:title\" content=\"Blue Ice Aero Lite Eisschraube\" \/>\n<meta property=\"og:description\" content=\"BLUE ICE AERO Lite beim Kletter Hardwareprofi aus Innsbruck kaufen \u2705 versandkostenfrei* \u2705 14 Tage R\u00fcckgaberecht \u2705Co2 neutrale Zustellung\" \/>\n<meta property=\"og:url\" content=\"https:\/\/bolting.eu\/en\/shop\/blue-ice-aero-lite-eisschraube\/\" \/>\n<meta property=\"og:site_name\" content=\"bolting.eu\" \/>\n<meta property=\"article:publisher\" content=\"https:\/\/www.facebook.com\/bolting.eu\" \/>\n<meta property=\"article:modified_time\" content=\"2026-03-09T15:58:02+00:00\" \/>\n<meta property=\"og:image\" content=\"https:\/\/bolting.eu\/wp-content\/uploads\/2022\/10\/Blue-Ice-Aero-Light-Eisschraube-4.jpg\" \/>\n\t<meta property=\"og:image:width\" content=\"700\" \/>\n\t<meta property=\"og:image:height\" content=\"700\" \/>\n\t<meta property=\"og:image:type\" content=\"image\/jpeg\" \/>\n<meta name=\"twitter:card\" content=\"summary_large_image\" \/>\n<meta name=\"twitter:label1\" content=\"Availability\" \/>\n\t<meta name=\"twitter:data1\" content=\"In stock\" \/>\n<script type=\"application\/ld+json\" class=\"yoast-schema-graph\">{\"@context\":\"https:\/\/schema.org\",\"@graph\":[{\"@type\":[\"WebPage\",\"ItemPage\"],\"@id\":\"https:\/\/bolting.eu\/en\/shop\/blue-ice-aero-lite-eisschraube\/\",\"url\":\"https:\/\/bolting.eu\/en\/shop\/blue-ice-aero-lite-eisschraube\/\",\"name\":\"Blue Ice Aero Lite Eisschraube - leichteste Modell der Welt | bolting.eu\",\"isPartOf\":{\"@id\":\"https:\/\/bolting.eu\/en\/#website\"},\"primaryImageOfPage\":{\"@id\":\"https:\/\/bolting.eu\/en\/shop\/blue-ice-aero-lite-eisschraube\/#primaryimage\"},\"image\":{\"@id\":\"https:\/\/bolting.eu\/en\/shop\/blue-ice-aero-lite-eisschraube\/#primaryimage\"},\"thumbnailUrl\":\"https:\/\/bolting.eu\/wp-content\/uploads\/2022\/10\/Blue-Ice-Aero-Light-Eisschraube-4.jpg\",\"datePublished\":\"2022-10-12T09:27:41+00:00\",\"dateModified\":\"2026-03-09T15:58:02+00:00\",\"description\":\"BLUE ICE AERO Lite beim Kletter Hardwareprofi aus Innsbruck kaufen \u2705 versandkostenfrei* \u2705 14 Tage R\u00fcckgaberecht \u2705Co2 neutrale Zustellung\",\"breadcrumb\":{\"@id\":\"https:\/\/bolting.eu\/en\/shop\/blue-ice-aero-lite-eisschraube\/#breadcrumb\"},\"inLanguage\":\"en-US\",\"potentialAction\":[{\"@type\":\"ReadAction\",\"target\":[\"https:\/\/bolting.eu\/en\/shop\/blue-ice-aero-lite-eisschraube\/\"]}]},{\"@type\":\"ImageObject\",\"inLanguage\":\"en-US\",\"@id\":\"https:\/\/bolting.eu\/en\/shop\/blue-ice-aero-lite-eisschraube\/#primaryimage\",\"url\":\"https:\/\/bolting.eu\/wp-content\/uploads\/2022\/10\/Blue-Ice-Aero-Light-Eisschraube-4.jpg\",\"contentUrl\":\"https:\/\/bolting.eu\/wp-content\/uploads\/2022\/10\/Blue-Ice-Aero-Light-Eisschraube-4.jpg\",\"width\":700,\"height\":700,\"caption\":\"Das Bild zeigt f\u00fcnf Blue Ice Aero Lite Eisschrauben im Profil mit unterschiedlichen Farben und L\u00e4ngen.\"},{\"@type\":\"BreadcrumbList\",\"@id\":\"https:\/\/bolting.eu\/en\/shop\/blue-ice-aero-lite-eisschraube\/#breadcrumb\",\"itemListElement\":[{\"@type\":\"ListItem\",\"position\":1,\"name\":\"Shop\",\"item\":\"https:\/\/bolting.eu\/en\/shop\/\"},{\"@type\":\"ListItem\",\"position\":2,\"name\":\"Bergsteiger Ausr\u00fcstung\",\"item\":\"https:\/\/bolting.eu\/produkt-kategorie\/bergsteiger-ausruestung\/\"},{\"@type\":\"ListItem\",\"position\":3,\"name\":\"Eisschrauben\",\"item\":\"https:\/\/bolting.eu\/produkt-kategorie\/bergsteiger-ausruestung\/eisschrauben\/\"},{\"@type\":\"ListItem\",\"position\":4,\"name\":\"Blue Ice Aero Lite Eisschraube\"}]},{\"@type\":\"WebSite\",\"@id\":\"https:\/\/bolting.eu\/en\/#website\",\"url\":\"https:\/\/bolting.eu\/en\/\",\"name\":\"bolting.eu\",\"description\":\"we make climbs happen\",\"publisher\":{\"@id\":\"https:\/\/bolting.eu\/en\/#organization\"},\"potentialAction\":[{\"@type\":\"SearchAction\",\"target\":{\"@type\":\"EntryPoint\",\"urlTemplate\":\"https:\/\/bolting.eu\/en\/?s={search_term_string}\"},\"query-input\":{\"@type\":\"PropertyValueSpecification\",\"valueRequired\":true,\"valueName\":\"search_term_string\"}}],\"inLanguage\":\"en-US\"},{\"@type\":[\"Organization\",\"Place\",\"SportingGoodsStore\"],\"@id\":\"https:\/\/bolting.eu\/en\/#organization\",\"name\":\"bolting.eu\",\"url\":\"https:\/\/bolting.eu\/en\/\",\"logo\":{\"@id\":\"https:\/\/bolting.eu\/en\/shop\/blue-ice-aero-lite-eisschraube\/#local-main-organization-logo\"},\"image\":{\"@id\":\"https:\/\/bolting.eu\/en\/shop\/blue-ice-aero-lite-eisschraube\/#local-main-organization-logo\"},\"sameAs\":[\"https:\/\/www.facebook.com\/bolting.eu\",\"https:\/\/www.instagram.com\/bolting.eu\/\"],\"address\":{\"@id\":\"https:\/\/bolting.eu\/en\/shop\/blue-ice-aero-lite-eisschraube\/#local-main-place-address\"},\"geo\":{\"@type\":\"GeoCoordinates\",\"latitude\":\"47.264176340396226\",\"longitude\":\"11.380109057672346\"},\"telephone\":[\"+43 699 19083372\"],\"openingHoursSpecification\":[{\"@type\":\"OpeningHoursSpecification\",\"dayOfWeek\":[\"Monday\",\"Wednesday\",\"Friday\"],\"opens\":\"14:00\",\"closes\":\"18:00\"},{\"@type\":\"OpeningHoursSpecification\",\"dayOfWeek\":[\"Tuesday\",\"Thursday\",\"Saturday\",\"Sunday\"],\"opens\":\"00:00\",\"closes\":\"00:00\"}],\"email\":\"office@bolting.eu\",\"vatID\":\"ATU59999728\",\"priceRange\":\"$$\",\"currenciesAccepted\":\"Euro\"},{\"@type\":\"PostalAddress\",\"@id\":\"https:\/\/bolting.eu\/en\/shop\/blue-ice-aero-lite-eisschraube\/#local-main-place-address\",\"streetAddress\":\"Fischnalerstra\u00dfe 4\",\"addressLocality\":\"Innsbruck\",\"postalCode\":\"6020\",\"addressRegion\":\"Tirol\",\"addressCountry\":\"AT\"},{\"@type\":\"ImageObject\",\"inLanguage\":\"en-US\",\"@id\":\"https:\/\/bolting.eu\/en\/shop\/blue-ice-aero-lite-eisschraube\/#local-main-organization-logo\",\"url\":\"https:\/\/bolting.eu\/wp-content\/uploads\/2019\/09\/bolting-logo.png\",\"contentUrl\":\"https:\/\/bolting.eu\/wp-content\/uploads\/2019\/09\/bolting-logo.png\",\"width\":400,\"height\":211,\"caption\":\"bolting.eu\"}]}<\/script>\n<meta property=\"og:availability\" content=\"instock\" \/>\n<meta property=\"product:availability\" content=\"instock\" \/>\n<meta property=\"product:condition\" content=\"new\" \/>\n<meta name=\"geo.placename\" content=\"Innsbruck\" \/>\n<meta name=\"geo.position\" content=\"47.264176340396226;11.380109057672346\" \/>\n<meta name=\"geo.region\" content=\"Austria\" \/>\n<!-- \/ Yoast SEO Premium plugin. -->","yoast_head_json":{"title":"Blue Ice Aero Lite Eisschraube - leichteste Modell der Welt | bolting.eu","description":"BLUE ICE AERO Lite beim Kletter Hardwareprofi aus Innsbruck kaufen \u2705 versandkostenfrei* \u2705 14 Tage R\u00fcckgaberecht \u2705Co2 neutrale Zustellung","robots":{"index":"index","follow":"follow","max-snippet":"max-snippet:-1","max-image-preview":"max-image-preview:large","max-video-preview":"max-video-preview:-1"},"canonical":"https:\/\/bolting.eu\/en\/shop\/blue-ice-aero-lite-eisschraube\/","og_locale":"en_US","og_type":"article","og_title":"Blue Ice Aero Lite Eisschraube","og_description":"BLUE ICE AERO Lite beim Kletter Hardwareprofi aus Innsbruck kaufen \u2705 versandkostenfrei* \u2705 14 Tage R\u00fcckgaberecht \u2705Co2 neutrale Zustellung","og_url":"https:\/\/bolting.eu\/en\/shop\/blue-ice-aero-lite-eisschraube\/","og_site_name":"bolting.eu","article_publisher":"https:\/\/www.facebook.com\/bolting.eu","article_modified_time":"2026-03-09T15:58:02+00:00","og_image":[{"width":700,"height":700,"url":"https:\/\/bolting.eu\/wp-content\/uploads\/2022\/10\/Blue-Ice-Aero-Light-Eisschraube-4.jpg","type":"image\/jpeg"}],"twitter_card":"summary_large_image","twitter_misc":{"Availability":"In stock"},"schema":{"@context":"https:\/\/schema.org","@graph":[{"@type":["WebPage","ItemPage"],"@id":"https:\/\/bolting.eu\/en\/shop\/blue-ice-aero-lite-eisschraube\/","url":"https:\/\/bolting.eu\/en\/shop\/blue-ice-aero-lite-eisschraube\/","name":"Blue Ice Aero Lite Eisschraube - leichteste Modell der Welt | bolting.eu","isPartOf":{"@id":"https:\/\/bolting.eu\/en\/#website"},"primaryImageOfPage":{"@id":"https:\/\/bolting.eu\/en\/shop\/blue-ice-aero-lite-eisschraube\/#primaryimage"},"image":{"@id":"https:\/\/bolting.eu\/en\/shop\/blue-ice-aero-lite-eisschraube\/#primaryimage"},"thumbnailUrl":"https:\/\/bolting.eu\/wp-content\/uploads\/2022\/10\/Blue-Ice-Aero-Light-Eisschraube-4.jpg","datePublished":"2022-10-12T09:27:41+00:00","dateModified":"2026-03-09T15:58:02+00:00","description":"BLUE ICE AERO Lite beim Kletter Hardwareprofi aus Innsbruck kaufen \u2705 versandkostenfrei* \u2705 14 Tage R\u00fcckgaberecht \u2705Co2 neutrale Zustellung","breadcrumb":{"@id":"https:\/\/bolting.eu\/en\/shop\/blue-ice-aero-lite-eisschraube\/#breadcrumb"},"inLanguage":"en-US","potentialAction":[{"@type":"ReadAction","target":["https:\/\/bolting.eu\/en\/shop\/blue-ice-aero-lite-eisschraube\/"]}]},{"@type":"ImageObject","inLanguage":"en-US","@id":"https:\/\/bolting.eu\/en\/shop\/blue-ice-aero-lite-eisschraube\/#primaryimage","url":"https:\/\/bolting.eu\/wp-content\/uploads\/2022\/10\/Blue-Ice-Aero-Light-Eisschraube-4.jpg","contentUrl":"https:\/\/bolting.eu\/wp-content\/uploads\/2022\/10\/Blue-Ice-Aero-Light-Eisschraube-4.jpg","width":700,"height":700,"caption":"Das Bild zeigt f\u00fcnf Blue Ice Aero Lite Eisschrauben im Profil mit unterschiedlichen Farben und L\u00e4ngen."},{"@type":"BreadcrumbList","@id":"https:\/\/bolting.eu\/en\/shop\/blue-ice-aero-lite-eisschraube\/#breadcrumb","itemListElement":[{"@type":"ListItem","position":1,"name":"Shop","item":"https:\/\/bolting.eu\/en\/shop\/"},{"@type":"ListItem","position":2,"name":"Bergsteiger Ausr\u00fcstung","item":"https:\/\/bolting.eu\/produkt-kategorie\/bergsteiger-ausruestung\/"},{"@type":"ListItem","position":3,"name":"Eisschrauben","item":"https:\/\/bolting.eu\/produkt-kategorie\/bergsteiger-ausruestung\/eisschrauben\/"},{"@type":"ListItem","position":4,"name":"Blue Ice Aero Lite Eisschraube"}]},{"@type":"WebSite","@id":"https:\/\/bolting.eu\/en\/#website","url":"https:\/\/bolting.eu\/en\/","name":"bolting.eu","description":"we make climbs happen","publisher":{"@id":"https:\/\/bolting.eu\/en\/#organization"},"potentialAction":[{"@type":"SearchAction","target":{"@type":"EntryPoint","urlTemplate":"https:\/\/bolting.eu\/en\/?s={search_term_string}"},"query-input":{"@type":"PropertyValueSpecification","valueRequired":true,"valueName":"search_term_string"}}],"inLanguage":"en-US"},{"@type":["Organization","Place","SportingGoodsStore"],"@id":"https:\/\/bolting.eu\/en\/#organization","name":"bolting.eu","url":"https:\/\/bolting.eu\/en\/","logo":{"@id":"https:\/\/bolting.eu\/en\/shop\/blue-ice-aero-lite-eisschraube\/#local-main-organization-logo"},"image":{"@id":"https:\/\/bolting.eu\/en\/shop\/blue-ice-aero-lite-eisschraube\/#local-main-organization-logo"},"sameAs":["https:\/\/www.facebook.com\/bolting.eu","https:\/\/www.instagram.com\/bolting.eu\/"],"address":{"@id":"https:\/\/bolting.eu\/en\/shop\/blue-ice-aero-lite-eisschraube\/#local-main-place-address"},"geo":{"@type":"GeoCoordinates","latitude":"47.264176340396226","longitude":"11.380109057672346"},"telephone":["+43 699 19083372"],"openingHoursSpecification":[{"@type":"OpeningHoursSpecification","dayOfWeek":["Monday","Wednesday","Friday"],"opens":"14:00","closes":"18:00"},{"@type":"OpeningHoursSpecification","dayOfWeek":["Tuesday","Thursday","Saturday","Sunday"],"opens":"00:00","closes":"00:00"}],"email":"office@bolting.eu","vatID":"ATU59999728","priceRange":"$$","currenciesAccepted":"Euro"},{"@type":"PostalAddress","@id":"https:\/\/bolting.eu\/en\/shop\/blue-ice-aero-lite-eisschraube\/#local-main-place-address","streetAddress":"Fischnalerstra\u00dfe 4","addressLocality":"Innsbruck","postalCode":"6020","addressRegion":"Tirol","addressCountry":"AT"},{"@type":"ImageObject","inLanguage":"en-US","@id":"https:\/\/bolting.eu\/en\/shop\/blue-ice-aero-lite-eisschraube\/#local-main-organization-logo","url":"https:\/\/bolting.eu\/wp-content\/uploads\/2019\/09\/bolting-logo.png","contentUrl":"https:\/\/bolting.eu\/wp-content\/uploads\/2019\/09\/bolting-logo.png","width":400,"height":211,"caption":"bolting.eu"}]},"og_availability":"instock","product_availability":"instock","product_condition":"new","geo.placename":"Innsbruck","geo.position":{"lat":"47.264176340396226","long":"11.380109057672346"},"geo.region":"Austria"},"_links":{"self":[{"href":"https:\/\/bolting.eu\/en\/wp-json\/wp\/v2\/product\/13434","targetHints":{"allow":["GET"]}}],"collection":[{"href":"https:\/\/bolting.eu\/en\/wp-json\/wp\/v2\/product"}],"about":[{"href":"https:\/\/bolting.eu\/en\/wp-json\/wp\/v2\/types\/product"}],"replies":[{"embeddable":true,"href":"https:\/\/bolting.eu\/en\/wp-json\/wp\/v2\/comments?post=13434"}],"wp:featuredmedia":[{"embeddable":true,"href":"https:\/\/bolting.eu\/en\/wp-json\/wp\/v2\/media\/13439"}],"wp:attachment":[{"href":"https:\/\/bolting.eu\/en\/wp-json\/wp\/v2\/media?parent=13434"}],"wp:term":[{"taxonomy":"product_brand","embeddable":true,"href":"https:\/\/bolting.eu\/en\/wp-json\/wp\/v2\/product_brand?post=13434"},{"taxonomy":"product_cat","embeddable":true,"href":"https:\/\/bolting.eu\/en\/wp-json\/wp\/v2\/product_cat?post=13434"},{"taxonomy":"product_tag","embeddable":true,"href":"https:\/\/bolting.eu\/en\/wp-json\/wp\/v2\/product_tag?post=13434"}],"curies":[{"name":"wp","href":"https:\/\/api.w.org\/{rel}","templated":true}]}}